{"id":9226,"date":"2025-06-18T21:17:00","date_gmt":"2025-06-18T13:17:00","guid":{"rendered":"https:\/\/www.hsymachinery.com\/?post_type=product&#038;p=9226"},"modified":"2025-06-28T23:44:40","modified_gmt":"2025-06-28T15:44:40","slug":"surmeli-elektrikli-mala-ptr-h80","status":"publish","type":"product","link":"https:\/\/www.hsymachinery.com\/tr\/product\/surmeli-elektrikli-mala-ptr-h80\/","title":{"rendered":"S\u00fcr\u00fclebilir Elektrikli Mala PTR-H80"},"content":{"rendered":"<h2 data-start=\"128\" data-end=\"164\">S\u00fcr\u00fclebilir Elektrikli Mala PTR-H80<\/h2>\n<h3 data-start=\"165\" data-end=\"284\">Honda Motorlu PTR-H80 Binilebilir Beton Son \u0130\u015flem Makinesi | Orta \u00d6l\u00e7ekli D\u00f6\u015feme Projeleri i\u00e7in Hassas Y\u00fczey P\u00fcr\u00fczs\u00fczle\u015ftirme<\/h3>\n<h3 data-start=\"291\" data-end=\"388\">\u00dcr\u00fcn A\u00e7\u0131klamas\u0131 - Y\u00fcksek Performansl\u0131 Beton Bitirme i\u00e7in Honda Motorlu S\u00fcrmeli Mala<a href=\"https:\/\/www.hsymachinery.com\/tr\/urunler\/elektrikli-mala-uzerinde-surus\/\" target=\"_blank\" rel=\"noopener\"><img fetchpriority=\"high\" decoding=\"async\" class=\"wp-image-9616 alignright\" src=\"https:\/\/www.hsymachinery.com\/wp-content\/uploads\/2025\/06\/Sitting-Type-Power-Trowel-209x300.jpg\" alt=\"\" width=\"454\" height=\"651\" srcset=\"https:\/\/www.hsymachinery.com\/wp-content\/uploads\/2025\/06\/Sitting-Type-Power-Trowel-209x300.jpg 209w, https:\/\/www.hsymachinery.com\/wp-content\/uploads\/2025\/06\/Sitting-Type-Power-Trowel-713x1024.jpg 713w, https:\/\/www.hsymachinery.com\/wp-content\/uploads\/2025\/06\/Sitting-Type-Power-Trowel-768x1103.jpg 768w, https:\/\/www.hsymachinery.com\/wp-content\/uploads\/2025\/06\/Sitting-Type-Power-Trowel-600x862.jpg 600w, https:\/\/www.hsymachinery.com\/wp-content\/uploads\/2025\/06\/Sitting-Type-Power-Trowel.jpg 800w\" sizes=\"(max-width: 454px) 100vw, 454px\" \/><\/a><\/h3>\n<p data-start=\"390\" data-end=\"713\">Bu <strong data-start=\"394\" data-end=\"426\">PTR-H80 S\u00fcr\u00fclebilir Elektrikli Mala<\/strong> Honda benzinli motorun ek g\u00fcvenilirli\u011fi ile profesyonel d\u00fczeyde performans sunar. Orta b\u00fcy\u00fckl\u00fckteki beton plakalar i\u00e7in tasarlanan bu makine, end\u00fcstriyel ve ticari zemin kaplama uygulamalar\u0131 i\u00e7in g\u00fc\u00e7l\u00fc \u00e7al\u0131\u015fma, sorunsuz kullan\u0131m ve m\u00fckemmel son i\u015flem sonu\u00e7lar\u0131 sunar.<\/p>\n<p data-start=\"715\" data-end=\"1097\">80 cm'lik \u00e7ift diskli perdahlama \u00e7ap\u0131 ile PTR-H80, kaliteden \u00f6d\u00fcn vermeden daha h\u0131zl\u0131 kaplama sa\u011flar ve i\u015f s\u00fcresini k\u0131salt\u0131r. Binilebilir tasar\u0131m, operat\u00f6re oturarak \u00e7al\u0131\u015fma pozisyonu sa\u011flayarak uzun \u00e7al\u0131\u015fma s\u00fcreleri boyunca konforu ve kontrol\u00fc art\u0131r\u0131r. Honda'n\u0131n dengeli ve yak\u0131t tasarruflu motoru sayesinde makine s\u00fcrekli kullan\u0131mda bile g\u00fcvenilir bir performans sergiler.<\/p>\n<p data-start=\"1099\" data-end=\"1388\">Ayr\u0131ca bu mala, operat\u00f6rlerin y\u00fczd\u00fcrme ve cilalama aras\u0131nda kolayca ge\u00e7i\u015f yapmas\u0131n\u0131 sa\u011flayan hassas bir b\u0131\u00e7ak aral\u0131\u011f\u0131 ayarlama sistemi i\u00e7erir. G\u00fc\u00e7lendirilmi\u015f \u00e7elik \u00e7er\u00e7eve, sa\u011flam di\u015fli kutusu ve duyarl\u0131 direksiyon sistemi, uzun s\u00fcreli dayan\u0131kl\u0131l\u0131k ve sorunsuz manevra sa\u011flar.<\/p>\n<p data-start=\"1390\" data-end=\"1607\">Depolarda, bodrumlarda, ticari zeminlerde ve d\u0131\u015f mekan d\u00f6\u015femelerinde kullan\u0131m i\u00e7in ideal olan PTR-H80, tek bir kompakt \u00e7\u00f6z\u00fcmde g\u00fc\u00e7, tutarl\u0131l\u0131k ve g\u00fcvenilir motor performans\u0131 isteyen y\u00fckleniciler i\u00e7in \u00fcretilmi\u015ftir.<\/p>\n<h3 data-start=\"1614\" data-end=\"1665\">PTR-H80 S\u00fcr\u00fclebilir Elektrikli Malan\u0131n Temel \u00d6zellikleri<\/h3>\n<ul data-start=\"1667\" data-end=\"2042\">\n<li data-start=\"1667\" data-end=\"1733\">\n<p data-start=\"1669\" data-end=\"1733\">Honda benzinli motor sorunsuz ve yak\u0131t tasarruflu g\u00fc\u00e7 sa\u011flar<\/p>\n<\/li>\n<li data-start=\"1734\" data-end=\"1799\">\n<p data-start=\"1736\" data-end=\"1799\">80 cm \u00e7ift diskli sistem h\u0131zl\u0131 ve e\u015fit d\u00f6\u015feme finisaj\u0131 sa\u011flar<\/p>\n<\/li>\n<li data-start=\"1800\" data-end=\"1867\">\n<p data-start=\"1802\" data-end=\"1867\">S\u00fcr\u00fc\u015f kontrol d\u00fczeni operat\u00f6r konforunu ve g\u00f6r\u00fcn\u00fcrl\u00fc\u011f\u00fcn\u00fc art\u0131r\u0131r<\/p>\n<\/li>\n<li data-start=\"1868\" data-end=\"1923\">\n<p data-start=\"1870\" data-end=\"1923\">B\u0131\u00e7ak hatvesi, y\u00fczd\u00fcrme veya fini\u015f i\u015fleri i\u00e7in kolayca ayarlan\u0131r<\/p>\n<\/li>\n<li data-start=\"1924\" data-end=\"1986\">\n<p data-start=\"1926\" data-end=\"1986\">Daha fazla dayan\u0131kl\u0131l\u0131k i\u00e7in sa\u011flam \u00e7elik yap\u0131 ve di\u015fli kutusu<\/p>\n<\/li>\n<li data-start=\"1987\" data-end=\"2042\">\n<p data-start=\"1989\" data-end=\"2042\">Orta \u00f6l\u00e7ekli d\u00f6\u015feme in\u015faat\u0131 projeleri i\u00e7in m\u00fckemmel<\/p>\n<\/li>\n<\/ul>\n<h3 data-start=\"2049\" data-end=\"2136\">Uygulamalar - Depolar, Park Alanlar\u0131 ve Orta \u00d6l\u00e7ekli Ticari Zeminler i\u00e7in Harika<\/h3>\n<p data-start=\"2138\" data-end=\"2341\">PTR-H80, boyut ve g\u00fc\u00e7 dengesinin gerekli oldu\u011fu lojistik merkezleri, ticari garajlar ve i\u00e7 mekan projelerindeki orta beton plakalar\u0131 bitiren profesyoneller i\u00e7in en uygunudur.<\/p>","protected":false},"excerpt":{"rendered":"<p>Honda motorlu PTR-H80 binilebilir perdah makinesi, orta \u00f6l\u00e7ekli plakalarda p\u00fcr\u00fczs\u00fcz ve tutarl\u0131 beton perdahlama sa\u011flar. \u015eantiye kullan\u0131m\u0131 i\u00e7in konforlu \u00e7al\u0131\u015fma ve y\u00fcksek dayan\u0131kl\u0131l\u0131k.<\/p>","protected":false},"featured_media":9227,"template":"","meta":{"_kad_post_transparent":"default","_kad_post_title":"","_kad_post_layout":"default","_kad_post_sidebar_id":"","_kad_post_content_style":"default","_kad_post_vertical_padding":"default","_kad_post_feature":"","_kad_post_feature_position":"","_kad_post_header":false,"_kad_post_footer":false},"product_brand":[],"product_cat":[58],"product_tag":[1093,1094,1098,1091,1096,1092,1097,1099,1095,1100],"class_list":{"0":"post-9226","1":"product","2":"type-product","3":"status-publish","4":"has-post-thumbnail","6":"product_cat-ride-on-power-trowel","7":"product_tag-concrete-ride-on-trowel","8":"product_tag-concrete-ride-on-trowel-machine","9":"product_tag-concrete-surface-finishing-trowel","10":"product_tag-double-disc-ride-on-power-trowel","11":"product_tag-double-rotor-power-trowel","12":"product_tag-gasoline-ride-on-power-trowel","13":"product_tag-heavy-duty-ride-on-trowel","14":"product_tag-hydraulic-ride-on-trowel","15":"product_tag-ride-on-concrete-finishing-machine","16":"product_tag-ride-on-floor-trowel","18":"first","19":"instock","20":"shipping-taxable","21":"product-type-simple","22":"entry","23":"content-bg","24":"loop-entry"},"yoast_head":"<!-- This site is optimized with the Yoast SEO plugin v25.3.1 - https:\/\/yoast.com\/wordpress\/plugins\/seo\/ -->\n<title>Ride-On Power Trowel PTR-H80 - HSY Construction Machinery<\/title>\n<meta name=\"description\" content=\"PTR-H80 ride-on concrete trowel with Honda engine ensures efficient slab finishing with smooth handling and fuel economy. Ideal for medium-sized industrial projects.Ride-On Power Trowel PTR-H80\" \/>\n<meta name=\"robots\" content=\"index, follow, max-snippet:-1, max-image-preview:large, max-video-preview:-1\" \/>\n<link rel=\"canonical\" href=\"https:\/\/www.hsymachinery.com\/tr\/product\/surmeli-elektrikli-mala-ptr-h80\/\" \/>\n<meta property=\"og:locale\" content=\"tr_TR\" \/>\n<meta property=\"og:type\" content=\"article\" \/>\n<meta property=\"og:title\" content=\"Ride-On Power Trowel PTR-H80 - HSY Construction Machinery\" \/>\n<meta property=\"og:description\" content=\"PTR-H80 ride-on concrete trowel with Honda engine ensures efficient slab finishing with smooth handling and fuel economy. Ideal for medium-sized industrial projects.Ride-On Power Trowel PTR-H80\" \/>\n<meta property=\"og:url\" content=\"https:\/\/www.hsymachinery.com\/tr\/product\/surmeli-elektrikli-mala-ptr-h80\/\" \/>\n<meta property=\"og:site_name\" content=\"HSY Construction Machinery\" \/>\n<meta property=\"article:modified_time\" content=\"2025-06-28T15:44:40+00:00\" \/>\n<meta property=\"og:image\" content=\"https:\/\/www.hsymachinery.com\/wp-content\/uploads\/2025\/06\/Ride-On-Power-Trowel-PTR-H80.jpg\" \/>\n\t<meta property=\"og:image:width\" content=\"800\" \/>\n\t<meta property=\"og:image:height\" content=\"800\" \/>\n\t<meta property=\"og:image:type\" content=\"image\/jpeg\" \/>\n<meta name=\"twitter:card\" content=\"summary_large_image\" \/>\n<meta name=\"twitter:label1\" content=\"Tahmini okuma s\u00fcresi\" \/>\n\t<meta name=\"twitter:data1\" content=\"2 dakika\" \/>\n<script type=\"application\/ld+json\" class=\"yoast-schema-graph\">{\"@context\":\"https:\/\/schema.org\",\"@graph\":[{\"@type\":\"WebPage\",\"@id\":\"https:\/\/www.hsymachinery.com\/product\/ride-on-power-trowel-ptr-h80\/\",\"url\":\"https:\/\/www.hsymachinery.com\/product\/ride-on-power-trowel-ptr-h80\/\",\"name\":\"Ride-On Power Trowel PTR-H80 - HSY Construction Machinery\",\"isPartOf\":{\"@id\":\"https:\/\/www.hsymachinery.com\/#website\"},\"primaryImageOfPage\":{\"@id\":\"https:\/\/www.hsymachinery.com\/product\/ride-on-power-trowel-ptr-h80\/#primaryimage\"},\"image\":{\"@id\":\"https:\/\/www.hsymachinery.com\/product\/ride-on-power-trowel-ptr-h80\/#primaryimage\"},\"thumbnailUrl\":\"https:\/\/www.hsymachinery.com\/wp-content\/uploads\/2025\/06\/Ride-On-Power-Trowel-PTR-H80.jpg\",\"datePublished\":\"2025-06-18T13:17:00+00:00\",\"dateModified\":\"2025-06-28T15:44:40+00:00\",\"description\":\"PTR-H80 ride-on concrete trowel with Honda engine ensures efficient slab finishing with smooth handling and fuel economy. Ideal for medium-sized industrial projects.Ride-On Power Trowel PTR-H80\",\"breadcrumb\":{\"@id\":\"https:\/\/www.hsymachinery.com\/product\/ride-on-power-trowel-ptr-h80\/#breadcrumb\"},\"inLanguage\":\"tr\",\"potentialAction\":[{\"@type\":\"ReadAction\",\"target\":[\"https:\/\/www.hsymachinery.com\/product\/ride-on-power-trowel-ptr-h80\/\"]}]},{\"@type\":\"ImageObject\",\"inLanguage\":\"tr\",\"@id\":\"https:\/\/www.hsymachinery.com\/product\/ride-on-power-trowel-ptr-h80\/#primaryimage\",\"url\":\"https:\/\/www.hsymachinery.com\/wp-content\/uploads\/2025\/06\/Ride-On-Power-Trowel-PTR-H80.jpg\",\"contentUrl\":\"https:\/\/www.hsymachinery.com\/wp-content\/uploads\/2025\/06\/Ride-On-Power-Trowel-PTR-H80.jpg\",\"width\":800,\"height\":800},{\"@type\":\"BreadcrumbList\",\"@id\":\"https:\/\/www.hsymachinery.com\/product\/ride-on-power-trowel-ptr-h80\/#breadcrumb\",\"itemListElement\":[{\"@type\":\"ListItem\",\"position\":1,\"name\":\"home\",\"item\":\"https:\/\/www.hsymachinery.com\/\"},{\"@type\":\"ListItem\",\"position\":2,\"name\":\"products\",\"item\":\"https:\/\/www.hsymachinery.com\/products\/\"},{\"@type\":\"ListItem\",\"position\":3,\"name\":\"Ride-On Power Trowel PTR-H80\"}]},{\"@type\":\"WebSite\",\"@id\":\"https:\/\/www.hsymachinery.com\/#website\",\"url\":\"https:\/\/www.hsymachinery.com\/\",\"name\":\"HSY Construction Machinery\",\"description\":\"HSY Machinery \u2013 A leading China construction machinery supplier, offering a wide range of light construction equipment. Our main products include Rebar Cutting Machine, Rebar Bending Machine, Rebar Stirrup Bending Machine, Rebar Arc Bending Machine, Rebar Straightening Machine, Five-Head Rebar Stirrup Bending Machine, Tamping Rammer, Plate Compactor, Concrete Cutter, Power Trowel, and other construction machinery. We are equipped with advanced CNC machines, and we enforce strict quality inspection standards along with comprehensive after-sales service. If you are interested in our products or services, we warmly welcome your inquiries via message.\",\"publisher\":{\"@id\":\"https:\/\/www.hsymachinery.com\/#organization\"},\"potentialAction\":[{\"@type\":\"SearchAction\",\"target\":{\"@type\":\"EntryPoint\",\"urlTemplate\":\"https:\/\/www.hsymachinery.com\/?s={search_term_string}\"},\"query-input\":{\"@type\":\"PropertyValueSpecification\",\"valueRequired\":true,\"valueName\":\"search_term_string\"}}],\"inLanguage\":\"tr\"},{\"@type\":\"Organization\",\"@id\":\"https:\/\/www.hsymachinery.com\/#organization\",\"name\":\"HSY Construction Machinery\",\"url\":\"https:\/\/www.hsymachinery.com\/\",\"logo\":{\"@type\":\"ImageObject\",\"inLanguage\":\"tr\",\"@id\":\"https:\/\/www.hsymachinery.com\/#\/schema\/logo\/image\/\",\"url\":\"https:\/\/www.hsymachinery.com\/wp-content\/uploads\/2025\/06\/cropped-HSY-machinery.png\",\"contentUrl\":\"https:\/\/www.hsymachinery.com\/wp-content\/uploads\/2025\/06\/cropped-HSY-machinery.png\",\"width\":600,\"height\":240,\"caption\":\"HSY Construction Machinery\"},\"image\":{\"@id\":\"https:\/\/www.hsymachinery.com\/#\/schema\/logo\/image\/\"}}]}<\/script>\n<!-- \/ Yoast SEO plugin. -->","yoast_head_json":{"title":"S\u00fcr\u00fclebilir Elektrikli Mala PTR-H80 - HSY \u0130n\u015faat Makinalar\u0131","description":"Honda motorlu PTR-H80 binilebilir beton malas\u0131, sorunsuz kullan\u0131m ve yak\u0131t ekonomisi ile verimli d\u00f6\u015feme finisaj\u0131 sa\u011flar. Orta \u00f6l\u00e7ekli end\u00fcstriyel projeler i\u00e7in idealdir.PTR-H80 S\u00fcr\u00fclebilir Perdah Makinesi","robots":{"index":"index","follow":"follow","max-snippet":"max-snippet:-1","max-image-preview":"max-image-preview:large","max-video-preview":"max-video-preview:-1"},"canonical":"https:\/\/www.hsymachinery.com\/tr\/product\/surmeli-elektrikli-mala-ptr-h80\/","og_locale":"tr_TR","og_type":"article","og_title":"Ride-On Power Trowel PTR-H80 - HSY Construction Machinery","og_description":"PTR-H80 ride-on concrete trowel with Honda engine ensures efficient slab finishing with smooth handling and fuel economy. Ideal for medium-sized industrial projects.Ride-On Power Trowel PTR-H80","og_url":"https:\/\/www.hsymachinery.com\/tr\/product\/surmeli-elektrikli-mala-ptr-h80\/","og_site_name":"HSY Construction Machinery","article_modified_time":"2025-06-28T15:44:40+00:00","og_image":[{"width":800,"height":800,"url":"https:\/\/www.hsymachinery.com\/wp-content\/uploads\/2025\/06\/Ride-On-Power-Trowel-PTR-H80.jpg","type":"image\/jpeg"}],"twitter_card":"summary_large_image","twitter_misc":{"Tahmini okuma s\u00fcresi":"2 dakika"},"schema":{"@context":"https:\/\/schema.org","@graph":[{"@type":"WebPage","@id":"https:\/\/www.hsymachinery.com\/product\/ride-on-power-trowel-ptr-h80\/","url":"https:\/\/www.hsymachinery.com\/product\/ride-on-power-trowel-ptr-h80\/","name":"S\u00fcr\u00fclebilir Elektrikli Mala PTR-H80 - HSY \u0130n\u015faat Makinalar\u0131","isPartOf":{"@id":"https:\/\/www.hsymachinery.com\/#website"},"primaryImageOfPage":{"@id":"https:\/\/www.hsymachinery.com\/product\/ride-on-power-trowel-ptr-h80\/#primaryimage"},"image":{"@id":"https:\/\/www.hsymachinery.com\/product\/ride-on-power-trowel-ptr-h80\/#primaryimage"},"thumbnailUrl":"https:\/\/www.hsymachinery.com\/wp-content\/uploads\/2025\/06\/Ride-On-Power-Trowel-PTR-H80.jpg","datePublished":"2025-06-18T13:17:00+00:00","dateModified":"2025-06-28T15:44:40+00:00","description":"Honda motorlu PTR-H80 binilebilir beton malas\u0131, sorunsuz kullan\u0131m ve yak\u0131t ekonomisi ile verimli d\u00f6\u015feme finisaj\u0131 sa\u011flar. Orta \u00f6l\u00e7ekli end\u00fcstriyel projeler i\u00e7in idealdir.PTR-H80 S\u00fcr\u00fclebilir Perdah Makinesi","breadcrumb":{"@id":"https:\/\/www.hsymachinery.com\/product\/ride-on-power-trowel-ptr-h80\/#breadcrumb"},"inLanguage":"tr","potentialAction":[{"@type":"ReadAction","target":["https:\/\/www.hsymachinery.com\/product\/ride-on-power-trowel-ptr-h80\/"]}]},{"@type":"ImageObject","inLanguage":"tr","@id":"https:\/\/www.hsymachinery.com\/product\/ride-on-power-trowel-ptr-h80\/#primaryimage","url":"https:\/\/www.hsymachinery.com\/wp-content\/uploads\/2025\/06\/Ride-On-Power-Trowel-PTR-H80.jpg","contentUrl":"https:\/\/www.hsymachinery.com\/wp-content\/uploads\/2025\/06\/Ride-On-Power-Trowel-PTR-H80.jpg","width":800,"height":800},{"@type":"BreadcrumbList","@id":"https:\/\/www.hsymachinery.com\/product\/ride-on-power-trowel-ptr-h80\/#breadcrumb","itemListElement":[{"@type":"ListItem","position":1,"name":"home","item":"https:\/\/www.hsymachinery.com\/"},{"@type":"ListItem","position":2,"name":"products","item":"https:\/\/www.hsymachinery.com\/products\/"},{"@type":"ListItem","position":3,"name":"Ride-On Power Trowel PTR-H80"}]},{"@type":"WebSite","@id":"https:\/\/www.hsymachinery.com\/#website","url":"https:\/\/www.hsymachinery.com\/","name":"HSY \u0130n\u015faat Makineleri","description":"HSY Machinery - \u00c7ok \u00e7e\u015fitli hafif in\u015faat ekipmanlar\u0131 sunan lider bir \u00c7in in\u015faat makineleri tedarik\u00e7isi. Ba\u015fl\u0131ca \u00fcr\u00fcnlerimiz aras\u0131nda Demir Kesme Makinesi, Demir B\u00fckme Makinesi, Demir \u00dczengi B\u00fckme Makinesi, Demir Ark B\u00fckme Makinesi, Demir Do\u011frultma Makinesi, Be\u015f Kafal\u0131 Demir \u00dczengi B\u00fckme Makinesi, S\u0131k\u0131\u015ft\u0131rma Tokma\u011f\u0131, Plaka Kompakt\u00f6r\u00fc, Beton Kesici, Elektrikli Mala ve di\u011fer in\u015faat makineleri bulunmaktad\u0131r. Geli\u015fmi\u015f CNC makineleri ile donat\u0131lm\u0131\u015ft\u0131r ve kapsaml\u0131 sat\u0131\u015f sonras\u0131 hizmet ile birlikte s\u0131k\u0131 kalite kontrol standartlar\u0131n\u0131 uyguluyoruz. \u00dcr\u00fcnlerimiz veya hizmetlerimizle ilgileniyorsan\u0131z, sorular\u0131n\u0131z\u0131 mesaj yoluyla s\u0131cak bir \u015fekilde kar\u015f\u0131l\u0131yoruz.","publisher":{"@id":"https:\/\/www.hsymachinery.com\/#organization"},"potentialAction":[{"@type":"SearchAction","target":{"@type":"EntryPoint","urlTemplate":"https:\/\/www.hsymachinery.com\/?s={search_term_string}"},"query-input":{"@type":"PropertyValueSpecification","valueRequired":true,"valueName":"search_term_string"}}],"inLanguage":"tr"},{"@type":"Organization","@id":"https:\/\/www.hsymachinery.com\/#organization","name":"HSY \u0130n\u015faat Makineleri","url":"https:\/\/www.hsymachinery.com\/","logo":{"@type":"ImageObject","inLanguage":"tr","@id":"https:\/\/www.hsymachinery.com\/#\/schema\/logo\/image\/","url":"https:\/\/www.hsymachinery.com\/wp-content\/uploads\/2025\/06\/cropped-HSY-machinery.png","contentUrl":"https:\/\/www.hsymachinery.com\/wp-content\/uploads\/2025\/06\/cropped-HSY-machinery.png","width":600,"height":240,"caption":"HSY Construction Machinery"},"image":{"@id":"https:\/\/www.hsymachinery.com\/#\/schema\/logo\/image\/"}}]}},"_links":{"self":[{"href":"https:\/\/www.hsymachinery.com\/tr\/wp-json\/wp\/v2\/product\/9226","targetHints":{"allow":["GET"]}}],"collection":[{"href":"https:\/\/www.hsymachinery.com\/tr\/wp-json\/wp\/v2\/product"}],"about":[{"href":"https:\/\/www.hsymachinery.com\/tr\/wp-json\/wp\/v2\/types\/product"}],"version-history":[{"count":3,"href":"https:\/\/www.hsymachinery.com\/tr\/wp-json\/wp\/v2\/product\/9226\/revisions"}],"predecessor-version":[{"id":9620,"href":"https:\/\/www.hsymachinery.com\/tr\/wp-json\/wp\/v2\/product\/9226\/revisions\/9620"}],"wp:featuredmedia":[{"embeddable":true,"href":"https:\/\/www.hsymachinery.com\/tr\/wp-json\/wp\/v2\/media\/9227"}],"wp:attachment":[{"href":"https:\/\/www.hsymachinery.com\/tr\/wp-json\/wp\/v2\/media?parent=9226"}],"wp:term":[{"taxonomy":"product_brand","embeddable":true,"href":"https:\/\/www.hsymachinery.com\/tr\/wp-json\/wp\/v2\/product_brand?post=9226"},{"taxonomy":"product_cat","embeddable":true,"href":"https:\/\/www.hsymachinery.com\/tr\/wp-json\/wp\/v2\/product_cat?post=9226"},{"taxonomy":"product_tag","embeddable":true,"href":"https:\/\/www.hsymachinery.com\/tr\/wp-json\/wp\/v2\/product_tag?post=9226"}],"curies":[{"name":"wp","href":"https:\/\/api.w.org\/{rel}","templated":true}]}}