{"id":9217,"date":"2025-06-18T20:40:26","date_gmt":"2025-06-18T12:40:26","guid":{"rendered":"https:\/\/www.hsymachinery.com\/?post_type=product&#038;p=9217"},"modified":"2025-06-28T23:21:44","modified_gmt":"2025-06-28T15:21:44","slug":"arkada-yuruyen-elektrikli-mala-pth-c100b","status":"publish","type":"product","link":"https:\/\/www.hsymachinery.com\/tr\/product\/arkada-yuruyen-elektrikli-mala-pth-c100b\/","title":{"rendered":"Arkadan \u00c7ekmeli Elektrikli Mala PTH-C100B"},"content":{"rendered":"<h2 data-start=\"141\" data-end=\"183\">Arkadan \u00c7ekmeli Elektrikli Mala PTH-C100B<\/h2>\n<h3 data-start=\"184\" data-end=\"278\">PTH-C100B Dizel Beton Malas\u0131 | B\u00fcy\u00fck D\u00f6\u015femelerde Dayan\u0131kl\u0131 Son \u0130\u015flem i\u00e7in Y\u00fcksek Torklu Motor<\/h3>\n<h3 data-start=\"285\" data-end=\"398\">\u00dcr\u00fcn A\u00e7\u0131klamas\u0131 - Ticari Beton Zeminlerde Uzun S\u00fcreli Son \u0130\u015flem i\u00e7in Dizel Tahrikli Elektrikli Mala<a href=\"https:\/\/www.hsymachinery.com\/tr\/urunler\/elektrikli-mala-arkasinda-yurume\/\" target=\"_blank\" rel=\"noopener\"><img fetchpriority=\"high\" decoding=\"async\" class=\"wp-image-9218 alignright\" src=\"https:\/\/www.hsymachinery.com\/wp-content\/uploads\/2025\/06\/Walk-Behind-Power-Trowel-PTH-C100B-244x300.jpg\" alt=\"\" width=\"454\" height=\"558\" srcset=\"https:\/\/www.hsymachinery.com\/wp-content\/uploads\/2025\/06\/Walk-Behind-Power-Trowel-PTH-C100B-244x300.jpg 244w, https:\/\/www.hsymachinery.com\/wp-content\/uploads\/2025\/06\/Walk-Behind-Power-Trowel-PTH-C100B.jpg 600w\" sizes=\"(max-width: 454px) 100vw, 454px\" \/><\/a><\/h3>\n<p data-start=\"400\" data-end=\"716\">Bu <strong data-start=\"404\" data-end=\"442\">PTH-C100B Arkadan \u00c7ekmeli Elektrikli Mala<\/strong> g\u00fc\u00e7, verimlilik ve uzun s\u00fcreli kullan\u0131m i\u00e7in \u00fcretilmi\u015f dizel motorlu bir beton son i\u015flem makinesidir. Dayan\u0131kl\u0131 bir dizel motorla donat\u0131lm\u0131\u015f olan bu model, yak\u0131t kullan\u0131labilirli\u011fi, motorun uzun \u00f6m\u00fcrl\u00fc olmas\u0131 ve y\u00fcksek tork \u00e7\u0131k\u0131\u015f\u0131n\u0131n \u00f6ncelikli oldu\u011fu projeler i\u00e7in m\u00fckemmeldir.<\/p>\n<p data-start=\"718\" data-end=\"1104\">PTH-C100B, 100 cm perdahlama \u00e7ap\u0131 ile geni\u015f bir y\u00fczey alan\u0131n\u0131 daha k\u0131sa s\u00fcrede kaplayarak otoparklar, end\u00fcstriyel zeminler ve lojistik merkezleri gibi b\u00fcy\u00fck beton plakalar i\u00e7in m\u00fckemmel bir \u00e7\u00f6z\u00fcm sunar. Ayarlanabilir b\u0131\u00e7ak aral\u0131\u011f\u0131 sistemi, y\u00fczd\u00fcrme ve cilalama a\u015famalar\u0131nda hassas kontrol sa\u011flayarak her seferinde tutarl\u0131 ve p\u00fcr\u00fczs\u00fcz bir y\u00fczey sunar.<\/p>\n<p data-start=\"1106\" data-end=\"1406\">Ayr\u0131ca dizel motor, \u00f6zellikle dizelin daha eri\u015filebilir oldu\u011fu b\u00f6lgelerde a\u011f\u0131r i\u015f y\u00fckleri alt\u0131nda istikrarl\u0131 tork ve daha iyi yak\u0131t ekonomisi sa\u011flar. A\u011f\u0131r hizmet tipi \u015fanz\u0131man, g\u00fc\u00e7lendirilmi\u015f \u00f6r\u00fcmcek kollar\u0131 ve koruyucu g\u00fcvenlik halkas\u0131, g\u00fcnl\u00fck kullan\u0131mda bile uzun s\u00fcreli dayan\u0131kl\u0131l\u0131k sa\u011flar.<\/p>\n<p data-start=\"1408\" data-end=\"1576\">Daha fazla rahatl\u0131k i\u00e7in ergonomik, katlanabilir tutamak titre\u015fimi en aza indirir ve yorgunlu\u011fu azalt\u0131rken, tasar\u0131m sahalar aras\u0131nda kolay ta\u015f\u0131ma ve depolama sa\u011flar.<\/p>\n<h3 data-start=\"1583\" data-end=\"1635\">PTH-C100B Dizel Elektrikli Malan\u0131n Temel \u00d6zellikleri<\/h3>\n<ul data-start=\"1637\" data-end=\"1999\">\n<li data-start=\"1637\" data-end=\"1699\">\n<p data-start=\"1639\" data-end=\"1699\">Dizel motor g\u00fc\u00e7l\u00fc tork ve uzun \u00e7al\u0131\u015fma s\u00fcresi sa\u011flar<\/p>\n<\/li>\n<li data-start=\"1700\" data-end=\"1756\">\n<p data-start=\"1702\" data-end=\"1756\">100 cm b\u0131\u00e7ak \u00e7ap\u0131 geni\u015f finisaj kapsam\u0131 sunar<\/p>\n<\/li>\n<li data-start=\"1757\" data-end=\"1819\">\n<p data-start=\"1759\" data-end=\"1819\">Ayarlanabilir hatve sistemi y\u00fczey kalitesi \u00fczerinde kontrol sa\u011flar<\/p>\n<\/li>\n<li data-start=\"1820\" data-end=\"1878\">\n<p data-start=\"1822\" data-end=\"1878\">Titre\u015fim \u00f6nleyici tutamak tasar\u0131m\u0131 operat\u00f6r konforunu art\u0131r\u0131r<\/p>\n<\/li>\n<li data-start=\"1879\" data-end=\"1937\">\n<p data-start=\"1881\" data-end=\"1937\">Sa\u011flam \u00e7er\u00e7eve ve di\u015fli kutusu yap\u0131sal dayan\u0131kl\u0131l\u0131\u011f\u0131 art\u0131r\u0131r<\/p>\n<\/li>\n<li data-start=\"1938\" data-end=\"1999\">\n<p data-start=\"1940\" data-end=\"1999\">D\u0131\u015f mekan, a\u011f\u0131r hizmet veya uzun saatler s\u00fcren beton i\u015fleri i\u00e7in ideal<\/p>\n<\/li>\n<\/ul>\n<h3 data-start=\"2006\" data-end=\"2102\">Uygulamalar - A\u00e7\u0131k Hava Sahalar\u0131, End\u00fcstriyel Zeminler ve Y\u00fcksek Y\u00fckl\u00fc Beton Son \u0130\u015flemleri i\u00e7in \u0130deal<\/h3>\n<p data-start=\"2104\" data-end=\"2400\">PTH-C100B d\u0131\u015f mekan projelerinde, k\u0131rsal \u015fantiyelerde ve b\u00fcy\u00fck \u00f6l\u00e7ekli altyap\u0131 i\u015flerinde m\u00fckemmeldir. Yak\u0131t \u00e7ok y\u00f6nl\u00fcl\u00fc\u011f\u00fc ve mekanik dayan\u0131kl\u0131l\u0131\u011f\u0131 nedeniyle, y\u00fckleniciler genellikle \u00e7al\u0131\u015fma s\u00fcresi ve g\u00fcvenilirli\u011fin \u00e7ok \u00f6nemli oldu\u011fu yo\u011fun d\u00f6\u015feme bitirme i\u015flemleri i\u00e7in bu modeli se\u00e7erler.<\/p>\n<p><iframe title=\"mala,elle itmeli mala,mala,beton 1TP10Mala #powertrowe#concrete\" width=\"720\" height=\"405\" src=\"https:\/\/www.youtube.com\/embed\/pa6AuNhMrwI?feature=oembed\" frameborder=\"0\" allow=\"accelerometer; autoplay; clipboard-write; encrypted-media; gyroscope; picture-in-picture; web-share\" referrerpolicy=\"strict-origin-when-cross-origin\" allowfullscreen><\/iframe><\/p>","protected":false},"excerpt":{"rendered":"<p>PTH-C100B dizel motorlu mala, d\u0131\u015f mekan ve end\u00fcstriyel beton projeleri i\u00e7in 100 cm kapsama alan\u0131, sa\u011flam dayan\u0131kl\u0131l\u0131k ve verimli d\u00f6\u015feme bitirme \u00f6zelliklerine sahiptir.<\/p>","protected":false},"featured_media":9218,"template":"","meta":{"_kad_post_transparent":"default","_kad_post_title":"","_kad_post_layout":"default","_kad_post_sidebar_id":"","_kad_post_content_style":"default","_kad_post_vertical_padding":"default","_kad_post_feature":"","_kad_post_feature_position":"","_kad_post_header":false,"_kad_post_footer":false},"product_brand":[],"product_cat":[55],"product_tag":[1084,1083,1087,1081,1086,1085,1089,1088,1090,1082],"class_list":{"0":"post-9217","1":"product","2":"type-product","3":"status-publish","4":"has-post-thumbnail","6":"product_cat-walk-behind-power-trowel","7":"product_tag-cement-power-trowel","8":"product_tag-concrete-finishing-trowel","9":"product_tag-concrete-floor-finishing-machine","10":"product_tag-concrete-power-trowel","11":"product_tag-electric-walk-behind-trowel","12":"product_tag-gasoline-power-trowel","13":"product_tag-hand-operated-power-trowel","14":"product_tag-manual-power-trowel","15":"product_tag-walk-behind-concrete-finishing-machine","16":"product_tag-walk-behind-trowel-machine","18":"first","19":"instock","20":"shipping-taxable","21":"product-type-simple","22":"entry","23":"content-bg","24":"loop-entry"},"yoast_head":"<!-- This site is optimized with the Yoast SEO plugin v25.3.1 - https:\/\/yoast.com\/wordpress\/plugins\/seo\/ -->\n<title>Walk-Behind Power Trowel PTH-C100B - HSY Construction Machinery<\/title>\n<meta name=\"description\" content=\"PTH-C100B diesel walk-behind trowel with 100cm diameter delivers durable and efficient finishing for concrete slabs in industrial and outdoor job sites.Walk-Behind Power Trowel PTH-C100B\" \/>\n<meta name=\"robots\" content=\"index, follow, max-snippet:-1, max-image-preview:large, max-video-preview:-1\" \/>\n<link rel=\"canonical\" href=\"https:\/\/www.hsymachinery.com\/tr\/product\/arkada-yuruyen-elektrikli-mala-pth-c100b\/\" \/>\n<meta property=\"og:locale\" content=\"tr_TR\" \/>\n<meta property=\"og:type\" content=\"article\" \/>\n<meta property=\"og:title\" content=\"Walk-Behind Power Trowel PTH-C100B - HSY Construction Machinery\" \/>\n<meta property=\"og:description\" content=\"PTH-C100B diesel walk-behind trowel with 100cm diameter delivers durable and efficient finishing for concrete slabs in industrial and outdoor job sites.Walk-Behind Power Trowel PTH-C100B\" \/>\n<meta property=\"og:url\" content=\"https:\/\/www.hsymachinery.com\/tr\/product\/arkada-yuruyen-elektrikli-mala-pth-c100b\/\" \/>\n<meta property=\"og:site_name\" content=\"HSY Construction Machinery\" \/>\n<meta property=\"article:modified_time\" content=\"2025-06-28T15:21:44+00:00\" \/>\n<meta property=\"og:image\" content=\"https:\/\/www.hsymachinery.com\/wp-content\/uploads\/2025\/06\/Walk-Behind-Power-Trowel-PTH-C100B.jpg\" \/>\n\t<meta property=\"og:image:width\" content=\"600\" \/>\n\t<meta property=\"og:image:height\" content=\"738\" \/>\n\t<meta property=\"og:image:type\" content=\"image\/jpeg\" \/>\n<meta name=\"twitter:card\" content=\"summary_large_image\" \/>\n<meta name=\"twitter:label1\" content=\"Tahmini okuma s\u00fcresi\" \/>\n\t<meta name=\"twitter:data1\" content=\"2 dakika\" \/>\n<script type=\"application\/ld+json\" class=\"yoast-schema-graph\">{\"@context\":\"https:\/\/schema.org\",\"@graph\":[{\"@type\":\"WebPage\",\"@id\":\"https:\/\/www.hsymachinery.com\/product\/walk-behind-power-trowel-pth-c100b\/\",\"url\":\"https:\/\/www.hsymachinery.com\/product\/walk-behind-power-trowel-pth-c100b\/\",\"name\":\"Walk-Behind Power Trowel PTH-C100B - HSY Construction Machinery\",\"isPartOf\":{\"@id\":\"https:\/\/www.hsymachinery.com\/#website\"},\"primaryImageOfPage\":{\"@id\":\"https:\/\/www.hsymachinery.com\/product\/walk-behind-power-trowel-pth-c100b\/#primaryimage\"},\"image\":{\"@id\":\"https:\/\/www.hsymachinery.com\/product\/walk-behind-power-trowel-pth-c100b\/#primaryimage\"},\"thumbnailUrl\":\"https:\/\/www.hsymachinery.com\/wp-content\/uploads\/2025\/06\/Walk-Behind-Power-Trowel-PTH-C100B.jpg\",\"datePublished\":\"2025-06-18T12:40:26+00:00\",\"dateModified\":\"2025-06-28T15:21:44+00:00\",\"description\":\"PTH-C100B diesel walk-behind trowel with 100cm diameter delivers durable and efficient finishing for concrete slabs in industrial and outdoor job sites.Walk-Behind Power Trowel PTH-C100B\",\"breadcrumb\":{\"@id\":\"https:\/\/www.hsymachinery.com\/product\/walk-behind-power-trowel-pth-c100b\/#breadcrumb\"},\"inLanguage\":\"tr\",\"potentialAction\":[{\"@type\":\"ReadAction\",\"target\":[\"https:\/\/www.hsymachinery.com\/product\/walk-behind-power-trowel-pth-c100b\/\"]}]},{\"@type\":\"ImageObject\",\"inLanguage\":\"tr\",\"@id\":\"https:\/\/www.hsymachinery.com\/product\/walk-behind-power-trowel-pth-c100b\/#primaryimage\",\"url\":\"https:\/\/www.hsymachinery.com\/wp-content\/uploads\/2025\/06\/Walk-Behind-Power-Trowel-PTH-C100B.jpg\",\"contentUrl\":\"https:\/\/www.hsymachinery.com\/wp-content\/uploads\/2025\/06\/Walk-Behind-Power-Trowel-PTH-C100B.jpg\",\"width\":600,\"height\":738},{\"@type\":\"BreadcrumbList\",\"@id\":\"https:\/\/www.hsymachinery.com\/product\/walk-behind-power-trowel-pth-c100b\/#breadcrumb\",\"itemListElement\":[{\"@type\":\"ListItem\",\"position\":1,\"name\":\"home\",\"item\":\"https:\/\/www.hsymachinery.com\/\"},{\"@type\":\"ListItem\",\"position\":2,\"name\":\"products\",\"item\":\"https:\/\/www.hsymachinery.com\/products\/\"},{\"@type\":\"ListItem\",\"position\":3,\"name\":\"Walk-Behind Power Trowel PTH-C100B\"}]},{\"@type\":\"WebSite\",\"@id\":\"https:\/\/www.hsymachinery.com\/#website\",\"url\":\"https:\/\/www.hsymachinery.com\/\",\"name\":\"HSY Construction Machinery\",\"description\":\"HSY Machinery \u2013 A leading China construction machinery supplier, offering a wide range of light construction equipment. Our main products include Rebar Cutting Machine, Rebar Bending Machine, Rebar Stirrup Bending Machine, Rebar Arc Bending Machine, Rebar Straightening Machine, Five-Head Rebar Stirrup Bending Machine, Tamping Rammer, Plate Compactor, Concrete Cutter, Power Trowel, and other construction machinery. We are equipped with advanced CNC machines, and we enforce strict quality inspection standards along with comprehensive after-sales service. If you are interested in our products or services, we warmly welcome your inquiries via message.\",\"publisher\":{\"@id\":\"https:\/\/www.hsymachinery.com\/#organization\"},\"potentialAction\":[{\"@type\":\"SearchAction\",\"target\":{\"@type\":\"EntryPoint\",\"urlTemplate\":\"https:\/\/www.hsymachinery.com\/?s={search_term_string}\"},\"query-input\":{\"@type\":\"PropertyValueSpecification\",\"valueRequired\":true,\"valueName\":\"search_term_string\"}}],\"inLanguage\":\"tr\"},{\"@type\":\"Organization\",\"@id\":\"https:\/\/www.hsymachinery.com\/#organization\",\"name\":\"HSY Construction Machinery\",\"url\":\"https:\/\/www.hsymachinery.com\/\",\"logo\":{\"@type\":\"ImageObject\",\"inLanguage\":\"tr\",\"@id\":\"https:\/\/www.hsymachinery.com\/#\/schema\/logo\/image\/\",\"url\":\"https:\/\/www.hsymachinery.com\/wp-content\/uploads\/2025\/06\/cropped-HSY-machinery.png\",\"contentUrl\":\"https:\/\/www.hsymachinery.com\/wp-content\/uploads\/2025\/06\/cropped-HSY-machinery.png\",\"width\":600,\"height\":240,\"caption\":\"HSY Construction Machinery\"},\"image\":{\"@id\":\"https:\/\/www.hsymachinery.com\/#\/schema\/logo\/image\/\"}}]}<\/script>\n<!-- \/ Yoast SEO plugin. -->","yoast_head_json":{"title":"Arkadan \u00c7ekmeli Elektrikli Mala PTH-C100B - HSY Construction Machinery","description":"100 cm \u00e7apl\u0131 PTH-C100B dizel arkadan \u00e7ekmeli mala, end\u00fcstriyel ve a\u00e7\u0131k hava \u015fantiyelerinde beton plakalar i\u00e7in dayan\u0131kl\u0131 ve verimli son i\u015flem sa\u011flar Arkadan \u00c7ekmeli Elektrikli Mala PTH-C100B","robots":{"index":"index","follow":"follow","max-snippet":"max-snippet:-1","max-image-preview":"max-image-preview:large","max-video-preview":"max-video-preview:-1"},"canonical":"https:\/\/www.hsymachinery.com\/tr\/product\/arkada-yuruyen-elektrikli-mala-pth-c100b\/","og_locale":"tr_TR","og_type":"article","og_title":"Walk-Behind Power Trowel PTH-C100B - HSY Construction Machinery","og_description":"PTH-C100B diesel walk-behind trowel with 100cm diameter delivers durable and efficient finishing for concrete slabs in industrial and outdoor job sites.Walk-Behind Power Trowel PTH-C100B","og_url":"https:\/\/www.hsymachinery.com\/tr\/product\/arkada-yuruyen-elektrikli-mala-pth-c100b\/","og_site_name":"HSY Construction Machinery","article_modified_time":"2025-06-28T15:21:44+00:00","og_image":[{"width":600,"height":738,"url":"https:\/\/www.hsymachinery.com\/wp-content\/uploads\/2025\/06\/Walk-Behind-Power-Trowel-PTH-C100B.jpg","type":"image\/jpeg"}],"twitter_card":"summary_large_image","twitter_misc":{"Tahmini okuma s\u00fcresi":"2 dakika"},"schema":{"@context":"https:\/\/schema.org","@graph":[{"@type":"WebPage","@id":"https:\/\/www.hsymachinery.com\/product\/walk-behind-power-trowel-pth-c100b\/","url":"https:\/\/www.hsymachinery.com\/product\/walk-behind-power-trowel-pth-c100b\/","name":"Arkadan \u00c7ekmeli Elektrikli Mala PTH-C100B - HSY Construction Machinery","isPartOf":{"@id":"https:\/\/www.hsymachinery.com\/#website"},"primaryImageOfPage":{"@id":"https:\/\/www.hsymachinery.com\/product\/walk-behind-power-trowel-pth-c100b\/#primaryimage"},"image":{"@id":"https:\/\/www.hsymachinery.com\/product\/walk-behind-power-trowel-pth-c100b\/#primaryimage"},"thumbnailUrl":"https:\/\/www.hsymachinery.com\/wp-content\/uploads\/2025\/06\/Walk-Behind-Power-Trowel-PTH-C100B.jpg","datePublished":"2025-06-18T12:40:26+00:00","dateModified":"2025-06-28T15:21:44+00:00","description":"100 cm \u00e7apl\u0131 PTH-C100B dizel arkadan \u00e7ekmeli mala, end\u00fcstriyel ve a\u00e7\u0131k hava \u015fantiyelerinde beton plakalar i\u00e7in dayan\u0131kl\u0131 ve verimli son i\u015flem sa\u011flar Arkadan \u00c7ekmeli Elektrikli Mala PTH-C100B","breadcrumb":{"@id":"https:\/\/www.hsymachinery.com\/product\/walk-behind-power-trowel-pth-c100b\/#breadcrumb"},"inLanguage":"tr","potentialAction":[{"@type":"ReadAction","target":["https:\/\/www.hsymachinery.com\/product\/walk-behind-power-trowel-pth-c100b\/"]}]},{"@type":"ImageObject","inLanguage":"tr","@id":"https:\/\/www.hsymachinery.com\/product\/walk-behind-power-trowel-pth-c100b\/#primaryimage","url":"https:\/\/www.hsymachinery.com\/wp-content\/uploads\/2025\/06\/Walk-Behind-Power-Trowel-PTH-C100B.jpg","contentUrl":"https:\/\/www.hsymachinery.com\/wp-content\/uploads\/2025\/06\/Walk-Behind-Power-Trowel-PTH-C100B.jpg","width":600,"height":738},{"@type":"BreadcrumbList","@id":"https:\/\/www.hsymachinery.com\/product\/walk-behind-power-trowel-pth-c100b\/#breadcrumb","itemListElement":[{"@type":"ListItem","position":1,"name":"home","item":"https:\/\/www.hsymachinery.com\/"},{"@type":"ListItem","position":2,"name":"products","item":"https:\/\/www.hsymachinery.com\/products\/"},{"@type":"ListItem","position":3,"name":"Walk-Behind Power Trowel PTH-C100B"}]},{"@type":"WebSite","@id":"https:\/\/www.hsymachinery.com\/#website","url":"https:\/\/www.hsymachinery.com\/","name":"HSY \u0130n\u015faat Makineleri","description":"HSY Machinery - \u00c7ok \u00e7e\u015fitli hafif in\u015faat ekipmanlar\u0131 sunan lider bir \u00c7in in\u015faat makineleri tedarik\u00e7isi. Ba\u015fl\u0131ca \u00fcr\u00fcnlerimiz aras\u0131nda Demir Kesme Makinesi, Demir B\u00fckme Makinesi, Demir \u00dczengi B\u00fckme Makinesi, Demir Ark B\u00fckme Makinesi, Demir Do\u011frultma Makinesi, Be\u015f Kafal\u0131 Demir \u00dczengi B\u00fckme Makinesi, S\u0131k\u0131\u015ft\u0131rma Tokma\u011f\u0131, Plaka Kompakt\u00f6r\u00fc, Beton Kesici, Elektrikli Mala ve di\u011fer in\u015faat makineleri bulunmaktad\u0131r. Geli\u015fmi\u015f CNC makineleri ile donat\u0131lm\u0131\u015ft\u0131r ve kapsaml\u0131 sat\u0131\u015f sonras\u0131 hizmet ile birlikte s\u0131k\u0131 kalite kontrol standartlar\u0131n\u0131 uyguluyoruz. \u00dcr\u00fcnlerimiz veya hizmetlerimizle ilgileniyorsan\u0131z, sorular\u0131n\u0131z\u0131 mesaj yoluyla s\u0131cak bir \u015fekilde kar\u015f\u0131l\u0131yoruz.","publisher":{"@id":"https:\/\/www.hsymachinery.com\/#organization"},"potentialAction":[{"@type":"SearchAction","target":{"@type":"EntryPoint","urlTemplate":"https:\/\/www.hsymachinery.com\/?s={search_term_string}"},"query-input":{"@type":"PropertyValueSpecification","valueRequired":true,"valueName":"search_term_string"}}],"inLanguage":"tr"},{"@type":"Organization","@id":"https:\/\/www.hsymachinery.com\/#organization","name":"HSY \u0130n\u015faat Makineleri","url":"https:\/\/www.hsymachinery.com\/","logo":{"@type":"ImageObject","inLanguage":"tr","@id":"https:\/\/www.hsymachinery.com\/#\/schema\/logo\/image\/","url":"https:\/\/www.hsymachinery.com\/wp-content\/uploads\/2025\/06\/cropped-HSY-machinery.png","contentUrl":"https:\/\/www.hsymachinery.com\/wp-content\/uploads\/2025\/06\/cropped-HSY-machinery.png","width":600,"height":240,"caption":"HSY Construction Machinery"},"image":{"@id":"https:\/\/www.hsymachinery.com\/#\/schema\/logo\/image\/"}}]}},"_links":{"self":[{"href":"https:\/\/www.hsymachinery.com\/tr\/wp-json\/wp\/v2\/product\/9217","targetHints":{"allow":["GET"]}}],"collection":[{"href":"https:\/\/www.hsymachinery.com\/tr\/wp-json\/wp\/v2\/product"}],"about":[{"href":"https:\/\/www.hsymachinery.com\/tr\/wp-json\/wp\/v2\/types\/product"}],"version-history":[{"count":3,"href":"https:\/\/www.hsymachinery.com\/tr\/wp-json\/wp\/v2\/product\/9217\/revisions"}],"predecessor-version":[{"id":9610,"href":"https:\/\/www.hsymachinery.com\/tr\/wp-json\/wp\/v2\/product\/9217\/revisions\/9610"}],"wp:featuredmedia":[{"embeddable":true,"href":"https:\/\/www.hsymachinery.com\/tr\/wp-json\/wp\/v2\/media\/9218"}],"wp:attachment":[{"href":"https:\/\/www.hsymachinery.com\/tr\/wp-json\/wp\/v2\/media?parent=9217"}],"wp:term":[{"taxonomy":"product_brand","embeddable":true,"href":"https:\/\/www.hsymachinery.com\/tr\/wp-json\/wp\/v2\/product_brand?post=9217"},{"taxonomy":"product_cat","embeddable":true,"href":"https:\/\/www.hsymachinery.com\/tr\/wp-json\/wp\/v2\/product_cat?post=9217"},{"taxonomy":"product_tag","embeddable":true,"href":"https:\/\/www.hsymachinery.com\/tr\/wp-json\/wp\/v2\/product_tag?post=9217"}],"curies":[{"name":"wp","href":"https:\/\/api.w.org\/{rel}","templated":true}]}}