{"id":9214,"date":"2025-06-18T20:39:37","date_gmt":"2025-06-18T12:39:37","guid":{"rendered":"https:\/\/www.hsymachinery.com\/?post_type=product&#038;p=9214"},"modified":"2025-06-28T23:18:26","modified_gmt":"2025-06-28T15:18:26","slug":"arkada-yuruyen-elektrikli-mala-pth-h100b","status":"publish","type":"product","link":"https:\/\/www.hsymachinery.com\/tr\/product\/arkada-yuruyen-elektrikli-mala-pth-h100b\/","title":{"rendered":"Arkadan \u00c7ekmeli Elektrikli Mala PTH-H100B"},"content":{"rendered":"<h2 data-start=\"166\" data-end=\"208\">Arkadan \u00c7ekmeli Elektrikli Mala PTH-H100B<\/h2>\n<h3 data-start=\"209\" data-end=\"322\">PTH-H100B Benzinli Beton Malas\u0131 | Honda Motor | B\u00fcy\u00fck Beton Plakalar i\u00e7in Y\u00fcksek Hassasiyetli Y\u00fczey \u0130\u015flemi<\/h3>\n<h3 data-start=\"329\" data-end=\"437\">\u00dcr\u00fcn A\u00e7\u0131klamas\u0131 - Geni\u015f Beton Alanlarda \u00dcst\u00fcn Performans i\u00e7in Honda Motorlu Perdah Malas\u0131<a href=\"https:\/\/www.hsymachinery.com\/tr\/urunler\/elektrikli-mala-arkasinda-yurume\/\" target=\"_blank\" rel=\"noopener\"><img fetchpriority=\"high\" decoding=\"async\" class=\"wp-image-9215 alignright\" src=\"https:\/\/www.hsymachinery.com\/wp-content\/uploads\/2025\/06\/Walk-Behind-Power-Trowel-PTH-H100B-244x300.jpg\" alt=\"\" width=\"455\" height=\"559\" srcset=\"https:\/\/www.hsymachinery.com\/wp-content\/uploads\/2025\/06\/Walk-Behind-Power-Trowel-PTH-H100B-244x300.jpg 244w, https:\/\/www.hsymachinery.com\/wp-content\/uploads\/2025\/06\/Walk-Behind-Power-Trowel-PTH-H100B.jpg 600w\" sizes=\"(max-width: 455px) 100vw, 455px\" \/><\/a><\/h3>\n<p data-start=\"439\" data-end=\"790\">Bu <strong data-start=\"443\" data-end=\"481\">PTH-H100B Arkadan \u00c7ekmeli Elektrikli Mala<\/strong> sa\u011flam ve yak\u0131t tasarruflu Honda benzinli motorla \u00e7al\u0131\u015fan a\u011f\u0131r hizmet tipi bir beton finisaj makinesidir. B\u00fcy\u00fck d\u00f6\u015feme projeleri i\u00e7in tasarlanan bu model, g\u00fc\u00e7, hassasiyet ve dayan\u0131kl\u0131l\u0131\u011f\u0131 bir araya getirerek kusursuz beton y\u00fczeyler arayan profesyonel y\u00fckleniciler i\u00e7in en iyi se\u00e7imdir.<\/p>\n<p data-start=\"792\" data-end=\"1164\">100 cm perdahlama \u00e7ap\u0131na sahip PTH-H100B, operat\u00f6rlerin geni\u015f alanlar\u0131 daha k\u0131sa s\u00fcrede bitirmesini sa\u011flar. Ayarlanabilir b\u0131\u00e7ak hatve sistemi, y\u00fczd\u00fcrmeden cilalamaya kolayca ge\u00e7i\u015f yapman\u0131z\u0131 sa\u011flayarak her ge\u00e7i\u015fte e\u015fit sonu\u00e7lar sunar. G\u00fc\u00e7lendirilmi\u015f di\u015fli kutusu ve y\u00fcksek mukavemetli b\u0131\u00e7ak kollar\u0131, zorlu \u015fantiye ko\u015fullar\u0131nda bile uzun s\u00fcreli g\u00fcvenilirlik sa\u011flar.<\/p>\n<p data-start=\"1166\" data-end=\"1499\">Ayr\u0131ca, Honda motoru daha d\u00fc\u015f\u00fck emisyon ve daha iyi yak\u0131t verimlili\u011fi ile sorunsuz, istikrarl\u0131 \u00e7al\u0131\u015fma sa\u011flar. Titre\u015fim azalt\u0131c\u0131 tutamaklarla donat\u0131lm\u0131\u015f ergonomik tutamak tasar\u0131m\u0131, uzun vardiyalar s\u0131ras\u0131nda operat\u00f6r yorgunlu\u011funu azaltmaya yard\u0131mc\u0131 olurken, katlanabilir tutamak yap\u0131s\u0131 ta\u015f\u0131ma ve depolamay\u0131 daha kolay hale getirir.<\/p>\n<p data-start=\"1501\" data-end=\"1698\">Bu model, mukavemet ve son i\u015flem tutarl\u0131l\u0131\u011f\u0131n\u0131n gerekli oldu\u011fu fabrika zeminleri, b\u00fcy\u00fck d\u0131\u015f mekan plakalar\u0131, ticari temeller ve park yap\u0131lar\u0131nda ola\u011fan\u00fcst\u00fc iyi performans g\u00f6sterir.<\/p>\n<h3 data-start=\"1705\" data-end=\"1759\">PTH-H100B Beton Perdah Makinesinin Temel \u00d6zellikleri<\/h3>\n<ul data-start=\"1761\" data-end=\"2125\">\n<li data-start=\"1761\" data-end=\"1823\">\n<p data-start=\"1763\" data-end=\"1823\">\u0130stikrarl\u0131 performans i\u00e7in g\u00fc\u00e7l\u00fc Honda motor ile donat\u0131lm\u0131\u015ft\u0131r<\/p>\n<\/li>\n<li data-start=\"1824\" data-end=\"1892\">\n<p data-start=\"1826\" data-end=\"1892\">H\u0131zl\u0131 kaplama ve tutarl\u0131 finisaj i\u00e7in 100 cm b\u0131\u00e7ak \u00e7ap\u0131<\/p>\n<\/li>\n<li data-start=\"1893\" data-end=\"1954\">\n<p data-start=\"1895\" data-end=\"1954\">Y\u00fczey dokusu kontrol\u00fc i\u00e7in ayarlanabilir b\u0131\u00e7ak hatve sistemi<\/p>\n<\/li>\n<li data-start=\"1955\" data-end=\"2008\">\n<p data-start=\"1957\" data-end=\"2008\">Kullan\u0131c\u0131 konforu i\u00e7in ergonomik, titre\u015fim \u00f6nleyici tutamak<\/p>\n<\/li>\n<li data-start=\"2009\" data-end=\"2065\">\n<p data-start=\"2011\" data-end=\"2065\">G\u00fc\u00e7lendirilmi\u015f di\u015fli kutusu ve kollar ile sa\u011flam yap\u0131<\/p>\n<\/li>\n<li data-start=\"2066\" data-end=\"2125\">\n<p data-start=\"2068\" data-end=\"2125\">End\u00fcstriyel ve ticari d\u00f6\u015feme bitirme i\u015fleri i\u00e7in en iyisi<\/p>\n<\/li>\n<\/ul>\n<h3 data-start=\"2132\" data-end=\"2212\">Uygulamalar - Fabrikalar, Garaj Yollar\u0131, Depolar ve Park Zeminleri i\u00e7in Harika<\/h3>\n<p data-start=\"2214\" data-end=\"2481\">PTH-H100B, end\u00fcstriyel veya ticari ortamlarda b\u00fcy\u00fck \u00f6l\u00e7ekli beton zeminler \u00fczerinde \u00e7al\u0131\u015fan profesyoneller i\u00e7in idealdir. Motor performans\u0131 ve geni\u015f kapsama alan\u0131, kat\u0131 teslim tarihleri ve kalite standartlar\u0131 ile y\u00fcksek hacimli beton son i\u015flem i\u00e7in uygun hale getirir.<\/p>\n<p><iframe title=\"mala,elle itmeli mala,mala,beton 1TP10Mala #powertrowe#concrete\" width=\"720\" height=\"405\" src=\"https:\/\/www.youtube.com\/embed\/pa6AuNhMrwI?feature=oembed\" frameborder=\"0\" allow=\"accelerometer; autoplay; clipboard-write; encrypted-media; gyroscope; picture-in-picture; web-share\" referrerpolicy=\"strict-origin-when-cross-origin\" allowfullscreen><\/iframe><\/p>","protected":false},"excerpt":{"rendered":"<p>PTH-H100B 100 cm b\u0131\u00e7akl\u0131 Honda elektrikli mala, b\u00fcy\u00fck beton plakalar i\u00e7in p\u00fcr\u00fczs\u00fcz ve dayan\u0131kl\u0131 perdahlama sa\u011flar. Fabrikalar, depolar ve park alanlar\u0131 i\u00e7in m\u00fckemmeldir.<\/p>","protected":false},"featured_media":9215,"template":"","meta":{"_kad_post_transparent":"default","_kad_post_title":"","_kad_post_layout":"default","_kad_post_sidebar_id":"","_kad_post_content_style":"default","_kad_post_vertical_padding":"default","_kad_post_feature":"","_kad_post_feature_position":"","_kad_post_header":false,"_kad_post_footer":false},"product_brand":[],"product_cat":[55],"product_tag":[1084,1083,1087,1081,1086,1085,1089,1088,1090,1082],"class_list":{"0":"post-9214","1":"product","2":"type-product","3":"status-publish","4":"has-post-thumbnail","6":"product_cat-walk-behind-power-trowel","7":"product_tag-cement-power-trowel","8":"product_tag-concrete-finishing-trowel","9":"product_tag-concrete-floor-finishing-machine","10":"product_tag-concrete-power-trowel","11":"product_tag-electric-walk-behind-trowel","12":"product_tag-gasoline-power-trowel","13":"product_tag-hand-operated-power-trowel","14":"product_tag-manual-power-trowel","15":"product_tag-walk-behind-concrete-finishing-machine","16":"product_tag-walk-behind-trowel-machine","18":"first","19":"instock","20":"shipping-taxable","21":"product-type-simple","22":"entry","23":"content-bg","24":"loop-entry"},"yoast_head":"<!-- This site is optimized with the Yoast SEO plugin v25.3.1 - https:\/\/yoast.com\/wordpress\/plugins\/seo\/ -->\n<title>Walk-Behind Power Trowel PTH-H100B - HSY Construction Machinery<\/title>\n<meta name=\"description\" content=\"PTH-H100B walk-behind concrete trowel with Honda engine offers wide 100 cm coverage, fuel efficiency, and durable performance for industrial concrete finishing.Walk-Behind Power Trowel PTH-H100B\" \/>\n<meta name=\"robots\" content=\"index, follow, max-snippet:-1, max-image-preview:large, max-video-preview:-1\" \/>\n<link rel=\"canonical\" href=\"https:\/\/www.hsymachinery.com\/tr\/product\/arkada-yuruyen-elektrikli-mala-pth-h100b\/\" \/>\n<meta property=\"og:locale\" content=\"tr_TR\" \/>\n<meta property=\"og:type\" content=\"article\" \/>\n<meta property=\"og:title\" content=\"Walk-Behind Power Trowel PTH-H100B - HSY Construction Machinery\" \/>\n<meta property=\"og:description\" content=\"PTH-H100B walk-behind concrete trowel with Honda engine offers wide 100 cm coverage, fuel efficiency, and durable performance for industrial concrete finishing.Walk-Behind Power Trowel PTH-H100B\" \/>\n<meta property=\"og:url\" content=\"https:\/\/www.hsymachinery.com\/tr\/product\/arkada-yuruyen-elektrikli-mala-pth-h100b\/\" \/>\n<meta property=\"og:site_name\" content=\"HSY Construction Machinery\" \/>\n<meta property=\"article:modified_time\" content=\"2025-06-28T15:18:26+00:00\" \/>\n<meta property=\"og:image\" content=\"https:\/\/www.hsymachinery.com\/wp-content\/uploads\/2025\/06\/Walk-Behind-Power-Trowel-PTH-H100B.jpg\" \/>\n\t<meta property=\"og:image:width\" content=\"600\" \/>\n\t<meta property=\"og:image:height\" content=\"738\" \/>\n\t<meta property=\"og:image:type\" content=\"image\/jpeg\" \/>\n<meta name=\"twitter:card\" content=\"summary_large_image\" \/>\n<meta name=\"twitter:label1\" content=\"Tahmini okuma s\u00fcresi\" \/>\n\t<meta name=\"twitter:data1\" content=\"2 dakika\" \/>\n<script type=\"application\/ld+json\" class=\"yoast-schema-graph\">{\"@context\":\"https:\/\/schema.org\",\"@graph\":[{\"@type\":\"WebPage\",\"@id\":\"https:\/\/www.hsymachinery.com\/product\/walk-behind-power-trowel-pth-h100b\/\",\"url\":\"https:\/\/www.hsymachinery.com\/product\/walk-behind-power-trowel-pth-h100b\/\",\"name\":\"Walk-Behind Power Trowel PTH-H100B - HSY Construction Machinery\",\"isPartOf\":{\"@id\":\"https:\/\/www.hsymachinery.com\/#website\"},\"primaryImageOfPage\":{\"@id\":\"https:\/\/www.hsymachinery.com\/product\/walk-behind-power-trowel-pth-h100b\/#primaryimage\"},\"image\":{\"@id\":\"https:\/\/www.hsymachinery.com\/product\/walk-behind-power-trowel-pth-h100b\/#primaryimage\"},\"thumbnailUrl\":\"https:\/\/www.hsymachinery.com\/wp-content\/uploads\/2025\/06\/Walk-Behind-Power-Trowel-PTH-H100B.jpg\",\"datePublished\":\"2025-06-18T12:39:37+00:00\",\"dateModified\":\"2025-06-28T15:18:26+00:00\",\"description\":\"PTH-H100B walk-behind concrete trowel with Honda engine offers wide 100 cm coverage, fuel efficiency, and durable performance for industrial concrete finishing.Walk-Behind Power Trowel PTH-H100B\",\"breadcrumb\":{\"@id\":\"https:\/\/www.hsymachinery.com\/product\/walk-behind-power-trowel-pth-h100b\/#breadcrumb\"},\"inLanguage\":\"tr\",\"potentialAction\":[{\"@type\":\"ReadAction\",\"target\":[\"https:\/\/www.hsymachinery.com\/product\/walk-behind-power-trowel-pth-h100b\/\"]}]},{\"@type\":\"ImageObject\",\"inLanguage\":\"tr\",\"@id\":\"https:\/\/www.hsymachinery.com\/product\/walk-behind-power-trowel-pth-h100b\/#primaryimage\",\"url\":\"https:\/\/www.hsymachinery.com\/wp-content\/uploads\/2025\/06\/Walk-Behind-Power-Trowel-PTH-H100B.jpg\",\"contentUrl\":\"https:\/\/www.hsymachinery.com\/wp-content\/uploads\/2025\/06\/Walk-Behind-Power-Trowel-PTH-H100B.jpg\",\"width\":600,\"height\":738},{\"@type\":\"BreadcrumbList\",\"@id\":\"https:\/\/www.hsymachinery.com\/product\/walk-behind-power-trowel-pth-h100b\/#breadcrumb\",\"itemListElement\":[{\"@type\":\"ListItem\",\"position\":1,\"name\":\"home\",\"item\":\"https:\/\/www.hsymachinery.com\/\"},{\"@type\":\"ListItem\",\"position\":2,\"name\":\"products\",\"item\":\"https:\/\/www.hsymachinery.com\/products\/\"},{\"@type\":\"ListItem\",\"position\":3,\"name\":\"Walk-Behind Power Trowel PTH-H100B\"}]},{\"@type\":\"WebSite\",\"@id\":\"https:\/\/www.hsymachinery.com\/#website\",\"url\":\"https:\/\/www.hsymachinery.com\/\",\"name\":\"HSY Construction Machinery\",\"description\":\"HSY Machinery \u2013 A leading China construction machinery supplier, offering a wide range of light construction equipment. Our main products include Rebar Cutting Machine, Rebar Bending Machine, Rebar Stirrup Bending Machine, Rebar Arc Bending Machine, Rebar Straightening Machine, Five-Head Rebar Stirrup Bending Machine, Tamping Rammer, Plate Compactor, Concrete Cutter, Power Trowel, and other construction machinery. We are equipped with advanced CNC machines, and we enforce strict quality inspection standards along with comprehensive after-sales service. If you are interested in our products or services, we warmly welcome your inquiries via message.\",\"publisher\":{\"@id\":\"https:\/\/www.hsymachinery.com\/#organization\"},\"potentialAction\":[{\"@type\":\"SearchAction\",\"target\":{\"@type\":\"EntryPoint\",\"urlTemplate\":\"https:\/\/www.hsymachinery.com\/?s={search_term_string}\"},\"query-input\":{\"@type\":\"PropertyValueSpecification\",\"valueRequired\":true,\"valueName\":\"search_term_string\"}}],\"inLanguage\":\"tr\"},{\"@type\":\"Organization\",\"@id\":\"https:\/\/www.hsymachinery.com\/#organization\",\"name\":\"HSY Construction Machinery\",\"url\":\"https:\/\/www.hsymachinery.com\/\",\"logo\":{\"@type\":\"ImageObject\",\"inLanguage\":\"tr\",\"@id\":\"https:\/\/www.hsymachinery.com\/#\/schema\/logo\/image\/\",\"url\":\"https:\/\/www.hsymachinery.com\/wp-content\/uploads\/2025\/06\/cropped-HSY-machinery.png\",\"contentUrl\":\"https:\/\/www.hsymachinery.com\/wp-content\/uploads\/2025\/06\/cropped-HSY-machinery.png\",\"width\":600,\"height\":240,\"caption\":\"HSY Construction Machinery\"},\"image\":{\"@id\":\"https:\/\/www.hsymachinery.com\/#\/schema\/logo\/image\/\"}}]}<\/script>\n<!-- \/ Yoast SEO plugin. -->","yoast_head_json":{"title":"Arkadan \u00c7ekmeli Elektrikli Mala PTH-H100B - HSY Construction Machinery","description":"Honda motorlu PTH-H100B arkadan \u00e7ekmeli beton perdah makinesi, end\u00fcstriyel beton perdahlama i\u00e7in geni\u015f 100 cm kapsama alan\u0131, yak\u0131t verimlili\u011fi ve dayan\u0131kl\u0131 performans sunar.Arkadan \u00c7ekmeli Perdah Makinesi PTH-H100B","robots":{"index":"index","follow":"follow","max-snippet":"max-snippet:-1","max-image-preview":"max-image-preview:large","max-video-preview":"max-video-preview:-1"},"canonical":"https:\/\/www.hsymachinery.com\/tr\/product\/arkada-yuruyen-elektrikli-mala-pth-h100b\/","og_locale":"tr_TR","og_type":"article","og_title":"Walk-Behind Power Trowel PTH-H100B - HSY Construction Machinery","og_description":"PTH-H100B walk-behind concrete trowel with Honda engine offers wide 100 cm coverage, fuel efficiency, and durable performance for industrial concrete finishing.Walk-Behind Power Trowel PTH-H100B","og_url":"https:\/\/www.hsymachinery.com\/tr\/product\/arkada-yuruyen-elektrikli-mala-pth-h100b\/","og_site_name":"HSY Construction Machinery","article_modified_time":"2025-06-28T15:18:26+00:00","og_image":[{"width":600,"height":738,"url":"https:\/\/www.hsymachinery.com\/wp-content\/uploads\/2025\/06\/Walk-Behind-Power-Trowel-PTH-H100B.jpg","type":"image\/jpeg"}],"twitter_card":"summary_large_image","twitter_misc":{"Tahmini okuma s\u00fcresi":"2 dakika"},"schema":{"@context":"https:\/\/schema.org","@graph":[{"@type":"WebPage","@id":"https:\/\/www.hsymachinery.com\/product\/walk-behind-power-trowel-pth-h100b\/","url":"https:\/\/www.hsymachinery.com\/product\/walk-behind-power-trowel-pth-h100b\/","name":"Arkadan \u00c7ekmeli Elektrikli Mala PTH-H100B - HSY Construction Machinery","isPartOf":{"@id":"https:\/\/www.hsymachinery.com\/#website"},"primaryImageOfPage":{"@id":"https:\/\/www.hsymachinery.com\/product\/walk-behind-power-trowel-pth-h100b\/#primaryimage"},"image":{"@id":"https:\/\/www.hsymachinery.com\/product\/walk-behind-power-trowel-pth-h100b\/#primaryimage"},"thumbnailUrl":"https:\/\/www.hsymachinery.com\/wp-content\/uploads\/2025\/06\/Walk-Behind-Power-Trowel-PTH-H100B.jpg","datePublished":"2025-06-18T12:39:37+00:00","dateModified":"2025-06-28T15:18:26+00:00","description":"Honda motorlu PTH-H100B arkadan \u00e7ekmeli beton perdah makinesi, end\u00fcstriyel beton perdahlama i\u00e7in geni\u015f 100 cm kapsama alan\u0131, yak\u0131t verimlili\u011fi ve dayan\u0131kl\u0131 performans sunar.Arkadan \u00c7ekmeli Perdah Makinesi PTH-H100B","breadcrumb":{"@id":"https:\/\/www.hsymachinery.com\/product\/walk-behind-power-trowel-pth-h100b\/#breadcrumb"},"inLanguage":"tr","potentialAction":[{"@type":"ReadAction","target":["https:\/\/www.hsymachinery.com\/product\/walk-behind-power-trowel-pth-h100b\/"]}]},{"@type":"ImageObject","inLanguage":"tr","@id":"https:\/\/www.hsymachinery.com\/product\/walk-behind-power-trowel-pth-h100b\/#primaryimage","url":"https:\/\/www.hsymachinery.com\/wp-content\/uploads\/2025\/06\/Walk-Behind-Power-Trowel-PTH-H100B.jpg","contentUrl":"https:\/\/www.hsymachinery.com\/wp-content\/uploads\/2025\/06\/Walk-Behind-Power-Trowel-PTH-H100B.jpg","width":600,"height":738},{"@type":"BreadcrumbList","@id":"https:\/\/www.hsymachinery.com\/product\/walk-behind-power-trowel-pth-h100b\/#breadcrumb","itemListElement":[{"@type":"ListItem","position":1,"name":"home","item":"https:\/\/www.hsymachinery.com\/"},{"@type":"ListItem","position":2,"name":"products","item":"https:\/\/www.hsymachinery.com\/products\/"},{"@type":"ListItem","position":3,"name":"Walk-Behind Power Trowel PTH-H100B"}]},{"@type":"WebSite","@id":"https:\/\/www.hsymachinery.com\/#website","url":"https:\/\/www.hsymachinery.com\/","name":"HSY \u0130n\u015faat Makineleri","description":"HSY Machinery - \u00c7ok \u00e7e\u015fitli hafif in\u015faat ekipmanlar\u0131 sunan lider bir \u00c7in in\u015faat makineleri tedarik\u00e7isi. Ba\u015fl\u0131ca \u00fcr\u00fcnlerimiz aras\u0131nda Demir Kesme Makinesi, Demir B\u00fckme Makinesi, Demir \u00dczengi B\u00fckme Makinesi, Demir Ark B\u00fckme Makinesi, Demir Do\u011frultma Makinesi, Be\u015f Kafal\u0131 Demir \u00dczengi B\u00fckme Makinesi, S\u0131k\u0131\u015ft\u0131rma Tokma\u011f\u0131, Plaka Kompakt\u00f6r\u00fc, Beton Kesici, Elektrikli Mala ve di\u011fer in\u015faat makineleri bulunmaktad\u0131r. Geli\u015fmi\u015f CNC makineleri ile donat\u0131lm\u0131\u015ft\u0131r ve kapsaml\u0131 sat\u0131\u015f sonras\u0131 hizmet ile birlikte s\u0131k\u0131 kalite kontrol standartlar\u0131n\u0131 uyguluyoruz. \u00dcr\u00fcnlerimiz veya hizmetlerimizle ilgileniyorsan\u0131z, sorular\u0131n\u0131z\u0131 mesaj yoluyla s\u0131cak bir \u015fekilde kar\u015f\u0131l\u0131yoruz.","publisher":{"@id":"https:\/\/www.hsymachinery.com\/#organization"},"potentialAction":[{"@type":"SearchAction","target":{"@type":"EntryPoint","urlTemplate":"https:\/\/www.hsymachinery.com\/?s={search_term_string}"},"query-input":{"@type":"PropertyValueSpecification","valueRequired":true,"valueName":"search_term_string"}}],"inLanguage":"tr"},{"@type":"Organization","@id":"https:\/\/www.hsymachinery.com\/#organization","name":"HSY \u0130n\u015faat Makineleri","url":"https:\/\/www.hsymachinery.com\/","logo":{"@type":"ImageObject","inLanguage":"tr","@id":"https:\/\/www.hsymachinery.com\/#\/schema\/logo\/image\/","url":"https:\/\/www.hsymachinery.com\/wp-content\/uploads\/2025\/06\/cropped-HSY-machinery.png","contentUrl":"https:\/\/www.hsymachinery.com\/wp-content\/uploads\/2025\/06\/cropped-HSY-machinery.png","width":600,"height":240,"caption":"HSY Construction Machinery"},"image":{"@id":"https:\/\/www.hsymachinery.com\/#\/schema\/logo\/image\/"}}]}},"_links":{"self":[{"href":"https:\/\/www.hsymachinery.com\/tr\/wp-json\/wp\/v2\/product\/9214","targetHints":{"allow":["GET"]}}],"collection":[{"href":"https:\/\/www.hsymachinery.com\/tr\/wp-json\/wp\/v2\/product"}],"about":[{"href":"https:\/\/www.hsymachinery.com\/tr\/wp-json\/wp\/v2\/types\/product"}],"version-history":[{"count":3,"href":"https:\/\/www.hsymachinery.com\/tr\/wp-json\/wp\/v2\/product\/9214\/revisions"}],"predecessor-version":[{"id":9608,"href":"https:\/\/www.hsymachinery.com\/tr\/wp-json\/wp\/v2\/product\/9214\/revisions\/9608"}],"wp:featuredmedia":[{"embeddable":true,"href":"https:\/\/www.hsymachinery.com\/tr\/wp-json\/wp\/v2\/media\/9215"}],"wp:attachment":[{"href":"https:\/\/www.hsymachinery.com\/tr\/wp-json\/wp\/v2\/media?parent=9214"}],"wp:term":[{"taxonomy":"product_brand","embeddable":true,"href":"https:\/\/www.hsymachinery.com\/tr\/wp-json\/wp\/v2\/product_brand?post=9214"},{"taxonomy":"product_cat","embeddable":true,"href":"https:\/\/www.hsymachinery.com\/tr\/wp-json\/wp\/v2\/product_cat?post=9214"},{"taxonomy":"product_tag","embeddable":true,"href":"https:\/\/www.hsymachinery.com\/tr\/wp-json\/wp\/v2\/product_tag?post=9214"}],"curies":[{"name":"wp","href":"https:\/\/api.w.org\/{rel}","templated":true}]}}