{"id":9205,"date":"2025-06-18T20:34:21","date_gmt":"2025-06-18T12:34:21","guid":{"rendered":"https:\/\/www.hsymachinery.com\/?post_type=product&#038;p=9205"},"modified":"2025-06-28T23:07:53","modified_gmt":"2025-06-28T15:07:53","slug":"arkada-yuruyen-mala-pth-d60-90a","status":"publish","type":"product","link":"https:\/\/www.hsymachinery.com\/tr\/product\/arkada-yuruyen-mala-pth-d60-90a\/","title":{"rendered":"Arkadan \u00c7ekmeli Elektrikli Mala PTH-D60\/90A"},"content":{"rendered":"<h2 data-start=\"148\" data-end=\"192\">Arkadan \u00c7ekmeli Elektrikli Mala PTH-D60\/90A<\/h2>\n<h3 data-start=\"193\" data-end=\"307\">PTH-D60\/90A Geli\u015ftirilmi\u015f Elektrikli Beton Malas\u0131 | \u0130\u00e7 Mekan D\u00f6\u015feme Projeleri i\u00e7in Kompakt, Sessiz ve Dayan\u0131kl\u0131 Son \u0130\u015flem<\/h3>\n<h3 data-start=\"314\" data-end=\"420\">\u00dcr\u00fcn A\u00e7\u0131klamas\u0131 - Temiz ve Tutarl\u0131 \u0130\u00e7 Mekan Beton Son \u0130\u015flemi i\u00e7in G\u00fc\u00e7lendirilmi\u015f Elektrikli Mala<a href=\"https:\/\/www.hsymachinery.com\/tr\/urunler\/elektrikli-mala-arkasinda-yurume\/\" target=\"_blank\" rel=\"noopener\"><img fetchpriority=\"high\" decoding=\"async\" class=\"wp-image-9206 alignright\" src=\"https:\/\/www.hsymachinery.com\/wp-content\/uploads\/2025\/06\/Walk-Behind-Power-Trowel-PTH-D60A-244x300.jpg\" alt=\"\" width=\"451\" height=\"555\" srcset=\"https:\/\/www.hsymachinery.com\/wp-content\/uploads\/2025\/06\/Walk-Behind-Power-Trowel-PTH-D60A-244x300.jpg 244w, https:\/\/www.hsymachinery.com\/wp-content\/uploads\/2025\/06\/Walk-Behind-Power-Trowel-PTH-D60A.jpg 600w\" sizes=\"(max-width: 451px) 100vw, 451px\" \/><\/a><\/h3>\n<p data-start=\"422\" data-end=\"849\">Bu <strong data-start=\"426\" data-end=\"466\">PTH-D60\/90A Arkadan \u00c7ekmeli Elektrikli Mala<\/strong> d\u00fc\u015f\u00fck g\u00fcr\u00fclt\u00fc ve s\u0131f\u0131r emisyonun gerekli oldu\u011fu i\u00e7 beton kaplama uygulamalar\u0131 i\u00e7in \u00f6zel olarak geli\u015ftirilmi\u015f elektrikle \u00e7al\u0131\u015fan g\u00fc\u00e7lendirilmi\u015f bir modeldir. PTH-D60\/90'\u0131n y\u00fckseltilmi\u015f bir versiyonu olan bu makine, elektrik g\u00fcc\u00fcn\u00fcn avantajlar\u0131n\u0131 korurken geli\u015fmi\u015f mekanik mukavemet, geli\u015fmi\u015f b\u0131\u00e7ak hassasiyeti ve daha fazla \u00e7al\u0131\u015fma kararl\u0131l\u0131\u011f\u0131 sunar.<\/p>\n<p data-start=\"851\" data-end=\"1210\">Sa\u011flam bir elektrik motoruna sahip olan PTH-D60\/90A, sessiz ve verimli \u00e7al\u0131\u015farak hastane zeminleri, ticari bodrumlar, mutfaklar ve ofis binalar\u0131 i\u00e7in m\u00fckemmeldir. 60-90 cm perdahlama \u00e7ap\u0131, manevra kabiliyeti ve \u00fcretkenlik aras\u0131nda m\u00fckemmel bir denge kurarak kullan\u0131c\u0131lar\u0131n orta b\u00fcy\u00fckl\u00fckteki plakalar\u0131 kolayl\u0131kla tamamlamas\u0131na olanak tan\u0131r.<\/p>\n<p data-start=\"1212\" data-end=\"1617\">Buna ek olarak, operat\u00f6rler kaba y\u00fczd\u00fcrmeden son parlatmaya ge\u00e7i\u015f i\u00e7in b\u0131\u00e7ak hatvesini zahmetsizce ayarlayabilir. Titre\u015fim \u00f6nleyici, katlanabilir tutamak, uzun vardiyalar s\u0131ras\u0131nda kullan\u0131c\u0131 yorgunlu\u011funu en aza indirir ve depolama veya ta\u015f\u0131may\u0131 kolayla\u015ft\u0131r\u0131r. Ayr\u0131ca geli\u015fmi\u015f di\u015fli kutusu, dayan\u0131kl\u0131 \u00f6r\u00fcmcek kollar\u0131 ve y\u00fcksek mukavemetli koruyucu halkas\u0131, s\u00fcrekli kullan\u0131mda bile uzun \u00f6m\u00fcrl\u00fc g\u00fcvenilirlik sa\u011flar.<\/p>\n<p data-start=\"1619\" data-end=\"1814\">Bu model, \u00e7evreye zarar vermeden profesyonel beton sonu\u00e7lar\u0131 sa\u011flayan sessiz, yak\u0131ts\u0131z ve az bak\u0131m gerektiren son i\u015flem aletlerine ihtiya\u00e7 duyan y\u00fckleniciler i\u00e7in m\u00fckemmel bir se\u00e7imdir.<\/p>\n<h3 data-start=\"1821\" data-end=\"1874\">PTH-D60\/90A Arkadan \u00c7ekmeli Malan\u0131n Temel \u00d6zellikleri<\/h3>\n<ul data-start=\"1876\" data-end=\"2240\">\n<li data-start=\"1876\" data-end=\"1938\">\n<p data-start=\"1878\" data-end=\"1938\">Y\u00fckseltilmi\u015f elektrik motoru g\u00fc\u00e7l\u00fc ve sessiz \u00e7al\u0131\u015fma sa\u011flar<\/p>\n<\/li>\n<li data-start=\"1939\" data-end=\"1996\">\n<p data-start=\"1941\" data-end=\"1996\">60-90 cm \u00e7al\u0131\u015fma \u00e7ap\u0131 orta \u00f6l\u00e7ekli d\u00f6\u015feme i\u015flerine uygundur<\/p>\n<\/li>\n<li data-start=\"1997\" data-end=\"2052\">\n<p data-start=\"1999\" data-end=\"2052\">Ayarlanabilir b\u0131\u00e7ak aral\u0131\u011f\u0131 son i\u015flem esnekli\u011fi sunar<\/p>\n<\/li>\n<li data-start=\"2053\" data-end=\"2115\">\n<p data-start=\"2055\" data-end=\"2115\">Ergonomik tutamak yorgunlu\u011fu azalt\u0131r ve ta\u015f\u0131nabilirlik i\u00e7in katlan\u0131r<\/p>\n<\/li>\n<li data-start=\"2116\" data-end=\"2176\">\n<p data-start=\"2118\" data-end=\"2176\">Daha fazla dayan\u0131kl\u0131l\u0131k i\u00e7in g\u00fc\u00e7lendirilmi\u015f di\u015fli kutusu ve yap\u0131<\/p>\n<\/li>\n<li data-start=\"2177\" data-end=\"2240\">\n<p data-start=\"2179\" data-end=\"2240\">G\u00fcr\u00fclt\u00fc ve emisyona duyarl\u0131 alanlarda i\u00e7 mekan kullan\u0131m\u0131 i\u00e7in ideal<\/p>\n<\/li>\n<\/ul>\n<h3 data-start=\"2247\" data-end=\"2334\">Uygulamalar - Ofisler, Okullar, Hastaneler ve Kapal\u0131 Ticari Alanlar i\u00e7in M\u00fckemmel<\/h3>\n<p data-start=\"2336\" data-end=\"2653\">Elektrikli motoru ve kompakt boyutu sayesinde PTH-D60\/90A e\u011fitim kurumlar\u0131, sa\u011fl\u0131k tesisleri, s\u00fcpermarketler ve \u00e7ok katl\u0131 binalardaki i\u00e7 mekan son i\u015flem g\u00f6revleri i\u00e7in \u00e7ok uygundur. Emisyonsuz \u00e7al\u0131\u015fmas\u0131, s\u0131k\u0131 g\u00fcvenlik ve hava kalitesi y\u00f6netmeliklerine uygunluk sa\u011flar.<\/p>\n<p data-start=\"2655\" data-end=\"2817\">Sonu\u00e7 olarak, profesyoneller hem performans hem de \u00e7evre uyumlulu\u011fu a\u00e7\u0131s\u0131ndan \u00fcst\u00fcn olan kompakt ancak g\u00fc\u00e7l\u00fc bir malaya ihtiya\u00e7 duyduklar\u0131nda PTH-D60\/90A'y\u0131 tercih etmektedir.<\/p>\n<p><iframe title=\"mala,elle itmeli mala,mala,beton 1TP10Mala #powertrowe#concrete\" width=\"720\" height=\"405\" src=\"https:\/\/www.youtube.com\/embed\/pa6AuNhMrwI?feature=oembed\" frameborder=\"0\" allow=\"accelerometer; autoplay; clipboard-write; encrypted-media; gyroscope; picture-in-picture; web-share\" referrerpolicy=\"strict-origin-when-cross-origin\" allowfullscreen><\/iframe><\/p>","protected":false},"excerpt":{"rendered":"<p>PTH-D60\/90A elektrikli arkadan \u00e7ekmeli beton malas\u0131, g\u00fcvenli ve verimli i\u00e7 mekan d\u00f6\u015feme finisaj\u0131 i\u00e7in g\u00fc\u00e7lendirilmi\u015f yap\u0131, sessiz \u00e7al\u0131\u015fma ve 60-90 cm kapsama alan\u0131 sunar.<\/p>","protected":false},"featured_media":9206,"template":"","meta":{"_kad_post_transparent":"default","_kad_post_title":"","_kad_post_layout":"default","_kad_post_sidebar_id":"","_kad_post_content_style":"default","_kad_post_vertical_padding":"default","_kad_post_feature":"","_kad_post_feature_position":"","_kad_post_header":false,"_kad_post_footer":false},"product_brand":[],"product_cat":[55],"product_tag":[1084,1083,1087,1081,1086,1085,1089,1088,1090,1082],"class_list":{"0":"post-9205","1":"product","2":"type-product","3":"status-publish","4":"has-post-thumbnail","6":"product_cat-walk-behind-power-trowel","7":"product_tag-cement-power-trowel","8":"product_tag-concrete-finishing-trowel","9":"product_tag-concrete-floor-finishing-machine","10":"product_tag-concrete-power-trowel","11":"product_tag-electric-walk-behind-trowel","12":"product_tag-gasoline-power-trowel","13":"product_tag-hand-operated-power-trowel","14":"product_tag-manual-power-trowel","15":"product_tag-walk-behind-concrete-finishing-machine","16":"product_tag-walk-behind-trowel-machine","18":"first","19":"instock","20":"shipping-taxable","21":"product-type-simple","22":"entry","23":"content-bg","24":"loop-entry"},"yoast_head":"<!-- This site is optimized with the Yoast SEO plugin v25.3.1 - https:\/\/yoast.com\/wordpress\/plugins\/seo\/ -->\n<title>Walk-Behind Power Trowel PTH-D60\/90A - HSY Construction Machinery<\/title>\n<meta name=\"description\" content=\"PTH-D60\/90A electric power trowel offers reinforced performance and quiet, emission-free operation for indoor concrete finishing. Ideal for offices, hospitals, and basements.Walk-Behind Power Trowel PTH-D60\/90A\" \/>\n<meta name=\"robots\" content=\"index, follow, max-snippet:-1, max-image-preview:large, max-video-preview:-1\" \/>\n<link rel=\"canonical\" href=\"https:\/\/www.hsymachinery.com\/tr\/product\/arkada-yuruyen-mala-pth-d60-90a\/\" \/>\n<meta property=\"og:locale\" content=\"tr_TR\" \/>\n<meta property=\"og:type\" content=\"article\" \/>\n<meta property=\"og:title\" content=\"Walk-Behind Power Trowel PTH-D60\/90A - HSY Construction Machinery\" \/>\n<meta property=\"og:description\" content=\"PTH-D60\/90A electric power trowel offers reinforced performance and quiet, emission-free operation for indoor concrete finishing. Ideal for offices, hospitals, and basements.Walk-Behind Power Trowel PTH-D60\/90A\" \/>\n<meta property=\"og:url\" content=\"https:\/\/www.hsymachinery.com\/tr\/product\/arkada-yuruyen-mala-pth-d60-90a\/\" \/>\n<meta property=\"og:site_name\" content=\"HSY Construction Machinery\" \/>\n<meta property=\"article:modified_time\" content=\"2025-06-28T15:07:53+00:00\" \/>\n<meta property=\"og:image\" content=\"https:\/\/www.hsymachinery.com\/wp-content\/uploads\/2025\/06\/Walk-Behind-Power-Trowel-PTH-D60A.jpg\" \/>\n\t<meta property=\"og:image:width\" content=\"600\" \/>\n\t<meta property=\"og:image:height\" content=\"738\" \/>\n\t<meta property=\"og:image:type\" content=\"image\/jpeg\" \/>\n<meta name=\"twitter:card\" content=\"summary_large_image\" \/>\n<meta name=\"twitter:label1\" content=\"Tahmini okuma s\u00fcresi\" \/>\n\t<meta name=\"twitter:data1\" content=\"2 dakika\" \/>\n<script type=\"application\/ld+json\" class=\"yoast-schema-graph\">{\"@context\":\"https:\/\/schema.org\",\"@graph\":[{\"@type\":\"WebPage\",\"@id\":\"https:\/\/www.hsymachinery.com\/product\/walk-behind-power-trowel-pth-d60-90a\/\",\"url\":\"https:\/\/www.hsymachinery.com\/product\/walk-behind-power-trowel-pth-d60-90a\/\",\"name\":\"Walk-Behind Power Trowel PTH-D60\/90A - HSY Construction Machinery\",\"isPartOf\":{\"@id\":\"https:\/\/www.hsymachinery.com\/#website\"},\"primaryImageOfPage\":{\"@id\":\"https:\/\/www.hsymachinery.com\/product\/walk-behind-power-trowel-pth-d60-90a\/#primaryimage\"},\"image\":{\"@id\":\"https:\/\/www.hsymachinery.com\/product\/walk-behind-power-trowel-pth-d60-90a\/#primaryimage\"},\"thumbnailUrl\":\"https:\/\/www.hsymachinery.com\/wp-content\/uploads\/2025\/06\/Walk-Behind-Power-Trowel-PTH-D60A.jpg\",\"datePublished\":\"2025-06-18T12:34:21+00:00\",\"dateModified\":\"2025-06-28T15:07:53+00:00\",\"description\":\"PTH-D60\/90A electric power trowel offers reinforced performance and quiet, emission-free operation for indoor concrete finishing. Ideal for offices, hospitals, and basements.Walk-Behind Power Trowel PTH-D60\/90A\",\"breadcrumb\":{\"@id\":\"https:\/\/www.hsymachinery.com\/product\/walk-behind-power-trowel-pth-d60-90a\/#breadcrumb\"},\"inLanguage\":\"tr\",\"potentialAction\":[{\"@type\":\"ReadAction\",\"target\":[\"https:\/\/www.hsymachinery.com\/product\/walk-behind-power-trowel-pth-d60-90a\/\"]}]},{\"@type\":\"ImageObject\",\"inLanguage\":\"tr\",\"@id\":\"https:\/\/www.hsymachinery.com\/product\/walk-behind-power-trowel-pth-d60-90a\/#primaryimage\",\"url\":\"https:\/\/www.hsymachinery.com\/wp-content\/uploads\/2025\/06\/Walk-Behind-Power-Trowel-PTH-D60A.jpg\",\"contentUrl\":\"https:\/\/www.hsymachinery.com\/wp-content\/uploads\/2025\/06\/Walk-Behind-Power-Trowel-PTH-D60A.jpg\",\"width\":600,\"height\":738},{\"@type\":\"BreadcrumbList\",\"@id\":\"https:\/\/www.hsymachinery.com\/product\/walk-behind-power-trowel-pth-d60-90a\/#breadcrumb\",\"itemListElement\":[{\"@type\":\"ListItem\",\"position\":1,\"name\":\"home\",\"item\":\"https:\/\/www.hsymachinery.com\/\"},{\"@type\":\"ListItem\",\"position\":2,\"name\":\"products\",\"item\":\"https:\/\/www.hsymachinery.com\/products\/\"},{\"@type\":\"ListItem\",\"position\":3,\"name\":\"Walk-Behind Power Trowel PTH-D60\/90A\"}]},{\"@type\":\"WebSite\",\"@id\":\"https:\/\/www.hsymachinery.com\/#website\",\"url\":\"https:\/\/www.hsymachinery.com\/\",\"name\":\"HSY Construction Machinery\",\"description\":\"HSY Machinery \u2013 A leading China construction machinery supplier, offering a wide range of light construction equipment. Our main products include Rebar Cutting Machine, Rebar Bending Machine, Rebar Stirrup Bending Machine, Rebar Arc Bending Machine, Rebar Straightening Machine, Five-Head Rebar Stirrup Bending Machine, Tamping Rammer, Plate Compactor, Concrete Cutter, Power Trowel, and other construction machinery. We are equipped with advanced CNC machines, and we enforce strict quality inspection standards along with comprehensive after-sales service. If you are interested in our products or services, we warmly welcome your inquiries via message.\",\"publisher\":{\"@id\":\"https:\/\/www.hsymachinery.com\/#organization\"},\"potentialAction\":[{\"@type\":\"SearchAction\",\"target\":{\"@type\":\"EntryPoint\",\"urlTemplate\":\"https:\/\/www.hsymachinery.com\/?s={search_term_string}\"},\"query-input\":{\"@type\":\"PropertyValueSpecification\",\"valueRequired\":true,\"valueName\":\"search_term_string\"}}],\"inLanguage\":\"tr\"},{\"@type\":\"Organization\",\"@id\":\"https:\/\/www.hsymachinery.com\/#organization\",\"name\":\"HSY Construction Machinery\",\"url\":\"https:\/\/www.hsymachinery.com\/\",\"logo\":{\"@type\":\"ImageObject\",\"inLanguage\":\"tr\",\"@id\":\"https:\/\/www.hsymachinery.com\/#\/schema\/logo\/image\/\",\"url\":\"https:\/\/www.hsymachinery.com\/wp-content\/uploads\/2025\/06\/cropped-HSY-machinery.png\",\"contentUrl\":\"https:\/\/www.hsymachinery.com\/wp-content\/uploads\/2025\/06\/cropped-HSY-machinery.png\",\"width\":600,\"height\":240,\"caption\":\"HSY Construction Machinery\"},\"image\":{\"@id\":\"https:\/\/www.hsymachinery.com\/#\/schema\/logo\/image\/\"}}]}<\/script>\n<!-- \/ Yoast SEO plugin. -->","yoast_head_json":{"title":"Arkadan \u00c7ekmeli Elektrikli Mala PTH-D60\/90A - HSY Construction Machinery","description":"PTH-D60\/90A elektrikli mala, i\u00e7 mekan beton perdah\u0131 i\u00e7in g\u00fc\u00e7lendirilmi\u015f performans ve sessiz, emisyonsuz \u00e7al\u0131\u015fma sunar. Ofisler, hastaneler ve bodrumlar i\u00e7in idealdir Arkadan \u00c7ekmeli Elektrikli Mala PTH-D60\/90A","robots":{"index":"index","follow":"follow","max-snippet":"max-snippet:-1","max-image-preview":"max-image-preview:large","max-video-preview":"max-video-preview:-1"},"canonical":"https:\/\/www.hsymachinery.com\/tr\/product\/arkada-yuruyen-mala-pth-d60-90a\/","og_locale":"tr_TR","og_type":"article","og_title":"Walk-Behind Power Trowel PTH-D60\/90A - HSY Construction Machinery","og_description":"PTH-D60\/90A electric power trowel offers reinforced performance and quiet, emission-free operation for indoor concrete finishing. Ideal for offices, hospitals, and basements.Walk-Behind Power Trowel PTH-D60\/90A","og_url":"https:\/\/www.hsymachinery.com\/tr\/product\/arkada-yuruyen-mala-pth-d60-90a\/","og_site_name":"HSY Construction Machinery","article_modified_time":"2025-06-28T15:07:53+00:00","og_image":[{"width":600,"height":738,"url":"https:\/\/www.hsymachinery.com\/wp-content\/uploads\/2025\/06\/Walk-Behind-Power-Trowel-PTH-D60A.jpg","type":"image\/jpeg"}],"twitter_card":"summary_large_image","twitter_misc":{"Tahmini okuma s\u00fcresi":"2 dakika"},"schema":{"@context":"https:\/\/schema.org","@graph":[{"@type":"WebPage","@id":"https:\/\/www.hsymachinery.com\/product\/walk-behind-power-trowel-pth-d60-90a\/","url":"https:\/\/www.hsymachinery.com\/product\/walk-behind-power-trowel-pth-d60-90a\/","name":"Arkadan \u00c7ekmeli Elektrikli Mala PTH-D60\/90A - HSY Construction Machinery","isPartOf":{"@id":"https:\/\/www.hsymachinery.com\/#website"},"primaryImageOfPage":{"@id":"https:\/\/www.hsymachinery.com\/product\/walk-behind-power-trowel-pth-d60-90a\/#primaryimage"},"image":{"@id":"https:\/\/www.hsymachinery.com\/product\/walk-behind-power-trowel-pth-d60-90a\/#primaryimage"},"thumbnailUrl":"https:\/\/www.hsymachinery.com\/wp-content\/uploads\/2025\/06\/Walk-Behind-Power-Trowel-PTH-D60A.jpg","datePublished":"2025-06-18T12:34:21+00:00","dateModified":"2025-06-28T15:07:53+00:00","description":"PTH-D60\/90A elektrikli mala, i\u00e7 mekan beton perdah\u0131 i\u00e7in g\u00fc\u00e7lendirilmi\u015f performans ve sessiz, emisyonsuz \u00e7al\u0131\u015fma sunar. Ofisler, hastaneler ve bodrumlar i\u00e7in idealdir Arkadan \u00c7ekmeli Elektrikli Mala PTH-D60\/90A","breadcrumb":{"@id":"https:\/\/www.hsymachinery.com\/product\/walk-behind-power-trowel-pth-d60-90a\/#breadcrumb"},"inLanguage":"tr","potentialAction":[{"@type":"ReadAction","target":["https:\/\/www.hsymachinery.com\/product\/walk-behind-power-trowel-pth-d60-90a\/"]}]},{"@type":"ImageObject","inLanguage":"tr","@id":"https:\/\/www.hsymachinery.com\/product\/walk-behind-power-trowel-pth-d60-90a\/#primaryimage","url":"https:\/\/www.hsymachinery.com\/wp-content\/uploads\/2025\/06\/Walk-Behind-Power-Trowel-PTH-D60A.jpg","contentUrl":"https:\/\/www.hsymachinery.com\/wp-content\/uploads\/2025\/06\/Walk-Behind-Power-Trowel-PTH-D60A.jpg","width":600,"height":738},{"@type":"BreadcrumbList","@id":"https:\/\/www.hsymachinery.com\/product\/walk-behind-power-trowel-pth-d60-90a\/#breadcrumb","itemListElement":[{"@type":"ListItem","position":1,"name":"home","item":"https:\/\/www.hsymachinery.com\/"},{"@type":"ListItem","position":2,"name":"products","item":"https:\/\/www.hsymachinery.com\/products\/"},{"@type":"ListItem","position":3,"name":"Walk-Behind Power Trowel PTH-D60\/90A"}]},{"@type":"WebSite","@id":"https:\/\/www.hsymachinery.com\/#website","url":"https:\/\/www.hsymachinery.com\/","name":"HSY \u0130n\u015faat Makineleri","description":"HSY Machinery - \u00c7ok \u00e7e\u015fitli hafif in\u015faat ekipmanlar\u0131 sunan lider bir \u00c7in in\u015faat makineleri tedarik\u00e7isi. Ba\u015fl\u0131ca \u00fcr\u00fcnlerimiz aras\u0131nda Demir Kesme Makinesi, Demir B\u00fckme Makinesi, Demir \u00dczengi B\u00fckme Makinesi, Demir Ark B\u00fckme Makinesi, Demir Do\u011frultma Makinesi, Be\u015f Kafal\u0131 Demir \u00dczengi B\u00fckme Makinesi, S\u0131k\u0131\u015ft\u0131rma Tokma\u011f\u0131, Plaka Kompakt\u00f6r\u00fc, Beton Kesici, Elektrikli Mala ve di\u011fer in\u015faat makineleri bulunmaktad\u0131r. Geli\u015fmi\u015f CNC makineleri ile donat\u0131lm\u0131\u015ft\u0131r ve kapsaml\u0131 sat\u0131\u015f sonras\u0131 hizmet ile birlikte s\u0131k\u0131 kalite kontrol standartlar\u0131n\u0131 uyguluyoruz. \u00dcr\u00fcnlerimiz veya hizmetlerimizle ilgileniyorsan\u0131z, sorular\u0131n\u0131z\u0131 mesaj yoluyla s\u0131cak bir \u015fekilde kar\u015f\u0131l\u0131yoruz.","publisher":{"@id":"https:\/\/www.hsymachinery.com\/#organization"},"potentialAction":[{"@type":"SearchAction","target":{"@type":"EntryPoint","urlTemplate":"https:\/\/www.hsymachinery.com\/?s={search_term_string}"},"query-input":{"@type":"PropertyValueSpecification","valueRequired":true,"valueName":"search_term_string"}}],"inLanguage":"tr"},{"@type":"Organization","@id":"https:\/\/www.hsymachinery.com\/#organization","name":"HSY \u0130n\u015faat Makineleri","url":"https:\/\/www.hsymachinery.com\/","logo":{"@type":"ImageObject","inLanguage":"tr","@id":"https:\/\/www.hsymachinery.com\/#\/schema\/logo\/image\/","url":"https:\/\/www.hsymachinery.com\/wp-content\/uploads\/2025\/06\/cropped-HSY-machinery.png","contentUrl":"https:\/\/www.hsymachinery.com\/wp-content\/uploads\/2025\/06\/cropped-HSY-machinery.png","width":600,"height":240,"caption":"HSY Construction Machinery"},"image":{"@id":"https:\/\/www.hsymachinery.com\/#\/schema\/logo\/image\/"}}]}},"_links":{"self":[{"href":"https:\/\/www.hsymachinery.com\/tr\/wp-json\/wp\/v2\/product\/9205","targetHints":{"allow":["GET"]}}],"collection":[{"href":"https:\/\/www.hsymachinery.com\/tr\/wp-json\/wp\/v2\/product"}],"about":[{"href":"https:\/\/www.hsymachinery.com\/tr\/wp-json\/wp\/v2\/types\/product"}],"version-history":[{"count":3,"href":"https:\/\/www.hsymachinery.com\/tr\/wp-json\/wp\/v2\/product\/9205\/revisions"}],"predecessor-version":[{"id":9602,"href":"https:\/\/www.hsymachinery.com\/tr\/wp-json\/wp\/v2\/product\/9205\/revisions\/9602"}],"wp:featuredmedia":[{"embeddable":true,"href":"https:\/\/www.hsymachinery.com\/tr\/wp-json\/wp\/v2\/media\/9206"}],"wp:attachment":[{"href":"https:\/\/www.hsymachinery.com\/tr\/wp-json\/wp\/v2\/media?parent=9205"}],"wp:term":[{"taxonomy":"product_brand","embeddable":true,"href":"https:\/\/www.hsymachinery.com\/tr\/wp-json\/wp\/v2\/product_brand?post=9205"},{"taxonomy":"product_cat","embeddable":true,"href":"https:\/\/www.hsymachinery.com\/tr\/wp-json\/wp\/v2\/product_cat?post=9205"},{"taxonomy":"product_tag","embeddable":true,"href":"https:\/\/www.hsymachinery.com\/tr\/wp-json\/wp\/v2\/product_tag?post=9205"}],"curies":[{"name":"wp","href":"https:\/\/api.w.org\/{rel}","templated":true}]}}