{"id":9199,"date":"2025-06-18T20:30:49","date_gmt":"2025-06-18T12:30:49","guid":{"rendered":"https:\/\/www.hsymachinery.com\/?post_type=product&#038;p=9199"},"modified":"2025-06-28T22:59:07","modified_gmt":"2025-06-28T14:59:07","slug":"arkada-yuruyen-elektrikli-mala-pth-d60-90","status":"publish","type":"product","link":"https:\/\/www.hsymachinery.com\/tr\/product\/arkada-yuruyen-elektrikli-mala-pth-d60-90\/","title":{"rendered":"Arkadan \u00c7ekmeli Elektrikli Mala PTH-D60\/90"},"content":{"rendered":"<h2 data-start=\"149\" data-end=\"192\">Arkadan \u00c7ekmeli Elektrikli Mala PTH-D60\/90<\/h2>\n<h3 data-start=\"193\" data-end=\"293\">PTH-D60\/90 Elektrikli Mala | \u0130\u00e7 Mekan Beton Son \u0130\u015flemleri i\u00e7in \u00c7evre Dostu ve Sessiz \u00c7\u00f6z\u00fcm<\/h3>\n<h3 data-start=\"300\" data-end=\"394\">\u00dcr\u00fcn A\u00e7\u0131klamas\u0131 - \u0130\u00e7 Mekan ve Kapal\u0131 Projeler i\u00e7in Kompakt Elektrikli Beton Malas\u0131<a href=\"https:\/\/www.hsymachinery.com\/tr\/urunler\/elektrikli-mala-arkasinda-yurume\/\" target=\"_blank\" rel=\"noopener\"><img fetchpriority=\"high\" decoding=\"async\" class=\"wp-image-9200 alignright\" src=\"https:\/\/www.hsymachinery.com\/wp-content\/uploads\/2025\/06\/Walk-Behind-Power-Trowel-PTH-D60-244x300.jpg\" alt=\"\" width=\"452\" height=\"556\" srcset=\"https:\/\/www.hsymachinery.com\/wp-content\/uploads\/2025\/06\/Walk-Behind-Power-Trowel-PTH-D60-244x300.jpg 244w, https:\/\/www.hsymachinery.com\/wp-content\/uploads\/2025\/06\/Walk-Behind-Power-Trowel-PTH-D60.jpg 600w\" sizes=\"(max-width: 452px) 100vw, 452px\" \/><\/a><\/h3>\n<p data-start=\"396\" data-end=\"794\">Bu <strong data-start=\"400\" data-end=\"439\">PTH-D60\/90 Arkadan \u00c7ekmeli Elektrikli Mala<\/strong> elektrik motoruyla \u00e7al\u0131\u015fan kompakt bir beton y\u00fczey bitirme makinesidir ve g\u00fcr\u00fclt\u00fcye duyarl\u0131 veya havaland\u0131rman\u0131n s\u0131n\u0131rl\u0131 oldu\u011fu ortamlarda kullan\u0131m i\u00e7in idealdir. Hem konut hem de ticari uygulamalar i\u00e7in tasarlanan bu model, emisyonsuz g\u00fcvenilir performans sunarak i\u00e7 mekan beton perdahlama i\u015flemleri i\u00e7in m\u00fckemmel bir se\u00e7imdir.<\/p>\n<p data-start=\"796\" data-end=\"1174\">Perdahlama \u00e7ap\u0131 60 ila 90 cm olan PTH-D60\/90, \u00e7ok y\u00f6nl\u00fc bir kapsama alan\u0131 sa\u011flayarak operat\u00f6rlerin k\u00fc\u00e7\u00fck ila orta \u00f6l\u00e7ekli plakalar\u0131 verimli bir \u015fekilde bitirmesine olanak tan\u0131r. Ayarlanabilir b\u0131\u00e7ak aral\u0131\u011f\u0131 kontrol sistemi, operat\u00f6r\u00fcn tutarl\u0131l\u0131\u011f\u0131 ve y\u00fczey p\u00fcr\u00fczs\u00fczl\u00fc\u011f\u00fcn\u00fc korurken, ilk y\u00fczd\u00fcrmeden son cilalamaya kadar farkl\u0131 son i\u015flem a\u015famalar\u0131 aras\u0131nda sorunsuz bir \u015fekilde ge\u00e7i\u015f yapabilmesini sa\u011flar.<\/p>\n<p data-start=\"1176\" data-end=\"1526\">Buna ek olarak, elektrikli g\u00fc\u00e7 aktarma sistemi sessiz ve minimum titre\u015fimle \u00e7al\u0131\u015f\u0131r, bu da uzun s\u00fcreli \u00e7al\u0131\u015fma s\u0131ras\u0131nda kullan\u0131c\u0131n\u0131n yorulmas\u0131n\u0131 azalt\u0131r. Ergonomik, katlanabilir sap, konforu ve ta\u015f\u0131ma kolayl\u0131\u011f\u0131n\u0131 daha da art\u0131r\u0131r. G\u00fc\u00e7lendirilmi\u015f di\u015fli kutusu, sa\u011flam b\u0131\u00e7ak kollar\u0131 ve g\u00fcvenlik halkas\u0131, g\u00fcnl\u00fck kullan\u0131m ko\u015fullar\u0131nda bile uzun s\u00fcreli g\u00fcvenilirlik sa\u011flar.<\/p>\n<p data-start=\"1528\" data-end=\"1753\">Ayr\u0131ca, yak\u0131ts\u0131z \u00e7al\u0131\u015ft\u0131\u011f\u0131ndan, PTH-D60\/90 hava kalitesi ve d\u00fc\u015f\u00fck g\u00fcr\u00fclt\u00fcn\u00fcn kritik oldu\u011fu kapal\u0131 alanlar, bodrum katlar\u0131, ticari mutfaklar veya t\u0131bbi in\u015faat ortamlar\u0131 i\u00e7in m\u00fckemmeldir.<\/p>\n<h3 data-start=\"1760\" data-end=\"1815\">PTH-D60\/90 Elektrikli Malan\u0131n Temel \u00d6zellikleri<\/h3>\n<ul data-start=\"1817\" data-end=\"2184\">\n<li data-start=\"1817\" data-end=\"1875\">\n<p data-start=\"1819\" data-end=\"1875\">Elektrikli motor sessiz, emisyonsuz \u00e7al\u0131\u015fma sa\u011flar<\/p>\n<\/li>\n<li data-start=\"1876\" data-end=\"1940\">\n<p data-start=\"1878\" data-end=\"1940\">60-90 cm b\u0131\u00e7ak \u00e7ap\u0131, hassasiyeti ve alan kapsam\u0131n\u0131 dengeler<\/p>\n<\/li>\n<li data-start=\"1941\" data-end=\"1995\">\n<p data-start=\"1943\" data-end=\"1995\">\u00c7e\u015fitli y\u00fczey tipleri i\u00e7in ayarlanabilir b\u0131\u00e7ak aral\u0131\u011f\u0131<\/p>\n<\/li>\n<li data-start=\"1996\" data-end=\"2062\">\n<p data-start=\"1998\" data-end=\"2062\">Ergonomik tutamak operat\u00f6r\u00fcn gerginli\u011fini azalt\u0131r ve saklama i\u00e7in katlan\u0131r<\/p>\n<\/li>\n<li data-start=\"2063\" data-end=\"2120\">\n<p data-start=\"2065\" data-end=\"2120\">A\u011f\u0131r hizmet tipi di\u015fli kutusu ve \u015fasi makinenin uzun \u00f6m\u00fcrl\u00fc olmas\u0131n\u0131 sa\u011flar<\/p>\n<\/li>\n<li data-start=\"2121\" data-end=\"2184\">\n<p data-start=\"2123\" data-end=\"2184\">Kapal\u0131 alanlar veya yak\u0131t k\u0131s\u0131tlamas\u0131 olan projeler i\u00e7in ideal<\/p>\n<\/li>\n<\/ul>\n<h3 data-start=\"2191\" data-end=\"2279\">Uygulamalar - \u0130\u00e7 Mekan Projeleri, Hastaneler, Mutfaklar ve Yeralt\u0131 Alanlar\u0131 i\u00e7in En \u0130yisi<\/h3>\n<p data-start=\"2281\" data-end=\"2558\">M\u00fcteahhitler PTH-D60\/90'\u0131 ofis binalar\u0131, bodrum katlar\u0131, hastaneler ve restoranlar da dahil olmak \u00fczere i\u00e7 beton d\u00f6\u015femeler i\u00e7in kullan\u0131rlar. Yak\u0131t gerektirmedi\u011finden, gaz veya dizel kullan\u0131m\u0131n\u0131n yasak oldu\u011fu yerlerde \u00e7evre ve g\u00fcvenlik standartlar\u0131n\u0131 kar\u015f\u0131lar.<\/p>\n<p data-start=\"2560\" data-end=\"2749\">Sonu\u00e7 olarak, kullan\u0131c\u0131lar g\u00fcvenilir performans, sessiz \u00e7al\u0131\u015fma ve d\u00fc\u015f\u00fck bak\u0131m maliyetlerinden yararlan\u0131rken, kapal\u0131 \u00e7al\u0131\u015fma alanlar\u0131nda p\u00fcr\u00fczs\u00fcz, profesyonel beton y\u00fczeyler sunar.<\/p>\n<p><iframe title=\"mala,elle itmeli mala,mala,beton 1TP10Mala #powertrowe#concrete\" width=\"720\" height=\"405\" src=\"https:\/\/www.youtube.com\/embed\/pa6AuNhMrwI?feature=oembed\" frameborder=\"0\" allow=\"accelerometer; autoplay; clipboard-write; encrypted-media; gyroscope; picture-in-picture; web-share\" referrerpolicy=\"strict-origin-when-cross-origin\" allowfullscreen><\/iframe><\/p>","protected":false},"excerpt":{"rendered":"<p>PTH-D60\/90 elektrikli arkadan mala, i\u00e7 mekan projeleri i\u00e7in g\u00fcvenli, sessiz ve verimli beton perdahlama sunar, d\u00fc\u015f\u00fck bak\u0131m gerektirir ve emisyon \u00fcretmez.<\/p>","protected":false},"featured_media":9200,"template":"","meta":{"_kad_post_transparent":"default","_kad_post_title":"","_kad_post_layout":"default","_kad_post_sidebar_id":"","_kad_post_content_style":"default","_kad_post_vertical_padding":"default","_kad_post_feature":"","_kad_post_feature_position":"","_kad_post_header":false,"_kad_post_footer":false},"product_brand":[],"product_cat":[55],"product_tag":[1084,1083,1087,1081,1086,1085,1089,1088,1090,1082],"class_list":{"0":"post-9199","1":"product","2":"type-product","3":"status-publish","4":"has-post-thumbnail","6":"product_cat-walk-behind-power-trowel","7":"product_tag-cement-power-trowel","8":"product_tag-concrete-finishing-trowel","9":"product_tag-concrete-floor-finishing-machine","10":"product_tag-concrete-power-trowel","11":"product_tag-electric-walk-behind-trowel","12":"product_tag-gasoline-power-trowel","13":"product_tag-hand-operated-power-trowel","14":"product_tag-manual-power-trowel","15":"product_tag-walk-behind-concrete-finishing-machine","16":"product_tag-walk-behind-trowel-machine","18":"first","19":"instock","20":"shipping-taxable","21":"product-type-simple","22":"entry","23":"content-bg","24":"loop-entry"},"yoast_head":"<!-- This site is optimized with the Yoast SEO plugin v25.3.1 - https:\/\/yoast.com\/wordpress\/plugins\/seo\/ -->\n<title>Walk-Behind Power Trowel PTH-D60\/90 - HSY Construction Machinery<\/title>\n<meta name=\"description\" content=\"Walk-Behind Power Trowel PTH-D60\/90 offers quiet, emission-free slab finishing for indoor spaces like hospitals, kitchens, and basements. Eco-friendly and efficient.\" \/>\n<meta name=\"robots\" content=\"index, follow, max-snippet:-1, max-image-preview:large, max-video-preview:-1\" \/>\n<link rel=\"canonical\" href=\"https:\/\/www.hsymachinery.com\/tr\/product\/arkada-yuruyen-elektrikli-mala-pth-d60-90\/\" \/>\n<meta property=\"og:locale\" content=\"tr_TR\" \/>\n<meta property=\"og:type\" content=\"article\" \/>\n<meta property=\"og:title\" content=\"Walk-Behind Power Trowel PTH-D60\/90 - HSY Construction Machinery\" \/>\n<meta property=\"og:description\" content=\"Walk-Behind Power Trowel PTH-D60\/90 offers quiet, emission-free slab finishing for indoor spaces like hospitals, kitchens, and basements. Eco-friendly and efficient.\" \/>\n<meta property=\"og:url\" content=\"https:\/\/www.hsymachinery.com\/tr\/product\/arkada-yuruyen-elektrikli-mala-pth-d60-90\/\" \/>\n<meta property=\"og:site_name\" content=\"HSY Construction Machinery\" \/>\n<meta property=\"article:modified_time\" content=\"2025-06-28T14:59:07+00:00\" \/>\n<meta property=\"og:image\" content=\"https:\/\/www.hsymachinery.com\/wp-content\/uploads\/2025\/06\/Walk-Behind-Power-Trowel-PTH-D60.jpg\" \/>\n\t<meta property=\"og:image:width\" content=\"600\" \/>\n\t<meta property=\"og:image:height\" content=\"738\" \/>\n\t<meta property=\"og:image:type\" content=\"image\/jpeg\" \/>\n<meta name=\"twitter:card\" content=\"summary_large_image\" \/>\n<meta name=\"twitter:label1\" content=\"Tahmini okuma s\u00fcresi\" \/>\n\t<meta name=\"twitter:data1\" content=\"2 dakika\" \/>\n<script type=\"application\/ld+json\" class=\"yoast-schema-graph\">{\"@context\":\"https:\/\/schema.org\",\"@graph\":[{\"@type\":\"WebPage\",\"@id\":\"https:\/\/www.hsymachinery.com\/product\/walk-behind-power-trowel-pth-d60-90\/\",\"url\":\"https:\/\/www.hsymachinery.com\/product\/walk-behind-power-trowel-pth-d60-90\/\",\"name\":\"Walk-Behind Power Trowel PTH-D60\/90 - HSY Construction Machinery\",\"isPartOf\":{\"@id\":\"https:\/\/www.hsymachinery.com\/#website\"},\"primaryImageOfPage\":{\"@id\":\"https:\/\/www.hsymachinery.com\/product\/walk-behind-power-trowel-pth-d60-90\/#primaryimage\"},\"image\":{\"@id\":\"https:\/\/www.hsymachinery.com\/product\/walk-behind-power-trowel-pth-d60-90\/#primaryimage\"},\"thumbnailUrl\":\"https:\/\/www.hsymachinery.com\/wp-content\/uploads\/2025\/06\/Walk-Behind-Power-Trowel-PTH-D60.jpg\",\"datePublished\":\"2025-06-18T12:30:49+00:00\",\"dateModified\":\"2025-06-28T14:59:07+00:00\",\"description\":\"Walk-Behind Power Trowel PTH-D60\/90 offers quiet, emission-free slab finishing for indoor spaces like hospitals, kitchens, and basements. Eco-friendly and efficient.\",\"breadcrumb\":{\"@id\":\"https:\/\/www.hsymachinery.com\/product\/walk-behind-power-trowel-pth-d60-90\/#breadcrumb\"},\"inLanguage\":\"tr\",\"potentialAction\":[{\"@type\":\"ReadAction\",\"target\":[\"https:\/\/www.hsymachinery.com\/product\/walk-behind-power-trowel-pth-d60-90\/\"]}]},{\"@type\":\"ImageObject\",\"inLanguage\":\"tr\",\"@id\":\"https:\/\/www.hsymachinery.com\/product\/walk-behind-power-trowel-pth-d60-90\/#primaryimage\",\"url\":\"https:\/\/www.hsymachinery.com\/wp-content\/uploads\/2025\/06\/Walk-Behind-Power-Trowel-PTH-D60.jpg\",\"contentUrl\":\"https:\/\/www.hsymachinery.com\/wp-content\/uploads\/2025\/06\/Walk-Behind-Power-Trowel-PTH-D60.jpg\",\"width\":600,\"height\":738},{\"@type\":\"BreadcrumbList\",\"@id\":\"https:\/\/www.hsymachinery.com\/product\/walk-behind-power-trowel-pth-d60-90\/#breadcrumb\",\"itemListElement\":[{\"@type\":\"ListItem\",\"position\":1,\"name\":\"home\",\"item\":\"https:\/\/www.hsymachinery.com\/\"},{\"@type\":\"ListItem\",\"position\":2,\"name\":\"products\",\"item\":\"https:\/\/www.hsymachinery.com\/products\/\"},{\"@type\":\"ListItem\",\"position\":3,\"name\":\"Walk-Behind Power Trowel PTH-D60\/90\"}]},{\"@type\":\"WebSite\",\"@id\":\"https:\/\/www.hsymachinery.com\/#website\",\"url\":\"https:\/\/www.hsymachinery.com\/\",\"name\":\"HSY Construction Machinery\",\"description\":\"HSY Machinery \u2013 A leading China construction machinery supplier, offering a wide range of light construction equipment. Our main products include Rebar Cutting Machine, Rebar Bending Machine, Rebar Stirrup Bending Machine, Rebar Arc Bending Machine, Rebar Straightening Machine, Five-Head Rebar Stirrup Bending Machine, Tamping Rammer, Plate Compactor, Concrete Cutter, Power Trowel, and other construction machinery. We are equipped with advanced CNC machines, and we enforce strict quality inspection standards along with comprehensive after-sales service. If you are interested in our products or services, we warmly welcome your inquiries via message.\",\"publisher\":{\"@id\":\"https:\/\/www.hsymachinery.com\/#organization\"},\"potentialAction\":[{\"@type\":\"SearchAction\",\"target\":{\"@type\":\"EntryPoint\",\"urlTemplate\":\"https:\/\/www.hsymachinery.com\/?s={search_term_string}\"},\"query-input\":{\"@type\":\"PropertyValueSpecification\",\"valueRequired\":true,\"valueName\":\"search_term_string\"}}],\"inLanguage\":\"tr\"},{\"@type\":\"Organization\",\"@id\":\"https:\/\/www.hsymachinery.com\/#organization\",\"name\":\"HSY Construction Machinery\",\"url\":\"https:\/\/www.hsymachinery.com\/\",\"logo\":{\"@type\":\"ImageObject\",\"inLanguage\":\"tr\",\"@id\":\"https:\/\/www.hsymachinery.com\/#\/schema\/logo\/image\/\",\"url\":\"https:\/\/www.hsymachinery.com\/wp-content\/uploads\/2025\/06\/cropped-HSY-machinery.png\",\"contentUrl\":\"https:\/\/www.hsymachinery.com\/wp-content\/uploads\/2025\/06\/cropped-HSY-machinery.png\",\"width\":600,\"height\":240,\"caption\":\"HSY Construction Machinery\"},\"image\":{\"@id\":\"https:\/\/www.hsymachinery.com\/#\/schema\/logo\/image\/\"}}]}<\/script>\n<!-- \/ Yoast SEO plugin. -->","yoast_head_json":{"title":"Arkadan \u00c7ekmeli Elektrikli Mala PTH-D60\/90 - HSY \u0130n\u015faat Makinalar\u0131","description":"Arkadan \u00c7ekmeli Elektrikli Mala PTH-D60\/90, hastaneler, mutfaklar ve bodrumlar gibi kapal\u0131 alanlar i\u00e7in sessiz, emisyonsuz d\u00f6\u015feme finisaj\u0131 sunar. \u00c7evre dostu ve verimli.","robots":{"index":"index","follow":"follow","max-snippet":"max-snippet:-1","max-image-preview":"max-image-preview:large","max-video-preview":"max-video-preview:-1"},"canonical":"https:\/\/www.hsymachinery.com\/tr\/product\/arkada-yuruyen-elektrikli-mala-pth-d60-90\/","og_locale":"tr_TR","og_type":"article","og_title":"Walk-Behind Power Trowel PTH-D60\/90 - HSY Construction Machinery","og_description":"Walk-Behind Power Trowel PTH-D60\/90 offers quiet, emission-free slab finishing for indoor spaces like hospitals, kitchens, and basements. Eco-friendly and efficient.","og_url":"https:\/\/www.hsymachinery.com\/tr\/product\/arkada-yuruyen-elektrikli-mala-pth-d60-90\/","og_site_name":"HSY Construction Machinery","article_modified_time":"2025-06-28T14:59:07+00:00","og_image":[{"width":600,"height":738,"url":"https:\/\/www.hsymachinery.com\/wp-content\/uploads\/2025\/06\/Walk-Behind-Power-Trowel-PTH-D60.jpg","type":"image\/jpeg"}],"twitter_card":"summary_large_image","twitter_misc":{"Tahmini okuma s\u00fcresi":"2 dakika"},"schema":{"@context":"https:\/\/schema.org","@graph":[{"@type":"WebPage","@id":"https:\/\/www.hsymachinery.com\/product\/walk-behind-power-trowel-pth-d60-90\/","url":"https:\/\/www.hsymachinery.com\/product\/walk-behind-power-trowel-pth-d60-90\/","name":"Arkadan \u00c7ekmeli Elektrikli Mala PTH-D60\/90 - HSY \u0130n\u015faat Makinalar\u0131","isPartOf":{"@id":"https:\/\/www.hsymachinery.com\/#website"},"primaryImageOfPage":{"@id":"https:\/\/www.hsymachinery.com\/product\/walk-behind-power-trowel-pth-d60-90\/#primaryimage"},"image":{"@id":"https:\/\/www.hsymachinery.com\/product\/walk-behind-power-trowel-pth-d60-90\/#primaryimage"},"thumbnailUrl":"https:\/\/www.hsymachinery.com\/wp-content\/uploads\/2025\/06\/Walk-Behind-Power-Trowel-PTH-D60.jpg","datePublished":"2025-06-18T12:30:49+00:00","dateModified":"2025-06-28T14:59:07+00:00","description":"Arkadan \u00c7ekmeli Elektrikli Mala PTH-D60\/90, hastaneler, mutfaklar ve bodrumlar gibi kapal\u0131 alanlar i\u00e7in sessiz, emisyonsuz d\u00f6\u015feme finisaj\u0131 sunar. \u00c7evre dostu ve verimli.","breadcrumb":{"@id":"https:\/\/www.hsymachinery.com\/product\/walk-behind-power-trowel-pth-d60-90\/#breadcrumb"},"inLanguage":"tr","potentialAction":[{"@type":"ReadAction","target":["https:\/\/www.hsymachinery.com\/product\/walk-behind-power-trowel-pth-d60-90\/"]}]},{"@type":"ImageObject","inLanguage":"tr","@id":"https:\/\/www.hsymachinery.com\/product\/walk-behind-power-trowel-pth-d60-90\/#primaryimage","url":"https:\/\/www.hsymachinery.com\/wp-content\/uploads\/2025\/06\/Walk-Behind-Power-Trowel-PTH-D60.jpg","contentUrl":"https:\/\/www.hsymachinery.com\/wp-content\/uploads\/2025\/06\/Walk-Behind-Power-Trowel-PTH-D60.jpg","width":600,"height":738},{"@type":"BreadcrumbList","@id":"https:\/\/www.hsymachinery.com\/product\/walk-behind-power-trowel-pth-d60-90\/#breadcrumb","itemListElement":[{"@type":"ListItem","position":1,"name":"home","item":"https:\/\/www.hsymachinery.com\/"},{"@type":"ListItem","position":2,"name":"products","item":"https:\/\/www.hsymachinery.com\/products\/"},{"@type":"ListItem","position":3,"name":"Walk-Behind Power Trowel PTH-D60\/90"}]},{"@type":"WebSite","@id":"https:\/\/www.hsymachinery.com\/#website","url":"https:\/\/www.hsymachinery.com\/","name":"HSY \u0130n\u015faat Makineleri","description":"HSY Machinery - \u00c7ok \u00e7e\u015fitli hafif in\u015faat ekipmanlar\u0131 sunan lider bir \u00c7in in\u015faat makineleri tedarik\u00e7isi. Ba\u015fl\u0131ca \u00fcr\u00fcnlerimiz aras\u0131nda Demir Kesme Makinesi, Demir B\u00fckme Makinesi, Demir \u00dczengi B\u00fckme Makinesi, Demir Ark B\u00fckme Makinesi, Demir Do\u011frultma Makinesi, Be\u015f Kafal\u0131 Demir \u00dczengi B\u00fckme Makinesi, S\u0131k\u0131\u015ft\u0131rma Tokma\u011f\u0131, Plaka Kompakt\u00f6r\u00fc, Beton Kesici, Elektrikli Mala ve di\u011fer in\u015faat makineleri bulunmaktad\u0131r. Geli\u015fmi\u015f CNC makineleri ile donat\u0131lm\u0131\u015ft\u0131r ve kapsaml\u0131 sat\u0131\u015f sonras\u0131 hizmet ile birlikte s\u0131k\u0131 kalite kontrol standartlar\u0131n\u0131 uyguluyoruz. \u00dcr\u00fcnlerimiz veya hizmetlerimizle ilgileniyorsan\u0131z, sorular\u0131n\u0131z\u0131 mesaj yoluyla s\u0131cak bir \u015fekilde kar\u015f\u0131l\u0131yoruz.","publisher":{"@id":"https:\/\/www.hsymachinery.com\/#organization"},"potentialAction":[{"@type":"SearchAction","target":{"@type":"EntryPoint","urlTemplate":"https:\/\/www.hsymachinery.com\/?s={search_term_string}"},"query-input":{"@type":"PropertyValueSpecification","valueRequired":true,"valueName":"search_term_string"}}],"inLanguage":"tr"},{"@type":"Organization","@id":"https:\/\/www.hsymachinery.com\/#organization","name":"HSY \u0130n\u015faat Makineleri","url":"https:\/\/www.hsymachinery.com\/","logo":{"@type":"ImageObject","inLanguage":"tr","@id":"https:\/\/www.hsymachinery.com\/#\/schema\/logo\/image\/","url":"https:\/\/www.hsymachinery.com\/wp-content\/uploads\/2025\/06\/cropped-HSY-machinery.png","contentUrl":"https:\/\/www.hsymachinery.com\/wp-content\/uploads\/2025\/06\/cropped-HSY-machinery.png","width":600,"height":240,"caption":"HSY Construction Machinery"},"image":{"@id":"https:\/\/www.hsymachinery.com\/#\/schema\/logo\/image\/"}}]}},"_links":{"self":[{"href":"https:\/\/www.hsymachinery.com\/tr\/wp-json\/wp\/v2\/product\/9199","targetHints":{"allow":["GET"]}}],"collection":[{"href":"https:\/\/www.hsymachinery.com\/tr\/wp-json\/wp\/v2\/product"}],"about":[{"href":"https:\/\/www.hsymachinery.com\/tr\/wp-json\/wp\/v2\/types\/product"}],"version-history":[{"count":3,"href":"https:\/\/www.hsymachinery.com\/tr\/wp-json\/wp\/v2\/product\/9199\/revisions"}],"predecessor-version":[{"id":9598,"href":"https:\/\/www.hsymachinery.com\/tr\/wp-json\/wp\/v2\/product\/9199\/revisions\/9598"}],"wp:featuredmedia":[{"embeddable":true,"href":"https:\/\/www.hsymachinery.com\/tr\/wp-json\/wp\/v2\/media\/9200"}],"wp:attachment":[{"href":"https:\/\/www.hsymachinery.com\/tr\/wp-json\/wp\/v2\/media?parent=9199"}],"wp:term":[{"taxonomy":"product_brand","embeddable":true,"href":"https:\/\/www.hsymachinery.com\/tr\/wp-json\/wp\/v2\/product_brand?post=9199"},{"taxonomy":"product_cat","embeddable":true,"href":"https:\/\/www.hsymachinery.com\/tr\/wp-json\/wp\/v2\/product_cat?post=9199"},{"taxonomy":"product_tag","embeddable":true,"href":"https:\/\/www.hsymachinery.com\/tr\/wp-json\/wp\/v2\/product_tag?post=9199"}],"curies":[{"name":"wp","href":"https:\/\/api.w.org\/{rel}","templated":true}]}}