{"id":9190,"date":"2025-06-18T20:21:17","date_gmt":"2025-06-18T12:21:17","guid":{"rendered":"https:\/\/www.hsymachinery.com\/?post_type=product&#038;p=9190"},"modified":"2025-06-28T22:36:18","modified_gmt":"2025-06-28T14:36:18","slug":"arkada-yuruyen-elektrikli-mala-pth-c60-90","status":"publish","type":"product","link":"https:\/\/www.hsymachinery.com\/tr\/product\/arkada-yuruyen-elektrikli-mala-pth-c60-90\/","title":{"rendered":"Arkadan \u00c7ekmeli Elektrikli Mala PTH-C60\/90"},"content":{"rendered":"<h2 data-start=\"138\" data-end=\"181\">Arkadan \u00c7ekmeli Elektrikli Mala PTH-C60\/90<\/h2>\n<h3 data-start=\"182\" data-end=\"288\">PTH-C60\/90 Dizel Motorlu Beton Perdah Makinesi | Yak\u0131t Hassasiyeti Olan \u015eantiyeler i\u00e7in Kompakt ve G\u00fc\u00e7l\u00fc Perdahlama<\/h3>\n<h3 data-start=\"295\" data-end=\"386\">\u00dcr\u00fcn A\u00e7\u0131klamas\u0131 - \u00c7ok Y\u00f6nl\u00fc Beton Bitirme i\u00e7in Kompakt Dizel Motorlu Mala<a href=\"https:\/\/www.hsymachinery.com\/tr\/urunler\/elektrikli-mala-arkasinda-yurume\/\" target=\"_blank\" rel=\"noopener\"><img fetchpriority=\"high\" decoding=\"async\" class=\"wp-image-9191 alignright\" src=\"https:\/\/www.hsymachinery.com\/wp-content\/uploads\/2025\/06\/Walk-Behind-Power-Trowel-PTH-C60-244x300.jpg\" alt=\"\" width=\"451\" height=\"555\" srcset=\"https:\/\/www.hsymachinery.com\/wp-content\/uploads\/2025\/06\/Walk-Behind-Power-Trowel-PTH-C60-244x300.jpg 244w, https:\/\/www.hsymachinery.com\/wp-content\/uploads\/2025\/06\/Walk-Behind-Power-Trowel-PTH-C60.jpg 600w\" sizes=\"(max-width: 451px) 100vw, 451px\" \/><\/a><\/h3>\n<p data-start=\"388\" data-end=\"756\">Bu <strong data-start=\"392\" data-end=\"431\">PTH-C60\/90 Arkadan \u00c7ekmeli Elektrikli Mala<\/strong> g\u00fcvenilir bir dizel motorla g\u00fc\u00e7lendirilmi\u015f kompakt bir \u015faside ola\u011fan\u00fcst\u00fc beton y\u00fczey bitirme performans\u0131 sunar. Benzinin k\u0131s\u0131tl\u0131 oldu\u011fu veya kullan\u0131lamad\u0131\u011f\u0131 alanlarda \u00e7al\u0131\u015fan profesyoneller i\u00e7in tasarlanan bu model, yak\u0131t esnekli\u011fini, tork dengesini ve kullan\u0131m kolayl\u0131\u011f\u0131n\u0131 g\u00fc\u00e7l\u00fc bir pakette bir araya getirir.<\/p>\n<p data-start=\"758\" data-end=\"1116\">60\/90 cm perdahlama \u00e7ap\u0131na sahip olan PTH-C60\/90, hem dar alanlarda \u00e7eviklik hem de orta dereceli plakalar i\u00e7in kapsama alan\u0131 sa\u011flayarak \u00e7ok \u00e7e\u015fitli in\u015faat ortamlar\u0131 i\u00e7in idealdir. Ayarlanabilir b\u0131\u00e7ak aral\u0131\u011f\u0131 sistemi, operat\u00f6rlerin y\u00fczd\u00fcrme ve perdahlama i\u015flemleri aras\u0131nda sorunsuz ge\u00e7i\u015f yapmas\u0131n\u0131 sa\u011flayarak tutarl\u0131 y\u00fczey sonu\u00e7lar\u0131 elde edilmesini sa\u011flar.<\/p>\n<p data-start=\"1118\" data-end=\"1457\">Sa\u011flam di\u015fli kutusu, g\u00fc\u00e7lendirilmi\u015f g\u00fcvenlik halkas\u0131 ve dayan\u0131kl\u0131 \u00f6r\u00fcmcek kollar\u0131, zorlu kullan\u0131m ko\u015fullar\u0131nda bile makinenin uzun hizmet \u00f6mr\u00fcne katk\u0131da bulunur. Ergonomik, katlanabilir tutamak operat\u00f6r yorgunlu\u011funu en aza indirir ve ta\u015f\u0131may\u0131 kolayla\u015ft\u0131r\u0131r, dizel motor ise m\u00fckemmel yak\u0131t ekonomisi ve d\u00fc\u015f\u00fck bak\u0131m gereksinimi sa\u011flar.<\/p>\n<h3 data-start=\"1464\" data-end=\"1526\">PTH-C60\/90 Dizel Beton Perdah Makinesinin Temel \u00d6zellikleri<\/h3>\n<ul data-start=\"1528\" data-end=\"1895\">\n<li data-start=\"1528\" data-end=\"1594\">\n<p data-start=\"1530\" data-end=\"1594\">Y\u00fcksek tork ve d\u00fc\u015f\u00fck yak\u0131t t\u00fcketimi i\u00e7in dizel motor<\/p>\n<\/li>\n<li data-start=\"1595\" data-end=\"1662\">\n<p data-start=\"1597\" data-end=\"1662\">60-90 cm mala \u00e7ap\u0131 k\u00fc\u00e7\u00fck ve orta \u00f6l\u00e7ekli d\u00f6\u015feme i\u015fleri i\u00e7in uygundur<\/p>\n<\/li>\n<li data-start=\"1663\" data-end=\"1721\">\n<p data-start=\"1665\" data-end=\"1721\">\u00c7ok y\u00f6nl\u00fc y\u00fczey finisaj\u0131 i\u00e7in ayarlanabilir b\u0131\u00e7ak aral\u0131\u011f\u0131<\/p>\n<\/li>\n<li data-start=\"1722\" data-end=\"1774\">\n<p data-start=\"1724\" data-end=\"1774\">Uzun s\u00fcreli kullan\u0131m i\u00e7in dayan\u0131kl\u0131 di\u015fli kutusu ve b\u0131\u00e7ak kollar\u0131<\/p>\n<\/li>\n<li data-start=\"1775\" data-end=\"1831\">\n<p data-start=\"1777\" data-end=\"1831\">Operat\u00f6r konforu i\u00e7in katlanabilir, titre\u015fim \u00f6nleyici tutamak<\/p>\n<\/li>\n<li data-start=\"1832\" data-end=\"1895\">\n<p data-start=\"1834\" data-end=\"1895\">Benzin k\u0131s\u0131tlamas\u0131 olan i\u015f sahalar\u0131 i\u00e7in g\u00fcvenli ve verimli<\/p>\n<\/li>\n<\/ul>\n<h3 data-start=\"1902\" data-end=\"1988\">Uygulamalar - Konut Projeleri, \u0130\u00e7 Mekanlar veya Yak\u0131tla D\u00fczenlenen Sahalar i\u00e7in \u0130deal<\/h3>\n<p data-start=\"1990\" data-end=\"2273\">PTH-C60\/90, konutlarda, i\u00e7 mekan beton zeminlerde ve yaln\u0131zca dizel yak\u0131t kullan\u0131m\u0131 gerektiren yerlerde son derece iyi performans g\u00f6sterir. Kompakt boyutu ve g\u00fc\u00e7l\u00fc \u00e7\u0131k\u0131\u015f\u0131 onu garaj pedleri, sundurma plakalar\u0131, koridorlar ve at\u00f6lye zeminleri i\u00e7in m\u00fckemmel k\u0131lar.<\/p>\n<p data-start=\"2275\" data-end=\"2430\">Y\u00fckleniciler, d\u00fc\u015f\u00fck yak\u0131t maliyetini, y\u00fck alt\u0131nda dengesini ve \u00e7e\u015fitli beton y\u00fczeylerde profesyonel y\u00fczeyler sunma yetene\u011fini takdir ediyor.<\/p>\n<p><iframe title=\"mala,elle itmeli mala,mala,beton 1TP10Mala #powertrowe#concrete\" width=\"720\" height=\"405\" src=\"https:\/\/www.youtube.com\/embed\/pa6AuNhMrwI?feature=oembed\" frameborder=\"0\" allow=\"accelerometer; autoplay; clipboard-write; encrypted-media; gyroscope; picture-in-picture; web-share\" referrerpolicy=\"strict-origin-when-cross-origin\" allowfullscreen><\/iframe><\/p>","protected":false},"excerpt":{"rendered":"<p>PTH-C60\/90 dizel arkadan \u00e7ekmeli perdah makinesi, k\u00fc\u00e7\u00fck ve orta \u00f6l\u00e7ekli plakalar ve k\u0131s\u0131tl\u0131 yak\u0131tl\u0131 \u015fantiyeler i\u00e7in ideal, g\u00fcvenilir ve yak\u0131t tasarruflu y\u00fczey finisaj\u0131 sunar.<\/p>","protected":false},"featured_media":9191,"template":"","meta":{"_kad_post_transparent":"default","_kad_post_title":"","_kad_post_layout":"default","_kad_post_sidebar_id":"","_kad_post_content_style":"default","_kad_post_vertical_padding":"default","_kad_post_feature":"","_kad_post_feature_position":"","_kad_post_header":false,"_kad_post_footer":false},"product_brand":[],"product_cat":[55],"product_tag":[1084,1083,1087,1081,1086,1085,1089,1088,1090,1082],"class_list":{"0":"post-9190","1":"product","2":"type-product","3":"status-publish","4":"has-post-thumbnail","6":"product_cat-walk-behind-power-trowel","7":"product_tag-cement-power-trowel","8":"product_tag-concrete-finishing-trowel","9":"product_tag-concrete-floor-finishing-machine","10":"product_tag-concrete-power-trowel","11":"product_tag-electric-walk-behind-trowel","12":"product_tag-gasoline-power-trowel","13":"product_tag-hand-operated-power-trowel","14":"product_tag-manual-power-trowel","15":"product_tag-walk-behind-concrete-finishing-machine","16":"product_tag-walk-behind-trowel-machine","18":"first","19":"instock","20":"shipping-taxable","21":"product-type-simple","22":"entry","23":"content-bg","24":"loop-entry"},"yoast_head":"<!-- This site is optimized with the Yoast SEO plugin v25.3.1 - https:\/\/yoast.com\/wordpress\/plugins\/seo\/ -->\n<title>Walk-Behind Power Trowel PTH-C60\/90 - HSY Construction Machinery<\/title>\n<meta name=\"description\" content=\"Walk-Behind Power Trowel PTH-C60\/90 delivers efficient, precise slab finishing for fuel-restricted and indoor job sites. Compact, durable, and fuel-saving.\" \/>\n<meta name=\"robots\" content=\"index, follow, max-snippet:-1, max-image-preview:large, max-video-preview:-1\" \/>\n<link rel=\"canonical\" href=\"https:\/\/www.hsymachinery.com\/tr\/product\/arkada-yuruyen-elektrikli-mala-pth-c60-90\/\" \/>\n<meta property=\"og:locale\" content=\"tr_TR\" \/>\n<meta property=\"og:type\" content=\"article\" \/>\n<meta property=\"og:title\" content=\"Walk-Behind Power Trowel PTH-C60\/90 - HSY Construction Machinery\" \/>\n<meta property=\"og:description\" content=\"Walk-Behind Power Trowel PTH-C60\/90 delivers efficient, precise slab finishing for fuel-restricted and indoor job sites. Compact, durable, and fuel-saving.\" \/>\n<meta property=\"og:url\" content=\"https:\/\/www.hsymachinery.com\/tr\/product\/arkada-yuruyen-elektrikli-mala-pth-c60-90\/\" \/>\n<meta property=\"og:site_name\" content=\"HSY Construction Machinery\" \/>\n<meta property=\"article:modified_time\" content=\"2025-06-28T14:36:18+00:00\" \/>\n<meta property=\"og:image\" content=\"https:\/\/www.hsymachinery.com\/wp-content\/uploads\/2025\/06\/Walk-Behind-Power-Trowel-PTH-C60.jpg\" \/>\n\t<meta property=\"og:image:width\" content=\"600\" \/>\n\t<meta property=\"og:image:height\" content=\"738\" \/>\n\t<meta property=\"og:image:type\" content=\"image\/jpeg\" \/>\n<meta name=\"twitter:card\" content=\"summary_large_image\" \/>\n<meta name=\"twitter:label1\" content=\"Tahmini okuma s\u00fcresi\" \/>\n\t<meta name=\"twitter:data1\" content=\"2 dakika\" \/>\n<script type=\"application\/ld+json\" class=\"yoast-schema-graph\">{\"@context\":\"https:\/\/schema.org\",\"@graph\":[{\"@type\":\"WebPage\",\"@id\":\"https:\/\/www.hsymachinery.com\/product\/walk-behind-power-trowel-pth-c60-90\/\",\"url\":\"https:\/\/www.hsymachinery.com\/product\/walk-behind-power-trowel-pth-c60-90\/\",\"name\":\"Walk-Behind Power Trowel PTH-C60\/90 - HSY Construction Machinery\",\"isPartOf\":{\"@id\":\"https:\/\/www.hsymachinery.com\/#website\"},\"primaryImageOfPage\":{\"@id\":\"https:\/\/www.hsymachinery.com\/product\/walk-behind-power-trowel-pth-c60-90\/#primaryimage\"},\"image\":{\"@id\":\"https:\/\/www.hsymachinery.com\/product\/walk-behind-power-trowel-pth-c60-90\/#primaryimage\"},\"thumbnailUrl\":\"https:\/\/www.hsymachinery.com\/wp-content\/uploads\/2025\/06\/Walk-Behind-Power-Trowel-PTH-C60.jpg\",\"datePublished\":\"2025-06-18T12:21:17+00:00\",\"dateModified\":\"2025-06-28T14:36:18+00:00\",\"description\":\"Walk-Behind Power Trowel PTH-C60\/90 delivers efficient, precise slab finishing for fuel-restricted and indoor job sites. Compact, durable, and fuel-saving.\",\"breadcrumb\":{\"@id\":\"https:\/\/www.hsymachinery.com\/product\/walk-behind-power-trowel-pth-c60-90\/#breadcrumb\"},\"inLanguage\":\"tr\",\"potentialAction\":[{\"@type\":\"ReadAction\",\"target\":[\"https:\/\/www.hsymachinery.com\/product\/walk-behind-power-trowel-pth-c60-90\/\"]}]},{\"@type\":\"ImageObject\",\"inLanguage\":\"tr\",\"@id\":\"https:\/\/www.hsymachinery.com\/product\/walk-behind-power-trowel-pth-c60-90\/#primaryimage\",\"url\":\"https:\/\/www.hsymachinery.com\/wp-content\/uploads\/2025\/06\/Walk-Behind-Power-Trowel-PTH-C60.jpg\",\"contentUrl\":\"https:\/\/www.hsymachinery.com\/wp-content\/uploads\/2025\/06\/Walk-Behind-Power-Trowel-PTH-C60.jpg\",\"width\":600,\"height\":738},{\"@type\":\"BreadcrumbList\",\"@id\":\"https:\/\/www.hsymachinery.com\/product\/walk-behind-power-trowel-pth-c60-90\/#breadcrumb\",\"itemListElement\":[{\"@type\":\"ListItem\",\"position\":1,\"name\":\"home\",\"item\":\"https:\/\/www.hsymachinery.com\/\"},{\"@type\":\"ListItem\",\"position\":2,\"name\":\"products\",\"item\":\"https:\/\/www.hsymachinery.com\/products\/\"},{\"@type\":\"ListItem\",\"position\":3,\"name\":\"Walk-Behind Power Trowel PTH-C60\/90\"}]},{\"@type\":\"WebSite\",\"@id\":\"https:\/\/www.hsymachinery.com\/#website\",\"url\":\"https:\/\/www.hsymachinery.com\/\",\"name\":\"HSY Construction Machinery\",\"description\":\"HSY Machinery \u2013 A leading China construction machinery supplier, offering a wide range of light construction equipment. Our main products include Rebar Cutting Machine, Rebar Bending Machine, Rebar Stirrup Bending Machine, Rebar Arc Bending Machine, Rebar Straightening Machine, Five-Head Rebar Stirrup Bending Machine, Tamping Rammer, Plate Compactor, Concrete Cutter, Power Trowel, and other construction machinery. We are equipped with advanced CNC machines, and we enforce strict quality inspection standards along with comprehensive after-sales service. If you are interested in our products or services, we warmly welcome your inquiries via message.\",\"publisher\":{\"@id\":\"https:\/\/www.hsymachinery.com\/#organization\"},\"potentialAction\":[{\"@type\":\"SearchAction\",\"target\":{\"@type\":\"EntryPoint\",\"urlTemplate\":\"https:\/\/www.hsymachinery.com\/?s={search_term_string}\"},\"query-input\":{\"@type\":\"PropertyValueSpecification\",\"valueRequired\":true,\"valueName\":\"search_term_string\"}}],\"inLanguage\":\"tr\"},{\"@type\":\"Organization\",\"@id\":\"https:\/\/www.hsymachinery.com\/#organization\",\"name\":\"HSY Construction Machinery\",\"url\":\"https:\/\/www.hsymachinery.com\/\",\"logo\":{\"@type\":\"ImageObject\",\"inLanguage\":\"tr\",\"@id\":\"https:\/\/www.hsymachinery.com\/#\/schema\/logo\/image\/\",\"url\":\"https:\/\/www.hsymachinery.com\/wp-content\/uploads\/2025\/06\/cropped-HSY-machinery.png\",\"contentUrl\":\"https:\/\/www.hsymachinery.com\/wp-content\/uploads\/2025\/06\/cropped-HSY-machinery.png\",\"width\":600,\"height\":240,\"caption\":\"HSY Construction Machinery\"},\"image\":{\"@id\":\"https:\/\/www.hsymachinery.com\/#\/schema\/logo\/image\/\"}}]}<\/script>\n<!-- \/ Yoast SEO plugin. -->","yoast_head_json":{"title":"Arkadan \u00c7ekmeli Elektrikli Mala PTH-C60\/90 - HSY \u0130n\u015faat Makinalar\u0131","description":"Arkadan \u00c7ekmeli Elektrikli Mala PTH-C60\/90, yak\u0131t k\u0131s\u0131tlamas\u0131 olan ve kapal\u0131 i\u015f sahalar\u0131 i\u00e7in verimli, hassas d\u00f6\u015feme finisaj\u0131 sa\u011flar. Kompakt, dayan\u0131kl\u0131 ve yak\u0131t tasarrufu sa\u011flar.","robots":{"index":"index","follow":"follow","max-snippet":"max-snippet:-1","max-image-preview":"max-image-preview:large","max-video-preview":"max-video-preview:-1"},"canonical":"https:\/\/www.hsymachinery.com\/tr\/product\/arkada-yuruyen-elektrikli-mala-pth-c60-90\/","og_locale":"tr_TR","og_type":"article","og_title":"Walk-Behind Power Trowel PTH-C60\/90 - HSY Construction Machinery","og_description":"Walk-Behind Power Trowel PTH-C60\/90 delivers efficient, precise slab finishing for fuel-restricted and indoor job sites. Compact, durable, and fuel-saving.","og_url":"https:\/\/www.hsymachinery.com\/tr\/product\/arkada-yuruyen-elektrikli-mala-pth-c60-90\/","og_site_name":"HSY Construction Machinery","article_modified_time":"2025-06-28T14:36:18+00:00","og_image":[{"width":600,"height":738,"url":"https:\/\/www.hsymachinery.com\/wp-content\/uploads\/2025\/06\/Walk-Behind-Power-Trowel-PTH-C60.jpg","type":"image\/jpeg"}],"twitter_card":"summary_large_image","twitter_misc":{"Tahmini okuma s\u00fcresi":"2 dakika"},"schema":{"@context":"https:\/\/schema.org","@graph":[{"@type":"WebPage","@id":"https:\/\/www.hsymachinery.com\/product\/walk-behind-power-trowel-pth-c60-90\/","url":"https:\/\/www.hsymachinery.com\/product\/walk-behind-power-trowel-pth-c60-90\/","name":"Arkadan \u00c7ekmeli Elektrikli Mala PTH-C60\/90 - HSY \u0130n\u015faat Makinalar\u0131","isPartOf":{"@id":"https:\/\/www.hsymachinery.com\/#website"},"primaryImageOfPage":{"@id":"https:\/\/www.hsymachinery.com\/product\/walk-behind-power-trowel-pth-c60-90\/#primaryimage"},"image":{"@id":"https:\/\/www.hsymachinery.com\/product\/walk-behind-power-trowel-pth-c60-90\/#primaryimage"},"thumbnailUrl":"https:\/\/www.hsymachinery.com\/wp-content\/uploads\/2025\/06\/Walk-Behind-Power-Trowel-PTH-C60.jpg","datePublished":"2025-06-18T12:21:17+00:00","dateModified":"2025-06-28T14:36:18+00:00","description":"Arkadan \u00c7ekmeli Elektrikli Mala PTH-C60\/90, yak\u0131t k\u0131s\u0131tlamas\u0131 olan ve kapal\u0131 i\u015f sahalar\u0131 i\u00e7in verimli, hassas d\u00f6\u015feme finisaj\u0131 sa\u011flar. Kompakt, dayan\u0131kl\u0131 ve yak\u0131t tasarrufu sa\u011flar.","breadcrumb":{"@id":"https:\/\/www.hsymachinery.com\/product\/walk-behind-power-trowel-pth-c60-90\/#breadcrumb"},"inLanguage":"tr","potentialAction":[{"@type":"ReadAction","target":["https:\/\/www.hsymachinery.com\/product\/walk-behind-power-trowel-pth-c60-90\/"]}]},{"@type":"ImageObject","inLanguage":"tr","@id":"https:\/\/www.hsymachinery.com\/product\/walk-behind-power-trowel-pth-c60-90\/#primaryimage","url":"https:\/\/www.hsymachinery.com\/wp-content\/uploads\/2025\/06\/Walk-Behind-Power-Trowel-PTH-C60.jpg","contentUrl":"https:\/\/www.hsymachinery.com\/wp-content\/uploads\/2025\/06\/Walk-Behind-Power-Trowel-PTH-C60.jpg","width":600,"height":738},{"@type":"BreadcrumbList","@id":"https:\/\/www.hsymachinery.com\/product\/walk-behind-power-trowel-pth-c60-90\/#breadcrumb","itemListElement":[{"@type":"ListItem","position":1,"name":"home","item":"https:\/\/www.hsymachinery.com\/"},{"@type":"ListItem","position":2,"name":"products","item":"https:\/\/www.hsymachinery.com\/products\/"},{"@type":"ListItem","position":3,"name":"Walk-Behind Power Trowel PTH-C60\/90"}]},{"@type":"WebSite","@id":"https:\/\/www.hsymachinery.com\/#website","url":"https:\/\/www.hsymachinery.com\/","name":"HSY \u0130n\u015faat Makineleri","description":"HSY Machinery - \u00c7ok \u00e7e\u015fitli hafif in\u015faat ekipmanlar\u0131 sunan lider bir \u00c7in in\u015faat makineleri tedarik\u00e7isi. Ba\u015fl\u0131ca \u00fcr\u00fcnlerimiz aras\u0131nda Demir Kesme Makinesi, Demir B\u00fckme Makinesi, Demir \u00dczengi B\u00fckme Makinesi, Demir Ark B\u00fckme Makinesi, Demir Do\u011frultma Makinesi, Be\u015f Kafal\u0131 Demir \u00dczengi B\u00fckme Makinesi, S\u0131k\u0131\u015ft\u0131rma Tokma\u011f\u0131, Plaka Kompakt\u00f6r\u00fc, Beton Kesici, Elektrikli Mala ve di\u011fer in\u015faat makineleri bulunmaktad\u0131r. Geli\u015fmi\u015f CNC makineleri ile donat\u0131lm\u0131\u015ft\u0131r ve kapsaml\u0131 sat\u0131\u015f sonras\u0131 hizmet ile birlikte s\u0131k\u0131 kalite kontrol standartlar\u0131n\u0131 uyguluyoruz. \u00dcr\u00fcnlerimiz veya hizmetlerimizle ilgileniyorsan\u0131z, sorular\u0131n\u0131z\u0131 mesaj yoluyla s\u0131cak bir \u015fekilde kar\u015f\u0131l\u0131yoruz.","publisher":{"@id":"https:\/\/www.hsymachinery.com\/#organization"},"potentialAction":[{"@type":"SearchAction","target":{"@type":"EntryPoint","urlTemplate":"https:\/\/www.hsymachinery.com\/?s={search_term_string}"},"query-input":{"@type":"PropertyValueSpecification","valueRequired":true,"valueName":"search_term_string"}}],"inLanguage":"tr"},{"@type":"Organization","@id":"https:\/\/www.hsymachinery.com\/#organization","name":"HSY \u0130n\u015faat Makineleri","url":"https:\/\/www.hsymachinery.com\/","logo":{"@type":"ImageObject","inLanguage":"tr","@id":"https:\/\/www.hsymachinery.com\/#\/schema\/logo\/image\/","url":"https:\/\/www.hsymachinery.com\/wp-content\/uploads\/2025\/06\/cropped-HSY-machinery.png","contentUrl":"https:\/\/www.hsymachinery.com\/wp-content\/uploads\/2025\/06\/cropped-HSY-machinery.png","width":600,"height":240,"caption":"HSY Construction Machinery"},"image":{"@id":"https:\/\/www.hsymachinery.com\/#\/schema\/logo\/image\/"}}]}},"_links":{"self":[{"href":"https:\/\/www.hsymachinery.com\/tr\/wp-json\/wp\/v2\/product\/9190","targetHints":{"allow":["GET"]}}],"collection":[{"href":"https:\/\/www.hsymachinery.com\/tr\/wp-json\/wp\/v2\/product"}],"about":[{"href":"https:\/\/www.hsymachinery.com\/tr\/wp-json\/wp\/v2\/types\/product"}],"version-history":[{"count":4,"href":"https:\/\/www.hsymachinery.com\/tr\/wp-json\/wp\/v2\/product\/9190\/revisions"}],"predecessor-version":[{"id":9592,"href":"https:\/\/www.hsymachinery.com\/tr\/wp-json\/wp\/v2\/product\/9190\/revisions\/9592"}],"wp:featuredmedia":[{"embeddable":true,"href":"https:\/\/www.hsymachinery.com\/tr\/wp-json\/wp\/v2\/media\/9191"}],"wp:attachment":[{"href":"https:\/\/www.hsymachinery.com\/tr\/wp-json\/wp\/v2\/media?parent=9190"}],"wp:term":[{"taxonomy":"product_brand","embeddable":true,"href":"https:\/\/www.hsymachinery.com\/tr\/wp-json\/wp\/v2\/product_brand?post=9190"},{"taxonomy":"product_cat","embeddable":true,"href":"https:\/\/www.hsymachinery.com\/tr\/wp-json\/wp\/v2\/product_cat?post=9190"},{"taxonomy":"product_tag","embeddable":true,"href":"https:\/\/www.hsymachinery.com\/tr\/wp-json\/wp\/v2\/product_tag?post=9190"}],"curies":[{"name":"wp","href":"https:\/\/api.w.org\/{rel}","templated":true}]}}