{"id":9184,"date":"2025-06-18T18:33:35","date_gmt":"2025-06-18T10:33:35","guid":{"rendered":"https:\/\/www.hsymachinery.com\/?post_type=product&#038;p=9184"},"modified":"2025-06-28T22:25:50","modified_gmt":"2025-06-28T14:25:50","slug":"arkada-yuruyen-elektrikli-mala-pth-h100","status":"publish","type":"product","link":"https:\/\/www.hsymachinery.com\/tr\/product\/arkada-yuruyen-elektrikli-mala-pth-h100\/","title":{"rendered":"Arkadan \u00c7ekmeli Elektrikli Mala PTH-H100"},"content":{"rendered":"<h2 data-start=\"123\" data-end=\"164\">Arkadan \u00c7ekmeli Elektrikli Mala PTH-H100<\/h2>\n<h3 data-start=\"165\" data-end=\"272\">PTH-H100 Honda Motorlu Beton Malas\u0131 | End\u00fcstriyel S\u0131n\u0131f Beton D\u00fczle\u015ftirme i\u00e7in Geni\u015f \u00c7apl\u0131 Son \u0130\u015flemci<\/h3>\n<h3 data-start=\"279\" data-end=\"375\">\u00dcr\u00fcn A\u00e7\u0131klamas\u0131 - Honda G\u00fcvenilirli\u011fi ve Ekstra Geni\u015f Kapsama Alan\u0131 ile A\u011f\u0131r Hizmet Perdahlama<a href=\"https:\/\/www.hsymachinery.com\/tr\/urunler\/elektrikli-mala-arkasinda-yurume\/\" target=\"_blank\" rel=\"noopener\"><img fetchpriority=\"high\" decoding=\"async\" class=\"wp-image-9185 alignright\" src=\"https:\/\/www.hsymachinery.com\/wp-content\/uploads\/2025\/06\/Walk-Behind-Power-Trowel-PTH-H100-244x300.jpg\" alt=\"\" width=\"452\" height=\"556\" srcset=\"https:\/\/www.hsymachinery.com\/wp-content\/uploads\/2025\/06\/Walk-Behind-Power-Trowel-PTH-H100-244x300.jpg 244w, https:\/\/www.hsymachinery.com\/wp-content\/uploads\/2025\/06\/Walk-Behind-Power-Trowel-PTH-H100.jpg 600w\" sizes=\"(max-width: 452px) 100vw, 452px\" \/><\/a><\/h3>\n<p data-start=\"377\" data-end=\"749\">Bu <strong data-start=\"381\" data-end=\"418\">PTH-H100 Arkadan \u00c7ekmeli Elektrikli Mala<\/strong> g\u00fc\u00e7, dayan\u0131kl\u0131l\u0131k ve hassasiyetin gerekli oldu\u011fu y\u00fcksek talepli, geni\u015f y\u00fczeyli beton son i\u015flem g\u00f6revleri i\u00e7in tasarlanm\u0131\u015ft\u0131r. Sa\u011flam bir Honda benzinli motorla tahrik edilen bu model, zorlu i\u015f sahalar\u0131nda uzun s\u00fcreli kullan\u0131mda bile ola\u011fan\u00fcst\u00fc tork \u00e7\u0131k\u0131\u015f\u0131, h\u0131zl\u0131 ba\u015flatma ve uzun \u00f6m\u00fcrl\u00fc performans sunar.<\/p>\n<p data-start=\"751\" data-end=\"1126\">100 cm malalama \u00e7ap\u0131yla PTH-H100, geni\u015f alanlar\u0131 verimli bir \u015fekilde kaplayarak m\u00fcteahhitlerin nihai y\u00fczeyin d\u00fczg\u00fcnl\u00fc\u011f\u00fcnden ve homojenli\u011finden \u00f6d\u00fcn vermeden zamandan tasarruf etmelerine yard\u0131mc\u0131 olur. B\u0131\u00e7ak aral\u0131\u011f\u0131 kontrol sistemi, operat\u00f6rlerin kaba tesviye veya ince parlatma i\u00e7in a\u00e7\u0131y\u0131 kolayca ayarlamas\u0131na olanak tan\u0131yarak kar\u0131\u015f\u0131m veya ko\u015fullardan ba\u011f\u0131ms\u0131z olarak profesyonel bir son kat sa\u011flar.<\/p>\n<p data-start=\"1128\" data-end=\"1495\">Ayr\u0131ca, g\u00fc\u00e7lendirilmi\u015f di\u015fli kutusu, dayan\u0131kl\u0131 b\u0131\u00e7ak kollar\u0131 ve hassas dengeli rotor, bu makinenin depolarda, otoparklarda, lojistik b\u00f6lgelerde ve ticari plakalarda g\u00fcnl\u00fck kullan\u0131ma dayanmas\u0131n\u0131 sa\u011flar. Ergonomik tutamak, titre\u015fim \u00f6nleyici tutamaklarla donat\u0131lm\u0131\u015ft\u0131r ve tamamen katlanabilir, b\u00f6ylece nakliye ve yerinde kurulumu h\u0131zl\u0131 ve basit hale getirir.<\/p>\n<p data-start=\"1497\" data-end=\"1659\">Yak\u0131t tasarruflu motoru i\u015fletme maliyetlerini d\u00fc\u015f\u00fcrmeye yard\u0131mc\u0131 olurken, g\u00fcvenlik halkas\u0131 operat\u00f6r ve \u00e7evresindeki y\u00fczeyler i\u00e7in ekstra bir koruma katman\u0131 ekler.<\/p>\n<h3 data-start=\"1666\" data-end=\"1719\">PTH-H100 Beton Perdah Makinesinin Temel \u00d6zellikleri<\/h3>\n<ul data-start=\"1721\" data-end=\"2107\">\n<li data-start=\"1721\" data-end=\"1786\">\n<p data-start=\"1723\" data-end=\"1786\">A\u011f\u0131r hizmet tipi kullan\u0131m i\u00e7in g\u00fc\u00e7l\u00fc ve dayan\u0131kl\u0131 Honda benzinli motor<\/p>\n<\/li>\n<li data-start=\"1787\" data-end=\"1852\">\n<p data-start=\"1789\" data-end=\"1852\">Daha fazla y\u00fczey kaplamas\u0131 i\u00e7in geni\u015f 100 cm malalama \u00e7ap\u0131<\/p>\n<\/li>\n<li data-start=\"1853\" data-end=\"1909\">\n<p data-start=\"1855\" data-end=\"1909\">Kaba veya p\u00fcr\u00fczs\u00fcz finisaj i\u00e7in ayarlanabilir b\u0131\u00e7ak aral\u0131\u011f\u0131<\/p>\n<\/li>\n<li data-start=\"1910\" data-end=\"1977\">\n<p data-start=\"1912\" data-end=\"1977\">Uzun \u00f6m\u00fcr ve dayan\u0131kl\u0131l\u0131k i\u00e7in g\u00fc\u00e7lendirilmi\u015f di\u015fli kutusu ve \u00f6r\u00fcmcek kollar\u0131<\/p>\n<\/li>\n<li data-start=\"1978\" data-end=\"2039\">\n<p data-start=\"1980\" data-end=\"2039\">Titre\u015fim s\u00f6n\u00fcmleyici tutamaklara sahip ergonomik, katlanabilir tutamak<\/p>\n<\/li>\n<li data-start=\"2040\" data-end=\"2107\">\n<p data-start=\"2042\" data-end=\"2107\">B\u00fcy\u00fck d\u00f6\u015feme projelerini y\u00fcr\u00fcten profesyonel y\u00fckleniciler i\u00e7in ideal<\/p>\n<\/li>\n<\/ul>\n<h3 data-start=\"2114\" data-end=\"2197\">Uygulamalar - Depolar, Garajlar, Otoparklar ve Sanayi Siteleri i\u00e7in En \u0130yisi<\/h3>\n<p data-start=\"2199\" data-end=\"2470\">PTH-H100; fabrikalar, da\u011f\u0131t\u0131m merkezleri, ticari garajlar ve havaalan\u0131 zeminlerindeki b\u00fcy\u00fck beton plakalar i\u00e7in idealdir. Geni\u015f \u00e7al\u0131\u015fma yar\u0131\u00e7ap\u0131 ve sa\u011flam \u015fasisi ile uzun vardiyalar\u0131n ve geni\u015f zemin alanlar\u0131n\u0131n \u00fcstesinden minimum operat\u00f6r yorgunlu\u011fu ile gelir.<\/p>\n<p data-start=\"2472\" data-end=\"2651\">Profesyoneller, minimum \u00e7abayla d\u00fcz, y\u00fcksek yo\u011funluklu y\u00fczeyler sa\u011flayan g\u00fcvenilir, yak\u0131t tasarrufu sa\u011flayan ve y\u00fcksek \u00e7\u0131k\u0131\u015fl\u0131 bir beton fini\u015ferine ihtiya\u00e7 duyduklar\u0131nda bu modeli se\u00e7erler.<\/p>\n<p><iframe title=\"mala,elle itmeli mala,mala,beton 1TP10Mala #powertrowe#concrete\" width=\"720\" height=\"405\" src=\"https:\/\/www.youtube.com\/embed\/pa6AuNhMrwI?feature=oembed\" frameborder=\"0\" allow=\"accelerometer; autoplay; clipboard-write; encrypted-media; gyroscope; picture-in-picture; web-share\" referrerpolicy=\"strict-origin-when-cross-origin\" allowfullscreen><\/iframe><\/p>","protected":false},"excerpt":{"rendered":"<p>Honda motorlu PTH-H100 arkadan \u00e7ekmeli beton perdah makinesi, b\u00fcy\u00fck plakalar i\u00e7in g\u00fc\u00e7l\u00fc, geni\u015f alanl\u0131 y\u00fczey perdah\u0131 sunarak p\u00fcr\u00fczs\u00fcz ve dayan\u0131kl\u0131 beton y\u00fczeyler sa\u011flar.<\/p>","protected":false},"featured_media":9185,"template":"","meta":{"_kad_post_transparent":"default","_kad_post_title":"","_kad_post_layout":"default","_kad_post_sidebar_id":"","_kad_post_content_style":"default","_kad_post_vertical_padding":"default","_kad_post_feature":"","_kad_post_feature_position":"","_kad_post_header":false,"_kad_post_footer":false},"product_brand":[],"product_cat":[55],"product_tag":[1084,1083,1087,1081,1086,1085,1089,1088,1090,1082],"class_list":{"0":"post-9184","1":"product","2":"type-product","3":"status-publish","4":"has-post-thumbnail","6":"product_cat-walk-behind-power-trowel","7":"product_tag-cement-power-trowel","8":"product_tag-concrete-finishing-trowel","9":"product_tag-concrete-floor-finishing-machine","10":"product_tag-concrete-power-trowel","11":"product_tag-electric-walk-behind-trowel","12":"product_tag-gasoline-power-trowel","13":"product_tag-hand-operated-power-trowel","14":"product_tag-manual-power-trowel","15":"product_tag-walk-behind-concrete-finishing-machine","16":"product_tag-walk-behind-trowel-machine","18":"first","19":"instock","20":"featured","21":"shipping-taxable","22":"product-type-simple","23":"entry","24":"content-bg","25":"loop-entry"},"yoast_head":"<!-- This site is optimized with the Yoast SEO plugin v25.3.1 - https:\/\/yoast.com\/wordpress\/plugins\/seo\/ -->\n<title>Walk-Behind Power Trowel PTH-H100 - HSY Construction Machinery<\/title>\n<meta name=\"description\" content=\"Walk-Behind Power Trowel PTH-H100 with Honda engine delivers smooth, wide-area concrete finishing for industrial slabs and garage floors. Reliable, durable, and efficient.\" \/>\n<meta name=\"robots\" content=\"index, follow, max-snippet:-1, max-image-preview:large, max-video-preview:-1\" \/>\n<link rel=\"canonical\" href=\"https:\/\/www.hsymachinery.com\/tr\/product\/arkada-yuruyen-elektrikli-mala-pth-h100\/\" \/>\n<meta property=\"og:locale\" content=\"tr_TR\" \/>\n<meta property=\"og:type\" content=\"article\" \/>\n<meta property=\"og:title\" content=\"Walk-Behind Power Trowel PTH-H100 - HSY Construction Machinery\" \/>\n<meta property=\"og:description\" content=\"Walk-Behind Power Trowel PTH-H100 with Honda engine delivers smooth, wide-area concrete finishing for industrial slabs and garage floors. Reliable, durable, and efficient.\" \/>\n<meta property=\"og:url\" content=\"https:\/\/www.hsymachinery.com\/tr\/product\/arkada-yuruyen-elektrikli-mala-pth-h100\/\" \/>\n<meta property=\"og:site_name\" content=\"HSY Construction Machinery\" \/>\n<meta property=\"article:modified_time\" content=\"2025-06-28T14:25:50+00:00\" \/>\n<meta property=\"og:image\" content=\"https:\/\/www.hsymachinery.com\/wp-content\/uploads\/2025\/06\/Walk-Behind-Power-Trowel-PTH-H100.jpg\" \/>\n\t<meta property=\"og:image:width\" content=\"600\" \/>\n\t<meta property=\"og:image:height\" content=\"738\" \/>\n\t<meta property=\"og:image:type\" content=\"image\/jpeg\" \/>\n<meta name=\"twitter:card\" content=\"summary_large_image\" \/>\n<meta name=\"twitter:label1\" content=\"Tahmini okuma s\u00fcresi\" \/>\n\t<meta name=\"twitter:data1\" content=\"2 dakika\" \/>\n<script type=\"application\/ld+json\" class=\"yoast-schema-graph\">{\"@context\":\"https:\/\/schema.org\",\"@graph\":[{\"@type\":\"WebPage\",\"@id\":\"https:\/\/www.hsymachinery.com\/product\/walk-behind-power-trowel-pth-h100\/\",\"url\":\"https:\/\/www.hsymachinery.com\/product\/walk-behind-power-trowel-pth-h100\/\",\"name\":\"Walk-Behind Power Trowel PTH-H100 - HSY Construction Machinery\",\"isPartOf\":{\"@id\":\"https:\/\/www.hsymachinery.com\/#website\"},\"primaryImageOfPage\":{\"@id\":\"https:\/\/www.hsymachinery.com\/product\/walk-behind-power-trowel-pth-h100\/#primaryimage\"},\"image\":{\"@id\":\"https:\/\/www.hsymachinery.com\/product\/walk-behind-power-trowel-pth-h100\/#primaryimage\"},\"thumbnailUrl\":\"https:\/\/www.hsymachinery.com\/wp-content\/uploads\/2025\/06\/Walk-Behind-Power-Trowel-PTH-H100.jpg\",\"datePublished\":\"2025-06-18T10:33:35+00:00\",\"dateModified\":\"2025-06-28T14:25:50+00:00\",\"description\":\"Walk-Behind Power Trowel PTH-H100 with Honda engine delivers smooth, wide-area concrete finishing for industrial slabs and garage floors. Reliable, durable, and efficient.\",\"breadcrumb\":{\"@id\":\"https:\/\/www.hsymachinery.com\/product\/walk-behind-power-trowel-pth-h100\/#breadcrumb\"},\"inLanguage\":\"tr\",\"potentialAction\":[{\"@type\":\"ReadAction\",\"target\":[\"https:\/\/www.hsymachinery.com\/product\/walk-behind-power-trowel-pth-h100\/\"]}]},{\"@type\":\"ImageObject\",\"inLanguage\":\"tr\",\"@id\":\"https:\/\/www.hsymachinery.com\/product\/walk-behind-power-trowel-pth-h100\/#primaryimage\",\"url\":\"https:\/\/www.hsymachinery.com\/wp-content\/uploads\/2025\/06\/Walk-Behind-Power-Trowel-PTH-H100.jpg\",\"contentUrl\":\"https:\/\/www.hsymachinery.com\/wp-content\/uploads\/2025\/06\/Walk-Behind-Power-Trowel-PTH-H100.jpg\",\"width\":600,\"height\":738},{\"@type\":\"BreadcrumbList\",\"@id\":\"https:\/\/www.hsymachinery.com\/product\/walk-behind-power-trowel-pth-h100\/#breadcrumb\",\"itemListElement\":[{\"@type\":\"ListItem\",\"position\":1,\"name\":\"home\",\"item\":\"https:\/\/www.hsymachinery.com\/\"},{\"@type\":\"ListItem\",\"position\":2,\"name\":\"products\",\"item\":\"https:\/\/www.hsymachinery.com\/products\/\"},{\"@type\":\"ListItem\",\"position\":3,\"name\":\"Walk-Behind Power Trowel PTH-H100\"}]},{\"@type\":\"WebSite\",\"@id\":\"https:\/\/www.hsymachinery.com\/#website\",\"url\":\"https:\/\/www.hsymachinery.com\/\",\"name\":\"HSY Construction Machinery\",\"description\":\"HSY Machinery \u2013 A leading China construction machinery supplier, offering a wide range of light construction equipment. Our main products include Rebar Cutting Machine, Rebar Bending Machine, Rebar Stirrup Bending Machine, Rebar Arc Bending Machine, Rebar Straightening Machine, Five-Head Rebar Stirrup Bending Machine, Tamping Rammer, Plate Compactor, Concrete Cutter, Power Trowel, and other construction machinery. We are equipped with advanced CNC machines, and we enforce strict quality inspection standards along with comprehensive after-sales service. If you are interested in our products or services, we warmly welcome your inquiries via message.\",\"publisher\":{\"@id\":\"https:\/\/www.hsymachinery.com\/#organization\"},\"potentialAction\":[{\"@type\":\"SearchAction\",\"target\":{\"@type\":\"EntryPoint\",\"urlTemplate\":\"https:\/\/www.hsymachinery.com\/?s={search_term_string}\"},\"query-input\":{\"@type\":\"PropertyValueSpecification\",\"valueRequired\":true,\"valueName\":\"search_term_string\"}}],\"inLanguage\":\"tr\"},{\"@type\":\"Organization\",\"@id\":\"https:\/\/www.hsymachinery.com\/#organization\",\"name\":\"HSY Construction Machinery\",\"url\":\"https:\/\/www.hsymachinery.com\/\",\"logo\":{\"@type\":\"ImageObject\",\"inLanguage\":\"tr\",\"@id\":\"https:\/\/www.hsymachinery.com\/#\/schema\/logo\/image\/\",\"url\":\"https:\/\/www.hsymachinery.com\/wp-content\/uploads\/2025\/06\/cropped-HSY-machinery.png\",\"contentUrl\":\"https:\/\/www.hsymachinery.com\/wp-content\/uploads\/2025\/06\/cropped-HSY-machinery.png\",\"width\":600,\"height\":240,\"caption\":\"HSY Construction Machinery\"},\"image\":{\"@id\":\"https:\/\/www.hsymachinery.com\/#\/schema\/logo\/image\/\"}}]}<\/script>\n<!-- \/ Yoast SEO plugin. -->","yoast_head_json":{"title":"Arkadan \u00c7ekmeli Elektrikli Mala PTH-H100 - HSY Construction Machinery","description":"Honda motorlu Arkadan \u00c7ekmeli Perdah Makinesi PTH-H100, end\u00fcstriyel d\u00f6\u015femeler ve garaj zeminleri i\u00e7in p\u00fcr\u00fczs\u00fcz, geni\u015f alanl\u0131 beton perdahlama sa\u011flar. G\u00fcvenilir, dayan\u0131kl\u0131 ve verimli.","robots":{"index":"index","follow":"follow","max-snippet":"max-snippet:-1","max-image-preview":"max-image-preview:large","max-video-preview":"max-video-preview:-1"},"canonical":"https:\/\/www.hsymachinery.com\/tr\/product\/arkada-yuruyen-elektrikli-mala-pth-h100\/","og_locale":"tr_TR","og_type":"article","og_title":"Walk-Behind Power Trowel PTH-H100 - HSY Construction Machinery","og_description":"Walk-Behind Power Trowel PTH-H100 with Honda engine delivers smooth, wide-area concrete finishing for industrial slabs and garage floors. Reliable, durable, and efficient.","og_url":"https:\/\/www.hsymachinery.com\/tr\/product\/arkada-yuruyen-elektrikli-mala-pth-h100\/","og_site_name":"HSY Construction Machinery","article_modified_time":"2025-06-28T14:25:50+00:00","og_image":[{"width":600,"height":738,"url":"https:\/\/www.hsymachinery.com\/wp-content\/uploads\/2025\/06\/Walk-Behind-Power-Trowel-PTH-H100.jpg","type":"image\/jpeg"}],"twitter_card":"summary_large_image","twitter_misc":{"Tahmini okuma s\u00fcresi":"2 dakika"},"schema":{"@context":"https:\/\/schema.org","@graph":[{"@type":"WebPage","@id":"https:\/\/www.hsymachinery.com\/product\/walk-behind-power-trowel-pth-h100\/","url":"https:\/\/www.hsymachinery.com\/product\/walk-behind-power-trowel-pth-h100\/","name":"Arkadan \u00c7ekmeli Elektrikli Mala PTH-H100 - HSY Construction Machinery","isPartOf":{"@id":"https:\/\/www.hsymachinery.com\/#website"},"primaryImageOfPage":{"@id":"https:\/\/www.hsymachinery.com\/product\/walk-behind-power-trowel-pth-h100\/#primaryimage"},"image":{"@id":"https:\/\/www.hsymachinery.com\/product\/walk-behind-power-trowel-pth-h100\/#primaryimage"},"thumbnailUrl":"https:\/\/www.hsymachinery.com\/wp-content\/uploads\/2025\/06\/Walk-Behind-Power-Trowel-PTH-H100.jpg","datePublished":"2025-06-18T10:33:35+00:00","dateModified":"2025-06-28T14:25:50+00:00","description":"Honda motorlu Arkadan \u00c7ekmeli Perdah Makinesi PTH-H100, end\u00fcstriyel d\u00f6\u015femeler ve garaj zeminleri i\u00e7in p\u00fcr\u00fczs\u00fcz, geni\u015f alanl\u0131 beton perdahlama sa\u011flar. G\u00fcvenilir, dayan\u0131kl\u0131 ve verimli.","breadcrumb":{"@id":"https:\/\/www.hsymachinery.com\/product\/walk-behind-power-trowel-pth-h100\/#breadcrumb"},"inLanguage":"tr","potentialAction":[{"@type":"ReadAction","target":["https:\/\/www.hsymachinery.com\/product\/walk-behind-power-trowel-pth-h100\/"]}]},{"@type":"ImageObject","inLanguage":"tr","@id":"https:\/\/www.hsymachinery.com\/product\/walk-behind-power-trowel-pth-h100\/#primaryimage","url":"https:\/\/www.hsymachinery.com\/wp-content\/uploads\/2025\/06\/Walk-Behind-Power-Trowel-PTH-H100.jpg","contentUrl":"https:\/\/www.hsymachinery.com\/wp-content\/uploads\/2025\/06\/Walk-Behind-Power-Trowel-PTH-H100.jpg","width":600,"height":738},{"@type":"BreadcrumbList","@id":"https:\/\/www.hsymachinery.com\/product\/walk-behind-power-trowel-pth-h100\/#breadcrumb","itemListElement":[{"@type":"ListItem","position":1,"name":"home","item":"https:\/\/www.hsymachinery.com\/"},{"@type":"ListItem","position":2,"name":"products","item":"https:\/\/www.hsymachinery.com\/products\/"},{"@type":"ListItem","position":3,"name":"Walk-Behind Power Trowel PTH-H100"}]},{"@type":"WebSite","@id":"https:\/\/www.hsymachinery.com\/#website","url":"https:\/\/www.hsymachinery.com\/","name":"HSY \u0130n\u015faat Makineleri","description":"HSY Machinery - \u00c7ok \u00e7e\u015fitli hafif in\u015faat ekipmanlar\u0131 sunan lider bir \u00c7in in\u015faat makineleri tedarik\u00e7isi. Ba\u015fl\u0131ca \u00fcr\u00fcnlerimiz aras\u0131nda Demir Kesme Makinesi, Demir B\u00fckme Makinesi, Demir \u00dczengi B\u00fckme Makinesi, Demir Ark B\u00fckme Makinesi, Demir Do\u011frultma Makinesi, Be\u015f Kafal\u0131 Demir \u00dczengi B\u00fckme Makinesi, S\u0131k\u0131\u015ft\u0131rma Tokma\u011f\u0131, Plaka Kompakt\u00f6r\u00fc, Beton Kesici, Elektrikli Mala ve di\u011fer in\u015faat makineleri bulunmaktad\u0131r. Geli\u015fmi\u015f CNC makineleri ile donat\u0131lm\u0131\u015ft\u0131r ve kapsaml\u0131 sat\u0131\u015f sonras\u0131 hizmet ile birlikte s\u0131k\u0131 kalite kontrol standartlar\u0131n\u0131 uyguluyoruz. \u00dcr\u00fcnlerimiz veya hizmetlerimizle ilgileniyorsan\u0131z, sorular\u0131n\u0131z\u0131 mesaj yoluyla s\u0131cak bir \u015fekilde kar\u015f\u0131l\u0131yoruz.","publisher":{"@id":"https:\/\/www.hsymachinery.com\/#organization"},"potentialAction":[{"@type":"SearchAction","target":{"@type":"EntryPoint","urlTemplate":"https:\/\/www.hsymachinery.com\/?s={search_term_string}"},"query-input":{"@type":"PropertyValueSpecification","valueRequired":true,"valueName":"search_term_string"}}],"inLanguage":"tr"},{"@type":"Organization","@id":"https:\/\/www.hsymachinery.com\/#organization","name":"HSY \u0130n\u015faat Makineleri","url":"https:\/\/www.hsymachinery.com\/","logo":{"@type":"ImageObject","inLanguage":"tr","@id":"https:\/\/www.hsymachinery.com\/#\/schema\/logo\/image\/","url":"https:\/\/www.hsymachinery.com\/wp-content\/uploads\/2025\/06\/cropped-HSY-machinery.png","contentUrl":"https:\/\/www.hsymachinery.com\/wp-content\/uploads\/2025\/06\/cropped-HSY-machinery.png","width":600,"height":240,"caption":"HSY Construction Machinery"},"image":{"@id":"https:\/\/www.hsymachinery.com\/#\/schema\/logo\/image\/"}}]}},"_links":{"self":[{"href":"https:\/\/www.hsymachinery.com\/tr\/wp-json\/wp\/v2\/product\/9184","targetHints":{"allow":["GET"]}}],"collection":[{"href":"https:\/\/www.hsymachinery.com\/tr\/wp-json\/wp\/v2\/product"}],"about":[{"href":"https:\/\/www.hsymachinery.com\/tr\/wp-json\/wp\/v2\/types\/product"}],"version-history":[{"count":3,"href":"https:\/\/www.hsymachinery.com\/tr\/wp-json\/wp\/v2\/product\/9184\/revisions"}],"predecessor-version":[{"id":9587,"href":"https:\/\/www.hsymachinery.com\/tr\/wp-json\/wp\/v2\/product\/9184\/revisions\/9587"}],"wp:featuredmedia":[{"embeddable":true,"href":"https:\/\/www.hsymachinery.com\/tr\/wp-json\/wp\/v2\/media\/9185"}],"wp:attachment":[{"href":"https:\/\/www.hsymachinery.com\/tr\/wp-json\/wp\/v2\/media?parent=9184"}],"wp:term":[{"taxonomy":"product_brand","embeddable":true,"href":"https:\/\/www.hsymachinery.com\/tr\/wp-json\/wp\/v2\/product_brand?post=9184"},{"taxonomy":"product_cat","embeddable":true,"href":"https:\/\/www.hsymachinery.com\/tr\/wp-json\/wp\/v2\/product_cat?post=9184"},{"taxonomy":"product_tag","embeddable":true,"href":"https:\/\/www.hsymachinery.com\/tr\/wp-json\/wp\/v2\/product_tag?post=9184"}],"curies":[{"name":"wp","href":"https:\/\/api.w.org\/{rel}","templated":true}]}}