{"id":9181,"date":"2025-06-18T18:32:50","date_gmt":"2025-06-18T10:32:50","guid":{"rendered":"https:\/\/www.hsymachinery.com\/?post_type=product&#038;p=9181"},"modified":"2025-06-28T22:20:29","modified_gmt":"2025-06-28T14:20:29","slug":"arkada-yuruyen-elektrikli-mala-pth-h80-90","status":"publish","type":"product","link":"https:\/\/www.hsymachinery.com\/tr\/product\/arkada-yuruyen-elektrikli-mala-pth-h80-90\/","title":{"rendered":"Arkadan \u00c7ekmeli Elektrikli Mala PTH-H80\/90"},"content":{"rendered":"<h2 data-start=\"122\" data-end=\"165\">Arkadan \u00c7ekmeli Elektrikli Mala PTH-H80\/90<\/h2>\n<h3 data-start=\"166\" data-end=\"278\">Honda Motorlu PTH-H80\/90 Beton Malas\u0131 | Profesyonel Beton \u0130\u015fleri i\u00e7in Orta Boy Hassas Finisher<\/h3>\n<h3 data-start=\"285\" data-end=\"374\">\u00dcr\u00fcn A\u00e7\u0131klamas\u0131 - P\u00fcr\u00fczs\u00fcz Beton Bitirme i\u00e7in Honda Motorlu Verimli Mala<a href=\"https:\/\/www.hsymachinery.com\/tr\/urunler\/elektrikli-mala-arkasinda-yurume\/\" target=\"_blank\" rel=\"noopener\"><img fetchpriority=\"high\" decoding=\"async\" class=\"wp-image-9182 alignright\" src=\"https:\/\/www.hsymachinery.com\/wp-content\/uploads\/2025\/06\/Walk-Behind-Power-Trowel-PTH-H80-244x300.jpg\" alt=\"\" width=\"451\" height=\"555\" srcset=\"https:\/\/www.hsymachinery.com\/wp-content\/uploads\/2025\/06\/Walk-Behind-Power-Trowel-PTH-H80-244x300.jpg 244w, https:\/\/www.hsymachinery.com\/wp-content\/uploads\/2025\/06\/Walk-Behind-Power-Trowel-PTH-H80.jpg 600w\" sizes=\"(max-width: 451px) 100vw, 451px\" \/><\/a><\/h3>\n<p data-start=\"376\" data-end=\"743\">Bu <strong data-start=\"380\" data-end=\"419\">PTH-H80\/90 Arkadan \u00c7ekmeli Elektrikli Mala<\/strong> orta \u00f6l\u00e7ekli in\u015faat projelerinde ola\u011fan\u00fcst\u00fc beton y\u00fczey finisaj\u0131 sa\u011flamak i\u00e7in tasarlanm\u0131\u015ft\u0131r. G\u00fcvenilir bir Honda benzinli motorla \u00e7al\u0131\u015fan bu makine, istikrarl\u0131 performans, hassas kontrol ve geli\u015fmi\u015f dayan\u0131kl\u0131l\u0131k sunarak profesyonel sonu\u00e7lar almak isteyen y\u00fckleniciler i\u00e7in ideal bir se\u00e7imdir.<\/p>\n<p data-start=\"745\" data-end=\"1104\">Perdahlama \u00e7ap\u0131 80 ila 90 cm olan PTH-H80\/90, m\u00fckemmel manevra kabiliyetini korurken geni\u015f alan kapsama alan\u0131 sa\u011flar. Ayarlanabilir b\u0131\u00e7ak aral\u0131\u011f\u0131, ilk d\u00fczle\u015ftirmeden son cilalamaya kadar tutarl\u0131 y\u00fczeyler sa\u011flar. G\u00fc\u00e7lendirilmi\u015f di\u015fli kutusu, g\u00fc\u00e7l\u00fc b\u0131\u00e7ak kollar\u0131 ve koruyucu g\u00fcvenlik halkas\u0131 hem g\u00fc\u00e7 hem de operat\u00f6r g\u00fcvenli\u011fi sunar.<\/p>\n<p data-start=\"1106\" data-end=\"1264\">Hem i\u00e7 hem de d\u0131\u015f mekan uygulamalar\u0131 i\u00e7in tasarlanan bu mala, depo zeminlerinde, araba yollar\u0131nda, garaj pedlerinde ve ticari beton plakalarda m\u00fckemmeldir.<\/p>\n<h3 data-start=\"1271\" data-end=\"1332\">PTH-H80\/90 Arkadan \u00c7ekmeli Beton Perdah Makinesinin Temel \u00d6zellikleri<\/h3>\n<ul data-start=\"1334\" data-end=\"1706\">\n<li data-start=\"1334\" data-end=\"1404\">\n<p data-start=\"1336\" data-end=\"1404\">Premium Honda motoru g\u00fcvenilir \u00e7al\u0131\u015ft\u0131rma ve yak\u0131t verimlili\u011fi sa\u011flar<\/p>\n<\/li>\n<li data-start=\"1405\" data-end=\"1463\">\n<p data-start=\"1407\" data-end=\"1463\">80\/90 cm malalama \u00e7ap\u0131 orta b\u00fcy\u00fckl\u00fckteki i\u015fler i\u00e7in ideal<\/p>\n<\/li>\n<li data-start=\"1464\" data-end=\"1525\">\n<p data-start=\"1466\" data-end=\"1525\">B\u0131\u00e7ak hatvesi farkl\u0131 finisaj ihtiya\u00e7lar\u0131 i\u00e7in ayarlanabilir<\/p>\n<\/li>\n<li data-start=\"1526\" data-end=\"1587\">\n<p data-start=\"1528\" data-end=\"1587\">Konfor ve daha az titre\u015fim i\u00e7in ergonomik sap tasar\u0131m\u0131<\/p>\n<\/li>\n<li data-start=\"1588\" data-end=\"1650\">\n<p data-start=\"1590\" data-end=\"1650\">Uzun \u00f6m\u00fcrl\u00fc di\u015fli kutusu ve \u00f6r\u00fcmcek kollar\u0131 ile sa\u011flam yap\u0131<\/p>\n<\/li>\n<li data-start=\"1651\" data-end=\"1706\">\n<p data-start=\"1653\" data-end=\"1706\">Bak\u0131m\u0131 kolayd\u0131r ve g\u00fcnl\u00fck kullan\u0131m i\u00e7in son derece dayan\u0131kl\u0131d\u0131r<\/p>\n<\/li>\n<\/ul>\n<h3 data-start=\"1713\" data-end=\"1784\">Uygulamalar - Depolar, Yollar, Kald\u0131r\u0131mlar ve D\u00f6\u015femeler i\u00e7in En \u0130yisi<\/h3>\n<p data-start=\"1786\" data-end=\"1991\">PTH-H80\/90, g\u00fc\u00e7 ve kontrol aras\u0131nda m\u00fckemmel bir denge sunarak ticari zeminler, i\u00e7 d\u00f6\u015femeler, kald\u0131r\u0131mlar ve temel yast\u0131klar\u0131 \u00fczerinde \u00e7al\u0131\u015fan y\u00fckleniciler i\u00e7in idealdir.<\/p>\n<p data-start=\"1993\" data-end=\"2155\">Kullan\u0131c\u0131lar, Honda ile \u00e7al\u0131\u015fan tutarl\u0131l\u0131\u011f\u0131 ve kullan\u0131c\u0131 dostu tasar\u0131m\u0131 sayesinde bu makinenin d\u00fczensiz y\u00fczeylerde bile p\u00fcr\u00fczs\u00fcz finisajlar sa\u011flayaca\u011f\u0131na g\u00fcveniyor.<\/p>\n<p><iframe title=\"mala,elle itmeli mala,mala,beton 1TP10Mala #powertrowe#concrete\" width=\"720\" height=\"405\" src=\"https:\/\/www.youtube.com\/embed\/pa6AuNhMrwI?feature=oembed\" frameborder=\"0\" allow=\"accelerometer; autoplay; clipboard-write; encrypted-media; gyroscope; picture-in-picture; web-share\" referrerpolicy=\"strict-origin-when-cross-origin\" allowfullscreen><\/iframe><\/p>","protected":false},"excerpt":{"rendered":"<p>Honda motorlu PTH-H80\/90 arkadan \u00e7ekmeli mala, orta \u00f6l\u00e7ekli in\u015faat projeleri ve d\u00f6\u015feme uygulamalar\u0131 i\u00e7in g\u00fc\u00e7l\u00fc ve hassas beton perdah\u0131 sa\u011flar.<\/p>","protected":false},"featured_media":9182,"template":"","meta":{"_kad_post_transparent":"default","_kad_post_title":"","_kad_post_layout":"default","_kad_post_sidebar_id":"","_kad_post_content_style":"default","_kad_post_vertical_padding":"default","_kad_post_feature":"","_kad_post_feature_position":"","_kad_post_header":false,"_kad_post_footer":false},"product_brand":[],"product_cat":[55],"product_tag":[1084,1083,1087,1081,1086,1085,1089,1088,1090,1082],"class_list":{"0":"post-9181","1":"product","2":"type-product","3":"status-publish","4":"has-post-thumbnail","6":"product_cat-walk-behind-power-trowel","7":"product_tag-cement-power-trowel","8":"product_tag-concrete-finishing-trowel","9":"product_tag-concrete-floor-finishing-machine","10":"product_tag-concrete-power-trowel","11":"product_tag-electric-walk-behind-trowel","12":"product_tag-gasoline-power-trowel","13":"product_tag-hand-operated-power-trowel","14":"product_tag-manual-power-trowel","15":"product_tag-walk-behind-concrete-finishing-machine","16":"product_tag-walk-behind-trowel-machine","18":"first","19":"instock","20":"shipping-taxable","21":"product-type-simple","22":"entry","23":"content-bg","24":"loop-entry"},"yoast_head":"<!-- This site is optimized with the Yoast SEO plugin v25.3.1 - https:\/\/yoast.com\/wordpress\/plugins\/seo\/ -->\n<title>Walk-Behind Power Trowel PTH-H80\/90 - HSY Construction Machinery<\/title>\n<meta name=\"description\" content=\"Walk-Behind Power Trowel PTH-H80\/90 with Honda engine ensures reliable, wide-area concrete surface finishing for driveways, factory floors, and commercial slabs.\" \/>\n<meta name=\"robots\" content=\"index, follow, max-snippet:-1, max-image-preview:large, max-video-preview:-1\" \/>\n<link rel=\"canonical\" href=\"https:\/\/www.hsymachinery.com\/tr\/product\/arkada-yuruyen-elektrikli-mala-pth-h80-90\/\" \/>\n<meta property=\"og:locale\" content=\"tr_TR\" \/>\n<meta property=\"og:type\" content=\"article\" \/>\n<meta property=\"og:title\" content=\"Walk-Behind Power Trowel PTH-H80\/90 - HSY Construction Machinery\" \/>\n<meta property=\"og:description\" content=\"Walk-Behind Power Trowel PTH-H80\/90 with Honda engine ensures reliable, wide-area concrete surface finishing for driveways, factory floors, and commercial slabs.\" \/>\n<meta property=\"og:url\" content=\"https:\/\/www.hsymachinery.com\/tr\/product\/arkada-yuruyen-elektrikli-mala-pth-h80-90\/\" \/>\n<meta property=\"og:site_name\" content=\"HSY Construction Machinery\" \/>\n<meta property=\"article:modified_time\" content=\"2025-06-28T14:20:29+00:00\" \/>\n<meta property=\"og:image\" content=\"https:\/\/www.hsymachinery.com\/wp-content\/uploads\/2025\/06\/Walk-Behind-Power-Trowel-PTH-H80.jpg\" \/>\n\t<meta property=\"og:image:width\" content=\"600\" \/>\n\t<meta property=\"og:image:height\" content=\"738\" \/>\n\t<meta property=\"og:image:type\" content=\"image\/jpeg\" \/>\n<meta name=\"twitter:card\" content=\"summary_large_image\" \/>\n<meta name=\"twitter:label1\" content=\"Tahmini okuma s\u00fcresi\" \/>\n\t<meta name=\"twitter:data1\" content=\"2 dakika\" \/>\n<script type=\"application\/ld+json\" class=\"yoast-schema-graph\">{\"@context\":\"https:\/\/schema.org\",\"@graph\":[{\"@type\":\"WebPage\",\"@id\":\"https:\/\/www.hsymachinery.com\/product\/walk-behind-power-trowel-pth-h80-90\/\",\"url\":\"https:\/\/www.hsymachinery.com\/product\/walk-behind-power-trowel-pth-h80-90\/\",\"name\":\"Walk-Behind Power Trowel PTH-H80\/90 - HSY Construction Machinery\",\"isPartOf\":{\"@id\":\"https:\/\/www.hsymachinery.com\/#website\"},\"primaryImageOfPage\":{\"@id\":\"https:\/\/www.hsymachinery.com\/product\/walk-behind-power-trowel-pth-h80-90\/#primaryimage\"},\"image\":{\"@id\":\"https:\/\/www.hsymachinery.com\/product\/walk-behind-power-trowel-pth-h80-90\/#primaryimage\"},\"thumbnailUrl\":\"https:\/\/www.hsymachinery.com\/wp-content\/uploads\/2025\/06\/Walk-Behind-Power-Trowel-PTH-H80.jpg\",\"datePublished\":\"2025-06-18T10:32:50+00:00\",\"dateModified\":\"2025-06-28T14:20:29+00:00\",\"description\":\"Walk-Behind Power Trowel PTH-H80\/90 with Honda engine ensures reliable, wide-area concrete surface finishing for driveways, factory floors, and commercial slabs.\",\"breadcrumb\":{\"@id\":\"https:\/\/www.hsymachinery.com\/product\/walk-behind-power-trowel-pth-h80-90\/#breadcrumb\"},\"inLanguage\":\"tr\",\"potentialAction\":[{\"@type\":\"ReadAction\",\"target\":[\"https:\/\/www.hsymachinery.com\/product\/walk-behind-power-trowel-pth-h80-90\/\"]}]},{\"@type\":\"ImageObject\",\"inLanguage\":\"tr\",\"@id\":\"https:\/\/www.hsymachinery.com\/product\/walk-behind-power-trowel-pth-h80-90\/#primaryimage\",\"url\":\"https:\/\/www.hsymachinery.com\/wp-content\/uploads\/2025\/06\/Walk-Behind-Power-Trowel-PTH-H80.jpg\",\"contentUrl\":\"https:\/\/www.hsymachinery.com\/wp-content\/uploads\/2025\/06\/Walk-Behind-Power-Trowel-PTH-H80.jpg\",\"width\":600,\"height\":738},{\"@type\":\"BreadcrumbList\",\"@id\":\"https:\/\/www.hsymachinery.com\/product\/walk-behind-power-trowel-pth-h80-90\/#breadcrumb\",\"itemListElement\":[{\"@type\":\"ListItem\",\"position\":1,\"name\":\"home\",\"item\":\"https:\/\/www.hsymachinery.com\/\"},{\"@type\":\"ListItem\",\"position\":2,\"name\":\"products\",\"item\":\"https:\/\/www.hsymachinery.com\/products\/\"},{\"@type\":\"ListItem\",\"position\":3,\"name\":\"Walk-Behind Power Trowel PTH-H80\/90\"}]},{\"@type\":\"WebSite\",\"@id\":\"https:\/\/www.hsymachinery.com\/#website\",\"url\":\"https:\/\/www.hsymachinery.com\/\",\"name\":\"HSY Construction Machinery\",\"description\":\"HSY Machinery \u2013 A leading China construction machinery supplier, offering a wide range of light construction equipment. Our main products include Rebar Cutting Machine, Rebar Bending Machine, Rebar Stirrup Bending Machine, Rebar Arc Bending Machine, Rebar Straightening Machine, Five-Head Rebar Stirrup Bending Machine, Tamping Rammer, Plate Compactor, Concrete Cutter, Power Trowel, and other construction machinery. We are equipped with advanced CNC machines, and we enforce strict quality inspection standards along with comprehensive after-sales service. If you are interested in our products or services, we warmly welcome your inquiries via message.\",\"publisher\":{\"@id\":\"https:\/\/www.hsymachinery.com\/#organization\"},\"potentialAction\":[{\"@type\":\"SearchAction\",\"target\":{\"@type\":\"EntryPoint\",\"urlTemplate\":\"https:\/\/www.hsymachinery.com\/?s={search_term_string}\"},\"query-input\":{\"@type\":\"PropertyValueSpecification\",\"valueRequired\":true,\"valueName\":\"search_term_string\"}}],\"inLanguage\":\"tr\"},{\"@type\":\"Organization\",\"@id\":\"https:\/\/www.hsymachinery.com\/#organization\",\"name\":\"HSY Construction Machinery\",\"url\":\"https:\/\/www.hsymachinery.com\/\",\"logo\":{\"@type\":\"ImageObject\",\"inLanguage\":\"tr\",\"@id\":\"https:\/\/www.hsymachinery.com\/#\/schema\/logo\/image\/\",\"url\":\"https:\/\/www.hsymachinery.com\/wp-content\/uploads\/2025\/06\/cropped-HSY-machinery.png\",\"contentUrl\":\"https:\/\/www.hsymachinery.com\/wp-content\/uploads\/2025\/06\/cropped-HSY-machinery.png\",\"width\":600,\"height\":240,\"caption\":\"HSY Construction Machinery\"},\"image\":{\"@id\":\"https:\/\/www.hsymachinery.com\/#\/schema\/logo\/image\/\"}}]}<\/script>\n<!-- \/ Yoast SEO plugin. -->","yoast_head_json":{"title":"Arkadan \u00c7ekmeli Elektrikli Mala PTH-H80\/90 - HSY \u0130n\u015faat Makinalar\u0131","description":"Honda motorlu PTH-H80\/90 Arkadan \u00c7ekmeli Elektrikli Mala, garaj yollar\u0131, fabrika zeminleri ve ticari d\u00f6\u015femeler i\u00e7in g\u00fcvenilir, geni\u015f alanl\u0131 beton y\u00fczey finisaj\u0131 sa\u011flar.","robots":{"index":"index","follow":"follow","max-snippet":"max-snippet:-1","max-image-preview":"max-image-preview:large","max-video-preview":"max-video-preview:-1"},"canonical":"https:\/\/www.hsymachinery.com\/tr\/product\/arkada-yuruyen-elektrikli-mala-pth-h80-90\/","og_locale":"tr_TR","og_type":"article","og_title":"Walk-Behind Power Trowel PTH-H80\/90 - HSY Construction Machinery","og_description":"Walk-Behind Power Trowel PTH-H80\/90 with Honda engine ensures reliable, wide-area concrete surface finishing for driveways, factory floors, and commercial slabs.","og_url":"https:\/\/www.hsymachinery.com\/tr\/product\/arkada-yuruyen-elektrikli-mala-pth-h80-90\/","og_site_name":"HSY Construction Machinery","article_modified_time":"2025-06-28T14:20:29+00:00","og_image":[{"width":600,"height":738,"url":"https:\/\/www.hsymachinery.com\/wp-content\/uploads\/2025\/06\/Walk-Behind-Power-Trowel-PTH-H80.jpg","type":"image\/jpeg"}],"twitter_card":"summary_large_image","twitter_misc":{"Tahmini okuma s\u00fcresi":"2 dakika"},"schema":{"@context":"https:\/\/schema.org","@graph":[{"@type":"WebPage","@id":"https:\/\/www.hsymachinery.com\/product\/walk-behind-power-trowel-pth-h80-90\/","url":"https:\/\/www.hsymachinery.com\/product\/walk-behind-power-trowel-pth-h80-90\/","name":"Arkadan \u00c7ekmeli Elektrikli Mala PTH-H80\/90 - HSY \u0130n\u015faat Makinalar\u0131","isPartOf":{"@id":"https:\/\/www.hsymachinery.com\/#website"},"primaryImageOfPage":{"@id":"https:\/\/www.hsymachinery.com\/product\/walk-behind-power-trowel-pth-h80-90\/#primaryimage"},"image":{"@id":"https:\/\/www.hsymachinery.com\/product\/walk-behind-power-trowel-pth-h80-90\/#primaryimage"},"thumbnailUrl":"https:\/\/www.hsymachinery.com\/wp-content\/uploads\/2025\/06\/Walk-Behind-Power-Trowel-PTH-H80.jpg","datePublished":"2025-06-18T10:32:50+00:00","dateModified":"2025-06-28T14:20:29+00:00","description":"Honda motorlu PTH-H80\/90 Arkadan \u00c7ekmeli Elektrikli Mala, garaj yollar\u0131, fabrika zeminleri ve ticari d\u00f6\u015femeler i\u00e7in g\u00fcvenilir, geni\u015f alanl\u0131 beton y\u00fczey finisaj\u0131 sa\u011flar.","breadcrumb":{"@id":"https:\/\/www.hsymachinery.com\/product\/walk-behind-power-trowel-pth-h80-90\/#breadcrumb"},"inLanguage":"tr","potentialAction":[{"@type":"ReadAction","target":["https:\/\/www.hsymachinery.com\/product\/walk-behind-power-trowel-pth-h80-90\/"]}]},{"@type":"ImageObject","inLanguage":"tr","@id":"https:\/\/www.hsymachinery.com\/product\/walk-behind-power-trowel-pth-h80-90\/#primaryimage","url":"https:\/\/www.hsymachinery.com\/wp-content\/uploads\/2025\/06\/Walk-Behind-Power-Trowel-PTH-H80.jpg","contentUrl":"https:\/\/www.hsymachinery.com\/wp-content\/uploads\/2025\/06\/Walk-Behind-Power-Trowel-PTH-H80.jpg","width":600,"height":738},{"@type":"BreadcrumbList","@id":"https:\/\/www.hsymachinery.com\/product\/walk-behind-power-trowel-pth-h80-90\/#breadcrumb","itemListElement":[{"@type":"ListItem","position":1,"name":"home","item":"https:\/\/www.hsymachinery.com\/"},{"@type":"ListItem","position":2,"name":"products","item":"https:\/\/www.hsymachinery.com\/products\/"},{"@type":"ListItem","position":3,"name":"Walk-Behind Power Trowel PTH-H80\/90"}]},{"@type":"WebSite","@id":"https:\/\/www.hsymachinery.com\/#website","url":"https:\/\/www.hsymachinery.com\/","name":"HSY \u0130n\u015faat Makineleri","description":"HSY Machinery - \u00c7ok \u00e7e\u015fitli hafif in\u015faat ekipmanlar\u0131 sunan lider bir \u00c7in in\u015faat makineleri tedarik\u00e7isi. Ba\u015fl\u0131ca \u00fcr\u00fcnlerimiz aras\u0131nda Demir Kesme Makinesi, Demir B\u00fckme Makinesi, Demir \u00dczengi B\u00fckme Makinesi, Demir Ark B\u00fckme Makinesi, Demir Do\u011frultma Makinesi, Be\u015f Kafal\u0131 Demir \u00dczengi B\u00fckme Makinesi, S\u0131k\u0131\u015ft\u0131rma Tokma\u011f\u0131, Plaka Kompakt\u00f6r\u00fc, Beton Kesici, Elektrikli Mala ve di\u011fer in\u015faat makineleri bulunmaktad\u0131r. Geli\u015fmi\u015f CNC makineleri ile donat\u0131lm\u0131\u015ft\u0131r ve kapsaml\u0131 sat\u0131\u015f sonras\u0131 hizmet ile birlikte s\u0131k\u0131 kalite kontrol standartlar\u0131n\u0131 uyguluyoruz. \u00dcr\u00fcnlerimiz veya hizmetlerimizle ilgileniyorsan\u0131z, sorular\u0131n\u0131z\u0131 mesaj yoluyla s\u0131cak bir \u015fekilde kar\u015f\u0131l\u0131yoruz.","publisher":{"@id":"https:\/\/www.hsymachinery.com\/#organization"},"potentialAction":[{"@type":"SearchAction","target":{"@type":"EntryPoint","urlTemplate":"https:\/\/www.hsymachinery.com\/?s={search_term_string}"},"query-input":{"@type":"PropertyValueSpecification","valueRequired":true,"valueName":"search_term_string"}}],"inLanguage":"tr"},{"@type":"Organization","@id":"https:\/\/www.hsymachinery.com\/#organization","name":"HSY \u0130n\u015faat Makineleri","url":"https:\/\/www.hsymachinery.com\/","logo":{"@type":"ImageObject","inLanguage":"tr","@id":"https:\/\/www.hsymachinery.com\/#\/schema\/logo\/image\/","url":"https:\/\/www.hsymachinery.com\/wp-content\/uploads\/2025\/06\/cropped-HSY-machinery.png","contentUrl":"https:\/\/www.hsymachinery.com\/wp-content\/uploads\/2025\/06\/cropped-HSY-machinery.png","width":600,"height":240,"caption":"HSY Construction Machinery"},"image":{"@id":"https:\/\/www.hsymachinery.com\/#\/schema\/logo\/image\/"}}]}},"_links":{"self":[{"href":"https:\/\/www.hsymachinery.com\/tr\/wp-json\/wp\/v2\/product\/9181","targetHints":{"allow":["GET"]}}],"collection":[{"href":"https:\/\/www.hsymachinery.com\/tr\/wp-json\/wp\/v2\/product"}],"about":[{"href":"https:\/\/www.hsymachinery.com\/tr\/wp-json\/wp\/v2\/types\/product"}],"version-history":[{"count":3,"href":"https:\/\/www.hsymachinery.com\/tr\/wp-json\/wp\/v2\/product\/9181\/revisions"}],"predecessor-version":[{"id":9585,"href":"https:\/\/www.hsymachinery.com\/tr\/wp-json\/wp\/v2\/product\/9181\/revisions\/9585"}],"wp:featuredmedia":[{"embeddable":true,"href":"https:\/\/www.hsymachinery.com\/tr\/wp-json\/wp\/v2\/media\/9182"}],"wp:attachment":[{"href":"https:\/\/www.hsymachinery.com\/tr\/wp-json\/wp\/v2\/media?parent=9181"}],"wp:term":[{"taxonomy":"product_brand","embeddable":true,"href":"https:\/\/www.hsymachinery.com\/tr\/wp-json\/wp\/v2\/product_brand?post=9181"},{"taxonomy":"product_cat","embeddable":true,"href":"https:\/\/www.hsymachinery.com\/tr\/wp-json\/wp\/v2\/product_cat?post=9181"},{"taxonomy":"product_tag","embeddable":true,"href":"https:\/\/www.hsymachinery.com\/tr\/wp-json\/wp\/v2\/product_tag?post=9181"}],"curies":[{"name":"wp","href":"https:\/\/api.w.org\/{rel}","templated":true}]}}