{"id":9160,"date":"2025-06-18T18:09:14","date_gmt":"2025-06-18T10:09:14","guid":{"rendered":"https:\/\/www.hsymachinery.com\/?post_type=product&#038;p=9160"},"modified":"2025-06-28T21:30:28","modified_gmt":"2025-06-28T13:30:28","slug":"beton-kesici-hq-c800","status":"publish","type":"product","link":"https:\/\/www.hsymachinery.com\/tr\/product\/beton-kesici-hq-c800\/","title":{"rendered":"Beton Kesici HQ-C800"},"content":{"rendered":"<h2 data-start=\"137\" data-end=\"168\">Beton Kesici HQ-C800<\/h2>\n<h3 data-start=\"169\" data-end=\"294\">HQ-C800 A\u011f\u0131r Hizmet Dizel Beton Kesici | End\u00fcstriyel ve Otoyol \u0130n\u015faat\u0131 i\u00e7in Ultra Derin, Yak\u0131t Tasarruflu Beton Testeresi<\/h3>\n<h3 data-start=\"301\" data-end=\"393\">\u00dcr\u00fcn A\u00e7\u0131klamas\u0131 - Zorlu Ortamlar i\u00e7in Maksimum Kesme Derinli\u011fi ve Dayan\u0131kl\u0131l\u0131k<a href=\"https:\/\/www.hsymachinery.com\/tr\/urunler\/beton-kesici\/\" target=\"_blank\" rel=\"noopener\"><img fetchpriority=\"high\" decoding=\"async\" class=\"wp-image-9161 alignright\" src=\"https:\/\/www.hsymachinery.com\/wp-content\/uploads\/2025\/06\/Concrete-Cutter-HQ-C800-300x300.jpg\" alt=\"\" width=\"451\" height=\"451\" srcset=\"https:\/\/www.hsymachinery.com\/wp-content\/uploads\/2025\/06\/Concrete-Cutter-HQ-C800-300x300.jpg 300w, https:\/\/www.hsymachinery.com\/wp-content\/uploads\/2025\/06\/Concrete-Cutter-HQ-C800-150x150.jpg 150w, https:\/\/www.hsymachinery.com\/wp-content\/uploads\/2025\/06\/Concrete-Cutter-HQ-C800-100x100.jpg 100w, https:\/\/www.hsymachinery.com\/wp-content\/uploads\/2025\/06\/Concrete-Cutter-HQ-C800.jpg 600w\" sizes=\"(max-width: 451px) 100vw, 451px\" \/><\/a><\/h3>\n<p data-start=\"395\" data-end=\"807\">Bu <strong data-start=\"399\" data-end=\"426\">HQ-C800 Beton Kesici<\/strong> end\u00fcstriyel, karayolu ve temel uygulamalar\u0131nda son derece derin, s\u00fcrekli kesme g\u00f6revleri i\u00e7in tasarlanm\u0131\u015f g\u00fc\u00e7lendirilmi\u015f dizel motorlu bir makinedir. Y\u00fcksek \u00e7\u0131k\u0131\u015fl\u0131 dizel motoru, betonarme, asfalt yollar ve beton temel katmanlar\u0131n\u0131 en zorlu saha ko\u015fullar\u0131nda bile kolayl\u0131kla kesmek i\u00e7in gereken torku ve g\u00fcc\u00fc sa\u011flar.<\/p>\n<p data-start=\"809\" data-end=\"1165\">Geli\u015ftirilmi\u015f yap\u0131sal \u00e7er\u00e7eve, b\u00fcy\u00fck boy kesme b\u0131\u00e7a\u011f\u0131 deste\u011fi ve uzun \u00f6m\u00fcrl\u00fc rulmanlar ile tasarlanan bu model, dayan\u0131kl\u0131l\u0131k, g\u00fcvenilirlik ve derinlik gerektiren b\u00fcy\u00fck ve zorlu i\u015flerde ba\u015far\u0131l\u0131 olur. HQ-C800'\u00fcn ayarlanabilir kesme derinli\u011fi sistemi, derin genle\u015fme derzlerini veya servis kanallar\u0131n\u0131 keserken bile do\u011fru ve tutarl\u0131 sonu\u00e7lar sa\u011flar.<\/p>\n<p data-start=\"1167\" data-end=\"1303\">B\u00fcy\u00fck su deposu, toz kontrol\u00fcn\u00fc ve b\u0131\u00e7ak so\u011futmas\u0131n\u0131 geli\u015ftirerek daha uzun s\u00fcrekli \u00e7al\u0131\u015fma sa\u011flar ve b\u0131\u00e7ak \u00f6mr\u00fcn\u00fc uzat\u0131r.<\/p>\n<h3 data-start=\"1310\" data-end=\"1363\">HQ-C800 Dizel Beton Kesicinin Temel \u00d6zellikleri<\/h3>\n<ul data-start=\"1365\" data-end=\"1788\">\n<li data-start=\"1365\" data-end=\"1430\">\n<p data-start=\"1367\" data-end=\"1430\">A\u011f\u0131r kesim i\u00e7in geli\u015ftirilmi\u015f torka sahip g\u00fc\u00e7l\u00fc dizel motor<\/p>\n<\/li>\n<li data-start=\"1431\" data-end=\"1499\">\n<p data-start=\"1433\" data-end=\"1499\">Kal\u0131n beton ve asfalt i\u00e7in geni\u015fletilmi\u015f derinlikte kesme \u00f6zelli\u011fi<\/p>\n<\/li>\n<li data-start=\"1500\" data-end=\"1579\">\n<p data-start=\"1502\" data-end=\"1579\">Y\u00fckseltilmi\u015f yap\u0131sal mukavemet ve titre\u015fim direncine sahip a\u011f\u0131r hizmet tipi \u00e7er\u00e7eve<\/p>\n<\/li>\n<li data-start=\"1580\" data-end=\"1647\">\n<p data-start=\"1582\" data-end=\"1647\">End\u00fcstriyel s\u0131n\u0131f kesim i\u00e7in daha b\u00fcy\u00fck b\u0131\u00e7ak boyutlar\u0131yla uyumlu<\/p>\n<\/li>\n<li data-start=\"1648\" data-end=\"1709\">\n<p data-start=\"1650\" data-end=\"1709\">G\u00fcvenli ve temiz \u00e7al\u0131\u015fma i\u00e7in entegre su so\u011futma sistemi<\/p>\n<\/li>\n<li data-start=\"1710\" data-end=\"1788\">\n<p data-start=\"1712\" data-end=\"1788\">Otoyollarda, fabrikalarda, altyap\u0131 tesislerinde ve k\u00f6pr\u00fclerde kullan\u0131m i\u00e7in tasarlanm\u0131\u015ft\u0131r<\/p>\n<\/li>\n<\/ul>\n<h3 data-start=\"1795\" data-end=\"1872\">Uygulamalar - Yollar, K\u00f6pr\u00fcler, Havaalanlar\u0131 ve \u0130n\u015faat Sahalar\u0131 i\u00e7in \u0130deal<\/h3>\n<p data-start=\"1874\" data-end=\"2192\">HQ-C800, yol geni\u015fletme, k\u00f6pr\u00fc tabliyesi kanal a\u00e7ma, havaalan\u0131 kald\u0131r\u0131m hendek a\u00e7ma ve \u015febeke hatt\u0131 kesme gibi en zorlu kesme i\u015fleri i\u00e7in \u00fcretilmi\u015ftir. Yak\u0131t tasarruflu dizel sistemi, elektrikli aletlerin uygun olmad\u0131\u011f\u0131 uzak yerler ve uzun \u00e7al\u0131\u015fma vardiyalar\u0131 i\u00e7in g\u00fcvenilir bir \u00e7\u00f6z\u00fcm olmas\u0131n\u0131 sa\u011flar.<\/p>\n<p data-start=\"2194\" data-end=\"2402\">M\u00fcteahhitler bu makineye kesme g\u00fcc\u00fc, yap\u0131sal b\u00fct\u00fcnl\u00fc\u011f\u00fc ve d\u00fc\u015f\u00fck i\u015fletme maliyeti nedeniyle g\u00fcveniyor, bu da makineyi \u00fcretkenli\u011fe ve uzun vadeli performansa odaklanan \u015firketler i\u00e7in \u00fcst d\u00fczey bir yat\u0131r\u0131m haline getiriyor.<\/p>\n<p><iframe title=\"beton kesici,beton kesme,motorlu kesici,beton#beton kesici #beton kesme #powercutter\" width=\"720\" height=\"405\" src=\"https:\/\/www.youtube.com\/embed\/jd-0RTo7CAs?feature=oembed\" frameborder=\"0\" allow=\"accelerometer; autoplay; clipboard-write; encrypted-media; gyroscope; picture-in-picture; web-share\" referrerpolicy=\"strict-origin-when-cross-origin\" allowfullscreen><\/iframe><\/p>","protected":false},"excerpt":{"rendered":"<p>HQ-C800 dizel beton kesici, yollarda, k\u00f6pr\u00fclerde ve b\u00fcy\u00fck altyap\u0131 projelerinde kal\u0131n beton ve asfalt i\u00e7in ultra derin, verimli kesim sa\u011flar.<\/p>","protected":false},"featured_media":9161,"template":"","meta":{"_kad_post_transparent":"default","_kad_post_title":"","_kad_post_layout":"default","_kad_post_sidebar_id":"","_kad_post_content_style":"default","_kad_post_vertical_padding":"default","_kad_post_feature":"","_kad_post_feature_position":"","_kad_post_header":false,"_kad_post_footer":false},"product_brand":[],"product_cat":[57],"product_tag":[1073,1071,1080,1076,1078,1074,1077,1079,1072,1075],"class_list":{"0":"post-9160","1":"product","2":"type-product","3":"status-publish","4":"has-post-thumbnail","6":"product_cat-concrete-cutter","7":"product_tag-asphalt-cutter","8":"product_tag-concrete-cutting-machine","9":"product_tag-concrete-groove-cutting-machine","10":"product_tag-diesel-concrete-cutter","11":"product_tag-electric-concrete-cutter","12":"product_tag-floor-saw-machine","13":"product_tag-gasoline-concrete-cutter","14":"product_tag-pavement-cutter-machine","15":"product_tag-road-cutting-machine","16":"product_tag-walk-behind-concrete-cutter","18":"first","19":"instock","20":"shipping-taxable","21":"product-type-simple","22":"entry","23":"content-bg","24":"loop-entry"},"yoast_head":"<!-- This site is optimized with the Yoast SEO plugin v25.3.1 - https:\/\/yoast.com\/wordpress\/plugins\/seo\/ -->\n<title>Concrete Cutter HQ-C800 - HSY Construction Machinery<\/title>\n<meta name=\"description\" content=\"HQ-C800 diesel concrete cutter delivers ultra-deep, stable cutting performance for roads, bridge decks, and thick concrete foundations. Rugged and fuel-efficient.\" \/>\n<meta name=\"robots\" content=\"index, follow, max-snippet:-1, max-image-preview:large, max-video-preview:-1\" \/>\n<link rel=\"canonical\" href=\"https:\/\/www.hsymachinery.com\/tr\/product\/beton-kesici-hq-c800\/\" \/>\n<meta property=\"og:locale\" content=\"tr_TR\" \/>\n<meta property=\"og:type\" content=\"article\" \/>\n<meta property=\"og:title\" content=\"Concrete Cutter HQ-C800 - HSY Construction Machinery\" \/>\n<meta property=\"og:description\" content=\"HQ-C800 diesel concrete cutter delivers ultra-deep, stable cutting performance for roads, bridge decks, and thick concrete foundations. Rugged and fuel-efficient.\" \/>\n<meta property=\"og:url\" content=\"https:\/\/www.hsymachinery.com\/tr\/product\/beton-kesici-hq-c800\/\" \/>\n<meta property=\"og:site_name\" content=\"HSY Construction Machinery\" \/>\n<meta property=\"article:modified_time\" content=\"2025-06-28T13:30:28+00:00\" \/>\n<meta property=\"og:image\" content=\"https:\/\/www.hsymachinery.com\/wp-content\/uploads\/2025\/06\/Concrete-Cutter-HQ-C800.jpg\" \/>\n\t<meta property=\"og:image:width\" content=\"600\" \/>\n\t<meta property=\"og:image:height\" content=\"600\" \/>\n\t<meta property=\"og:image:type\" content=\"image\/jpeg\" \/>\n<meta name=\"twitter:card\" content=\"summary_large_image\" \/>\n<meta name=\"twitter:label1\" content=\"Tahmini okuma s\u00fcresi\" \/>\n\t<meta name=\"twitter:data1\" content=\"2 dakika\" \/>\n<script type=\"application\/ld+json\" class=\"yoast-schema-graph\">{\"@context\":\"https:\/\/schema.org\",\"@graph\":[{\"@type\":\"WebPage\",\"@id\":\"https:\/\/www.hsymachinery.com\/product\/concrete-cutter-hq-c800\/\",\"url\":\"https:\/\/www.hsymachinery.com\/product\/concrete-cutter-hq-c800\/\",\"name\":\"Concrete Cutter HQ-C800 - HSY Construction Machinery\",\"isPartOf\":{\"@id\":\"https:\/\/www.hsymachinery.com\/#website\"},\"primaryImageOfPage\":{\"@id\":\"https:\/\/www.hsymachinery.com\/product\/concrete-cutter-hq-c800\/#primaryimage\"},\"image\":{\"@id\":\"https:\/\/www.hsymachinery.com\/product\/concrete-cutter-hq-c800\/#primaryimage\"},\"thumbnailUrl\":\"https:\/\/www.hsymachinery.com\/wp-content\/uploads\/2025\/06\/Concrete-Cutter-HQ-C800.jpg\",\"datePublished\":\"2025-06-18T10:09:14+00:00\",\"dateModified\":\"2025-06-28T13:30:28+00:00\",\"description\":\"HQ-C800 diesel concrete cutter delivers ultra-deep, stable cutting performance for roads, bridge decks, and thick concrete foundations. Rugged and fuel-efficient.\",\"breadcrumb\":{\"@id\":\"https:\/\/www.hsymachinery.com\/product\/concrete-cutter-hq-c800\/#breadcrumb\"},\"inLanguage\":\"tr\",\"potentialAction\":[{\"@type\":\"ReadAction\",\"target\":[\"https:\/\/www.hsymachinery.com\/product\/concrete-cutter-hq-c800\/\"]}]},{\"@type\":\"ImageObject\",\"inLanguage\":\"tr\",\"@id\":\"https:\/\/www.hsymachinery.com\/product\/concrete-cutter-hq-c800\/#primaryimage\",\"url\":\"https:\/\/www.hsymachinery.com\/wp-content\/uploads\/2025\/06\/Concrete-Cutter-HQ-C800.jpg\",\"contentUrl\":\"https:\/\/www.hsymachinery.com\/wp-content\/uploads\/2025\/06\/Concrete-Cutter-HQ-C800.jpg\",\"width\":600,\"height\":600},{\"@type\":\"BreadcrumbList\",\"@id\":\"https:\/\/www.hsymachinery.com\/product\/concrete-cutter-hq-c800\/#breadcrumb\",\"itemListElement\":[{\"@type\":\"ListItem\",\"position\":1,\"name\":\"home\",\"item\":\"https:\/\/www.hsymachinery.com\/\"},{\"@type\":\"ListItem\",\"position\":2,\"name\":\"products\",\"item\":\"https:\/\/www.hsymachinery.com\/products\/\"},{\"@type\":\"ListItem\",\"position\":3,\"name\":\"Concrete Cutter HQ-C800\"}]},{\"@type\":\"WebSite\",\"@id\":\"https:\/\/www.hsymachinery.com\/#website\",\"url\":\"https:\/\/www.hsymachinery.com\/\",\"name\":\"HSY Construction Machinery\",\"description\":\"HSY Machinery \u2013 A leading China construction machinery supplier, offering a wide range of light construction equipment. Our main products include Rebar Cutting Machine, Rebar Bending Machine, Rebar Stirrup Bending Machine, Rebar Arc Bending Machine, Rebar Straightening Machine, Five-Head Rebar Stirrup Bending Machine, Tamping Rammer, Plate Compactor, Concrete Cutter, Power Trowel, and other construction machinery. We are equipped with advanced CNC machines, and we enforce strict quality inspection standards along with comprehensive after-sales service. If you are interested in our products or services, we warmly welcome your inquiries via message.\",\"publisher\":{\"@id\":\"https:\/\/www.hsymachinery.com\/#organization\"},\"potentialAction\":[{\"@type\":\"SearchAction\",\"target\":{\"@type\":\"EntryPoint\",\"urlTemplate\":\"https:\/\/www.hsymachinery.com\/?s={search_term_string}\"},\"query-input\":{\"@type\":\"PropertyValueSpecification\",\"valueRequired\":true,\"valueName\":\"search_term_string\"}}],\"inLanguage\":\"tr\"},{\"@type\":\"Organization\",\"@id\":\"https:\/\/www.hsymachinery.com\/#organization\",\"name\":\"HSY Construction Machinery\",\"url\":\"https:\/\/www.hsymachinery.com\/\",\"logo\":{\"@type\":\"ImageObject\",\"inLanguage\":\"tr\",\"@id\":\"https:\/\/www.hsymachinery.com\/#\/schema\/logo\/image\/\",\"url\":\"https:\/\/www.hsymachinery.com\/wp-content\/uploads\/2025\/06\/cropped-HSY-machinery.png\",\"contentUrl\":\"https:\/\/www.hsymachinery.com\/wp-content\/uploads\/2025\/06\/cropped-HSY-machinery.png\",\"width\":600,\"height\":240,\"caption\":\"HSY Construction Machinery\"},\"image\":{\"@id\":\"https:\/\/www.hsymachinery.com\/#\/schema\/logo\/image\/\"}}]}<\/script>\n<!-- \/ Yoast SEO plugin. -->","yoast_head_json":{"title":"Beton Kesici HQ-C800 - HSY Construction Machinery","description":"HQ-C800 dizel beton kesici, yollar, k\u00f6pr\u00fc tabliyeleri ve kal\u0131n beton temeller i\u00e7in ultra derin, dengeli kesme performans\u0131 sunar. Sa\u011flam ve yak\u0131t tasarruflu.","robots":{"index":"index","follow":"follow","max-snippet":"max-snippet:-1","max-image-preview":"max-image-preview:large","max-video-preview":"max-video-preview:-1"},"canonical":"https:\/\/www.hsymachinery.com\/tr\/product\/beton-kesici-hq-c800\/","og_locale":"tr_TR","og_type":"article","og_title":"Concrete Cutter HQ-C800 - HSY Construction Machinery","og_description":"HQ-C800 diesel concrete cutter delivers ultra-deep, stable cutting performance for roads, bridge decks, and thick concrete foundations. Rugged and fuel-efficient.","og_url":"https:\/\/www.hsymachinery.com\/tr\/product\/beton-kesici-hq-c800\/","og_site_name":"HSY Construction Machinery","article_modified_time":"2025-06-28T13:30:28+00:00","og_image":[{"width":600,"height":600,"url":"https:\/\/www.hsymachinery.com\/wp-content\/uploads\/2025\/06\/Concrete-Cutter-HQ-C800.jpg","type":"image\/jpeg"}],"twitter_card":"summary_large_image","twitter_misc":{"Tahmini okuma s\u00fcresi":"2 dakika"},"schema":{"@context":"https:\/\/schema.org","@graph":[{"@type":"WebPage","@id":"https:\/\/www.hsymachinery.com\/product\/concrete-cutter-hq-c800\/","url":"https:\/\/www.hsymachinery.com\/product\/concrete-cutter-hq-c800\/","name":"Beton Kesici HQ-C800 - HSY Construction Machinery","isPartOf":{"@id":"https:\/\/www.hsymachinery.com\/#website"},"primaryImageOfPage":{"@id":"https:\/\/www.hsymachinery.com\/product\/concrete-cutter-hq-c800\/#primaryimage"},"image":{"@id":"https:\/\/www.hsymachinery.com\/product\/concrete-cutter-hq-c800\/#primaryimage"},"thumbnailUrl":"https:\/\/www.hsymachinery.com\/wp-content\/uploads\/2025\/06\/Concrete-Cutter-HQ-C800.jpg","datePublished":"2025-06-18T10:09:14+00:00","dateModified":"2025-06-28T13:30:28+00:00","description":"HQ-C800 dizel beton kesici, yollar, k\u00f6pr\u00fc tabliyeleri ve kal\u0131n beton temeller i\u00e7in ultra derin, dengeli kesme performans\u0131 sunar. Sa\u011flam ve yak\u0131t tasarruflu.","breadcrumb":{"@id":"https:\/\/www.hsymachinery.com\/product\/concrete-cutter-hq-c800\/#breadcrumb"},"inLanguage":"tr","potentialAction":[{"@type":"ReadAction","target":["https:\/\/www.hsymachinery.com\/product\/concrete-cutter-hq-c800\/"]}]},{"@type":"ImageObject","inLanguage":"tr","@id":"https:\/\/www.hsymachinery.com\/product\/concrete-cutter-hq-c800\/#primaryimage","url":"https:\/\/www.hsymachinery.com\/wp-content\/uploads\/2025\/06\/Concrete-Cutter-HQ-C800.jpg","contentUrl":"https:\/\/www.hsymachinery.com\/wp-content\/uploads\/2025\/06\/Concrete-Cutter-HQ-C800.jpg","width":600,"height":600},{"@type":"BreadcrumbList","@id":"https:\/\/www.hsymachinery.com\/product\/concrete-cutter-hq-c800\/#breadcrumb","itemListElement":[{"@type":"ListItem","position":1,"name":"home","item":"https:\/\/www.hsymachinery.com\/"},{"@type":"ListItem","position":2,"name":"products","item":"https:\/\/www.hsymachinery.com\/products\/"},{"@type":"ListItem","position":3,"name":"Concrete Cutter HQ-C800"}]},{"@type":"WebSite","@id":"https:\/\/www.hsymachinery.com\/#website","url":"https:\/\/www.hsymachinery.com\/","name":"HSY \u0130n\u015faat Makineleri","description":"HSY Machinery - \u00c7ok \u00e7e\u015fitli hafif in\u015faat ekipmanlar\u0131 sunan lider bir \u00c7in in\u015faat makineleri tedarik\u00e7isi. Ba\u015fl\u0131ca \u00fcr\u00fcnlerimiz aras\u0131nda Demir Kesme Makinesi, Demir B\u00fckme Makinesi, Demir \u00dczengi B\u00fckme Makinesi, Demir Ark B\u00fckme Makinesi, Demir Do\u011frultma Makinesi, Be\u015f Kafal\u0131 Demir \u00dczengi B\u00fckme Makinesi, S\u0131k\u0131\u015ft\u0131rma Tokma\u011f\u0131, Plaka Kompakt\u00f6r\u00fc, Beton Kesici, Elektrikli Mala ve di\u011fer in\u015faat makineleri bulunmaktad\u0131r. Geli\u015fmi\u015f CNC makineleri ile donat\u0131lm\u0131\u015ft\u0131r ve kapsaml\u0131 sat\u0131\u015f sonras\u0131 hizmet ile birlikte s\u0131k\u0131 kalite kontrol standartlar\u0131n\u0131 uyguluyoruz. \u00dcr\u00fcnlerimiz veya hizmetlerimizle ilgileniyorsan\u0131z, sorular\u0131n\u0131z\u0131 mesaj yoluyla s\u0131cak bir \u015fekilde kar\u015f\u0131l\u0131yoruz.","publisher":{"@id":"https:\/\/www.hsymachinery.com\/#organization"},"potentialAction":[{"@type":"SearchAction","target":{"@type":"EntryPoint","urlTemplate":"https:\/\/www.hsymachinery.com\/?s={search_term_string}"},"query-input":{"@type":"PropertyValueSpecification","valueRequired":true,"valueName":"search_term_string"}}],"inLanguage":"tr"},{"@type":"Organization","@id":"https:\/\/www.hsymachinery.com\/#organization","name":"HSY \u0130n\u015faat Makineleri","url":"https:\/\/www.hsymachinery.com\/","logo":{"@type":"ImageObject","inLanguage":"tr","@id":"https:\/\/www.hsymachinery.com\/#\/schema\/logo\/image\/","url":"https:\/\/www.hsymachinery.com\/wp-content\/uploads\/2025\/06\/cropped-HSY-machinery.png","contentUrl":"https:\/\/www.hsymachinery.com\/wp-content\/uploads\/2025\/06\/cropped-HSY-machinery.png","width":600,"height":240,"caption":"HSY Construction Machinery"},"image":{"@id":"https:\/\/www.hsymachinery.com\/#\/schema\/logo\/image\/"}}]}},"_links":{"self":[{"href":"https:\/\/www.hsymachinery.com\/tr\/wp-json\/wp\/v2\/product\/9160","targetHints":{"allow":["GET"]}}],"collection":[{"href":"https:\/\/www.hsymachinery.com\/tr\/wp-json\/wp\/v2\/product"}],"about":[{"href":"https:\/\/www.hsymachinery.com\/tr\/wp-json\/wp\/v2\/types\/product"}],"version-history":[{"count":3,"href":"https:\/\/www.hsymachinery.com\/tr\/wp-json\/wp\/v2\/product\/9160\/revisions"}],"predecessor-version":[{"id":9571,"href":"https:\/\/www.hsymachinery.com\/tr\/wp-json\/wp\/v2\/product\/9160\/revisions\/9571"}],"wp:featuredmedia":[{"embeddable":true,"href":"https:\/\/www.hsymachinery.com\/tr\/wp-json\/wp\/v2\/media\/9161"}],"wp:attachment":[{"href":"https:\/\/www.hsymachinery.com\/tr\/wp-json\/wp\/v2\/media?parent=9160"}],"wp:term":[{"taxonomy":"product_brand","embeddable":true,"href":"https:\/\/www.hsymachinery.com\/tr\/wp-json\/wp\/v2\/product_brand?post=9160"},{"taxonomy":"product_cat","embeddable":true,"href":"https:\/\/www.hsymachinery.com\/tr\/wp-json\/wp\/v2\/product_cat?post=9160"},{"taxonomy":"product_tag","embeddable":true,"href":"https:\/\/www.hsymachinery.com\/tr\/wp-json\/wp\/v2\/product_tag?post=9160"}],"curies":[{"name":"wp","href":"https:\/\/api.w.org\/{rel}","templated":true}]}}