{"id":9145,"date":"2025-06-18T18:03:14","date_gmt":"2025-06-18T10:03:14","guid":{"rendered":"https:\/\/www.hsymachinery.com\/?post_type=product&#038;p=9145"},"modified":"2025-06-28T21:03:53","modified_gmt":"2025-06-28T13:03:53","slug":"beton-kesici-hq-c400a","status":"publish","type":"product","link":"https:\/\/www.hsymachinery.com\/tr\/product\/beton-kesici-hq-c400a\/","title":{"rendered":"Beton Kesici HQ-C400A"},"content":{"rendered":"<h2 data-start=\"121\" data-end=\"153\">Beton Kesici HQ-C400A<\/h2>\n<h3 data-start=\"154\" data-end=\"265\">HQ-C400A Dizel Beton Kesici | Yollar, Asfalt ve End\u00fcstriyel \u0130n\u015faat i\u00e7in Y\u00fckseltilmi\u015f Derin Kesimli Dizel Testere<\/h3>\n<h3 data-start=\"272\" data-end=\"356\">\u00dcr\u00fcn A\u00e7\u0131klamas\u0131 - Zorlu \u0130\u015f Sahalar\u0131 i\u00e7in Geli\u015ftirilmi\u015f Dizel Kesme Makinesi<a href=\"https:\/\/www.hsymachinery.com\/tr\/urunler\/beton-kesici\/\" target=\"_blank\" rel=\"noopener\"><img fetchpriority=\"high\" decoding=\"async\" class=\"wp-image-9557 alignright\" src=\"https:\/\/www.hsymachinery.com\/wp-content\/uploads\/2025\/06\/Walk-Behind-Concrete-Cutter-146x300.jpg\" alt=\"\" width=\"450\" height=\"924\" srcset=\"https:\/\/www.hsymachinery.com\/wp-content\/uploads\/2025\/06\/Walk-Behind-Concrete-Cutter-146x300.jpg 146w, https:\/\/www.hsymachinery.com\/wp-content\/uploads\/2025\/06\/Walk-Behind-Concrete-Cutter-749x1536.jpg 749w, https:\/\/www.hsymachinery.com\/wp-content\/uploads\/2025\/06\/Walk-Behind-Concrete-Cutter-600x1230.jpg 600w, https:\/\/www.hsymachinery.com\/wp-content\/uploads\/2025\/06\/Walk-Behind-Concrete-Cutter.jpg 800w\" sizes=\"(max-width: 450px) 100vw, 450px\" \/><\/a><\/h3>\n<p data-start=\"358\" data-end=\"747\">Bu <strong data-start=\"362\" data-end=\"390\">HQ-C400A Beton Kesici<\/strong> daha fazla kesme derinli\u011fi, geli\u015fmi\u015f \u015fasi dengesi ve zorlu sahalarda daha uzun \u00e7al\u0131\u015fma performans\u0131 gerektiren y\u00fckleniciler i\u00e7in tasarlanm\u0131\u015f, y\u00fckseltilmi\u015f dizel motorlu bir beton testeresidir. Y\u00fcksek verimli dizel motorla tahrik edilen HQ-C400A, kal\u0131n beton plakalar\u0131n, asfalt kaplamalar\u0131n ve end\u00fcstriyel zeminlerin \u00fcstesinden kolayl\u0131kla gelir.<\/p>\n<p data-start=\"749\" data-end=\"1018\">Y\u00fckseltilmi\u015f \u015fasi ve geli\u015ftirilmi\u015f titre\u015fim direnci, uzun ve d\u00fcz kesimler s\u0131ras\u0131nda sorunsuz izleme sa\u011flar. Derinlik kontroll\u00fc ayar sistemi, betonarme veya \u00e7ok katmanl\u0131 kaplama yap\u0131lar\u0131nda kesim yaparken bile hassas ve tekrarlanabilir sonu\u00e7lar sa\u011flar.<\/p>\n<p data-start=\"1020\" data-end=\"1212\">G\u00fcvenli ve tutarl\u0131 b\u0131\u00e7ak performans\u0131 sa\u011flamak i\u00e7in HQ-C400A, s\u00fcrekli kesim seanslar\u0131 s\u0131ras\u0131nda g\u00fcvenilir b\u0131\u00e7ak so\u011futmas\u0131 ve toz kontrol\u00fc sa\u011flayan b\u00fcy\u00fck kapasiteli bir su deposuna sahiptir.<\/p>\n<h3 data-start=\"1219\" data-end=\"1266\">HQ-C400A Beton Kesicinin Temel \u00d6zellikleri<\/h3>\n<ul data-start=\"1268\" data-end=\"1658\">\n<li data-start=\"1268\" data-end=\"1335\">\n<p data-start=\"1270\" data-end=\"1335\">Geli\u015fmi\u015f tork \u00e7\u0131k\u0131\u015f\u0131na sahip g\u00fcvenilir bir dizel motorla g\u00fc\u00e7lendirilmi\u015ftir<\/p>\n<\/li>\n<li data-start=\"1336\" data-end=\"1407\">\n<p data-start=\"1338\" data-end=\"1407\">Daha iyi kontrol ve dayan\u0131kl\u0131l\u0131k i\u00e7in g\u00fc\u00e7lendirilmi\u015f \u00e7er\u00e7eve ve tekerlek sistemi<\/p>\n<\/li>\n<li data-start=\"1408\" data-end=\"1465\">\n<p data-start=\"1410\" data-end=\"1465\">Daha derin, daha d\u00fcz kesimler i\u00e7in hassas derinlik ayar\u0131<\/p>\n<\/li>\n<li data-start=\"1466\" data-end=\"1530\">\n<p data-start=\"1468\" data-end=\"1530\">Beton yollar, asfalt tabakalar ve fabrika zeminleri i\u00e7in idealdir<\/p>\n<\/li>\n<li data-start=\"1531\" data-end=\"1595\">\n<p data-start=\"1533\" data-end=\"1595\">Toz bast\u0131rma ve b\u0131\u00e7ak so\u011futmas\u0131 i\u00e7in entegre su deposu<\/p>\n<\/li>\n<li data-start=\"1596\" data-end=\"1658\">\n<p data-start=\"1598\" data-end=\"1658\">Uzun \u00e7al\u0131\u015fma saatleri ve a\u011f\u0131r in\u015faat kullan\u0131m\u0131 i\u00e7in tasarlanm\u0131\u015ft\u0131r<\/p>\n<\/li>\n<\/ul>\n<h3 data-start=\"1665\" data-end=\"1733\">Otoyol Onar\u0131m\u0131, End\u00fcstriyel Zemin D\u00f6\u015feme ve Derin Hendek A\u00e7ma i\u00e7in En \u0130yisi<\/h3>\n<p data-start=\"1735\" data-end=\"2051\">Geli\u015ftirilmi\u015f yap\u0131 kalitesi sayesinde HQ-C400A, otoyol bak\u0131m\u0131, ticari in\u015faat ve belediye hendek kesme i\u015flerinde yayg\u0131n olarak kullan\u0131lmaktad\u0131r. Dizel yak\u0131t sistemi, uzun \u00e7al\u0131\u015fma s\u00fcresi sa\u011flayarak k\u0131rsal alanlardaki veya elektrikli olmayan ortamlardaki projeler i\u00e7in uygun maliyetli bir se\u00e7enek haline getirir.<\/p>\n<p data-start=\"2053\" data-end=\"2301\">M\u00fcteahhitler bu modeli kesme tutarl\u0131l\u0131\u011f\u0131, daha az bak\u0131m ihtiyac\u0131 ve y\u00fcksek operasyonel verimlilik getirisi nedeniyle tercih ediyor. \u0130ster in\u015faat m\u00fchendisli\u011finde ister kamu hizmeti hendek a\u00e7mada kullan\u0131ls\u0131n, her seferinde m\u00fckemmel sonu\u00e7lar\u0131 garanti eder.<\/p>\n<p><iframe title=\"beton kesici, beton kesme, elektrikli kesici, beton\" width=\"720\" height=\"405\" src=\"https:\/\/www.youtube.com\/embed\/egJcI18gCcg?feature=oembed\" frameborder=\"0\" allow=\"accelerometer; autoplay; clipboard-write; encrypted-media; gyroscope; picture-in-picture; web-share\" referrerpolicy=\"strict-origin-when-cross-origin\" allowfullscreen><\/iframe><\/p>","protected":false},"excerpt":{"rendered":"<p>HQ-C400A y\u00fckseltilmi\u015f dizel beton kesici, geli\u015fmi\u015f titre\u015fim direnci ile daha derin, daha h\u0131zl\u0131 kesimler sunar ve yollar, hendekler ve end\u00fcstriyel beton \u015fantiyeleri i\u00e7in idealdir.<\/p>","protected":false},"featured_media":9146,"template":"","meta":{"_kad_post_transparent":"default","_kad_post_title":"","_kad_post_layout":"default","_kad_post_sidebar_id":"","_kad_post_content_style":"default","_kad_post_vertical_padding":"default","_kad_post_feature":"","_kad_post_feature_position":"","_kad_post_header":false,"_kad_post_footer":false},"product_brand":[],"product_cat":[57],"product_tag":[1073,1071,1080,1076,1078,1074,1077,1079,1072,1075],"class_list":{"0":"post-9145","1":"product","2":"type-product","3":"status-publish","4":"has-post-thumbnail","6":"product_cat-concrete-cutter","7":"product_tag-asphalt-cutter","8":"product_tag-concrete-cutting-machine","9":"product_tag-concrete-groove-cutting-machine","10":"product_tag-diesel-concrete-cutter","11":"product_tag-electric-concrete-cutter","12":"product_tag-floor-saw-machine","13":"product_tag-gasoline-concrete-cutter","14":"product_tag-pavement-cutter-machine","15":"product_tag-road-cutting-machine","16":"product_tag-walk-behind-concrete-cutter","18":"first","19":"instock","20":"featured","21":"shipping-taxable","22":"product-type-simple","23":"entry","24":"content-bg","25":"loop-entry"},"yoast_head":"<!-- This site is optimized with the Yoast SEO plugin v25.3.1 - https:\/\/yoast.com\/wordpress\/plugins\/seo\/ -->\n<title>Concrete Cutter HQ-C400A - HSY Construction Machinery<\/title>\n<meta name=\"description\" content=\"HQ-C400A diesel concrete cutter delivers deep, stable cutting performance with improved frame and cooling system. Built for road repairs, industrial flooring, and trenching.\" \/>\n<meta name=\"robots\" content=\"index, follow, max-snippet:-1, max-image-preview:large, max-video-preview:-1\" \/>\n<link rel=\"canonical\" href=\"https:\/\/www.hsymachinery.com\/tr\/product\/beton-kesici-hq-c400a\/\" \/>\n<meta property=\"og:locale\" content=\"tr_TR\" \/>\n<meta property=\"og:type\" content=\"article\" \/>\n<meta property=\"og:title\" content=\"Concrete Cutter HQ-C400A - HSY Construction Machinery\" \/>\n<meta property=\"og:description\" content=\"HQ-C400A diesel concrete cutter delivers deep, stable cutting performance with improved frame and cooling system. Built for road repairs, industrial flooring, and trenching.\" \/>\n<meta property=\"og:url\" content=\"https:\/\/www.hsymachinery.com\/tr\/product\/beton-kesici-hq-c400a\/\" \/>\n<meta property=\"og:site_name\" content=\"HSY Construction Machinery\" \/>\n<meta property=\"article:modified_time\" content=\"2025-06-28T13:03:53+00:00\" \/>\n<meta property=\"og:image\" content=\"https:\/\/www.hsymachinery.com\/wp-content\/uploads\/2025\/06\/Concrete-Cutter-HQ-C400A.jpg\" \/>\n\t<meta property=\"og:image:width\" content=\"600\" \/>\n\t<meta property=\"og:image:height\" content=\"600\" \/>\n\t<meta property=\"og:image:type\" content=\"image\/jpeg\" \/>\n<meta name=\"twitter:card\" content=\"summary_large_image\" \/>\n<meta name=\"twitter:label1\" content=\"Tahmini okuma s\u00fcresi\" \/>\n\t<meta name=\"twitter:data1\" content=\"2 dakika\" \/>\n<script type=\"application\/ld+json\" class=\"yoast-schema-graph\">{\"@context\":\"https:\/\/schema.org\",\"@graph\":[{\"@type\":\"WebPage\",\"@id\":\"https:\/\/www.hsymachinery.com\/product\/concrete-cutter-hq-c400a\/\",\"url\":\"https:\/\/www.hsymachinery.com\/product\/concrete-cutter-hq-c400a\/\",\"name\":\"Concrete Cutter HQ-C400A - HSY Construction Machinery\",\"isPartOf\":{\"@id\":\"https:\/\/www.hsymachinery.com\/#website\"},\"primaryImageOfPage\":{\"@id\":\"https:\/\/www.hsymachinery.com\/product\/concrete-cutter-hq-c400a\/#primaryimage\"},\"image\":{\"@id\":\"https:\/\/www.hsymachinery.com\/product\/concrete-cutter-hq-c400a\/#primaryimage\"},\"thumbnailUrl\":\"https:\/\/www.hsymachinery.com\/wp-content\/uploads\/2025\/06\/Concrete-Cutter-HQ-C400A.jpg\",\"datePublished\":\"2025-06-18T10:03:14+00:00\",\"dateModified\":\"2025-06-28T13:03:53+00:00\",\"description\":\"HQ-C400A diesel concrete cutter delivers deep, stable cutting performance with improved frame and cooling system. Built for road repairs, industrial flooring, and trenching.\",\"breadcrumb\":{\"@id\":\"https:\/\/www.hsymachinery.com\/product\/concrete-cutter-hq-c400a\/#breadcrumb\"},\"inLanguage\":\"tr\",\"potentialAction\":[{\"@type\":\"ReadAction\",\"target\":[\"https:\/\/www.hsymachinery.com\/product\/concrete-cutter-hq-c400a\/\"]}]},{\"@type\":\"ImageObject\",\"inLanguage\":\"tr\",\"@id\":\"https:\/\/www.hsymachinery.com\/product\/concrete-cutter-hq-c400a\/#primaryimage\",\"url\":\"https:\/\/www.hsymachinery.com\/wp-content\/uploads\/2025\/06\/Concrete-Cutter-HQ-C400A.jpg\",\"contentUrl\":\"https:\/\/www.hsymachinery.com\/wp-content\/uploads\/2025\/06\/Concrete-Cutter-HQ-C400A.jpg\",\"width\":600,\"height\":600},{\"@type\":\"BreadcrumbList\",\"@id\":\"https:\/\/www.hsymachinery.com\/product\/concrete-cutter-hq-c400a\/#breadcrumb\",\"itemListElement\":[{\"@type\":\"ListItem\",\"position\":1,\"name\":\"home\",\"item\":\"https:\/\/www.hsymachinery.com\/\"},{\"@type\":\"ListItem\",\"position\":2,\"name\":\"products\",\"item\":\"https:\/\/www.hsymachinery.com\/products\/\"},{\"@type\":\"ListItem\",\"position\":3,\"name\":\"Concrete Cutter HQ-C400A\"}]},{\"@type\":\"WebSite\",\"@id\":\"https:\/\/www.hsymachinery.com\/#website\",\"url\":\"https:\/\/www.hsymachinery.com\/\",\"name\":\"HSY Construction Machinery\",\"description\":\"HSY Machinery \u2013 A leading China construction machinery supplier, offering a wide range of light construction equipment. Our main products include Rebar Cutting Machine, Rebar Bending Machine, Rebar Stirrup Bending Machine, Rebar Arc Bending Machine, Rebar Straightening Machine, Five-Head Rebar Stirrup Bending Machine, Tamping Rammer, Plate Compactor, Concrete Cutter, Power Trowel, and other construction machinery. We are equipped with advanced CNC machines, and we enforce strict quality inspection standards along with comprehensive after-sales service. If you are interested in our products or services, we warmly welcome your inquiries via message.\",\"publisher\":{\"@id\":\"https:\/\/www.hsymachinery.com\/#organization\"},\"potentialAction\":[{\"@type\":\"SearchAction\",\"target\":{\"@type\":\"EntryPoint\",\"urlTemplate\":\"https:\/\/www.hsymachinery.com\/?s={search_term_string}\"},\"query-input\":{\"@type\":\"PropertyValueSpecification\",\"valueRequired\":true,\"valueName\":\"search_term_string\"}}],\"inLanguage\":\"tr\"},{\"@type\":\"Organization\",\"@id\":\"https:\/\/www.hsymachinery.com\/#organization\",\"name\":\"HSY Construction Machinery\",\"url\":\"https:\/\/www.hsymachinery.com\/\",\"logo\":{\"@type\":\"ImageObject\",\"inLanguage\":\"tr\",\"@id\":\"https:\/\/www.hsymachinery.com\/#\/schema\/logo\/image\/\",\"url\":\"https:\/\/www.hsymachinery.com\/wp-content\/uploads\/2025\/06\/cropped-HSY-machinery.png\",\"contentUrl\":\"https:\/\/www.hsymachinery.com\/wp-content\/uploads\/2025\/06\/cropped-HSY-machinery.png\",\"width\":600,\"height\":240,\"caption\":\"HSY Construction Machinery\"},\"image\":{\"@id\":\"https:\/\/www.hsymachinery.com\/#\/schema\/logo\/image\/\"}}]}<\/script>\n<!-- \/ Yoast SEO plugin. -->","yoast_head_json":{"title":"Beton Kesici HQ-C400A - HSY Construction Machinery","description":"HQ-C400A dizel beton kesici, geli\u015ftirilmi\u015f \u015fasi ve so\u011futma sistemi ile derin ve istikrarl\u0131 kesme performans\u0131 sunar. Yol onar\u0131mlar\u0131, end\u00fcstriyel zemin kaplamalar\u0131 ve kanal a\u00e7ma i\u015fleri i\u00e7in \u00fcretilmi\u015ftir.","robots":{"index":"index","follow":"follow","max-snippet":"max-snippet:-1","max-image-preview":"max-image-preview:large","max-video-preview":"max-video-preview:-1"},"canonical":"https:\/\/www.hsymachinery.com\/tr\/product\/beton-kesici-hq-c400a\/","og_locale":"tr_TR","og_type":"article","og_title":"Concrete Cutter HQ-C400A - HSY Construction Machinery","og_description":"HQ-C400A diesel concrete cutter delivers deep, stable cutting performance with improved frame and cooling system. Built for road repairs, industrial flooring, and trenching.","og_url":"https:\/\/www.hsymachinery.com\/tr\/product\/beton-kesici-hq-c400a\/","og_site_name":"HSY Construction Machinery","article_modified_time":"2025-06-28T13:03:53+00:00","og_image":[{"width":600,"height":600,"url":"https:\/\/www.hsymachinery.com\/wp-content\/uploads\/2025\/06\/Concrete-Cutter-HQ-C400A.jpg","type":"image\/jpeg"}],"twitter_card":"summary_large_image","twitter_misc":{"Tahmini okuma s\u00fcresi":"2 dakika"},"schema":{"@context":"https:\/\/schema.org","@graph":[{"@type":"WebPage","@id":"https:\/\/www.hsymachinery.com\/product\/concrete-cutter-hq-c400a\/","url":"https:\/\/www.hsymachinery.com\/product\/concrete-cutter-hq-c400a\/","name":"Beton Kesici HQ-C400A - HSY Construction Machinery","isPartOf":{"@id":"https:\/\/www.hsymachinery.com\/#website"},"primaryImageOfPage":{"@id":"https:\/\/www.hsymachinery.com\/product\/concrete-cutter-hq-c400a\/#primaryimage"},"image":{"@id":"https:\/\/www.hsymachinery.com\/product\/concrete-cutter-hq-c400a\/#primaryimage"},"thumbnailUrl":"https:\/\/www.hsymachinery.com\/wp-content\/uploads\/2025\/06\/Concrete-Cutter-HQ-C400A.jpg","datePublished":"2025-06-18T10:03:14+00:00","dateModified":"2025-06-28T13:03:53+00:00","description":"HQ-C400A dizel beton kesici, geli\u015ftirilmi\u015f \u015fasi ve so\u011futma sistemi ile derin ve istikrarl\u0131 kesme performans\u0131 sunar. Yol onar\u0131mlar\u0131, end\u00fcstriyel zemin kaplamalar\u0131 ve kanal a\u00e7ma i\u015fleri i\u00e7in \u00fcretilmi\u015ftir.","breadcrumb":{"@id":"https:\/\/www.hsymachinery.com\/product\/concrete-cutter-hq-c400a\/#breadcrumb"},"inLanguage":"tr","potentialAction":[{"@type":"ReadAction","target":["https:\/\/www.hsymachinery.com\/product\/concrete-cutter-hq-c400a\/"]}]},{"@type":"ImageObject","inLanguage":"tr","@id":"https:\/\/www.hsymachinery.com\/product\/concrete-cutter-hq-c400a\/#primaryimage","url":"https:\/\/www.hsymachinery.com\/wp-content\/uploads\/2025\/06\/Concrete-Cutter-HQ-C400A.jpg","contentUrl":"https:\/\/www.hsymachinery.com\/wp-content\/uploads\/2025\/06\/Concrete-Cutter-HQ-C400A.jpg","width":600,"height":600},{"@type":"BreadcrumbList","@id":"https:\/\/www.hsymachinery.com\/product\/concrete-cutter-hq-c400a\/#breadcrumb","itemListElement":[{"@type":"ListItem","position":1,"name":"home","item":"https:\/\/www.hsymachinery.com\/"},{"@type":"ListItem","position":2,"name":"products","item":"https:\/\/www.hsymachinery.com\/products\/"},{"@type":"ListItem","position":3,"name":"Concrete Cutter HQ-C400A"}]},{"@type":"WebSite","@id":"https:\/\/www.hsymachinery.com\/#website","url":"https:\/\/www.hsymachinery.com\/","name":"HSY \u0130n\u015faat Makineleri","description":"HSY Machinery - \u00c7ok \u00e7e\u015fitli hafif in\u015faat ekipmanlar\u0131 sunan lider bir \u00c7in in\u015faat makineleri tedarik\u00e7isi. Ba\u015fl\u0131ca \u00fcr\u00fcnlerimiz aras\u0131nda Demir Kesme Makinesi, Demir B\u00fckme Makinesi, Demir \u00dczengi B\u00fckme Makinesi, Demir Ark B\u00fckme Makinesi, Demir Do\u011frultma Makinesi, Be\u015f Kafal\u0131 Demir \u00dczengi B\u00fckme Makinesi, S\u0131k\u0131\u015ft\u0131rma Tokma\u011f\u0131, Plaka Kompakt\u00f6r\u00fc, Beton Kesici, Elektrikli Mala ve di\u011fer in\u015faat makineleri bulunmaktad\u0131r. Geli\u015fmi\u015f CNC makineleri ile donat\u0131lm\u0131\u015ft\u0131r ve kapsaml\u0131 sat\u0131\u015f sonras\u0131 hizmet ile birlikte s\u0131k\u0131 kalite kontrol standartlar\u0131n\u0131 uyguluyoruz. \u00dcr\u00fcnlerimiz veya hizmetlerimizle ilgileniyorsan\u0131z, sorular\u0131n\u0131z\u0131 mesaj yoluyla s\u0131cak bir \u015fekilde kar\u015f\u0131l\u0131yoruz.","publisher":{"@id":"https:\/\/www.hsymachinery.com\/#organization"},"potentialAction":[{"@type":"SearchAction","target":{"@type":"EntryPoint","urlTemplate":"https:\/\/www.hsymachinery.com\/?s={search_term_string}"},"query-input":{"@type":"PropertyValueSpecification","valueRequired":true,"valueName":"search_term_string"}}],"inLanguage":"tr"},{"@type":"Organization","@id":"https:\/\/www.hsymachinery.com\/#organization","name":"HSY \u0130n\u015faat Makineleri","url":"https:\/\/www.hsymachinery.com\/","logo":{"@type":"ImageObject","inLanguage":"tr","@id":"https:\/\/www.hsymachinery.com\/#\/schema\/logo\/image\/","url":"https:\/\/www.hsymachinery.com\/wp-content\/uploads\/2025\/06\/cropped-HSY-machinery.png","contentUrl":"https:\/\/www.hsymachinery.com\/wp-content\/uploads\/2025\/06\/cropped-HSY-machinery.png","width":600,"height":240,"caption":"HSY Construction Machinery"},"image":{"@id":"https:\/\/www.hsymachinery.com\/#\/schema\/logo\/image\/"}}]}},"_links":{"self":[{"href":"https:\/\/www.hsymachinery.com\/tr\/wp-json\/wp\/v2\/product\/9145","targetHints":{"allow":["GET"]}}],"collection":[{"href":"https:\/\/www.hsymachinery.com\/tr\/wp-json\/wp\/v2\/product"}],"about":[{"href":"https:\/\/www.hsymachinery.com\/tr\/wp-json\/wp\/v2\/types\/product"}],"version-history":[{"count":3,"href":"https:\/\/www.hsymachinery.com\/tr\/wp-json\/wp\/v2\/product\/9145\/revisions"}],"predecessor-version":[{"id":9561,"href":"https:\/\/www.hsymachinery.com\/tr\/wp-json\/wp\/v2\/product\/9145\/revisions\/9561"}],"wp:featuredmedia":[{"embeddable":true,"href":"https:\/\/www.hsymachinery.com\/tr\/wp-json\/wp\/v2\/media\/9146"}],"wp:attachment":[{"href":"https:\/\/www.hsymachinery.com\/tr\/wp-json\/wp\/v2\/media?parent=9145"}],"wp:term":[{"taxonomy":"product_brand","embeddable":true,"href":"https:\/\/www.hsymachinery.com\/tr\/wp-json\/wp\/v2\/product_brand?post=9145"},{"taxonomy":"product_cat","embeddable":true,"href":"https:\/\/www.hsymachinery.com\/tr\/wp-json\/wp\/v2\/product_cat?post=9145"},{"taxonomy":"product_tag","embeddable":true,"href":"https:\/\/www.hsymachinery.com\/tr\/wp-json\/wp\/v2\/product_tag?post=9145"}],"curies":[{"name":"wp","href":"https:\/\/api.w.org\/{rel}","templated":true}]}}