{"id":9139,"date":"2025-06-18T18:00:19","date_gmt":"2025-06-18T10:00:19","guid":{"rendered":"https:\/\/www.hsymachinery.com\/?post_type=product&#038;p=9139"},"modified":"2025-06-28T20:46:32","modified_gmt":"2025-06-28T12:46:32","slug":"beton-kesici-hq-l400a","status":"publish","type":"product","link":"https:\/\/www.hsymachinery.com\/tr\/product\/beton-kesici-hq-l400a\/","title":{"rendered":"Beton Kesici HQ-L400A"},"content":{"rendered":"<h2 data-start=\"91\" data-end=\"123\">Beton Kesici HQ-L400A<\/h2>\n<h3 data-start=\"124\" data-end=\"235\">HQ-L400A Longxin Benzinli Beton Kesici | Yol, K\u00f6pr\u00fc ve Zemin Kesme Projeleri i\u00e7in Y\u00fckseltilmi\u015f Beton Testeresi<\/h3>\n<h3 data-start=\"242\" data-end=\"332\">\u00dcr\u00fcn A\u00e7\u0131klamas\u0131 - Longxin Motor ile Y\u00fckseltilmi\u015f Uzun \u00d6m\u00fcr ve Kesme Verimlili\u011fi<a href=\"https:\/\/www.hsymachinery.com\/tr\/urunler\/beton-kesici\/\" target=\"_blank\" rel=\"noopener\"><img fetchpriority=\"high\" decoding=\"async\" class=\"wp-image-9548 alignright\" src=\"https:\/\/www.hsymachinery.com\/wp-content\/uploads\/2025\/06\/Floor-Saw-Machine-146x300.jpg\" alt=\"\" width=\"450\" height=\"925\" srcset=\"https:\/\/www.hsymachinery.com\/wp-content\/uploads\/2025\/06\/Floor-Saw-Machine-146x300.jpg 146w, https:\/\/www.hsymachinery.com\/wp-content\/uploads\/2025\/06\/Floor-Saw-Machine-768x1581.jpg 768w, https:\/\/www.hsymachinery.com\/wp-content\/uploads\/2025\/06\/Floor-Saw-Machine-600x1235.jpg 600w, https:\/\/www.hsymachinery.com\/wp-content\/uploads\/2025\/06\/Floor-Saw-Machine.jpg 800w\" sizes=\"(max-width: 450px) 100vw, 450px\" \/><\/a><\/h3>\n<p data-start=\"334\" data-end=\"724\">Bu <strong data-start=\"338\" data-end=\"366\">HQ-L400A Beton Kesici<\/strong> HQ-L400'\u00fcn Longxin benzinli motorla g\u00fc\u00e7lendirilmi\u015f ve daha a\u011f\u0131r kesme i\u015fleri i\u00e7in tasarlanm\u0131\u015f geli\u015fmi\u015f bir versiyonudur. Daha fazla stabilite, g\u00fc\u00e7lendirilmi\u015f \u015fasi ve geli\u015fmi\u015f kesme derinli\u011fi kontrol\u00fc ile bu model, yol y\u00fczeyi kesme, zemin genle\u015fme derzi kesme ve k\u00f6pr\u00fc tabliyesi i\u015flemede ola\u011fan\u00fcst\u00fc performans sunar.<\/p>\n<p data-start=\"726\" data-end=\"897\">Bu kesici, g\u00fc\u00e7l\u00fc torku rafine manevra kabiliyeti ile birle\u015ftirerek operat\u00f6rlere sert beton veya asfalt y\u00fczeylerde derin ve s\u00fcrekli kesimler s\u0131ras\u0131nda bile daha fazla kontrol sa\u011flar.<\/p>\n<h3 data-start=\"904\" data-end=\"950\">Temel \u00d6zellikler ve Performans Avantajlar\u0131<\/h3>\n<ul data-start=\"952\" data-end=\"1312\">\n<li data-start=\"952\" data-end=\"1012\">\n<p data-start=\"954\" data-end=\"1012\">Longxin y\u00fcksek performansl\u0131 benzinli motor ile donat\u0131lm\u0131\u015ft\u0131r<\/p>\n<\/li>\n<li data-start=\"1013\" data-end=\"1076\">\n<p data-start=\"1015\" data-end=\"1076\">Kararl\u0131 \u00e7al\u0131\u015fma i\u00e7in geli\u015ftirilmi\u015f \u015fasi ve titre\u015fim s\u00f6n\u00fcmleme<\/p>\n<\/li>\n<li data-start=\"1077\" data-end=\"1122\">\n<p data-start=\"1079\" data-end=\"1122\">Hassas kesme derinli\u011fi ayar sistemi<\/p>\n<\/li>\n<li data-start=\"1123\" data-end=\"1190\">\n<p data-start=\"1125\" data-end=\"1190\">Beton, asfalt ve kald\u0131r\u0131m \u00fczerinde s\u00fcrekli kesimler i\u00e7in uygundur<\/p>\n<\/li>\n<li data-start=\"1191\" data-end=\"1252\">\n<p data-start=\"1193\" data-end=\"1252\">A\u011f\u0131r hizmet tipi \u00e7elik g\u00f6vde yo\u011fun saha ko\u015fullar\u0131na dayan\u0131kl\u0131d\u0131r<\/p>\n<\/li>\n<li data-start=\"1253\" data-end=\"1312\">\n<p data-start=\"1255\" data-end=\"1312\">Daha yumu\u015fak y\u00f6nlendirme ve kontrol i\u00e7in kompakt ve ergonomik<\/p>\n<\/li>\n<\/ul>\n<h3 data-start=\"1319\" data-end=\"1396\">\u015eehir \u0130\u00e7i Yollar, \u015eantiyeler ve Altyap\u0131 Y\u00fckseltmeleri i\u00e7in G\u00fcvenilir<\/h3>\n<p data-start=\"1398\" data-end=\"1673\">HQ-L400A, belediye yol bak\u0131m\u0131ndan otopark yenileme ve ticari d\u00f6\u015feme yenilemeye kadar profesyonel s\u0131n\u0131f ortamlarda m\u00fckemmeldir. Uzun \u00e7al\u0131\u015fma s\u00fcresi ve sa\u011flam yap\u0131s\u0131, onu uzun vardiyalar ve zorlu kesim modelleri i\u00e7in tercih edilen bir se\u00e7enek haline getirir.<\/p>\n<p data-start=\"1675\" data-end=\"1817\">\u0130ster genle\u015fme derzlerini, ister kanalizasyon hendeklerini veya \u015febeke hatlar\u0131n\u0131 kesiyor olun, bu makine her seferinde temiz, d\u00fcz ve g\u00fcvenli kesimler sa\u011flar.<\/p>\n<p><iframe title=\"beton kesici, beton kesme, elektrikli kesici, beton\" width=\"720\" height=\"405\" src=\"https:\/\/www.youtube.com\/embed\/egJcI18gCcg?feature=oembed\" frameborder=\"0\" allow=\"accelerometer; autoplay; clipboard-write; encrypted-media; gyroscope; picture-in-picture; web-share\" referrerpolicy=\"strict-origin-when-cross-origin\" allowfullscreen><\/iframe><\/p>","protected":false},"excerpt":{"rendered":"<p>HQ-L400A Longxin beton kesici, a\u011f\u0131r hizmet tipi beton, yol ve genle\u015fme derzi kesme i\u015fleri i\u00e7in ideal olan geli\u015fmi\u015f derinlik kontrol\u00fc ve stabilite \u00f6zelliklerine sahiptir.<\/p>","protected":false},"featured_media":9140,"template":"","meta":{"_kad_post_transparent":"default","_kad_post_title":"","_kad_post_layout":"default","_kad_post_sidebar_id":"","_kad_post_content_style":"default","_kad_post_vertical_padding":"default","_kad_post_feature":"","_kad_post_feature_position":"","_kad_post_header":false,"_kad_post_footer":false},"product_brand":[],"product_cat":[57],"product_tag":[1073,1071,1080,1076,1078,1074,1077,1079,1072,1075],"class_list":{"0":"post-9139","1":"product","2":"type-product","3":"status-publish","4":"has-post-thumbnail","6":"product_cat-concrete-cutter","7":"product_tag-asphalt-cutter","8":"product_tag-concrete-cutting-machine","9":"product_tag-concrete-groove-cutting-machine","10":"product_tag-diesel-concrete-cutter","11":"product_tag-electric-concrete-cutter","12":"product_tag-floor-saw-machine","13":"product_tag-gasoline-concrete-cutter","14":"product_tag-pavement-cutter-machine","15":"product_tag-road-cutting-machine","16":"product_tag-walk-behind-concrete-cutter","18":"first","19":"instock","20":"shipping-taxable","21":"product-type-simple","22":"entry","23":"content-bg","24":"loop-entry"},"yoast_head":"<!-- This site is optimized with the Yoast SEO plugin v25.3.1 - https:\/\/yoast.com\/wordpress\/plugins\/seo\/ -->\n<title>Concrete Cutter HQ-L400A - HSY Construction Machinery<\/title>\n<meta name=\"description\" content=\"HQ-L400A Longxin concrete cutter offers deep, precise cuts with upgraded stability for roads, bridge decks, and floor joints. Reliable for tough construction projects.\" \/>\n<meta name=\"robots\" content=\"index, follow, max-snippet:-1, max-image-preview:large, max-video-preview:-1\" \/>\n<link rel=\"canonical\" href=\"https:\/\/www.hsymachinery.com\/tr\/product\/beton-kesici-hq-l400a\/\" \/>\n<meta property=\"og:locale\" content=\"tr_TR\" \/>\n<meta property=\"og:type\" content=\"article\" \/>\n<meta property=\"og:title\" content=\"Concrete Cutter HQ-L400A - HSY Construction Machinery\" \/>\n<meta property=\"og:description\" content=\"HQ-L400A Longxin concrete cutter offers deep, precise cuts with upgraded stability for roads, bridge decks, and floor joints. Reliable for tough construction projects.\" \/>\n<meta property=\"og:url\" content=\"https:\/\/www.hsymachinery.com\/tr\/product\/beton-kesici-hq-l400a\/\" \/>\n<meta property=\"og:site_name\" content=\"HSY Construction Machinery\" \/>\n<meta property=\"article:modified_time\" content=\"2025-06-28T12:46:32+00:00\" \/>\n<meta property=\"og:image\" content=\"https:\/\/www.hsymachinery.com\/wp-content\/uploads\/2025\/06\/Concrete-Cutter-HQ-L400A.jpg\" \/>\n\t<meta property=\"og:image:width\" content=\"600\" \/>\n\t<meta property=\"og:image:height\" content=\"600\" \/>\n\t<meta property=\"og:image:type\" content=\"image\/jpeg\" \/>\n<meta name=\"twitter:card\" content=\"summary_large_image\" \/>\n<meta name=\"twitter:label1\" content=\"Tahmini okuma s\u00fcresi\" \/>\n\t<meta name=\"twitter:data1\" content=\"2 dakika\" \/>\n<script type=\"application\/ld+json\" class=\"yoast-schema-graph\">{\"@context\":\"https:\/\/schema.org\",\"@graph\":[{\"@type\":\"WebPage\",\"@id\":\"https:\/\/www.hsymachinery.com\/product\/concrete-cutter-hq-l400a\/\",\"url\":\"https:\/\/www.hsymachinery.com\/product\/concrete-cutter-hq-l400a\/\",\"name\":\"Concrete Cutter HQ-L400A - HSY Construction Machinery\",\"isPartOf\":{\"@id\":\"https:\/\/www.hsymachinery.com\/#website\"},\"primaryImageOfPage\":{\"@id\":\"https:\/\/www.hsymachinery.com\/product\/concrete-cutter-hq-l400a\/#primaryimage\"},\"image\":{\"@id\":\"https:\/\/www.hsymachinery.com\/product\/concrete-cutter-hq-l400a\/#primaryimage\"},\"thumbnailUrl\":\"https:\/\/www.hsymachinery.com\/wp-content\/uploads\/2025\/06\/Concrete-Cutter-HQ-L400A.jpg\",\"datePublished\":\"2025-06-18T10:00:19+00:00\",\"dateModified\":\"2025-06-28T12:46:32+00:00\",\"description\":\"HQ-L400A Longxin concrete cutter offers deep, precise cuts with upgraded stability for roads, bridge decks, and floor joints. Reliable for tough construction projects.\",\"breadcrumb\":{\"@id\":\"https:\/\/www.hsymachinery.com\/product\/concrete-cutter-hq-l400a\/#breadcrumb\"},\"inLanguage\":\"tr\",\"potentialAction\":[{\"@type\":\"ReadAction\",\"target\":[\"https:\/\/www.hsymachinery.com\/product\/concrete-cutter-hq-l400a\/\"]}]},{\"@type\":\"ImageObject\",\"inLanguage\":\"tr\",\"@id\":\"https:\/\/www.hsymachinery.com\/product\/concrete-cutter-hq-l400a\/#primaryimage\",\"url\":\"https:\/\/www.hsymachinery.com\/wp-content\/uploads\/2025\/06\/Concrete-Cutter-HQ-L400A.jpg\",\"contentUrl\":\"https:\/\/www.hsymachinery.com\/wp-content\/uploads\/2025\/06\/Concrete-Cutter-HQ-L400A.jpg\",\"width\":600,\"height\":600},{\"@type\":\"BreadcrumbList\",\"@id\":\"https:\/\/www.hsymachinery.com\/product\/concrete-cutter-hq-l400a\/#breadcrumb\",\"itemListElement\":[{\"@type\":\"ListItem\",\"position\":1,\"name\":\"home\",\"item\":\"https:\/\/www.hsymachinery.com\/\"},{\"@type\":\"ListItem\",\"position\":2,\"name\":\"products\",\"item\":\"https:\/\/www.hsymachinery.com\/products\/\"},{\"@type\":\"ListItem\",\"position\":3,\"name\":\"Concrete Cutter HQ-L400A\"}]},{\"@type\":\"WebSite\",\"@id\":\"https:\/\/www.hsymachinery.com\/#website\",\"url\":\"https:\/\/www.hsymachinery.com\/\",\"name\":\"HSY Construction Machinery\",\"description\":\"HSY Machinery \u2013 A leading China construction machinery supplier, offering a wide range of light construction equipment. Our main products include Rebar Cutting Machine, Rebar Bending Machine, Rebar Stirrup Bending Machine, Rebar Arc Bending Machine, Rebar Straightening Machine, Five-Head Rebar Stirrup Bending Machine, Tamping Rammer, Plate Compactor, Concrete Cutter, Power Trowel, and other construction machinery. We are equipped with advanced CNC machines, and we enforce strict quality inspection standards along with comprehensive after-sales service. If you are interested in our products or services, we warmly welcome your inquiries via message.\",\"publisher\":{\"@id\":\"https:\/\/www.hsymachinery.com\/#organization\"},\"potentialAction\":[{\"@type\":\"SearchAction\",\"target\":{\"@type\":\"EntryPoint\",\"urlTemplate\":\"https:\/\/www.hsymachinery.com\/?s={search_term_string}\"},\"query-input\":{\"@type\":\"PropertyValueSpecification\",\"valueRequired\":true,\"valueName\":\"search_term_string\"}}],\"inLanguage\":\"tr\"},{\"@type\":\"Organization\",\"@id\":\"https:\/\/www.hsymachinery.com\/#organization\",\"name\":\"HSY Construction Machinery\",\"url\":\"https:\/\/www.hsymachinery.com\/\",\"logo\":{\"@type\":\"ImageObject\",\"inLanguage\":\"tr\",\"@id\":\"https:\/\/www.hsymachinery.com\/#\/schema\/logo\/image\/\",\"url\":\"https:\/\/www.hsymachinery.com\/wp-content\/uploads\/2025\/06\/cropped-HSY-machinery.png\",\"contentUrl\":\"https:\/\/www.hsymachinery.com\/wp-content\/uploads\/2025\/06\/cropped-HSY-machinery.png\",\"width\":600,\"height\":240,\"caption\":\"HSY Construction Machinery\"},\"image\":{\"@id\":\"https:\/\/www.hsymachinery.com\/#\/schema\/logo\/image\/\"}}]}<\/script>\n<!-- \/ Yoast SEO plugin. -->","yoast_head_json":{"title":"Beton Kesici HQ-L400A - HSY Construction Machinery","description":"HQ-L400A Longxin beton kesici, yollar, k\u00f6pr\u00fc tabliyeleri ve zemin ba\u011flant\u0131lar\u0131 i\u00e7in y\u00fckseltilmi\u015f stabilite ile derin, hassas kesimler sunar. Zorlu in\u015faat projeleri i\u00e7in g\u00fcvenilir.","robots":{"index":"index","follow":"follow","max-snippet":"max-snippet:-1","max-image-preview":"max-image-preview:large","max-video-preview":"max-video-preview:-1"},"canonical":"https:\/\/www.hsymachinery.com\/tr\/product\/beton-kesici-hq-l400a\/","og_locale":"tr_TR","og_type":"article","og_title":"Concrete Cutter HQ-L400A - HSY Construction Machinery","og_description":"HQ-L400A Longxin concrete cutter offers deep, precise cuts with upgraded stability for roads, bridge decks, and floor joints. Reliable for tough construction projects.","og_url":"https:\/\/www.hsymachinery.com\/tr\/product\/beton-kesici-hq-l400a\/","og_site_name":"HSY Construction Machinery","article_modified_time":"2025-06-28T12:46:32+00:00","og_image":[{"width":600,"height":600,"url":"https:\/\/www.hsymachinery.com\/wp-content\/uploads\/2025\/06\/Concrete-Cutter-HQ-L400A.jpg","type":"image\/jpeg"}],"twitter_card":"summary_large_image","twitter_misc":{"Tahmini okuma s\u00fcresi":"2 dakika"},"schema":{"@context":"https:\/\/schema.org","@graph":[{"@type":"WebPage","@id":"https:\/\/www.hsymachinery.com\/product\/concrete-cutter-hq-l400a\/","url":"https:\/\/www.hsymachinery.com\/product\/concrete-cutter-hq-l400a\/","name":"Beton Kesici HQ-L400A - HSY Construction Machinery","isPartOf":{"@id":"https:\/\/www.hsymachinery.com\/#website"},"primaryImageOfPage":{"@id":"https:\/\/www.hsymachinery.com\/product\/concrete-cutter-hq-l400a\/#primaryimage"},"image":{"@id":"https:\/\/www.hsymachinery.com\/product\/concrete-cutter-hq-l400a\/#primaryimage"},"thumbnailUrl":"https:\/\/www.hsymachinery.com\/wp-content\/uploads\/2025\/06\/Concrete-Cutter-HQ-L400A.jpg","datePublished":"2025-06-18T10:00:19+00:00","dateModified":"2025-06-28T12:46:32+00:00","description":"HQ-L400A Longxin beton kesici, yollar, k\u00f6pr\u00fc tabliyeleri ve zemin ba\u011flant\u0131lar\u0131 i\u00e7in y\u00fckseltilmi\u015f stabilite ile derin, hassas kesimler sunar. Zorlu in\u015faat projeleri i\u00e7in g\u00fcvenilir.","breadcrumb":{"@id":"https:\/\/www.hsymachinery.com\/product\/concrete-cutter-hq-l400a\/#breadcrumb"},"inLanguage":"tr","potentialAction":[{"@type":"ReadAction","target":["https:\/\/www.hsymachinery.com\/product\/concrete-cutter-hq-l400a\/"]}]},{"@type":"ImageObject","inLanguage":"tr","@id":"https:\/\/www.hsymachinery.com\/product\/concrete-cutter-hq-l400a\/#primaryimage","url":"https:\/\/www.hsymachinery.com\/wp-content\/uploads\/2025\/06\/Concrete-Cutter-HQ-L400A.jpg","contentUrl":"https:\/\/www.hsymachinery.com\/wp-content\/uploads\/2025\/06\/Concrete-Cutter-HQ-L400A.jpg","width":600,"height":600},{"@type":"BreadcrumbList","@id":"https:\/\/www.hsymachinery.com\/product\/concrete-cutter-hq-l400a\/#breadcrumb","itemListElement":[{"@type":"ListItem","position":1,"name":"home","item":"https:\/\/www.hsymachinery.com\/"},{"@type":"ListItem","position":2,"name":"products","item":"https:\/\/www.hsymachinery.com\/products\/"},{"@type":"ListItem","position":3,"name":"Concrete Cutter HQ-L400A"}]},{"@type":"WebSite","@id":"https:\/\/www.hsymachinery.com\/#website","url":"https:\/\/www.hsymachinery.com\/","name":"HSY \u0130n\u015faat Makineleri","description":"HSY Machinery - \u00c7ok \u00e7e\u015fitli hafif in\u015faat ekipmanlar\u0131 sunan lider bir \u00c7in in\u015faat makineleri tedarik\u00e7isi. Ba\u015fl\u0131ca \u00fcr\u00fcnlerimiz aras\u0131nda Demir Kesme Makinesi, Demir B\u00fckme Makinesi, Demir \u00dczengi B\u00fckme Makinesi, Demir Ark B\u00fckme Makinesi, Demir Do\u011frultma Makinesi, Be\u015f Kafal\u0131 Demir \u00dczengi B\u00fckme Makinesi, S\u0131k\u0131\u015ft\u0131rma Tokma\u011f\u0131, Plaka Kompakt\u00f6r\u00fc, Beton Kesici, Elektrikli Mala ve di\u011fer in\u015faat makineleri bulunmaktad\u0131r. Geli\u015fmi\u015f CNC makineleri ile donat\u0131lm\u0131\u015ft\u0131r ve kapsaml\u0131 sat\u0131\u015f sonras\u0131 hizmet ile birlikte s\u0131k\u0131 kalite kontrol standartlar\u0131n\u0131 uyguluyoruz. \u00dcr\u00fcnlerimiz veya hizmetlerimizle ilgileniyorsan\u0131z, sorular\u0131n\u0131z\u0131 mesaj yoluyla s\u0131cak bir \u015fekilde kar\u015f\u0131l\u0131yoruz.","publisher":{"@id":"https:\/\/www.hsymachinery.com\/#organization"},"potentialAction":[{"@type":"SearchAction","target":{"@type":"EntryPoint","urlTemplate":"https:\/\/www.hsymachinery.com\/?s={search_term_string}"},"query-input":{"@type":"PropertyValueSpecification","valueRequired":true,"valueName":"search_term_string"}}],"inLanguage":"tr"},{"@type":"Organization","@id":"https:\/\/www.hsymachinery.com\/#organization","name":"HSY \u0130n\u015faat Makineleri","url":"https:\/\/www.hsymachinery.com\/","logo":{"@type":"ImageObject","inLanguage":"tr","@id":"https:\/\/www.hsymachinery.com\/#\/schema\/logo\/image\/","url":"https:\/\/www.hsymachinery.com\/wp-content\/uploads\/2025\/06\/cropped-HSY-machinery.png","contentUrl":"https:\/\/www.hsymachinery.com\/wp-content\/uploads\/2025\/06\/cropped-HSY-machinery.png","width":600,"height":240,"caption":"HSY Construction Machinery"},"image":{"@id":"https:\/\/www.hsymachinery.com\/#\/schema\/logo\/image\/"}}]}},"_links":{"self":[{"href":"https:\/\/www.hsymachinery.com\/tr\/wp-json\/wp\/v2\/product\/9139","targetHints":{"allow":["GET"]}}],"collection":[{"href":"https:\/\/www.hsymachinery.com\/tr\/wp-json\/wp\/v2\/product"}],"about":[{"href":"https:\/\/www.hsymachinery.com\/tr\/wp-json\/wp\/v2\/types\/product"}],"version-history":[{"count":3,"href":"https:\/\/www.hsymachinery.com\/tr\/wp-json\/wp\/v2\/product\/9139\/revisions"}],"predecessor-version":[{"id":9554,"href":"https:\/\/www.hsymachinery.com\/tr\/wp-json\/wp\/v2\/product\/9139\/revisions\/9554"}],"wp:featuredmedia":[{"embeddable":true,"href":"https:\/\/www.hsymachinery.com\/tr\/wp-json\/wp\/v2\/media\/9140"}],"wp:attachment":[{"href":"https:\/\/www.hsymachinery.com\/tr\/wp-json\/wp\/v2\/media?parent=9139"}],"wp:term":[{"taxonomy":"product_brand","embeddable":true,"href":"https:\/\/www.hsymachinery.com\/tr\/wp-json\/wp\/v2\/product_brand?post=9139"},{"taxonomy":"product_cat","embeddable":true,"href":"https:\/\/www.hsymachinery.com\/tr\/wp-json\/wp\/v2\/product_cat?post=9139"},{"taxonomy":"product_tag","embeddable":true,"href":"https:\/\/www.hsymachinery.com\/tr\/wp-json\/wp\/v2\/product_tag?post=9139"}],"curies":[{"name":"wp","href":"https:\/\/api.w.org\/{rel}","templated":true}]}}