{"id":9130,"date":"2025-06-18T17:08:39","date_gmt":"2025-06-18T09:08:39","guid":{"rendered":"https:\/\/www.hsymachinery.com\/?post_type=product&#038;p=9130"},"modified":"2025-06-28T20:15:49","modified_gmt":"2025-06-28T12:15:49","slug":"plaka-kompaktor-ph-d250","status":"publish","type":"product","link":"https:\/\/www.hsymachinery.com\/tr\/product\/plaka-kompaktor-ph-d250\/","title":{"rendered":"Plakal\u0131 Kompakt\u00f6r PH-D250"},"content":{"rendered":"<h2 data-start=\"107\" data-end=\"138\">Plakal\u0131 Kompakt\u00f6r PH-D250<\/h2>\n<h3 data-start=\"139\" data-end=\"259\">PH-D250 Elektrikli Plakal\u0131 Kompakt\u00f6r | Kapal\u0131 Alanlar, Kentsel \u0130\u015fler ve G\u00fcr\u00fclt\u00fcye Duyarl\u0131 Alanlar i\u00e7in \u00c7evre Dostu Toprak S\u0131k\u0131\u015ft\u0131rma<\/h3>\n<h3 data-start=\"266\" data-end=\"342\">\u00dcr\u00fcne Genel Bak\u0131\u015f - Temiz ve Sessiz Toprak S\u0131k\u0131\u015ft\u0131rma i\u00e7in Elektrik G\u00fcc\u00fc<a href=\"https:\/\/www.hsymachinery.com\/tr\/urunler\/plaka-kompaktoru\/\" target=\"_blank\" rel=\"noopener\"><img fetchpriority=\"high\" decoding=\"async\" class=\"wp-image-9131 alignright\" src=\"https:\/\/www.hsymachinery.com\/wp-content\/uploads\/2025\/06\/Plate-Compactor-PH-D250-300x300.jpg\" alt=\"\" width=\"460\" height=\"460\" srcset=\"https:\/\/www.hsymachinery.com\/wp-content\/uploads\/2025\/06\/Plate-Compactor-PH-D250-300x300.jpg 300w, https:\/\/www.hsymachinery.com\/wp-content\/uploads\/2025\/06\/Plate-Compactor-PH-D250-150x150.jpg 150w, https:\/\/www.hsymachinery.com\/wp-content\/uploads\/2025\/06\/Plate-Compactor-PH-D250-100x100.jpg 100w, https:\/\/www.hsymachinery.com\/wp-content\/uploads\/2025\/06\/Plate-Compactor-PH-D250.jpg 600w\" sizes=\"(max-width: 460px) 100vw, 460px\" \/><\/a><\/h3>\n<p data-start=\"344\" data-end=\"732\">Bu <strong data-start=\"348\" data-end=\"375\">PH-D250 Plakal\u0131 Kompakt\u00f6r<\/strong> d\u00fc\u015f\u00fck g\u00fcr\u00fclt\u00fc, s\u0131f\u0131r emisyon ve hassas kontrol gerektiren uygulamalar i\u00e7in tasarlanm\u0131\u015f g\u00fc\u00e7l\u00fc bir elektrik tahrikli toprak s\u0131k\u0131\u015ft\u0131r\u0131c\u0131d\u0131r. Kentsel in\u015faat, i\u00e7 mekan zemin haz\u0131rl\u0131\u011f\u0131, bodrum \u00e7al\u0131\u015fmalar\u0131 ve havaland\u0131rmal\u0131 \u00e7al\u0131\u015fma alanlar\u0131 i\u00e7in ideal olan PH-D250, performanstan \u00f6d\u00fcn vermeden kompakt ancak g\u00fc\u00e7l\u00fc bir \u00e7\u00f6z\u00fcm sunar.<\/p>\n<p data-start=\"734\" data-end=\"870\">Elektrikli motoru yak\u0131t, duman veya ba\u015flatma gecikmeleri olmadan tutarl\u0131 g\u00fc\u00e7 sa\u011flar; \u00e7evreye duyarl\u0131 i\u015f sahalar\u0131 i\u00e7in m\u00fckemmeldir.<\/p>\n<h3 data-start=\"877\" data-end=\"934\">Temiz \u00c7al\u0131\u015fma, G\u00fcvenilir G\u00fc\u00e7 ve Kolay Kullan\u0131m<\/h3>\n<p data-start=\"936\" data-end=\"1274\">Y\u00fcksek torklu bir elektrik motoruyla \u00e7al\u0131\u015fan PH-D250, kum, toprak ve k\u0131r\u0131lm\u0131\u015f \u00e7ak\u0131l\u0131n s\u0131k\u0131\u015ft\u0131r\u0131lmas\u0131 i\u00e7in sabit titre\u015fim kuvveti sa\u011flar. \u00c7elik plaka d\u00fczg\u00fcn y\u00fczey finisaj\u0131 sa\u011flarken, sessiz \u00e7al\u0131\u015fmas\u0131 onu yerle\u015fim alanlar\u0131 veya ticari binalar gibi g\u00fcr\u00fclt\u00fcye duyarl\u0131 ortamlarda kullan\u0131m i\u00e7in uygun hale getirir.<\/p>\n<p data-start=\"1276\" data-end=\"1403\">Minimum bak\u0131m, yak\u0131t maliyeti ve egzoz olmadan PH-D250, operasyonel karma\u015f\u0131kl\u0131\u011f\u0131 ve toplam proje maliyetini azalt\u0131r.<\/p>\n<h3 data-start=\"1410\" data-end=\"1472\">Kapal\u0131 Alan \u00c7al\u0131\u015fmalar\u0131 ve Kentsel Alan K\u0131s\u0131tlamalar\u0131 i\u00e7in En \u0130yi Se\u00e7im<\/h3>\n<p data-start=\"1474\" data-end=\"1756\">Emisyonsuz tasar\u0131m\u0131 sayesinde PH-D250, benzinli veya dizel makinelerin k\u0131s\u0131tl\u0131 oldu\u011fu \u015fehirlerdeki \u00e7evre standartlar\u0131na ve bina y\u00f6netmeliklerine uygundur. Zemin yenilemeleri, dar eri\u015fimli b\u00f6lgeler ve ye\u015fil in\u015faat giri\u015fimleri i\u00e7in m\u00fckemmeldir.<\/p>\n<p data-start=\"1758\" data-end=\"1849\">M\u00fcteahhitler g\u00fcvenilirlik, emniyet ve temiz enerjinin en \u00f6nemli oldu\u011fu projeler i\u00e7in bunu tercih ediyor.<\/p>\n<h3 data-start=\"1856\" data-end=\"1910\">PH-D250 Elektrikli Plakal\u0131 Kompakt\u00f6r\u00fcn Temel \u00d6zellikleri<\/h3>\n<ul data-start=\"1912\" data-end=\"2189\">\n<li data-start=\"1912\" data-end=\"1965\">\n<p data-start=\"1914\" data-end=\"1965\">Sessiz, s\u0131f\u0131r emisyonlu \u00e7al\u0131\u015fma i\u00e7in elektrikli motor<\/p>\n<\/li>\n<li data-start=\"1966\" data-end=\"2024\">\n<p data-start=\"1968\" data-end=\"2024\">\u0130\u00e7 mekan, kentsel ve kapal\u0131 alan s\u0131k\u0131\u015ft\u0131rmas\u0131 i\u00e7in ideal<\/p>\n<\/li>\n<li data-start=\"2025\" data-end=\"2082\">\n<p data-start=\"2027\" data-end=\"2082\">Zemin, toprak ve \u00e7ak\u0131l yataklar\u0131 i\u00e7in d\u00fczg\u00fcn s\u0131k\u0131\u015ft\u0131rma<\/p>\n<\/li>\n<li data-start=\"2083\" data-end=\"2135\">\n<p data-start=\"2085\" data-end=\"2135\">\u00c7elik s\u0131k\u0131\u015ft\u0131rma plakas\u0131 d\u00fcz, e\u015fit y\u00fczey sa\u011flar<\/p>\n<\/li>\n<li data-start=\"2136\" data-end=\"2189\">\n<p data-start=\"2138\" data-end=\"2189\">D\u00fc\u015f\u00fck i\u015fletme maliyeti ile bak\u0131m gerektirmeyen tasar\u0131m<\/p>\n<\/li>\n<\/ul>\n<p><iframe title=\"kompakt\u00f6r, s\u0131k\u0131\u015ft\u0131rma tokmak, tamper, plaka kompakt\u00f6r, in\u015faat titre\u015fimi, kompakt\u00f6r makinesi.#tamping\" width=\"720\" height=\"405\" src=\"https:\/\/www.youtube.com\/embed\/kHw7Cpv12Zs?feature=oembed\" frameborder=\"0\" allow=\"accelerometer; autoplay; clipboard-write; encrypted-media; gyroscope; picture-in-picture; web-share\" referrerpolicy=\"strict-origin-when-cross-origin\" allowfullscreen><\/iframe><\/p>","protected":false},"excerpt":{"rendered":"<p>PH-D250 elektrikli plakal\u0131 kompakt\u00f6r, i\u00e7 mekan, konut ve g\u00fcr\u00fclt\u00fc k\u0131s\u0131tlamas\u0131 olan i\u015f sahalar\u0131 i\u00e7in sessiz, emisyonsuz toprak s\u0131k\u0131\u015ft\u0131rma sunar. Temiz enerji, g\u00fc\u00e7l\u00fc performans, s\u0131f\u0131r yak\u0131t.<\/p>","protected":false},"featured_media":9131,"template":"","meta":{"_kad_post_transparent":"default","_kad_post_title":"","_kad_post_layout":"default","_kad_post_sidebar_id":"","_kad_post_content_style":"default","_kad_post_vertical_padding":"default","_kad_post_feature":"","_kad_post_feature_position":"","_kad_post_header":false,"_kad_post_footer":false},"product_brand":[],"product_cat":[59],"product_tag":[1066,1062,1065,1070,1069,1063,1067,1064,1061,1068],"class_list":{"0":"post-9130","1":"product","2":"type-product","3":"status-publish","4":"has-post-thumbnail","6":"product_cat-plate-compactor","7":"product_tag-diesel-plate-compactor","8":"product_tag-forward-plate-compactor","9":"product_tag-gasoline-plate-compactor","10":"product_tag-heavy-duty-plate-compactor","11":"product_tag-plate-compactor-for-asphalt","12":"product_tag-reversible-plate-compactor","13":"product_tag-road-construction-compactor","14":"product_tag-soil-plate-compactor","15":"product_tag-vibratory-plate-compactor","16":"product_tag-walk-behind-plate-compactor","18":"first","19":"instock","20":"shipping-taxable","21":"product-type-simple","22":"entry","23":"content-bg","24":"loop-entry"},"yoast_head":"<!-- This site is optimized with the Yoast SEO plugin v25.3.1 - https:\/\/yoast.com\/wordpress\/plugins\/seo\/ -->\n<title>Plate Compactor PH-D250 - HSY Construction Machinery<\/title>\n<meta name=\"description\" content=\"PH-D250 Electric Plate Compactor delivers quiet, zero-emission compaction for indoor flooring, urban projects, and green construction. Efficient and environmentally safe.\" \/>\n<meta name=\"robots\" content=\"index, follow, max-snippet:-1, max-image-preview:large, max-video-preview:-1\" \/>\n<link rel=\"canonical\" href=\"https:\/\/www.hsymachinery.com\/tr\/product\/plaka-kompaktor-ph-d250\/\" \/>\n<meta property=\"og:locale\" content=\"tr_TR\" \/>\n<meta property=\"og:type\" content=\"article\" \/>\n<meta property=\"og:title\" content=\"Plate Compactor PH-D250 - HSY Construction Machinery\" \/>\n<meta property=\"og:description\" content=\"PH-D250 Electric Plate Compactor delivers quiet, zero-emission compaction for indoor flooring, urban projects, and green construction. Efficient and environmentally safe.\" \/>\n<meta property=\"og:url\" content=\"https:\/\/www.hsymachinery.com\/tr\/product\/plaka-kompaktor-ph-d250\/\" \/>\n<meta property=\"og:site_name\" content=\"HSY Construction Machinery\" \/>\n<meta property=\"article:modified_time\" content=\"2025-06-28T12:15:49+00:00\" \/>\n<meta property=\"og:image\" content=\"https:\/\/www.hsymachinery.com\/wp-content\/uploads\/2025\/06\/Plate-Compactor-PH-D250.jpg\" \/>\n\t<meta property=\"og:image:width\" content=\"600\" \/>\n\t<meta property=\"og:image:height\" content=\"600\" \/>\n\t<meta property=\"og:image:type\" content=\"image\/jpeg\" \/>\n<meta name=\"twitter:card\" content=\"summary_large_image\" \/>\n<meta name=\"twitter:label1\" content=\"Tahmini okuma s\u00fcresi\" \/>\n\t<meta name=\"twitter:data1\" content=\"2 dakika\" \/>\n<script type=\"application\/ld+json\" class=\"yoast-schema-graph\">{\"@context\":\"https:\/\/schema.org\",\"@graph\":[{\"@type\":\"WebPage\",\"@id\":\"https:\/\/www.hsymachinery.com\/product\/plate-compactor-ph-d250\/\",\"url\":\"https:\/\/www.hsymachinery.com\/product\/plate-compactor-ph-d250\/\",\"name\":\"Plate Compactor PH-D250 - HSY Construction Machinery\",\"isPartOf\":{\"@id\":\"https:\/\/www.hsymachinery.com\/#website\"},\"primaryImageOfPage\":{\"@id\":\"https:\/\/www.hsymachinery.com\/product\/plate-compactor-ph-d250\/#primaryimage\"},\"image\":{\"@id\":\"https:\/\/www.hsymachinery.com\/product\/plate-compactor-ph-d250\/#primaryimage\"},\"thumbnailUrl\":\"https:\/\/www.hsymachinery.com\/wp-content\/uploads\/2025\/06\/Plate-Compactor-PH-D250.jpg\",\"datePublished\":\"2025-06-18T09:08:39+00:00\",\"dateModified\":\"2025-06-28T12:15:49+00:00\",\"description\":\"PH-D250 Electric Plate Compactor delivers quiet, zero-emission compaction for indoor flooring, urban projects, and green construction. Efficient and environmentally safe.\",\"breadcrumb\":{\"@id\":\"https:\/\/www.hsymachinery.com\/product\/plate-compactor-ph-d250\/#breadcrumb\"},\"inLanguage\":\"tr\",\"potentialAction\":[{\"@type\":\"ReadAction\",\"target\":[\"https:\/\/www.hsymachinery.com\/product\/plate-compactor-ph-d250\/\"]}]},{\"@type\":\"ImageObject\",\"inLanguage\":\"tr\",\"@id\":\"https:\/\/www.hsymachinery.com\/product\/plate-compactor-ph-d250\/#primaryimage\",\"url\":\"https:\/\/www.hsymachinery.com\/wp-content\/uploads\/2025\/06\/Plate-Compactor-PH-D250.jpg\",\"contentUrl\":\"https:\/\/www.hsymachinery.com\/wp-content\/uploads\/2025\/06\/Plate-Compactor-PH-D250.jpg\",\"width\":600,\"height\":600},{\"@type\":\"BreadcrumbList\",\"@id\":\"https:\/\/www.hsymachinery.com\/product\/plate-compactor-ph-d250\/#breadcrumb\",\"itemListElement\":[{\"@type\":\"ListItem\",\"position\":1,\"name\":\"home\",\"item\":\"https:\/\/www.hsymachinery.com\/\"},{\"@type\":\"ListItem\",\"position\":2,\"name\":\"products\",\"item\":\"https:\/\/www.hsymachinery.com\/products\/\"},{\"@type\":\"ListItem\",\"position\":3,\"name\":\"Plate Compactor PH-D250\"}]},{\"@type\":\"WebSite\",\"@id\":\"https:\/\/www.hsymachinery.com\/#website\",\"url\":\"https:\/\/www.hsymachinery.com\/\",\"name\":\"HSY Construction Machinery\",\"description\":\"HSY Machinery \u2013 A leading China construction machinery supplier, offering a wide range of light construction equipment. Our main products include Rebar Cutting Machine, Rebar Bending Machine, Rebar Stirrup Bending Machine, Rebar Arc Bending Machine, Rebar Straightening Machine, Five-Head Rebar Stirrup Bending Machine, Tamping Rammer, Plate Compactor, Concrete Cutter, Power Trowel, and other construction machinery. We are equipped with advanced CNC machines, and we enforce strict quality inspection standards along with comprehensive after-sales service. If you are interested in our products or services, we warmly welcome your inquiries via message.\",\"publisher\":{\"@id\":\"https:\/\/www.hsymachinery.com\/#organization\"},\"potentialAction\":[{\"@type\":\"SearchAction\",\"target\":{\"@type\":\"EntryPoint\",\"urlTemplate\":\"https:\/\/www.hsymachinery.com\/?s={search_term_string}\"},\"query-input\":{\"@type\":\"PropertyValueSpecification\",\"valueRequired\":true,\"valueName\":\"search_term_string\"}}],\"inLanguage\":\"tr\"},{\"@type\":\"Organization\",\"@id\":\"https:\/\/www.hsymachinery.com\/#organization\",\"name\":\"HSY Construction Machinery\",\"url\":\"https:\/\/www.hsymachinery.com\/\",\"logo\":{\"@type\":\"ImageObject\",\"inLanguage\":\"tr\",\"@id\":\"https:\/\/www.hsymachinery.com\/#\/schema\/logo\/image\/\",\"url\":\"https:\/\/www.hsymachinery.com\/wp-content\/uploads\/2025\/06\/cropped-HSY-machinery.png\",\"contentUrl\":\"https:\/\/www.hsymachinery.com\/wp-content\/uploads\/2025\/06\/cropped-HSY-machinery.png\",\"width\":600,\"height\":240,\"caption\":\"HSY Construction Machinery\"},\"image\":{\"@id\":\"https:\/\/www.hsymachinery.com\/#\/schema\/logo\/image\/\"}}]}<\/script>\n<!-- \/ Yoast SEO plugin. -->","yoast_head_json":{"title":"Plakal\u0131 Kompakt\u00f6r PH-D250 - HSY Construction Machinery","description":"PH-D250 Elektrikli Plakal\u0131 Kompakt\u00f6r, i\u00e7 mekan d\u00f6\u015femeleri, kentsel projeler ve ye\u015fil in\u015faatlar i\u00e7in sessiz, s\u0131f\u0131r emisyonlu s\u0131k\u0131\u015ft\u0131rma sa\u011flar. Verimli ve \u00e7evre a\u00e7\u0131s\u0131ndan g\u00fcvenlidir.","robots":{"index":"index","follow":"follow","max-snippet":"max-snippet:-1","max-image-preview":"max-image-preview:large","max-video-preview":"max-video-preview:-1"},"canonical":"https:\/\/www.hsymachinery.com\/tr\/product\/plaka-kompaktor-ph-d250\/","og_locale":"tr_TR","og_type":"article","og_title":"Plate Compactor PH-D250 - HSY Construction Machinery","og_description":"PH-D250 Electric Plate Compactor delivers quiet, zero-emission compaction for indoor flooring, urban projects, and green construction. Efficient and environmentally safe.","og_url":"https:\/\/www.hsymachinery.com\/tr\/product\/plaka-kompaktor-ph-d250\/","og_site_name":"HSY Construction Machinery","article_modified_time":"2025-06-28T12:15:49+00:00","og_image":[{"width":600,"height":600,"url":"https:\/\/www.hsymachinery.com\/wp-content\/uploads\/2025\/06\/Plate-Compactor-PH-D250.jpg","type":"image\/jpeg"}],"twitter_card":"summary_large_image","twitter_misc":{"Tahmini okuma s\u00fcresi":"2 dakika"},"schema":{"@context":"https:\/\/schema.org","@graph":[{"@type":"WebPage","@id":"https:\/\/www.hsymachinery.com\/product\/plate-compactor-ph-d250\/","url":"https:\/\/www.hsymachinery.com\/product\/plate-compactor-ph-d250\/","name":"Plakal\u0131 Kompakt\u00f6r PH-D250 - HSY Construction Machinery","isPartOf":{"@id":"https:\/\/www.hsymachinery.com\/#website"},"primaryImageOfPage":{"@id":"https:\/\/www.hsymachinery.com\/product\/plate-compactor-ph-d250\/#primaryimage"},"image":{"@id":"https:\/\/www.hsymachinery.com\/product\/plate-compactor-ph-d250\/#primaryimage"},"thumbnailUrl":"https:\/\/www.hsymachinery.com\/wp-content\/uploads\/2025\/06\/Plate-Compactor-PH-D250.jpg","datePublished":"2025-06-18T09:08:39+00:00","dateModified":"2025-06-28T12:15:49+00:00","description":"PH-D250 Elektrikli Plakal\u0131 Kompakt\u00f6r, i\u00e7 mekan d\u00f6\u015femeleri, kentsel projeler ve ye\u015fil in\u015faatlar i\u00e7in sessiz, s\u0131f\u0131r emisyonlu s\u0131k\u0131\u015ft\u0131rma sa\u011flar. Verimli ve \u00e7evre a\u00e7\u0131s\u0131ndan g\u00fcvenlidir.","breadcrumb":{"@id":"https:\/\/www.hsymachinery.com\/product\/plate-compactor-ph-d250\/#breadcrumb"},"inLanguage":"tr","potentialAction":[{"@type":"ReadAction","target":["https:\/\/www.hsymachinery.com\/product\/plate-compactor-ph-d250\/"]}]},{"@type":"ImageObject","inLanguage":"tr","@id":"https:\/\/www.hsymachinery.com\/product\/plate-compactor-ph-d250\/#primaryimage","url":"https:\/\/www.hsymachinery.com\/wp-content\/uploads\/2025\/06\/Plate-Compactor-PH-D250.jpg","contentUrl":"https:\/\/www.hsymachinery.com\/wp-content\/uploads\/2025\/06\/Plate-Compactor-PH-D250.jpg","width":600,"height":600},{"@type":"BreadcrumbList","@id":"https:\/\/www.hsymachinery.com\/product\/plate-compactor-ph-d250\/#breadcrumb","itemListElement":[{"@type":"ListItem","position":1,"name":"home","item":"https:\/\/www.hsymachinery.com\/"},{"@type":"ListItem","position":2,"name":"products","item":"https:\/\/www.hsymachinery.com\/products\/"},{"@type":"ListItem","position":3,"name":"Plate Compactor PH-D250"}]},{"@type":"WebSite","@id":"https:\/\/www.hsymachinery.com\/#website","url":"https:\/\/www.hsymachinery.com\/","name":"HSY \u0130n\u015faat Makineleri","description":"HSY Machinery - \u00c7ok \u00e7e\u015fitli hafif in\u015faat ekipmanlar\u0131 sunan lider bir \u00c7in in\u015faat makineleri tedarik\u00e7isi. Ba\u015fl\u0131ca \u00fcr\u00fcnlerimiz aras\u0131nda Demir Kesme Makinesi, Demir B\u00fckme Makinesi, Demir \u00dczengi B\u00fckme Makinesi, Demir Ark B\u00fckme Makinesi, Demir Do\u011frultma Makinesi, Be\u015f Kafal\u0131 Demir \u00dczengi B\u00fckme Makinesi, S\u0131k\u0131\u015ft\u0131rma Tokma\u011f\u0131, Plaka Kompakt\u00f6r\u00fc, Beton Kesici, Elektrikli Mala ve di\u011fer in\u015faat makineleri bulunmaktad\u0131r. Geli\u015fmi\u015f CNC makineleri ile donat\u0131lm\u0131\u015ft\u0131r ve kapsaml\u0131 sat\u0131\u015f sonras\u0131 hizmet ile birlikte s\u0131k\u0131 kalite kontrol standartlar\u0131n\u0131 uyguluyoruz. \u00dcr\u00fcnlerimiz veya hizmetlerimizle ilgileniyorsan\u0131z, sorular\u0131n\u0131z\u0131 mesaj yoluyla s\u0131cak bir \u015fekilde kar\u015f\u0131l\u0131yoruz.","publisher":{"@id":"https:\/\/www.hsymachinery.com\/#organization"},"potentialAction":[{"@type":"SearchAction","target":{"@type":"EntryPoint","urlTemplate":"https:\/\/www.hsymachinery.com\/?s={search_term_string}"},"query-input":{"@type":"PropertyValueSpecification","valueRequired":true,"valueName":"search_term_string"}}],"inLanguage":"tr"},{"@type":"Organization","@id":"https:\/\/www.hsymachinery.com\/#organization","name":"HSY \u0130n\u015faat Makineleri","url":"https:\/\/www.hsymachinery.com\/","logo":{"@type":"ImageObject","inLanguage":"tr","@id":"https:\/\/www.hsymachinery.com\/#\/schema\/logo\/image\/","url":"https:\/\/www.hsymachinery.com\/wp-content\/uploads\/2025\/06\/cropped-HSY-machinery.png","contentUrl":"https:\/\/www.hsymachinery.com\/wp-content\/uploads\/2025\/06\/cropped-HSY-machinery.png","width":600,"height":240,"caption":"HSY Construction Machinery"},"image":{"@id":"https:\/\/www.hsymachinery.com\/#\/schema\/logo\/image\/"}}]}},"_links":{"self":[{"href":"https:\/\/www.hsymachinery.com\/tr\/wp-json\/wp\/v2\/product\/9130","targetHints":{"allow":["GET"]}}],"collection":[{"href":"https:\/\/www.hsymachinery.com\/tr\/wp-json\/wp\/v2\/product"}],"about":[{"href":"https:\/\/www.hsymachinery.com\/tr\/wp-json\/wp\/v2\/types\/product"}],"version-history":[{"count":3,"href":"https:\/\/www.hsymachinery.com\/tr\/wp-json\/wp\/v2\/product\/9130\/revisions"}],"predecessor-version":[{"id":9543,"href":"https:\/\/www.hsymachinery.com\/tr\/wp-json\/wp\/v2\/product\/9130\/revisions\/9543"}],"wp:featuredmedia":[{"embeddable":true,"href":"https:\/\/www.hsymachinery.com\/tr\/wp-json\/wp\/v2\/media\/9131"}],"wp:attachment":[{"href":"https:\/\/www.hsymachinery.com\/tr\/wp-json\/wp\/v2\/media?parent=9130"}],"wp:term":[{"taxonomy":"product_brand","embeddable":true,"href":"https:\/\/www.hsymachinery.com\/tr\/wp-json\/wp\/v2\/product_brand?post=9130"},{"taxonomy":"product_cat","embeddable":true,"href":"https:\/\/www.hsymachinery.com\/tr\/wp-json\/wp\/v2\/product_cat?post=9130"},{"taxonomy":"product_tag","embeddable":true,"href":"https:\/\/www.hsymachinery.com\/tr\/wp-json\/wp\/v2\/product_tag?post=9130"}],"curies":[{"name":"wp","href":"https:\/\/api.w.org\/{rel}","templated":true}]}}