{"id":9127,"date":"2025-06-18T17:07:48","date_gmt":"2025-06-18T09:07:48","guid":{"rendered":"https:\/\/www.hsymachinery.com\/?post_type=product&#038;p=9127"},"modified":"2025-06-28T20:11:59","modified_gmt":"2025-06-28T12:11:59","slug":"plaka-kompaktor-ph-c250a","status":"publish","type":"product","link":"https:\/\/www.hsymachinery.com\/tr\/product\/plaka-kompaktor-ph-c250a\/","title":{"rendered":"Plakal\u0131 Kompakt\u00f6r PH-C250A"},"content":{"rendered":"<h2 data-start=\"111\" data-end=\"143\">Plakal\u0131 Kompakt\u00f6r PH-C250A<\/h2>\n<h3 data-start=\"144\" data-end=\"257\">PH-C250A Dizel Plakal\u0131 Kompakt\u00f6r | Temel, \u00c7ak\u0131l ve Alt Zemin S\u0131k\u0131\u015ft\u0131rma i\u00e7in Geni\u015f Tabanl\u0131 A\u011f\u0131r Hizmet Kompakt\u00f6r\u00fc<\/h3>\n<h3 data-start=\"264\" data-end=\"347\">\u00dcr\u00fcne Genel Bak\u0131\u015f - Daha Fazla Etki ve Kapsama i\u00e7in Y\u00fckseltilmi\u015f Dizel Kompakt\u00f6r<a href=\"https:\/\/www.hsymachinery.com\/tr\/urunler\/plaka-kompaktoru\/\" target=\"_blank\" rel=\"noopener\"><img fetchpriority=\"high\" decoding=\"async\" class=\"wp-image-9128 alignright\" src=\"https:\/\/www.hsymachinery.com\/wp-content\/uploads\/2025\/06\/Plate-Compactor-PH-C250A-300x300.jpg\" alt=\"\" width=\"461\" height=\"461\" srcset=\"https:\/\/www.hsymachinery.com\/wp-content\/uploads\/2025\/06\/Plate-Compactor-PH-C250A-300x300.jpg 300w, https:\/\/www.hsymachinery.com\/wp-content\/uploads\/2025\/06\/Plate-Compactor-PH-C250A-150x150.jpg 150w, https:\/\/www.hsymachinery.com\/wp-content\/uploads\/2025\/06\/Plate-Compactor-PH-C250A-100x100.jpg 100w, https:\/\/www.hsymachinery.com\/wp-content\/uploads\/2025\/06\/Plate-Compactor-PH-C250A.jpg 600w\" sizes=\"(max-width: 461px) 100vw, 461px\" \/><\/a><\/h3>\n<p data-start=\"349\" data-end=\"714\">Bu <strong data-start=\"353\" data-end=\"381\">PH-C250A Plakal\u0131 Kompakt\u00f6r<\/strong> temel yataklar\u0131, \u00e7ak\u0131l tabakalar\u0131, yol onar\u0131m\u0131 ve alt zemin s\u0131k\u0131\u015ft\u0131rmas\u0131 \u00fczerinde \u00e7al\u0131\u015fan profesyonel y\u00fckleniciler i\u00e7in tasarlanm\u0131\u015f, dizel motorlu, geni\u015f tabanl\u0131 bir s\u0131k\u0131\u015ft\u0131rma makinesidir. G\u00fc\u00e7lendirilmi\u015f bir plaka ve y\u00fcksek torklu bir dizel motora sahip olan bu model, daha az ge\u00e7i\u015fle daha derin s\u0131k\u0131\u015ft\u0131rma sa\u011flayarak zamandan ve yak\u0131ttan tasarruf sa\u011flar.<\/p>\n<p data-start=\"716\" data-end=\"898\">Bu y\u00fckseltilmi\u015f versiyon, daha iyi kapsama alan\u0131, stabilite ve titre\u015fim kuvveti sunarak standart dizel kompakt\u00f6rleri geli\u015ftirir ve zorlu sahalar i\u00e7in ideal bir se\u00e7im haline getirir.<\/p>\n<h3 data-start=\"905\" data-end=\"976\">Dizel Verimlili\u011fi, Maksimum Bas\u0131n\u00e7 ve Operat\u00f6r Odakl\u0131 Tasar\u0131m<\/h3>\n<p data-start=\"978\" data-end=\"1340\">Y\u00fcksek verimli dizel motor, sert topraklar\u0131, \u0131slak \u00e7ak\u0131llar\u0131 ve kil bak\u0131m\u0131ndan zengin arazileri s\u0131k\u0131\u015ft\u0131rmak i\u00e7in tutarl\u0131 tork \u00e7\u0131k\u0131\u015f\u0131 sa\u011flar. Geni\u015fletilmi\u015f taban plakas\u0131, ge\u00e7i\u015f s\u0131kl\u0131\u011f\u0131n\u0131 azaltarak operasyonel verimlili\u011fi art\u0131r\u0131r. Ergonomik, \u015fok emici tutamak, uzun i\u015f g\u00fcnlerinde bile yorgunlu\u011fu en aza indirirken daha iyi kavrama ve kontrol sa\u011flar.<\/p>\n<p data-start=\"1342\" data-end=\"1451\">Kolay servisi ve sa\u011flam yap\u0131sal tasar\u0131m\u0131 ile bu model, zorlu saha ko\u015fullar\u0131nda uzun \u00f6m\u00fcrl\u00fc olacak \u015fekilde \u00fcretilmi\u015ftir.<\/p>\n<h3 data-start=\"1458\" data-end=\"1522\">Zorlu Ko\u015fullar ve Uzak \u015eantiyeler i\u00e7in \u00dcretildi<\/h3>\n<p data-start=\"1524\" data-end=\"1789\">PH-C250A a\u011f\u0131r y\u00fck ortamlar\u0131nda ba\u015far\u0131l\u0131d\u0131r ve altyap\u0131 geli\u015ftirme, k\u0131rsal yol yap\u0131m\u0131 ve kamu hizmeti hendek a\u00e7ma i\u00e7in idealdir. Dizel g\u00fcc\u00fc sayesinde, benzinin k\u0131s\u0131tl\u0131 veya maliyetli olabilece\u011fi uzak yerlerde g\u00fcvenilir bir performans sergiler.<\/p>\n<p data-start=\"1791\" data-end=\"1904\">Uzun \u00e7al\u0131\u015fma s\u00fcresi, d\u00fc\u015f\u00fck yak\u0131t maliyeti ve bas\u0131n\u00e7 alt\u0131nda dayan\u0131kl\u0131l\u0131k arayan y\u00fcklenicilerin ihtiya\u00e7lar\u0131n\u0131 kar\u015f\u0131lar.<\/p>\n<h3 data-start=\"1911\" data-end=\"1964\">PH-C250A Dizel Plakal\u0131 Kompakt\u00f6r\u00fcn Temel \u00d6zellikleri<\/h3>\n<ul data-start=\"1966\" data-end=\"2262\">\n<li data-start=\"1966\" data-end=\"2025\">\n<p data-start=\"1968\" data-end=\"2025\">Derin ve g\u00fcvenilir s\u0131k\u0131\u015ft\u0131rma i\u00e7in y\u00fcksek torklu dizel motor<\/p>\n<\/li>\n<li data-start=\"2026\" data-end=\"2089\">\n<p data-start=\"2028\" data-end=\"2089\">Daha iyi y\u00fczey kaplamas\u0131 ve h\u0131z i\u00e7in g\u00fc\u00e7lendirilmi\u015f geni\u015f plaka<\/p>\n<\/li>\n<li data-start=\"2090\" data-end=\"2155\">\n<p data-start=\"2092\" data-end=\"2155\">\u00c7ak\u0131ll\u0131 yollar, temel katmanlar\u0131 ve sert toprak haz\u0131rl\u0131\u011f\u0131 i\u00e7in ideal<\/p>\n<\/li>\n<li data-start=\"2156\" data-end=\"2206\">\n<p data-start=\"2158\" data-end=\"2206\">Titre\u015fimi azalt\u0131lm\u0131\u015f ergonomik tutamak sistemi<\/p>\n<\/li>\n<li data-start=\"2207\" data-end=\"2262\">\n<p data-start=\"2209\" data-end=\"2262\">A\u011f\u0131r kullan\u0131m ve uzun \u00e7al\u0131\u015fma saatleri i\u00e7in tasarlanm\u0131\u015ft\u0131r<\/p>\n<\/li>\n<\/ul>\n<p><iframe title=\"kompakt\u00f6r, s\u0131k\u0131\u015ft\u0131rma tokmak, tamper, plaka kompakt\u00f6r, in\u015faat titre\u015fimi, kompakt\u00f6r makinesi.#tamping\" width=\"720\" height=\"405\" src=\"https:\/\/www.youtube.com\/embed\/kHw7Cpv12Zs?feature=oembed\" frameborder=\"0\" allow=\"accelerometer; autoplay; clipboard-write; encrypted-media; gyroscope; picture-in-picture; web-share\" referrerpolicy=\"strict-origin-when-cross-origin\" allowfullscreen><\/iframe><\/p>","protected":false},"excerpt":{"rendered":"<p>PH-C250A dizel plakal\u0131 kompakt\u00f6r, daha h\u0131zl\u0131 sonu\u00e7lar i\u00e7in daha geni\u015f bir plaka ile g\u00fc\u00e7l\u00fc, verimli s\u0131k\u0131\u015ft\u0131rma sa\u011flar. Temeller, \u00e7ak\u0131ll\u0131 yollar ve derin toprak i\u015fleri i\u00e7in idealdir.<\/p>","protected":false},"featured_media":9128,"template":"","meta":{"_kad_post_transparent":"default","_kad_post_title":"","_kad_post_layout":"default","_kad_post_sidebar_id":"","_kad_post_content_style":"default","_kad_post_vertical_padding":"default","_kad_post_feature":"","_kad_post_feature_position":"","_kad_post_header":false,"_kad_post_footer":false},"product_brand":[],"product_cat":[59],"product_tag":[1066,1062,1065,1070,1069,1063,1067,1064,1061,1068],"class_list":{"0":"post-9127","1":"product","2":"type-product","3":"status-publish","4":"has-post-thumbnail","6":"product_cat-plate-compactor","7":"product_tag-diesel-plate-compactor","8":"product_tag-forward-plate-compactor","9":"product_tag-gasoline-plate-compactor","10":"product_tag-heavy-duty-plate-compactor","11":"product_tag-plate-compactor-for-asphalt","12":"product_tag-reversible-plate-compactor","13":"product_tag-road-construction-compactor","14":"product_tag-soil-plate-compactor","15":"product_tag-vibratory-plate-compactor","16":"product_tag-walk-behind-plate-compactor","18":"first","19":"instock","20":"shipping-taxable","21":"product-type-simple","22":"entry","23":"content-bg","24":"loop-entry"},"yoast_head":"<!-- This site is optimized with the Yoast SEO plugin v25.3.1 - https:\/\/yoast.com\/wordpress\/plugins\/seo\/ -->\n<title>Plate Compactor PH-C250A - HSY Construction Machinery<\/title>\n<meta name=\"description\" content=\"PH-C250A Diesel Plate Compactor offers strong, deep compaction with wide base coverage for gravel, subgrade, and foundations. Rugged and fuel-efficient for construction sites.\" \/>\n<meta name=\"robots\" content=\"index, follow, max-snippet:-1, max-image-preview:large, max-video-preview:-1\" \/>\n<link rel=\"canonical\" href=\"https:\/\/www.hsymachinery.com\/tr\/product\/plaka-kompaktor-ph-c250a\/\" \/>\n<meta property=\"og:locale\" content=\"tr_TR\" \/>\n<meta property=\"og:type\" content=\"article\" \/>\n<meta property=\"og:title\" content=\"Plate Compactor PH-C250A - HSY Construction Machinery\" \/>\n<meta property=\"og:description\" content=\"PH-C250A Diesel Plate Compactor offers strong, deep compaction with wide base coverage for gravel, subgrade, and foundations. Rugged and fuel-efficient for construction sites.\" \/>\n<meta property=\"og:url\" content=\"https:\/\/www.hsymachinery.com\/tr\/product\/plaka-kompaktor-ph-c250a\/\" \/>\n<meta property=\"og:site_name\" content=\"HSY Construction Machinery\" \/>\n<meta property=\"article:modified_time\" content=\"2025-06-28T12:11:59+00:00\" \/>\n<meta property=\"og:image\" content=\"https:\/\/www.hsymachinery.com\/wp-content\/uploads\/2025\/06\/Plate-Compactor-PH-C250A.jpg\" \/>\n\t<meta property=\"og:image:width\" content=\"600\" \/>\n\t<meta property=\"og:image:height\" content=\"600\" \/>\n\t<meta property=\"og:image:type\" content=\"image\/jpeg\" \/>\n<meta name=\"twitter:card\" content=\"summary_large_image\" \/>\n<meta name=\"twitter:label1\" content=\"Tahmini okuma s\u00fcresi\" \/>\n\t<meta name=\"twitter:data1\" content=\"2 dakika\" \/>\n<script type=\"application\/ld+json\" class=\"yoast-schema-graph\">{\"@context\":\"https:\/\/schema.org\",\"@graph\":[{\"@type\":\"WebPage\",\"@id\":\"https:\/\/www.hsymachinery.com\/product\/plate-compactor-ph-c250a\/\",\"url\":\"https:\/\/www.hsymachinery.com\/product\/plate-compactor-ph-c250a\/\",\"name\":\"Plate Compactor PH-C250A - HSY Construction Machinery\",\"isPartOf\":{\"@id\":\"https:\/\/www.hsymachinery.com\/#website\"},\"primaryImageOfPage\":{\"@id\":\"https:\/\/www.hsymachinery.com\/product\/plate-compactor-ph-c250a\/#primaryimage\"},\"image\":{\"@id\":\"https:\/\/www.hsymachinery.com\/product\/plate-compactor-ph-c250a\/#primaryimage\"},\"thumbnailUrl\":\"https:\/\/www.hsymachinery.com\/wp-content\/uploads\/2025\/06\/Plate-Compactor-PH-C250A.jpg\",\"datePublished\":\"2025-06-18T09:07:48+00:00\",\"dateModified\":\"2025-06-28T12:11:59+00:00\",\"description\":\"PH-C250A Diesel Plate Compactor offers strong, deep compaction with wide base coverage for gravel, subgrade, and foundations. Rugged and fuel-efficient for construction sites.\",\"breadcrumb\":{\"@id\":\"https:\/\/www.hsymachinery.com\/product\/plate-compactor-ph-c250a\/#breadcrumb\"},\"inLanguage\":\"tr\",\"potentialAction\":[{\"@type\":\"ReadAction\",\"target\":[\"https:\/\/www.hsymachinery.com\/product\/plate-compactor-ph-c250a\/\"]}]},{\"@type\":\"ImageObject\",\"inLanguage\":\"tr\",\"@id\":\"https:\/\/www.hsymachinery.com\/product\/plate-compactor-ph-c250a\/#primaryimage\",\"url\":\"https:\/\/www.hsymachinery.com\/wp-content\/uploads\/2025\/06\/Plate-Compactor-PH-C250A.jpg\",\"contentUrl\":\"https:\/\/www.hsymachinery.com\/wp-content\/uploads\/2025\/06\/Plate-Compactor-PH-C250A.jpg\",\"width\":600,\"height\":600},{\"@type\":\"BreadcrumbList\",\"@id\":\"https:\/\/www.hsymachinery.com\/product\/plate-compactor-ph-c250a\/#breadcrumb\",\"itemListElement\":[{\"@type\":\"ListItem\",\"position\":1,\"name\":\"home\",\"item\":\"https:\/\/www.hsymachinery.com\/\"},{\"@type\":\"ListItem\",\"position\":2,\"name\":\"products\",\"item\":\"https:\/\/www.hsymachinery.com\/products\/\"},{\"@type\":\"ListItem\",\"position\":3,\"name\":\"Plate Compactor PH-C250A\"}]},{\"@type\":\"WebSite\",\"@id\":\"https:\/\/www.hsymachinery.com\/#website\",\"url\":\"https:\/\/www.hsymachinery.com\/\",\"name\":\"HSY Construction Machinery\",\"description\":\"HSY Machinery \u2013 A leading China construction machinery supplier, offering a wide range of light construction equipment. Our main products include Rebar Cutting Machine, Rebar Bending Machine, Rebar Stirrup Bending Machine, Rebar Arc Bending Machine, Rebar Straightening Machine, Five-Head Rebar Stirrup Bending Machine, Tamping Rammer, Plate Compactor, Concrete Cutter, Power Trowel, and other construction machinery. We are equipped with advanced CNC machines, and we enforce strict quality inspection standards along with comprehensive after-sales service. If you are interested in our products or services, we warmly welcome your inquiries via message.\",\"publisher\":{\"@id\":\"https:\/\/www.hsymachinery.com\/#organization\"},\"potentialAction\":[{\"@type\":\"SearchAction\",\"target\":{\"@type\":\"EntryPoint\",\"urlTemplate\":\"https:\/\/www.hsymachinery.com\/?s={search_term_string}\"},\"query-input\":{\"@type\":\"PropertyValueSpecification\",\"valueRequired\":true,\"valueName\":\"search_term_string\"}}],\"inLanguage\":\"tr\"},{\"@type\":\"Organization\",\"@id\":\"https:\/\/www.hsymachinery.com\/#organization\",\"name\":\"HSY Construction Machinery\",\"url\":\"https:\/\/www.hsymachinery.com\/\",\"logo\":{\"@type\":\"ImageObject\",\"inLanguage\":\"tr\",\"@id\":\"https:\/\/www.hsymachinery.com\/#\/schema\/logo\/image\/\",\"url\":\"https:\/\/www.hsymachinery.com\/wp-content\/uploads\/2025\/06\/cropped-HSY-machinery.png\",\"contentUrl\":\"https:\/\/www.hsymachinery.com\/wp-content\/uploads\/2025\/06\/cropped-HSY-machinery.png\",\"width\":600,\"height\":240,\"caption\":\"HSY Construction Machinery\"},\"image\":{\"@id\":\"https:\/\/www.hsymachinery.com\/#\/schema\/logo\/image\/\"}}]}<\/script>\n<!-- \/ Yoast SEO plugin. -->","yoast_head_json":{"title":"Plakal\u0131 Kompakt\u00f6r PH-C250A - HSY Construction Machinery","description":"PH-C250A Dizel Plakal\u0131 Kompakt\u00f6r, \u00e7ak\u0131l, alt zemin ve temeller i\u00e7in geni\u015f taban kapsam\u0131 ile g\u00fc\u00e7l\u00fc, derin s\u0131k\u0131\u015ft\u0131rma sunar. \u015eantiyeler i\u00e7in sa\u011flam ve yak\u0131t tasarrufludur.","robots":{"index":"index","follow":"follow","max-snippet":"max-snippet:-1","max-image-preview":"max-image-preview:large","max-video-preview":"max-video-preview:-1"},"canonical":"https:\/\/www.hsymachinery.com\/tr\/product\/plaka-kompaktor-ph-c250a\/","og_locale":"tr_TR","og_type":"article","og_title":"Plate Compactor PH-C250A - HSY Construction Machinery","og_description":"PH-C250A Diesel Plate Compactor offers strong, deep compaction with wide base coverage for gravel, subgrade, and foundations. Rugged and fuel-efficient for construction sites.","og_url":"https:\/\/www.hsymachinery.com\/tr\/product\/plaka-kompaktor-ph-c250a\/","og_site_name":"HSY Construction Machinery","article_modified_time":"2025-06-28T12:11:59+00:00","og_image":[{"width":600,"height":600,"url":"https:\/\/www.hsymachinery.com\/wp-content\/uploads\/2025\/06\/Plate-Compactor-PH-C250A.jpg","type":"image\/jpeg"}],"twitter_card":"summary_large_image","twitter_misc":{"Tahmini okuma s\u00fcresi":"2 dakika"},"schema":{"@context":"https:\/\/schema.org","@graph":[{"@type":"WebPage","@id":"https:\/\/www.hsymachinery.com\/product\/plate-compactor-ph-c250a\/","url":"https:\/\/www.hsymachinery.com\/product\/plate-compactor-ph-c250a\/","name":"Plakal\u0131 Kompakt\u00f6r PH-C250A - HSY Construction Machinery","isPartOf":{"@id":"https:\/\/www.hsymachinery.com\/#website"},"primaryImageOfPage":{"@id":"https:\/\/www.hsymachinery.com\/product\/plate-compactor-ph-c250a\/#primaryimage"},"image":{"@id":"https:\/\/www.hsymachinery.com\/product\/plate-compactor-ph-c250a\/#primaryimage"},"thumbnailUrl":"https:\/\/www.hsymachinery.com\/wp-content\/uploads\/2025\/06\/Plate-Compactor-PH-C250A.jpg","datePublished":"2025-06-18T09:07:48+00:00","dateModified":"2025-06-28T12:11:59+00:00","description":"PH-C250A Dizel Plakal\u0131 Kompakt\u00f6r, \u00e7ak\u0131l, alt zemin ve temeller i\u00e7in geni\u015f taban kapsam\u0131 ile g\u00fc\u00e7l\u00fc, derin s\u0131k\u0131\u015ft\u0131rma sunar. \u015eantiyeler i\u00e7in sa\u011flam ve yak\u0131t tasarrufludur.","breadcrumb":{"@id":"https:\/\/www.hsymachinery.com\/product\/plate-compactor-ph-c250a\/#breadcrumb"},"inLanguage":"tr","potentialAction":[{"@type":"ReadAction","target":["https:\/\/www.hsymachinery.com\/product\/plate-compactor-ph-c250a\/"]}]},{"@type":"ImageObject","inLanguage":"tr","@id":"https:\/\/www.hsymachinery.com\/product\/plate-compactor-ph-c250a\/#primaryimage","url":"https:\/\/www.hsymachinery.com\/wp-content\/uploads\/2025\/06\/Plate-Compactor-PH-C250A.jpg","contentUrl":"https:\/\/www.hsymachinery.com\/wp-content\/uploads\/2025\/06\/Plate-Compactor-PH-C250A.jpg","width":600,"height":600},{"@type":"BreadcrumbList","@id":"https:\/\/www.hsymachinery.com\/product\/plate-compactor-ph-c250a\/#breadcrumb","itemListElement":[{"@type":"ListItem","position":1,"name":"home","item":"https:\/\/www.hsymachinery.com\/"},{"@type":"ListItem","position":2,"name":"products","item":"https:\/\/www.hsymachinery.com\/products\/"},{"@type":"ListItem","position":3,"name":"Plate Compactor PH-C250A"}]},{"@type":"WebSite","@id":"https:\/\/www.hsymachinery.com\/#website","url":"https:\/\/www.hsymachinery.com\/","name":"HSY \u0130n\u015faat Makineleri","description":"HSY Machinery - \u00c7ok \u00e7e\u015fitli hafif in\u015faat ekipmanlar\u0131 sunan lider bir \u00c7in in\u015faat makineleri tedarik\u00e7isi. Ba\u015fl\u0131ca \u00fcr\u00fcnlerimiz aras\u0131nda Demir Kesme Makinesi, Demir B\u00fckme Makinesi, Demir \u00dczengi B\u00fckme Makinesi, Demir Ark B\u00fckme Makinesi, Demir Do\u011frultma Makinesi, Be\u015f Kafal\u0131 Demir \u00dczengi B\u00fckme Makinesi, S\u0131k\u0131\u015ft\u0131rma Tokma\u011f\u0131, Plaka Kompakt\u00f6r\u00fc, Beton Kesici, Elektrikli Mala ve di\u011fer in\u015faat makineleri bulunmaktad\u0131r. Geli\u015fmi\u015f CNC makineleri ile donat\u0131lm\u0131\u015ft\u0131r ve kapsaml\u0131 sat\u0131\u015f sonras\u0131 hizmet ile birlikte s\u0131k\u0131 kalite kontrol standartlar\u0131n\u0131 uyguluyoruz. \u00dcr\u00fcnlerimiz veya hizmetlerimizle ilgileniyorsan\u0131z, sorular\u0131n\u0131z\u0131 mesaj yoluyla s\u0131cak bir \u015fekilde kar\u015f\u0131l\u0131yoruz.","publisher":{"@id":"https:\/\/www.hsymachinery.com\/#organization"},"potentialAction":[{"@type":"SearchAction","target":{"@type":"EntryPoint","urlTemplate":"https:\/\/www.hsymachinery.com\/?s={search_term_string}"},"query-input":{"@type":"PropertyValueSpecification","valueRequired":true,"valueName":"search_term_string"}}],"inLanguage":"tr"},{"@type":"Organization","@id":"https:\/\/www.hsymachinery.com\/#organization","name":"HSY \u0130n\u015faat Makineleri","url":"https:\/\/www.hsymachinery.com\/","logo":{"@type":"ImageObject","inLanguage":"tr","@id":"https:\/\/www.hsymachinery.com\/#\/schema\/logo\/image\/","url":"https:\/\/www.hsymachinery.com\/wp-content\/uploads\/2025\/06\/cropped-HSY-machinery.png","contentUrl":"https:\/\/www.hsymachinery.com\/wp-content\/uploads\/2025\/06\/cropped-HSY-machinery.png","width":600,"height":240,"caption":"HSY Construction Machinery"},"image":{"@id":"https:\/\/www.hsymachinery.com\/#\/schema\/logo\/image\/"}}]}},"_links":{"self":[{"href":"https:\/\/www.hsymachinery.com\/tr\/wp-json\/wp\/v2\/product\/9127","targetHints":{"allow":["GET"]}}],"collection":[{"href":"https:\/\/www.hsymachinery.com\/tr\/wp-json\/wp\/v2\/product"}],"about":[{"href":"https:\/\/www.hsymachinery.com\/tr\/wp-json\/wp\/v2\/types\/product"}],"version-history":[{"count":3,"href":"https:\/\/www.hsymachinery.com\/tr\/wp-json\/wp\/v2\/product\/9127\/revisions"}],"predecessor-version":[{"id":9541,"href":"https:\/\/www.hsymachinery.com\/tr\/wp-json\/wp\/v2\/product\/9127\/revisions\/9541"}],"wp:featuredmedia":[{"embeddable":true,"href":"https:\/\/www.hsymachinery.com\/tr\/wp-json\/wp\/v2\/media\/9128"}],"wp:attachment":[{"href":"https:\/\/www.hsymachinery.com\/tr\/wp-json\/wp\/v2\/media?parent=9127"}],"wp:term":[{"taxonomy":"product_brand","embeddable":true,"href":"https:\/\/www.hsymachinery.com\/tr\/wp-json\/wp\/v2\/product_brand?post=9127"},{"taxonomy":"product_cat","embeddable":true,"href":"https:\/\/www.hsymachinery.com\/tr\/wp-json\/wp\/v2\/product_cat?post=9127"},{"taxonomy":"product_tag","embeddable":true,"href":"https:\/\/www.hsymachinery.com\/tr\/wp-json\/wp\/v2\/product_tag?post=9127"}],"curies":[{"name":"wp","href":"https:\/\/api.w.org\/{rel}","templated":true}]}}