{"id":9121,"date":"2025-06-18T17:06:02","date_gmt":"2025-06-18T09:06:02","guid":{"rendered":"https:\/\/www.hsymachinery.com\/?post_type=product&#038;p=9121"},"modified":"2025-06-28T20:03:48","modified_gmt":"2025-06-28T12:03:48","slug":"plaka-kompaktor-ph-l250a","status":"publish","type":"product","link":"https:\/\/www.hsymachinery.com\/tr\/product\/plaka-kompaktor-ph-l250a\/","title":{"rendered":"Plakal\u0131 Kompakt\u00f6r PH-L250A"},"content":{"rendered":"<h2 data-start=\"115\" data-end=\"147\">Plakal\u0131 Kompakt\u00f6r PH-L250A<\/h2>\n<h3 data-start=\"148\" data-end=\"274\">PH-L250A Loncin Benzinli Plakal\u0131 Kompakt\u00f6r | Kald\u0131r\u0131m, Temel ve Asfalt Projeleri i\u00e7in Y\u00fckseltilmi\u015f Orta Boy Zemin Kompakt\u00f6r\u00fc<\/h3>\n<h3 data-start=\"281\" data-end=\"372\">\u00dcr\u00fcne Genel Bak\u0131\u015f - Geli\u015fmi\u015f S\u0131k\u0131\u015ft\u0131rma Kapsam\u0131 i\u00e7in Y\u00fckseltilmi\u015f Loncin Motor ve Plaka<a href=\"https:\/\/www.hsymachinery.com\/tr\/urunler\/plaka-kompaktoru\/\" target=\"_blank\" rel=\"noopener\"><img fetchpriority=\"high\" decoding=\"async\" class=\"wp-image-9122 alignright\" src=\"https:\/\/www.hsymachinery.com\/wp-content\/uploads\/2025\/06\/Plate-Compactor-PH-L250A-300x300.jpg\" alt=\"\" width=\"461\" height=\"461\" srcset=\"https:\/\/www.hsymachinery.com\/wp-content\/uploads\/2025\/06\/Plate-Compactor-PH-L250A-300x300.jpg 300w, https:\/\/www.hsymachinery.com\/wp-content\/uploads\/2025\/06\/Plate-Compactor-PH-L250A-150x150.jpg 150w, https:\/\/www.hsymachinery.com\/wp-content\/uploads\/2025\/06\/Plate-Compactor-PH-L250A-100x100.jpg 100w, https:\/\/www.hsymachinery.com\/wp-content\/uploads\/2025\/06\/Plate-Compactor-PH-L250A.jpg 600w\" sizes=\"(max-width: 461px) 100vw, 461px\" \/><\/a><\/h3>\n<p data-start=\"374\" data-end=\"751\">Bu <strong data-start=\"378\" data-end=\"406\">PH-L250A Plakal\u0131 Kompakt\u00f6r<\/strong> g\u00fc\u00e7lendirilmi\u015f \u00e7elik plaka ve verimli Loncin 4 zamanl\u0131 benzinli motor i\u00e7eren standart PH-L250 modelinin geli\u015ftirilmi\u015f bir versiyonudur. Bu y\u00fckseltilmi\u015f tasar\u0131m, yol taban\u0131 haz\u0131rl\u0131\u011f\u0131, kald\u0131r\u0131m onar\u0131mlar\u0131 ve temel \u00e7al\u0131\u015fmalar\u0131 i\u00e7in daha fazla y\u00fczey kaplamas\u0131, daha y\u00fcksek darbe kuvveti ve geli\u015fmi\u015f titre\u015fim kontrol\u00fc sa\u011flar.<\/p>\n<p data-start=\"753\" data-end=\"895\">Performans ve kullan\u0131m kolayl\u0131\u011f\u0131 aras\u0131nda bir dengeye ihtiya\u00e7 duyan y\u00fckleniciler i\u00e7in ideal olan bu model, orta ve b\u00fcy\u00fck \u00f6l\u00e7ekli projeler i\u00e7in m\u00fckemmeldir.<\/p>\n<h3 data-start=\"902\" data-end=\"964\">G\u00fc\u00e7l\u00fc Motor, Daha Geni\u015f Plaka ve Konforlu \u00c7al\u0131\u015fma<\/h3>\n<p data-start=\"966\" data-end=\"1337\">PH-L250A'n\u0131n Loncin motoru g\u00fcvenilir \u00e7al\u0131\u015ft\u0131rma, istikrarl\u0131 g\u00fc\u00e7 ve d\u00fc\u015f\u00fck yak\u0131t t\u00fcketimi sunar. Geni\u015fletilmi\u015f s\u0131k\u0131\u015ft\u0131rma plakas\u0131, her ge\u00e7i\u015fte daha fazla zeminin kaplanmas\u0131n\u0131 sa\u011flayarak genel \u00fcretkenli\u011fi art\u0131r\u0131r. Ergonomik olarak tasarlanm\u0131\u015f titre\u015fim \u00f6nleyici tutamak, uzun s\u00fcreli kullan\u0131m s\u0131ras\u0131nda konforu art\u0131r\u0131rken, az bak\u0131m gerektiren \u00e7er\u00e7eve ar\u0131za s\u00fcresini azaltmaya yard\u0131mc\u0131 olur.<\/p>\n<p data-start=\"1339\" data-end=\"1437\">Dayan\u0131kl\u0131 yap\u0131s\u0131, s\u0131k ta\u015f\u0131maya ve zorlu \u015fantiyelerde uzun s\u00fcreli vardiyalara dayan\u0131r.<\/p>\n<h3 data-start=\"1444\" data-end=\"1502\">Verimlilik ve Tekrarlanabilir \u015eantiye Sonu\u00e7lar\u0131 i\u00e7in \u00dcretildi<\/h3>\n<p data-start=\"1504\" data-end=\"1750\">PH-L250A, asfalt kaplamalardan \u00e7ak\u0131l pedlere ve yap\u0131sal dolgulara kadar \u00e7e\u015fitli malzemeleri kolayl\u0131kla i\u015fler. Optimize edilmi\u015f plaka geometrisi ve y\u00fcksek frekansl\u0131 titre\u015fimi, d\u00fcz olmayan y\u00fczeylerde bile tutarl\u0131, d\u00fcz y\u00fczeyler sa\u011flar.<\/p>\n<p data-start=\"1752\" data-end=\"1906\">Bu model \u00f6zellikle performanstan \u00f6d\u00fcn vermeden maliyet verimlili\u011fine \u00f6nem veren m\u00fcteahhitler, belediye ekipleri ve kiralama filolar\u0131 i\u00e7in uygundur.<\/p>\n<h3 data-start=\"1913\" data-end=\"1959\">PH-L250A Plakal\u0131 Kompakt\u00f6r\u00fcn Temel \u00d6zellikleri<\/h3>\n<ul data-start=\"1961\" data-end=\"2254\">\n<li data-start=\"1961\" data-end=\"2025\">\n<p data-start=\"1963\" data-end=\"2025\">Daha h\u0131zl\u0131 y\u00fczey kaplamas\u0131 i\u00e7in geni\u015f bir \u00e7elik plaka ile y\u00fckseltildi<\/p>\n<\/li>\n<li data-start=\"2026\" data-end=\"2082\">\n<p data-start=\"2028\" data-end=\"2082\">G\u00fcvenilir bir Loncin 4 zamanl\u0131 benzinli motor taraf\u0131ndan tahrik edilir<\/p>\n<\/li>\n<li data-start=\"2083\" data-end=\"2148\">\n<p data-start=\"2085\" data-end=\"2148\">Asfalt, kald\u0131r\u0131m ve yap\u0131sal s\u0131k\u0131\u015ft\u0131rma i\u015fleri i\u00e7in m\u00fckemmeldir<\/p>\n<\/li>\n<li data-start=\"2149\" data-end=\"2195\">\n<p data-start=\"2151\" data-end=\"2195\">Operat\u00f6r konforu i\u00e7in titre\u015fim \u00f6nleyici tutamak<\/p>\n<\/li>\n<li data-start=\"2196\" data-end=\"2254\">\n<p data-start=\"2198\" data-end=\"2254\">Kolay bak\u0131m eri\u015fimi ile s\u0131k kullan\u0131m i\u00e7in tasarlanm\u0131\u015ft\u0131r<\/p>\n<\/li>\n<\/ul>","protected":false},"excerpt":{"rendered":"<p>Loncin motorlu PH-L250A plakal\u0131 kompakt\u00f6r, asfalt, temel ve yol projeleri i\u00e7in geli\u015fmi\u015f s\u0131k\u0131\u015ft\u0131rma geni\u015fli\u011fi ve verimlili\u011fi sunar. G\u00fc\u00e7l\u00fc, g\u00fcvenilir ve kullan\u0131m\u0131 kolayd\u0131r.<\/p>","protected":false},"featured_media":9122,"template":"","meta":{"_kad_post_transparent":"default","_kad_post_title":"","_kad_post_layout":"default","_kad_post_sidebar_id":"","_kad_post_content_style":"default","_kad_post_vertical_padding":"default","_kad_post_feature":"","_kad_post_feature_position":"","_kad_post_header":false,"_kad_post_footer":false},"product_brand":[],"product_cat":[59],"product_tag":[1066,1062,1065,1070,1069,1063,1067,1064,1061,1068],"class_list":{"0":"post-9121","1":"product","2":"type-product","3":"status-publish","4":"has-post-thumbnail","6":"product_cat-plate-compactor","7":"product_tag-diesel-plate-compactor","8":"product_tag-forward-plate-compactor","9":"product_tag-gasoline-plate-compactor","10":"product_tag-heavy-duty-plate-compactor","11":"product_tag-plate-compactor-for-asphalt","12":"product_tag-reversible-plate-compactor","13":"product_tag-road-construction-compactor","14":"product_tag-soil-plate-compactor","15":"product_tag-vibratory-plate-compactor","16":"product_tag-walk-behind-plate-compactor","18":"first","19":"instock","20":"shipping-taxable","21":"product-type-simple","22":"entry","23":"content-bg","24":"loop-entry"},"yoast_head":"<!-- This site is optimized with the Yoast SEO plugin v25.3.1 - https:\/\/yoast.com\/wordpress\/plugins\/seo\/ -->\n<title>Plate Compactor PH-L250A - HSY Construction Machinery<\/title>\n<meta name=\"description\" content=\"PH-L250A Loncin Plate Compactor provides wider and more powerful soil compaction for roads, foundations, and asphalt repair. Built for performance and jobsite efficiency.\" \/>\n<meta name=\"robots\" content=\"index, follow, max-snippet:-1, max-image-preview:large, max-video-preview:-1\" \/>\n<link rel=\"canonical\" href=\"https:\/\/www.hsymachinery.com\/tr\/product\/plaka-kompaktor-ph-l250a\/\" \/>\n<meta property=\"og:locale\" content=\"tr_TR\" \/>\n<meta property=\"og:type\" content=\"article\" \/>\n<meta property=\"og:title\" content=\"Plate Compactor PH-L250A - HSY Construction Machinery\" \/>\n<meta property=\"og:description\" content=\"PH-L250A Loncin Plate Compactor provides wider and more powerful soil compaction for roads, foundations, and asphalt repair. Built for performance and jobsite efficiency.\" \/>\n<meta property=\"og:url\" content=\"https:\/\/www.hsymachinery.com\/tr\/product\/plaka-kompaktor-ph-l250a\/\" \/>\n<meta property=\"og:site_name\" content=\"HSY Construction Machinery\" \/>\n<meta property=\"article:modified_time\" content=\"2025-06-28T12:03:48+00:00\" \/>\n<meta property=\"og:image\" content=\"https:\/\/www.hsymachinery.com\/wp-content\/uploads\/2025\/06\/Plate-Compactor-PH-L250A.jpg\" \/>\n\t<meta property=\"og:image:width\" content=\"600\" \/>\n\t<meta property=\"og:image:height\" content=\"600\" \/>\n\t<meta property=\"og:image:type\" content=\"image\/jpeg\" \/>\n<meta name=\"twitter:card\" content=\"summary_large_image\" \/>\n<meta name=\"twitter:label1\" content=\"Tahmini okuma s\u00fcresi\" \/>\n\t<meta name=\"twitter:data1\" content=\"2 dakika\" \/>\n<script type=\"application\/ld+json\" class=\"yoast-schema-graph\">{\"@context\":\"https:\/\/schema.org\",\"@graph\":[{\"@type\":\"WebPage\",\"@id\":\"https:\/\/www.hsymachinery.com\/product\/plate-compactor-ph-l250a\/\",\"url\":\"https:\/\/www.hsymachinery.com\/product\/plate-compactor-ph-l250a\/\",\"name\":\"Plate Compactor PH-L250A - HSY Construction Machinery\",\"isPartOf\":{\"@id\":\"https:\/\/www.hsymachinery.com\/#website\"},\"primaryImageOfPage\":{\"@id\":\"https:\/\/www.hsymachinery.com\/product\/plate-compactor-ph-l250a\/#primaryimage\"},\"image\":{\"@id\":\"https:\/\/www.hsymachinery.com\/product\/plate-compactor-ph-l250a\/#primaryimage\"},\"thumbnailUrl\":\"https:\/\/www.hsymachinery.com\/wp-content\/uploads\/2025\/06\/Plate-Compactor-PH-L250A.jpg\",\"datePublished\":\"2025-06-18T09:06:02+00:00\",\"dateModified\":\"2025-06-28T12:03:48+00:00\",\"description\":\"PH-L250A Loncin Plate Compactor provides wider and more powerful soil compaction for roads, foundations, and asphalt repair. Built for performance and jobsite efficiency.\",\"breadcrumb\":{\"@id\":\"https:\/\/www.hsymachinery.com\/product\/plate-compactor-ph-l250a\/#breadcrumb\"},\"inLanguage\":\"tr\",\"potentialAction\":[{\"@type\":\"ReadAction\",\"target\":[\"https:\/\/www.hsymachinery.com\/product\/plate-compactor-ph-l250a\/\"]}]},{\"@type\":\"ImageObject\",\"inLanguage\":\"tr\",\"@id\":\"https:\/\/www.hsymachinery.com\/product\/plate-compactor-ph-l250a\/#primaryimage\",\"url\":\"https:\/\/www.hsymachinery.com\/wp-content\/uploads\/2025\/06\/Plate-Compactor-PH-L250A.jpg\",\"contentUrl\":\"https:\/\/www.hsymachinery.com\/wp-content\/uploads\/2025\/06\/Plate-Compactor-PH-L250A.jpg\",\"width\":600,\"height\":600},{\"@type\":\"BreadcrumbList\",\"@id\":\"https:\/\/www.hsymachinery.com\/product\/plate-compactor-ph-l250a\/#breadcrumb\",\"itemListElement\":[{\"@type\":\"ListItem\",\"position\":1,\"name\":\"home\",\"item\":\"https:\/\/www.hsymachinery.com\/\"},{\"@type\":\"ListItem\",\"position\":2,\"name\":\"products\",\"item\":\"https:\/\/www.hsymachinery.com\/products\/\"},{\"@type\":\"ListItem\",\"position\":3,\"name\":\"Plate Compactor PH-L250A\"}]},{\"@type\":\"WebSite\",\"@id\":\"https:\/\/www.hsymachinery.com\/#website\",\"url\":\"https:\/\/www.hsymachinery.com\/\",\"name\":\"HSY Construction Machinery\",\"description\":\"HSY Machinery \u2013 A leading China construction machinery supplier, offering a wide range of light construction equipment. Our main products include Rebar Cutting Machine, Rebar Bending Machine, Rebar Stirrup Bending Machine, Rebar Arc Bending Machine, Rebar Straightening Machine, Five-Head Rebar Stirrup Bending Machine, Tamping Rammer, Plate Compactor, Concrete Cutter, Power Trowel, and other construction machinery. We are equipped with advanced CNC machines, and we enforce strict quality inspection standards along with comprehensive after-sales service. If you are interested in our products or services, we warmly welcome your inquiries via message.\",\"publisher\":{\"@id\":\"https:\/\/www.hsymachinery.com\/#organization\"},\"potentialAction\":[{\"@type\":\"SearchAction\",\"target\":{\"@type\":\"EntryPoint\",\"urlTemplate\":\"https:\/\/www.hsymachinery.com\/?s={search_term_string}\"},\"query-input\":{\"@type\":\"PropertyValueSpecification\",\"valueRequired\":true,\"valueName\":\"search_term_string\"}}],\"inLanguage\":\"tr\"},{\"@type\":\"Organization\",\"@id\":\"https:\/\/www.hsymachinery.com\/#organization\",\"name\":\"HSY Construction Machinery\",\"url\":\"https:\/\/www.hsymachinery.com\/\",\"logo\":{\"@type\":\"ImageObject\",\"inLanguage\":\"tr\",\"@id\":\"https:\/\/www.hsymachinery.com\/#\/schema\/logo\/image\/\",\"url\":\"https:\/\/www.hsymachinery.com\/wp-content\/uploads\/2025\/06\/cropped-HSY-machinery.png\",\"contentUrl\":\"https:\/\/www.hsymachinery.com\/wp-content\/uploads\/2025\/06\/cropped-HSY-machinery.png\",\"width\":600,\"height\":240,\"caption\":\"HSY Construction Machinery\"},\"image\":{\"@id\":\"https:\/\/www.hsymachinery.com\/#\/schema\/logo\/image\/\"}}]}<\/script>\n<!-- \/ Yoast SEO plugin. -->","yoast_head_json":{"title":"Plakal\u0131 Kompakt\u00f6r PH-L250A - HSY Construction Machinery","description":"PH-L250A Loncin Plakal\u0131 Kompakt\u00f6r, yollar, temeller ve asfalt onar\u0131m\u0131 i\u00e7in daha geni\u015f ve daha g\u00fc\u00e7l\u00fc toprak s\u0131k\u0131\u015ft\u0131rmas\u0131 sa\u011flar. Performans ve \u015fantiye verimlili\u011fi i\u00e7in \u00fcretilmi\u015ftir.","robots":{"index":"index","follow":"follow","max-snippet":"max-snippet:-1","max-image-preview":"max-image-preview:large","max-video-preview":"max-video-preview:-1"},"canonical":"https:\/\/www.hsymachinery.com\/tr\/product\/plaka-kompaktor-ph-l250a\/","og_locale":"tr_TR","og_type":"article","og_title":"Plate Compactor PH-L250A - HSY Construction Machinery","og_description":"PH-L250A Loncin Plate Compactor provides wider and more powerful soil compaction for roads, foundations, and asphalt repair. Built for performance and jobsite efficiency.","og_url":"https:\/\/www.hsymachinery.com\/tr\/product\/plaka-kompaktor-ph-l250a\/","og_site_name":"HSY Construction Machinery","article_modified_time":"2025-06-28T12:03:48+00:00","og_image":[{"width":600,"height":600,"url":"https:\/\/www.hsymachinery.com\/wp-content\/uploads\/2025\/06\/Plate-Compactor-PH-L250A.jpg","type":"image\/jpeg"}],"twitter_card":"summary_large_image","twitter_misc":{"Tahmini okuma s\u00fcresi":"2 dakika"},"schema":{"@context":"https:\/\/schema.org","@graph":[{"@type":"WebPage","@id":"https:\/\/www.hsymachinery.com\/product\/plate-compactor-ph-l250a\/","url":"https:\/\/www.hsymachinery.com\/product\/plate-compactor-ph-l250a\/","name":"Plakal\u0131 Kompakt\u00f6r PH-L250A - HSY Construction Machinery","isPartOf":{"@id":"https:\/\/www.hsymachinery.com\/#website"},"primaryImageOfPage":{"@id":"https:\/\/www.hsymachinery.com\/product\/plate-compactor-ph-l250a\/#primaryimage"},"image":{"@id":"https:\/\/www.hsymachinery.com\/product\/plate-compactor-ph-l250a\/#primaryimage"},"thumbnailUrl":"https:\/\/www.hsymachinery.com\/wp-content\/uploads\/2025\/06\/Plate-Compactor-PH-L250A.jpg","datePublished":"2025-06-18T09:06:02+00:00","dateModified":"2025-06-28T12:03:48+00:00","description":"PH-L250A Loncin Plakal\u0131 Kompakt\u00f6r, yollar, temeller ve asfalt onar\u0131m\u0131 i\u00e7in daha geni\u015f ve daha g\u00fc\u00e7l\u00fc toprak s\u0131k\u0131\u015ft\u0131rmas\u0131 sa\u011flar. Performans ve \u015fantiye verimlili\u011fi i\u00e7in \u00fcretilmi\u015ftir.","breadcrumb":{"@id":"https:\/\/www.hsymachinery.com\/product\/plate-compactor-ph-l250a\/#breadcrumb"},"inLanguage":"tr","potentialAction":[{"@type":"ReadAction","target":["https:\/\/www.hsymachinery.com\/product\/plate-compactor-ph-l250a\/"]}]},{"@type":"ImageObject","inLanguage":"tr","@id":"https:\/\/www.hsymachinery.com\/product\/plate-compactor-ph-l250a\/#primaryimage","url":"https:\/\/www.hsymachinery.com\/wp-content\/uploads\/2025\/06\/Plate-Compactor-PH-L250A.jpg","contentUrl":"https:\/\/www.hsymachinery.com\/wp-content\/uploads\/2025\/06\/Plate-Compactor-PH-L250A.jpg","width":600,"height":600},{"@type":"BreadcrumbList","@id":"https:\/\/www.hsymachinery.com\/product\/plate-compactor-ph-l250a\/#breadcrumb","itemListElement":[{"@type":"ListItem","position":1,"name":"home","item":"https:\/\/www.hsymachinery.com\/"},{"@type":"ListItem","position":2,"name":"products","item":"https:\/\/www.hsymachinery.com\/products\/"},{"@type":"ListItem","position":3,"name":"Plate Compactor PH-L250A"}]},{"@type":"WebSite","@id":"https:\/\/www.hsymachinery.com\/#website","url":"https:\/\/www.hsymachinery.com\/","name":"HSY \u0130n\u015faat Makineleri","description":"HSY Machinery - \u00c7ok \u00e7e\u015fitli hafif in\u015faat ekipmanlar\u0131 sunan lider bir \u00c7in in\u015faat makineleri tedarik\u00e7isi. Ba\u015fl\u0131ca \u00fcr\u00fcnlerimiz aras\u0131nda Demir Kesme Makinesi, Demir B\u00fckme Makinesi, Demir \u00dczengi B\u00fckme Makinesi, Demir Ark B\u00fckme Makinesi, Demir Do\u011frultma Makinesi, Be\u015f Kafal\u0131 Demir \u00dczengi B\u00fckme Makinesi, S\u0131k\u0131\u015ft\u0131rma Tokma\u011f\u0131, Plaka Kompakt\u00f6r\u00fc, Beton Kesici, Elektrikli Mala ve di\u011fer in\u015faat makineleri bulunmaktad\u0131r. Geli\u015fmi\u015f CNC makineleri ile donat\u0131lm\u0131\u015ft\u0131r ve kapsaml\u0131 sat\u0131\u015f sonras\u0131 hizmet ile birlikte s\u0131k\u0131 kalite kontrol standartlar\u0131n\u0131 uyguluyoruz. \u00dcr\u00fcnlerimiz veya hizmetlerimizle ilgileniyorsan\u0131z, sorular\u0131n\u0131z\u0131 mesaj yoluyla s\u0131cak bir \u015fekilde kar\u015f\u0131l\u0131yoruz.","publisher":{"@id":"https:\/\/www.hsymachinery.com\/#organization"},"potentialAction":[{"@type":"SearchAction","target":{"@type":"EntryPoint","urlTemplate":"https:\/\/www.hsymachinery.com\/?s={search_term_string}"},"query-input":{"@type":"PropertyValueSpecification","valueRequired":true,"valueName":"search_term_string"}}],"inLanguage":"tr"},{"@type":"Organization","@id":"https:\/\/www.hsymachinery.com\/#organization","name":"HSY \u0130n\u015faat Makineleri","url":"https:\/\/www.hsymachinery.com\/","logo":{"@type":"ImageObject","inLanguage":"tr","@id":"https:\/\/www.hsymachinery.com\/#\/schema\/logo\/image\/","url":"https:\/\/www.hsymachinery.com\/wp-content\/uploads\/2025\/06\/cropped-HSY-machinery.png","contentUrl":"https:\/\/www.hsymachinery.com\/wp-content\/uploads\/2025\/06\/cropped-HSY-machinery.png","width":600,"height":240,"caption":"HSY Construction Machinery"},"image":{"@id":"https:\/\/www.hsymachinery.com\/#\/schema\/logo\/image\/"}}]}},"_links":{"self":[{"href":"https:\/\/www.hsymachinery.com\/tr\/wp-json\/wp\/v2\/product\/9121","targetHints":{"allow":["GET"]}}],"collection":[{"href":"https:\/\/www.hsymachinery.com\/tr\/wp-json\/wp\/v2\/product"}],"about":[{"href":"https:\/\/www.hsymachinery.com\/tr\/wp-json\/wp\/v2\/types\/product"}],"version-history":[{"count":3,"href":"https:\/\/www.hsymachinery.com\/tr\/wp-json\/wp\/v2\/product\/9121\/revisions"}],"predecessor-version":[{"id":9537,"href":"https:\/\/www.hsymachinery.com\/tr\/wp-json\/wp\/v2\/product\/9121\/revisions\/9537"}],"wp:featuredmedia":[{"embeddable":true,"href":"https:\/\/www.hsymachinery.com\/tr\/wp-json\/wp\/v2\/media\/9122"}],"wp:attachment":[{"href":"https:\/\/www.hsymachinery.com\/tr\/wp-json\/wp\/v2\/media?parent=9121"}],"wp:term":[{"taxonomy":"product_brand","embeddable":true,"href":"https:\/\/www.hsymachinery.com\/tr\/wp-json\/wp\/v2\/product_brand?post=9121"},{"taxonomy":"product_cat","embeddable":true,"href":"https:\/\/www.hsymachinery.com\/tr\/wp-json\/wp\/v2\/product_cat?post=9121"},{"taxonomy":"product_tag","embeddable":true,"href":"https:\/\/www.hsymachinery.com\/tr\/wp-json\/wp\/v2\/product_tag?post=9121"}],"curies":[{"name":"wp","href":"https:\/\/api.w.org\/{rel}","templated":true}]}}