{"id":9118,"date":"2025-06-18T17:04:38","date_gmt":"2025-06-18T09:04:38","guid":{"rendered":"https:\/\/www.hsymachinery.com\/?post_type=product&#038;p=9118"},"modified":"2025-06-28T19:56:08","modified_gmt":"2025-06-28T11:56:08","slug":"plaka-kompaktor-ph-c250","status":"publish","type":"product","link":"https:\/\/www.hsymachinery.com\/tr\/product\/plaka-kompaktor-ph-c250\/","title":{"rendered":"Plakal\u0131 Kompakt\u00f6r PH-C250"},"content":{"rendered":"<h2 data-start=\"101\" data-end=\"132\">Plakal\u0131 Kompakt\u00f6r PH-C250<\/h2>\n<h3 data-start=\"133\" data-end=\"250\">PH-C250 Dizel Plakal\u0131 Kompakt\u00f6r | Temel, Yol \u00c7al\u0131\u015fmas\u0131 ve \u00c7ak\u0131l Y\u00fczey Haz\u0131rl\u0131\u011f\u0131 i\u00e7in Y\u00fcksek Torklu Toprak Kompakt\u00f6r\u00fc<\/h3>\n<h3 data-start=\"257\" data-end=\"331\">\u00dcr\u00fcne Genel Bak\u0131\u015f - Zorlu \u015eantiyeler i\u00e7in Dizel Tahrikli S\u0131k\u0131\u015ft\u0131rma<a href=\"https:\/\/www.hsymachinery.com\/tr\/urunler\/plaka-kompaktoru\/\" target=\"_blank\" rel=\"noopener\"><img fetchpriority=\"high\" decoding=\"async\" class=\"wp-image-9119 alignright\" src=\"https:\/\/www.hsymachinery.com\/wp-content\/uploads\/2025\/06\/Plate-Compactor-PH-C250-300x300.jpg\" alt=\"\" width=\"458\" height=\"458\" srcset=\"https:\/\/www.hsymachinery.com\/wp-content\/uploads\/2025\/06\/Plate-Compactor-PH-C250-300x300.jpg 300w, https:\/\/www.hsymachinery.com\/wp-content\/uploads\/2025\/06\/Plate-Compactor-PH-C250-150x150.jpg 150w, https:\/\/www.hsymachinery.com\/wp-content\/uploads\/2025\/06\/Plate-Compactor-PH-C250-100x100.jpg 100w, https:\/\/www.hsymachinery.com\/wp-content\/uploads\/2025\/06\/Plate-Compactor-PH-C250.jpg 600w\" sizes=\"(max-width: 458px) 100vw, 458px\" \/><\/a><\/h3>\n<p data-start=\"333\" data-end=\"661\">Bu <strong data-start=\"337\" data-end=\"364\">PH-C250 Plakal\u0131 Kompakt\u00f6r<\/strong> tutarl\u0131 g\u00fc\u00e7 ve yak\u0131t ekonomisinin kritik oldu\u011fu zorlu saha ko\u015fullar\u0131n\u0131n \u00fcstesinden gelmek i\u00e7in tasarlanm\u0131\u015f dizel motorlu orta plakal\u0131 bir kompakt\u00f6rd\u00fcr. Hem kentsel hem de uzak yerlerde temel taban\u0131 haz\u0131rlama, \u00e7ak\u0131l s\u0131k\u0131\u015ft\u0131rma, yol yama ve asfalt onar\u0131m\u0131 i\u00e7in yayg\u0131n olarak kullan\u0131l\u0131r.<\/p>\n<p data-start=\"663\" data-end=\"827\">Y\u00fcksek torklu dizel motoru ile PH-C250, \u00e7e\u015fitli malzemelerde verimli bir performans sergileyerek her ge\u00e7i\u015fte derin ve e\u015fit toprak stabilizasyonu sa\u011flar.<\/p>\n<h3 data-start=\"834\" data-end=\"893\">Verimli, Dayan\u0131kl\u0131 ve Uzun \u00c7al\u0131\u015fma Saatleri i\u00e7in Tasarland\u0131<\/h3>\n<p data-start=\"895\" data-end=\"1247\">Yak\u0131t tasarruflu bir dizel motorla \u00fcretilen PH-C250, benzer benzinli \u00fcnitelere k\u0131yasla tek bir depoda daha uzun s\u00fcre \u00e7al\u0131\u015f\u0131r. G\u00fc\u00e7lendirilmi\u015f \u00e7elik taban plakas\u0131, hem yo\u011fun hem de gev\u015fek topraklar\u0131 s\u0131k\u0131\u015ft\u0131rmak i\u00e7in y\u00fcksek frekansl\u0131 titre\u015fim \u00fcretir. \u015eok emici tutamak sistemi daha iyi kontrol sa\u011flar ve s\u00fcrekli \u00e7al\u0131\u015fma s\u0131ras\u0131nda operat\u00f6r yorgunlu\u011funu azalt\u0131r.<\/p>\n<p data-start=\"1249\" data-end=\"1352\">Ayr\u0131ca, s\u0131zd\u0131rmaz kay\u0131\u015f korumas\u0131 ve a\u00e7\u0131k eri\u015fimli tasar\u0131m, i\u015f sahalar\u0131nda kolay bak\u0131m yap\u0131lmas\u0131n\u0131 sa\u011flar.<\/p>\n<h3 data-start=\"1359\" data-end=\"1425\">Saha Yap\u0131m\u0131 ve Enerji Tasarruflu \u00c7al\u0131\u015fma i\u00e7in \u0130deal<\/h3>\n<p data-start=\"1427\" data-end=\"1759\">Dizel motorlar, uzun s\u00fcreli kullan\u0131m ve y\u00fcksek y\u00fck ko\u015fullar\u0131nda en iyi performans\u0131 g\u00f6stererek PH-C250'yi altyap\u0131 projeleri, k\u0131rsal i\u015f sahalar\u0131 ve benzine s\u0131n\u0131rl\u0131 eri\u015fimi olan alanlar i\u00e7in ak\u0131ll\u0131 bir se\u00e7im haline getirir. G\u00fc\u00e7l\u00fc s\u0131k\u0131\u015ft\u0131rma performans\u0131 \u00e7ak\u0131l yataklar\u0131, kum tabanlar\u0131 ve yol temellerinde g\u00fcvenilir sonu\u00e7lar\u0131 destekler.<\/p>\n<p data-start=\"1761\" data-end=\"1842\">A\u011f\u0131r hizmet tipi yap\u0131s\u0131, zorlu d\u0131\u015f ortamlara kolayl\u0131kla dayanmas\u0131n\u0131 sa\u011flar.<\/p>\n<h3 data-start=\"1849\" data-end=\"1901\">PH-C250 Dizel Plakal\u0131 Kompakt\u00f6r\u00fcn Temel \u00d6zellikleri<\/h3>\n<ul data-start=\"1903\" data-end=\"2219\">\n<li data-start=\"1903\" data-end=\"1966\">\n<p data-start=\"1905\" data-end=\"1966\">G\u00fc\u00e7l\u00fc ve tutarl\u0131 s\u0131k\u0131\u015ft\u0131rma i\u00e7in y\u00fcksek torklu dizel motor<\/p>\n<\/li>\n<li data-start=\"1967\" data-end=\"2035\">\n<p data-start=\"1969\" data-end=\"2035\">Yollar, temeller ve otoparklar i\u00e7in ideal orta plaka boyutu<\/p>\n<\/li>\n<li data-start=\"2036\" data-end=\"2099\">\n<p data-start=\"2038\" data-end=\"2099\">Benzinli modellere k\u0131yasla daha uzun \u00e7al\u0131\u015fma s\u00fcresi ve yak\u0131t tasarrufu<\/p>\n<\/li>\n<li data-start=\"2100\" data-end=\"2161\">\n<p data-start=\"2102\" data-end=\"2161\">P\u00fcr\u00fczs\u00fcz y\u00fczeyler i\u00e7in e\u015fit titre\u015fimli g\u00fc\u00e7l\u00fc \u00e7elik taban<\/p>\n<\/li>\n<li data-start=\"2162\" data-end=\"2219\">\n<p data-start=\"2164\" data-end=\"2219\">Kolay servis i\u00e7in motor kapa\u011f\u0131 ve a\u00e7\u0131k \u00e7er\u00e7eve tasar\u0131m\u0131<\/p>\n<\/li>\n<\/ul>\n<p><iframe title=\"kompakt\u00f6r, s\u0131k\u0131\u015ft\u0131rma tokmak, tamper, plaka kompakt\u00f6r, in\u015faat titre\u015fimi, kompakt\u00f6r makinesi.#tamping\" width=\"720\" height=\"405\" src=\"https:\/\/www.youtube.com\/embed\/kHw7Cpv12Zs?feature=oembed\" frameborder=\"0\" allow=\"accelerometer; autoplay; clipboard-write; encrypted-media; gyroscope; picture-in-picture; web-share\" referrerpolicy=\"strict-origin-when-cross-origin\" allowfullscreen><\/iframe><\/p>","protected":false},"excerpt":{"rendered":"<p>PH-C250 dizel plakal\u0131 kompakt\u00f6r, yol \u00e7al\u0131\u015fmas\u0131, \u00e7ak\u0131l ve temeller i\u00e7in verimli, y\u00fcksek torklu toprak s\u0131k\u0131\u015ft\u0131rmas\u0131 sa\u011flar. S\u00fcrekli performans ve dayan\u0131kl\u0131l\u0131k i\u00e7in \u00fcretilmi\u015ftir.<\/p>","protected":false},"featured_media":9119,"template":"","meta":{"_kad_post_transparent":"default","_kad_post_title":"","_kad_post_layout":"default","_kad_post_sidebar_id":"","_kad_post_content_style":"default","_kad_post_vertical_padding":"default","_kad_post_feature":"","_kad_post_feature_position":"","_kad_post_header":false,"_kad_post_footer":false},"product_brand":[],"product_cat":[59],"product_tag":[1066,1062,1065,1070,1069,1063,1067,1064,1061,1068],"class_list":{"0":"post-9118","1":"product","2":"type-product","3":"status-publish","4":"has-post-thumbnail","6":"product_cat-plate-compactor","7":"product_tag-diesel-plate-compactor","8":"product_tag-forward-plate-compactor","9":"product_tag-gasoline-plate-compactor","10":"product_tag-heavy-duty-plate-compactor","11":"product_tag-plate-compactor-for-asphalt","12":"product_tag-reversible-plate-compactor","13":"product_tag-road-construction-compactor","14":"product_tag-soil-plate-compactor","15":"product_tag-vibratory-plate-compactor","16":"product_tag-walk-behind-plate-compactor","18":"first","19":"instock","20":"shipping-taxable","21":"product-type-simple","22":"entry","23":"content-bg","24":"loop-entry"},"yoast_head":"<!-- This site is optimized with the Yoast SEO plugin v25.3.1 - https:\/\/yoast.com\/wordpress\/plugins\/seo\/ -->\n<title>Plate Compactor PH-C250 - HSY Construction Machinery<\/title>\n<meta name=\"description\" content=\"PH-C250 Diesel Plate Compactor delivers fuel-efficient, high-impact compaction for road, gravel, and foundation work. Ideal for demanding and remote job sites.\" \/>\n<meta name=\"robots\" content=\"index, follow, max-snippet:-1, max-image-preview:large, max-video-preview:-1\" \/>\n<link rel=\"canonical\" href=\"https:\/\/www.hsymachinery.com\/tr\/product\/plaka-kompaktor-ph-c250\/\" \/>\n<meta property=\"og:locale\" content=\"tr_TR\" \/>\n<meta property=\"og:type\" content=\"article\" \/>\n<meta property=\"og:title\" content=\"Plate Compactor PH-C250 - HSY Construction Machinery\" \/>\n<meta property=\"og:description\" content=\"PH-C250 Diesel Plate Compactor delivers fuel-efficient, high-impact compaction for road, gravel, and foundation work. Ideal for demanding and remote job sites.\" \/>\n<meta property=\"og:url\" content=\"https:\/\/www.hsymachinery.com\/tr\/product\/plaka-kompaktor-ph-c250\/\" \/>\n<meta property=\"og:site_name\" content=\"HSY Construction Machinery\" \/>\n<meta property=\"article:modified_time\" content=\"2025-06-28T11:56:08+00:00\" \/>\n<meta property=\"og:image\" content=\"https:\/\/www.hsymachinery.com\/wp-content\/uploads\/2025\/06\/Plate-Compactor-PH-C250.jpg\" \/>\n\t<meta property=\"og:image:width\" content=\"600\" \/>\n\t<meta property=\"og:image:height\" content=\"600\" \/>\n\t<meta property=\"og:image:type\" content=\"image\/jpeg\" \/>\n<meta name=\"twitter:card\" content=\"summary_large_image\" \/>\n<meta name=\"twitter:label1\" content=\"Tahmini okuma s\u00fcresi\" \/>\n\t<meta name=\"twitter:data1\" content=\"2 dakika\" \/>\n<script type=\"application\/ld+json\" class=\"yoast-schema-graph\">{\"@context\":\"https:\/\/schema.org\",\"@graph\":[{\"@type\":\"WebPage\",\"@id\":\"https:\/\/www.hsymachinery.com\/product\/plate-compactor-ph-c250\/\",\"url\":\"https:\/\/www.hsymachinery.com\/product\/plate-compactor-ph-c250\/\",\"name\":\"Plate Compactor PH-C250 - HSY Construction Machinery\",\"isPartOf\":{\"@id\":\"https:\/\/www.hsymachinery.com\/#website\"},\"primaryImageOfPage\":{\"@id\":\"https:\/\/www.hsymachinery.com\/product\/plate-compactor-ph-c250\/#primaryimage\"},\"image\":{\"@id\":\"https:\/\/www.hsymachinery.com\/product\/plate-compactor-ph-c250\/#primaryimage\"},\"thumbnailUrl\":\"https:\/\/www.hsymachinery.com\/wp-content\/uploads\/2025\/06\/Plate-Compactor-PH-C250.jpg\",\"datePublished\":\"2025-06-18T09:04:38+00:00\",\"dateModified\":\"2025-06-28T11:56:08+00:00\",\"description\":\"PH-C250 Diesel Plate Compactor delivers fuel-efficient, high-impact compaction for road, gravel, and foundation work. Ideal for demanding and remote job sites.\",\"breadcrumb\":{\"@id\":\"https:\/\/www.hsymachinery.com\/product\/plate-compactor-ph-c250\/#breadcrumb\"},\"inLanguage\":\"tr\",\"potentialAction\":[{\"@type\":\"ReadAction\",\"target\":[\"https:\/\/www.hsymachinery.com\/product\/plate-compactor-ph-c250\/\"]}]},{\"@type\":\"ImageObject\",\"inLanguage\":\"tr\",\"@id\":\"https:\/\/www.hsymachinery.com\/product\/plate-compactor-ph-c250\/#primaryimage\",\"url\":\"https:\/\/www.hsymachinery.com\/wp-content\/uploads\/2025\/06\/Plate-Compactor-PH-C250.jpg\",\"contentUrl\":\"https:\/\/www.hsymachinery.com\/wp-content\/uploads\/2025\/06\/Plate-Compactor-PH-C250.jpg\",\"width\":600,\"height\":600},{\"@type\":\"BreadcrumbList\",\"@id\":\"https:\/\/www.hsymachinery.com\/product\/plate-compactor-ph-c250\/#breadcrumb\",\"itemListElement\":[{\"@type\":\"ListItem\",\"position\":1,\"name\":\"home\",\"item\":\"https:\/\/www.hsymachinery.com\/\"},{\"@type\":\"ListItem\",\"position\":2,\"name\":\"products\",\"item\":\"https:\/\/www.hsymachinery.com\/products\/\"},{\"@type\":\"ListItem\",\"position\":3,\"name\":\"Plate Compactor PH-C250\"}]},{\"@type\":\"WebSite\",\"@id\":\"https:\/\/www.hsymachinery.com\/#website\",\"url\":\"https:\/\/www.hsymachinery.com\/\",\"name\":\"HSY Construction Machinery\",\"description\":\"HSY Machinery \u2013 A leading China construction machinery supplier, offering a wide range of light construction equipment. Our main products include Rebar Cutting Machine, Rebar Bending Machine, Rebar Stirrup Bending Machine, Rebar Arc Bending Machine, Rebar Straightening Machine, Five-Head Rebar Stirrup Bending Machine, Tamping Rammer, Plate Compactor, Concrete Cutter, Power Trowel, and other construction machinery. We are equipped with advanced CNC machines, and we enforce strict quality inspection standards along with comprehensive after-sales service. If you are interested in our products or services, we warmly welcome your inquiries via message.\",\"publisher\":{\"@id\":\"https:\/\/www.hsymachinery.com\/#organization\"},\"potentialAction\":[{\"@type\":\"SearchAction\",\"target\":{\"@type\":\"EntryPoint\",\"urlTemplate\":\"https:\/\/www.hsymachinery.com\/?s={search_term_string}\"},\"query-input\":{\"@type\":\"PropertyValueSpecification\",\"valueRequired\":true,\"valueName\":\"search_term_string\"}}],\"inLanguage\":\"tr\"},{\"@type\":\"Organization\",\"@id\":\"https:\/\/www.hsymachinery.com\/#organization\",\"name\":\"HSY Construction Machinery\",\"url\":\"https:\/\/www.hsymachinery.com\/\",\"logo\":{\"@type\":\"ImageObject\",\"inLanguage\":\"tr\",\"@id\":\"https:\/\/www.hsymachinery.com\/#\/schema\/logo\/image\/\",\"url\":\"https:\/\/www.hsymachinery.com\/wp-content\/uploads\/2025\/06\/cropped-HSY-machinery.png\",\"contentUrl\":\"https:\/\/www.hsymachinery.com\/wp-content\/uploads\/2025\/06\/cropped-HSY-machinery.png\",\"width\":600,\"height\":240,\"caption\":\"HSY Construction Machinery\"},\"image\":{\"@id\":\"https:\/\/www.hsymachinery.com\/#\/schema\/logo\/image\/\"}}]}<\/script>\n<!-- \/ Yoast SEO plugin. -->","yoast_head_json":{"title":"Plakal\u0131 Kompakt\u00f6r PH-C250 - HSY Construction Machinery","description":"PH-C250 Dizel Plakal\u0131 Kompakt\u00f6r, yol, \u00e7ak\u0131l ve temel i\u015fleri i\u00e7in yak\u0131t tasarruflu, y\u00fcksek etkili s\u0131k\u0131\u015ft\u0131rma sa\u011flar. Zorlu ve uzak i\u015f sahalar\u0131 i\u00e7in idealdir.","robots":{"index":"index","follow":"follow","max-snippet":"max-snippet:-1","max-image-preview":"max-image-preview:large","max-video-preview":"max-video-preview:-1"},"canonical":"https:\/\/www.hsymachinery.com\/tr\/product\/plaka-kompaktor-ph-c250\/","og_locale":"tr_TR","og_type":"article","og_title":"Plate Compactor PH-C250 - HSY Construction Machinery","og_description":"PH-C250 Diesel Plate Compactor delivers fuel-efficient, high-impact compaction for road, gravel, and foundation work. Ideal for demanding and remote job sites.","og_url":"https:\/\/www.hsymachinery.com\/tr\/product\/plaka-kompaktor-ph-c250\/","og_site_name":"HSY Construction Machinery","article_modified_time":"2025-06-28T11:56:08+00:00","og_image":[{"width":600,"height":600,"url":"https:\/\/www.hsymachinery.com\/wp-content\/uploads\/2025\/06\/Plate-Compactor-PH-C250.jpg","type":"image\/jpeg"}],"twitter_card":"summary_large_image","twitter_misc":{"Tahmini okuma s\u00fcresi":"2 dakika"},"schema":{"@context":"https:\/\/schema.org","@graph":[{"@type":"WebPage","@id":"https:\/\/www.hsymachinery.com\/product\/plate-compactor-ph-c250\/","url":"https:\/\/www.hsymachinery.com\/product\/plate-compactor-ph-c250\/","name":"Plakal\u0131 Kompakt\u00f6r PH-C250 - HSY Construction Machinery","isPartOf":{"@id":"https:\/\/www.hsymachinery.com\/#website"},"primaryImageOfPage":{"@id":"https:\/\/www.hsymachinery.com\/product\/plate-compactor-ph-c250\/#primaryimage"},"image":{"@id":"https:\/\/www.hsymachinery.com\/product\/plate-compactor-ph-c250\/#primaryimage"},"thumbnailUrl":"https:\/\/www.hsymachinery.com\/wp-content\/uploads\/2025\/06\/Plate-Compactor-PH-C250.jpg","datePublished":"2025-06-18T09:04:38+00:00","dateModified":"2025-06-28T11:56:08+00:00","description":"PH-C250 Dizel Plakal\u0131 Kompakt\u00f6r, yol, \u00e7ak\u0131l ve temel i\u015fleri i\u00e7in yak\u0131t tasarruflu, y\u00fcksek etkili s\u0131k\u0131\u015ft\u0131rma sa\u011flar. Zorlu ve uzak i\u015f sahalar\u0131 i\u00e7in idealdir.","breadcrumb":{"@id":"https:\/\/www.hsymachinery.com\/product\/plate-compactor-ph-c250\/#breadcrumb"},"inLanguage":"tr","potentialAction":[{"@type":"ReadAction","target":["https:\/\/www.hsymachinery.com\/product\/plate-compactor-ph-c250\/"]}]},{"@type":"ImageObject","inLanguage":"tr","@id":"https:\/\/www.hsymachinery.com\/product\/plate-compactor-ph-c250\/#primaryimage","url":"https:\/\/www.hsymachinery.com\/wp-content\/uploads\/2025\/06\/Plate-Compactor-PH-C250.jpg","contentUrl":"https:\/\/www.hsymachinery.com\/wp-content\/uploads\/2025\/06\/Plate-Compactor-PH-C250.jpg","width":600,"height":600},{"@type":"BreadcrumbList","@id":"https:\/\/www.hsymachinery.com\/product\/plate-compactor-ph-c250\/#breadcrumb","itemListElement":[{"@type":"ListItem","position":1,"name":"home","item":"https:\/\/www.hsymachinery.com\/"},{"@type":"ListItem","position":2,"name":"products","item":"https:\/\/www.hsymachinery.com\/products\/"},{"@type":"ListItem","position":3,"name":"Plate Compactor PH-C250"}]},{"@type":"WebSite","@id":"https:\/\/www.hsymachinery.com\/#website","url":"https:\/\/www.hsymachinery.com\/","name":"HSY \u0130n\u015faat Makineleri","description":"HSY Machinery - \u00c7ok \u00e7e\u015fitli hafif in\u015faat ekipmanlar\u0131 sunan lider bir \u00c7in in\u015faat makineleri tedarik\u00e7isi. Ba\u015fl\u0131ca \u00fcr\u00fcnlerimiz aras\u0131nda Demir Kesme Makinesi, Demir B\u00fckme Makinesi, Demir \u00dczengi B\u00fckme Makinesi, Demir Ark B\u00fckme Makinesi, Demir Do\u011frultma Makinesi, Be\u015f Kafal\u0131 Demir \u00dczengi B\u00fckme Makinesi, S\u0131k\u0131\u015ft\u0131rma Tokma\u011f\u0131, Plaka Kompakt\u00f6r\u00fc, Beton Kesici, Elektrikli Mala ve di\u011fer in\u015faat makineleri bulunmaktad\u0131r. Geli\u015fmi\u015f CNC makineleri ile donat\u0131lm\u0131\u015ft\u0131r ve kapsaml\u0131 sat\u0131\u015f sonras\u0131 hizmet ile birlikte s\u0131k\u0131 kalite kontrol standartlar\u0131n\u0131 uyguluyoruz. \u00dcr\u00fcnlerimiz veya hizmetlerimizle ilgileniyorsan\u0131z, sorular\u0131n\u0131z\u0131 mesaj yoluyla s\u0131cak bir \u015fekilde kar\u015f\u0131l\u0131yoruz.","publisher":{"@id":"https:\/\/www.hsymachinery.com\/#organization"},"potentialAction":[{"@type":"SearchAction","target":{"@type":"EntryPoint","urlTemplate":"https:\/\/www.hsymachinery.com\/?s={search_term_string}"},"query-input":{"@type":"PropertyValueSpecification","valueRequired":true,"valueName":"search_term_string"}}],"inLanguage":"tr"},{"@type":"Organization","@id":"https:\/\/www.hsymachinery.com\/#organization","name":"HSY \u0130n\u015faat Makineleri","url":"https:\/\/www.hsymachinery.com\/","logo":{"@type":"ImageObject","inLanguage":"tr","@id":"https:\/\/www.hsymachinery.com\/#\/schema\/logo\/image\/","url":"https:\/\/www.hsymachinery.com\/wp-content\/uploads\/2025\/06\/cropped-HSY-machinery.png","contentUrl":"https:\/\/www.hsymachinery.com\/wp-content\/uploads\/2025\/06\/cropped-HSY-machinery.png","width":600,"height":240,"caption":"HSY Construction Machinery"},"image":{"@id":"https:\/\/www.hsymachinery.com\/#\/schema\/logo\/image\/"}}]}},"_links":{"self":[{"href":"https:\/\/www.hsymachinery.com\/tr\/wp-json\/wp\/v2\/product\/9118","targetHints":{"allow":["GET"]}}],"collection":[{"href":"https:\/\/www.hsymachinery.com\/tr\/wp-json\/wp\/v2\/product"}],"about":[{"href":"https:\/\/www.hsymachinery.com\/tr\/wp-json\/wp\/v2\/types\/product"}],"version-history":[{"count":3,"href":"https:\/\/www.hsymachinery.com\/tr\/wp-json\/wp\/v2\/product\/9118\/revisions"}],"predecessor-version":[{"id":9535,"href":"https:\/\/www.hsymachinery.com\/tr\/wp-json\/wp\/v2\/product\/9118\/revisions\/9535"}],"wp:featuredmedia":[{"embeddable":true,"href":"https:\/\/www.hsymachinery.com\/tr\/wp-json\/wp\/v2\/media\/9119"}],"wp:attachment":[{"href":"https:\/\/www.hsymachinery.com\/tr\/wp-json\/wp\/v2\/media?parent=9118"}],"wp:term":[{"taxonomy":"product_brand","embeddable":true,"href":"https:\/\/www.hsymachinery.com\/tr\/wp-json\/wp\/v2\/product_brand?post=9118"},{"taxonomy":"product_cat","embeddable":true,"href":"https:\/\/www.hsymachinery.com\/tr\/wp-json\/wp\/v2\/product_cat?post=9118"},{"taxonomy":"product_tag","embeddable":true,"href":"https:\/\/www.hsymachinery.com\/tr\/wp-json\/wp\/v2\/product_tag?post=9118"}],"curies":[{"name":"wp","href":"https:\/\/api.w.org\/{rel}","templated":true}]}}