{"id":9112,"date":"2025-06-18T17:02:18","date_gmt":"2025-06-18T09:02:18","guid":{"rendered":"https:\/\/www.hsymachinery.com\/?post_type=product&#038;p=9112"},"modified":"2025-06-28T19:48:05","modified_gmt":"2025-06-28T11:48:05","slug":"plaka-kompaktor-ph-l250","status":"publish","type":"product","link":"https:\/\/www.hsymachinery.com\/tr\/product\/plaka-kompaktor-ph-l250\/","title":{"rendered":"Plakal\u0131 Kompakt\u00f6r PH-L250"},"content":{"rendered":"<h2 data-start=\"96\" data-end=\"127\">Plakal\u0131 Kompakt\u00f6r PH-L250<\/h2>\n<h3 data-start=\"128\" data-end=\"251\">PH-L250 Loncin Benzinli Plakal\u0131 Kompakt\u00f6r | Yol Yata\u011f\u0131, Asfalt ve Temel \u00c7al\u0131\u015fmalar\u0131 i\u00e7in Orta \u00d6l\u00e7ekli Toprak S\u0131k\u0131\u015ft\u0131rma Makinesi<\/h3>\n<h3 data-start=\"258\" data-end=\"341\">\u00dcr\u00fcne Genel Bak\u0131\u015f - \u00c7ok Y\u00f6nl\u00fc \u015eantiye Uygulamalar\u0131 i\u00e7in G\u00fc\u00e7l\u00fc Loncin Motor<a href=\"https:\/\/www.hsymachinery.com\/tr\/urunler\/plaka-kompaktoru\/\" target=\"_blank\" rel=\"noopener\"><img fetchpriority=\"high\" decoding=\"async\" class=\"wp-image-9113 alignright\" src=\"https:\/\/www.hsymachinery.com\/wp-content\/uploads\/2025\/06\/Plate-Compactor-PH-L250-300x300.jpg\" alt=\"\" width=\"462\" height=\"462\" srcset=\"https:\/\/www.hsymachinery.com\/wp-content\/uploads\/2025\/06\/Plate-Compactor-PH-L250-300x300.jpg 300w, https:\/\/www.hsymachinery.com\/wp-content\/uploads\/2025\/06\/Plate-Compactor-PH-L250-150x150.jpg 150w, https:\/\/www.hsymachinery.com\/wp-content\/uploads\/2025\/06\/Plate-Compactor-PH-L250-100x100.jpg 100w, https:\/\/www.hsymachinery.com\/wp-content\/uploads\/2025\/06\/Plate-Compactor-PH-L250.jpg 600w\" sizes=\"(max-width: 462px) 100vw, 462px\" \/><\/a><\/h3>\n<p data-start=\"343\" data-end=\"708\">Bu <strong data-start=\"347\" data-end=\"374\">PH-L250 Plakal\u0131 Kompakt\u00f6r<\/strong> g\u00fcvenilir bir Loncin benzinli motorla \u00e7al\u0131\u015fan, daha geni\u015f bir y\u00fczey haz\u0131rlama g\u00f6revi yelpazesinin \u00fcstesinden gelmek i\u00e7in tasarlanm\u0131\u015f orta hizmet tipi bir toprak s\u0131k\u0131\u015ft\u0131rma makinesidir. Yol taban\u0131 s\u0131k\u0131\u015ft\u0131rma, asfalt yama, garaj yolu yap\u0131m\u0131 ve temel tesviyesi i\u00e7in ideal olan bu model, g\u00fc\u00e7l\u00fc s\u0131k\u0131\u015ft\u0131rma g\u00fcc\u00fcn\u00fc manevra kabiliyeti ile dengeler.<\/p>\n<p data-start=\"710\" data-end=\"883\">Geli\u015ftirilmi\u015f titre\u015fim frekans\u0131 ve sabit taban plakas\u0131, onu yol yap\u0131mc\u0131lar\u0131, belediye \u00e7al\u0131\u015fanlar\u0131 ve in\u015faat m\u00fcteahhitleri taraf\u0131ndan g\u00fcnl\u00fck kullan\u0131m i\u00e7in g\u00fcvenilir bir \u00e7\u00f6z\u00fcm haline getirir.<\/p>\n<h3 data-start=\"890\" data-end=\"956\">Verimli Motor, Sorunsuz Kullan\u0131m ve Dayan\u0131kl\u0131 Yap\u0131<\/h3>\n<p data-start=\"958\" data-end=\"1290\">Loncin motor, sorunsuz ate\u015fleme, d\u00fc\u015f\u00fck yak\u0131t t\u00fcketimi ve i\u015f g\u00fcn\u00fc boyunca istikrarl\u0131 g\u00fc\u00e7 \u00e7\u0131k\u0131\u015f\u0131 sa\u011flar. G\u00fc\u00e7lendirilmi\u015f s\u0131k\u0131\u015ft\u0131rma plakas\u0131, tutarl\u0131 toprak temas\u0131 ve d\u00fcz, s\u0131k\u0131\u015ft\u0131r\u0131lm\u0131\u015f bir y\u00fczey sa\u011flar. Bu arada, titre\u015fim \u00f6nleyici tutamak sistemi operat\u00f6rleri yorgunluktan korur ve fiziksel zorlanmay\u0131 azalt\u0131r.<\/p>\n<p data-start=\"1292\" data-end=\"1416\">Verimli \u00e7al\u0131\u015fma ve ta\u015f\u0131ma i\u00e7in tasarlanan PH-L250'nin bak\u0131m\u0131 da kolayd\u0131r, bu da onu kiralama filolar\u0131n\u0131n g\u00f6zdesi yapar.<\/p>\n<h3 data-start=\"1423\" data-end=\"1479\">Orta ve B\u00fcy\u00fck \u00d6l\u00e7ekli D\u0131\u015f Mekan S\u0131k\u0131\u015ft\u0131rma \u0130\u015fleri i\u00e7in \u00dcretilmi\u015ftir<\/h3>\n<p data-start=\"1481\" data-end=\"1700\">Bu kompakt\u00f6r, otoparklardan asfalt yamalar\u0131na kadar orta \u00f6l\u00e7ekli in\u015faat alanlar\u0131nda iyi performans g\u00f6sterir. Kum, \u00e7ak\u0131l, asfalt ve yap\u0131\u015fkan toprak \u00fczerinde etkili bir \u015fekilde \u00e7al\u0131\u015farak her seferinde g\u00fcvenilir sonu\u00e7lar sa\u011flar.<\/p>\n<p data-start=\"1702\" data-end=\"1815\">Sa\u011flam \u00e7er\u00e7evesi a\u011f\u0131r kullan\u0131ma dayan\u0131r ve kompakt g\u00f6vdesi i\u015f sahalar\u0131nda esnek manevra kabiliyeti sa\u011flar.<\/p>\n<h3 data-start=\"1822\" data-end=\"1867\">PH-L250 Plakal\u0131 Kompakt\u00f6r\u00fcn Temel \u00d6zellikleri<\/h3>\n<ul data-start=\"1869\" data-end=\"2153\">\n<li data-start=\"1869\" data-end=\"1920\">\n<p data-start=\"1871\" data-end=\"1920\">Loncin 4 zamanl\u0131 benzinli motor ile donat\u0131lm\u0131\u015ft\u0131r<\/p>\n<\/li>\n<li data-start=\"1921\" data-end=\"1988\">\n<p data-start=\"1923\" data-end=\"1988\">Asfalt, yollar ve bina temelleri i\u00e7in ideal orta boy plaka<\/p>\n<\/li>\n<li data-start=\"1989\" data-end=\"2047\">\n<p data-start=\"1991\" data-end=\"2047\">Titre\u015fimi azaltan tutamak konforu ve kontrol\u00fc art\u0131r\u0131r<\/p>\n<\/li>\n<li data-start=\"2048\" data-end=\"2108\">\n<p data-start=\"2050\" data-end=\"2108\">P\u00fcr\u00fczs\u00fcz s\u0131k\u0131\u015ft\u0131rma y\u00fczeyine sahip son derece dayan\u0131kl\u0131 \u00e7elik levha<\/p>\n<\/li>\n<li data-start=\"2109\" data-end=\"2153\">\n<p data-start=\"2111\" data-end=\"2153\">Ta\u015f\u0131mas\u0131, bak\u0131m\u0131 ve \u00e7al\u0131\u015ft\u0131rmas\u0131 kolay<\/p>\n<\/li>\n<\/ul>\n<p><iframe title=\"kompakt\u00f6r, s\u0131k\u0131\u015ft\u0131rma tokmak, tamper, plaka kompakt\u00f6r, in\u015faat titre\u015fimi, kompakt\u00f6r makinesi.#tamping\" width=\"720\" height=\"405\" src=\"https:\/\/www.youtube.com\/embed\/kHw7Cpv12Zs?feature=oembed\" frameborder=\"0\" allow=\"accelerometer; autoplay; clipboard-write; encrypted-media; gyroscope; picture-in-picture; web-share\" referrerpolicy=\"strict-origin-when-cross-origin\" allowfullscreen><\/iframe><\/p>","protected":false},"excerpt":{"rendered":"<p>Loncin motorlu PH-L250 benzinli plakal\u0131 kompakt\u00f6r, yollar, asfalt ve temel i\u015fleri i\u00e7in g\u00fc\u00e7l\u00fc ve g\u00fcvenilir s\u0131k\u0131\u015ft\u0131rma sa\u011flar. M\u00fcteahhitler ve in\u015faat ekipleri i\u00e7in idealdir.<\/p>","protected":false},"featured_media":9113,"template":"","meta":{"_kad_post_transparent":"default","_kad_post_title":"","_kad_post_layout":"default","_kad_post_sidebar_id":"","_kad_post_content_style":"default","_kad_post_vertical_padding":"default","_kad_post_feature":"","_kad_post_feature_position":"","_kad_post_header":false,"_kad_post_footer":false},"product_brand":[],"product_cat":[59],"product_tag":[1066,1062,1065,1070,1069,1063,1067,1064,1061,1068],"class_list":{"0":"post-9112","1":"product","2":"type-product","3":"status-publish","4":"has-post-thumbnail","6":"product_cat-plate-compactor","7":"product_tag-diesel-plate-compactor","8":"product_tag-forward-plate-compactor","9":"product_tag-gasoline-plate-compactor","10":"product_tag-heavy-duty-plate-compactor","11":"product_tag-plate-compactor-for-asphalt","12":"product_tag-reversible-plate-compactor","13":"product_tag-road-construction-compactor","14":"product_tag-soil-plate-compactor","15":"product_tag-vibratory-plate-compactor","16":"product_tag-walk-behind-plate-compactor","18":"first","19":"instock","20":"shipping-taxable","21":"product-type-simple","22":"entry","23":"content-bg","24":"loop-entry"},"yoast_head":"<!-- This site is optimized with the Yoast SEO plugin v25.3.1 - https:\/\/yoast.com\/wordpress\/plugins\/seo\/ -->\n<title>Plate Compactor PH-L250 - HSY Construction Machinery<\/title>\n<meta name=\"description\" content=\"PH-L250 Plate Compactor powered by a Loncin engine delivers effective soil and asphalt compaction for driveways, roads, and foundation projects. Medium-duty performance.\" \/>\n<meta name=\"robots\" content=\"index, follow, max-snippet:-1, max-image-preview:large, max-video-preview:-1\" \/>\n<link rel=\"canonical\" href=\"https:\/\/www.hsymachinery.com\/tr\/product\/plaka-kompaktor-ph-l250\/\" \/>\n<meta property=\"og:locale\" content=\"tr_TR\" \/>\n<meta property=\"og:type\" content=\"article\" \/>\n<meta property=\"og:title\" content=\"Plate Compactor PH-L250 - HSY Construction Machinery\" \/>\n<meta property=\"og:description\" content=\"PH-L250 Plate Compactor powered by a Loncin engine delivers effective soil and asphalt compaction for driveways, roads, and foundation projects. Medium-duty performance.\" \/>\n<meta property=\"og:url\" content=\"https:\/\/www.hsymachinery.com\/tr\/product\/plaka-kompaktor-ph-l250\/\" \/>\n<meta property=\"og:site_name\" content=\"HSY Construction Machinery\" \/>\n<meta property=\"article:modified_time\" content=\"2025-06-28T11:48:05+00:00\" \/>\n<meta property=\"og:image\" content=\"https:\/\/www.hsymachinery.com\/wp-content\/uploads\/2025\/06\/Plate-Compactor-PH-L250.jpg\" \/>\n\t<meta property=\"og:image:width\" content=\"600\" \/>\n\t<meta property=\"og:image:height\" content=\"600\" \/>\n\t<meta property=\"og:image:type\" content=\"image\/jpeg\" \/>\n<meta name=\"twitter:card\" content=\"summary_large_image\" \/>\n<meta name=\"twitter:label1\" content=\"Tahmini okuma s\u00fcresi\" \/>\n\t<meta name=\"twitter:data1\" content=\"2 dakika\" \/>\n<script type=\"application\/ld+json\" class=\"yoast-schema-graph\">{\"@context\":\"https:\/\/schema.org\",\"@graph\":[{\"@type\":\"WebPage\",\"@id\":\"https:\/\/www.hsymachinery.com\/product\/plate-compactor-ph-l250\/\",\"url\":\"https:\/\/www.hsymachinery.com\/product\/plate-compactor-ph-l250\/\",\"name\":\"Plate Compactor PH-L250 - HSY Construction Machinery\",\"isPartOf\":{\"@id\":\"https:\/\/www.hsymachinery.com\/#website\"},\"primaryImageOfPage\":{\"@id\":\"https:\/\/www.hsymachinery.com\/product\/plate-compactor-ph-l250\/#primaryimage\"},\"image\":{\"@id\":\"https:\/\/www.hsymachinery.com\/product\/plate-compactor-ph-l250\/#primaryimage\"},\"thumbnailUrl\":\"https:\/\/www.hsymachinery.com\/wp-content\/uploads\/2025\/06\/Plate-Compactor-PH-L250.jpg\",\"datePublished\":\"2025-06-18T09:02:18+00:00\",\"dateModified\":\"2025-06-28T11:48:05+00:00\",\"description\":\"PH-L250 Plate Compactor powered by a Loncin engine delivers effective soil and asphalt compaction for driveways, roads, and foundation projects. Medium-duty performance.\",\"breadcrumb\":{\"@id\":\"https:\/\/www.hsymachinery.com\/product\/plate-compactor-ph-l250\/#breadcrumb\"},\"inLanguage\":\"tr\",\"potentialAction\":[{\"@type\":\"ReadAction\",\"target\":[\"https:\/\/www.hsymachinery.com\/product\/plate-compactor-ph-l250\/\"]}]},{\"@type\":\"ImageObject\",\"inLanguage\":\"tr\",\"@id\":\"https:\/\/www.hsymachinery.com\/product\/plate-compactor-ph-l250\/#primaryimage\",\"url\":\"https:\/\/www.hsymachinery.com\/wp-content\/uploads\/2025\/06\/Plate-Compactor-PH-L250.jpg\",\"contentUrl\":\"https:\/\/www.hsymachinery.com\/wp-content\/uploads\/2025\/06\/Plate-Compactor-PH-L250.jpg\",\"width\":600,\"height\":600},{\"@type\":\"BreadcrumbList\",\"@id\":\"https:\/\/www.hsymachinery.com\/product\/plate-compactor-ph-l250\/#breadcrumb\",\"itemListElement\":[{\"@type\":\"ListItem\",\"position\":1,\"name\":\"home\",\"item\":\"https:\/\/www.hsymachinery.com\/\"},{\"@type\":\"ListItem\",\"position\":2,\"name\":\"products\",\"item\":\"https:\/\/www.hsymachinery.com\/products\/\"},{\"@type\":\"ListItem\",\"position\":3,\"name\":\"Plate Compactor PH-L250\"}]},{\"@type\":\"WebSite\",\"@id\":\"https:\/\/www.hsymachinery.com\/#website\",\"url\":\"https:\/\/www.hsymachinery.com\/\",\"name\":\"HSY Construction Machinery\",\"description\":\"HSY Machinery \u2013 A leading China construction machinery supplier, offering a wide range of light construction equipment. Our main products include Rebar Cutting Machine, Rebar Bending Machine, Rebar Stirrup Bending Machine, Rebar Arc Bending Machine, Rebar Straightening Machine, Five-Head Rebar Stirrup Bending Machine, Tamping Rammer, Plate Compactor, Concrete Cutter, Power Trowel, and other construction machinery. We are equipped with advanced CNC machines, and we enforce strict quality inspection standards along with comprehensive after-sales service. If you are interested in our products or services, we warmly welcome your inquiries via message.\",\"publisher\":{\"@id\":\"https:\/\/www.hsymachinery.com\/#organization\"},\"potentialAction\":[{\"@type\":\"SearchAction\",\"target\":{\"@type\":\"EntryPoint\",\"urlTemplate\":\"https:\/\/www.hsymachinery.com\/?s={search_term_string}\"},\"query-input\":{\"@type\":\"PropertyValueSpecification\",\"valueRequired\":true,\"valueName\":\"search_term_string\"}}],\"inLanguage\":\"tr\"},{\"@type\":\"Organization\",\"@id\":\"https:\/\/www.hsymachinery.com\/#organization\",\"name\":\"HSY Construction Machinery\",\"url\":\"https:\/\/www.hsymachinery.com\/\",\"logo\":{\"@type\":\"ImageObject\",\"inLanguage\":\"tr\",\"@id\":\"https:\/\/www.hsymachinery.com\/#\/schema\/logo\/image\/\",\"url\":\"https:\/\/www.hsymachinery.com\/wp-content\/uploads\/2025\/06\/cropped-HSY-machinery.png\",\"contentUrl\":\"https:\/\/www.hsymachinery.com\/wp-content\/uploads\/2025\/06\/cropped-HSY-machinery.png\",\"width\":600,\"height\":240,\"caption\":\"HSY Construction Machinery\"},\"image\":{\"@id\":\"https:\/\/www.hsymachinery.com\/#\/schema\/logo\/image\/\"}}]}<\/script>\n<!-- \/ Yoast SEO plugin. -->","yoast_head_json":{"title":"Plakal\u0131 Kompakt\u00f6r PH-L250 - HSY Construction Machinery","description":"Loncin motorla \u00e7al\u0131\u015fan PH-L250 Plakal\u0131 Kompakt\u00f6r, garaj yollar\u0131, yollar ve temel projeleri i\u00e7in etkili toprak ve asfalt s\u0131k\u0131\u015ft\u0131rmas\u0131 sa\u011flar. Orta hizmet performans\u0131.","robots":{"index":"index","follow":"follow","max-snippet":"max-snippet:-1","max-image-preview":"max-image-preview:large","max-video-preview":"max-video-preview:-1"},"canonical":"https:\/\/www.hsymachinery.com\/tr\/product\/plaka-kompaktor-ph-l250\/","og_locale":"tr_TR","og_type":"article","og_title":"Plate Compactor PH-L250 - HSY Construction Machinery","og_description":"PH-L250 Plate Compactor powered by a Loncin engine delivers effective soil and asphalt compaction for driveways, roads, and foundation projects. Medium-duty performance.","og_url":"https:\/\/www.hsymachinery.com\/tr\/product\/plaka-kompaktor-ph-l250\/","og_site_name":"HSY Construction Machinery","article_modified_time":"2025-06-28T11:48:05+00:00","og_image":[{"width":600,"height":600,"url":"https:\/\/www.hsymachinery.com\/wp-content\/uploads\/2025\/06\/Plate-Compactor-PH-L250.jpg","type":"image\/jpeg"}],"twitter_card":"summary_large_image","twitter_misc":{"Tahmini okuma s\u00fcresi":"2 dakika"},"schema":{"@context":"https:\/\/schema.org","@graph":[{"@type":"WebPage","@id":"https:\/\/www.hsymachinery.com\/product\/plate-compactor-ph-l250\/","url":"https:\/\/www.hsymachinery.com\/product\/plate-compactor-ph-l250\/","name":"Plakal\u0131 Kompakt\u00f6r PH-L250 - HSY Construction Machinery","isPartOf":{"@id":"https:\/\/www.hsymachinery.com\/#website"},"primaryImageOfPage":{"@id":"https:\/\/www.hsymachinery.com\/product\/plate-compactor-ph-l250\/#primaryimage"},"image":{"@id":"https:\/\/www.hsymachinery.com\/product\/plate-compactor-ph-l250\/#primaryimage"},"thumbnailUrl":"https:\/\/www.hsymachinery.com\/wp-content\/uploads\/2025\/06\/Plate-Compactor-PH-L250.jpg","datePublished":"2025-06-18T09:02:18+00:00","dateModified":"2025-06-28T11:48:05+00:00","description":"Loncin motorla \u00e7al\u0131\u015fan PH-L250 Plakal\u0131 Kompakt\u00f6r, garaj yollar\u0131, yollar ve temel projeleri i\u00e7in etkili toprak ve asfalt s\u0131k\u0131\u015ft\u0131rmas\u0131 sa\u011flar. Orta hizmet performans\u0131.","breadcrumb":{"@id":"https:\/\/www.hsymachinery.com\/product\/plate-compactor-ph-l250\/#breadcrumb"},"inLanguage":"tr","potentialAction":[{"@type":"ReadAction","target":["https:\/\/www.hsymachinery.com\/product\/plate-compactor-ph-l250\/"]}]},{"@type":"ImageObject","inLanguage":"tr","@id":"https:\/\/www.hsymachinery.com\/product\/plate-compactor-ph-l250\/#primaryimage","url":"https:\/\/www.hsymachinery.com\/wp-content\/uploads\/2025\/06\/Plate-Compactor-PH-L250.jpg","contentUrl":"https:\/\/www.hsymachinery.com\/wp-content\/uploads\/2025\/06\/Plate-Compactor-PH-L250.jpg","width":600,"height":600},{"@type":"BreadcrumbList","@id":"https:\/\/www.hsymachinery.com\/product\/plate-compactor-ph-l250\/#breadcrumb","itemListElement":[{"@type":"ListItem","position":1,"name":"home","item":"https:\/\/www.hsymachinery.com\/"},{"@type":"ListItem","position":2,"name":"products","item":"https:\/\/www.hsymachinery.com\/products\/"},{"@type":"ListItem","position":3,"name":"Plate Compactor PH-L250"}]},{"@type":"WebSite","@id":"https:\/\/www.hsymachinery.com\/#website","url":"https:\/\/www.hsymachinery.com\/","name":"HSY \u0130n\u015faat Makineleri","description":"HSY Machinery - \u00c7ok \u00e7e\u015fitli hafif in\u015faat ekipmanlar\u0131 sunan lider bir \u00c7in in\u015faat makineleri tedarik\u00e7isi. Ba\u015fl\u0131ca \u00fcr\u00fcnlerimiz aras\u0131nda Demir Kesme Makinesi, Demir B\u00fckme Makinesi, Demir \u00dczengi B\u00fckme Makinesi, Demir Ark B\u00fckme Makinesi, Demir Do\u011frultma Makinesi, Be\u015f Kafal\u0131 Demir \u00dczengi B\u00fckme Makinesi, S\u0131k\u0131\u015ft\u0131rma Tokma\u011f\u0131, Plaka Kompakt\u00f6r\u00fc, Beton Kesici, Elektrikli Mala ve di\u011fer in\u015faat makineleri bulunmaktad\u0131r. Geli\u015fmi\u015f CNC makineleri ile donat\u0131lm\u0131\u015ft\u0131r ve kapsaml\u0131 sat\u0131\u015f sonras\u0131 hizmet ile birlikte s\u0131k\u0131 kalite kontrol standartlar\u0131n\u0131 uyguluyoruz. \u00dcr\u00fcnlerimiz veya hizmetlerimizle ilgileniyorsan\u0131z, sorular\u0131n\u0131z\u0131 mesaj yoluyla s\u0131cak bir \u015fekilde kar\u015f\u0131l\u0131yoruz.","publisher":{"@id":"https:\/\/www.hsymachinery.com\/#organization"},"potentialAction":[{"@type":"SearchAction","target":{"@type":"EntryPoint","urlTemplate":"https:\/\/www.hsymachinery.com\/?s={search_term_string}"},"query-input":{"@type":"PropertyValueSpecification","valueRequired":true,"valueName":"search_term_string"}}],"inLanguage":"tr"},{"@type":"Organization","@id":"https:\/\/www.hsymachinery.com\/#organization","name":"HSY \u0130n\u015faat Makineleri","url":"https:\/\/www.hsymachinery.com\/","logo":{"@type":"ImageObject","inLanguage":"tr","@id":"https:\/\/www.hsymachinery.com\/#\/schema\/logo\/image\/","url":"https:\/\/www.hsymachinery.com\/wp-content\/uploads\/2025\/06\/cropped-HSY-machinery.png","contentUrl":"https:\/\/www.hsymachinery.com\/wp-content\/uploads\/2025\/06\/cropped-HSY-machinery.png","width":600,"height":240,"caption":"HSY Construction Machinery"},"image":{"@id":"https:\/\/www.hsymachinery.com\/#\/schema\/logo\/image\/"}}]}},"_links":{"self":[{"href":"https:\/\/www.hsymachinery.com\/tr\/wp-json\/wp\/v2\/product\/9112","targetHints":{"allow":["GET"]}}],"collection":[{"href":"https:\/\/www.hsymachinery.com\/tr\/wp-json\/wp\/v2\/product"}],"about":[{"href":"https:\/\/www.hsymachinery.com\/tr\/wp-json\/wp\/v2\/types\/product"}],"version-history":[{"count":3,"href":"https:\/\/www.hsymachinery.com\/tr\/wp-json\/wp\/v2\/product\/9112\/revisions"}],"predecessor-version":[{"id":9531,"href":"https:\/\/www.hsymachinery.com\/tr\/wp-json\/wp\/v2\/product\/9112\/revisions\/9531"}],"wp:featuredmedia":[{"embeddable":true,"href":"https:\/\/www.hsymachinery.com\/tr\/wp-json\/wp\/v2\/media\/9113"}],"wp:attachment":[{"href":"https:\/\/www.hsymachinery.com\/tr\/wp-json\/wp\/v2\/media?parent=9112"}],"wp:term":[{"taxonomy":"product_brand","embeddable":true,"href":"https:\/\/www.hsymachinery.com\/tr\/wp-json\/wp\/v2\/product_brand?post=9112"},{"taxonomy":"product_cat","embeddable":true,"href":"https:\/\/www.hsymachinery.com\/tr\/wp-json\/wp\/v2\/product_cat?post=9112"},{"taxonomy":"product_tag","embeddable":true,"href":"https:\/\/www.hsymachinery.com\/tr\/wp-json\/wp\/v2\/product_tag?post=9112"}],"curies":[{"name":"wp","href":"https:\/\/api.w.org\/{rel}","templated":true}]}}