{"id":9091,"date":"2025-06-18T16:31:39","date_gmt":"2025-06-18T08:31:39","guid":{"rendered":"https:\/\/www.hsymachinery.com\/?post_type=product&#038;p=9091"},"modified":"2025-06-28T15:46:29","modified_gmt":"2025-06-28T07:46:29","slug":"sikistirma-tokmagi-ch-h125","status":"publish","type":"product","link":"https:\/\/www.hsymachinery.com\/tr\/product\/sikistirma-tokmagi-ch-h125\/","title":{"rendered":"S\u0131k\u0131\u015ft\u0131rma Tokma\u011f\u0131 CH-H125"},"content":{"rendered":"<h2 data-start=\"111\" data-end=\"141\">S\u0131k\u0131\u015ft\u0131rma Tokma\u011f\u0131 CH-H125<\/h2>\n<h3 data-start=\"142\" data-end=\"267\">CH-H125 Honda Benzinli S\u0131k\u0131\u015ft\u0131rma Tokma\u011f\u0131 | Yo\u011fun \u0130n\u015faat ve Altyap\u0131 Projeleri i\u00e7in Y\u00fcksek Etkili Toprak S\u0131k\u0131\u015ft\u0131r\u0131c\u0131<\/h3>\n<h3 data-start=\"274\" data-end=\"355\">\u00dcr\u00fcne Genel Bak\u0131\u015f - Profesyonel Zemin \u00c7al\u0131\u015fmalar\u0131 i\u00e7in \u00dcst\u00fcn G\u00fc\u00e7 ve Stabilite<img fetchpriority=\"high\" decoding=\"async\" class=\"wp-image-9092 alignright\" src=\"https:\/\/www.hsymachinery.com\/wp-content\/uploads\/2025\/06\/Tamping-Rammer-CH-H125-300x300.jpg\" alt=\"\" width=\"470\" height=\"470\" srcset=\"https:\/\/www.hsymachinery.com\/wp-content\/uploads\/2025\/06\/Tamping-Rammer-CH-H125-300x300.jpg 300w, https:\/\/www.hsymachinery.com\/wp-content\/uploads\/2025\/06\/Tamping-Rammer-CH-H125-150x150.jpg 150w, https:\/\/www.hsymachinery.com\/wp-content\/uploads\/2025\/06\/Tamping-Rammer-CH-H125-768x768.jpg 768w, https:\/\/www.hsymachinery.com\/wp-content\/uploads\/2025\/06\/Tamping-Rammer-CH-H125-600x600.jpg 600w, https:\/\/www.hsymachinery.com\/wp-content\/uploads\/2025\/06\/Tamping-Rammer-CH-H125-100x100.jpg 100w, https:\/\/www.hsymachinery.com\/wp-content\/uploads\/2025\/06\/Tamping-Rammer-CH-H125.jpg 800w\" sizes=\"(max-width: 470px) 100vw, 470px\" \/><\/h3>\n<p data-start=\"357\" data-end=\"728\">Bu <strong data-start=\"361\" data-end=\"387\">CH-H125 S\u0131k\u0131\u015ft\u0131rma Tokma\u011f\u0131<\/strong> ola\u011fan\u00fcst\u00fc dayan\u0131kl\u0131l\u0131\u011f\u0131 ve sorunsuz performans\u0131yla tan\u0131nan g\u00fc\u00e7l\u00fc Honda GX160 benzinli motora sahiptir. A\u011f\u0131r hizmet tipi toprak s\u0131k\u0131\u015ft\u0131rma i\u00e7in tasarlanan bu model, temel \u00e7al\u0131\u015fmalar\u0131, yol yamalar\u0131, dolgu hendekleri ve peyzaj haz\u0131rl\u0131\u011f\u0131nda g\u00fcvenilir bir performans sergileyerek zorlu ortamlar i\u00e7in \u00fcst d\u00fczey bir \u00e7\u00f6z\u00fcm sunar.<\/p>\n<p data-start=\"730\" data-end=\"846\">Y\u00fcksek darbe kuvveti ve dengeli tasar\u0131m\u0131 ile CH-H125, minimum operat\u00f6r yorgunlu\u011fu ile etkili sonu\u00e7lar sa\u011flar.<\/p>\n<h3 data-start=\"853\" data-end=\"914\">Tutarl\u0131 Kuvvet, D\u00fc\u015f\u00fck Titre\u015fim ve Uzun Hizmet \u00d6mr\u00fc<\/h3>\n<p data-start=\"916\" data-end=\"1241\">CH-H125'in Honda motoru g\u00fc\u00e7l\u00fc tork ve yumu\u015fak h\u0131zlanma sa\u011flayarak s\u0131k\u0131\u015ft\u0131r\u0131lm\u0131\u015f kil veya taneli toprakta bile sabit s\u0131k\u0131\u015ft\u0131rma kuvvetinin korunmas\u0131na yard\u0131mc\u0131 olur. Makine, uzun s\u00fcreli kullan\u0131m s\u0131ras\u0131nda konfor ve kontrol sa\u011flayan g\u00fc\u00e7lendirilmi\u015f bir s\u0131k\u0131\u015ft\u0131rma pabucu, sa\u011flam bir \u015fasi ve darbe s\u00f6n\u00fcmlemeli bir tutamak sistemi i\u00e7erir.<\/p>\n<p data-start=\"1243\" data-end=\"1392\">Geri tepmeli \u00e7al\u0131\u015ft\u0131rma, optimize edilmi\u015f hava so\u011futmas\u0131 ve yak\u0131t tasarruflu performans\u0131, minimum servis ihtiyac\u0131 ile her g\u00fcn s\u0131k\u0131 \u00e7al\u0131\u015fmas\u0131n\u0131 sa\u011flar.<\/p>\n<h3 data-start=\"1399\" data-end=\"1460\">B\u00fcy\u00fck \u00d6l\u00e7ekli ve Uzun Saatli Saha Operasyonlar\u0131 i\u00e7in Uygun<\/h3>\n<p data-start=\"1462\" data-end=\"1739\">Bu model, \u00f6zellikle uzun vardiyalar veya y\u00fcksek g\u00fcvenilirlik gerektiren i\u015f sahalar\u0131nda belediye m\u00fchendisli\u011fi, in\u015faat temel i\u015fleri ve yol bak\u0131m\u0131 i\u00e7in idealdir. \u0130ster uzak projelerde ister trafi\u011fin yo\u011fun oldu\u011fu kentsel alanlarda olsun, CH-H125 g\u00fcvenilir ve dayan\u0131kl\u0131 oldu\u011funu kan\u0131tlar.<\/p>\n<p data-start=\"1741\" data-end=\"1824\">Honda'n\u0131n k\u00fcresel destek a\u011f\u0131, neredeyse her yerde par\u00e7a ve servise eri\u015fim sa\u011flar.<\/p>\n<h3 data-start=\"1831\" data-end=\"1884\">CH-H125 Benzinli S\u0131k\u0131\u015ft\u0131rma Tokma\u011f\u0131n\u0131n Temel \u00d6zellikleri<\/h3>\n<ul data-start=\"1886\" data-end=\"2198\">\n<li data-start=\"1886\" data-end=\"1948\">\n<p data-start=\"1888\" data-end=\"1948\">\u00dcst\u00fcn g\u00fcvenilirlik i\u00e7in Honda GX160 motor ile donat\u0131lm\u0131\u015ft\u0131r<\/p>\n<\/li>\n<li data-start=\"1949\" data-end=\"1997\">\n<p data-start=\"1951\" data-end=\"1997\">Tutarl\u0131 ve derin toprak s\u0131k\u0131\u015ft\u0131rmas\u0131 sa\u011flar<\/p>\n<\/li>\n<li data-start=\"1998\" data-end=\"2069\">\n<p data-start=\"2000\" data-end=\"2069\">Operat\u00f6r konforu i\u00e7in titre\u015fim s\u00f6n\u00fcmleme sistemine sahip g\u00fc\u00e7l\u00fc \u015fasi<\/p>\n<\/li>\n<li data-start=\"2070\" data-end=\"2131\">\n<p data-start=\"2072\" data-end=\"2131\">Hendek, temel ve altyap\u0131 projeleri i\u00e7in ideal<\/p>\n<\/li>\n<li data-start=\"2132\" data-end=\"2198\">\n<p data-start=\"2134\" data-end=\"2198\">D\u00fcnya \u00e7ap\u0131nda desteklenen par\u00e7a bulunabilirli\u011fi ile uzun \u00f6m\u00fcrl\u00fc tasar\u0131m<\/p>\n<\/li>\n<\/ul>\n<p><iframe title=\"kompakt\u00f6r, s\u0131k\u0131\u015ft\u0131rma tokmak, tamper, plaka kompakt\u00f6r, in\u015faat titre\u015fimi, kompakt\u00f6r makinesi.#tamping\" width=\"720\" height=\"540\" src=\"https:\/\/www.youtube.com\/embed\/j8Nod6Mcz9w?feature=oembed\" frameborder=\"0\" allow=\"accelerometer; autoplay; clipboard-write; encrypted-media; gyroscope; picture-in-picture; web-share\" referrerpolicy=\"strict-origin-when-cross-origin\" allowfullscreen><\/iframe><\/p>","protected":false},"excerpt":{"rendered":"<p>CH-H125 s\u0131k\u0131\u015ft\u0131rma tokmaklar\u0131, zorlu \u015fantiyelerde derin ve dengeli s\u0131k\u0131\u015ft\u0131rma sa\u011flamak i\u00e7in Honda GX160 motor kullan\u0131r. G\u00fcvenilir, verimli ve g\u00fcnl\u00fck kullan\u0131m i\u00e7in \u00fcretilmi\u015ftir.<\/p>","protected":false},"featured_media":9092,"template":"","meta":{"_kad_post_transparent":"default","_kad_post_title":"","_kad_post_layout":"default","_kad_post_sidebar_id":"","_kad_post_content_style":"default","_kad_post_vertical_padding":"default","_kad_post_feature":"","_kad_post_feature_position":"","_kad_post_header":false,"_kad_post_footer":false},"product_brand":[],"product_cat":[83],"product_tag":[1060,1057,1058,1059,1051,1052,1056,1053,1055,1054],"class_list":{"0":"post-9091","1":"product","2":"type-product","3":"status-publish","4":"has-post-thumbnail","6":"product_cat-tamping-rammer","7":"product_tag-backfill-compactor-machine","8":"product_tag-diesel-tamping-rammer","9":"product_tag-earth-tamping-machine","10":"product_tag-handheld-tamping-rammer","11":"product_tag-impact-rammer","12":"product_tag-jumping-jack-compactor","13":"product_tag-petrol-tamping-rammer","14":"product_tag-plate-tamping-rammer","15":"product_tag-soil-compaction-rammer","16":"product_tag-vibratory-tamping-rammer","18":"first","19":"instock","20":"featured","21":"shipping-taxable","22":"product-type-simple","23":"entry","24":"content-bg","25":"loop-entry"},"yoast_head":"<!-- This site is optimized with the Yoast SEO plugin v25.3.1 - https:\/\/yoast.com\/wordpress\/plugins\/seo\/ -->\n<title>Tamping Rammer CH-H125 - HSY Construction Machinery<\/title>\n<meta name=\"description\" content=\"CH-H125 Honda Tamping Rammer delivers powerful soil compaction with durable performance for trench, foundation, and roadwork. Ideal for professionals.\" \/>\n<meta name=\"robots\" content=\"index, follow, max-snippet:-1, max-image-preview:large, max-video-preview:-1\" \/>\n<link rel=\"canonical\" href=\"https:\/\/www.hsymachinery.com\/tr\/product\/sikistirma-tokmagi-ch-h125\/\" \/>\n<meta property=\"og:locale\" content=\"tr_TR\" \/>\n<meta property=\"og:type\" content=\"article\" \/>\n<meta property=\"og:title\" content=\"Tamping Rammer CH-H125 - HSY Construction Machinery\" \/>\n<meta property=\"og:description\" content=\"CH-H125 Honda Tamping Rammer delivers powerful soil compaction with durable performance for trench, foundation, and roadwork. Ideal for professionals.\" \/>\n<meta property=\"og:url\" content=\"https:\/\/www.hsymachinery.com\/tr\/product\/sikistirma-tokmagi-ch-h125\/\" \/>\n<meta property=\"og:site_name\" content=\"HSY Construction Machinery\" \/>\n<meta property=\"article:modified_time\" content=\"2025-06-28T07:46:29+00:00\" \/>\n<meta property=\"og:image\" content=\"https:\/\/www.hsymachinery.com\/wp-content\/uploads\/2025\/06\/Tamping-Rammer-CH-H125.jpg\" \/>\n\t<meta property=\"og:image:width\" content=\"800\" \/>\n\t<meta property=\"og:image:height\" content=\"800\" \/>\n\t<meta property=\"og:image:type\" content=\"image\/jpeg\" \/>\n<meta name=\"twitter:card\" content=\"summary_large_image\" \/>\n<meta name=\"twitter:label1\" content=\"Tahmini okuma s\u00fcresi\" \/>\n\t<meta name=\"twitter:data1\" content=\"2 dakika\" \/>\n<script type=\"application\/ld+json\" class=\"yoast-schema-graph\">{\"@context\":\"https:\/\/schema.org\",\"@graph\":[{\"@type\":\"WebPage\",\"@id\":\"https:\/\/www.hsymachinery.com\/product\/tamping-rammer-ch-h125\/\",\"url\":\"https:\/\/www.hsymachinery.com\/product\/tamping-rammer-ch-h125\/\",\"name\":\"Tamping Rammer CH-H125 - HSY Construction Machinery\",\"isPartOf\":{\"@id\":\"https:\/\/www.hsymachinery.com\/#website\"},\"primaryImageOfPage\":{\"@id\":\"https:\/\/www.hsymachinery.com\/product\/tamping-rammer-ch-h125\/#primaryimage\"},\"image\":{\"@id\":\"https:\/\/www.hsymachinery.com\/product\/tamping-rammer-ch-h125\/#primaryimage\"},\"thumbnailUrl\":\"https:\/\/www.hsymachinery.com\/wp-content\/uploads\/2025\/06\/Tamping-Rammer-CH-H125.jpg\",\"datePublished\":\"2025-06-18T08:31:39+00:00\",\"dateModified\":\"2025-06-28T07:46:29+00:00\",\"description\":\"CH-H125 Honda Tamping Rammer delivers powerful soil compaction with durable performance for trench, foundation, and roadwork. Ideal for professionals.\",\"breadcrumb\":{\"@id\":\"https:\/\/www.hsymachinery.com\/product\/tamping-rammer-ch-h125\/#breadcrumb\"},\"inLanguage\":\"tr\",\"potentialAction\":[{\"@type\":\"ReadAction\",\"target\":[\"https:\/\/www.hsymachinery.com\/product\/tamping-rammer-ch-h125\/\"]}]},{\"@type\":\"ImageObject\",\"inLanguage\":\"tr\",\"@id\":\"https:\/\/www.hsymachinery.com\/product\/tamping-rammer-ch-h125\/#primaryimage\",\"url\":\"https:\/\/www.hsymachinery.com\/wp-content\/uploads\/2025\/06\/Tamping-Rammer-CH-H125.jpg\",\"contentUrl\":\"https:\/\/www.hsymachinery.com\/wp-content\/uploads\/2025\/06\/Tamping-Rammer-CH-H125.jpg\",\"width\":800,\"height\":800},{\"@type\":\"BreadcrumbList\",\"@id\":\"https:\/\/www.hsymachinery.com\/product\/tamping-rammer-ch-h125\/#breadcrumb\",\"itemListElement\":[{\"@type\":\"ListItem\",\"position\":1,\"name\":\"home\",\"item\":\"https:\/\/www.hsymachinery.com\/\"},{\"@type\":\"ListItem\",\"position\":2,\"name\":\"products\",\"item\":\"https:\/\/www.hsymachinery.com\/products\/\"},{\"@type\":\"ListItem\",\"position\":3,\"name\":\"Tamping Rammer CH-H125\"}]},{\"@type\":\"WebSite\",\"@id\":\"https:\/\/www.hsymachinery.com\/#website\",\"url\":\"https:\/\/www.hsymachinery.com\/\",\"name\":\"HSY Construction Machinery\",\"description\":\"HSY Machinery \u2013 A leading China construction machinery supplier, offering a wide range of light construction equipment. Our main products include Rebar Cutting Machine, Rebar Bending Machine, Rebar Stirrup Bending Machine, Rebar Arc Bending Machine, Rebar Straightening Machine, Five-Head Rebar Stirrup Bending Machine, Tamping Rammer, Plate Compactor, Concrete Cutter, Power Trowel, and other construction machinery. We are equipped with advanced CNC machines, and we enforce strict quality inspection standards along with comprehensive after-sales service. If you are interested in our products or services, we warmly welcome your inquiries via message.\",\"publisher\":{\"@id\":\"https:\/\/www.hsymachinery.com\/#organization\"},\"potentialAction\":[{\"@type\":\"SearchAction\",\"target\":{\"@type\":\"EntryPoint\",\"urlTemplate\":\"https:\/\/www.hsymachinery.com\/?s={search_term_string}\"},\"query-input\":{\"@type\":\"PropertyValueSpecification\",\"valueRequired\":true,\"valueName\":\"search_term_string\"}}],\"inLanguage\":\"tr\"},{\"@type\":\"Organization\",\"@id\":\"https:\/\/www.hsymachinery.com\/#organization\",\"name\":\"HSY Construction Machinery\",\"url\":\"https:\/\/www.hsymachinery.com\/\",\"logo\":{\"@type\":\"ImageObject\",\"inLanguage\":\"tr\",\"@id\":\"https:\/\/www.hsymachinery.com\/#\/schema\/logo\/image\/\",\"url\":\"https:\/\/www.hsymachinery.com\/wp-content\/uploads\/2025\/06\/cropped-HSY-machinery.png\",\"contentUrl\":\"https:\/\/www.hsymachinery.com\/wp-content\/uploads\/2025\/06\/cropped-HSY-machinery.png\",\"width\":600,\"height\":240,\"caption\":\"HSY Construction Machinery\"},\"image\":{\"@id\":\"https:\/\/www.hsymachinery.com\/#\/schema\/logo\/image\/\"}}]}<\/script>\n<!-- \/ Yoast SEO plugin. -->","yoast_head_json":{"title":"S\u0131k\u0131\u015ft\u0131rma Tokma\u011f\u0131 CH-H125 - HSY Construction Machinery","description":"CH-H125 Honda S\u0131k\u0131\u015ft\u0131rma Tokma\u011f\u0131, hendek, temel ve yol \u00e7al\u0131\u015fmalar\u0131 i\u00e7in dayan\u0131kl\u0131 performans ile g\u00fc\u00e7l\u00fc toprak s\u0131k\u0131\u015ft\u0131rmas\u0131 sa\u011flar. Profesyoneller i\u00e7in idealdir.","robots":{"index":"index","follow":"follow","max-snippet":"max-snippet:-1","max-image-preview":"max-image-preview:large","max-video-preview":"max-video-preview:-1"},"canonical":"https:\/\/www.hsymachinery.com\/tr\/product\/sikistirma-tokmagi-ch-h125\/","og_locale":"tr_TR","og_type":"article","og_title":"Tamping Rammer CH-H125 - HSY Construction Machinery","og_description":"CH-H125 Honda Tamping Rammer delivers powerful soil compaction with durable performance for trench, foundation, and roadwork. Ideal for professionals.","og_url":"https:\/\/www.hsymachinery.com\/tr\/product\/sikistirma-tokmagi-ch-h125\/","og_site_name":"HSY Construction Machinery","article_modified_time":"2025-06-28T07:46:29+00:00","og_image":[{"width":800,"height":800,"url":"https:\/\/www.hsymachinery.com\/wp-content\/uploads\/2025\/06\/Tamping-Rammer-CH-H125.jpg","type":"image\/jpeg"}],"twitter_card":"summary_large_image","twitter_misc":{"Tahmini okuma s\u00fcresi":"2 dakika"},"schema":{"@context":"https:\/\/schema.org","@graph":[{"@type":"WebPage","@id":"https:\/\/www.hsymachinery.com\/product\/tamping-rammer-ch-h125\/","url":"https:\/\/www.hsymachinery.com\/product\/tamping-rammer-ch-h125\/","name":"S\u0131k\u0131\u015ft\u0131rma Tokma\u011f\u0131 CH-H125 - HSY Construction Machinery","isPartOf":{"@id":"https:\/\/www.hsymachinery.com\/#website"},"primaryImageOfPage":{"@id":"https:\/\/www.hsymachinery.com\/product\/tamping-rammer-ch-h125\/#primaryimage"},"image":{"@id":"https:\/\/www.hsymachinery.com\/product\/tamping-rammer-ch-h125\/#primaryimage"},"thumbnailUrl":"https:\/\/www.hsymachinery.com\/wp-content\/uploads\/2025\/06\/Tamping-Rammer-CH-H125.jpg","datePublished":"2025-06-18T08:31:39+00:00","dateModified":"2025-06-28T07:46:29+00:00","description":"CH-H125 Honda S\u0131k\u0131\u015ft\u0131rma Tokma\u011f\u0131, hendek, temel ve yol \u00e7al\u0131\u015fmalar\u0131 i\u00e7in dayan\u0131kl\u0131 performans ile g\u00fc\u00e7l\u00fc toprak s\u0131k\u0131\u015ft\u0131rmas\u0131 sa\u011flar. Profesyoneller i\u00e7in idealdir.","breadcrumb":{"@id":"https:\/\/www.hsymachinery.com\/product\/tamping-rammer-ch-h125\/#breadcrumb"},"inLanguage":"tr","potentialAction":[{"@type":"ReadAction","target":["https:\/\/www.hsymachinery.com\/product\/tamping-rammer-ch-h125\/"]}]},{"@type":"ImageObject","inLanguage":"tr","@id":"https:\/\/www.hsymachinery.com\/product\/tamping-rammer-ch-h125\/#primaryimage","url":"https:\/\/www.hsymachinery.com\/wp-content\/uploads\/2025\/06\/Tamping-Rammer-CH-H125.jpg","contentUrl":"https:\/\/www.hsymachinery.com\/wp-content\/uploads\/2025\/06\/Tamping-Rammer-CH-H125.jpg","width":800,"height":800},{"@type":"BreadcrumbList","@id":"https:\/\/www.hsymachinery.com\/product\/tamping-rammer-ch-h125\/#breadcrumb","itemListElement":[{"@type":"ListItem","position":1,"name":"home","item":"https:\/\/www.hsymachinery.com\/"},{"@type":"ListItem","position":2,"name":"products","item":"https:\/\/www.hsymachinery.com\/products\/"},{"@type":"ListItem","position":3,"name":"Tamping Rammer CH-H125"}]},{"@type":"WebSite","@id":"https:\/\/www.hsymachinery.com\/#website","url":"https:\/\/www.hsymachinery.com\/","name":"HSY \u0130n\u015faat Makineleri","description":"HSY Machinery - \u00c7ok \u00e7e\u015fitli hafif in\u015faat ekipmanlar\u0131 sunan lider bir \u00c7in in\u015faat makineleri tedarik\u00e7isi. Ba\u015fl\u0131ca \u00fcr\u00fcnlerimiz aras\u0131nda Demir Kesme Makinesi, Demir B\u00fckme Makinesi, Demir \u00dczengi B\u00fckme Makinesi, Demir Ark B\u00fckme Makinesi, Demir Do\u011frultma Makinesi, Be\u015f Kafal\u0131 Demir \u00dczengi B\u00fckme Makinesi, S\u0131k\u0131\u015ft\u0131rma Tokma\u011f\u0131, Plaka Kompakt\u00f6r\u00fc, Beton Kesici, Elektrikli Mala ve di\u011fer in\u015faat makineleri bulunmaktad\u0131r. Geli\u015fmi\u015f CNC makineleri ile donat\u0131lm\u0131\u015ft\u0131r ve kapsaml\u0131 sat\u0131\u015f sonras\u0131 hizmet ile birlikte s\u0131k\u0131 kalite kontrol standartlar\u0131n\u0131 uyguluyoruz. \u00dcr\u00fcnlerimiz veya hizmetlerimizle ilgileniyorsan\u0131z, sorular\u0131n\u0131z\u0131 mesaj yoluyla s\u0131cak bir \u015fekilde kar\u015f\u0131l\u0131yoruz.","publisher":{"@id":"https:\/\/www.hsymachinery.com\/#organization"},"potentialAction":[{"@type":"SearchAction","target":{"@type":"EntryPoint","urlTemplate":"https:\/\/www.hsymachinery.com\/?s={search_term_string}"},"query-input":{"@type":"PropertyValueSpecification","valueRequired":true,"valueName":"search_term_string"}}],"inLanguage":"tr"},{"@type":"Organization","@id":"https:\/\/www.hsymachinery.com\/#organization","name":"HSY \u0130n\u015faat Makineleri","url":"https:\/\/www.hsymachinery.com\/","logo":{"@type":"ImageObject","inLanguage":"tr","@id":"https:\/\/www.hsymachinery.com\/#\/schema\/logo\/image\/","url":"https:\/\/www.hsymachinery.com\/wp-content\/uploads\/2025\/06\/cropped-HSY-machinery.png","contentUrl":"https:\/\/www.hsymachinery.com\/wp-content\/uploads\/2025\/06\/cropped-HSY-machinery.png","width":600,"height":240,"caption":"HSY Construction Machinery"},"image":{"@id":"https:\/\/www.hsymachinery.com\/#\/schema\/logo\/image\/"}}]}},"_links":{"self":[{"href":"https:\/\/www.hsymachinery.com\/tr\/wp-json\/wp\/v2\/product\/9091","targetHints":{"allow":["GET"]}}],"collection":[{"href":"https:\/\/www.hsymachinery.com\/tr\/wp-json\/wp\/v2\/product"}],"about":[{"href":"https:\/\/www.hsymachinery.com\/tr\/wp-json\/wp\/v2\/types\/product"}],"version-history":[{"count":3,"href":"https:\/\/www.hsymachinery.com\/tr\/wp-json\/wp\/v2\/product\/9091\/revisions"}],"predecessor-version":[{"id":9513,"href":"https:\/\/www.hsymachinery.com\/tr\/wp-json\/wp\/v2\/product\/9091\/revisions\/9513"}],"wp:featuredmedia":[{"embeddable":true,"href":"https:\/\/www.hsymachinery.com\/tr\/wp-json\/wp\/v2\/media\/9092"}],"wp:attachment":[{"href":"https:\/\/www.hsymachinery.com\/tr\/wp-json\/wp\/v2\/media?parent=9091"}],"wp:term":[{"taxonomy":"product_brand","embeddable":true,"href":"https:\/\/www.hsymachinery.com\/tr\/wp-json\/wp\/v2\/product_brand?post=9091"},{"taxonomy":"product_cat","embeddable":true,"href":"https:\/\/www.hsymachinery.com\/tr\/wp-json\/wp\/v2\/product_cat?post=9091"},{"taxonomy":"product_tag","embeddable":true,"href":"https:\/\/www.hsymachinery.com\/tr\/wp-json\/wp\/v2\/product_tag?post=9091"}],"curies":[{"name":"wp","href":"https:\/\/api.w.org\/{rel}","templated":true}]}}