{"id":9058,"date":"2025-06-18T16:14:34","date_gmt":"2025-06-18T08:14:34","guid":{"rendered":"https:\/\/www.hsymachinery.com\/?post_type=product&#038;p=9058"},"modified":"2025-06-28T14:59:29","modified_gmt":"2025-06-28T06:59:29","slug":"sikistirma-tokmagi-ch-d100","status":"publish","type":"product","link":"https:\/\/www.hsymachinery.com\/tr\/product\/sikistirma-tokmagi-ch-d100\/","title":{"rendered":"S\u0131k\u0131\u015ft\u0131rma Tokma\u011f\u0131 CH-D100"},"content":{"rendered":"<h2 data-start=\"112\" data-end=\"142\">S\u0131k\u0131\u015ft\u0131rma Tokma\u011f\u0131 CH-D100<\/h2>\n<h3 data-start=\"143\" data-end=\"244\">CH-D100 Elektrikli Motorlu S\u0131k\u0131\u015ft\u0131rma Tokma\u011f\u0131 | Toprak ve Asfalt i\u00e7in Y\u00fcksek Verimli S\u0131k\u0131\u015ft\u0131rma Ekipman\u0131<\/h3>\n<h3 data-start=\"251\" data-end=\"332\">\u00dcr\u00fcne Genel Bak\u0131\u015f - G\u00fcvenilir Zemin S\u0131k\u0131\u015ft\u0131rma i\u00e7in Verimli Elektrik G\u00fcc\u00fc<a href=\"https:\/\/www.hsymachinery.com\/tr\/urunler\/sikistirma-tokmaklari\/\" target=\"_blank\" rel=\"noopener\"><img fetchpriority=\"high\" decoding=\"async\" class=\"wp-image-9060 alignright\" src=\"https:\/\/www.hsymachinery.com\/wp-content\/uploads\/2025\/06\/Tamping-Rammer-CH-D100-1-300x300.jpg\" alt=\"\" width=\"499\" height=\"499\" srcset=\"https:\/\/www.hsymachinery.com\/wp-content\/uploads\/2025\/06\/Tamping-Rammer-CH-D100-1-300x300.jpg 300w, https:\/\/www.hsymachinery.com\/wp-content\/uploads\/2025\/06\/Tamping-Rammer-CH-D100-1-150x150.jpg 150w, https:\/\/www.hsymachinery.com\/wp-content\/uploads\/2025\/06\/Tamping-Rammer-CH-D100-1-768x768.jpg 768w, https:\/\/www.hsymachinery.com\/wp-content\/uploads\/2025\/06\/Tamping-Rammer-CH-D100-1-600x600.jpg 600w, https:\/\/www.hsymachinery.com\/wp-content\/uploads\/2025\/06\/Tamping-Rammer-CH-D100-1-100x100.jpg 100w, https:\/\/www.hsymachinery.com\/wp-content\/uploads\/2025\/06\/Tamping-Rammer-CH-D100-1.jpg 800w\" sizes=\"(max-width: 499px) 100vw, 499px\" \/><\/a><\/h3>\n<p data-start=\"334\" data-end=\"689\">Bu <strong data-start=\"338\" data-end=\"373\">CH-D100 Elektrikli S\u0131k\u0131\u015ft\u0131rma Tokma\u011f\u0131<\/strong> \u00e7ok \u00e7e\u015fitli toprak ve asfalt i\u015flerinin \u00fcstesinden gelmek i\u00e7in tasarlanm\u0131\u015f g\u00fc\u00e7l\u00fc ve \u00e7evre dostu bir s\u0131k\u0131\u015ft\u0131rma makinesidir. Y\u00fcksek torklu bir elektrik motoruyla tahrik edilen bu makine, daha az g\u00fcr\u00fclt\u00fc ve s\u0131f\u0131r emisyonla tutarl\u0131 bir s\u0131k\u0131\u015ft\u0131rma kuvveti sunar; g\u00fcr\u00fclt\u00fc veya egzoz k\u0131s\u0131tlamalar\u0131 olan kapal\u0131 ortamlar ve kentsel projeler i\u00e7in m\u00fckemmeldir.<\/p>\n<p data-start=\"691\" data-end=\"894\">Kohezyonlu topra\u011f\u0131n s\u0131k\u0131\u015ft\u0131r\u0131lmas\u0131, hendek dolgusu, temel \u00e7ukurlar\u0131 ve yol onar\u0131mlar\u0131 i\u00e7in ideal olan CH-D100, in\u015faat profesyonelleri i\u00e7in performans, g\u00fcvenilirlik ve enerji verimlili\u011fi aras\u0131nda bir denge sunar.<\/p>\n<h3 data-start=\"901\" data-end=\"960\">Sorunsuz \u00c7al\u0131\u015fma, Dayan\u0131kl\u0131 Yap\u0131 ve D\u00fc\u015f\u00fck Bak\u0131m<\/h3>\n<p data-start=\"962\" data-end=\"1304\">Benzinli veya dizel tamponlar\u0131n aksine, CH-D100 yak\u0131t dolumu gerektirmez, b\u00f6ylece i\u015fletme maliyetlerini ve yang\u0131n risklerini en aza indirir. Elektrikli motoru an\u0131nda \u00e7al\u0131\u015farak her t\u00fcrl\u00fc hava ko\u015fulunda g\u00fcvenilir \u00e7al\u0131\u015fma sa\u011flar. Makine, operat\u00f6r\u00fc korumak i\u00e7in titre\u015fimi emerken darbe kuvvetini en \u00fcst d\u00fczeye \u00e7\u0131karan a\u011f\u0131r hizmet tipi bir yay sistemine sahiptir.<\/p>\n<p data-start=\"1306\" data-end=\"1451\">Sa\u011flam d\u00f6rt noktal\u0131 \u015fok yuvas\u0131, g\u00fc\u00e7lendirilmi\u015f pabu\u00e7 plakas\u0131 ve kompakt g\u00f6vdesiyle CH-D100, dar \u00e7al\u0131\u015fma alanlar\u0131nda bile iyi performans g\u00f6sterir.<\/p>\n<h3 data-start=\"1458\" data-end=\"1508\">\u0130\u00e7 Mekan ve Kentsel \u0130n\u015faat Kullan\u0131m\u0131 i\u00e7in \u0130deal<\/h3>\n<p data-start=\"1510\" data-end=\"1780\">CH-D100 \u00e7evresel uyumlulu\u011fu ile \u00f6ne \u00e7\u0131kar. Egzoz emisyonu \u00fcretmez ve daha d\u00fc\u015f\u00fck desibel seviyesinde \u00e7al\u0131\u015f\u0131r, bu da onu hava kalitesi ve g\u00fcr\u00fclt\u00fcn\u00fcn \u00f6nemli oldu\u011fu yeralt\u0131 in\u015faatlar\u0131, t\u00fcnel \u00e7al\u0131\u015fmalar\u0131 ve kapal\u0131 \u015fantiyeler i\u00e7in m\u00fckemmel hale getirir.<\/p>\n<p data-start=\"1782\" data-end=\"1936\">Basit yap\u0131s\u0131 ve d\u00fc\u015f\u00fck bak\u0131m gereksinimleri sayesinde bu elektrikli tokmak, modern m\u00fcteahhitler i\u00e7in uzun \u00f6m\u00fcrl\u00fc bir yat\u0131r\u0131md\u0131r.<\/p>\n<h3 data-start=\"1943\" data-end=\"1996\">CH-D100 Elektrikli S\u0131k\u0131\u015ft\u0131rma Tokma\u011f\u0131n\u0131n Temel \u00d6zellikleri<\/h3>\n<ul data-start=\"1998\" data-end=\"2300\">\n<li data-start=\"1998\" data-end=\"2068\">\n<p data-start=\"2000\" data-end=\"2068\">Dayan\u0131kl\u0131 bir elektrik motoru ile donat\u0131lm\u0131\u015ft\u0131r, i\u00e7 mekan\/kentsel kullan\u0131m i\u00e7in idealdir<\/p>\n<\/li>\n<li data-start=\"2069\" data-end=\"2131\">\n<p data-start=\"2071\" data-end=\"2131\">Yak\u0131t veya emisyon olmadan g\u00fc\u00e7l\u00fc s\u0131k\u0131\u015ft\u0131rma kuvveti sa\u011flar<\/p>\n<\/li>\n<li data-start=\"2132\" data-end=\"2182\">\n<p data-start=\"2134\" data-end=\"2182\">Minimum bak\u0131m ile h\u0131zl\u0131 ba\u015flang\u0131\u00e7l\u0131 \u00e7al\u0131\u015fma<\/p>\n<\/li>\n<li data-start=\"2183\" data-end=\"2241\">\n<p data-start=\"2185\" data-end=\"2241\">G\u00fc\u00e7lendirilmi\u015f kurcalama plakas\u0131 ve titre\u015fim \u00f6nleyici \u015fok montaj\u0131<\/p>\n<\/li>\n<li data-start=\"2242\" data-end=\"2300\">\n<p data-start=\"2244\" data-end=\"2300\">Hendekler, temeller ve kapal\u0131 alanlar i\u00e7in uygundur<\/p>\n<\/li>\n<\/ul>\n<p><iframe title=\"kompakt\u00f6r, s\u0131k\u0131\u015ft\u0131rma tokmak, tamper, plaka kompakt\u00f6r, in\u015faat titre\u015fimi, kompakt\u00f6r makinesi.#tamping\" width=\"720\" height=\"540\" src=\"https:\/\/www.youtube.com\/embed\/j8Nod6Mcz9w?feature=oembed\" frameborder=\"0\" allow=\"accelerometer; autoplay; clipboard-write; encrypted-media; gyroscope; picture-in-picture; web-share\" referrerpolicy=\"strict-origin-when-cross-origin\" allowfullscreen><\/iframe><\/p>","protected":false},"excerpt":{"rendered":"<p>CH-D100 elektrikli tokmak, hendekler, temeller ve kentsel \u015fantiyeler i\u00e7in yak\u0131ts\u0131z, emisyonsuz toprak s\u0131k\u0131\u015ft\u0131rma sunar. Sessiz, temiz ve uzun s\u00fcreli kullan\u0131m i\u00e7in \u00fcretilmi\u015ftir.<\/p>","protected":false},"featured_media":9060,"template":"","meta":{"_kad_post_transparent":"default","_kad_post_title":"","_kad_post_layout":"default","_kad_post_sidebar_id":"","_kad_post_content_style":"default","_kad_post_vertical_padding":"default","_kad_post_feature":"","_kad_post_feature_position":"","_kad_post_header":false,"_kad_post_footer":false},"product_brand":[],"product_cat":[83],"product_tag":[1060,1057,1058,1059,1051,1052,1056,1053,1055,1054],"class_list":{"0":"post-9058","1":"product","2":"type-product","3":"status-publish","4":"has-post-thumbnail","6":"product_cat-tamping-rammer","7":"product_tag-backfill-compactor-machine","8":"product_tag-diesel-tamping-rammer","9":"product_tag-earth-tamping-machine","10":"product_tag-handheld-tamping-rammer","11":"product_tag-impact-rammer","12":"product_tag-jumping-jack-compactor","13":"product_tag-petrol-tamping-rammer","14":"product_tag-plate-tamping-rammer","15":"product_tag-soil-compaction-rammer","16":"product_tag-vibratory-tamping-rammer","18":"first","19":"instock","20":"shipping-taxable","21":"product-type-simple","22":"entry","23":"content-bg","24":"loop-entry"},"yoast_head":"<!-- This site is optimized with the Yoast SEO plugin v25.3.1 - https:\/\/yoast.com\/wordpress\/plugins\/seo\/ -->\n<title>Tamping Rammer CH-D100 - HSY Construction Machinery<\/title>\n<meta name=\"description\" content=\"CH-D100 Electric Tamping Rammer delivers clean, fuel-free soil compaction. Ideal for indoor, trench, and foundation work. Durable, quiet, and easy to maintain.\" \/>\n<meta name=\"robots\" content=\"index, follow, max-snippet:-1, max-image-preview:large, max-video-preview:-1\" \/>\n<link rel=\"canonical\" href=\"https:\/\/www.hsymachinery.com\/tr\/product\/sikistirma-tokmagi-ch-d100\/\" \/>\n<meta property=\"og:locale\" content=\"tr_TR\" \/>\n<meta property=\"og:type\" content=\"article\" \/>\n<meta property=\"og:title\" content=\"Tamping Rammer CH-D100 - HSY Construction Machinery\" \/>\n<meta property=\"og:description\" content=\"CH-D100 Electric Tamping Rammer delivers clean, fuel-free soil compaction. Ideal for indoor, trench, and foundation work. Durable, quiet, and easy to maintain.\" \/>\n<meta property=\"og:url\" content=\"https:\/\/www.hsymachinery.com\/tr\/product\/sikistirma-tokmagi-ch-d100\/\" \/>\n<meta property=\"og:site_name\" content=\"HSY Construction Machinery\" \/>\n<meta property=\"article:modified_time\" content=\"2025-06-28T06:59:29+00:00\" \/>\n<meta property=\"og:image\" content=\"https:\/\/www.hsymachinery.com\/wp-content\/uploads\/2025\/06\/Tamping-Rammer-CH-D100-1.jpg\" \/>\n\t<meta property=\"og:image:width\" content=\"800\" \/>\n\t<meta property=\"og:image:height\" content=\"800\" \/>\n\t<meta property=\"og:image:type\" content=\"image\/jpeg\" \/>\n<meta name=\"twitter:card\" content=\"summary_large_image\" \/>\n<meta name=\"twitter:label1\" content=\"Tahmini okuma s\u00fcresi\" \/>\n\t<meta name=\"twitter:data1\" content=\"2 dakika\" \/>\n<script type=\"application\/ld+json\" class=\"yoast-schema-graph\">{\"@context\":\"https:\/\/schema.org\",\"@graph\":[{\"@type\":\"WebPage\",\"@id\":\"https:\/\/www.hsymachinery.com\/product\/tamping-rammer-ch-d100\/\",\"url\":\"https:\/\/www.hsymachinery.com\/product\/tamping-rammer-ch-d100\/\",\"name\":\"Tamping Rammer CH-D100 - HSY Construction Machinery\",\"isPartOf\":{\"@id\":\"https:\/\/www.hsymachinery.com\/#website\"},\"primaryImageOfPage\":{\"@id\":\"https:\/\/www.hsymachinery.com\/product\/tamping-rammer-ch-d100\/#primaryimage\"},\"image\":{\"@id\":\"https:\/\/www.hsymachinery.com\/product\/tamping-rammer-ch-d100\/#primaryimage\"},\"thumbnailUrl\":\"https:\/\/www.hsymachinery.com\/wp-content\/uploads\/2025\/06\/Tamping-Rammer-CH-D100-1.jpg\",\"datePublished\":\"2025-06-18T08:14:34+00:00\",\"dateModified\":\"2025-06-28T06:59:29+00:00\",\"description\":\"CH-D100 Electric Tamping Rammer delivers clean, fuel-free soil compaction. Ideal for indoor, trench, and foundation work. Durable, quiet, and easy to maintain.\",\"breadcrumb\":{\"@id\":\"https:\/\/www.hsymachinery.com\/product\/tamping-rammer-ch-d100\/#breadcrumb\"},\"inLanguage\":\"tr\",\"potentialAction\":[{\"@type\":\"ReadAction\",\"target\":[\"https:\/\/www.hsymachinery.com\/product\/tamping-rammer-ch-d100\/\"]}]},{\"@type\":\"ImageObject\",\"inLanguage\":\"tr\",\"@id\":\"https:\/\/www.hsymachinery.com\/product\/tamping-rammer-ch-d100\/#primaryimage\",\"url\":\"https:\/\/www.hsymachinery.com\/wp-content\/uploads\/2025\/06\/Tamping-Rammer-CH-D100-1.jpg\",\"contentUrl\":\"https:\/\/www.hsymachinery.com\/wp-content\/uploads\/2025\/06\/Tamping-Rammer-CH-D100-1.jpg\",\"width\":800,\"height\":800},{\"@type\":\"BreadcrumbList\",\"@id\":\"https:\/\/www.hsymachinery.com\/product\/tamping-rammer-ch-d100\/#breadcrumb\",\"itemListElement\":[{\"@type\":\"ListItem\",\"position\":1,\"name\":\"home\",\"item\":\"https:\/\/www.hsymachinery.com\/\"},{\"@type\":\"ListItem\",\"position\":2,\"name\":\"products\",\"item\":\"https:\/\/www.hsymachinery.com\/products\/\"},{\"@type\":\"ListItem\",\"position\":3,\"name\":\"Tamping Rammer CH-D100\"}]},{\"@type\":\"WebSite\",\"@id\":\"https:\/\/www.hsymachinery.com\/#website\",\"url\":\"https:\/\/www.hsymachinery.com\/\",\"name\":\"HSY Construction Machinery\",\"description\":\"HSY Machinery \u2013 A leading China construction machinery supplier, offering a wide range of light construction equipment. Our main products include Rebar Cutting Machine, Rebar Bending Machine, Rebar Stirrup Bending Machine, Rebar Arc Bending Machine, Rebar Straightening Machine, Five-Head Rebar Stirrup Bending Machine, Tamping Rammer, Plate Compactor, Concrete Cutter, Power Trowel, and other construction machinery. We are equipped with advanced CNC machines, and we enforce strict quality inspection standards along with comprehensive after-sales service. If you are interested in our products or services, we warmly welcome your inquiries via message.\",\"publisher\":{\"@id\":\"https:\/\/www.hsymachinery.com\/#organization\"},\"potentialAction\":[{\"@type\":\"SearchAction\",\"target\":{\"@type\":\"EntryPoint\",\"urlTemplate\":\"https:\/\/www.hsymachinery.com\/?s={search_term_string}\"},\"query-input\":{\"@type\":\"PropertyValueSpecification\",\"valueRequired\":true,\"valueName\":\"search_term_string\"}}],\"inLanguage\":\"tr\"},{\"@type\":\"Organization\",\"@id\":\"https:\/\/www.hsymachinery.com\/#organization\",\"name\":\"HSY Construction Machinery\",\"url\":\"https:\/\/www.hsymachinery.com\/\",\"logo\":{\"@type\":\"ImageObject\",\"inLanguage\":\"tr\",\"@id\":\"https:\/\/www.hsymachinery.com\/#\/schema\/logo\/image\/\",\"url\":\"https:\/\/www.hsymachinery.com\/wp-content\/uploads\/2025\/06\/cropped-HSY-machinery.png\",\"contentUrl\":\"https:\/\/www.hsymachinery.com\/wp-content\/uploads\/2025\/06\/cropped-HSY-machinery.png\",\"width\":600,\"height\":240,\"caption\":\"HSY Construction Machinery\"},\"image\":{\"@id\":\"https:\/\/www.hsymachinery.com\/#\/schema\/logo\/image\/\"}}]}<\/script>\n<!-- \/ Yoast SEO plugin. -->","yoast_head_json":{"title":"S\u0131k\u0131\u015ft\u0131rma Tokma\u011f\u0131 CH-D100 - HSY Construction Machinery","description":"CH-D100 Elektrikli S\u0131k\u0131\u015ft\u0131rma Tokma\u011f\u0131 temiz, yak\u0131ts\u0131z toprak s\u0131k\u0131\u015ft\u0131rmas\u0131 sa\u011flar. \u0130\u00e7 mekan, hendek ve temel i\u015fleri i\u00e7in idealdir. Dayan\u0131kl\u0131, sessiz ve bak\u0131m\u0131 kolayd\u0131r.","robots":{"index":"index","follow":"follow","max-snippet":"max-snippet:-1","max-image-preview":"max-image-preview:large","max-video-preview":"max-video-preview:-1"},"canonical":"https:\/\/www.hsymachinery.com\/tr\/product\/sikistirma-tokmagi-ch-d100\/","og_locale":"tr_TR","og_type":"article","og_title":"Tamping Rammer CH-D100 - HSY Construction Machinery","og_description":"CH-D100 Electric Tamping Rammer delivers clean, fuel-free soil compaction. Ideal for indoor, trench, and foundation work. Durable, quiet, and easy to maintain.","og_url":"https:\/\/www.hsymachinery.com\/tr\/product\/sikistirma-tokmagi-ch-d100\/","og_site_name":"HSY Construction Machinery","article_modified_time":"2025-06-28T06:59:29+00:00","og_image":[{"width":800,"height":800,"url":"https:\/\/www.hsymachinery.com\/wp-content\/uploads\/2025\/06\/Tamping-Rammer-CH-D100-1.jpg","type":"image\/jpeg"}],"twitter_card":"summary_large_image","twitter_misc":{"Tahmini okuma s\u00fcresi":"2 dakika"},"schema":{"@context":"https:\/\/schema.org","@graph":[{"@type":"WebPage","@id":"https:\/\/www.hsymachinery.com\/product\/tamping-rammer-ch-d100\/","url":"https:\/\/www.hsymachinery.com\/product\/tamping-rammer-ch-d100\/","name":"S\u0131k\u0131\u015ft\u0131rma Tokma\u011f\u0131 CH-D100 - HSY Construction Machinery","isPartOf":{"@id":"https:\/\/www.hsymachinery.com\/#website"},"primaryImageOfPage":{"@id":"https:\/\/www.hsymachinery.com\/product\/tamping-rammer-ch-d100\/#primaryimage"},"image":{"@id":"https:\/\/www.hsymachinery.com\/product\/tamping-rammer-ch-d100\/#primaryimage"},"thumbnailUrl":"https:\/\/www.hsymachinery.com\/wp-content\/uploads\/2025\/06\/Tamping-Rammer-CH-D100-1.jpg","datePublished":"2025-06-18T08:14:34+00:00","dateModified":"2025-06-28T06:59:29+00:00","description":"CH-D100 Elektrikli S\u0131k\u0131\u015ft\u0131rma Tokma\u011f\u0131 temiz, yak\u0131ts\u0131z toprak s\u0131k\u0131\u015ft\u0131rmas\u0131 sa\u011flar. \u0130\u00e7 mekan, hendek ve temel i\u015fleri i\u00e7in idealdir. Dayan\u0131kl\u0131, sessiz ve bak\u0131m\u0131 kolayd\u0131r.","breadcrumb":{"@id":"https:\/\/www.hsymachinery.com\/product\/tamping-rammer-ch-d100\/#breadcrumb"},"inLanguage":"tr","potentialAction":[{"@type":"ReadAction","target":["https:\/\/www.hsymachinery.com\/product\/tamping-rammer-ch-d100\/"]}]},{"@type":"ImageObject","inLanguage":"tr","@id":"https:\/\/www.hsymachinery.com\/product\/tamping-rammer-ch-d100\/#primaryimage","url":"https:\/\/www.hsymachinery.com\/wp-content\/uploads\/2025\/06\/Tamping-Rammer-CH-D100-1.jpg","contentUrl":"https:\/\/www.hsymachinery.com\/wp-content\/uploads\/2025\/06\/Tamping-Rammer-CH-D100-1.jpg","width":800,"height":800},{"@type":"BreadcrumbList","@id":"https:\/\/www.hsymachinery.com\/product\/tamping-rammer-ch-d100\/#breadcrumb","itemListElement":[{"@type":"ListItem","position":1,"name":"home","item":"https:\/\/www.hsymachinery.com\/"},{"@type":"ListItem","position":2,"name":"products","item":"https:\/\/www.hsymachinery.com\/products\/"},{"@type":"ListItem","position":3,"name":"Tamping Rammer CH-D100"}]},{"@type":"WebSite","@id":"https:\/\/www.hsymachinery.com\/#website","url":"https:\/\/www.hsymachinery.com\/","name":"HSY \u0130n\u015faat Makineleri","description":"HSY Machinery - \u00c7ok \u00e7e\u015fitli hafif in\u015faat ekipmanlar\u0131 sunan lider bir \u00c7in in\u015faat makineleri tedarik\u00e7isi. Ba\u015fl\u0131ca \u00fcr\u00fcnlerimiz aras\u0131nda Demir Kesme Makinesi, Demir B\u00fckme Makinesi, Demir \u00dczengi B\u00fckme Makinesi, Demir Ark B\u00fckme Makinesi, Demir Do\u011frultma Makinesi, Be\u015f Kafal\u0131 Demir \u00dczengi B\u00fckme Makinesi, S\u0131k\u0131\u015ft\u0131rma Tokma\u011f\u0131, Plaka Kompakt\u00f6r\u00fc, Beton Kesici, Elektrikli Mala ve di\u011fer in\u015faat makineleri bulunmaktad\u0131r. Geli\u015fmi\u015f CNC makineleri ile donat\u0131lm\u0131\u015ft\u0131r ve kapsaml\u0131 sat\u0131\u015f sonras\u0131 hizmet ile birlikte s\u0131k\u0131 kalite kontrol standartlar\u0131n\u0131 uyguluyoruz. \u00dcr\u00fcnlerimiz veya hizmetlerimizle ilgileniyorsan\u0131z, sorular\u0131n\u0131z\u0131 mesaj yoluyla s\u0131cak bir \u015fekilde kar\u015f\u0131l\u0131yoruz.","publisher":{"@id":"https:\/\/www.hsymachinery.com\/#organization"},"potentialAction":[{"@type":"SearchAction","target":{"@type":"EntryPoint","urlTemplate":"https:\/\/www.hsymachinery.com\/?s={search_term_string}"},"query-input":{"@type":"PropertyValueSpecification","valueRequired":true,"valueName":"search_term_string"}}],"inLanguage":"tr"},{"@type":"Organization","@id":"https:\/\/www.hsymachinery.com\/#organization","name":"HSY \u0130n\u015faat Makineleri","url":"https:\/\/www.hsymachinery.com\/","logo":{"@type":"ImageObject","inLanguage":"tr","@id":"https:\/\/www.hsymachinery.com\/#\/schema\/logo\/image\/","url":"https:\/\/www.hsymachinery.com\/wp-content\/uploads\/2025\/06\/cropped-HSY-machinery.png","contentUrl":"https:\/\/www.hsymachinery.com\/wp-content\/uploads\/2025\/06\/cropped-HSY-machinery.png","width":600,"height":240,"caption":"HSY Construction Machinery"},"image":{"@id":"https:\/\/www.hsymachinery.com\/#\/schema\/logo\/image\/"}}]}},"_links":{"self":[{"href":"https:\/\/www.hsymachinery.com\/tr\/wp-json\/wp\/v2\/product\/9058","targetHints":{"allow":["GET"]}}],"collection":[{"href":"https:\/\/www.hsymachinery.com\/tr\/wp-json\/wp\/v2\/product"}],"about":[{"href":"https:\/\/www.hsymachinery.com\/tr\/wp-json\/wp\/v2\/types\/product"}],"version-history":[{"count":3,"href":"https:\/\/www.hsymachinery.com\/tr\/wp-json\/wp\/v2\/product\/9058\/revisions"}],"predecessor-version":[{"id":9491,"href":"https:\/\/www.hsymachinery.com\/tr\/wp-json\/wp\/v2\/product\/9058\/revisions\/9491"}],"wp:featuredmedia":[{"embeddable":true,"href":"https:\/\/www.hsymachinery.com\/tr\/wp-json\/wp\/v2\/media\/9060"}],"wp:attachment":[{"href":"https:\/\/www.hsymachinery.com\/tr\/wp-json\/wp\/v2\/media?parent=9058"}],"wp:term":[{"taxonomy":"product_brand","embeddable":true,"href":"https:\/\/www.hsymachinery.com\/tr\/wp-json\/wp\/v2\/product_brand?post=9058"},{"taxonomy":"product_cat","embeddable":true,"href":"https:\/\/www.hsymachinery.com\/tr\/wp-json\/wp\/v2\/product_cat?post=9058"},{"taxonomy":"product_tag","embeddable":true,"href":"https:\/\/www.hsymachinery.com\/tr\/wp-json\/wp\/v2\/product_tag?post=9058"}],"curies":[{"name":"wp","href":"https:\/\/api.w.org\/{rel}","templated":true}]}}