{"id":9042,"date":"2025-06-18T15:30:53","date_gmt":"2025-06-18T07:30:53","guid":{"rendered":"https:\/\/www.hsymachinery.com\/?post_type=product&#038;p=9042"},"modified":"2025-06-28T13:28:00","modified_gmt":"2025-06-28T05:28:00","slug":"otomati%cc%87k-uzengi%cc%87-bukme-maki%cc%87nesi%cc%87-stwq4-12a","status":"publish","type":"product","link":"https:\/\/www.hsymachinery.com\/tr\/product\/otomati%cc%87k-uzengi%cc%87-bukme-maki%cc%87nesi%cc%87-stwq4-12a\/","title":{"rendered":"Otomatik \u00dczengi B\u00fckme Makinesi STWQ4-12A"},"content":{"rendered":"<h2 data-start=\"110\" data-end=\"161\">Otomatik \u00dczengi B\u00fckme Makinesi STWQ4-12A<\/h2>\n<h3 data-start=\"162\" data-end=\"265\">STWQ4-12A CNC Otomatik Demir \u00dczengi Bender | 4-10mm Demir i\u00e7in Bobin Tipi \u00c7elik \u00c7ubuk B\u00fckme Makinesi<\/h3>\n<h3 data-start=\"272\" data-end=\"361\">\u00dcr\u00fcne Genel Bak\u0131\u015f - \u0130n\u015faat ve Prefabrik Tesisler i\u00e7in Verimli Kangal Demir B\u00fckme<a href=\"https:\/\/www.hsymachinery.com\/tr\/urunler\/otomati%cc%87k-uzengi%cc%87-bukme-maki%cc%87nesi%cc%87\/\" target=\"_blank\" rel=\"noopener\"><img fetchpriority=\"high\" decoding=\"async\" class=\"wp-image-9043 alignright\" src=\"https:\/\/www.hsymachinery.com\/wp-content\/uploads\/2025\/06\/Automatic-Stirrup-Bending-Machine-STWQ4-12A-parameter-300x300.jpg\" alt=\"\" width=\"491\" height=\"491\" srcset=\"https:\/\/www.hsymachinery.com\/wp-content\/uploads\/2025\/06\/Automatic-Stirrup-Bending-Machine-STWQ4-12A-parameter-300x300.jpg 300w, https:\/\/www.hsymachinery.com\/wp-content\/uploads\/2025\/06\/Automatic-Stirrup-Bending-Machine-STWQ4-12A-parameter-150x150.jpg 150w, https:\/\/www.hsymachinery.com\/wp-content\/uploads\/2025\/06\/Automatic-Stirrup-Bending-Machine-STWQ4-12A-parameter-100x100.jpg 100w, https:\/\/www.hsymachinery.com\/wp-content\/uploads\/2025\/06\/Automatic-Stirrup-Bending-Machine-STWQ4-12A-parameter.jpg 600w\" sizes=\"(max-width: 491px) 100vw, 491px\" \/><\/a><\/h3>\n<p data-start=\"363\" data-end=\"801\">Bu <strong data-start=\"367\" data-end=\"414\">Otomatik \u00dczengi B\u00fckme Makinesi STWQ4-12A<\/strong> 4mm'den 10mm'ye kadar sarmal in\u015faat demirini do\u011fru etriye \u015fekillerine i\u015flemek i\u00e7in g\u00fcvenilir bir \u00e7\u00f6z\u00fcm sunar. CNC otomasyonu ve \u00e7ift servo motorlarla tasarlanan bu makine, y\u00fcksek \u00fcretim h\u0131z\u0131, hassas b\u00fckme a\u00e7\u0131lar\u0131 ve tutarl\u0131 \u00e7\u0131kt\u0131 sa\u011flayarak prefabrik bile\u015fen fabrikalar\u0131nda, \u00e7elik \u00e7ubuk i\u015fleme sahalar\u0131nda ve kentsel in\u015faat projelerinde pop\u00fcler bir se\u00e7imdir.<\/p>\n<p data-start=\"803\" data-end=\"920\">Kompakt yap\u0131s\u0131 ve otomatik besleme sistemi manuel kullan\u0131m\u0131 azalt\u0131rken, genel b\u00fckme verimlili\u011fini art\u0131r\u0131r.<\/p>\n<h3 data-start=\"927\" data-end=\"974\">Ak\u0131ll\u0131 Kontrol ve Hassas \u015eekillendirme Sistemi<\/h3>\n<p data-start=\"976\" data-end=\"1287\">STWQ4-12A, dokunmatik ekran aray\u00fcz\u00fcne sahip bilgisayarl\u0131 bir kontrol sistemini entegre ederek operat\u00f6rlerin birden fazla etriye \u015feklini ve a\u00e7\u0131s\u0131n\u0131 kolayl\u0131kla programlamas\u0131na olanak tan\u0131r. Makine otomatik olarak kangal \u00e7eli\u011fi \u00e7eker, d\u00fczeltir, boyuna keser ve belirlenen \u015fekle g\u00f6re b\u00fcker; bunlar\u0131n hepsi tek bir s\u00fcrekli d\u00f6ng\u00fcde ger\u00e7ekle\u015fir.<\/p>\n<p data-start=\"1289\" data-end=\"1444\">Servo tahrikli b\u00fckme kafas\u0131 temiz, tutarl\u0131 a\u00e7\u0131lar ve h\u0131zl\u0131 b\u00fckme sa\u011flarken, silindir tipi do\u011frultma sistemi deformasyonu en aza indirir.<\/p>\n<h3 data-start=\"1451\" data-end=\"1499\">Kompakt ve Dayan\u0131kl\u0131, \u0130hracat Kullan\u0131m\u0131 i\u00e7in \u00dcretildi<\/h3>\n<p data-start=\"1501\" data-end=\"1791\">Y\u00fcksek mukavemetli \u00e7elikten \u00fcretilen ve titre\u015fim direnci g\u00f6z \u00f6n\u00fcnde bulundurularak tasarlanan STWQ4-12A, hem dayan\u0131kl\u0131 hem de yerden tasarrufludur. Bir ar\u0131za tespit sistemi, merkezi ya\u011flama i\u00e7erir ve 380V\/50Hz standart end\u00fcstriyel g\u00fcc\u00fc destekler (ihracat i\u00e7in \u00f6zelle\u015ftirilebilir).<\/p>\n<p data-start=\"1793\" data-end=\"1936\">Otomatik i\u015f ak\u0131\u015f\u0131 ve istikrarl\u0131 performans\u0131, bu makineyi k\u00fcresel in\u015faat pazarlar\u0131nda y\u00fcksek hacimli in\u015faat demiri \u00fczengi \u00fcretimi i\u00e7in ideal bir makine haline getirmektedir.<\/p>\n<h3 data-start=\"1943\" data-end=\"1998\">STWQ4-12A \u00dczengi B\u00fckme Makinesinin Temel \u00d6zellikleri<\/h3>\n<ul data-start=\"2000\" data-end=\"2305\">\n<li data-start=\"2000\" data-end=\"2066\">\n<p data-start=\"2002\" data-end=\"2066\">4-10 mm sarmal in\u015faat demirini otomatik olarak d\u00fczeltir, keser ve b\u00fcker<\/p>\n<\/li>\n<li data-start=\"2067\" data-end=\"2125\">\n<p data-start=\"2069\" data-end=\"2125\">\u015eekil haf\u0131zal\u0131 programlama ile CNC dokunmatik kontrol sistemi<\/p>\n<\/li>\n<li data-start=\"2126\" data-end=\"2183\">\n<p data-start=\"2128\" data-end=\"2183\">H\u0131zl\u0131 ve hassas \u015fekillendirme i\u00e7in y\u00fcksek h\u0131zl\u0131 servo motorlar<\/p>\n<\/li>\n<li data-start=\"2184\" data-end=\"2247\">\n<p data-start=\"2186\" data-end=\"2247\">Fabrikada veya sahada kuruluma uygun kompakt tasar\u0131m<\/p>\n<\/li>\n<li data-start=\"2248\" data-end=\"2305\">\n<p data-start=\"2250\" data-end=\"2305\">Dayan\u0131kl\u0131 end\u00fcstriyel yap\u0131 ile ihracat dostu voltaj<\/p>\n<\/li>\n<\/ul>\n<p><iframe title=\"\u00dczengi b\u00fckme makinesi, cnc in\u015faat demiri b\u00fckme makinesi, in\u015faat demiri makinesi, in\u015faat demiri \u00fczengi b\u00fck\u00fcc\u00fc, \u00e7elik \u00e7ubuk b\u00fck\u00fcc\u00fc\" width=\"720\" height=\"405\" src=\"https:\/\/www.youtube.com\/embed\/20OwGP6WX-M?feature=oembed\" frameborder=\"0\" allow=\"accelerometer; autoplay; clipboard-write; encrypted-media; gyroscope; picture-in-picture; web-share\" referrerpolicy=\"strict-origin-when-cross-origin\" allowfullscreen><\/iframe><\/p>","protected":false},"excerpt":{"rendered":"<p>STWQ4-12A, 4-10 mm kangal in\u015faat demirini CNC kontrol\u00fc ile otomatik olarak etriye haline getirir. H\u0131zl\u0131, do\u011fru ve prefabrikasyon ve \u00e7elik i\u015fleme projeleri i\u00e7in idealdir.<\/p>","protected":false},"featured_media":9044,"template":"","meta":{"_kad_post_transparent":"default","_kad_post_title":"","_kad_post_layout":"default","_kad_post_sidebar_id":"","_kad_post_content_style":"default","_kad_post_vertical_padding":"default","_kad_post_feature":"","_kad_post_feature_position":"","_kad_post_header":false,"_kad_post_footer":false},"product_brand":[],"product_cat":[61],"product_tag":[998,1043,1042,1044,1046,1048,1045,1050,1047,1049],"class_list":{"0":"post-9042","1":"product","2":"type-product","3":"status-publish","4":"has-post-thumbnail","6":"product_cat-automatic-stirrup-bending-machine","7":"product_tag-automatic-rebar-bending-machine","8":"product_tag-automatic-rebar-stirrup-bending-and-cutting-machine","9":"product_tag-cnc-automatic-stirrup-bending-and-cutting-machine","10":"product_tag-cnc-stirrup-bending-machine","11":"product_tag-rebar-stirrup-making-machine","12":"product_tag-reinforcement-bar-stirrup-bender","13":"product_tag-steel-bar-stirrup-bender","14":"product_tag-stirrup-bender-for-construction-steel","15":"product_tag-stirrup-forming-machine","16":"product_tag-wire-stirrup-bending-equipment","18":"first","19":"instock","20":"shipping-taxable","21":"product-type-simple","22":"entry","23":"content-bg","24":"loop-entry"},"yoast_head":"<!-- This site is optimized with the Yoast SEO plugin v25.3.1 - https:\/\/yoast.com\/wordpress\/plugins\/seo\/ -->\n<title>Automatic Stirrup Bending Machine STWQ4-12A - HSY Construction Machinery<\/title>\n<meta name=\"description\" content=\"Automatic Stirrup Bending Machine STWQ4-12A processes 4\u201310mm coiled rebar into stirrups. CNC-controlled, compact, and built for high-efficiency production lines.\" \/>\n<meta name=\"robots\" content=\"index, follow, max-snippet:-1, max-image-preview:large, max-video-preview:-1\" \/>\n<link rel=\"canonical\" href=\"https:\/\/www.hsymachinery.com\/tr\/product\/otomati\u0307k-uzengi\u0307-bukme-maki\u0307nesi\u0307-stwq4-12a\/\" \/>\n<meta property=\"og:locale\" content=\"tr_TR\" \/>\n<meta property=\"og:type\" content=\"article\" \/>\n<meta property=\"og:title\" content=\"Automatic Stirrup Bending Machine STWQ4-12A - HSY Construction Machinery\" \/>\n<meta property=\"og:description\" content=\"Automatic Stirrup Bending Machine STWQ4-12A processes 4\u201310mm coiled rebar into stirrups. CNC-controlled, compact, and built for high-efficiency production lines.\" \/>\n<meta property=\"og:url\" content=\"https:\/\/www.hsymachinery.com\/tr\/product\/otomati\u0307k-uzengi\u0307-bukme-maki\u0307nesi\u0307-stwq4-12a\/\" \/>\n<meta property=\"og:site_name\" content=\"HSY Construction Machinery\" \/>\n<meta property=\"article:modified_time\" content=\"2025-06-28T05:28:00+00:00\" \/>\n<meta property=\"og:image\" content=\"https:\/\/www.hsymachinery.com\/wp-content\/uploads\/2025\/06\/Automatic-Stirrup-Bending-Machine-STWQ4-12A.jpg\" \/>\n\t<meta property=\"og:image:width\" content=\"600\" \/>\n\t<meta property=\"og:image:height\" content=\"600\" \/>\n\t<meta property=\"og:image:type\" content=\"image\/jpeg\" \/>\n<meta name=\"twitter:card\" content=\"summary_large_image\" \/>\n<meta name=\"twitter:label1\" content=\"Tahmini okuma s\u00fcresi\" \/>\n\t<meta name=\"twitter:data1\" content=\"2 dakika\" \/>\n<script type=\"application\/ld+json\" class=\"yoast-schema-graph\">{\"@context\":\"https:\/\/schema.org\",\"@graph\":[{\"@type\":\"WebPage\",\"@id\":\"https:\/\/www.hsymachinery.com\/product\/automatic-stirrup-bending-machine-stwq4-12a\/\",\"url\":\"https:\/\/www.hsymachinery.com\/product\/automatic-stirrup-bending-machine-stwq4-12a\/\",\"name\":\"Automatic Stirrup Bending Machine STWQ4-12A - HSY Construction Machinery\",\"isPartOf\":{\"@id\":\"https:\/\/www.hsymachinery.com\/#website\"},\"primaryImageOfPage\":{\"@id\":\"https:\/\/www.hsymachinery.com\/product\/automatic-stirrup-bending-machine-stwq4-12a\/#primaryimage\"},\"image\":{\"@id\":\"https:\/\/www.hsymachinery.com\/product\/automatic-stirrup-bending-machine-stwq4-12a\/#primaryimage\"},\"thumbnailUrl\":\"https:\/\/www.hsymachinery.com\/wp-content\/uploads\/2025\/06\/Automatic-Stirrup-Bending-Machine-STWQ4-12A.jpg\",\"datePublished\":\"2025-06-18T07:30:53+00:00\",\"dateModified\":\"2025-06-28T05:28:00+00:00\",\"description\":\"Automatic Stirrup Bending Machine STWQ4-12A processes 4\u201310mm coiled rebar into stirrups. CNC-controlled, compact, and built for high-efficiency production lines.\",\"breadcrumb\":{\"@id\":\"https:\/\/www.hsymachinery.com\/product\/automatic-stirrup-bending-machine-stwq4-12a\/#breadcrumb\"},\"inLanguage\":\"tr\",\"potentialAction\":[{\"@type\":\"ReadAction\",\"target\":[\"https:\/\/www.hsymachinery.com\/product\/automatic-stirrup-bending-machine-stwq4-12a\/\"]}]},{\"@type\":\"ImageObject\",\"inLanguage\":\"tr\",\"@id\":\"https:\/\/www.hsymachinery.com\/product\/automatic-stirrup-bending-machine-stwq4-12a\/#primaryimage\",\"url\":\"https:\/\/www.hsymachinery.com\/wp-content\/uploads\/2025\/06\/Automatic-Stirrup-Bending-Machine-STWQ4-12A.jpg\",\"contentUrl\":\"https:\/\/www.hsymachinery.com\/wp-content\/uploads\/2025\/06\/Automatic-Stirrup-Bending-Machine-STWQ4-12A.jpg\",\"width\":600,\"height\":600},{\"@type\":\"BreadcrumbList\",\"@id\":\"https:\/\/www.hsymachinery.com\/product\/automatic-stirrup-bending-machine-stwq4-12a\/#breadcrumb\",\"itemListElement\":[{\"@type\":\"ListItem\",\"position\":1,\"name\":\"home\",\"item\":\"https:\/\/www.hsymachinery.com\/\"},{\"@type\":\"ListItem\",\"position\":2,\"name\":\"products\",\"item\":\"https:\/\/www.hsymachinery.com\/products\/\"},{\"@type\":\"ListItem\",\"position\":3,\"name\":\"Automatic Stirrup Bending Machine STWQ4-12A\"}]},{\"@type\":\"WebSite\",\"@id\":\"https:\/\/www.hsymachinery.com\/#website\",\"url\":\"https:\/\/www.hsymachinery.com\/\",\"name\":\"HSY Construction Machinery\",\"description\":\"HSY Machinery \u2013 A leading China construction machinery supplier, offering a wide range of light construction equipment. Our main products include Rebar Cutting Machine, Rebar Bending Machine, Rebar Stirrup Bending Machine, Rebar Arc Bending Machine, Rebar Straightening Machine, Five-Head Rebar Stirrup Bending Machine, Tamping Rammer, Plate Compactor, Concrete Cutter, Power Trowel, and other construction machinery. We are equipped with advanced CNC machines, and we enforce strict quality inspection standards along with comprehensive after-sales service. If you are interested in our products or services, we warmly welcome your inquiries via message.\",\"publisher\":{\"@id\":\"https:\/\/www.hsymachinery.com\/#organization\"},\"potentialAction\":[{\"@type\":\"SearchAction\",\"target\":{\"@type\":\"EntryPoint\",\"urlTemplate\":\"https:\/\/www.hsymachinery.com\/?s={search_term_string}\"},\"query-input\":{\"@type\":\"PropertyValueSpecification\",\"valueRequired\":true,\"valueName\":\"search_term_string\"}}],\"inLanguage\":\"tr\"},{\"@type\":\"Organization\",\"@id\":\"https:\/\/www.hsymachinery.com\/#organization\",\"name\":\"HSY Construction Machinery\",\"url\":\"https:\/\/www.hsymachinery.com\/\",\"logo\":{\"@type\":\"ImageObject\",\"inLanguage\":\"tr\",\"@id\":\"https:\/\/www.hsymachinery.com\/#\/schema\/logo\/image\/\",\"url\":\"https:\/\/www.hsymachinery.com\/wp-content\/uploads\/2025\/06\/cropped-HSY-machinery.png\",\"contentUrl\":\"https:\/\/www.hsymachinery.com\/wp-content\/uploads\/2025\/06\/cropped-HSY-machinery.png\",\"width\":600,\"height\":240,\"caption\":\"HSY Construction Machinery\"},\"image\":{\"@id\":\"https:\/\/www.hsymachinery.com\/#\/schema\/logo\/image\/\"}}]}<\/script>\n<!-- \/ Yoast SEO plugin. -->","yoast_head_json":{"title":"Otomatik \u00dczengi B\u00fckme Makinesi STWQ4-12A - HSY \u0130n\u015faat Makinalar\u0131","description":"Otomatik Etriye B\u00fckme Makinesi STWQ4-12A, 4-10 mm sarmal in\u015faat demirini etriye haline getirir. CNC kontroll\u00fc, kompakt ve y\u00fcksek verimli \u00fcretim hatlar\u0131 i\u00e7in \u00fcretilmi\u015ftir.","robots":{"index":"index","follow":"follow","max-snippet":"max-snippet:-1","max-image-preview":"max-image-preview:large","max-video-preview":"max-video-preview:-1"},"canonical":"https:\/\/www.hsymachinery.com\/tr\/product\/otomati\u0307k-uzengi\u0307-bukme-maki\u0307nesi\u0307-stwq4-12a\/","og_locale":"tr_TR","og_type":"article","og_title":"Automatic Stirrup Bending Machine STWQ4-12A - HSY Construction Machinery","og_description":"Automatic Stirrup Bending Machine STWQ4-12A processes 4\u201310mm coiled rebar into stirrups. CNC-controlled, compact, and built for high-efficiency production lines.","og_url":"https:\/\/www.hsymachinery.com\/tr\/product\/otomati\u0307k-uzengi\u0307-bukme-maki\u0307nesi\u0307-stwq4-12a\/","og_site_name":"HSY Construction Machinery","article_modified_time":"2025-06-28T05:28:00+00:00","og_image":[{"width":600,"height":600,"url":"https:\/\/www.hsymachinery.com\/wp-content\/uploads\/2025\/06\/Automatic-Stirrup-Bending-Machine-STWQ4-12A.jpg","type":"image\/jpeg"}],"twitter_card":"summary_large_image","twitter_misc":{"Tahmini okuma s\u00fcresi":"2 dakika"},"schema":{"@context":"https:\/\/schema.org","@graph":[{"@type":"WebPage","@id":"https:\/\/www.hsymachinery.com\/product\/automatic-stirrup-bending-machine-stwq4-12a\/","url":"https:\/\/www.hsymachinery.com\/product\/automatic-stirrup-bending-machine-stwq4-12a\/","name":"Otomatik \u00dczengi B\u00fckme Makinesi STWQ4-12A - HSY \u0130n\u015faat Makinalar\u0131","isPartOf":{"@id":"https:\/\/www.hsymachinery.com\/#website"},"primaryImageOfPage":{"@id":"https:\/\/www.hsymachinery.com\/product\/automatic-stirrup-bending-machine-stwq4-12a\/#primaryimage"},"image":{"@id":"https:\/\/www.hsymachinery.com\/product\/automatic-stirrup-bending-machine-stwq4-12a\/#primaryimage"},"thumbnailUrl":"https:\/\/www.hsymachinery.com\/wp-content\/uploads\/2025\/06\/Automatic-Stirrup-Bending-Machine-STWQ4-12A.jpg","datePublished":"2025-06-18T07:30:53+00:00","dateModified":"2025-06-28T05:28:00+00:00","description":"Otomatik Etriye B\u00fckme Makinesi STWQ4-12A, 4-10 mm sarmal in\u015faat demirini etriye haline getirir. CNC kontroll\u00fc, kompakt ve y\u00fcksek verimli \u00fcretim hatlar\u0131 i\u00e7in \u00fcretilmi\u015ftir.","breadcrumb":{"@id":"https:\/\/www.hsymachinery.com\/product\/automatic-stirrup-bending-machine-stwq4-12a\/#breadcrumb"},"inLanguage":"tr","potentialAction":[{"@type":"ReadAction","target":["https:\/\/www.hsymachinery.com\/product\/automatic-stirrup-bending-machine-stwq4-12a\/"]}]},{"@type":"ImageObject","inLanguage":"tr","@id":"https:\/\/www.hsymachinery.com\/product\/automatic-stirrup-bending-machine-stwq4-12a\/#primaryimage","url":"https:\/\/www.hsymachinery.com\/wp-content\/uploads\/2025\/06\/Automatic-Stirrup-Bending-Machine-STWQ4-12A.jpg","contentUrl":"https:\/\/www.hsymachinery.com\/wp-content\/uploads\/2025\/06\/Automatic-Stirrup-Bending-Machine-STWQ4-12A.jpg","width":600,"height":600},{"@type":"BreadcrumbList","@id":"https:\/\/www.hsymachinery.com\/product\/automatic-stirrup-bending-machine-stwq4-12a\/#breadcrumb","itemListElement":[{"@type":"ListItem","position":1,"name":"home","item":"https:\/\/www.hsymachinery.com\/"},{"@type":"ListItem","position":2,"name":"products","item":"https:\/\/www.hsymachinery.com\/products\/"},{"@type":"ListItem","position":3,"name":"Automatic Stirrup Bending Machine STWQ4-12A"}]},{"@type":"WebSite","@id":"https:\/\/www.hsymachinery.com\/#website","url":"https:\/\/www.hsymachinery.com\/","name":"HSY \u0130n\u015faat Makineleri","description":"HSY Machinery - \u00c7ok \u00e7e\u015fitli hafif in\u015faat ekipmanlar\u0131 sunan lider bir \u00c7in in\u015faat makineleri tedarik\u00e7isi. Ba\u015fl\u0131ca \u00fcr\u00fcnlerimiz aras\u0131nda Demir Kesme Makinesi, Demir B\u00fckme Makinesi, Demir \u00dczengi B\u00fckme Makinesi, Demir Ark B\u00fckme Makinesi, Demir Do\u011frultma Makinesi, Be\u015f Kafal\u0131 Demir \u00dczengi B\u00fckme Makinesi, S\u0131k\u0131\u015ft\u0131rma Tokma\u011f\u0131, Plaka Kompakt\u00f6r\u00fc, Beton Kesici, Elektrikli Mala ve di\u011fer in\u015faat makineleri bulunmaktad\u0131r. Geli\u015fmi\u015f CNC makineleri ile donat\u0131lm\u0131\u015ft\u0131r ve kapsaml\u0131 sat\u0131\u015f sonras\u0131 hizmet ile birlikte s\u0131k\u0131 kalite kontrol standartlar\u0131n\u0131 uyguluyoruz. \u00dcr\u00fcnlerimiz veya hizmetlerimizle ilgileniyorsan\u0131z, sorular\u0131n\u0131z\u0131 mesaj yoluyla s\u0131cak bir \u015fekilde kar\u015f\u0131l\u0131yoruz.","publisher":{"@id":"https:\/\/www.hsymachinery.com\/#organization"},"potentialAction":[{"@type":"SearchAction","target":{"@type":"EntryPoint","urlTemplate":"https:\/\/www.hsymachinery.com\/?s={search_term_string}"},"query-input":{"@type":"PropertyValueSpecification","valueRequired":true,"valueName":"search_term_string"}}],"inLanguage":"tr"},{"@type":"Organization","@id":"https:\/\/www.hsymachinery.com\/#organization","name":"HSY \u0130n\u015faat Makineleri","url":"https:\/\/www.hsymachinery.com\/","logo":{"@type":"ImageObject","inLanguage":"tr","@id":"https:\/\/www.hsymachinery.com\/#\/schema\/logo\/image\/","url":"https:\/\/www.hsymachinery.com\/wp-content\/uploads\/2025\/06\/cropped-HSY-machinery.png","contentUrl":"https:\/\/www.hsymachinery.com\/wp-content\/uploads\/2025\/06\/cropped-HSY-machinery.png","width":600,"height":240,"caption":"HSY Construction Machinery"},"image":{"@id":"https:\/\/www.hsymachinery.com\/#\/schema\/logo\/image\/"}}]}},"_links":{"self":[{"href":"https:\/\/www.hsymachinery.com\/tr\/wp-json\/wp\/v2\/product\/9042","targetHints":{"allow":["GET"]}}],"collection":[{"href":"https:\/\/www.hsymachinery.com\/tr\/wp-json\/wp\/v2\/product"}],"about":[{"href":"https:\/\/www.hsymachinery.com\/tr\/wp-json\/wp\/v2\/types\/product"}],"version-history":[{"count":4,"href":"https:\/\/www.hsymachinery.com\/tr\/wp-json\/wp\/v2\/product\/9042\/revisions"}],"predecessor-version":[{"id":9476,"href":"https:\/\/www.hsymachinery.com\/tr\/wp-json\/wp\/v2\/product\/9042\/revisions\/9476"}],"wp:featuredmedia":[{"embeddable":true,"href":"https:\/\/www.hsymachinery.com\/tr\/wp-json\/wp\/v2\/media\/9044"}],"wp:attachment":[{"href":"https:\/\/www.hsymachinery.com\/tr\/wp-json\/wp\/v2\/media?parent=9042"}],"wp:term":[{"taxonomy":"product_brand","embeddable":true,"href":"https:\/\/www.hsymachinery.com\/tr\/wp-json\/wp\/v2\/product_brand?post=9042"},{"taxonomy":"product_cat","embeddable":true,"href":"https:\/\/www.hsymachinery.com\/tr\/wp-json\/wp\/v2\/product_cat?post=9042"},{"taxonomy":"product_tag","embeddable":true,"href":"https:\/\/www.hsymachinery.com\/tr\/wp-json\/wp\/v2\/product_tag?post=9042"}],"curies":[{"name":"wp","href":"https:\/\/api.w.org\/{rel}","templated":true}]}}