{"id":9023,"date":"2025-06-18T14:22:46","date_gmt":"2025-06-18T06:22:46","guid":{"rendered":"https:\/\/www.hsymachinery.com\/?post_type=product&#038;p=9023"},"modified":"2025-06-28T00:45:04","modified_gmt":"2025-06-27T16:45:04","slug":"insaat-demiri-dogrultma-makinesi-gtf4-16a","status":"publish","type":"product","link":"https:\/\/www.hsymachinery.com\/tr\/product\/insaat-demiri-dogrultma-makinesi-gtf4-16a\/","title":{"rendered":"\u0130n\u015faat Demiri Do\u011frultma Makinesi GTF4-16A"},"content":{"rendered":"<h2 data-start=\"139\" data-end=\"183\">\u0130n\u015faat Demiri Do\u011frultma Makinesi GTF4-16A<\/h2>\n<h3 data-start=\"184\" data-end=\"321\">GTF4-16A 4-16mm \u0130n\u015faat Demiri i\u00e7in \u0130nvert\u00f6r Kontroll\u00fc \u00c7elik \u00c7ubuk Do\u011frultucu | Y\u00fcksek Kapasiteli De\u011fi\u015fken Frekansl\u0131 \u0130n\u015faat Demiri Do\u011frultma Ekipman\u0131<\/h3>\n<h3 data-start=\"328\" data-end=\"414\">\u00dcr\u00fcne Genel Bak\u0131\u015f - VFD Teknolojisi ile Esnek ve G\u00fc\u00e7l\u00fc Bobin D\u00fczeltme<\/h3>\n<p data-start=\"416\" data-end=\"761\">Bu <strong data-start=\"420\" data-end=\"460\"><a href=\"https:\/\/www.hsymachinery.com\/tr\/urunler\/insaat-demiri-dogrultma-makinesi\/\" target=\"_blank\" rel=\"noopener\">\u0130n\u015faat Demiri Do\u011frultma Makinas\u0131<\/a> GTF4-16A<\/strong> hassas h\u0131z kontrol\u00fc sa\u011flamak i\u00e7in inverter (VFD) teknolojisini kullanarak 4 mm ila 16 mm sarmal \u00e7elik \u00e7ubuklar\u0131n y\u00fcksek verimli do\u011frultulmas\u0131 i\u00e7in tasarlanm\u0131\u015ft\u0131r. Bu model, hem g\u00fcce hem de uyarlanabilirli\u011fe ihtiya\u00e7 duydu\u011funuz k\u00f6pr\u00fc in\u015faat\u0131, prekast fabrikalar\u0131 ve end\u00fcstriyel \u00e7elik i\u015fleme i\u00e7in idealdir.<\/p>\n<p data-start=\"763\" data-end=\"953\">De\u011fi\u015fken frekansl\u0131 s\u00fcr\u00fcc\u00fc ile GTF4-16A yaln\u0131zca enerji t\u00fcketimini azaltmakla kalmaz, ayn\u0131 zamanda mekanik sistemdeki a\u015f\u0131nmay\u0131 da en aza indirerek daha uzun hizmet \u00f6mr\u00fc ve daha sorunsuz \u00e7al\u0131\u015fma sa\u011flar.<\/p>\n<h3 data-start=\"960\" data-end=\"1030\">De\u011fi\u015fken Frekans Kontrol\u00fc ile Y\u00fcksek Tork ve Ayarlanabilir H\u0131z<\/h3>\n<p data-start=\"1032\" data-end=\"1320\">Makinenin VFD sistemi, malzeme t\u00fcr\u00fcne ve \u00fcretim ihtiya\u00e7lar\u0131na ba\u011fl\u0131 olarak do\u011frultma h\u0131z\u0131n\u0131 ger\u00e7ek zamanl\u0131 olarak de\u011fi\u015ftirmenizi sa\u011flar. \u0130ster yumu\u015fak karbon \u00e7eli\u011fi ister y\u00fcksek mukavemetli in\u015faat demiri ile \u00e7al\u0131\u015f\u0131n, ayarlanabilir silindir sistemi ve sabit besleme kuvveti m\u00fckemmel d\u00fczl\u00fck sa\u011flar.<\/p>\n<p data-start=\"1322\" data-end=\"1521\">\u0130nverter teknolojisi ile geli\u015ftirilmi\u015f bak\u0131r \u00e7ekirdekli motoru, besleme ritmi \u00fczerinde tam kontrol sa\u011flarken sabit tork \u00e7\u0131k\u0131\u015f\u0131 sunar; hem k\u00fc\u00e7\u00fck partiler hem de s\u00fcrekli \u00e7al\u0131\u015fma i\u00e7in idealdir.<\/p>\n<h3 data-start=\"1528\" data-end=\"1581\">K\u00fcresel Voltaj Uyumlulu\u011fu ile Sa\u011flam \u00c7er\u00e7eve<\/h3>\n<p data-start=\"1583\" data-end=\"1847\">G\u00fc\u00e7lendirilmi\u015f yap\u0131sal \u00e7elikten \u00fcretilen GTF4-16A, a\u011f\u0131r hizmet kullan\u0131m\u0131 s\u0131ras\u0131nda titre\u015fime ve mekanik yorgunlu\u011fa kar\u015f\u0131 dayan\u0131kl\u0131d\u0131r. Makine, hareket kabiliyeti i\u00e7in tekerleklere sahip yerden tasarruf sa\u011flayan bir tasar\u0131ma sahiptir, bu da makinenin yerini de\u011fi\u015ftirmeyi veya bir \u00fcretim hatt\u0131na entegre etmeyi kolayla\u015ft\u0131r\u0131r.<\/p>\n<p data-start=\"1849\" data-end=\"1958\">220V\/380V (50\/60Hz) g\u00fc\u00e7 sistemleriyle tamamen uyumludur ve d\u00fcnya \u00e7ap\u0131nda ihracat ve saha kullan\u0131m\u0131n\u0131 destekler.<\/p>\n<h3 data-start=\"1965\" data-end=\"2023\">\u0130n\u015faat Demiri Do\u011frultma Makinesi GTF4-16A'n\u0131n Temel \u00d6zellikleri<\/h3>\n<ul data-start=\"2025\" data-end=\"2322\">\n<li data-start=\"2025\" data-end=\"2079\">\n<p data-start=\"2027\" data-end=\"2079\">4-16 mm sarmal in\u015faat demirini y\u00fcksek hassasiyetle d\u00fczeltir<\/p>\n<\/li>\n<li data-start=\"2080\" data-end=\"2149\">\n<p data-start=\"2082\" data-end=\"2149\"><strong data-start=\"2082\" data-end=\"2118\">De\u011fi\u015fken frekans (VFD) kontrol\u00fc<\/strong> ayarlanabilir \u00e7al\u0131\u015fma h\u0131z\u0131 i\u00e7in<\/p>\n<\/li>\n<li data-start=\"2150\" data-end=\"2206\">\n<p data-start=\"2152\" data-end=\"2206\">G\u00fc\u00e7l\u00fc tork sistemi ve hassas hizalanm\u0131\u015f makaralar<\/p>\n<\/li>\n<li data-start=\"2207\" data-end=\"2265\">\n<p data-start=\"2209\" data-end=\"2265\">End\u00fcstriyel, prefabrik ve ihracat kullan\u0131m\u0131 i\u00e7in tasarlanm\u0131\u015ft\u0131r<\/p>\n<\/li>\n<li data-start=\"2266\" data-end=\"2322\">\n<p data-start=\"2268\" data-end=\"2322\">Esnek da\u011f\u0131t\u0131m i\u00e7in desteklenen k\u00fcresel g\u00fc\u00e7 giri\u015fi<\/p>\n<\/li>\n<\/ul>\n<p><iframe title=\"\u0130n\u015faat demiri d\u00fczle\u015ftirici. \u0130n\u015faat demiri kesici. \u0130n\u015faat demiri kesme makinesi. 1TP10 \u0130n\u015faat demiri kesici 1TP10 \u0130n\u015faat demiri kesme makinesi\" width=\"720\" height=\"405\" src=\"https:\/\/www.youtube.com\/embed\/7FKkySPeKVQ?feature=oembed\" frameborder=\"0\" allow=\"accelerometer; autoplay; clipboard-write; encrypted-media; gyroscope; picture-in-picture; web-share\" referrerpolicy=\"strict-origin-when-cross-origin\" allowfullscreen><\/iframe><\/p>","protected":false},"excerpt":{"rendered":"<p>GTF4-16A, 4-16 mm \u00e7elik \u00e7ubuklar\u0131 inverter h\u0131z kontrol\u00fc ile d\u00fczeltir. End\u00fcstriyel kullan\u0131m i\u00e7in m\u00fckemmel olan bu \u00fcr\u00fcn, esnek \u00e7al\u0131\u015fma i\u00e7in a\u011f\u0131r hizmet tipi \u00e7\u0131k\u0131\u015f\u0131 de\u011fi\u015fken frekansl\u0131 s\u00fcr\u00fcc\u00fc ile birle\u015ftirir.<\/p>","protected":false},"featured_media":9024,"template":"","meta":{"_kad_post_transparent":"default","_kad_post_title":"","_kad_post_layout":"default","_kad_post_sidebar_id":"","_kad_post_content_style":"default","_kad_post_vertical_padding":"default","_kad_post_feature":"","_kad_post_feature_position":"","_kad_post_header":false,"_kad_post_footer":false},"product_brand":[],"product_cat":[62],"product_tag":[1026,1028,1030,1031,1034,1027,1032,1025,1029,1033],"class_list":{"0":"post-9023","1":"product","2":"type-product","3":"status-publish","4":"has-post-thumbnail","6":"product_cat-rebar-straightening-machine","7":"product_tag-automatic-rebar-straightener","8":"product_tag-cnc-rebar-straightening-equipment","9":"product_tag-coiled-rebar-straightening-machine","10":"product_tag-construction-bar-straightening-machine","11":"product_tag-high-speed-rebar-straightening-tool","12":"product_tag-hydraulic-rebar-straightening-machine","13":"product_tag-rebar-leveling-and-cutting-machine","14":"product_tag-steel-bar-straightening-machine","15":"product_tag-steel-wire-straightener-and-cutter","16":"product_tag-straightening-machine-for-steel-rods","18":"first","19":"instock","20":"shipping-taxable","21":"product-type-simple","22":"entry","23":"content-bg","24":"loop-entry"},"yoast_head":"<!-- This site is optimized with the Yoast SEO plugin v25.3.1 - https:\/\/yoast.com\/wordpress\/plugins\/seo\/ -->\n<title>Rebar Straightening Machine GTF4-16A - HSY Construction Machinery<\/title>\n<meta name=\"description\" content=\"Rebar Straightening Machine GTF4-16A processes 4\u201316mm coil bars with VFD control. Ideal for high-efficiency industrial use and global export compatibility.\" \/>\n<meta name=\"robots\" content=\"index, follow, max-snippet:-1, max-image-preview:large, max-video-preview:-1\" \/>\n<link rel=\"canonical\" href=\"https:\/\/www.hsymachinery.com\/tr\/product\/insaat-demiri-dogrultma-makinesi-gtf4-16a\/\" \/>\n<meta property=\"og:locale\" content=\"tr_TR\" \/>\n<meta property=\"og:type\" content=\"article\" \/>\n<meta property=\"og:title\" content=\"Rebar Straightening Machine GTF4-16A - HSY Construction Machinery\" \/>\n<meta property=\"og:description\" content=\"Rebar Straightening Machine GTF4-16A processes 4\u201316mm coil bars with VFD control. Ideal for high-efficiency industrial use and global export compatibility.\" \/>\n<meta property=\"og:url\" content=\"https:\/\/www.hsymachinery.com\/tr\/product\/insaat-demiri-dogrultma-makinesi-gtf4-16a\/\" \/>\n<meta property=\"og:site_name\" content=\"HSY Construction Machinery\" \/>\n<meta property=\"article:modified_time\" content=\"2025-06-27T16:45:04+00:00\" \/>\n<meta property=\"og:image\" content=\"https:\/\/www.hsymachinery.com\/wp-content\/uploads\/2025\/06\/Rebar-Straightening-Machine-GTF4-16A.jpg\" \/>\n\t<meta property=\"og:image:width\" content=\"600\" \/>\n\t<meta property=\"og:image:height\" content=\"600\" \/>\n\t<meta property=\"og:image:type\" content=\"image\/jpeg\" \/>\n<meta name=\"twitter:card\" content=\"summary_large_image\" \/>\n<meta name=\"twitter:label1\" content=\"Tahmini okuma s\u00fcresi\" \/>\n\t<meta name=\"twitter:data1\" content=\"2 dakika\" \/>\n<script type=\"application\/ld+json\" class=\"yoast-schema-graph\">{\"@context\":\"https:\/\/schema.org\",\"@graph\":[{\"@type\":\"WebPage\",\"@id\":\"https:\/\/www.hsymachinery.com\/product\/rebar-straightening-machine-gtf4-16a\/\",\"url\":\"https:\/\/www.hsymachinery.com\/product\/rebar-straightening-machine-gtf4-16a\/\",\"name\":\"Rebar Straightening Machine GTF4-16A - HSY Construction Machinery\",\"isPartOf\":{\"@id\":\"https:\/\/www.hsymachinery.com\/#website\"},\"primaryImageOfPage\":{\"@id\":\"https:\/\/www.hsymachinery.com\/product\/rebar-straightening-machine-gtf4-16a\/#primaryimage\"},\"image\":{\"@id\":\"https:\/\/www.hsymachinery.com\/product\/rebar-straightening-machine-gtf4-16a\/#primaryimage\"},\"thumbnailUrl\":\"https:\/\/www.hsymachinery.com\/wp-content\/uploads\/2025\/06\/Rebar-Straightening-Machine-GTF4-16A.jpg\",\"datePublished\":\"2025-06-18T06:22:46+00:00\",\"dateModified\":\"2025-06-27T16:45:04+00:00\",\"description\":\"Rebar Straightening Machine GTF4-16A processes 4\u201316mm coil bars with VFD control. Ideal for high-efficiency industrial use and global export compatibility.\",\"breadcrumb\":{\"@id\":\"https:\/\/www.hsymachinery.com\/product\/rebar-straightening-machine-gtf4-16a\/#breadcrumb\"},\"inLanguage\":\"tr\",\"potentialAction\":[{\"@type\":\"ReadAction\",\"target\":[\"https:\/\/www.hsymachinery.com\/product\/rebar-straightening-machine-gtf4-16a\/\"]}]},{\"@type\":\"ImageObject\",\"inLanguage\":\"tr\",\"@id\":\"https:\/\/www.hsymachinery.com\/product\/rebar-straightening-machine-gtf4-16a\/#primaryimage\",\"url\":\"https:\/\/www.hsymachinery.com\/wp-content\/uploads\/2025\/06\/Rebar-Straightening-Machine-GTF4-16A.jpg\",\"contentUrl\":\"https:\/\/www.hsymachinery.com\/wp-content\/uploads\/2025\/06\/Rebar-Straightening-Machine-GTF4-16A.jpg\",\"width\":600,\"height\":600},{\"@type\":\"BreadcrumbList\",\"@id\":\"https:\/\/www.hsymachinery.com\/product\/rebar-straightening-machine-gtf4-16a\/#breadcrumb\",\"itemListElement\":[{\"@type\":\"ListItem\",\"position\":1,\"name\":\"home\",\"item\":\"https:\/\/www.hsymachinery.com\/\"},{\"@type\":\"ListItem\",\"position\":2,\"name\":\"products\",\"item\":\"https:\/\/www.hsymachinery.com\/products\/\"},{\"@type\":\"ListItem\",\"position\":3,\"name\":\"Rebar Straightening Machine GTF4-16A\"}]},{\"@type\":\"WebSite\",\"@id\":\"https:\/\/www.hsymachinery.com\/#website\",\"url\":\"https:\/\/www.hsymachinery.com\/\",\"name\":\"HSY Construction Machinery\",\"description\":\"HSY Machinery \u2013 A leading China construction machinery supplier, offering a wide range of light construction equipment. Our main products include Rebar Cutting Machine, Rebar Bending Machine, Rebar Stirrup Bending Machine, Rebar Arc Bending Machine, Rebar Straightening Machine, Five-Head Rebar Stirrup Bending Machine, Tamping Rammer, Plate Compactor, Concrete Cutter, Power Trowel, and other construction machinery. We are equipped with advanced CNC machines, and we enforce strict quality inspection standards along with comprehensive after-sales service. If you are interested in our products or services, we warmly welcome your inquiries via message.\",\"publisher\":{\"@id\":\"https:\/\/www.hsymachinery.com\/#organization\"},\"potentialAction\":[{\"@type\":\"SearchAction\",\"target\":{\"@type\":\"EntryPoint\",\"urlTemplate\":\"https:\/\/www.hsymachinery.com\/?s={search_term_string}\"},\"query-input\":{\"@type\":\"PropertyValueSpecification\",\"valueRequired\":true,\"valueName\":\"search_term_string\"}}],\"inLanguage\":\"tr\"},{\"@type\":\"Organization\",\"@id\":\"https:\/\/www.hsymachinery.com\/#organization\",\"name\":\"HSY Construction Machinery\",\"url\":\"https:\/\/www.hsymachinery.com\/\",\"logo\":{\"@type\":\"ImageObject\",\"inLanguage\":\"tr\",\"@id\":\"https:\/\/www.hsymachinery.com\/#\/schema\/logo\/image\/\",\"url\":\"https:\/\/www.hsymachinery.com\/wp-content\/uploads\/2025\/06\/cropped-HSY-machinery.png\",\"contentUrl\":\"https:\/\/www.hsymachinery.com\/wp-content\/uploads\/2025\/06\/cropped-HSY-machinery.png\",\"width\":600,\"height\":240,\"caption\":\"HSY Construction Machinery\"},\"image\":{\"@id\":\"https:\/\/www.hsymachinery.com\/#\/schema\/logo\/image\/\"}}]}<\/script>\n<!-- \/ Yoast SEO plugin. -->","yoast_head_json":{"title":"Demir Do\u011frultma Makinas\u0131 GTF4-16A - HSY \u0130n\u015faat Makinalar\u0131","description":"\u0130n\u015faat Demiri Do\u011frultma Makinesi GTF4-16A, VFD kontrol\u00fc ile 4-16 mm bobin \u00e7ubuklar\u0131n\u0131 i\u015fler. Y\u00fcksek verimli end\u00fcstriyel kullan\u0131m ve k\u00fcresel ihracat uyumlulu\u011fu i\u00e7in idealdir.","robots":{"index":"index","follow":"follow","max-snippet":"max-snippet:-1","max-image-preview":"max-image-preview:large","max-video-preview":"max-video-preview:-1"},"canonical":"https:\/\/www.hsymachinery.com\/tr\/product\/insaat-demiri-dogrultma-makinesi-gtf4-16a\/","og_locale":"tr_TR","og_type":"article","og_title":"Rebar Straightening Machine GTF4-16A - HSY Construction Machinery","og_description":"Rebar Straightening Machine GTF4-16A processes 4\u201316mm coil bars with VFD control. Ideal for high-efficiency industrial use and global export compatibility.","og_url":"https:\/\/www.hsymachinery.com\/tr\/product\/insaat-demiri-dogrultma-makinesi-gtf4-16a\/","og_site_name":"HSY Construction Machinery","article_modified_time":"2025-06-27T16:45:04+00:00","og_image":[{"width":600,"height":600,"url":"https:\/\/www.hsymachinery.com\/wp-content\/uploads\/2025\/06\/Rebar-Straightening-Machine-GTF4-16A.jpg","type":"image\/jpeg"}],"twitter_card":"summary_large_image","twitter_misc":{"Tahmini okuma s\u00fcresi":"2 dakika"},"schema":{"@context":"https:\/\/schema.org","@graph":[{"@type":"WebPage","@id":"https:\/\/www.hsymachinery.com\/product\/rebar-straightening-machine-gtf4-16a\/","url":"https:\/\/www.hsymachinery.com\/product\/rebar-straightening-machine-gtf4-16a\/","name":"Demir Do\u011frultma Makinas\u0131 GTF4-16A - HSY \u0130n\u015faat Makinalar\u0131","isPartOf":{"@id":"https:\/\/www.hsymachinery.com\/#website"},"primaryImageOfPage":{"@id":"https:\/\/www.hsymachinery.com\/product\/rebar-straightening-machine-gtf4-16a\/#primaryimage"},"image":{"@id":"https:\/\/www.hsymachinery.com\/product\/rebar-straightening-machine-gtf4-16a\/#primaryimage"},"thumbnailUrl":"https:\/\/www.hsymachinery.com\/wp-content\/uploads\/2025\/06\/Rebar-Straightening-Machine-GTF4-16A.jpg","datePublished":"2025-06-18T06:22:46+00:00","dateModified":"2025-06-27T16:45:04+00:00","description":"\u0130n\u015faat Demiri Do\u011frultma Makinesi GTF4-16A, VFD kontrol\u00fc ile 4-16 mm bobin \u00e7ubuklar\u0131n\u0131 i\u015fler. Y\u00fcksek verimli end\u00fcstriyel kullan\u0131m ve k\u00fcresel ihracat uyumlulu\u011fu i\u00e7in idealdir.","breadcrumb":{"@id":"https:\/\/www.hsymachinery.com\/product\/rebar-straightening-machine-gtf4-16a\/#breadcrumb"},"inLanguage":"tr","potentialAction":[{"@type":"ReadAction","target":["https:\/\/www.hsymachinery.com\/product\/rebar-straightening-machine-gtf4-16a\/"]}]},{"@type":"ImageObject","inLanguage":"tr","@id":"https:\/\/www.hsymachinery.com\/product\/rebar-straightening-machine-gtf4-16a\/#primaryimage","url":"https:\/\/www.hsymachinery.com\/wp-content\/uploads\/2025\/06\/Rebar-Straightening-Machine-GTF4-16A.jpg","contentUrl":"https:\/\/www.hsymachinery.com\/wp-content\/uploads\/2025\/06\/Rebar-Straightening-Machine-GTF4-16A.jpg","width":600,"height":600},{"@type":"BreadcrumbList","@id":"https:\/\/www.hsymachinery.com\/product\/rebar-straightening-machine-gtf4-16a\/#breadcrumb","itemListElement":[{"@type":"ListItem","position":1,"name":"home","item":"https:\/\/www.hsymachinery.com\/"},{"@type":"ListItem","position":2,"name":"products","item":"https:\/\/www.hsymachinery.com\/products\/"},{"@type":"ListItem","position":3,"name":"Rebar Straightening Machine GTF4-16A"}]},{"@type":"WebSite","@id":"https:\/\/www.hsymachinery.com\/#website","url":"https:\/\/www.hsymachinery.com\/","name":"HSY \u0130n\u015faat Makineleri","description":"HSY Machinery - \u00c7ok \u00e7e\u015fitli hafif in\u015faat ekipmanlar\u0131 sunan lider bir \u00c7in in\u015faat makineleri tedarik\u00e7isi. Ba\u015fl\u0131ca \u00fcr\u00fcnlerimiz aras\u0131nda Demir Kesme Makinesi, Demir B\u00fckme Makinesi, Demir \u00dczengi B\u00fckme Makinesi, Demir Ark B\u00fckme Makinesi, Demir Do\u011frultma Makinesi, Be\u015f Kafal\u0131 Demir \u00dczengi B\u00fckme Makinesi, S\u0131k\u0131\u015ft\u0131rma Tokma\u011f\u0131, Plaka Kompakt\u00f6r\u00fc, Beton Kesici, Elektrikli Mala ve di\u011fer in\u015faat makineleri bulunmaktad\u0131r. Geli\u015fmi\u015f CNC makineleri ile donat\u0131lm\u0131\u015ft\u0131r ve kapsaml\u0131 sat\u0131\u015f sonras\u0131 hizmet ile birlikte s\u0131k\u0131 kalite kontrol standartlar\u0131n\u0131 uyguluyoruz. \u00dcr\u00fcnlerimiz veya hizmetlerimizle ilgileniyorsan\u0131z, sorular\u0131n\u0131z\u0131 mesaj yoluyla s\u0131cak bir \u015fekilde kar\u015f\u0131l\u0131yoruz.","publisher":{"@id":"https:\/\/www.hsymachinery.com\/#organization"},"potentialAction":[{"@type":"SearchAction","target":{"@type":"EntryPoint","urlTemplate":"https:\/\/www.hsymachinery.com\/?s={search_term_string}"},"query-input":{"@type":"PropertyValueSpecification","valueRequired":true,"valueName":"search_term_string"}}],"inLanguage":"tr"},{"@type":"Organization","@id":"https:\/\/www.hsymachinery.com\/#organization","name":"HSY \u0130n\u015faat Makineleri","url":"https:\/\/www.hsymachinery.com\/","logo":{"@type":"ImageObject","inLanguage":"tr","@id":"https:\/\/www.hsymachinery.com\/#\/schema\/logo\/image\/","url":"https:\/\/www.hsymachinery.com\/wp-content\/uploads\/2025\/06\/cropped-HSY-machinery.png","contentUrl":"https:\/\/www.hsymachinery.com\/wp-content\/uploads\/2025\/06\/cropped-HSY-machinery.png","width":600,"height":240,"caption":"HSY Construction Machinery"},"image":{"@id":"https:\/\/www.hsymachinery.com\/#\/schema\/logo\/image\/"}}]}},"_links":{"self":[{"href":"https:\/\/www.hsymachinery.com\/tr\/wp-json\/wp\/v2\/product\/9023","targetHints":{"allow":["GET"]}}],"collection":[{"href":"https:\/\/www.hsymachinery.com\/tr\/wp-json\/wp\/v2\/product"}],"about":[{"href":"https:\/\/www.hsymachinery.com\/tr\/wp-json\/wp\/v2\/types\/product"}],"version-history":[{"count":3,"href":"https:\/\/www.hsymachinery.com\/tr\/wp-json\/wp\/v2\/product\/9023\/revisions"}],"predecessor-version":[{"id":9447,"href":"https:\/\/www.hsymachinery.com\/tr\/wp-json\/wp\/v2\/product\/9023\/revisions\/9447"}],"wp:featuredmedia":[{"embeddable":true,"href":"https:\/\/www.hsymachinery.com\/tr\/wp-json\/wp\/v2\/media\/9024"}],"wp:attachment":[{"href":"https:\/\/www.hsymachinery.com\/tr\/wp-json\/wp\/v2\/media?parent=9023"}],"wp:term":[{"taxonomy":"product_brand","embeddable":true,"href":"https:\/\/www.hsymachinery.com\/tr\/wp-json\/wp\/v2\/product_brand?post=9023"},{"taxonomy":"product_cat","embeddable":true,"href":"https:\/\/www.hsymachinery.com\/tr\/wp-json\/wp\/v2\/product_cat?post=9023"},{"taxonomy":"product_tag","embeddable":true,"href":"https:\/\/www.hsymachinery.com\/tr\/wp-json\/wp\/v2\/product_tag?post=9023"}],"curies":[{"name":"wp","href":"https:\/\/api.w.org\/{rel}","templated":true}]}}