{"id":9007,"date":"2025-06-18T12:42:38","date_gmt":"2025-06-18T04:42:38","guid":{"rendered":"https:\/\/www.hsymachinery.com\/?post_type=product&#038;p=9007"},"modified":"2025-06-27T23:55:54","modified_gmt":"2025-06-27T15:55:54","slug":"insaat-demiri-dogrultma-makinesi-gtd4-10c","status":"publish","type":"product","link":"https:\/\/www.hsymachinery.com\/tr\/product\/insaat-demiri-dogrultma-makinesi-gtd4-10c\/","title":{"rendered":"\u0130n\u015faat Demiri Do\u011frultma Makinesi GTD4-10C"},"content":{"rendered":"<h2 data-start=\"105\" data-end=\"149\">\u0130n\u015faat Demiri Do\u011frultma Makinesi GTD4-10C<\/h2>\n<h3 data-start=\"150\" data-end=\"287\">GTD4-10C 4-10mm Sarmal \u00c7elik \u00c7ubuklar i\u00e7in Otomatik Demir Do\u011frultma Makinesi | \u0130n\u015faat Kullan\u0131m\u0131 i\u00e7in Hassas \u00c7ubuk \u0130\u015fleme Ekipman\u0131<\/h3>\n<h3 data-start=\"294\" data-end=\"379\">\u00dcr\u00fcne Genel Bak\u0131\u015f - Hafif Hizmet Tipi \u00c7elik \u00c7ubuklar i\u00e7in Y\u00fcksek Verimli Bobin D\u00fczeltici<\/h3>\n<p data-start=\"381\" data-end=\"670\">Bu <strong data-start=\"385\" data-end=\"425\"><a href=\"https:\/\/www.hsymachinery.com\/tr\/urunler\/insaat-demiri-dogrultma-makinesi\/\" target=\"_blank\" rel=\"noopener\">\u0130n\u015faat Demiri Do\u011frultma Makinas\u0131<\/a> GTD4-10C<\/strong> i\u015fleme konusunda uzmanla\u015fm\u0131\u015ft\u0131r <strong data-start=\"452\" data-end=\"486\">4 mm ila 10 mm sarmal \u00e7elik in\u015faat demiri<\/strong> y\u00fcksek h\u0131z ve do\u011frulukla. Tutarl\u0131 d\u00fczl\u00fc\u011f\u00fcn kritik oldu\u011fu konut in\u015faat\u0131, dekoratif \u00e7elik i\u015fleri ve prekast in\u015faat demiri i\u015flemede yayg\u0131n olarak uygulan\u0131r.<\/p>\n<p data-start=\"672\" data-end=\"787\">Verimlilik i\u00e7in tasarlanan bu model, \u00e7ubuk kalitesini iyile\u015ftirirken ve malzeme israf\u0131n\u0131 azalt\u0131rken el i\u015f\u00e7ili\u011fini azalt\u0131r.<\/p>\n<h3 data-start=\"794\" data-end=\"844\">Esnek Ayarlarla P\u00fcr\u00fczs\u00fcz D\u00fczle\u015ftirme<\/h3>\n<p data-start=\"846\" data-end=\"1093\">Farkl\u0131 \u00e7ubuk t\u00fcrlerini minimum kurulum s\u00fcresiyle i\u015flemek i\u00e7in silindir konfig\u00fcrasyonunu ve besleme gerilimini ayarlayabilirsiniz. End\u00fcstriyel elektrik motoru sabit \u00e7\u0131k\u0131\u015f sa\u011flayarak makinenin hassasiyeti kaybetmeden \u00e7ubuklar\u0131 h\u0131zl\u0131 bir \u015fekilde d\u00fczeltmesini sa\u011flar.<\/p>\n<p data-start=\"1095\" data-end=\"1319\">GTD4-10C ayr\u0131ca her bir \u00e7ubu\u011fun d\u00fcz ve kesim veya montaj i\u00e7in haz\u0131r \u00e7\u0131kmas\u0131n\u0131 sa\u011flayan d\u00fc\u015f\u00fck s\u00fcrt\u00fcnmeli bir k\u0131lavuz sistemine sahiptir. H\u0131z kontrol kadran\u0131, operat\u00f6rlerin \u00fcretim h\u0131z\u0131n\u0131 belirli proje taleplerine g\u00f6re ayarlamas\u0131na yard\u0131mc\u0131 olur.<\/p>\n<h3 data-start=\"1326\" data-end=\"1374\">Pratik, Ta\u015f\u0131nabilir ve \u0130hracata Haz\u0131r<\/h3>\n<p data-start=\"1376\" data-end=\"1630\">Bu makine, \u00e7al\u0131\u015fma s\u0131ras\u0131nda a\u015f\u0131nmaya ve harekete kar\u015f\u0131 diren\u00e7li kaynakl\u0131 \u00e7elik bir \u00e7er\u00e7eve kullan\u0131r. Kompakt tasar\u0131m\u0131 kolay ta\u015f\u0131ma imkan\u0131 sa\u011flarken, \u00e7ift voltaj \u00f6zelli\u011fi (220V\/380V) hem yerel hem de uluslararas\u0131 pazarlarda sorunsuz kullan\u0131m\u0131 destekler.<\/p>\n<p data-start=\"1632\" data-end=\"1777\">M\u00fcteahhitler ve \u00fcreticiler bu modele ta\u015f\u0131nabilirli\u011fi, performans\u0131 ve hafif-orta hizmet uygulamalar\u0131nda tutarl\u0131 sonu\u00e7lar vermesi nedeniyle de\u011fer vermektedir.<\/p>\n<h3 data-start=\"1784\" data-end=\"1842\">Demir Do\u011frultucu GTD4-10C'nin Temel \u00d6zellikleri<\/h3>\n<ul data-start=\"1844\" data-end=\"2067\">\n<li data-start=\"1844\" data-end=\"1894\">\n<p data-start=\"1846\" data-end=\"1894\">4-10 mm sarmal in\u015faat demirini hassasiyetle d\u00fczeltir<\/p>\n<\/li>\n<li data-start=\"1895\" data-end=\"1961\">\n<p data-start=\"1897\" data-end=\"1961\">K\u00fc\u00e7\u00fck \u00f6l\u00e7ekli in\u015faat ve \u00e7elik \u00e7ubuk i\u015fleme i\u00e7in tasarlanm\u0131\u015ft\u0131r<\/p>\n<\/li>\n<li data-start=\"1962\" data-end=\"2013\">\n<p data-start=\"1964\" data-end=\"2013\">Kullan\u0131c\u0131 taraf\u0131ndan ayarlanabilen silindirler ve dengeli tahrik sistemi<\/p>\n<\/li>\n<li data-start=\"2014\" data-end=\"2067\">\n<p data-start=\"2016\" data-end=\"2067\">\u0130hracat ve yerinde kullan\u0131m i\u00e7in k\u00fcresel voltaj deste\u011fi<\/p>\n<\/li>\n<\/ul>\n<p><iframe title=\"#construction #rebarmachine #rebarbending #rebarcutter #rebarcuttingmachine\" width=\"720\" height=\"405\" src=\"https:\/\/www.youtube.com\/embed\/YnqPtwSEoVw?feature=oembed\" frameborder=\"0\" allow=\"accelerometer; autoplay; clipboard-write; encrypted-media; gyroscope; picture-in-picture; web-share\" referrerpolicy=\"strict-origin-when-cross-origin\" allowfullscreen><\/iframe><\/p>","protected":false},"excerpt":{"rendered":"<p>GTD4-10C, 4-10 mm \u00e7elik in\u015faat demirini bobinden h\u0131zl\u0131 ve temiz bir \u015fekilde d\u00fczeltir. Ayarlanabilir silindirler ve \u00e7ift voltaj uyumlulu\u011fu ile konut ve prefabrik i\u015fler i\u00e7in idealdir.<\/p>","protected":false},"featured_media":9008,"template":"","meta":{"_kad_post_transparent":"default","_kad_post_title":"","_kad_post_layout":"default","_kad_post_sidebar_id":"","_kad_post_content_style":"default","_kad_post_vertical_padding":"default","_kad_post_feature":"","_kad_post_feature_position":"","_kad_post_header":false,"_kad_post_footer":false},"product_brand":[],"product_cat":[62],"product_tag":[1026,1028,1030,1031,1034,1027,1032,1025,1029,1033],"class_list":{"0":"post-9007","1":"product","2":"type-product","3":"status-publish","4":"has-post-thumbnail","6":"product_cat-rebar-straightening-machine","7":"product_tag-automatic-rebar-straightener","8":"product_tag-cnc-rebar-straightening-equipment","9":"product_tag-coiled-rebar-straightening-machine","10":"product_tag-construction-bar-straightening-machine","11":"product_tag-high-speed-rebar-straightening-tool","12":"product_tag-hydraulic-rebar-straightening-machine","13":"product_tag-rebar-leveling-and-cutting-machine","14":"product_tag-steel-bar-straightening-machine","15":"product_tag-steel-wire-straightener-and-cutter","16":"product_tag-straightening-machine-for-steel-rods","18":"first","19":"instock","20":"shipping-taxable","21":"product-type-simple","22":"entry","23":"content-bg","24":"loop-entry"},"yoast_head":"<!-- This site is optimized with the Yoast SEO plugin v25.3.1 - https:\/\/yoast.com\/wordpress\/plugins\/seo\/ -->\n<title>Rebar Straightening Machine GTD4-10C - HSY Construction Machinery<\/title>\n<meta name=\"description\" content=\"Rebar Straightening Machine GTD4-10C straightens 4\u201310mm steel bars with precision. Built for light-duty work, with export-ready design and adjustable settings.\" \/>\n<meta name=\"robots\" content=\"index, follow, max-snippet:-1, max-image-preview:large, max-video-preview:-1\" \/>\n<link rel=\"canonical\" href=\"https:\/\/www.hsymachinery.com\/tr\/product\/insaat-demiri-dogrultma-makinesi-gtd4-10c\/\" \/>\n<meta property=\"og:locale\" content=\"tr_TR\" \/>\n<meta property=\"og:type\" content=\"article\" \/>\n<meta property=\"og:title\" content=\"Rebar Straightening Machine GTD4-10C - HSY Construction Machinery\" \/>\n<meta property=\"og:description\" content=\"Rebar Straightening Machine GTD4-10C straightens 4\u201310mm steel bars with precision. Built for light-duty work, with export-ready design and adjustable settings.\" \/>\n<meta property=\"og:url\" content=\"https:\/\/www.hsymachinery.com\/tr\/product\/insaat-demiri-dogrultma-makinesi-gtd4-10c\/\" \/>\n<meta property=\"og:site_name\" content=\"HSY Construction Machinery\" \/>\n<meta property=\"article:modified_time\" content=\"2025-06-27T15:55:54+00:00\" \/>\n<meta property=\"og:image\" content=\"https:\/\/www.hsymachinery.com\/wp-content\/uploads\/2025\/06\/Rebar-Straightening-Machine-GTD4-10C.jpg\" \/>\n\t<meta property=\"og:image:width\" content=\"600\" \/>\n\t<meta property=\"og:image:height\" content=\"600\" \/>\n\t<meta property=\"og:image:type\" content=\"image\/jpeg\" \/>\n<meta name=\"twitter:card\" content=\"summary_large_image\" \/>\n<meta name=\"twitter:label1\" content=\"Tahmini okuma s\u00fcresi\" \/>\n\t<meta name=\"twitter:data1\" content=\"2 dakika\" \/>\n<script type=\"application\/ld+json\" class=\"yoast-schema-graph\">{\"@context\":\"https:\/\/schema.org\",\"@graph\":[{\"@type\":\"WebPage\",\"@id\":\"https:\/\/www.hsymachinery.com\/product\/rebar-straightening-machine-gtd4-10c\/\",\"url\":\"https:\/\/www.hsymachinery.com\/product\/rebar-straightening-machine-gtd4-10c\/\",\"name\":\"Rebar Straightening Machine GTD4-10C - HSY Construction Machinery\",\"isPartOf\":{\"@id\":\"https:\/\/www.hsymachinery.com\/#website\"},\"primaryImageOfPage\":{\"@id\":\"https:\/\/www.hsymachinery.com\/product\/rebar-straightening-machine-gtd4-10c\/#primaryimage\"},\"image\":{\"@id\":\"https:\/\/www.hsymachinery.com\/product\/rebar-straightening-machine-gtd4-10c\/#primaryimage\"},\"thumbnailUrl\":\"https:\/\/www.hsymachinery.com\/wp-content\/uploads\/2025\/06\/Rebar-Straightening-Machine-GTD4-10C.jpg\",\"datePublished\":\"2025-06-18T04:42:38+00:00\",\"dateModified\":\"2025-06-27T15:55:54+00:00\",\"description\":\"Rebar Straightening Machine GTD4-10C straightens 4\u201310mm steel bars with precision. Built for light-duty work, with export-ready design and adjustable settings.\",\"breadcrumb\":{\"@id\":\"https:\/\/www.hsymachinery.com\/product\/rebar-straightening-machine-gtd4-10c\/#breadcrumb\"},\"inLanguage\":\"tr\",\"potentialAction\":[{\"@type\":\"ReadAction\",\"target\":[\"https:\/\/www.hsymachinery.com\/product\/rebar-straightening-machine-gtd4-10c\/\"]}]},{\"@type\":\"ImageObject\",\"inLanguage\":\"tr\",\"@id\":\"https:\/\/www.hsymachinery.com\/product\/rebar-straightening-machine-gtd4-10c\/#primaryimage\",\"url\":\"https:\/\/www.hsymachinery.com\/wp-content\/uploads\/2025\/06\/Rebar-Straightening-Machine-GTD4-10C.jpg\",\"contentUrl\":\"https:\/\/www.hsymachinery.com\/wp-content\/uploads\/2025\/06\/Rebar-Straightening-Machine-GTD4-10C.jpg\",\"width\":600,\"height\":600},{\"@type\":\"BreadcrumbList\",\"@id\":\"https:\/\/www.hsymachinery.com\/product\/rebar-straightening-machine-gtd4-10c\/#breadcrumb\",\"itemListElement\":[{\"@type\":\"ListItem\",\"position\":1,\"name\":\"home\",\"item\":\"https:\/\/www.hsymachinery.com\/\"},{\"@type\":\"ListItem\",\"position\":2,\"name\":\"products\",\"item\":\"https:\/\/www.hsymachinery.com\/products\/\"},{\"@type\":\"ListItem\",\"position\":3,\"name\":\"Rebar Straightening Machine GTD4-10C\"}]},{\"@type\":\"WebSite\",\"@id\":\"https:\/\/www.hsymachinery.com\/#website\",\"url\":\"https:\/\/www.hsymachinery.com\/\",\"name\":\"HSY Construction Machinery\",\"description\":\"HSY Machinery \u2013 A leading China construction machinery supplier, offering a wide range of light construction equipment. Our main products include Rebar Cutting Machine, Rebar Bending Machine, Rebar Stirrup Bending Machine, Rebar Arc Bending Machine, Rebar Straightening Machine, Five-Head Rebar Stirrup Bending Machine, Tamping Rammer, Plate Compactor, Concrete Cutter, Power Trowel, and other construction machinery. We are equipped with advanced CNC machines, and we enforce strict quality inspection standards along with comprehensive after-sales service. If you are interested in our products or services, we warmly welcome your inquiries via message.\",\"publisher\":{\"@id\":\"https:\/\/www.hsymachinery.com\/#organization\"},\"potentialAction\":[{\"@type\":\"SearchAction\",\"target\":{\"@type\":\"EntryPoint\",\"urlTemplate\":\"https:\/\/www.hsymachinery.com\/?s={search_term_string}\"},\"query-input\":{\"@type\":\"PropertyValueSpecification\",\"valueRequired\":true,\"valueName\":\"search_term_string\"}}],\"inLanguage\":\"tr\"},{\"@type\":\"Organization\",\"@id\":\"https:\/\/www.hsymachinery.com\/#organization\",\"name\":\"HSY Construction Machinery\",\"url\":\"https:\/\/www.hsymachinery.com\/\",\"logo\":{\"@type\":\"ImageObject\",\"inLanguage\":\"tr\",\"@id\":\"https:\/\/www.hsymachinery.com\/#\/schema\/logo\/image\/\",\"url\":\"https:\/\/www.hsymachinery.com\/wp-content\/uploads\/2025\/06\/cropped-HSY-machinery.png\",\"contentUrl\":\"https:\/\/www.hsymachinery.com\/wp-content\/uploads\/2025\/06\/cropped-HSY-machinery.png\",\"width\":600,\"height\":240,\"caption\":\"HSY Construction Machinery\"},\"image\":{\"@id\":\"https:\/\/www.hsymachinery.com\/#\/schema\/logo\/image\/\"}}]}<\/script>\n<!-- \/ Yoast SEO plugin. -->","yoast_head_json":{"title":"Demir Do\u011frultma Makinas\u0131 GTD4-10C - HSY \u0130n\u015faat Makinalar\u0131","description":"\u0130n\u015faat Demiri Do\u011frultma Makinesi GTD4-10C, 4-10 mm \u00e7elik \u00e7ubuklar\u0131 hassasiyetle d\u00fczeltir. \u0130hracata haz\u0131r tasar\u0131m\u0131 ve ayarlanabilir ayarlar\u0131 ile hafif i\u015fler i\u00e7in \u00fcretilmi\u015ftir.","robots":{"index":"index","follow":"follow","max-snippet":"max-snippet:-1","max-image-preview":"max-image-preview:large","max-video-preview":"max-video-preview:-1"},"canonical":"https:\/\/www.hsymachinery.com\/tr\/product\/insaat-demiri-dogrultma-makinesi-gtd4-10c\/","og_locale":"tr_TR","og_type":"article","og_title":"Rebar Straightening Machine GTD4-10C - HSY Construction Machinery","og_description":"Rebar Straightening Machine GTD4-10C straightens 4\u201310mm steel bars with precision. Built for light-duty work, with export-ready design and adjustable settings.","og_url":"https:\/\/www.hsymachinery.com\/tr\/product\/insaat-demiri-dogrultma-makinesi-gtd4-10c\/","og_site_name":"HSY Construction Machinery","article_modified_time":"2025-06-27T15:55:54+00:00","og_image":[{"width":600,"height":600,"url":"https:\/\/www.hsymachinery.com\/wp-content\/uploads\/2025\/06\/Rebar-Straightening-Machine-GTD4-10C.jpg","type":"image\/jpeg"}],"twitter_card":"summary_large_image","twitter_misc":{"Tahmini okuma s\u00fcresi":"2 dakika"},"schema":{"@context":"https:\/\/schema.org","@graph":[{"@type":"WebPage","@id":"https:\/\/www.hsymachinery.com\/product\/rebar-straightening-machine-gtd4-10c\/","url":"https:\/\/www.hsymachinery.com\/product\/rebar-straightening-machine-gtd4-10c\/","name":"Demir Do\u011frultma Makinas\u0131 GTD4-10C - HSY \u0130n\u015faat Makinalar\u0131","isPartOf":{"@id":"https:\/\/www.hsymachinery.com\/#website"},"primaryImageOfPage":{"@id":"https:\/\/www.hsymachinery.com\/product\/rebar-straightening-machine-gtd4-10c\/#primaryimage"},"image":{"@id":"https:\/\/www.hsymachinery.com\/product\/rebar-straightening-machine-gtd4-10c\/#primaryimage"},"thumbnailUrl":"https:\/\/www.hsymachinery.com\/wp-content\/uploads\/2025\/06\/Rebar-Straightening-Machine-GTD4-10C.jpg","datePublished":"2025-06-18T04:42:38+00:00","dateModified":"2025-06-27T15:55:54+00:00","description":"\u0130n\u015faat Demiri Do\u011frultma Makinesi GTD4-10C, 4-10 mm \u00e7elik \u00e7ubuklar\u0131 hassasiyetle d\u00fczeltir. \u0130hracata haz\u0131r tasar\u0131m\u0131 ve ayarlanabilir ayarlar\u0131 ile hafif i\u015fler i\u00e7in \u00fcretilmi\u015ftir.","breadcrumb":{"@id":"https:\/\/www.hsymachinery.com\/product\/rebar-straightening-machine-gtd4-10c\/#breadcrumb"},"inLanguage":"tr","potentialAction":[{"@type":"ReadAction","target":["https:\/\/www.hsymachinery.com\/product\/rebar-straightening-machine-gtd4-10c\/"]}]},{"@type":"ImageObject","inLanguage":"tr","@id":"https:\/\/www.hsymachinery.com\/product\/rebar-straightening-machine-gtd4-10c\/#primaryimage","url":"https:\/\/www.hsymachinery.com\/wp-content\/uploads\/2025\/06\/Rebar-Straightening-Machine-GTD4-10C.jpg","contentUrl":"https:\/\/www.hsymachinery.com\/wp-content\/uploads\/2025\/06\/Rebar-Straightening-Machine-GTD4-10C.jpg","width":600,"height":600},{"@type":"BreadcrumbList","@id":"https:\/\/www.hsymachinery.com\/product\/rebar-straightening-machine-gtd4-10c\/#breadcrumb","itemListElement":[{"@type":"ListItem","position":1,"name":"home","item":"https:\/\/www.hsymachinery.com\/"},{"@type":"ListItem","position":2,"name":"products","item":"https:\/\/www.hsymachinery.com\/products\/"},{"@type":"ListItem","position":3,"name":"Rebar Straightening Machine GTD4-10C"}]},{"@type":"WebSite","@id":"https:\/\/www.hsymachinery.com\/#website","url":"https:\/\/www.hsymachinery.com\/","name":"HSY \u0130n\u015faat Makineleri","description":"HSY Machinery - \u00c7ok \u00e7e\u015fitli hafif in\u015faat ekipmanlar\u0131 sunan lider bir \u00c7in in\u015faat makineleri tedarik\u00e7isi. Ba\u015fl\u0131ca \u00fcr\u00fcnlerimiz aras\u0131nda Demir Kesme Makinesi, Demir B\u00fckme Makinesi, Demir \u00dczengi B\u00fckme Makinesi, Demir Ark B\u00fckme Makinesi, Demir Do\u011frultma Makinesi, Be\u015f Kafal\u0131 Demir \u00dczengi B\u00fckme Makinesi, S\u0131k\u0131\u015ft\u0131rma Tokma\u011f\u0131, Plaka Kompakt\u00f6r\u00fc, Beton Kesici, Elektrikli Mala ve di\u011fer in\u015faat makineleri bulunmaktad\u0131r. Geli\u015fmi\u015f CNC makineleri ile donat\u0131lm\u0131\u015ft\u0131r ve kapsaml\u0131 sat\u0131\u015f sonras\u0131 hizmet ile birlikte s\u0131k\u0131 kalite kontrol standartlar\u0131n\u0131 uyguluyoruz. \u00dcr\u00fcnlerimiz veya hizmetlerimizle ilgileniyorsan\u0131z, sorular\u0131n\u0131z\u0131 mesaj yoluyla s\u0131cak bir \u015fekilde kar\u015f\u0131l\u0131yoruz.","publisher":{"@id":"https:\/\/www.hsymachinery.com\/#organization"},"potentialAction":[{"@type":"SearchAction","target":{"@type":"EntryPoint","urlTemplate":"https:\/\/www.hsymachinery.com\/?s={search_term_string}"},"query-input":{"@type":"PropertyValueSpecification","valueRequired":true,"valueName":"search_term_string"}}],"inLanguage":"tr"},{"@type":"Organization","@id":"https:\/\/www.hsymachinery.com\/#organization","name":"HSY \u0130n\u015faat Makineleri","url":"https:\/\/www.hsymachinery.com\/","logo":{"@type":"ImageObject","inLanguage":"tr","@id":"https:\/\/www.hsymachinery.com\/#\/schema\/logo\/image\/","url":"https:\/\/www.hsymachinery.com\/wp-content\/uploads\/2025\/06\/cropped-HSY-machinery.png","contentUrl":"https:\/\/www.hsymachinery.com\/wp-content\/uploads\/2025\/06\/cropped-HSY-machinery.png","width":600,"height":240,"caption":"HSY Construction Machinery"},"image":{"@id":"https:\/\/www.hsymachinery.com\/#\/schema\/logo\/image\/"}}]}},"_links":{"self":[{"href":"https:\/\/www.hsymachinery.com\/tr\/wp-json\/wp\/v2\/product\/9007","targetHints":{"allow":["GET"]}}],"collection":[{"href":"https:\/\/www.hsymachinery.com\/tr\/wp-json\/wp\/v2\/product"}],"about":[{"href":"https:\/\/www.hsymachinery.com\/tr\/wp-json\/wp\/v2\/types\/product"}],"version-history":[{"count":3,"href":"https:\/\/www.hsymachinery.com\/tr\/wp-json\/wp\/v2\/product\/9007\/revisions"}],"predecessor-version":[{"id":9428,"href":"https:\/\/www.hsymachinery.com\/tr\/wp-json\/wp\/v2\/product\/9007\/revisions\/9428"}],"wp:featuredmedia":[{"embeddable":true,"href":"https:\/\/www.hsymachinery.com\/tr\/wp-json\/wp\/v2\/media\/9008"}],"wp:attachment":[{"href":"https:\/\/www.hsymachinery.com\/tr\/wp-json\/wp\/v2\/media?parent=9007"}],"wp:term":[{"taxonomy":"product_brand","embeddable":true,"href":"https:\/\/www.hsymachinery.com\/tr\/wp-json\/wp\/v2\/product_brand?post=9007"},{"taxonomy":"product_cat","embeddable":true,"href":"https:\/\/www.hsymachinery.com\/tr\/wp-json\/wp\/v2\/product_cat?post=9007"},{"taxonomy":"product_tag","embeddable":true,"href":"https:\/\/www.hsymachinery.com\/tr\/wp-json\/wp\/v2\/product_tag?post=9007"}],"curies":[{"name":"wp","href":"https:\/\/api.w.org\/{rel}","templated":true}]}}