{"id":8998,"date":"2025-06-18T12:30:41","date_gmt":"2025-06-18T04:30:41","guid":{"rendered":"https:\/\/www.hsymachinery.com\/?post_type=product&#038;p=8998"},"modified":"2025-06-27T23:01:42","modified_gmt":"2025-06-27T15:01:42","slug":"insaat-demiri-ark-bukme-makinesi-gwh50","status":"publish","type":"product","link":"https:\/\/www.hsymachinery.com\/tr\/product\/insaat-demiri-ark-bukme-makinesi-gwh50\/","title":{"rendered":"\u0130n\u015faat Demiri Ark B\u00fckme Makinesi GWH50"},"content":{"rendered":"<h2 data-start=\"105\" data-end=\"144\">\u0130n\u015faat Demiri Ark B\u00fckme Makinesi GWH50<\/h2>\n<h3 data-start=\"145\" data-end=\"265\">20-50mm \u0130n\u015faat Demiri i\u00e7in GWH50 Ark B\u00fckme Makinesi | K\u00f6pr\u00fc ve Enerji Altyap\u0131s\u0131 i\u00e7in Ultra A\u011f\u0131r \u0130n\u015faat Demiri E\u011friltme Ekipman\u0131<\/h3>\n<h3 data-start=\"272\" data-end=\"345\">\u00dcr\u00fcne Genel Bak\u0131\u015f - Zorlu Projeler i\u00e7in Maksimum B\u00fckme Kapasitesi<\/h3>\n<p data-start=\"347\" data-end=\"646\">Bu <strong data-start=\"351\" data-end=\"386\"><a href=\"https:\/\/www.hsymachinery.com\/tr\/urunler\/insaat-demiri-ark-bukme-makinesi\/\" target=\"_blank\" rel=\"noopener\">\u0130n\u015faat Demiri Ark B\u00fckme Makinas\u0131<\/a> GWH50<\/strong> 20mm ila 50mm takviye \u00e7ubuklar\u0131n\u0131 b\u00fckerken \u00fcst d\u00fczey performans sunar. Elektrik santralleri, deniz yap\u0131lar\u0131, end\u00fcstriyel temeller ve uzun a\u00e7\u0131kl\u0131kl\u0131 k\u00f6pr\u00fcler i\u00e7in tasarlanan bu makine, g\u00fcn\u00fcm\u00fcz\u00fcn altyap\u0131 in\u015faatlar\u0131nda kullan\u0131lan en kal\u0131n \u00e7ubuklar\u0131n \u00fcstesinden gelir.<\/p>\n<p data-start=\"648\" data-end=\"794\">G\u00fc\u00e7l\u00fc motoru, geli\u015ftirilmi\u015f tork sistemi ve kullan\u0131c\u0131 taraf\u0131ndan ayarlanabilen kontrolleri, en zorlu i\u015f ko\u015fullar\u0131nda bile m\u00fckemmel arklar olu\u015fturman\u0131za yard\u0131mc\u0131 olur.<\/p>\n<h3 data-start=\"801\" data-end=\"849\">Hassas Kontrol ile Y\u00fcksek G\u00fc\u00e7l\u00fc B\u00fckme<\/h3>\n<p data-start=\"851\" data-end=\"1116\">GWH50'nin a\u011f\u0131r hizmet tipi makara sistemini ve k\u0131lavuz ayarlar\u0131n\u0131 kullanarak b\u00fckme yar\u0131\u00e7ap\u0131na kolayca ince ayar yapabilirsiniz. Y\u00fcksek torklu bak\u0131r \u00e7ekirdekli motor, b\u00fcy\u00fck \u00e7apl\u0131 \u00e7ubuklar boyunca tutarl\u0131 bir kuvvet uygulayarak burkulma veya d\u00fczensiz gerginlik olmadan d\u00fczg\u00fcn e\u011friler \u00fcretir.<\/p>\n<p data-start=\"1118\" data-end=\"1318\">Operat\u00f6rler manuel hassasiyet i\u00e7in kol kolunu kullanarak \u00e7ubuklar\u0131 b\u00fckebilir veya daha h\u0131zl\u0131, daha g\u00fcvenli tekrarlama i\u00e7in ayak pedal\u0131 moduna ge\u00e7ebilir. Her iki durumda da GWH50, olu\u015fturdu\u011funuz her yay \u00fczerinde size tam kontrol sa\u011flar.<\/p>\n<h3 data-start=\"1325\" data-end=\"1384\">Dayan\u0131kl\u0131l\u0131k, \u0130hracat ve A\u011f\u0131r \u00c7al\u0131\u015fma i\u00e7in Tasarland\u0131<\/h3>\n<p data-start=\"1386\" data-end=\"1721\">G\u00fc\u00e7lendirilmi\u015f \u00e7elik \u00e7er\u00e7eve ve b\u00fcy\u00fck boy b\u00fckme platformu ile \u00fcretilen GWH50, a\u015f\u0131r\u0131 tork bas\u0131nc\u0131 alt\u0131nda bile sabit kal\u0131r. End\u00fcstriyel tekerlekleri ile at\u00f6lyenizde veya \u015fantiyenizde yuvarlayabilirsiniz. 50Hz\/60Hz'de hem 220V hem de 380V deste\u011fi ile bu model, ihracat pazarlar\u0131 ve k\u00fcresel kullan\u0131m i\u00e7in m\u00fckemmel \u015fekilde uygundur.<\/p>\n<p data-start=\"1723\" data-end=\"1827\">Projeniz y\u00fcksek kapasiteli ark \u015fekillendirme gerektiriyorsa, GWH50 s\u0131n\u0131f\u0131ndaki en yetenekli \u00e7\u00f6z\u00fcmd\u00fcr.<\/p>\n<h3 data-start=\"1834\" data-end=\"1887\">\u0130n\u015faat Demiri Ark B\u00fck\u00fcc\u00fc GWH50'nin Temel \u00d6zellikleri<\/h3>\n<ul data-start=\"1889\" data-end=\"2141\">\n<li data-start=\"1889\" data-end=\"1940\">\n<p data-start=\"1891\" data-end=\"1940\">20-50 mm \u00e7elik donat\u0131 \u00e7ubuklar\u0131ndan yaylar olu\u015fturur<\/p>\n<\/li>\n<li data-start=\"1941\" data-end=\"2014\">\n<p data-start=\"1943\" data-end=\"2014\">K\u00f6pr\u00fcler, temeller, enerji projeleri ve prekast i\u015fleri i\u00e7in tasarlanm\u0131\u015ft\u0131r<\/p>\n<\/li>\n<li data-start=\"2015\" data-end=\"2082\">\n<p data-start=\"2017\" data-end=\"2082\">B\u00fcy\u00fck \u00e7apl\u0131 b\u00fck\u00fcmler i\u00e7in g\u00fc\u00e7lendirilmi\u015f motor ve makara platformu<\/p>\n<\/li>\n<li data-start=\"2083\" data-end=\"2141\">\n<p data-start=\"2085\" data-end=\"2141\">K\u00fcresel uyumluluk i\u00e7in uluslararas\u0131 voltaj se\u00e7enekleri<\/p>\n<\/li>\n<\/ul>\n<p><iframe title=\"#in\u015faat #in\u015faat i\u015f\u00e7isi #rebarmachine #rebarbender #rebarb\u00fckme\" width=\"720\" height=\"405\" src=\"https:\/\/www.youtube.com\/embed\/kZFU0Z3IPgM?feature=oembed\" frameborder=\"0\" allow=\"accelerometer; autoplay; clipboard-write; encrypted-media; gyroscope; picture-in-picture; web-share\" referrerpolicy=\"strict-origin-when-cross-origin\" allowfullscreen><\/iframe><\/p>","protected":false},"excerpt":{"rendered":"<p>GWH50 \u0130n\u015faat Demiri Ark B\u00fckme Makinesi, y\u00fcksek y\u00fckl\u00fc yap\u0131sal kullan\u0131m i\u00e7in 20-50 mm \u00e7ubuklar\u0131 b\u00fcker. G\u00fc\u00e7l\u00fc torku ve k\u00fcresel g\u00fc\u00e7 uyumlulu\u011fu ile b\u00fcy\u00fck \u00f6l\u00e7ekli altyap\u0131lar i\u00e7in idealdir.<\/p>","protected":false},"featured_media":8999,"template":"","meta":{"_kad_post_transparent":"default","_kad_post_title":"","_kad_post_layout":"default","_kad_post_sidebar_id":"","_kad_post_content_style":"default","_kad_post_vertical_padding":"default","_kad_post_feature":"","_kad_post_feature_position":"","_kad_post_header":false,"_kad_post_footer":false},"product_brand":[],"product_cat":[54],"product_tag":[1022,1016,1024,1018,1023,1017,1019,1021,1020,1015],"class_list":{"0":"post-8998","1":"product","2":"type-product","3":"status-publish","4":"has-post-thumbnail","6":"product_cat-rebar-arc-bending-machine","7":"product_tag-arc-shape-bending-machine-for-rebar","8":"product_tag-automatic-rebar-arc-bender","9":"product_tag-bar-arc-bending-machine-for-construction","10":"product_tag-cnc-rebar-arc-bending-equipment","11":"product_tag-curved-rebar-bending-tool","12":"product_tag-hydraulic-arc-bending-machine","13":"product_tag-rebar-circular-bending-machine","14":"product_tag-rebar-radius-bending-machine","15":"product_tag-round-bending-machine-for-steel-bars","16":"product_tag-steel-arc-bending-machine","18":"first","19":"instock","20":"shipping-taxable","21":"product-type-simple","22":"entry","23":"content-bg","24":"loop-entry"},"yoast_head":"<!-- This site is optimized with the Yoast SEO plugin v25.3.1 - https:\/\/yoast.com\/wordpress\/plugins\/seo\/ -->\n<title>Rebar Arc Bending Machine GWH50 - HSY Construction Machinery<\/title>\n<meta name=\"description\" content=\"Rebar Arc Bending Machine GWH50 bends 20\u201350mm steel bars into arcs. Designed for high-demand jobs with export-ready voltage and industrial performance.\" \/>\n<meta name=\"robots\" content=\"index, follow, max-snippet:-1, max-image-preview:large, max-video-preview:-1\" \/>\n<link rel=\"canonical\" href=\"https:\/\/www.hsymachinery.com\/tr\/product\/insaat-demiri-ark-bukme-makinesi-gwh50\/\" \/>\n<meta property=\"og:locale\" content=\"tr_TR\" \/>\n<meta property=\"og:type\" content=\"article\" \/>\n<meta property=\"og:title\" content=\"Rebar Arc Bending Machine GWH50 - HSY Construction Machinery\" \/>\n<meta property=\"og:description\" content=\"Rebar Arc Bending Machine GWH50 bends 20\u201350mm steel bars into arcs. Designed for high-demand jobs with export-ready voltage and industrial performance.\" \/>\n<meta property=\"og:url\" content=\"https:\/\/www.hsymachinery.com\/tr\/product\/insaat-demiri-ark-bukme-makinesi-gwh50\/\" \/>\n<meta property=\"og:site_name\" content=\"HSY Construction Machinery\" \/>\n<meta property=\"article:modified_time\" content=\"2025-06-27T15:01:42+00:00\" \/>\n<meta property=\"og:image\" content=\"https:\/\/www.hsymachinery.com\/wp-content\/uploads\/2025\/06\/Rebar-Arc-Bending-Machine-GWH50.jpg\" \/>\n\t<meta property=\"og:image:width\" content=\"600\" \/>\n\t<meta property=\"og:image:height\" content=\"600\" \/>\n\t<meta property=\"og:image:type\" content=\"image\/jpeg\" \/>\n<meta name=\"twitter:card\" content=\"summary_large_image\" \/>\n<meta name=\"twitter:label1\" content=\"Tahmini okuma s\u00fcresi\" \/>\n\t<meta name=\"twitter:data1\" content=\"2 dakika\" \/>\n<script type=\"application\/ld+json\" class=\"yoast-schema-graph\">{\"@context\":\"https:\/\/schema.org\",\"@graph\":[{\"@type\":\"WebPage\",\"@id\":\"https:\/\/www.hsymachinery.com\/product\/rebar-arc-bending-machine-gwh50\/\",\"url\":\"https:\/\/www.hsymachinery.com\/product\/rebar-arc-bending-machine-gwh50\/\",\"name\":\"Rebar Arc Bending Machine GWH50 - HSY Construction Machinery\",\"isPartOf\":{\"@id\":\"https:\/\/www.hsymachinery.com\/#website\"},\"primaryImageOfPage\":{\"@id\":\"https:\/\/www.hsymachinery.com\/product\/rebar-arc-bending-machine-gwh50\/#primaryimage\"},\"image\":{\"@id\":\"https:\/\/www.hsymachinery.com\/product\/rebar-arc-bending-machine-gwh50\/#primaryimage\"},\"thumbnailUrl\":\"https:\/\/www.hsymachinery.com\/wp-content\/uploads\/2025\/06\/Rebar-Arc-Bending-Machine-GWH50.jpg\",\"datePublished\":\"2025-06-18T04:30:41+00:00\",\"dateModified\":\"2025-06-27T15:01:42+00:00\",\"description\":\"Rebar Arc Bending Machine GWH50 bends 20\u201350mm steel bars into arcs. Designed for high-demand jobs with export-ready voltage and industrial performance.\",\"breadcrumb\":{\"@id\":\"https:\/\/www.hsymachinery.com\/product\/rebar-arc-bending-machine-gwh50\/#breadcrumb\"},\"inLanguage\":\"tr\",\"potentialAction\":[{\"@type\":\"ReadAction\",\"target\":[\"https:\/\/www.hsymachinery.com\/product\/rebar-arc-bending-machine-gwh50\/\"]}]},{\"@type\":\"ImageObject\",\"inLanguage\":\"tr\",\"@id\":\"https:\/\/www.hsymachinery.com\/product\/rebar-arc-bending-machine-gwh50\/#primaryimage\",\"url\":\"https:\/\/www.hsymachinery.com\/wp-content\/uploads\/2025\/06\/Rebar-Arc-Bending-Machine-GWH50.jpg\",\"contentUrl\":\"https:\/\/www.hsymachinery.com\/wp-content\/uploads\/2025\/06\/Rebar-Arc-Bending-Machine-GWH50.jpg\",\"width\":600,\"height\":600},{\"@type\":\"BreadcrumbList\",\"@id\":\"https:\/\/www.hsymachinery.com\/product\/rebar-arc-bending-machine-gwh50\/#breadcrumb\",\"itemListElement\":[{\"@type\":\"ListItem\",\"position\":1,\"name\":\"home\",\"item\":\"https:\/\/www.hsymachinery.com\/\"},{\"@type\":\"ListItem\",\"position\":2,\"name\":\"products\",\"item\":\"https:\/\/www.hsymachinery.com\/products\/\"},{\"@type\":\"ListItem\",\"position\":3,\"name\":\"Rebar Arc Bending Machine GWH50\"}]},{\"@type\":\"WebSite\",\"@id\":\"https:\/\/www.hsymachinery.com\/#website\",\"url\":\"https:\/\/www.hsymachinery.com\/\",\"name\":\"HSY Construction Machinery\",\"description\":\"HSY Machinery \u2013 A leading China construction machinery supplier, offering a wide range of light construction equipment. Our main products include Rebar Cutting Machine, Rebar Bending Machine, Rebar Stirrup Bending Machine, Rebar Arc Bending Machine, Rebar Straightening Machine, Five-Head Rebar Stirrup Bending Machine, Tamping Rammer, Plate Compactor, Concrete Cutter, Power Trowel, and other construction machinery. We are equipped with advanced CNC machines, and we enforce strict quality inspection standards along with comprehensive after-sales service. If you are interested in our products or services, we warmly welcome your inquiries via message.\",\"publisher\":{\"@id\":\"https:\/\/www.hsymachinery.com\/#organization\"},\"potentialAction\":[{\"@type\":\"SearchAction\",\"target\":{\"@type\":\"EntryPoint\",\"urlTemplate\":\"https:\/\/www.hsymachinery.com\/?s={search_term_string}\"},\"query-input\":{\"@type\":\"PropertyValueSpecification\",\"valueRequired\":true,\"valueName\":\"search_term_string\"}}],\"inLanguage\":\"tr\"},{\"@type\":\"Organization\",\"@id\":\"https:\/\/www.hsymachinery.com\/#organization\",\"name\":\"HSY Construction Machinery\",\"url\":\"https:\/\/www.hsymachinery.com\/\",\"logo\":{\"@type\":\"ImageObject\",\"inLanguage\":\"tr\",\"@id\":\"https:\/\/www.hsymachinery.com\/#\/schema\/logo\/image\/\",\"url\":\"https:\/\/www.hsymachinery.com\/wp-content\/uploads\/2025\/06\/cropped-HSY-machinery.png\",\"contentUrl\":\"https:\/\/www.hsymachinery.com\/wp-content\/uploads\/2025\/06\/cropped-HSY-machinery.png\",\"width\":600,\"height\":240,\"caption\":\"HSY Construction Machinery\"},\"image\":{\"@id\":\"https:\/\/www.hsymachinery.com\/#\/schema\/logo\/image\/\"}}]}<\/script>\n<!-- \/ Yoast SEO plugin. -->","yoast_head_json":{"title":"\u0130n\u015faat Demiri Ark B\u00fckme Makinesi GWH50 - HSY \u0130n\u015faat Makinalar\u0131","description":"\u0130n\u015faat Demiri Ark B\u00fckme Makinesi GWH50, 20-50 mm \u00e7elik \u00e7ubuklar\u0131 yay \u015feklinde b\u00fcker. \u0130hracata haz\u0131r voltaj ve end\u00fcstriyel performans ile y\u00fcksek talep g\u00f6ren i\u015fler i\u00e7in tasarlanm\u0131\u015ft\u0131r.","robots":{"index":"index","follow":"follow","max-snippet":"max-snippet:-1","max-image-preview":"max-image-preview:large","max-video-preview":"max-video-preview:-1"},"canonical":"https:\/\/www.hsymachinery.com\/tr\/product\/insaat-demiri-ark-bukme-makinesi-gwh50\/","og_locale":"tr_TR","og_type":"article","og_title":"Rebar Arc Bending Machine GWH50 - HSY Construction Machinery","og_description":"Rebar Arc Bending Machine GWH50 bends 20\u201350mm steel bars into arcs. Designed for high-demand jobs with export-ready voltage and industrial performance.","og_url":"https:\/\/www.hsymachinery.com\/tr\/product\/insaat-demiri-ark-bukme-makinesi-gwh50\/","og_site_name":"HSY Construction Machinery","article_modified_time":"2025-06-27T15:01:42+00:00","og_image":[{"width":600,"height":600,"url":"https:\/\/www.hsymachinery.com\/wp-content\/uploads\/2025\/06\/Rebar-Arc-Bending-Machine-GWH50.jpg","type":"image\/jpeg"}],"twitter_card":"summary_large_image","twitter_misc":{"Tahmini okuma s\u00fcresi":"2 dakika"},"schema":{"@context":"https:\/\/schema.org","@graph":[{"@type":"WebPage","@id":"https:\/\/www.hsymachinery.com\/product\/rebar-arc-bending-machine-gwh50\/","url":"https:\/\/www.hsymachinery.com\/product\/rebar-arc-bending-machine-gwh50\/","name":"\u0130n\u015faat Demiri Ark B\u00fckme Makinesi GWH50 - HSY \u0130n\u015faat Makinalar\u0131","isPartOf":{"@id":"https:\/\/www.hsymachinery.com\/#website"},"primaryImageOfPage":{"@id":"https:\/\/www.hsymachinery.com\/product\/rebar-arc-bending-machine-gwh50\/#primaryimage"},"image":{"@id":"https:\/\/www.hsymachinery.com\/product\/rebar-arc-bending-machine-gwh50\/#primaryimage"},"thumbnailUrl":"https:\/\/www.hsymachinery.com\/wp-content\/uploads\/2025\/06\/Rebar-Arc-Bending-Machine-GWH50.jpg","datePublished":"2025-06-18T04:30:41+00:00","dateModified":"2025-06-27T15:01:42+00:00","description":"\u0130n\u015faat Demiri Ark B\u00fckme Makinesi GWH50, 20-50 mm \u00e7elik \u00e7ubuklar\u0131 yay \u015feklinde b\u00fcker. \u0130hracata haz\u0131r voltaj ve end\u00fcstriyel performans ile y\u00fcksek talep g\u00f6ren i\u015fler i\u00e7in tasarlanm\u0131\u015ft\u0131r.","breadcrumb":{"@id":"https:\/\/www.hsymachinery.com\/product\/rebar-arc-bending-machine-gwh50\/#breadcrumb"},"inLanguage":"tr","potentialAction":[{"@type":"ReadAction","target":["https:\/\/www.hsymachinery.com\/product\/rebar-arc-bending-machine-gwh50\/"]}]},{"@type":"ImageObject","inLanguage":"tr","@id":"https:\/\/www.hsymachinery.com\/product\/rebar-arc-bending-machine-gwh50\/#primaryimage","url":"https:\/\/www.hsymachinery.com\/wp-content\/uploads\/2025\/06\/Rebar-Arc-Bending-Machine-GWH50.jpg","contentUrl":"https:\/\/www.hsymachinery.com\/wp-content\/uploads\/2025\/06\/Rebar-Arc-Bending-Machine-GWH50.jpg","width":600,"height":600},{"@type":"BreadcrumbList","@id":"https:\/\/www.hsymachinery.com\/product\/rebar-arc-bending-machine-gwh50\/#breadcrumb","itemListElement":[{"@type":"ListItem","position":1,"name":"home","item":"https:\/\/www.hsymachinery.com\/"},{"@type":"ListItem","position":2,"name":"products","item":"https:\/\/www.hsymachinery.com\/products\/"},{"@type":"ListItem","position":3,"name":"Rebar Arc Bending Machine GWH50"}]},{"@type":"WebSite","@id":"https:\/\/www.hsymachinery.com\/#website","url":"https:\/\/www.hsymachinery.com\/","name":"HSY \u0130n\u015faat Makineleri","description":"HSY Machinery - \u00c7ok \u00e7e\u015fitli hafif in\u015faat ekipmanlar\u0131 sunan lider bir \u00c7in in\u015faat makineleri tedarik\u00e7isi. Ba\u015fl\u0131ca \u00fcr\u00fcnlerimiz aras\u0131nda Demir Kesme Makinesi, Demir B\u00fckme Makinesi, Demir \u00dczengi B\u00fckme Makinesi, Demir Ark B\u00fckme Makinesi, Demir Do\u011frultma Makinesi, Be\u015f Kafal\u0131 Demir \u00dczengi B\u00fckme Makinesi, S\u0131k\u0131\u015ft\u0131rma Tokma\u011f\u0131, Plaka Kompakt\u00f6r\u00fc, Beton Kesici, Elektrikli Mala ve di\u011fer in\u015faat makineleri bulunmaktad\u0131r. Geli\u015fmi\u015f CNC makineleri ile donat\u0131lm\u0131\u015ft\u0131r ve kapsaml\u0131 sat\u0131\u015f sonras\u0131 hizmet ile birlikte s\u0131k\u0131 kalite kontrol standartlar\u0131n\u0131 uyguluyoruz. \u00dcr\u00fcnlerimiz veya hizmetlerimizle ilgileniyorsan\u0131z, sorular\u0131n\u0131z\u0131 mesaj yoluyla s\u0131cak bir \u015fekilde kar\u015f\u0131l\u0131yoruz.","publisher":{"@id":"https:\/\/www.hsymachinery.com\/#organization"},"potentialAction":[{"@type":"SearchAction","target":{"@type":"EntryPoint","urlTemplate":"https:\/\/www.hsymachinery.com\/?s={search_term_string}"},"query-input":{"@type":"PropertyValueSpecification","valueRequired":true,"valueName":"search_term_string"}}],"inLanguage":"tr"},{"@type":"Organization","@id":"https:\/\/www.hsymachinery.com\/#organization","name":"HSY \u0130n\u015faat Makineleri","url":"https:\/\/www.hsymachinery.com\/","logo":{"@type":"ImageObject","inLanguage":"tr","@id":"https:\/\/www.hsymachinery.com\/#\/schema\/logo\/image\/","url":"https:\/\/www.hsymachinery.com\/wp-content\/uploads\/2025\/06\/cropped-HSY-machinery.png","contentUrl":"https:\/\/www.hsymachinery.com\/wp-content\/uploads\/2025\/06\/cropped-HSY-machinery.png","width":600,"height":240,"caption":"HSY Construction Machinery"},"image":{"@id":"https:\/\/www.hsymachinery.com\/#\/schema\/logo\/image\/"}}]}},"_links":{"self":[{"href":"https:\/\/www.hsymachinery.com\/tr\/wp-json\/wp\/v2\/product\/8998","targetHints":{"allow":["GET"]}}],"collection":[{"href":"https:\/\/www.hsymachinery.com\/tr\/wp-json\/wp\/v2\/product"}],"about":[{"href":"https:\/\/www.hsymachinery.com\/tr\/wp-json\/wp\/v2\/types\/product"}],"version-history":[{"count":3,"href":"https:\/\/www.hsymachinery.com\/tr\/wp-json\/wp\/v2\/product\/8998\/revisions"}],"predecessor-version":[{"id":9415,"href":"https:\/\/www.hsymachinery.com\/tr\/wp-json\/wp\/v2\/product\/8998\/revisions\/9415"}],"wp:featuredmedia":[{"embeddable":true,"href":"https:\/\/www.hsymachinery.com\/tr\/wp-json\/wp\/v2\/media\/8999"}],"wp:attachment":[{"href":"https:\/\/www.hsymachinery.com\/tr\/wp-json\/wp\/v2\/media?parent=8998"}],"wp:term":[{"taxonomy":"product_brand","embeddable":true,"href":"https:\/\/www.hsymachinery.com\/tr\/wp-json\/wp\/v2\/product_brand?post=8998"},{"taxonomy":"product_cat","embeddable":true,"href":"https:\/\/www.hsymachinery.com\/tr\/wp-json\/wp\/v2\/product_cat?post=8998"},{"taxonomy":"product_tag","embeddable":true,"href":"https:\/\/www.hsymachinery.com\/tr\/wp-json\/wp\/v2\/product_tag?post=8998"}],"curies":[{"name":"wp","href":"https:\/\/api.w.org\/{rel}","templated":true}]}}