{"id":8995,"date":"2025-06-18T12:28:44","date_gmt":"2025-06-18T04:28:44","guid":{"rendered":"https:\/\/www.hsymachinery.com\/?post_type=product&#038;p=8995"},"modified":"2025-06-27T22:55:02","modified_gmt":"2025-06-27T14:55:02","slug":"insaat-demiri-ark-bukme-makinesi-gwh45","status":"publish","type":"product","link":"https:\/\/www.hsymachinery.com\/tr\/product\/insaat-demiri-ark-bukme-makinesi-gwh45\/","title":{"rendered":"\u0130n\u015faat Demiri Ark B\u00fckme Makinesi GWH45"},"content":{"rendered":"<h2 data-start=\"115\" data-end=\"154\">\u0130n\u015faat Demiri Ark B\u00fckme Makinesi GWH45<\/h2>\n<h3 data-start=\"155\" data-end=\"274\">20-45mm \u00c7elik \u00c7ubuklar i\u00e7in GWH45 A\u011f\u0131r Demir Ark B\u00fck\u00fcc\u00fc | \u0130n\u015faat M\u00fchendisli\u011fi Projeleri i\u00e7in Hassas E\u011fri B\u00fckme Makinesi<\/h3>\n<h3 data-start=\"281\" data-end=\"362\">\u00dcr\u00fcne Genel Bak\u0131\u015f - B\u00fcy\u00fck \u00c7apl\u0131 \u00c7ubuk Yaylar\u0131n\u0131 H\u0131z ve Hassasiyetle \u0130\u015fleyin<\/h3>\n<p data-start=\"364\" data-end=\"696\">Bu <strong data-start=\"368\" data-end=\"403\"><a href=\"https:\/\/www.hsymachinery.com\/tr\/urunler\/insaat-demiri-ark-bukme-makinesi\/\" target=\"_blank\" rel=\"noopener\">\u0130n\u015faat Demiri Ark B\u00fckme Makinas\u0131<\/a> GWH45<\/strong> 20 mm ila 45 mm \u00e7elik donat\u0131 \u00e7ubuklar\u0131n\u0131 yaylara, yar\u0131m dairelere ve \u00f6zel kavisli \u015fekillere verimli bir \u015fekilde b\u00fcker. Kal\u0131n in\u015faat demirinin tutarl\u0131 ve do\u011fru bir \u015fekilde \u015fekillendirilmesi gereken sivil altyap\u0131, prefabrik bile\u015fen \u00fcretimi ve t\u00fcnel kaplama segmentlerindeki zorlu g\u00f6revleri destekler.<\/p>\n<p data-start=\"698\" data-end=\"802\">Bu makinenin hem ham g\u00fcc\u00fc hem de b\u00fckme hassasiyetini tek bir g\u00fcvenilir pakette sunaca\u011f\u0131na g\u00fcvenebilirsiniz.<\/p>\n<h3 data-start=\"809\" data-end=\"866\">Ayarlanabilir B\u00fckme Yar\u0131\u00e7ap\u0131 ve G\u00fc\u00e7l\u00fc Tork \u00c7\u0131k\u0131\u015f\u0131<\/h3>\n<p data-start=\"868\" data-end=\"1112\">\u0130stedi\u011finiz yar\u0131\u00e7ap ayarlar\u0131na uymas\u0131 i\u00e7in GWH45 \u00fczerindeki silindir bo\u015flu\u011funu ve ark konumunu de\u011fi\u015ftirebilirsiniz. G\u00fc\u00e7lendirilmi\u015f motoru ve y\u00fcksek y\u00fckl\u00fc di\u015fli kutusu, g\u00fc\u00e7l\u00fc torku e\u015fit \u015fekilde uygulayarak b\u00fcy\u00fck \u00e7ubuklarda \u00e7atlama veya d\u00fczle\u015fme olmadan temiz b\u00fck\u00fcmler sa\u011flar.<\/p>\n<p data-start=\"1114\" data-end=\"1346\">Ekibinizin kurulumuna ba\u011fl\u0131 olarak manuel kol veya ayak pedal\u0131 kullan\u0131m\u0131 aras\u0131nda se\u00e7im yapmakta \u00f6zg\u00fcrs\u00fcn\u00fcz. Sa\u011flam yap\u0131s\u0131, en a\u011f\u0131r \u00e7ubuk boyutlar\u0131n\u0131 ta\u015f\u0131rken bile makinenin \u00e7al\u0131\u015fma s\u0131ras\u0131nda s\u0131k\u0131ca yerinde kalmas\u0131n\u0131 sa\u011flar.<\/p>\n<h3 data-start=\"1353\" data-end=\"1398\">Uluslararas\u0131 Projeler i\u00e7in Zorlu Yap\u0131<\/h3>\n<p data-start=\"1400\" data-end=\"1677\">GWH45, s\u00fcrekli \u00e7al\u0131\u015fma ko\u015fullar\u0131nda yorulmaya kar\u015f\u0131 dayan\u0131kl\u0131 olacak \u015fekilde tasarlanm\u0131\u015f tam \u00e7elik bir g\u00f6vdeye sahiptir. \u00c7ift voltaj deste\u011fi (220V\/380V, 50\/60Hz) d\u00fcnya \u00e7ap\u0131ndaki g\u00fc\u00e7 sistemlerine sorunsuz entegrasyon sa\u011flarken, a\u011f\u0131r hizmet tipi tekerleklerini kullanarak sahada ta\u015f\u0131yabilirsiniz.<\/p>\n<p data-start=\"1679\" data-end=\"1800\">B\u00fcy\u00fck hacimlerde hassas kavisli in\u015faat demiri formlar\u0131 \u00fcretmeniz gerekiyorsa, GWH45 d\u00fcnyan\u0131n her yerinde bu i\u015f i\u00e7in haz\u0131rd\u0131r.<\/p>\n<h3 data-start=\"1807\" data-end=\"1860\">\u0130n\u015faat Demiri Ark B\u00fck\u00fcc\u00fc GWH45'in Temel \u00d6zellikleri<\/h3>\n<ul data-start=\"1862\" data-end=\"2125\">\n<li data-start=\"1862\" data-end=\"1911\">\n<p data-start=\"1864\" data-end=\"1911\">20-45 mm in\u015faat demirini yaylara ve kavisli formlara b\u00fcker<\/p>\n<\/li>\n<li data-start=\"1912\" data-end=\"1990\">\n<p data-start=\"1914\" data-end=\"1990\">T\u00fcneller, metrolar ve prekast fabrikalar\u0131 gibi a\u011f\u0131r in\u015faat projeleri i\u00e7in ideal<\/p>\n<\/li>\n<li data-start=\"1991\" data-end=\"2061\">\n<p data-start=\"1993\" data-end=\"2061\">G\u00fcvenilir, tekrarlanabilir performans i\u00e7in g\u00fc\u00e7l\u00fc motor ve sa\u011flam \u00e7er\u00e7eve<\/p>\n<\/li>\n<li data-start=\"2062\" data-end=\"2125\">\n<p data-start=\"2064\" data-end=\"2125\">\u00c7ift kontrol se\u00e7ene\u011fi ve ihracata haz\u0131r voltaj yap\u0131land\u0131rmas\u0131<\/p>\n<\/li>\n<\/ul>\n<p><iframe title=\"#in\u015faat #in\u015faat i\u015f\u00e7isi #rebarmachine #rebarbender #rebarb\u00fckme\" width=\"720\" height=\"405\" src=\"https:\/\/www.youtube.com\/embed\/kZFU0Z3IPgM?feature=oembed\" frameborder=\"0\" allow=\"accelerometer; autoplay; clipboard-write; encrypted-media; gyroscope; picture-in-picture; web-share\" referrerpolicy=\"strict-origin-when-cross-origin\" allowfullscreen><\/iframe><\/p>","protected":false},"excerpt":{"rendered":"<p>GWH45 \u0130n\u015faat Demiri Ark B\u00fckme Makinesi, 20-45 mm \u00e7elik \u00e7ubuklar\u0131 kolayl\u0131kla b\u00fcker. T\u00fcnel ve altyap\u0131 \u00e7al\u0131\u015fmalar\u0131 i\u00e7in tasarlanan bu makine, y\u00fcksek tork, hassas b\u00fckme ve global voltaj deste\u011fi sunar.<\/p>","protected":false},"featured_media":8996,"template":"","meta":{"_kad_post_transparent":"default","_kad_post_title":"","_kad_post_layout":"default","_kad_post_sidebar_id":"","_kad_post_content_style":"default","_kad_post_vertical_padding":"default","_kad_post_feature":"","_kad_post_feature_position":"","_kad_post_header":false,"_kad_post_footer":false},"product_brand":[],"product_cat":[54],"product_tag":[1022,1016,1024,1018,1023,1017,1019,1021,1020,1015],"class_list":{"0":"post-8995","1":"product","2":"type-product","3":"status-publish","4":"has-post-thumbnail","6":"product_cat-rebar-arc-bending-machine","7":"product_tag-arc-shape-bending-machine-for-rebar","8":"product_tag-automatic-rebar-arc-bender","9":"product_tag-bar-arc-bending-machine-for-construction","10":"product_tag-cnc-rebar-arc-bending-equipment","11":"product_tag-curved-rebar-bending-tool","12":"product_tag-hydraulic-arc-bending-machine","13":"product_tag-rebar-circular-bending-machine","14":"product_tag-rebar-radius-bending-machine","15":"product_tag-round-bending-machine-for-steel-bars","16":"product_tag-steel-arc-bending-machine","18":"first","19":"instock","20":"shipping-taxable","21":"product-type-simple","22":"entry","23":"content-bg","24":"loop-entry"},"yoast_head":"<!-- This site is optimized with the Yoast SEO plugin v25.3.1 - https:\/\/yoast.com\/wordpress\/plugins\/seo\/ -->\n<title>Rebar Arc Bending Machine GWH45 - HSY Construction Machinery<\/title>\n<meta name=\"description\" content=\"Rebar Arc Bending Machine GWH45 bends 20\u201345mm rebar into arcs. Perfect for civil projects and exports, with strong torque and high bending accuracy.\" \/>\n<meta name=\"robots\" content=\"index, follow, max-snippet:-1, max-image-preview:large, max-video-preview:-1\" \/>\n<link rel=\"canonical\" href=\"https:\/\/www.hsymachinery.com\/tr\/product\/insaat-demiri-ark-bukme-makinesi-gwh45\/\" \/>\n<meta property=\"og:locale\" content=\"tr_TR\" \/>\n<meta property=\"og:type\" content=\"article\" \/>\n<meta property=\"og:title\" content=\"Rebar Arc Bending Machine GWH45 - HSY Construction Machinery\" \/>\n<meta property=\"og:description\" content=\"Rebar Arc Bending Machine GWH45 bends 20\u201345mm rebar into arcs. Perfect for civil projects and exports, with strong torque and high bending accuracy.\" \/>\n<meta property=\"og:url\" content=\"https:\/\/www.hsymachinery.com\/tr\/product\/insaat-demiri-ark-bukme-makinesi-gwh45\/\" \/>\n<meta property=\"og:site_name\" content=\"HSY Construction Machinery\" \/>\n<meta property=\"article:modified_time\" content=\"2025-06-27T14:55:02+00:00\" \/>\n<meta property=\"og:image\" content=\"https:\/\/www.hsymachinery.com\/wp-content\/uploads\/2025\/06\/Rebar-Arc-Bending-Machine-GWH45.jpg\" \/>\n\t<meta property=\"og:image:width\" content=\"600\" \/>\n\t<meta property=\"og:image:height\" content=\"600\" \/>\n\t<meta property=\"og:image:type\" content=\"image\/jpeg\" \/>\n<meta name=\"twitter:card\" content=\"summary_large_image\" \/>\n<meta name=\"twitter:label1\" content=\"Tahmini okuma s\u00fcresi\" \/>\n\t<meta name=\"twitter:data1\" content=\"2 dakika\" \/>\n<script type=\"application\/ld+json\" class=\"yoast-schema-graph\">{\"@context\":\"https:\/\/schema.org\",\"@graph\":[{\"@type\":\"WebPage\",\"@id\":\"https:\/\/www.hsymachinery.com\/product\/rebar-arc-bending-machine-gwh45\/\",\"url\":\"https:\/\/www.hsymachinery.com\/product\/rebar-arc-bending-machine-gwh45\/\",\"name\":\"Rebar Arc Bending Machine GWH45 - HSY Construction Machinery\",\"isPartOf\":{\"@id\":\"https:\/\/www.hsymachinery.com\/#website\"},\"primaryImageOfPage\":{\"@id\":\"https:\/\/www.hsymachinery.com\/product\/rebar-arc-bending-machine-gwh45\/#primaryimage\"},\"image\":{\"@id\":\"https:\/\/www.hsymachinery.com\/product\/rebar-arc-bending-machine-gwh45\/#primaryimage\"},\"thumbnailUrl\":\"https:\/\/www.hsymachinery.com\/wp-content\/uploads\/2025\/06\/Rebar-Arc-Bending-Machine-GWH45.jpg\",\"datePublished\":\"2025-06-18T04:28:44+00:00\",\"dateModified\":\"2025-06-27T14:55:02+00:00\",\"description\":\"Rebar Arc Bending Machine GWH45 bends 20\u201345mm rebar into arcs. Perfect for civil projects and exports, with strong torque and high bending accuracy.\",\"breadcrumb\":{\"@id\":\"https:\/\/www.hsymachinery.com\/product\/rebar-arc-bending-machine-gwh45\/#breadcrumb\"},\"inLanguage\":\"tr\",\"potentialAction\":[{\"@type\":\"ReadAction\",\"target\":[\"https:\/\/www.hsymachinery.com\/product\/rebar-arc-bending-machine-gwh45\/\"]}]},{\"@type\":\"ImageObject\",\"inLanguage\":\"tr\",\"@id\":\"https:\/\/www.hsymachinery.com\/product\/rebar-arc-bending-machine-gwh45\/#primaryimage\",\"url\":\"https:\/\/www.hsymachinery.com\/wp-content\/uploads\/2025\/06\/Rebar-Arc-Bending-Machine-GWH45.jpg\",\"contentUrl\":\"https:\/\/www.hsymachinery.com\/wp-content\/uploads\/2025\/06\/Rebar-Arc-Bending-Machine-GWH45.jpg\",\"width\":600,\"height\":600},{\"@type\":\"BreadcrumbList\",\"@id\":\"https:\/\/www.hsymachinery.com\/product\/rebar-arc-bending-machine-gwh45\/#breadcrumb\",\"itemListElement\":[{\"@type\":\"ListItem\",\"position\":1,\"name\":\"home\",\"item\":\"https:\/\/www.hsymachinery.com\/\"},{\"@type\":\"ListItem\",\"position\":2,\"name\":\"products\",\"item\":\"https:\/\/www.hsymachinery.com\/products\/\"},{\"@type\":\"ListItem\",\"position\":3,\"name\":\"Rebar Arc Bending Machine GWH45\"}]},{\"@type\":\"WebSite\",\"@id\":\"https:\/\/www.hsymachinery.com\/#website\",\"url\":\"https:\/\/www.hsymachinery.com\/\",\"name\":\"HSY Construction Machinery\",\"description\":\"HSY Machinery \u2013 A leading China construction machinery supplier, offering a wide range of light construction equipment. Our main products include Rebar Cutting Machine, Rebar Bending Machine, Rebar Stirrup Bending Machine, Rebar Arc Bending Machine, Rebar Straightening Machine, Five-Head Rebar Stirrup Bending Machine, Tamping Rammer, Plate Compactor, Concrete Cutter, Power Trowel, and other construction machinery. We are equipped with advanced CNC machines, and we enforce strict quality inspection standards along with comprehensive after-sales service. If you are interested in our products or services, we warmly welcome your inquiries via message.\",\"publisher\":{\"@id\":\"https:\/\/www.hsymachinery.com\/#organization\"},\"potentialAction\":[{\"@type\":\"SearchAction\",\"target\":{\"@type\":\"EntryPoint\",\"urlTemplate\":\"https:\/\/www.hsymachinery.com\/?s={search_term_string}\"},\"query-input\":{\"@type\":\"PropertyValueSpecification\",\"valueRequired\":true,\"valueName\":\"search_term_string\"}}],\"inLanguage\":\"tr\"},{\"@type\":\"Organization\",\"@id\":\"https:\/\/www.hsymachinery.com\/#organization\",\"name\":\"HSY Construction Machinery\",\"url\":\"https:\/\/www.hsymachinery.com\/\",\"logo\":{\"@type\":\"ImageObject\",\"inLanguage\":\"tr\",\"@id\":\"https:\/\/www.hsymachinery.com\/#\/schema\/logo\/image\/\",\"url\":\"https:\/\/www.hsymachinery.com\/wp-content\/uploads\/2025\/06\/cropped-HSY-machinery.png\",\"contentUrl\":\"https:\/\/www.hsymachinery.com\/wp-content\/uploads\/2025\/06\/cropped-HSY-machinery.png\",\"width\":600,\"height\":240,\"caption\":\"HSY Construction Machinery\"},\"image\":{\"@id\":\"https:\/\/www.hsymachinery.com\/#\/schema\/logo\/image\/\"}}]}<\/script>\n<!-- \/ Yoast SEO plugin. -->","yoast_head_json":{"title":"\u0130n\u015faat Demiri Ark B\u00fckme Makinesi GWH45 - HSY \u0130n\u015faat Makinalar\u0131","description":"\u0130n\u015faat Demiri Ark B\u00fckme Makinesi GWH45, 20-45 mm in\u015faat demirini yaylar halinde b\u00fcker. G\u00fc\u00e7l\u00fc tork ve y\u00fcksek b\u00fckme hassasiyeti ile in\u015faat projeleri ve ihracat i\u00e7in m\u00fckemmeldir.","robots":{"index":"index","follow":"follow","max-snippet":"max-snippet:-1","max-image-preview":"max-image-preview:large","max-video-preview":"max-video-preview:-1"},"canonical":"https:\/\/www.hsymachinery.com\/tr\/product\/insaat-demiri-ark-bukme-makinesi-gwh45\/","og_locale":"tr_TR","og_type":"article","og_title":"Rebar Arc Bending Machine GWH45 - HSY Construction Machinery","og_description":"Rebar Arc Bending Machine GWH45 bends 20\u201345mm rebar into arcs. Perfect for civil projects and exports, with strong torque and high bending accuracy.","og_url":"https:\/\/www.hsymachinery.com\/tr\/product\/insaat-demiri-ark-bukme-makinesi-gwh45\/","og_site_name":"HSY Construction Machinery","article_modified_time":"2025-06-27T14:55:02+00:00","og_image":[{"width":600,"height":600,"url":"https:\/\/www.hsymachinery.com\/wp-content\/uploads\/2025\/06\/Rebar-Arc-Bending-Machine-GWH45.jpg","type":"image\/jpeg"}],"twitter_card":"summary_large_image","twitter_misc":{"Tahmini okuma s\u00fcresi":"2 dakika"},"schema":{"@context":"https:\/\/schema.org","@graph":[{"@type":"WebPage","@id":"https:\/\/www.hsymachinery.com\/product\/rebar-arc-bending-machine-gwh45\/","url":"https:\/\/www.hsymachinery.com\/product\/rebar-arc-bending-machine-gwh45\/","name":"\u0130n\u015faat Demiri Ark B\u00fckme Makinesi GWH45 - HSY \u0130n\u015faat Makinalar\u0131","isPartOf":{"@id":"https:\/\/www.hsymachinery.com\/#website"},"primaryImageOfPage":{"@id":"https:\/\/www.hsymachinery.com\/product\/rebar-arc-bending-machine-gwh45\/#primaryimage"},"image":{"@id":"https:\/\/www.hsymachinery.com\/product\/rebar-arc-bending-machine-gwh45\/#primaryimage"},"thumbnailUrl":"https:\/\/www.hsymachinery.com\/wp-content\/uploads\/2025\/06\/Rebar-Arc-Bending-Machine-GWH45.jpg","datePublished":"2025-06-18T04:28:44+00:00","dateModified":"2025-06-27T14:55:02+00:00","description":"\u0130n\u015faat Demiri Ark B\u00fckme Makinesi GWH45, 20-45 mm in\u015faat demirini yaylar halinde b\u00fcker. G\u00fc\u00e7l\u00fc tork ve y\u00fcksek b\u00fckme hassasiyeti ile in\u015faat projeleri ve ihracat i\u00e7in m\u00fckemmeldir.","breadcrumb":{"@id":"https:\/\/www.hsymachinery.com\/product\/rebar-arc-bending-machine-gwh45\/#breadcrumb"},"inLanguage":"tr","potentialAction":[{"@type":"ReadAction","target":["https:\/\/www.hsymachinery.com\/product\/rebar-arc-bending-machine-gwh45\/"]}]},{"@type":"ImageObject","inLanguage":"tr","@id":"https:\/\/www.hsymachinery.com\/product\/rebar-arc-bending-machine-gwh45\/#primaryimage","url":"https:\/\/www.hsymachinery.com\/wp-content\/uploads\/2025\/06\/Rebar-Arc-Bending-Machine-GWH45.jpg","contentUrl":"https:\/\/www.hsymachinery.com\/wp-content\/uploads\/2025\/06\/Rebar-Arc-Bending-Machine-GWH45.jpg","width":600,"height":600},{"@type":"BreadcrumbList","@id":"https:\/\/www.hsymachinery.com\/product\/rebar-arc-bending-machine-gwh45\/#breadcrumb","itemListElement":[{"@type":"ListItem","position":1,"name":"home","item":"https:\/\/www.hsymachinery.com\/"},{"@type":"ListItem","position":2,"name":"products","item":"https:\/\/www.hsymachinery.com\/products\/"},{"@type":"ListItem","position":3,"name":"Rebar Arc Bending Machine GWH45"}]},{"@type":"WebSite","@id":"https:\/\/www.hsymachinery.com\/#website","url":"https:\/\/www.hsymachinery.com\/","name":"HSY \u0130n\u015faat Makineleri","description":"HSY Machinery - \u00c7ok \u00e7e\u015fitli hafif in\u015faat ekipmanlar\u0131 sunan lider bir \u00c7in in\u015faat makineleri tedarik\u00e7isi. Ba\u015fl\u0131ca \u00fcr\u00fcnlerimiz aras\u0131nda Demir Kesme Makinesi, Demir B\u00fckme Makinesi, Demir \u00dczengi B\u00fckme Makinesi, Demir Ark B\u00fckme Makinesi, Demir Do\u011frultma Makinesi, Be\u015f Kafal\u0131 Demir \u00dczengi B\u00fckme Makinesi, S\u0131k\u0131\u015ft\u0131rma Tokma\u011f\u0131, Plaka Kompakt\u00f6r\u00fc, Beton Kesici, Elektrikli Mala ve di\u011fer in\u015faat makineleri bulunmaktad\u0131r. Geli\u015fmi\u015f CNC makineleri ile donat\u0131lm\u0131\u015ft\u0131r ve kapsaml\u0131 sat\u0131\u015f sonras\u0131 hizmet ile birlikte s\u0131k\u0131 kalite kontrol standartlar\u0131n\u0131 uyguluyoruz. \u00dcr\u00fcnlerimiz veya hizmetlerimizle ilgileniyorsan\u0131z, sorular\u0131n\u0131z\u0131 mesaj yoluyla s\u0131cak bir \u015fekilde kar\u015f\u0131l\u0131yoruz.","publisher":{"@id":"https:\/\/www.hsymachinery.com\/#organization"},"potentialAction":[{"@type":"SearchAction","target":{"@type":"EntryPoint","urlTemplate":"https:\/\/www.hsymachinery.com\/?s={search_term_string}"},"query-input":{"@type":"PropertyValueSpecification","valueRequired":true,"valueName":"search_term_string"}}],"inLanguage":"tr"},{"@type":"Organization","@id":"https:\/\/www.hsymachinery.com\/#organization","name":"HSY \u0130n\u015faat Makineleri","url":"https:\/\/www.hsymachinery.com\/","logo":{"@type":"ImageObject","inLanguage":"tr","@id":"https:\/\/www.hsymachinery.com\/#\/schema\/logo\/image\/","url":"https:\/\/www.hsymachinery.com\/wp-content\/uploads\/2025\/06\/cropped-HSY-machinery.png","contentUrl":"https:\/\/www.hsymachinery.com\/wp-content\/uploads\/2025\/06\/cropped-HSY-machinery.png","width":600,"height":240,"caption":"HSY Construction Machinery"},"image":{"@id":"https:\/\/www.hsymachinery.com\/#\/schema\/logo\/image\/"}}]}},"_links":{"self":[{"href":"https:\/\/www.hsymachinery.com\/tr\/wp-json\/wp\/v2\/product\/8995","targetHints":{"allow":["GET"]}}],"collection":[{"href":"https:\/\/www.hsymachinery.com\/tr\/wp-json\/wp\/v2\/product"}],"about":[{"href":"https:\/\/www.hsymachinery.com\/tr\/wp-json\/wp\/v2\/types\/product"}],"version-history":[{"count":3,"href":"https:\/\/www.hsymachinery.com\/tr\/wp-json\/wp\/v2\/product\/8995\/revisions"}],"predecessor-version":[{"id":9413,"href":"https:\/\/www.hsymachinery.com\/tr\/wp-json\/wp\/v2\/product\/8995\/revisions\/9413"}],"wp:featuredmedia":[{"embeddable":true,"href":"https:\/\/www.hsymachinery.com\/tr\/wp-json\/wp\/v2\/media\/8996"}],"wp:attachment":[{"href":"https:\/\/www.hsymachinery.com\/tr\/wp-json\/wp\/v2\/media?parent=8995"}],"wp:term":[{"taxonomy":"product_brand","embeddable":true,"href":"https:\/\/www.hsymachinery.com\/tr\/wp-json\/wp\/v2\/product_brand?post=8995"},{"taxonomy":"product_cat","embeddable":true,"href":"https:\/\/www.hsymachinery.com\/tr\/wp-json\/wp\/v2\/product_cat?post=8995"},{"taxonomy":"product_tag","embeddable":true,"href":"https:\/\/www.hsymachinery.com\/tr\/wp-json\/wp\/v2\/product_tag?post=8995"}],"curies":[{"name":"wp","href":"https:\/\/api.w.org\/{rel}","templated":true}]}}