{"id":8989,"date":"2025-06-18T12:26:12","date_gmt":"2025-06-18T04:26:12","guid":{"rendered":"https:\/\/www.hsymachinery.com\/?post_type=product&#038;p=8989"},"modified":"2025-06-27T22:44:18","modified_gmt":"2025-06-27T14:44:18","slug":"insaat-demiri-ark-bukme-makinesi-gwh36","status":"publish","type":"product","link":"https:\/\/www.hsymachinery.com\/tr\/product\/insaat-demiri-ark-bukme-makinesi-gwh36\/","title":{"rendered":"\u0130n\u015faat Demiri Ark B\u00fckme Makinesi GWH36"},"content":{"rendered":"<h2 data-start=\"99\" data-end=\"138\">\u0130n\u015faat Demiri Ark B\u00fckme Makinesi GWH36<\/h2>\n<h3 data-start=\"139\" data-end=\"257\">16-36mm \u0130n\u015faat Demiri i\u00e7in GWH36 \u00c7elik \u00c7ubuk Ark B\u00fck\u00fcc\u00fc | B\u00fcy\u00fck Altyap\u0131 Projeleri i\u00e7in Y\u00fcksek Torklu Kavisli B\u00fckme Makinesi<\/h3>\n<h3 data-start=\"264\" data-end=\"334\">\u00dcr\u00fcne Genel Bak\u0131\u015f - G\u00fc\u00e7 ve Kavisli Hassasiyet i\u00e7in Tasarland\u0131<\/h3>\n<p data-start=\"336\" data-end=\"618\">Bu <strong data-start=\"340\" data-end=\"375\"><a href=\"https:\/\/www.hsymachinery.com\/tr\/urunler\/insaat-demiri-ark-bukme-makinesi\/\" target=\"_blank\" rel=\"noopener\">\u0130n\u015faat Demiri Ark B\u00fckme Makinas\u0131<\/a> GWH36<\/strong> 16 mm ila 36 mm in\u015faat demirini tutarl\u0131 yaylar ve halkalar halinde b\u00fcker. \u0130n\u015faat profesyonelleri bu modele otoyol t\u00fcnelleri, \u015fehir i\u00e7i demiryollar\u0131, havaalan\u0131 pistleri ve kavisli g\u00fc\u00e7lendirmenin \u00f6nemli bir rol oynad\u0131\u011f\u0131 di\u011fer altyap\u0131 projelerinde g\u00fcvenmektedir.<\/p>\n<p data-start=\"620\" data-end=\"754\">Sa\u011flam yap\u0131s\u0131 ve hassas kontrolleri ile GWH36, ekiplerin sahada veya fabrikada zamandan tasarruf etmesine ve malzeme israf\u0131n\u0131 azaltmas\u0131na yard\u0131mc\u0131 olur.<\/p>\n<h3 data-start=\"761\" data-end=\"809\">Yar\u0131\u00e7ap ve Yay \u015eeklinin Tam Kontrol\u00fcn\u00fc Elinize Al\u0131n<\/h3>\n<p data-start=\"811\" data-end=\"1166\">Silindirleri yeniden konumland\u0131rarak ve hassas a\u00e7\u0131 durdurucular\u0131 ayarlayarak yay yar\u0131\u00e7ap\u0131n\u0131 kolayca ayarlayabilirsiniz. End\u00fcstriyel s\u0131n\u0131f motor g\u00fc\u00e7l\u00fc, sabit tork sa\u011flar, b\u00f6ylece b\u00fcy\u00fck \u00e7aplarda bile in\u015faat demiri k\u0131vr\u0131mlar\u0131n\u0131 temiz bir \u015fekilde olu\u015fturabilirsiniz. GWH36'n\u0131n kontrol sistemi, el kolu ve ayak pedal\u0131 aras\u0131nda ge\u00e7i\u015fe izin vererek tam \u00e7al\u0131\u015fma esnekli\u011fi sunar.<\/p>\n<p data-start=\"1168\" data-end=\"1260\">B\u00fckme platformu, tekrarlanan i\u015flerde bile d\u00fczg\u00fcn besleme ve tutarl\u0131 \u015fekillendirmeyi destekler.<\/p>\n<h3 data-start=\"1267\" data-end=\"1316\">Dayan\u0131kl\u0131l\u0131k ve \u0130hracat Da\u011f\u0131t\u0131m\u0131 i\u00e7in \u00dcretildi<\/h3>\n<p data-start=\"1318\" data-end=\"1641\">GWH36, s\u00fcrekli a\u011f\u0131r kullan\u0131m alt\u0131nda dayanabilen titre\u015fime dayan\u0131kl\u0131 \u00e7elik bir \u00e7er\u00e7eveye sahiptir. Makineyi tekerleklerini ve sa\u011flam \u00e7er\u00e7eve tutamaklar\u0131n\u0131 kullanarak hareket ettirebilirsiniz. \u00c7ift voltaj uyumlulu\u011fu (220V veya 380V, 50Hz\/60Hz) sayesinde bu makine hem yerel hem de uluslararas\u0131 g\u00fc\u00e7 sistemlerine kolayca uyum sa\u011flar.<\/p>\n<p data-start=\"1643\" data-end=\"1795\">Yap\u0131 kalitesi ve performans\u0131, onu b\u00fcy\u00fck \u00f6l\u00e7ekli kavisli \u00e7elik gereksinimleri \u00fczerinde \u00e7al\u0131\u015fan y\u00fckleniciler ve in\u015faat demiri imalat\u00e7\u0131lar\u0131 i\u00e7in tercih edilen bir se\u00e7enek haline getirmektedir.<\/p>\n<h3 data-start=\"1802\" data-end=\"1855\">\u0130n\u015faat Demiri Ark B\u00fck\u00fcc\u00fc GWH36'n\u0131n Temel \u00d6zellikleri<\/h3>\n<ul data-start=\"1857\" data-end=\"2103\">\n<li data-start=\"1857\" data-end=\"1914\">\n<p data-start=\"1859\" data-end=\"1914\">16-36 mm \u00e7ubuklar\u0131 yaylara ve dairelere hassas bir \u015fekilde b\u00fcker<\/p>\n<\/li>\n<li data-start=\"1915\" data-end=\"1991\">\n<p data-start=\"1917\" data-end=\"1991\">Metrolar, k\u00f6pr\u00fcler ve istinat duvarlar\u0131 gibi altyap\u0131lar i\u00e7in m\u00fckemmeldir<\/p>\n<\/li>\n<li data-start=\"1992\" data-end=\"2047\">\n<p data-start=\"1994\" data-end=\"2047\">Y\u00fcksek torklu motor zorlu \u00e7ubuklar\u0131 dengeli bir \u015fekilde idare eder<\/p>\n<\/li>\n<li data-start=\"2048\" data-end=\"2103\">\n<p data-start=\"2050\" data-end=\"2103\">Esnek kontroller ve \u00e7ift voltajl\u0131 ihracat haz\u0131rl\u0131\u011f\u0131<\/p>\n<\/li>\n<\/ul>\n<p><iframe title=\"#in\u015faat #in\u015faat i\u015f\u00e7isi #rebarmachine #rebarbender #rebarb\u00fckme\" width=\"720\" height=\"405\" src=\"https:\/\/www.youtube.com\/embed\/kZFU0Z3IPgM?feature=oembed\" frameborder=\"0\" allow=\"accelerometer; autoplay; clipboard-write; encrypted-media; gyroscope; picture-in-picture; web-share\" referrerpolicy=\"strict-origin-when-cross-origin\" allowfullscreen><\/iframe><\/p>","protected":false},"excerpt":{"rendered":"<p>GWH36 \u0130n\u015faat Demiri Ark B\u00fckme Makinesi, 16-36 mm \u00e7ubuklar\u0131 p\u00fcr\u00fczs\u00fcz yaylar halinde b\u00fcker. Altyap\u0131daki b\u00fcy\u00fck i\u015fler i\u00e7in \u00fcretilmi\u015ftir, k\u00fcresel g\u00fc\u00e7 sistemlerini ve uzun s\u00fcreli a\u011f\u0131r kullan\u0131m\u0131 destekler.<\/p>","protected":false},"featured_media":8990,"template":"","meta":{"_kad_post_transparent":"default","_kad_post_title":"","_kad_post_layout":"default","_kad_post_sidebar_id":"","_kad_post_content_style":"default","_kad_post_vertical_padding":"default","_kad_post_feature":"","_kad_post_feature_position":"","_kad_post_header":false,"_kad_post_footer":false},"product_brand":[],"product_cat":[54],"product_tag":[1022,1016,1024,1018,1023,1017,1019,1021,1020,1015],"class_list":{"0":"post-8989","1":"product","2":"type-product","3":"status-publish","4":"has-post-thumbnail","6":"product_cat-rebar-arc-bending-machine","7":"product_tag-arc-shape-bending-machine-for-rebar","8":"product_tag-automatic-rebar-arc-bender","9":"product_tag-bar-arc-bending-machine-for-construction","10":"product_tag-cnc-rebar-arc-bending-equipment","11":"product_tag-curved-rebar-bending-tool","12":"product_tag-hydraulic-arc-bending-machine","13":"product_tag-rebar-circular-bending-machine","14":"product_tag-rebar-radius-bending-machine","15":"product_tag-round-bending-machine-for-steel-bars","16":"product_tag-steel-arc-bending-machine","18":"first","19":"instock","20":"featured","21":"shipping-taxable","22":"product-type-simple","23":"entry","24":"content-bg","25":"loop-entry"},"yoast_head":"<!-- This site is optimized with the Yoast SEO plugin v25.3.1 - https:\/\/yoast.com\/wordpress\/plugins\/seo\/ -->\n<title>Rebar Arc Bending Machine GWH36 - HSY Construction Machinery<\/title>\n<meta name=\"description\" content=\"Rebar Arc Bending Machine GWH36 bends 16\u201336mm steel bars into smooth curves. Ideal for tunnels, highways, and export construction use.\" \/>\n<meta name=\"robots\" content=\"index, follow, max-snippet:-1, max-image-preview:large, max-video-preview:-1\" \/>\n<link rel=\"canonical\" href=\"https:\/\/www.hsymachinery.com\/tr\/product\/insaat-demiri-ark-bukme-makinesi-gwh36\/\" \/>\n<meta property=\"og:locale\" content=\"tr_TR\" \/>\n<meta property=\"og:type\" content=\"article\" \/>\n<meta property=\"og:title\" content=\"Rebar Arc Bending Machine GWH36 - HSY Construction Machinery\" \/>\n<meta property=\"og:description\" content=\"Rebar Arc Bending Machine GWH36 bends 16\u201336mm steel bars into smooth curves. Ideal for tunnels, highways, and export construction use.\" \/>\n<meta property=\"og:url\" content=\"https:\/\/www.hsymachinery.com\/tr\/product\/insaat-demiri-ark-bukme-makinesi-gwh36\/\" \/>\n<meta property=\"og:site_name\" content=\"HSY Construction Machinery\" \/>\n<meta property=\"article:modified_time\" content=\"2025-06-27T14:44:18+00:00\" \/>\n<meta property=\"og:image\" content=\"https:\/\/www.hsymachinery.com\/wp-content\/uploads\/2025\/06\/Rebar-Arc-Bending-Machine-GWH36.jpg\" \/>\n\t<meta property=\"og:image:width\" content=\"600\" \/>\n\t<meta property=\"og:image:height\" content=\"600\" \/>\n\t<meta property=\"og:image:type\" content=\"image\/jpeg\" \/>\n<meta name=\"twitter:card\" content=\"summary_large_image\" \/>\n<meta name=\"twitter:label1\" content=\"Tahmini okuma s\u00fcresi\" \/>\n\t<meta name=\"twitter:data1\" content=\"2 dakika\" \/>\n<script type=\"application\/ld+json\" class=\"yoast-schema-graph\">{\"@context\":\"https:\/\/schema.org\",\"@graph\":[{\"@type\":\"WebPage\",\"@id\":\"https:\/\/www.hsymachinery.com\/product\/rebar-arc-bending-machine-gwh36\/\",\"url\":\"https:\/\/www.hsymachinery.com\/product\/rebar-arc-bending-machine-gwh36\/\",\"name\":\"Rebar Arc Bending Machine GWH36 - HSY Construction Machinery\",\"isPartOf\":{\"@id\":\"https:\/\/www.hsymachinery.com\/#website\"},\"primaryImageOfPage\":{\"@id\":\"https:\/\/www.hsymachinery.com\/product\/rebar-arc-bending-machine-gwh36\/#primaryimage\"},\"image\":{\"@id\":\"https:\/\/www.hsymachinery.com\/product\/rebar-arc-bending-machine-gwh36\/#primaryimage\"},\"thumbnailUrl\":\"https:\/\/www.hsymachinery.com\/wp-content\/uploads\/2025\/06\/Rebar-Arc-Bending-Machine-GWH36.jpg\",\"datePublished\":\"2025-06-18T04:26:12+00:00\",\"dateModified\":\"2025-06-27T14:44:18+00:00\",\"description\":\"Rebar Arc Bending Machine GWH36 bends 16\u201336mm steel bars into smooth curves. Ideal for tunnels, highways, and export construction use.\",\"breadcrumb\":{\"@id\":\"https:\/\/www.hsymachinery.com\/product\/rebar-arc-bending-machine-gwh36\/#breadcrumb\"},\"inLanguage\":\"tr\",\"potentialAction\":[{\"@type\":\"ReadAction\",\"target\":[\"https:\/\/www.hsymachinery.com\/product\/rebar-arc-bending-machine-gwh36\/\"]}]},{\"@type\":\"ImageObject\",\"inLanguage\":\"tr\",\"@id\":\"https:\/\/www.hsymachinery.com\/product\/rebar-arc-bending-machine-gwh36\/#primaryimage\",\"url\":\"https:\/\/www.hsymachinery.com\/wp-content\/uploads\/2025\/06\/Rebar-Arc-Bending-Machine-GWH36.jpg\",\"contentUrl\":\"https:\/\/www.hsymachinery.com\/wp-content\/uploads\/2025\/06\/Rebar-Arc-Bending-Machine-GWH36.jpg\",\"width\":600,\"height\":600},{\"@type\":\"BreadcrumbList\",\"@id\":\"https:\/\/www.hsymachinery.com\/product\/rebar-arc-bending-machine-gwh36\/#breadcrumb\",\"itemListElement\":[{\"@type\":\"ListItem\",\"position\":1,\"name\":\"home\",\"item\":\"https:\/\/www.hsymachinery.com\/\"},{\"@type\":\"ListItem\",\"position\":2,\"name\":\"products\",\"item\":\"https:\/\/www.hsymachinery.com\/products\/\"},{\"@type\":\"ListItem\",\"position\":3,\"name\":\"Rebar Arc Bending Machine GWH36\"}]},{\"@type\":\"WebSite\",\"@id\":\"https:\/\/www.hsymachinery.com\/#website\",\"url\":\"https:\/\/www.hsymachinery.com\/\",\"name\":\"HSY Construction Machinery\",\"description\":\"HSY Machinery \u2013 A leading China construction machinery supplier, offering a wide range of light construction equipment. Our main products include Rebar Cutting Machine, Rebar Bending Machine, Rebar Stirrup Bending Machine, Rebar Arc Bending Machine, Rebar Straightening Machine, Five-Head Rebar Stirrup Bending Machine, Tamping Rammer, Plate Compactor, Concrete Cutter, Power Trowel, and other construction machinery. We are equipped with advanced CNC machines, and we enforce strict quality inspection standards along with comprehensive after-sales service. If you are interested in our products or services, we warmly welcome your inquiries via message.\",\"publisher\":{\"@id\":\"https:\/\/www.hsymachinery.com\/#organization\"},\"potentialAction\":[{\"@type\":\"SearchAction\",\"target\":{\"@type\":\"EntryPoint\",\"urlTemplate\":\"https:\/\/www.hsymachinery.com\/?s={search_term_string}\"},\"query-input\":{\"@type\":\"PropertyValueSpecification\",\"valueRequired\":true,\"valueName\":\"search_term_string\"}}],\"inLanguage\":\"tr\"},{\"@type\":\"Organization\",\"@id\":\"https:\/\/www.hsymachinery.com\/#organization\",\"name\":\"HSY Construction Machinery\",\"url\":\"https:\/\/www.hsymachinery.com\/\",\"logo\":{\"@type\":\"ImageObject\",\"inLanguage\":\"tr\",\"@id\":\"https:\/\/www.hsymachinery.com\/#\/schema\/logo\/image\/\",\"url\":\"https:\/\/www.hsymachinery.com\/wp-content\/uploads\/2025\/06\/cropped-HSY-machinery.png\",\"contentUrl\":\"https:\/\/www.hsymachinery.com\/wp-content\/uploads\/2025\/06\/cropped-HSY-machinery.png\",\"width\":600,\"height\":240,\"caption\":\"HSY Construction Machinery\"},\"image\":{\"@id\":\"https:\/\/www.hsymachinery.com\/#\/schema\/logo\/image\/\"}}]}<\/script>\n<!-- \/ Yoast SEO plugin. -->","yoast_head_json":{"title":"\u0130n\u015faat Demiri Ark B\u00fckme Makinesi GWH36 - HSY \u0130n\u015faat Makinalar\u0131","description":"\u0130n\u015faat Demiri Ark B\u00fckme Makinesi GWH36, 16-36 mm \u00e7elik \u00e7ubuklar\u0131 d\u00fczg\u00fcn e\u011friler halinde b\u00fcker. T\u00fcneller, otoyollar ve ihracat in\u015faatlar\u0131nda kullan\u0131m i\u00e7in idealdir.","robots":{"index":"index","follow":"follow","max-snippet":"max-snippet:-1","max-image-preview":"max-image-preview:large","max-video-preview":"max-video-preview:-1"},"canonical":"https:\/\/www.hsymachinery.com\/tr\/product\/insaat-demiri-ark-bukme-makinesi-gwh36\/","og_locale":"tr_TR","og_type":"article","og_title":"Rebar Arc Bending Machine GWH36 - HSY Construction Machinery","og_description":"Rebar Arc Bending Machine GWH36 bends 16\u201336mm steel bars into smooth curves. Ideal for tunnels, highways, and export construction use.","og_url":"https:\/\/www.hsymachinery.com\/tr\/product\/insaat-demiri-ark-bukme-makinesi-gwh36\/","og_site_name":"HSY Construction Machinery","article_modified_time":"2025-06-27T14:44:18+00:00","og_image":[{"width":600,"height":600,"url":"https:\/\/www.hsymachinery.com\/wp-content\/uploads\/2025\/06\/Rebar-Arc-Bending-Machine-GWH36.jpg","type":"image\/jpeg"}],"twitter_card":"summary_large_image","twitter_misc":{"Tahmini okuma s\u00fcresi":"2 dakika"},"schema":{"@context":"https:\/\/schema.org","@graph":[{"@type":"WebPage","@id":"https:\/\/www.hsymachinery.com\/product\/rebar-arc-bending-machine-gwh36\/","url":"https:\/\/www.hsymachinery.com\/product\/rebar-arc-bending-machine-gwh36\/","name":"\u0130n\u015faat Demiri Ark B\u00fckme Makinesi GWH36 - HSY \u0130n\u015faat Makinalar\u0131","isPartOf":{"@id":"https:\/\/www.hsymachinery.com\/#website"},"primaryImageOfPage":{"@id":"https:\/\/www.hsymachinery.com\/product\/rebar-arc-bending-machine-gwh36\/#primaryimage"},"image":{"@id":"https:\/\/www.hsymachinery.com\/product\/rebar-arc-bending-machine-gwh36\/#primaryimage"},"thumbnailUrl":"https:\/\/www.hsymachinery.com\/wp-content\/uploads\/2025\/06\/Rebar-Arc-Bending-Machine-GWH36.jpg","datePublished":"2025-06-18T04:26:12+00:00","dateModified":"2025-06-27T14:44:18+00:00","description":"\u0130n\u015faat Demiri Ark B\u00fckme Makinesi GWH36, 16-36 mm \u00e7elik \u00e7ubuklar\u0131 d\u00fczg\u00fcn e\u011friler halinde b\u00fcker. T\u00fcneller, otoyollar ve ihracat in\u015faatlar\u0131nda kullan\u0131m i\u00e7in idealdir.","breadcrumb":{"@id":"https:\/\/www.hsymachinery.com\/product\/rebar-arc-bending-machine-gwh36\/#breadcrumb"},"inLanguage":"tr","potentialAction":[{"@type":"ReadAction","target":["https:\/\/www.hsymachinery.com\/product\/rebar-arc-bending-machine-gwh36\/"]}]},{"@type":"ImageObject","inLanguage":"tr","@id":"https:\/\/www.hsymachinery.com\/product\/rebar-arc-bending-machine-gwh36\/#primaryimage","url":"https:\/\/www.hsymachinery.com\/wp-content\/uploads\/2025\/06\/Rebar-Arc-Bending-Machine-GWH36.jpg","contentUrl":"https:\/\/www.hsymachinery.com\/wp-content\/uploads\/2025\/06\/Rebar-Arc-Bending-Machine-GWH36.jpg","width":600,"height":600},{"@type":"BreadcrumbList","@id":"https:\/\/www.hsymachinery.com\/product\/rebar-arc-bending-machine-gwh36\/#breadcrumb","itemListElement":[{"@type":"ListItem","position":1,"name":"home","item":"https:\/\/www.hsymachinery.com\/"},{"@type":"ListItem","position":2,"name":"products","item":"https:\/\/www.hsymachinery.com\/products\/"},{"@type":"ListItem","position":3,"name":"Rebar Arc Bending Machine GWH36"}]},{"@type":"WebSite","@id":"https:\/\/www.hsymachinery.com\/#website","url":"https:\/\/www.hsymachinery.com\/","name":"HSY \u0130n\u015faat Makineleri","description":"HSY Machinery - \u00c7ok \u00e7e\u015fitli hafif in\u015faat ekipmanlar\u0131 sunan lider bir \u00c7in in\u015faat makineleri tedarik\u00e7isi. Ba\u015fl\u0131ca \u00fcr\u00fcnlerimiz aras\u0131nda Demir Kesme Makinesi, Demir B\u00fckme Makinesi, Demir \u00dczengi B\u00fckme Makinesi, Demir Ark B\u00fckme Makinesi, Demir Do\u011frultma Makinesi, Be\u015f Kafal\u0131 Demir \u00dczengi B\u00fckme Makinesi, S\u0131k\u0131\u015ft\u0131rma Tokma\u011f\u0131, Plaka Kompakt\u00f6r\u00fc, Beton Kesici, Elektrikli Mala ve di\u011fer in\u015faat makineleri bulunmaktad\u0131r. Geli\u015fmi\u015f CNC makineleri ile donat\u0131lm\u0131\u015ft\u0131r ve kapsaml\u0131 sat\u0131\u015f sonras\u0131 hizmet ile birlikte s\u0131k\u0131 kalite kontrol standartlar\u0131n\u0131 uyguluyoruz. \u00dcr\u00fcnlerimiz veya hizmetlerimizle ilgileniyorsan\u0131z, sorular\u0131n\u0131z\u0131 mesaj yoluyla s\u0131cak bir \u015fekilde kar\u015f\u0131l\u0131yoruz.","publisher":{"@id":"https:\/\/www.hsymachinery.com\/#organization"},"potentialAction":[{"@type":"SearchAction","target":{"@type":"EntryPoint","urlTemplate":"https:\/\/www.hsymachinery.com\/?s={search_term_string}"},"query-input":{"@type":"PropertyValueSpecification","valueRequired":true,"valueName":"search_term_string"}}],"inLanguage":"tr"},{"@type":"Organization","@id":"https:\/\/www.hsymachinery.com\/#organization","name":"HSY \u0130n\u015faat Makineleri","url":"https:\/\/www.hsymachinery.com\/","logo":{"@type":"ImageObject","inLanguage":"tr","@id":"https:\/\/www.hsymachinery.com\/#\/schema\/logo\/image\/","url":"https:\/\/www.hsymachinery.com\/wp-content\/uploads\/2025\/06\/cropped-HSY-machinery.png","contentUrl":"https:\/\/www.hsymachinery.com\/wp-content\/uploads\/2025\/06\/cropped-HSY-machinery.png","width":600,"height":240,"caption":"HSY Construction Machinery"},"image":{"@id":"https:\/\/www.hsymachinery.com\/#\/schema\/logo\/image\/"}}]}},"_links":{"self":[{"href":"https:\/\/www.hsymachinery.com\/tr\/wp-json\/wp\/v2\/product\/8989","targetHints":{"allow":["GET"]}}],"collection":[{"href":"https:\/\/www.hsymachinery.com\/tr\/wp-json\/wp\/v2\/product"}],"about":[{"href":"https:\/\/www.hsymachinery.com\/tr\/wp-json\/wp\/v2\/types\/product"}],"version-history":[{"count":4,"href":"https:\/\/www.hsymachinery.com\/tr\/wp-json\/wp\/v2\/product\/8989\/revisions"}],"predecessor-version":[{"id":9409,"href":"https:\/\/www.hsymachinery.com\/tr\/wp-json\/wp\/v2\/product\/8989\/revisions\/9409"}],"wp:featuredmedia":[{"embeddable":true,"href":"https:\/\/www.hsymachinery.com\/tr\/wp-json\/wp\/v2\/media\/8990"}],"wp:attachment":[{"href":"https:\/\/www.hsymachinery.com\/tr\/wp-json\/wp\/v2\/media?parent=8989"}],"wp:term":[{"taxonomy":"product_brand","embeddable":true,"href":"https:\/\/www.hsymachinery.com\/tr\/wp-json\/wp\/v2\/product_brand?post=8989"},{"taxonomy":"product_cat","embeddable":true,"href":"https:\/\/www.hsymachinery.com\/tr\/wp-json\/wp\/v2\/product_cat?post=8989"},{"taxonomy":"product_tag","embeddable":true,"href":"https:\/\/www.hsymachinery.com\/tr\/wp-json\/wp\/v2\/product_tag?post=8989"}],"curies":[{"name":"wp","href":"https:\/\/api.w.org\/{rel}","templated":true}]}}