{"id":8986,"date":"2025-06-18T12:23:54","date_gmt":"2025-06-18T04:23:54","guid":{"rendered":"https:\/\/www.hsymachinery.com\/?post_type=product&#038;p=8986"},"modified":"2025-06-27T22:38:50","modified_gmt":"2025-06-27T14:38:50","slug":"insaat-demiri-ark-bukme-makinesi-gwh32","status":"publish","type":"product","link":"https:\/\/www.hsymachinery.com\/tr\/product\/insaat-demiri-ark-bukme-makinesi-gwh32\/","title":{"rendered":"\u0130n\u015faat Demiri Ark B\u00fckme Makinesi GWH32"},"content":{"rendered":"<h2 data-start=\"95\" data-end=\"134\">\u0130n\u015faat Demiri Ark B\u00fckme Makinesi GWH32<\/h2>\n<h3 data-start=\"135\" data-end=\"252\">14-32mm \u0130n\u015faat Demiri i\u00e7in GWH32 Ark B\u00fck\u00fcc\u00fc | K\u00f6pr\u00fcler, T\u00fcneller ve Prekast Tesisleri i\u00e7in End\u00fcstriyel \u00c7elik \u00c7ubuk K\u0131v\u0131rma Makinesi<\/h3>\n<h3 data-start=\"259\" data-end=\"346\">\u00dcr\u00fcne Genel Bak\u0131\u015f - A\u011f\u0131r Hizmet Takviye \u00c7al\u0131\u015fmalar\u0131 i\u00e7in G\u00fc\u00e7l\u00fc Ark \u015eekillendirme \u00c7\u00f6z\u00fcm\u00fc<\/h3>\n<p data-start=\"348\" data-end=\"625\">Bu <strong data-start=\"352\" data-end=\"387\"><a href=\"https:\/\/www.hsymachinery.com\/tr\/urunler\/insaat-demiri-ark-bukme-makinesi\/\" target=\"_blank\" rel=\"noopener\">\u0130n\u015faat Demiri Ark B\u00fckme Makinas\u0131<\/a> GWH32<\/strong> b\u00fck\u00fcl\u00fcr <strong data-start=\"394\" data-end=\"415\">14 mm ila 32 mm in\u015faat demiri<\/strong> p\u00fcr\u00fczs\u00fcz ve do\u011fru yaylara d\u00f6n\u00fc\u015ft\u00fcr\u00fcr. M\u00fchendisler ve imalat\u00e7\u0131lar bu modeli k\u00f6pr\u00fc kiri\u015fleri, t\u00fcnel segmentleri, istinat duvarlar\u0131 ve tutarl\u0131 kavisli in\u015faat demirinin kritik oldu\u011fu prekast beton yap\u0131lar i\u00e7in tercih etmektedir.<\/p>\n<p data-start=\"627\" data-end=\"776\">Geli\u015ftirilmi\u015f makara mekanizmas\u0131 ve y\u00fckseltilmi\u015f motoru ile GWH32, y\u00fcksek hassasiyetli in\u015faat demiri e\u011frilerini daha h\u0131zl\u0131 ve daha az manuel \u00e7aba ile olu\u015fturman\u0131za yard\u0131mc\u0131 olur.<\/p>\n<h3 data-start=\"783\" data-end=\"836\">G\u00fc\u00e7l\u00fc Motor Deste\u011fi ile Kontroll\u00fc B\u00fckme<\/h3>\n<p data-start=\"838\" data-end=\"1093\">GWH32'nin silindir mesafesini ve a\u00e7\u0131 kontrollerini ayarlayarak tam proje \u00f6zelliklerini kar\u015f\u0131layan hassas ark yar\u0131\u00e7aplar\u0131 olu\u015fturabilirsiniz. Bak\u0131r \u00e7ekirdekli motor, sabit tork sa\u011flayarak kal\u0131n \u00e7elik \u00e7ubuklar\u0131 durmadan veya y\u00fczeye zarar vermeden b\u00fckmenize yard\u0131mc\u0131 olur.<\/p>\n<p data-start=\"1095\" data-end=\"1234\">G\u00fcvenli ve sorunsuz \u00e7al\u0131\u015fma i\u00e7in, makineyi saha d\u00fczeninize ba\u011fl\u0131 olarak manuel kolu veya ayak pedal\u0131n\u0131 kullanarak \u00e7al\u0131\u015ft\u0131rabilirsiniz.<\/p>\n<h3 data-start=\"1241\" data-end=\"1302\">K\u00fcresel Projeler i\u00e7in Dayan\u0131kl\u0131 Yap\u0131 ve Esnek Voltaj<\/h3>\n<p data-start=\"1304\" data-end=\"1608\">GWH32, yo\u011fun \u00e7al\u0131\u015fma s\u0131ras\u0131nda titre\u015fimleri emmek i\u00e7in g\u00fc\u00e7lendirilmi\u015f bir \u00e7elik \u015fasi kullan\u0131r. Entegre tekerleklerini ve yan tutamaklar\u0131n\u0131 kullanarak \u00fcniteyi kolayca ta\u015f\u0131yabilirsiniz. \u00c7ift voltaj uyumlulu\u011fu (220V\/380V, 50\/60Hz) sayesinde GWH32, hem yurti\u00e7i hem de ihracat in\u015faat ihtiya\u00e7lar\u0131na uygundur.<\/p>\n<p data-start=\"1610\" data-end=\"1736\">\u0130ster bir in\u015faat demiri at\u00f6lyesinde ister bir \u015fantiyede \u00e7al\u0131\u015f\u0131yor olun, a\u011f\u0131r \u00e7ubuklar\u0131 hassas bir \u015fekilde b\u00fckmek i\u00e7in bu makineye g\u00fcvenebilirsiniz.<\/p>\n<h3 data-start=\"1743\" data-end=\"1796\">\u0130n\u015faat Demiri Ark B\u00fck\u00fcc\u00fc GWH32'nin Temel \u00d6zellikleri<\/h3>\n<ul data-start=\"1798\" data-end=\"2030\">\n<li data-start=\"1798\" data-end=\"1857\">\n<p data-start=\"1800\" data-end=\"1857\">14-32 mm in\u015faat demirini tutarl\u0131, y\u00fcksek hassasiyetli yaylar halinde b\u00fcker<\/p>\n<\/li>\n<li data-start=\"1858\" data-end=\"1920\">\n<p data-start=\"1860\" data-end=\"1920\">K\u00f6pr\u00fcler, t\u00fcneller ve prekast \u00e7elik uygulamalar\u0131 i\u00e7in ideal<\/p>\n<\/li>\n<li data-start=\"1921\" data-end=\"1978\">\n<p data-start=\"1923\" data-end=\"1978\">G\u00fc\u00e7l\u00fc motor a\u011f\u0131r y\u00fck alt\u0131nda sabit tork sa\u011flar<\/p>\n<\/li>\n<li data-start=\"1979\" data-end=\"2030\">\n<p data-start=\"1981\" data-end=\"2030\">\u0130kili kontrol y\u00f6ntemleri ve global voltaj deste\u011fi<\/p>\n<\/li>\n<\/ul>\n<p><iframe title=\"#in\u015faat #in\u015faat i\u015f\u00e7isi #rebarmachine #rebarbender #rebarb\u00fckme\" width=\"720\" height=\"405\" src=\"https:\/\/www.youtube.com\/embed\/kZFU0Z3IPgM?feature=oembed\" frameborder=\"0\" allow=\"accelerometer; autoplay; clipboard-write; encrypted-media; gyroscope; picture-in-picture; web-share\" referrerpolicy=\"strict-origin-when-cross-origin\" allowfullscreen><\/iframe><\/p>","protected":false},"excerpt":{"rendered":"<p>GWH32 Ark B\u00fckme Makinesi, 14-32 mm \u00e7elik \u00e7ubuklar\u0131 h\u0131zl\u0131 ve do\u011fru bir \u015fekilde b\u00fcker. \u0130hracata haz\u0131r voltaj\u0131 ve g\u00fc\u00e7l\u00fc performans\u0131 ile k\u00f6pr\u00fc ve t\u00fcnel gibi yap\u0131sal projeler i\u00e7in m\u00fckemmeldir.<\/p>","protected":false},"featured_media":8987,"template":"","meta":{"_kad_post_transparent":"default","_kad_post_title":"","_kad_post_layout":"default","_kad_post_sidebar_id":"","_kad_post_content_style":"default","_kad_post_vertical_padding":"default","_kad_post_feature":"","_kad_post_feature_position":"","_kad_post_header":false,"_kad_post_footer":false},"product_brand":[],"product_cat":[54],"product_tag":[1022,1016,1024,1018,1023,1017,1019,1021,1020,1015],"class_list":{"0":"post-8986","1":"product","2":"type-product","3":"status-publish","4":"has-post-thumbnail","6":"product_cat-rebar-arc-bending-machine","7":"product_tag-arc-shape-bending-machine-for-rebar","8":"product_tag-automatic-rebar-arc-bender","9":"product_tag-bar-arc-bending-machine-for-construction","10":"product_tag-cnc-rebar-arc-bending-equipment","11":"product_tag-curved-rebar-bending-tool","12":"product_tag-hydraulic-arc-bending-machine","13":"product_tag-rebar-circular-bending-machine","14":"product_tag-rebar-radius-bending-machine","15":"product_tag-round-bending-machine-for-steel-bars","16":"product_tag-steel-arc-bending-machine","18":"first","19":"instock","20":"shipping-taxable","21":"product-type-simple","22":"entry","23":"content-bg","24":"loop-entry"},"yoast_head":"<!-- This site is optimized with the Yoast SEO plugin v25.3.1 - https:\/\/yoast.com\/wordpress\/plugins\/seo\/ -->\n<title>Rebar Arc Bending Machine GWH32 - HSY Construction Machinery<\/title>\n<meta name=\"description\" content=\"Rebar Arc Bending Machine GWH32 bends 14\u201332mm rebar into arcs with precision. Built for industrial use in bridges, tunnels, and global construction markets.\" \/>\n<meta name=\"robots\" content=\"index, follow, max-snippet:-1, max-image-preview:large, max-video-preview:-1\" \/>\n<link rel=\"canonical\" href=\"https:\/\/www.hsymachinery.com\/tr\/product\/insaat-demiri-ark-bukme-makinesi-gwh32\/\" \/>\n<meta property=\"og:locale\" content=\"tr_TR\" \/>\n<meta property=\"og:type\" content=\"article\" \/>\n<meta property=\"og:title\" content=\"Rebar Arc Bending Machine GWH32 - HSY Construction Machinery\" \/>\n<meta property=\"og:description\" content=\"Rebar Arc Bending Machine GWH32 bends 14\u201332mm rebar into arcs with precision. Built for industrial use in bridges, tunnels, and global construction markets.\" \/>\n<meta property=\"og:url\" content=\"https:\/\/www.hsymachinery.com\/tr\/product\/insaat-demiri-ark-bukme-makinesi-gwh32\/\" \/>\n<meta property=\"og:site_name\" content=\"HSY Construction Machinery\" \/>\n<meta property=\"article:modified_time\" content=\"2025-06-27T14:38:50+00:00\" \/>\n<meta property=\"og:image\" content=\"https:\/\/www.hsymachinery.com\/wp-content\/uploads\/2025\/06\/Rebar-Arc-Bending-Machine-GWH32.jpg\" \/>\n\t<meta property=\"og:image:width\" content=\"600\" \/>\n\t<meta property=\"og:image:height\" content=\"600\" \/>\n\t<meta property=\"og:image:type\" content=\"image\/jpeg\" \/>\n<meta name=\"twitter:card\" content=\"summary_large_image\" \/>\n<meta name=\"twitter:label1\" content=\"Tahmini okuma s\u00fcresi\" \/>\n\t<meta name=\"twitter:data1\" content=\"2 dakika\" \/>\n<script type=\"application\/ld+json\" class=\"yoast-schema-graph\">{\"@context\":\"https:\/\/schema.org\",\"@graph\":[{\"@type\":\"WebPage\",\"@id\":\"https:\/\/www.hsymachinery.com\/product\/rebar-arc-bending-machine-gwh32\/\",\"url\":\"https:\/\/www.hsymachinery.com\/product\/rebar-arc-bending-machine-gwh32\/\",\"name\":\"Rebar Arc Bending Machine GWH32 - HSY Construction Machinery\",\"isPartOf\":{\"@id\":\"https:\/\/www.hsymachinery.com\/#website\"},\"primaryImageOfPage\":{\"@id\":\"https:\/\/www.hsymachinery.com\/product\/rebar-arc-bending-machine-gwh32\/#primaryimage\"},\"image\":{\"@id\":\"https:\/\/www.hsymachinery.com\/product\/rebar-arc-bending-machine-gwh32\/#primaryimage\"},\"thumbnailUrl\":\"https:\/\/www.hsymachinery.com\/wp-content\/uploads\/2025\/06\/Rebar-Arc-Bending-Machine-GWH32.jpg\",\"datePublished\":\"2025-06-18T04:23:54+00:00\",\"dateModified\":\"2025-06-27T14:38:50+00:00\",\"description\":\"Rebar Arc Bending Machine GWH32 bends 14\u201332mm rebar into arcs with precision. Built for industrial use in bridges, tunnels, and global construction markets.\",\"breadcrumb\":{\"@id\":\"https:\/\/www.hsymachinery.com\/product\/rebar-arc-bending-machine-gwh32\/#breadcrumb\"},\"inLanguage\":\"tr\",\"potentialAction\":[{\"@type\":\"ReadAction\",\"target\":[\"https:\/\/www.hsymachinery.com\/product\/rebar-arc-bending-machine-gwh32\/\"]}]},{\"@type\":\"ImageObject\",\"inLanguage\":\"tr\",\"@id\":\"https:\/\/www.hsymachinery.com\/product\/rebar-arc-bending-machine-gwh32\/#primaryimage\",\"url\":\"https:\/\/www.hsymachinery.com\/wp-content\/uploads\/2025\/06\/Rebar-Arc-Bending-Machine-GWH32.jpg\",\"contentUrl\":\"https:\/\/www.hsymachinery.com\/wp-content\/uploads\/2025\/06\/Rebar-Arc-Bending-Machine-GWH32.jpg\",\"width\":600,\"height\":600},{\"@type\":\"BreadcrumbList\",\"@id\":\"https:\/\/www.hsymachinery.com\/product\/rebar-arc-bending-machine-gwh32\/#breadcrumb\",\"itemListElement\":[{\"@type\":\"ListItem\",\"position\":1,\"name\":\"home\",\"item\":\"https:\/\/www.hsymachinery.com\/\"},{\"@type\":\"ListItem\",\"position\":2,\"name\":\"products\",\"item\":\"https:\/\/www.hsymachinery.com\/products\/\"},{\"@type\":\"ListItem\",\"position\":3,\"name\":\"Rebar Arc Bending Machine GWH32\"}]},{\"@type\":\"WebSite\",\"@id\":\"https:\/\/www.hsymachinery.com\/#website\",\"url\":\"https:\/\/www.hsymachinery.com\/\",\"name\":\"HSY Construction Machinery\",\"description\":\"HSY Machinery \u2013 A leading China construction machinery supplier, offering a wide range of light construction equipment. Our main products include Rebar Cutting Machine, Rebar Bending Machine, Rebar Stirrup Bending Machine, Rebar Arc Bending Machine, Rebar Straightening Machine, Five-Head Rebar Stirrup Bending Machine, Tamping Rammer, Plate Compactor, Concrete Cutter, Power Trowel, and other construction machinery. We are equipped with advanced CNC machines, and we enforce strict quality inspection standards along with comprehensive after-sales service. If you are interested in our products or services, we warmly welcome your inquiries via message.\",\"publisher\":{\"@id\":\"https:\/\/www.hsymachinery.com\/#organization\"},\"potentialAction\":[{\"@type\":\"SearchAction\",\"target\":{\"@type\":\"EntryPoint\",\"urlTemplate\":\"https:\/\/www.hsymachinery.com\/?s={search_term_string}\"},\"query-input\":{\"@type\":\"PropertyValueSpecification\",\"valueRequired\":true,\"valueName\":\"search_term_string\"}}],\"inLanguage\":\"tr\"},{\"@type\":\"Organization\",\"@id\":\"https:\/\/www.hsymachinery.com\/#organization\",\"name\":\"HSY Construction Machinery\",\"url\":\"https:\/\/www.hsymachinery.com\/\",\"logo\":{\"@type\":\"ImageObject\",\"inLanguage\":\"tr\",\"@id\":\"https:\/\/www.hsymachinery.com\/#\/schema\/logo\/image\/\",\"url\":\"https:\/\/www.hsymachinery.com\/wp-content\/uploads\/2025\/06\/cropped-HSY-machinery.png\",\"contentUrl\":\"https:\/\/www.hsymachinery.com\/wp-content\/uploads\/2025\/06\/cropped-HSY-machinery.png\",\"width\":600,\"height\":240,\"caption\":\"HSY Construction Machinery\"},\"image\":{\"@id\":\"https:\/\/www.hsymachinery.com\/#\/schema\/logo\/image\/\"}}]}<\/script>\n<!-- \/ Yoast SEO plugin. -->","yoast_head_json":{"title":"\u0130n\u015faat Demiri Ark B\u00fckme Makinesi GWH32 - HSY \u0130n\u015faat Makinalar\u0131","description":"\u0130n\u015faat Demiri Ark B\u00fckme Makinesi GWH32, 14-32 mm in\u015faat demirini hassas bir \u015fekilde yaylar halinde b\u00fcker. K\u00f6pr\u00fclerde, t\u00fcnellerde ve k\u00fcresel in\u015faat pazarlar\u0131nda end\u00fcstriyel kullan\u0131m i\u00e7in \u00fcretilmi\u015ftir.","robots":{"index":"index","follow":"follow","max-snippet":"max-snippet:-1","max-image-preview":"max-image-preview:large","max-video-preview":"max-video-preview:-1"},"canonical":"https:\/\/www.hsymachinery.com\/tr\/product\/insaat-demiri-ark-bukme-makinesi-gwh32\/","og_locale":"tr_TR","og_type":"article","og_title":"Rebar Arc Bending Machine GWH32 - HSY Construction Machinery","og_description":"Rebar Arc Bending Machine GWH32 bends 14\u201332mm rebar into arcs with precision. Built for industrial use in bridges, tunnels, and global construction markets.","og_url":"https:\/\/www.hsymachinery.com\/tr\/product\/insaat-demiri-ark-bukme-makinesi-gwh32\/","og_site_name":"HSY Construction Machinery","article_modified_time":"2025-06-27T14:38:50+00:00","og_image":[{"width":600,"height":600,"url":"https:\/\/www.hsymachinery.com\/wp-content\/uploads\/2025\/06\/Rebar-Arc-Bending-Machine-GWH32.jpg","type":"image\/jpeg"}],"twitter_card":"summary_large_image","twitter_misc":{"Tahmini okuma s\u00fcresi":"2 dakika"},"schema":{"@context":"https:\/\/schema.org","@graph":[{"@type":"WebPage","@id":"https:\/\/www.hsymachinery.com\/product\/rebar-arc-bending-machine-gwh32\/","url":"https:\/\/www.hsymachinery.com\/product\/rebar-arc-bending-machine-gwh32\/","name":"\u0130n\u015faat Demiri Ark B\u00fckme Makinesi GWH32 - HSY \u0130n\u015faat Makinalar\u0131","isPartOf":{"@id":"https:\/\/www.hsymachinery.com\/#website"},"primaryImageOfPage":{"@id":"https:\/\/www.hsymachinery.com\/product\/rebar-arc-bending-machine-gwh32\/#primaryimage"},"image":{"@id":"https:\/\/www.hsymachinery.com\/product\/rebar-arc-bending-machine-gwh32\/#primaryimage"},"thumbnailUrl":"https:\/\/www.hsymachinery.com\/wp-content\/uploads\/2025\/06\/Rebar-Arc-Bending-Machine-GWH32.jpg","datePublished":"2025-06-18T04:23:54+00:00","dateModified":"2025-06-27T14:38:50+00:00","description":"\u0130n\u015faat Demiri Ark B\u00fckme Makinesi GWH32, 14-32 mm in\u015faat demirini hassas bir \u015fekilde yaylar halinde b\u00fcker. K\u00f6pr\u00fclerde, t\u00fcnellerde ve k\u00fcresel in\u015faat pazarlar\u0131nda end\u00fcstriyel kullan\u0131m i\u00e7in \u00fcretilmi\u015ftir.","breadcrumb":{"@id":"https:\/\/www.hsymachinery.com\/product\/rebar-arc-bending-machine-gwh32\/#breadcrumb"},"inLanguage":"tr","potentialAction":[{"@type":"ReadAction","target":["https:\/\/www.hsymachinery.com\/product\/rebar-arc-bending-machine-gwh32\/"]}]},{"@type":"ImageObject","inLanguage":"tr","@id":"https:\/\/www.hsymachinery.com\/product\/rebar-arc-bending-machine-gwh32\/#primaryimage","url":"https:\/\/www.hsymachinery.com\/wp-content\/uploads\/2025\/06\/Rebar-Arc-Bending-Machine-GWH32.jpg","contentUrl":"https:\/\/www.hsymachinery.com\/wp-content\/uploads\/2025\/06\/Rebar-Arc-Bending-Machine-GWH32.jpg","width":600,"height":600},{"@type":"BreadcrumbList","@id":"https:\/\/www.hsymachinery.com\/product\/rebar-arc-bending-machine-gwh32\/#breadcrumb","itemListElement":[{"@type":"ListItem","position":1,"name":"home","item":"https:\/\/www.hsymachinery.com\/"},{"@type":"ListItem","position":2,"name":"products","item":"https:\/\/www.hsymachinery.com\/products\/"},{"@type":"ListItem","position":3,"name":"Rebar Arc Bending Machine GWH32"}]},{"@type":"WebSite","@id":"https:\/\/www.hsymachinery.com\/#website","url":"https:\/\/www.hsymachinery.com\/","name":"HSY \u0130n\u015faat Makineleri","description":"HSY Machinery - \u00c7ok \u00e7e\u015fitli hafif in\u015faat ekipmanlar\u0131 sunan lider bir \u00c7in in\u015faat makineleri tedarik\u00e7isi. Ba\u015fl\u0131ca \u00fcr\u00fcnlerimiz aras\u0131nda Demir Kesme Makinesi, Demir B\u00fckme Makinesi, Demir \u00dczengi B\u00fckme Makinesi, Demir Ark B\u00fckme Makinesi, Demir Do\u011frultma Makinesi, Be\u015f Kafal\u0131 Demir \u00dczengi B\u00fckme Makinesi, S\u0131k\u0131\u015ft\u0131rma Tokma\u011f\u0131, Plaka Kompakt\u00f6r\u00fc, Beton Kesici, Elektrikli Mala ve di\u011fer in\u015faat makineleri bulunmaktad\u0131r. Geli\u015fmi\u015f CNC makineleri ile donat\u0131lm\u0131\u015ft\u0131r ve kapsaml\u0131 sat\u0131\u015f sonras\u0131 hizmet ile birlikte s\u0131k\u0131 kalite kontrol standartlar\u0131n\u0131 uyguluyoruz. \u00dcr\u00fcnlerimiz veya hizmetlerimizle ilgileniyorsan\u0131z, sorular\u0131n\u0131z\u0131 mesaj yoluyla s\u0131cak bir \u015fekilde kar\u015f\u0131l\u0131yoruz.","publisher":{"@id":"https:\/\/www.hsymachinery.com\/#organization"},"potentialAction":[{"@type":"SearchAction","target":{"@type":"EntryPoint","urlTemplate":"https:\/\/www.hsymachinery.com\/?s={search_term_string}"},"query-input":{"@type":"PropertyValueSpecification","valueRequired":true,"valueName":"search_term_string"}}],"inLanguage":"tr"},{"@type":"Organization","@id":"https:\/\/www.hsymachinery.com\/#organization","name":"HSY \u0130n\u015faat Makineleri","url":"https:\/\/www.hsymachinery.com\/","logo":{"@type":"ImageObject","inLanguage":"tr","@id":"https:\/\/www.hsymachinery.com\/#\/schema\/logo\/image\/","url":"https:\/\/www.hsymachinery.com\/wp-content\/uploads\/2025\/06\/cropped-HSY-machinery.png","contentUrl":"https:\/\/www.hsymachinery.com\/wp-content\/uploads\/2025\/06\/cropped-HSY-machinery.png","width":600,"height":240,"caption":"HSY Construction Machinery"},"image":{"@id":"https:\/\/www.hsymachinery.com\/#\/schema\/logo\/image\/"}}]}},"_links":{"self":[{"href":"https:\/\/www.hsymachinery.com\/tr\/wp-json\/wp\/v2\/product\/8986","targetHints":{"allow":["GET"]}}],"collection":[{"href":"https:\/\/www.hsymachinery.com\/tr\/wp-json\/wp\/v2\/product"}],"about":[{"href":"https:\/\/www.hsymachinery.com\/tr\/wp-json\/wp\/v2\/types\/product"}],"version-history":[{"count":4,"href":"https:\/\/www.hsymachinery.com\/tr\/wp-json\/wp\/v2\/product\/8986\/revisions"}],"predecessor-version":[{"id":9406,"href":"https:\/\/www.hsymachinery.com\/tr\/wp-json\/wp\/v2\/product\/8986\/revisions\/9406"}],"wp:featuredmedia":[{"embeddable":true,"href":"https:\/\/www.hsymachinery.com\/tr\/wp-json\/wp\/v2\/media\/8987"}],"wp:attachment":[{"href":"https:\/\/www.hsymachinery.com\/tr\/wp-json\/wp\/v2\/media?parent=8986"}],"wp:term":[{"taxonomy":"product_brand","embeddable":true,"href":"https:\/\/www.hsymachinery.com\/tr\/wp-json\/wp\/v2\/product_brand?post=8986"},{"taxonomy":"product_cat","embeddable":true,"href":"https:\/\/www.hsymachinery.com\/tr\/wp-json\/wp\/v2\/product_cat?post=8986"},{"taxonomy":"product_tag","embeddable":true,"href":"https:\/\/www.hsymachinery.com\/tr\/wp-json\/wp\/v2\/product_tag?post=8986"}],"curies":[{"name":"wp","href":"https:\/\/api.w.org\/{rel}","templated":true}]}}