{"id":8983,"date":"2025-06-18T12:22:53","date_gmt":"2025-06-18T04:22:53","guid":{"rendered":"https:\/\/www.hsymachinery.com\/?post_type=product&#038;p=8983"},"modified":"2025-06-27T22:31:07","modified_gmt":"2025-06-27T14:31:07","slug":"insaat-demiri-ark-bukme-makinesi-gwh24","status":"publish","type":"product","link":"https:\/\/www.hsymachinery.com\/tr\/product\/insaat-demiri-ark-bukme-makinesi-gwh24\/","title":{"rendered":"\u0130n\u015faat Demiri Ark B\u00fckme Makinesi GWH24"},"content":{"rendered":"<h2 data-start=\"96\" data-end=\"135\">\u0130n\u015faat Demiri Ark B\u00fckme Makinesi GWH24<\/h2>\n<h3 data-start=\"136\" data-end=\"257\">12-24mm \u0130n\u015faat Demiri i\u00e7in Orta Hizmet Ark B\u00fckme Makinesi | GWH24 \u0130n\u015faat ve Peyzaj i\u00e7in \u00c7elik \u00c7ubuk E\u011fri Ekipmanlar\u0131<\/h3>\n<h3 data-start=\"264\" data-end=\"348\">\u00dcr\u00fcne Genel Bak\u0131\u015f - \u0130n\u015faat G\u00fc\u00e7lendirmesi i\u00e7in \u00c7ok Y\u00f6nl\u00fc E\u011fimli \u00c7ubuk B\u00fck\u00fcc\u00fc<\/h3>\n<p data-start=\"350\" data-end=\"651\">Bu <strong data-start=\"354\" data-end=\"389\"><a href=\"https:\/\/www.hsymachinery.com\/tr\/urunler\/insaat-demiri-ark-bukme-makinesi\/\" target=\"_blank\" rel=\"noopener\">\u0130n\u015faat Demiri Ark B\u00fckme Makinas\u0131<\/a> GWH24<\/strong> 6mm ila 24mm in\u015faat demirini yaylar, d\u00f6ng\u00fcler ve e\u011friler halinde \u015fekillendirmek i\u00e7in g\u00fcvenilir ve verimli bir \u00e7\u00f6z\u00fcm sunar. Orta s\u0131n\u0131f g\u00fc\u00e7lendirme i\u015fleri i\u00e7in tasarlanan bu \u00fcr\u00fcn genellikle peyzaj duvarlar\u0131nda, prekast kiri\u015flerde, otoyol bariyerlerinde ve kavisli beton elemanlarda kullan\u0131l\u0131r.<\/p>\n<p data-start=\"653\" data-end=\"821\">\u0130ster bir imalat at\u00f6lyesinde ister bir in\u015faat projesinde sahada \u00e7al\u0131\u015fs\u0131n, GWH24 tutarl\u0131, p\u00fcr\u00fczs\u00fcz in\u015faat demiri e\u011frileri olu\u015fturmak i\u00e7in y\u00fcksek hassasiyetli performans sunar.<\/p>\n<h3 data-start=\"828\" data-end=\"885\">Geli\u015ftirilmi\u015f Yar\u0131\u00e7ap Kontrol\u00fc ile Tutarl\u0131 Ark \u00c7\u0131k\u0131\u015f\u0131<\/h3>\n<p data-start=\"887\" data-end=\"1144\">Makine, kullan\u0131c\u0131lar\u0131n b\u00fckme yar\u0131\u00e7ap\u0131n\u0131 hassas bir \u015fekilde ayarlamas\u0131n\u0131 sa\u011flayan ayarlanabilir bir silindir platformu ve dayan\u0131kl\u0131 bir kontrol sistemi i\u00e7erir. Y\u00fcksek torklu motoru, b\u00fck\u00fcm boyunca do\u011frulu\u011fu ve y\u00fczey b\u00fct\u00fcnl\u00fc\u011f\u00fcn\u00fc koruyarak d\u00fczg\u00fcn \u00e7ubuk d\u00f6n\u00fc\u015f\u00fcn\u00fc sa\u011flar.<\/p>\n<p data-start=\"1146\" data-end=\"1311\">\u00c7e\u015fitli saha ihtiya\u00e7lar\u0131n\u0131 kar\u015f\u0131lamak i\u00e7in GWH24, manuel kolla \u00e7al\u0131\u015ft\u0131rmay\u0131 veya iste\u011fe ba\u011fl\u0131 pedal kontrol\u00fcn\u00fc destekleyerek farkl\u0131 ko\u015fullar alt\u0131nda g\u00fcvenli ve esnek kullan\u0131m sa\u011flar.<\/p>\n<h3 data-start=\"1318\" data-end=\"1373\">\u0130hracat S\u0131n\u0131f\u0131 \u00d6zelliklerle Zorlu \u0130\u015fler \u0130\u00e7in \u00dcretildi<\/h3>\n<p data-start=\"1375\" data-end=\"1700\">GWH24 ark b\u00fck\u00fcc\u00fc, uzun s\u00fcreli kullan\u0131m s\u0131ras\u0131nda gerilime ve titre\u015fime dayanacak \u015fekilde tasarlanm\u0131\u015f g\u00fc\u00e7lendirilmi\u015f \u00e7elik bir g\u00f6vdeye sahiptir. Kompakt \u00e7er\u00e7evesi hareket kabiliyeti i\u00e7in tekerleklerle monte edilirken, elektrikli bile\u015fenler 220V veya 380V g\u00fc\u00e7 giri\u015fleri i\u00e7in yap\u0131land\u0131r\u0131labilir ve bu da onu k\u00fcresel pazarlara ihracat i\u00e7in uygun hale getirir.<\/p>\n<p data-start=\"1702\" data-end=\"1810\">Bu model g\u00fc\u00e7, hassasiyet ve ta\u015f\u0131nabilirlik aras\u0131nda m\u00fckemmel bir denge sunar; yap\u0131sal ark \u015fekillendirme i\u00e7in idealdir.<\/p>\n<h3 data-start=\"1817\" data-end=\"1870\">\u0130n\u015faat Demiri Ark B\u00fck\u00fcc\u00fc GWH24'\u00fcn Temel \u00d6zellikleri<\/h3>\n<ul data-start=\"1872\" data-end=\"2095\">\n<li data-start=\"1872\" data-end=\"1917\">\n<p data-start=\"1874\" data-end=\"1917\">12-24 mm in\u015faat demirini kavisli \u015fekillere d\u00f6n\u00fc\u015ft\u00fcr\u00fcr<\/p>\n<\/li>\n<li data-start=\"1918\" data-end=\"1985\">\n<p data-start=\"1920\" data-end=\"1985\">Otoyollara, istinat duvarlar\u0131na ve prekast bile\u015fenlere uygulanabilir<\/p>\n<\/li>\n<li data-start=\"1986\" data-end=\"2042\">\n<p data-start=\"1988\" data-end=\"2042\">\u00c7e\u015fitli b\u00fckme ihtiya\u00e7lar\u0131 i\u00e7in ayarlanabilir ark yar\u0131\u00e7ap\u0131<\/p>\n<\/li>\n<li data-start=\"2043\" data-end=\"2095\">\n<p data-start=\"2045\" data-end=\"2095\">Uluslararas\u0131 kullan\u0131m i\u00e7in \u00e7ift voltaj konfig\u00fcrasyonu<\/p>\n<\/li>\n<\/ul>\n<p><iframe title=\"#in\u015faat #in\u015faat i\u015f\u00e7isi #rebarmachine #rebarbender #rebarb\u00fckme\" width=\"720\" height=\"405\" src=\"https:\/\/www.youtube.com\/embed\/kZFU0Z3IPgM?feature=oembed\" frameborder=\"0\" allow=\"accelerometer; autoplay; clipboard-write; encrypted-media; gyroscope; picture-in-picture; web-share\" referrerpolicy=\"strict-origin-when-cross-origin\" allowfullscreen><\/iframe><\/p>","protected":false},"excerpt":{"rendered":"<p>GWH24 Ark B\u00fckme Makinesi, 12-24 mm \u00e7elik \u00e7ubuklar\u0131 hassas yaylar halinde b\u00fcker. \u0130hracat uyumlu g\u00fc\u00e7 se\u00e7enekleri ve istikrarl\u0131 performans\u0131 ile orta \u00f6l\u00e7ekli in\u015faat ihtiya\u00e7lar\u0131 i\u00e7in tasarlanm\u0131\u015ft\u0131r.<\/p>","protected":false},"featured_media":8984,"template":"","meta":{"_kad_post_transparent":"default","_kad_post_title":"","_kad_post_layout":"default","_kad_post_sidebar_id":"","_kad_post_content_style":"default","_kad_post_vertical_padding":"default","_kad_post_feature":"","_kad_post_feature_position":"","_kad_post_header":false,"_kad_post_footer":false},"product_brand":[],"product_cat":[54],"product_tag":[1022,1016,1024,1018,1023,1017,1019,1021,1020,1015],"class_list":{"0":"post-8983","1":"product","2":"type-product","3":"status-publish","4":"has-post-thumbnail","6":"product_cat-rebar-arc-bending-machine","7":"product_tag-arc-shape-bending-machine-for-rebar","8":"product_tag-automatic-rebar-arc-bender","9":"product_tag-bar-arc-bending-machine-for-construction","10":"product_tag-cnc-rebar-arc-bending-equipment","11":"product_tag-curved-rebar-bending-tool","12":"product_tag-hydraulic-arc-bending-machine","13":"product_tag-rebar-circular-bending-machine","14":"product_tag-rebar-radius-bending-machine","15":"product_tag-round-bending-machine-for-steel-bars","16":"product_tag-steel-arc-bending-machine","18":"first","19":"instock","20":"shipping-taxable","21":"product-type-simple","22":"entry","23":"content-bg","24":"loop-entry"},"yoast_head":"<!-- This site is optimized with the Yoast SEO plugin v25.3.1 - https:\/\/yoast.com\/wordpress\/plugins\/seo\/ -->\n<title>Rebar Arc Bending Machine GWH24 - HSY Construction Machinery<\/title>\n<meta name=\"description\" content=\"Rebar Arc Bending Machine GWH24 bends 12\u201324mm steel bars into curves. Reliable for mid-size projects and export-friendly with flexible voltage support.\" \/>\n<meta name=\"robots\" content=\"index, follow, max-snippet:-1, max-image-preview:large, max-video-preview:-1\" \/>\n<link rel=\"canonical\" href=\"https:\/\/www.hsymachinery.com\/tr\/product\/insaat-demiri-ark-bukme-makinesi-gwh24\/\" \/>\n<meta property=\"og:locale\" content=\"tr_TR\" \/>\n<meta property=\"og:type\" content=\"article\" \/>\n<meta property=\"og:title\" content=\"Rebar Arc Bending Machine GWH24 - HSY Construction Machinery\" \/>\n<meta property=\"og:description\" content=\"Rebar Arc Bending Machine GWH24 bends 12\u201324mm steel bars into curves. Reliable for mid-size projects and export-friendly with flexible voltage support.\" \/>\n<meta property=\"og:url\" content=\"https:\/\/www.hsymachinery.com\/tr\/product\/insaat-demiri-ark-bukme-makinesi-gwh24\/\" \/>\n<meta property=\"og:site_name\" content=\"HSY Construction Machinery\" \/>\n<meta property=\"article:modified_time\" content=\"2025-06-27T14:31:07+00:00\" \/>\n<meta property=\"og:image\" content=\"https:\/\/www.hsymachinery.com\/wp-content\/uploads\/2025\/06\/Rebar-Arc-Bending-Machine-GWH24.jpg\" \/>\n\t<meta property=\"og:image:width\" content=\"600\" \/>\n\t<meta property=\"og:image:height\" content=\"600\" \/>\n\t<meta property=\"og:image:type\" content=\"image\/jpeg\" \/>\n<meta name=\"twitter:card\" content=\"summary_large_image\" \/>\n<meta name=\"twitter:label1\" content=\"Tahmini okuma s\u00fcresi\" \/>\n\t<meta name=\"twitter:data1\" content=\"2 dakika\" \/>\n<script type=\"application\/ld+json\" class=\"yoast-schema-graph\">{\"@context\":\"https:\/\/schema.org\",\"@graph\":[{\"@type\":\"WebPage\",\"@id\":\"https:\/\/www.hsymachinery.com\/product\/rebar-arc-bending-machine-gwh24\/\",\"url\":\"https:\/\/www.hsymachinery.com\/product\/rebar-arc-bending-machine-gwh24\/\",\"name\":\"Rebar Arc Bending Machine GWH24 - HSY Construction Machinery\",\"isPartOf\":{\"@id\":\"https:\/\/www.hsymachinery.com\/#website\"},\"primaryImageOfPage\":{\"@id\":\"https:\/\/www.hsymachinery.com\/product\/rebar-arc-bending-machine-gwh24\/#primaryimage\"},\"image\":{\"@id\":\"https:\/\/www.hsymachinery.com\/product\/rebar-arc-bending-machine-gwh24\/#primaryimage\"},\"thumbnailUrl\":\"https:\/\/www.hsymachinery.com\/wp-content\/uploads\/2025\/06\/Rebar-Arc-Bending-Machine-GWH24.jpg\",\"datePublished\":\"2025-06-18T04:22:53+00:00\",\"dateModified\":\"2025-06-27T14:31:07+00:00\",\"description\":\"Rebar Arc Bending Machine GWH24 bends 12\u201324mm steel bars into curves. Reliable for mid-size projects and export-friendly with flexible voltage support.\",\"breadcrumb\":{\"@id\":\"https:\/\/www.hsymachinery.com\/product\/rebar-arc-bending-machine-gwh24\/#breadcrumb\"},\"inLanguage\":\"tr\",\"potentialAction\":[{\"@type\":\"ReadAction\",\"target\":[\"https:\/\/www.hsymachinery.com\/product\/rebar-arc-bending-machine-gwh24\/\"]}]},{\"@type\":\"ImageObject\",\"inLanguage\":\"tr\",\"@id\":\"https:\/\/www.hsymachinery.com\/product\/rebar-arc-bending-machine-gwh24\/#primaryimage\",\"url\":\"https:\/\/www.hsymachinery.com\/wp-content\/uploads\/2025\/06\/Rebar-Arc-Bending-Machine-GWH24.jpg\",\"contentUrl\":\"https:\/\/www.hsymachinery.com\/wp-content\/uploads\/2025\/06\/Rebar-Arc-Bending-Machine-GWH24.jpg\",\"width\":600,\"height\":600},{\"@type\":\"BreadcrumbList\",\"@id\":\"https:\/\/www.hsymachinery.com\/product\/rebar-arc-bending-machine-gwh24\/#breadcrumb\",\"itemListElement\":[{\"@type\":\"ListItem\",\"position\":1,\"name\":\"home\",\"item\":\"https:\/\/www.hsymachinery.com\/\"},{\"@type\":\"ListItem\",\"position\":2,\"name\":\"products\",\"item\":\"https:\/\/www.hsymachinery.com\/products\/\"},{\"@type\":\"ListItem\",\"position\":3,\"name\":\"Rebar Arc Bending Machine GWH24\"}]},{\"@type\":\"WebSite\",\"@id\":\"https:\/\/www.hsymachinery.com\/#website\",\"url\":\"https:\/\/www.hsymachinery.com\/\",\"name\":\"HSY Construction Machinery\",\"description\":\"HSY Machinery \u2013 A leading China construction machinery supplier, offering a wide range of light construction equipment. Our main products include Rebar Cutting Machine, Rebar Bending Machine, Rebar Stirrup Bending Machine, Rebar Arc Bending Machine, Rebar Straightening Machine, Five-Head Rebar Stirrup Bending Machine, Tamping Rammer, Plate Compactor, Concrete Cutter, Power Trowel, and other construction machinery. We are equipped with advanced CNC machines, and we enforce strict quality inspection standards along with comprehensive after-sales service. If you are interested in our products or services, we warmly welcome your inquiries via message.\",\"publisher\":{\"@id\":\"https:\/\/www.hsymachinery.com\/#organization\"},\"potentialAction\":[{\"@type\":\"SearchAction\",\"target\":{\"@type\":\"EntryPoint\",\"urlTemplate\":\"https:\/\/www.hsymachinery.com\/?s={search_term_string}\"},\"query-input\":{\"@type\":\"PropertyValueSpecification\",\"valueRequired\":true,\"valueName\":\"search_term_string\"}}],\"inLanguage\":\"tr\"},{\"@type\":\"Organization\",\"@id\":\"https:\/\/www.hsymachinery.com\/#organization\",\"name\":\"HSY Construction Machinery\",\"url\":\"https:\/\/www.hsymachinery.com\/\",\"logo\":{\"@type\":\"ImageObject\",\"inLanguage\":\"tr\",\"@id\":\"https:\/\/www.hsymachinery.com\/#\/schema\/logo\/image\/\",\"url\":\"https:\/\/www.hsymachinery.com\/wp-content\/uploads\/2025\/06\/cropped-HSY-machinery.png\",\"contentUrl\":\"https:\/\/www.hsymachinery.com\/wp-content\/uploads\/2025\/06\/cropped-HSY-machinery.png\",\"width\":600,\"height\":240,\"caption\":\"HSY Construction Machinery\"},\"image\":{\"@id\":\"https:\/\/www.hsymachinery.com\/#\/schema\/logo\/image\/\"}}]}<\/script>\n<!-- \/ Yoast SEO plugin. -->","yoast_head_json":{"title":"\u0130n\u015faat Demiri Ark B\u00fckme Makinesi GWH24 - HSY \u0130n\u015faat Makinalar\u0131","description":"\u0130n\u015faat Demiri Ark B\u00fckme Makinesi GWH24, 12-24 mm \u00e7elik \u00e7ubuklar\u0131 e\u011frilere b\u00fcker. Orta \u00f6l\u00e7ekli projeler i\u00e7in g\u00fcvenilir ve esnek voltaj deste\u011fi ile ihracat dostu.","robots":{"index":"index","follow":"follow","max-snippet":"max-snippet:-1","max-image-preview":"max-image-preview:large","max-video-preview":"max-video-preview:-1"},"canonical":"https:\/\/www.hsymachinery.com\/tr\/product\/insaat-demiri-ark-bukme-makinesi-gwh24\/","og_locale":"tr_TR","og_type":"article","og_title":"Rebar Arc Bending Machine GWH24 - HSY Construction Machinery","og_description":"Rebar Arc Bending Machine GWH24 bends 12\u201324mm steel bars into curves. Reliable for mid-size projects and export-friendly with flexible voltage support.","og_url":"https:\/\/www.hsymachinery.com\/tr\/product\/insaat-demiri-ark-bukme-makinesi-gwh24\/","og_site_name":"HSY Construction Machinery","article_modified_time":"2025-06-27T14:31:07+00:00","og_image":[{"width":600,"height":600,"url":"https:\/\/www.hsymachinery.com\/wp-content\/uploads\/2025\/06\/Rebar-Arc-Bending-Machine-GWH24.jpg","type":"image\/jpeg"}],"twitter_card":"summary_large_image","twitter_misc":{"Tahmini okuma s\u00fcresi":"2 dakika"},"schema":{"@context":"https:\/\/schema.org","@graph":[{"@type":"WebPage","@id":"https:\/\/www.hsymachinery.com\/product\/rebar-arc-bending-machine-gwh24\/","url":"https:\/\/www.hsymachinery.com\/product\/rebar-arc-bending-machine-gwh24\/","name":"\u0130n\u015faat Demiri Ark B\u00fckme Makinesi GWH24 - HSY \u0130n\u015faat Makinalar\u0131","isPartOf":{"@id":"https:\/\/www.hsymachinery.com\/#website"},"primaryImageOfPage":{"@id":"https:\/\/www.hsymachinery.com\/product\/rebar-arc-bending-machine-gwh24\/#primaryimage"},"image":{"@id":"https:\/\/www.hsymachinery.com\/product\/rebar-arc-bending-machine-gwh24\/#primaryimage"},"thumbnailUrl":"https:\/\/www.hsymachinery.com\/wp-content\/uploads\/2025\/06\/Rebar-Arc-Bending-Machine-GWH24.jpg","datePublished":"2025-06-18T04:22:53+00:00","dateModified":"2025-06-27T14:31:07+00:00","description":"\u0130n\u015faat Demiri Ark B\u00fckme Makinesi GWH24, 12-24 mm \u00e7elik \u00e7ubuklar\u0131 e\u011frilere b\u00fcker. Orta \u00f6l\u00e7ekli projeler i\u00e7in g\u00fcvenilir ve esnek voltaj deste\u011fi ile ihracat dostu.","breadcrumb":{"@id":"https:\/\/www.hsymachinery.com\/product\/rebar-arc-bending-machine-gwh24\/#breadcrumb"},"inLanguage":"tr","potentialAction":[{"@type":"ReadAction","target":["https:\/\/www.hsymachinery.com\/product\/rebar-arc-bending-machine-gwh24\/"]}]},{"@type":"ImageObject","inLanguage":"tr","@id":"https:\/\/www.hsymachinery.com\/product\/rebar-arc-bending-machine-gwh24\/#primaryimage","url":"https:\/\/www.hsymachinery.com\/wp-content\/uploads\/2025\/06\/Rebar-Arc-Bending-Machine-GWH24.jpg","contentUrl":"https:\/\/www.hsymachinery.com\/wp-content\/uploads\/2025\/06\/Rebar-Arc-Bending-Machine-GWH24.jpg","width":600,"height":600},{"@type":"BreadcrumbList","@id":"https:\/\/www.hsymachinery.com\/product\/rebar-arc-bending-machine-gwh24\/#breadcrumb","itemListElement":[{"@type":"ListItem","position":1,"name":"home","item":"https:\/\/www.hsymachinery.com\/"},{"@type":"ListItem","position":2,"name":"products","item":"https:\/\/www.hsymachinery.com\/products\/"},{"@type":"ListItem","position":3,"name":"Rebar Arc Bending Machine GWH24"}]},{"@type":"WebSite","@id":"https:\/\/www.hsymachinery.com\/#website","url":"https:\/\/www.hsymachinery.com\/","name":"HSY \u0130n\u015faat Makineleri","description":"HSY Machinery - \u00c7ok \u00e7e\u015fitli hafif in\u015faat ekipmanlar\u0131 sunan lider bir \u00c7in in\u015faat makineleri tedarik\u00e7isi. Ba\u015fl\u0131ca \u00fcr\u00fcnlerimiz aras\u0131nda Demir Kesme Makinesi, Demir B\u00fckme Makinesi, Demir \u00dczengi B\u00fckme Makinesi, Demir Ark B\u00fckme Makinesi, Demir Do\u011frultma Makinesi, Be\u015f Kafal\u0131 Demir \u00dczengi B\u00fckme Makinesi, S\u0131k\u0131\u015ft\u0131rma Tokma\u011f\u0131, Plaka Kompakt\u00f6r\u00fc, Beton Kesici, Elektrikli Mala ve di\u011fer in\u015faat makineleri bulunmaktad\u0131r. Geli\u015fmi\u015f CNC makineleri ile donat\u0131lm\u0131\u015ft\u0131r ve kapsaml\u0131 sat\u0131\u015f sonras\u0131 hizmet ile birlikte s\u0131k\u0131 kalite kontrol standartlar\u0131n\u0131 uyguluyoruz. \u00dcr\u00fcnlerimiz veya hizmetlerimizle ilgileniyorsan\u0131z, sorular\u0131n\u0131z\u0131 mesaj yoluyla s\u0131cak bir \u015fekilde kar\u015f\u0131l\u0131yoruz.","publisher":{"@id":"https:\/\/www.hsymachinery.com\/#organization"},"potentialAction":[{"@type":"SearchAction","target":{"@type":"EntryPoint","urlTemplate":"https:\/\/www.hsymachinery.com\/?s={search_term_string}"},"query-input":{"@type":"PropertyValueSpecification","valueRequired":true,"valueName":"search_term_string"}}],"inLanguage":"tr"},{"@type":"Organization","@id":"https:\/\/www.hsymachinery.com\/#organization","name":"HSY \u0130n\u015faat Makineleri","url":"https:\/\/www.hsymachinery.com\/","logo":{"@type":"ImageObject","inLanguage":"tr","@id":"https:\/\/www.hsymachinery.com\/#\/schema\/logo\/image\/","url":"https:\/\/www.hsymachinery.com\/wp-content\/uploads\/2025\/06\/cropped-HSY-machinery.png","contentUrl":"https:\/\/www.hsymachinery.com\/wp-content\/uploads\/2025\/06\/cropped-HSY-machinery.png","width":600,"height":240,"caption":"HSY Construction Machinery"},"image":{"@id":"https:\/\/www.hsymachinery.com\/#\/schema\/logo\/image\/"}}]}},"_links":{"self":[{"href":"https:\/\/www.hsymachinery.com\/tr\/wp-json\/wp\/v2\/product\/8983","targetHints":{"allow":["GET"]}}],"collection":[{"href":"https:\/\/www.hsymachinery.com\/tr\/wp-json\/wp\/v2\/product"}],"about":[{"href":"https:\/\/www.hsymachinery.com\/tr\/wp-json\/wp\/v2\/types\/product"}],"version-history":[{"count":4,"href":"https:\/\/www.hsymachinery.com\/tr\/wp-json\/wp\/v2\/product\/8983\/revisions"}],"predecessor-version":[{"id":9402,"href":"https:\/\/www.hsymachinery.com\/tr\/wp-json\/wp\/v2\/product\/8983\/revisions\/9402"}],"wp:featuredmedia":[{"embeddable":true,"href":"https:\/\/www.hsymachinery.com\/tr\/wp-json\/wp\/v2\/media\/8984"}],"wp:attachment":[{"href":"https:\/\/www.hsymachinery.com\/tr\/wp-json\/wp\/v2\/media?parent=8983"}],"wp:term":[{"taxonomy":"product_brand","embeddable":true,"href":"https:\/\/www.hsymachinery.com\/tr\/wp-json\/wp\/v2\/product_brand?post=8983"},{"taxonomy":"product_cat","embeddable":true,"href":"https:\/\/www.hsymachinery.com\/tr\/wp-json\/wp\/v2\/product_cat?post=8983"},{"taxonomy":"product_tag","embeddable":true,"href":"https:\/\/www.hsymachinery.com\/tr\/wp-json\/wp\/v2\/product_tag?post=8983"}],"curies":[{"name":"wp","href":"https:\/\/api.w.org\/{rel}","templated":true}]}}