{"id":8977,"date":"2025-06-18T12:20:08","date_gmt":"2025-06-18T04:20:08","guid":{"rendered":"https:\/\/www.hsymachinery.com\/?post_type=product&#038;p=8977"},"modified":"2025-06-27T22:32:05","modified_gmt":"2025-06-27T14:32:05","slug":"insaat-demiri-ark-bukme-makinesi-gwh12","status":"publish","type":"product","link":"https:\/\/www.hsymachinery.com\/tr\/product\/insaat-demiri-ark-bukme-makinesi-gwh12\/","title":{"rendered":"\u0130n\u015faat Demiri Ark B\u00fckme Makinesi GWH12"},"content":{"rendered":"<h2 data-start=\"98\" data-end=\"137\">\u0130n\u015faat Demiri Ark B\u00fckme Makinesi GWH12<\/h2>\n<h3 data-start=\"138\" data-end=\"261\">6-12mm \u0130n\u015faat Demiri i\u00e7in Kompakt Ark B\u00fck\u00fcc\u00fc GWH12 | Dekoratif ve Yap\u0131sal Uygulamalar i\u00e7in Kavisli \u00c7elik \u00c7ubuk B\u00fckme Makinesi<\/h3>\n<h3 data-start=\"268\" data-end=\"349\">\u00dcr\u00fcne Genel Bak\u0131\u015f - Hafif \u0130n\u015faat Demiri \u015eekillendirme i\u00e7in Hassas Ark B\u00fckme Ekipman\u0131<\/h3>\n<p data-start=\"351\" data-end=\"692\">Bu <strong data-start=\"355\" data-end=\"390\"><a href=\"https:\/\/www.hsymachinery.com\/tr\/urunler\/insaat-demiri-ark-bukme-makinesi\/\" target=\"_blank\" rel=\"noopener\">\u0130n\u015faat Demiri Ark B\u00fckme Makinas\u0131<\/a> GWH12<\/strong> 6mm ila 12mm in\u015faat demirini p\u00fcr\u00fczs\u00fcz yaylara, dairelere ve kavisli \u015fekillere b\u00fckmek i\u00e7in tasarlanm\u0131\u015f \u00f6zel bir alettir. Dekoratif in\u015faat, peyzaj, \u00e7itler, korkuluklar ve mimari g\u00fc\u00e7lendirmede yayg\u0131n olarak kullan\u0131lan GWH12, hafif hizmet tipi kavisli \u00e7elik i\u015fleme i\u00e7in kompakt ancak g\u00fc\u00e7l\u00fc bir makinedir.<\/p>\n<p data-start=\"694\" data-end=\"832\">Hafif \u00e7er\u00e7evesi, basit kontrolleri ve y\u00fcksek hassasiyetiyle k\u00fc\u00e7\u00fck at\u00f6lyeler, yerinde \u00f6zelle\u015ftirme ve zanaatkar metal i\u015fleri i\u00e7in idealdir.<\/p>\n<h3 data-start=\"839\" data-end=\"893\">\u00a0Esnek Yar\u0131\u00e7ap Kontrol\u00fc ile P\u00fcr\u00fczs\u00fcz Ark \u015eekillendirme<\/h3>\n<p data-start=\"895\" data-end=\"1203\">Ayarlanabilir bir ark silindiri sistemine sahip olan GWH12, kullan\u0131c\u0131lar\u0131n istenen e\u011frili\u011fi hassas bir \u015fekilde ayarlamas\u0131na olanak tan\u0131r. Bak\u0131r sarg\u0131l\u0131 motor, tutarl\u0131 d\u00f6n\u00fc\u015f kuvveti sa\u011flayarak \u00e7ubu\u011fa y\u00fczey hasar\u0131 vermeden d\u00fczg\u00fcn b\u00fck\u00fcmler sa\u011flar. Operat\u00f6rler, proje ihtiya\u00e7lar\u0131na g\u00f6re hem tek hem de bile\u015fik e\u011friler olu\u015fturabilir.<\/p>\n<p data-start=\"1205\" data-end=\"1330\">Hem manuel kol kontrol\u00fc hem de iste\u011fe ba\u011fl\u0131 ayak pedal\u0131 ile kullan\u0131c\u0131lar en uygun \u00e7al\u0131\u015fma modunu se\u00e7ebilir.<\/p>\n<h3 data-start=\"1337\" data-end=\"1382\">Hafif, Dayan\u0131kl\u0131 ve \u0130hracata Haz\u0131r<\/h3>\n<p data-start=\"1384\" data-end=\"1698\">Kompakt olmas\u0131na ra\u011fmen GWH12 ark b\u00fck\u00fcc\u00fc, daha fazla dayan\u0131kl\u0131l\u0131k ve \u00e7al\u0131\u015fma stabilitesi i\u00e7in g\u00fc\u00e7lendirilmi\u015f \u00e7elikten \u00fcretilmi\u015ftir. Makine, kaymaz ayaklar, ta\u015f\u0131nabilir tutamaklar ve 220V veya 380V (50\/60Hz) voltaj uyumlulu\u011fu ile k\u00fcresel ihracat ve k\u00fc\u00e7\u00fck y\u00fckleniciler i\u00e7in m\u00fckemmel bir se\u00e7imdir.<\/p>\n<p data-start=\"1700\" data-end=\"1811\">\u00d6zellikle hassasiyet ve ta\u015f\u0131nabilirlik gerektiren iste\u011fe ba\u011fl\u0131 \u00e7ubuk b\u00fckme i\u015fleri i\u00e7in uygundur.<\/p>\n<h3 data-start=\"1818\" data-end=\"1871\">\u0130n\u015faat Demiri Ark B\u00fck\u00fcc\u00fc GWH12'nin Temel \u00d6zellikleri<\/h3>\n<ul data-start=\"1873\" data-end=\"2100\">\n<li data-start=\"1873\" data-end=\"1924\">\n<p data-start=\"1875\" data-end=\"1924\">6-12 mm in\u015faat demirini yaylara, halkalara ve e\u011frilere b\u00fcker<\/p>\n<\/li>\n<li data-start=\"1925\" data-end=\"1995\">\n<p data-start=\"1927\" data-end=\"1995\">Mimari dekorasyon ve k\u00fc\u00e7\u00fck \u00f6l\u00e7ekli yap\u0131sal i\u015fler i\u00e7in ideal<\/p>\n<\/li>\n<li data-start=\"1996\" data-end=\"2044\">\n<p data-start=\"1998\" data-end=\"2044\">Kullan\u0131m\u0131 kolay yar\u0131\u00e7ap ayar\u0131na sahip kompakt g\u00f6vde<\/p>\n<\/li>\n<li data-start=\"2045\" data-end=\"2100\">\n<p data-start=\"2047\" data-end=\"2100\">Uluslararas\u0131 voltaj deste\u011fi ile ihracata haz\u0131r<\/p>\n<\/li>\n<\/ul>\n<p><iframe title=\"#in\u015faat #in\u015faat i\u015f\u00e7isi #rebarmachine #rebarbender #rebarb\u00fckme\" width=\"720\" height=\"405\" src=\"https:\/\/www.youtube.com\/embed\/kZFU0Z3IPgM?feature=oembed\" frameborder=\"0\" allow=\"accelerometer; autoplay; clipboard-write; encrypted-media; gyroscope; picture-in-picture; web-share\" referrerpolicy=\"strict-origin-when-cross-origin\" allowfullscreen><\/iframe><\/p>","protected":false},"excerpt":{"rendered":"<p>GWH12 Ark B\u00fckme Makinesi, 6-12 mm \u00e7elik \u00e7ubuklar\u0131 in\u015faat ve dekorasyon i\u00e7in p\u00fcr\u00fczs\u00fcz e\u011frilere b\u00fcker. Kompakt, ta\u015f\u0131nabilir ve at\u00f6lyeler veya hafif i\u015fler i\u00e7in m\u00fckemmeldir.<\/p>","protected":false},"featured_media":8981,"template":"","meta":{"_kad_post_transparent":"default","_kad_post_title":"","_kad_post_layout":"default","_kad_post_sidebar_id":"","_kad_post_content_style":"default","_kad_post_vertical_padding":"default","_kad_post_feature":"","_kad_post_feature_position":"","_kad_post_header":false,"_kad_post_footer":false},"product_brand":[],"product_cat":[54],"product_tag":[1022,1016,1024,1018,1023,1017,1019,1021,1020,1015],"class_list":{"0":"post-8977","1":"product","2":"type-product","3":"status-publish","4":"has-post-thumbnail","6":"product_cat-rebar-arc-bending-machine","7":"product_tag-arc-shape-bending-machine-for-rebar","8":"product_tag-automatic-rebar-arc-bender","9":"product_tag-bar-arc-bending-machine-for-construction","10":"product_tag-cnc-rebar-arc-bending-equipment","11":"product_tag-curved-rebar-bending-tool","12":"product_tag-hydraulic-arc-bending-machine","13":"product_tag-rebar-circular-bending-machine","14":"product_tag-rebar-radius-bending-machine","15":"product_tag-round-bending-machine-for-steel-bars","16":"product_tag-steel-arc-bending-machine","18":"first","19":"instock","20":"shipping-taxable","21":"product-type-simple","22":"entry","23":"content-bg","24":"loop-entry"},"yoast_head":"<!-- This site is optimized with the Yoast SEO plugin v25.3.1 - https:\/\/yoast.com\/wordpress\/plugins\/seo\/ -->\n<title>Rebar Arc Bending Machine GWH12 - HSY Construction Machinery<\/title>\n<meta name=\"description\" content=\"Rebar Arc Bending Machine GWH12 curves 6\u201312mm steel bars with precision. Ideal for decorative and small structural use. Lightweight and export-ready.\" \/>\n<meta name=\"robots\" content=\"index, follow, max-snippet:-1, max-image-preview:large, max-video-preview:-1\" \/>\n<link rel=\"canonical\" href=\"https:\/\/www.hsymachinery.com\/tr\/product\/insaat-demiri-ark-bukme-makinesi-gwh12\/\" \/>\n<meta property=\"og:locale\" content=\"tr_TR\" \/>\n<meta property=\"og:type\" content=\"article\" \/>\n<meta property=\"og:title\" content=\"Rebar Arc Bending Machine GWH12 - HSY Construction Machinery\" \/>\n<meta property=\"og:description\" content=\"Rebar Arc Bending Machine GWH12 curves 6\u201312mm steel bars with precision. Ideal for decorative and small structural use. Lightweight and export-ready.\" \/>\n<meta property=\"og:url\" content=\"https:\/\/www.hsymachinery.com\/tr\/product\/insaat-demiri-ark-bukme-makinesi-gwh12\/\" \/>\n<meta property=\"og:site_name\" content=\"HSY Construction Machinery\" \/>\n<meta property=\"article:modified_time\" content=\"2025-06-27T14:32:05+00:00\" \/>\n<meta property=\"og:image\" content=\"https:\/\/www.hsymachinery.com\/wp-content\/uploads\/2025\/06\/Rebar-Arc-Bending-Machine-GWH12.jpg\" \/>\n\t<meta property=\"og:image:width\" content=\"600\" \/>\n\t<meta property=\"og:image:height\" content=\"600\" \/>\n\t<meta property=\"og:image:type\" content=\"image\/jpeg\" \/>\n<meta name=\"twitter:card\" content=\"summary_large_image\" \/>\n<meta name=\"twitter:label1\" content=\"Tahmini okuma s\u00fcresi\" \/>\n\t<meta name=\"twitter:data1\" content=\"2 dakika\" \/>\n<script type=\"application\/ld+json\" class=\"yoast-schema-graph\">{\"@context\":\"https:\/\/schema.org\",\"@graph\":[{\"@type\":\"WebPage\",\"@id\":\"https:\/\/www.hsymachinery.com\/product\/rebar-arc-bending-machine-gwh12\/\",\"url\":\"https:\/\/www.hsymachinery.com\/product\/rebar-arc-bending-machine-gwh12\/\",\"name\":\"Rebar Arc Bending Machine GWH12 - HSY Construction Machinery\",\"isPartOf\":{\"@id\":\"https:\/\/www.hsymachinery.com\/#website\"},\"primaryImageOfPage\":{\"@id\":\"https:\/\/www.hsymachinery.com\/product\/rebar-arc-bending-machine-gwh12\/#primaryimage\"},\"image\":{\"@id\":\"https:\/\/www.hsymachinery.com\/product\/rebar-arc-bending-machine-gwh12\/#primaryimage\"},\"thumbnailUrl\":\"https:\/\/www.hsymachinery.com\/wp-content\/uploads\/2025\/06\/Rebar-Arc-Bending-Machine-GWH12.jpg\",\"datePublished\":\"2025-06-18T04:20:08+00:00\",\"dateModified\":\"2025-06-27T14:32:05+00:00\",\"description\":\"Rebar Arc Bending Machine GWH12 curves 6\u201312mm steel bars with precision. Ideal for decorative and small structural use. Lightweight and export-ready.\",\"breadcrumb\":{\"@id\":\"https:\/\/www.hsymachinery.com\/product\/rebar-arc-bending-machine-gwh12\/#breadcrumb\"},\"inLanguage\":\"tr\",\"potentialAction\":[{\"@type\":\"ReadAction\",\"target\":[\"https:\/\/www.hsymachinery.com\/product\/rebar-arc-bending-machine-gwh12\/\"]}]},{\"@type\":\"ImageObject\",\"inLanguage\":\"tr\",\"@id\":\"https:\/\/www.hsymachinery.com\/product\/rebar-arc-bending-machine-gwh12\/#primaryimage\",\"url\":\"https:\/\/www.hsymachinery.com\/wp-content\/uploads\/2025\/06\/Rebar-Arc-Bending-Machine-GWH12.jpg\",\"contentUrl\":\"https:\/\/www.hsymachinery.com\/wp-content\/uploads\/2025\/06\/Rebar-Arc-Bending-Machine-GWH12.jpg\",\"width\":600,\"height\":600},{\"@type\":\"BreadcrumbList\",\"@id\":\"https:\/\/www.hsymachinery.com\/product\/rebar-arc-bending-machine-gwh12\/#breadcrumb\",\"itemListElement\":[{\"@type\":\"ListItem\",\"position\":1,\"name\":\"home\",\"item\":\"https:\/\/www.hsymachinery.com\/\"},{\"@type\":\"ListItem\",\"position\":2,\"name\":\"products\",\"item\":\"https:\/\/www.hsymachinery.com\/products\/\"},{\"@type\":\"ListItem\",\"position\":3,\"name\":\"Rebar Arc Bending Machine GWH12\"}]},{\"@type\":\"WebSite\",\"@id\":\"https:\/\/www.hsymachinery.com\/#website\",\"url\":\"https:\/\/www.hsymachinery.com\/\",\"name\":\"HSY Construction Machinery\",\"description\":\"HSY Machinery \u2013 A leading China construction machinery supplier, offering a wide range of light construction equipment. Our main products include Rebar Cutting Machine, Rebar Bending Machine, Rebar Stirrup Bending Machine, Rebar Arc Bending Machine, Rebar Straightening Machine, Five-Head Rebar Stirrup Bending Machine, Tamping Rammer, Plate Compactor, Concrete Cutter, Power Trowel, and other construction machinery. We are equipped with advanced CNC machines, and we enforce strict quality inspection standards along with comprehensive after-sales service. If you are interested in our products or services, we warmly welcome your inquiries via message.\",\"publisher\":{\"@id\":\"https:\/\/www.hsymachinery.com\/#organization\"},\"potentialAction\":[{\"@type\":\"SearchAction\",\"target\":{\"@type\":\"EntryPoint\",\"urlTemplate\":\"https:\/\/www.hsymachinery.com\/?s={search_term_string}\"},\"query-input\":{\"@type\":\"PropertyValueSpecification\",\"valueRequired\":true,\"valueName\":\"search_term_string\"}}],\"inLanguage\":\"tr\"},{\"@type\":\"Organization\",\"@id\":\"https:\/\/www.hsymachinery.com\/#organization\",\"name\":\"HSY Construction Machinery\",\"url\":\"https:\/\/www.hsymachinery.com\/\",\"logo\":{\"@type\":\"ImageObject\",\"inLanguage\":\"tr\",\"@id\":\"https:\/\/www.hsymachinery.com\/#\/schema\/logo\/image\/\",\"url\":\"https:\/\/www.hsymachinery.com\/wp-content\/uploads\/2025\/06\/cropped-HSY-machinery.png\",\"contentUrl\":\"https:\/\/www.hsymachinery.com\/wp-content\/uploads\/2025\/06\/cropped-HSY-machinery.png\",\"width\":600,\"height\":240,\"caption\":\"HSY Construction Machinery\"},\"image\":{\"@id\":\"https:\/\/www.hsymachinery.com\/#\/schema\/logo\/image\/\"}}]}<\/script>\n<!-- \/ Yoast SEO plugin. -->","yoast_head_json":{"title":"\u0130n\u015faat Demiri Ark B\u00fckme Makinesi GWH12 - HSY \u0130n\u015faat Makinalar\u0131","description":"\u0130n\u015faat Demiri Ark B\u00fckme Makinesi GWH12, 6-12 mm \u00e7elik \u00e7ubuklar\u0131 hassas bir \u015fekilde b\u00fcker. Dekoratif ve k\u00fc\u00e7\u00fck yap\u0131sal kullan\u0131m i\u00e7in idealdir. Hafif ve ihracata haz\u0131r.","robots":{"index":"index","follow":"follow","max-snippet":"max-snippet:-1","max-image-preview":"max-image-preview:large","max-video-preview":"max-video-preview:-1"},"canonical":"https:\/\/www.hsymachinery.com\/tr\/product\/insaat-demiri-ark-bukme-makinesi-gwh12\/","og_locale":"tr_TR","og_type":"article","og_title":"Rebar Arc Bending Machine GWH12 - HSY Construction Machinery","og_description":"Rebar Arc Bending Machine GWH12 curves 6\u201312mm steel bars with precision. Ideal for decorative and small structural use. Lightweight and export-ready.","og_url":"https:\/\/www.hsymachinery.com\/tr\/product\/insaat-demiri-ark-bukme-makinesi-gwh12\/","og_site_name":"HSY Construction Machinery","article_modified_time":"2025-06-27T14:32:05+00:00","og_image":[{"width":600,"height":600,"url":"https:\/\/www.hsymachinery.com\/wp-content\/uploads\/2025\/06\/Rebar-Arc-Bending-Machine-GWH12.jpg","type":"image\/jpeg"}],"twitter_card":"summary_large_image","twitter_misc":{"Tahmini okuma s\u00fcresi":"2 dakika"},"schema":{"@context":"https:\/\/schema.org","@graph":[{"@type":"WebPage","@id":"https:\/\/www.hsymachinery.com\/product\/rebar-arc-bending-machine-gwh12\/","url":"https:\/\/www.hsymachinery.com\/product\/rebar-arc-bending-machine-gwh12\/","name":"\u0130n\u015faat Demiri Ark B\u00fckme Makinesi GWH12 - HSY \u0130n\u015faat Makinalar\u0131","isPartOf":{"@id":"https:\/\/www.hsymachinery.com\/#website"},"primaryImageOfPage":{"@id":"https:\/\/www.hsymachinery.com\/product\/rebar-arc-bending-machine-gwh12\/#primaryimage"},"image":{"@id":"https:\/\/www.hsymachinery.com\/product\/rebar-arc-bending-machine-gwh12\/#primaryimage"},"thumbnailUrl":"https:\/\/www.hsymachinery.com\/wp-content\/uploads\/2025\/06\/Rebar-Arc-Bending-Machine-GWH12.jpg","datePublished":"2025-06-18T04:20:08+00:00","dateModified":"2025-06-27T14:32:05+00:00","description":"\u0130n\u015faat Demiri Ark B\u00fckme Makinesi GWH12, 6-12 mm \u00e7elik \u00e7ubuklar\u0131 hassas bir \u015fekilde b\u00fcker. Dekoratif ve k\u00fc\u00e7\u00fck yap\u0131sal kullan\u0131m i\u00e7in idealdir. Hafif ve ihracata haz\u0131r.","breadcrumb":{"@id":"https:\/\/www.hsymachinery.com\/product\/rebar-arc-bending-machine-gwh12\/#breadcrumb"},"inLanguage":"tr","potentialAction":[{"@type":"ReadAction","target":["https:\/\/www.hsymachinery.com\/product\/rebar-arc-bending-machine-gwh12\/"]}]},{"@type":"ImageObject","inLanguage":"tr","@id":"https:\/\/www.hsymachinery.com\/product\/rebar-arc-bending-machine-gwh12\/#primaryimage","url":"https:\/\/www.hsymachinery.com\/wp-content\/uploads\/2025\/06\/Rebar-Arc-Bending-Machine-GWH12.jpg","contentUrl":"https:\/\/www.hsymachinery.com\/wp-content\/uploads\/2025\/06\/Rebar-Arc-Bending-Machine-GWH12.jpg","width":600,"height":600},{"@type":"BreadcrumbList","@id":"https:\/\/www.hsymachinery.com\/product\/rebar-arc-bending-machine-gwh12\/#breadcrumb","itemListElement":[{"@type":"ListItem","position":1,"name":"home","item":"https:\/\/www.hsymachinery.com\/"},{"@type":"ListItem","position":2,"name":"products","item":"https:\/\/www.hsymachinery.com\/products\/"},{"@type":"ListItem","position":3,"name":"Rebar Arc Bending Machine GWH12"}]},{"@type":"WebSite","@id":"https:\/\/www.hsymachinery.com\/#website","url":"https:\/\/www.hsymachinery.com\/","name":"HSY \u0130n\u015faat Makineleri","description":"HSY Machinery - \u00c7ok \u00e7e\u015fitli hafif in\u015faat ekipmanlar\u0131 sunan lider bir \u00c7in in\u015faat makineleri tedarik\u00e7isi. Ba\u015fl\u0131ca \u00fcr\u00fcnlerimiz aras\u0131nda Demir Kesme Makinesi, Demir B\u00fckme Makinesi, Demir \u00dczengi B\u00fckme Makinesi, Demir Ark B\u00fckme Makinesi, Demir Do\u011frultma Makinesi, Be\u015f Kafal\u0131 Demir \u00dczengi B\u00fckme Makinesi, S\u0131k\u0131\u015ft\u0131rma Tokma\u011f\u0131, Plaka Kompakt\u00f6r\u00fc, Beton Kesici, Elektrikli Mala ve di\u011fer in\u015faat makineleri bulunmaktad\u0131r. Geli\u015fmi\u015f CNC makineleri ile donat\u0131lm\u0131\u015ft\u0131r ve kapsaml\u0131 sat\u0131\u015f sonras\u0131 hizmet ile birlikte s\u0131k\u0131 kalite kontrol standartlar\u0131n\u0131 uyguluyoruz. \u00dcr\u00fcnlerimiz veya hizmetlerimizle ilgileniyorsan\u0131z, sorular\u0131n\u0131z\u0131 mesaj yoluyla s\u0131cak bir \u015fekilde kar\u015f\u0131l\u0131yoruz.","publisher":{"@id":"https:\/\/www.hsymachinery.com\/#organization"},"potentialAction":[{"@type":"SearchAction","target":{"@type":"EntryPoint","urlTemplate":"https:\/\/www.hsymachinery.com\/?s={search_term_string}"},"query-input":{"@type":"PropertyValueSpecification","valueRequired":true,"valueName":"search_term_string"}}],"inLanguage":"tr"},{"@type":"Organization","@id":"https:\/\/www.hsymachinery.com\/#organization","name":"HSY \u0130n\u015faat Makineleri","url":"https:\/\/www.hsymachinery.com\/","logo":{"@type":"ImageObject","inLanguage":"tr","@id":"https:\/\/www.hsymachinery.com\/#\/schema\/logo\/image\/","url":"https:\/\/www.hsymachinery.com\/wp-content\/uploads\/2025\/06\/cropped-HSY-machinery.png","contentUrl":"https:\/\/www.hsymachinery.com\/wp-content\/uploads\/2025\/06\/cropped-HSY-machinery.png","width":600,"height":240,"caption":"HSY Construction Machinery"},"image":{"@id":"https:\/\/www.hsymachinery.com\/#\/schema\/logo\/image\/"}}]}},"_links":{"self":[{"href":"https:\/\/www.hsymachinery.com\/tr\/wp-json\/wp\/v2\/product\/8977","targetHints":{"allow":["GET"]}}],"collection":[{"href":"https:\/\/www.hsymachinery.com\/tr\/wp-json\/wp\/v2\/product"}],"about":[{"href":"https:\/\/www.hsymachinery.com\/tr\/wp-json\/wp\/v2\/types\/product"}],"version-history":[{"count":4,"href":"https:\/\/www.hsymachinery.com\/tr\/wp-json\/wp\/v2\/product\/8977\/revisions"}],"predecessor-version":[{"id":9403,"href":"https:\/\/www.hsymachinery.com\/tr\/wp-json\/wp\/v2\/product\/8977\/revisions\/9403"}],"wp:featuredmedia":[{"embeddable":true,"href":"https:\/\/www.hsymachinery.com\/tr\/wp-json\/wp\/v2\/media\/8981"}],"wp:attachment":[{"href":"https:\/\/www.hsymachinery.com\/tr\/wp-json\/wp\/v2\/media?parent=8977"}],"wp:term":[{"taxonomy":"product_brand","embeddable":true,"href":"https:\/\/www.hsymachinery.com\/tr\/wp-json\/wp\/v2\/product_brand?post=8977"},{"taxonomy":"product_cat","embeddable":true,"href":"https:\/\/www.hsymachinery.com\/tr\/wp-json\/wp\/v2\/product_cat?post=8977"},{"taxonomy":"product_tag","embeddable":true,"href":"https:\/\/www.hsymachinery.com\/tr\/wp-json\/wp\/v2\/product_tag?post=8977"}],"curies":[{"name":"wp","href":"https:\/\/api.w.org\/{rel}","templated":true}]}}