{"id":8971,"date":"2025-06-18T12:11:02","date_gmt":"2025-06-18T04:11:02","guid":{"rendered":"https:\/\/www.hsymachinery.com\/?post_type=product&#038;p=8971"},"modified":"2025-06-27T19:28:55","modified_gmt":"2025-06-27T11:28:55","slug":"insaat-demiri-uzengi-bukme-makinesi-gf36","status":"publish","type":"product","link":"https:\/\/www.hsymachinery.com\/tr\/product\/insaat-demiri-uzengi-bukme-makinesi-gf36\/","title":{"rendered":"Demir \u00dczengi B\u00fckme Makinesi GF36"},"content":{"rendered":"<h2 data-start=\"123\" data-end=\"165\">Demir \u00dczengi B\u00fckme Makinesi GF36<\/h2>\n<h3 data-start=\"166\" data-end=\"267\">6-32mm Demir i\u00e7in Takviye \u00dczengi Bender GF36 | A\u011f\u0131r Hizmet Tipi \u00c7elik \u00c7ubuk \u00dczengi B\u00fckme Makinesi<\/h3>\n<h3 data-start=\"274\" data-end=\"374\">\u00dcr\u00fcne Genel Bak\u0131\u015f - Beton ve Prekast \u00c7elik Projeleri i\u00e7in G\u00fc\u00e7l\u00fc Etriye \u015eekillendirme Ekipman\u0131<\/h3>\n<p data-start=\"376\" data-end=\"705\">Bu <strong data-start=\"380\" data-end=\"418\"><a href=\"https:\/\/www.hsymachinery.com\/tr\/urunler\/insaat-demiri-uzengi-bukme-makinesi\/\" target=\"_blank\" rel=\"noopener\">Demir \u00dczengi B\u00fckme Makinas\u0131<\/a> GF36<\/strong> 6 mm ila 32 mm \u00e7elik in\u015faat demirini i\u015flemek i\u00e7in \u00fcretilmi\u015ftir ve orta ila b\u00fcy\u00fck \u00f6l\u00e7ekli in\u015faat projeleri i\u00e7in sa\u011flam ve hassas etriye \u015fekillendirme sa\u011flar. Prekast beton sahalar\u0131nda, k\u00f6pr\u00fc \u015fantiyelerinde, metro t\u00fcnellerinde ve tutarl\u0131 \u00e7ubuk \u015fekillendirme performans\u0131 gerektiren di\u011fer projelerde yayg\u0131n olarak kullan\u0131l\u0131r.<\/p>\n<p data-start=\"707\" data-end=\"836\">Y\u00fcksek verimlilik ve operasyonel kolayl\u0131k i\u00e7in tasarlanan GF36, g\u00fc\u00e7, \u00e7ok y\u00f6nl\u00fcl\u00fck ve dayan\u0131kl\u0131l\u0131k aras\u0131nda m\u00fckemmel bir denge kurar.<\/p>\n<h3 data-start=\"843\" data-end=\"889\">Geli\u015fmi\u015f Hassasiyet ile Sorunsuz \u00c7al\u0131\u015fma<\/h3>\n<p data-start=\"891\" data-end=\"1221\">G\u00fc\u00e7lendirilmi\u015f d\u00f6ner disk, sertle\u015ftirilmi\u015f b\u00fckme pimleri ve a\u00e7\u0131s\u0131 ayarlanabilir kontrol d\u00fc\u011fmeleri ile donat\u0131lm\u0131\u015f olan GF36, 0\u00b0 ila 180\u00b0 aras\u0131nda tekrarlanabilir b\u00fckme sa\u011flar. Bu makine, sabit tork \u00fcretmek i\u00e7in y\u00fcksek performansl\u0131 bak\u0131r \u00e7ekirdekli bir motor kullan\u0131r, \u00e7elik geri tepmesini azalt\u0131r ve partiler aras\u0131nda tek tip \u00fczengi \u015fekilleri sa\u011flar.<\/p>\n<p data-start=\"1223\" data-end=\"1399\">S\u0131zd\u0131rmaz di\u015fli kutusu sistemi a\u015f\u0131nmay\u0131 ve \u00e7al\u0131\u015fma g\u00fcr\u00fclt\u00fcs\u00fcn\u00fc en aza indirirken, \u00e7ift \u00e7al\u0131\u015fma modu (ayak pedal\u0131 ve el kumandas\u0131) operat\u00f6re esneklik ve geli\u015fmi\u015f g\u00fcvenlik sa\u011flar.<\/p>\n<h3 data-start=\"1406\" data-end=\"1445\">K\u00fcresel \u0130\u015f Sahalar\u0131 i\u00e7in Zorlu Yap\u0131<\/h3>\n<p data-start=\"1447\" data-end=\"1824\">Bu <strong data-start=\"1451\" data-end=\"1483\">GF36 \u00fczengi b\u00fckme makinesi<\/strong> Titre\u015fimi emecek ve y\u00fck alt\u0131nda deformasyona direnecek \u015fekilde in\u015fa edilmi\u015f a\u011f\u0131r hizmet tipi bir \u00e7er\u00e7eveye sahiptir. End\u00fcstriyel s\u0131n\u0131f tekerlekler sayesinde kolayca hareket eder ve yeniden konumland\u0131rmay\u0131 zahmetsiz hale getirir. Hem 220V hem de 380V, 50Hz\/60Hz voltaj sistemlerini destekledi\u011finden uluslararas\u0131 in\u015faat pazarlar\u0131nda kullan\u0131lmak \u00fczere ihracata haz\u0131r bir \u00fcr\u00fcnd\u00fcr.<\/p>\n<p data-start=\"1826\" data-end=\"1973\">\u0130ster sahada ister \u00f6zel bir in\u015faat demiri at\u00f6lyesinde etriye imal ediyor olun, GF36 \u00fcretimin devam etmesini sa\u011flayacak performans ve dayan\u0131kl\u0131l\u0131\u011f\u0131 sunar.<\/p>\n<h3 data-start=\"1980\" data-end=\"2036\">Demir \u00dczengi B\u00fck\u00fcc\u00fc GF36'n\u0131n Temel \u00d6zellikleri<\/h3>\n<ul data-start=\"2038\" data-end=\"2266\">\n<li data-start=\"2038\" data-end=\"2093\">\n<p data-start=\"2040\" data-end=\"2093\">6-32 mm \u00e7elik \u00e7ubuklar\u0131 hassas etriye formlar\u0131na b\u00fcker<\/p>\n<\/li>\n<li data-start=\"2094\" data-end=\"2152\">\n<p data-start=\"2096\" data-end=\"2152\">Y\u00fcksek \u00e7\u0131k\u0131\u015fl\u0131 \u00e7al\u0131\u015fma i\u00e7in g\u00fc\u00e7l\u00fc motor ve disk sistemi<\/p>\n<\/li>\n<li data-start=\"2153\" data-end=\"2208\">\n<p data-start=\"2155\" data-end=\"2208\">Esnek \u00e7al\u0131\u015fma ko\u015fullar\u0131 i\u00e7in iki kontrol se\u00e7ene\u011fi<\/p>\n<\/li>\n<li data-start=\"2209\" data-end=\"2266\">\n<p data-start=\"2211\" data-end=\"2266\">\u0130hracat veya yerel projelerde kullan\u0131m i\u00e7in uyarlanabilir voltaj<\/p>\n<\/li>\n<\/ul>\n<p><iframe title=\"#in\u015faat #in\u015faat i\u015f\u00e7isi #rebarmachine #rebarbender #rebarb\u00fckme\" width=\"720\" height=\"405\" src=\"https:\/\/www.youtube.com\/embed\/S_YQidcqUDg?feature=oembed\" frameborder=\"0\" allow=\"accelerometer; autoplay; clipboard-write; encrypted-media; gyroscope; picture-in-picture; web-share\" referrerpolicy=\"strict-origin-when-cross-origin\" allowfullscreen><\/iframe><\/p>","protected":false},"excerpt":{"rendered":"<p>GF36 Demir \u00dczengi B\u00fckme Makinesi, 6-32 mm \u00e7elik \u00e7ubuklar\u0131 g\u00fc\u00e7 ve hassasiyetle \u015fekillendirir. End\u00fcstriyel tasar\u0131m\u0131 ve k\u00fcresel voltaj uyumlulu\u011fu, onu ciddi g\u00fc\u00e7lendirme i\u015fleri i\u00e7in ideal hale getirir.<\/p>","protected":false},"featured_media":8972,"template":"","meta":{"_kad_post_transparent":"default","_kad_post_title":"","_kad_post_layout":"default","_kad_post_sidebar_id":"","_kad_post_content_style":"default","_kad_post_vertical_padding":"default","_kad_post_feature":"","_kad_post_feature_position":"","_kad_post_header":false,"_kad_post_footer":false},"product_brand":[],"product_cat":[46],"product_tag":[1005,1006,1010,1008,1009,1013,1012,1014,1007,1011],"class_list":{"0":"post-8971","1":"product","2":"type-product","3":"status-publish","4":"has-post-thumbnail","6":"product_cat-rebar-stirrup-bending-machine","7":"product_tag-automatic-stirrup-bending-machine","8":"product_tag-cnc-rebar-stirrup-bender","9":"product_tag-hydraulic-stirrup-bender","10":"product_tag-rebar-stirrup-bender-machine","11":"product_tag-steel-stirrup-bending-machine","12":"product_tag-stirrup-bender-for-construction","13":"product_tag-stirrup-bending-equipment","14":"product_tag-stirrup-bending-machine-price","15":"product_tag-stirrup-making-machine","16":"product_tag-wire-stirrup-bending-machine","18":"first","19":"instock","20":"shipping-taxable","21":"product-type-simple","22":"entry","23":"content-bg","24":"loop-entry"},"yoast_head":"<!-- This site is optimized with the Yoast SEO plugin v25.3.1 - https:\/\/yoast.com\/wordpress\/plugins\/seo\/ -->\n<title>Rebar Stirrup Bending Machine GF36 - HSY Construction Machinery<\/title>\n<meta name=\"description\" content=\"Rebar Stirrup Bending Machine GF36 bends 6\u201332mm steel bars efficiently. A rugged, export-ready machine for reliable stirrup forming in construction and precast applications.\" \/>\n<meta name=\"robots\" content=\"index, follow, max-snippet:-1, max-image-preview:large, max-video-preview:-1\" \/>\n<link rel=\"canonical\" href=\"https:\/\/www.hsymachinery.com\/tr\/product\/insaat-demiri-uzengi-bukme-makinesi-gf36\/\" \/>\n<meta property=\"og:locale\" content=\"tr_TR\" \/>\n<meta property=\"og:type\" content=\"article\" \/>\n<meta property=\"og:title\" content=\"Rebar Stirrup Bending Machine GF36 - HSY Construction Machinery\" \/>\n<meta property=\"og:description\" content=\"Rebar Stirrup Bending Machine GF36 bends 6\u201332mm steel bars efficiently. A rugged, export-ready machine for reliable stirrup forming in construction and precast applications.\" \/>\n<meta property=\"og:url\" content=\"https:\/\/www.hsymachinery.com\/tr\/product\/insaat-demiri-uzengi-bukme-makinesi-gf36\/\" \/>\n<meta property=\"og:site_name\" content=\"HSY Construction Machinery\" \/>\n<meta property=\"article:modified_time\" content=\"2025-06-27T11:28:55+00:00\" \/>\n<meta property=\"og:image\" content=\"https:\/\/www.hsymachinery.com\/wp-content\/uploads\/2025\/06\/Rebar-Stirrup-Bending-Machine-GF36.jpg\" \/>\n\t<meta property=\"og:image:width\" content=\"600\" \/>\n\t<meta property=\"og:image:height\" content=\"600\" \/>\n\t<meta property=\"og:image:type\" content=\"image\/jpeg\" \/>\n<meta name=\"twitter:card\" content=\"summary_large_image\" \/>\n<meta name=\"twitter:label1\" content=\"Tahmini okuma s\u00fcresi\" \/>\n\t<meta name=\"twitter:data1\" content=\"2 dakika\" \/>\n<script type=\"application\/ld+json\" class=\"yoast-schema-graph\">{\"@context\":\"https:\/\/schema.org\",\"@graph\":[{\"@type\":\"WebPage\",\"@id\":\"https:\/\/www.hsymachinery.com\/product\/rebar-stirrup-bending-machine-gf36\/\",\"url\":\"https:\/\/www.hsymachinery.com\/product\/rebar-stirrup-bending-machine-gf36\/\",\"name\":\"Rebar Stirrup Bending Machine GF36 - HSY Construction Machinery\",\"isPartOf\":{\"@id\":\"https:\/\/www.hsymachinery.com\/#website\"},\"primaryImageOfPage\":{\"@id\":\"https:\/\/www.hsymachinery.com\/product\/rebar-stirrup-bending-machine-gf36\/#primaryimage\"},\"image\":{\"@id\":\"https:\/\/www.hsymachinery.com\/product\/rebar-stirrup-bending-machine-gf36\/#primaryimage\"},\"thumbnailUrl\":\"https:\/\/www.hsymachinery.com\/wp-content\/uploads\/2025\/06\/Rebar-Stirrup-Bending-Machine-GF36.jpg\",\"datePublished\":\"2025-06-18T04:11:02+00:00\",\"dateModified\":\"2025-06-27T11:28:55+00:00\",\"description\":\"Rebar Stirrup Bending Machine GF36 bends 6\u201332mm steel bars efficiently. A rugged, export-ready machine for reliable stirrup forming in construction and precast applications.\",\"breadcrumb\":{\"@id\":\"https:\/\/www.hsymachinery.com\/product\/rebar-stirrup-bending-machine-gf36\/#breadcrumb\"},\"inLanguage\":\"tr\",\"potentialAction\":[{\"@type\":\"ReadAction\",\"target\":[\"https:\/\/www.hsymachinery.com\/product\/rebar-stirrup-bending-machine-gf36\/\"]}]},{\"@type\":\"ImageObject\",\"inLanguage\":\"tr\",\"@id\":\"https:\/\/www.hsymachinery.com\/product\/rebar-stirrup-bending-machine-gf36\/#primaryimage\",\"url\":\"https:\/\/www.hsymachinery.com\/wp-content\/uploads\/2025\/06\/Rebar-Stirrup-Bending-Machine-GF36.jpg\",\"contentUrl\":\"https:\/\/www.hsymachinery.com\/wp-content\/uploads\/2025\/06\/Rebar-Stirrup-Bending-Machine-GF36.jpg\",\"width\":600,\"height\":600},{\"@type\":\"BreadcrumbList\",\"@id\":\"https:\/\/www.hsymachinery.com\/product\/rebar-stirrup-bending-machine-gf36\/#breadcrumb\",\"itemListElement\":[{\"@type\":\"ListItem\",\"position\":1,\"name\":\"home\",\"item\":\"https:\/\/www.hsymachinery.com\/\"},{\"@type\":\"ListItem\",\"position\":2,\"name\":\"products\",\"item\":\"https:\/\/www.hsymachinery.com\/products\/\"},{\"@type\":\"ListItem\",\"position\":3,\"name\":\"Rebar Stirrup Bending Machine GF36\"}]},{\"@type\":\"WebSite\",\"@id\":\"https:\/\/www.hsymachinery.com\/#website\",\"url\":\"https:\/\/www.hsymachinery.com\/\",\"name\":\"HSY Construction Machinery\",\"description\":\"HSY Machinery \u2013 A leading China construction machinery supplier, offering a wide range of light construction equipment. Our main products include Rebar Cutting Machine, Rebar Bending Machine, Rebar Stirrup Bending Machine, Rebar Arc Bending Machine, Rebar Straightening Machine, Five-Head Rebar Stirrup Bending Machine, Tamping Rammer, Plate Compactor, Concrete Cutter, Power Trowel, and other construction machinery. We are equipped with advanced CNC machines, and we enforce strict quality inspection standards along with comprehensive after-sales service. If you are interested in our products or services, we warmly welcome your inquiries via message.\",\"publisher\":{\"@id\":\"https:\/\/www.hsymachinery.com\/#organization\"},\"potentialAction\":[{\"@type\":\"SearchAction\",\"target\":{\"@type\":\"EntryPoint\",\"urlTemplate\":\"https:\/\/www.hsymachinery.com\/?s={search_term_string}\"},\"query-input\":{\"@type\":\"PropertyValueSpecification\",\"valueRequired\":true,\"valueName\":\"search_term_string\"}}],\"inLanguage\":\"tr\"},{\"@type\":\"Organization\",\"@id\":\"https:\/\/www.hsymachinery.com\/#organization\",\"name\":\"HSY Construction Machinery\",\"url\":\"https:\/\/www.hsymachinery.com\/\",\"logo\":{\"@type\":\"ImageObject\",\"inLanguage\":\"tr\",\"@id\":\"https:\/\/www.hsymachinery.com\/#\/schema\/logo\/image\/\",\"url\":\"https:\/\/www.hsymachinery.com\/wp-content\/uploads\/2025\/06\/cropped-HSY-machinery.png\",\"contentUrl\":\"https:\/\/www.hsymachinery.com\/wp-content\/uploads\/2025\/06\/cropped-HSY-machinery.png\",\"width\":600,\"height\":240,\"caption\":\"HSY Construction Machinery\"},\"image\":{\"@id\":\"https:\/\/www.hsymachinery.com\/#\/schema\/logo\/image\/\"}}]}<\/script>\n<!-- \/ Yoast SEO plugin. -->","yoast_head_json":{"title":"Demir \u00dczengi B\u00fckme Makinas\u0131 GF36 - HSY \u0130n\u015faat Makinalar\u0131","description":"\u0130n\u015faat Demiri Etriye B\u00fckme Makinesi GF36, 6-32 mm \u00e7elik \u00e7ubuklar\u0131 verimli bir \u015fekilde b\u00fcker. \u0130n\u015faat ve prekast uygulamalar\u0131nda g\u00fcvenilir etriye \u015fekillendirme i\u00e7in sa\u011flam, ihracata haz\u0131r bir makine.","robots":{"index":"index","follow":"follow","max-snippet":"max-snippet:-1","max-image-preview":"max-image-preview:large","max-video-preview":"max-video-preview:-1"},"canonical":"https:\/\/www.hsymachinery.com\/tr\/product\/insaat-demiri-uzengi-bukme-makinesi-gf36\/","og_locale":"tr_TR","og_type":"article","og_title":"Rebar Stirrup Bending Machine GF36 - HSY Construction Machinery","og_description":"Rebar Stirrup Bending Machine GF36 bends 6\u201332mm steel bars efficiently. A rugged, export-ready machine for reliable stirrup forming in construction and precast applications.","og_url":"https:\/\/www.hsymachinery.com\/tr\/product\/insaat-demiri-uzengi-bukme-makinesi-gf36\/","og_site_name":"HSY Construction Machinery","article_modified_time":"2025-06-27T11:28:55+00:00","og_image":[{"width":600,"height":600,"url":"https:\/\/www.hsymachinery.com\/wp-content\/uploads\/2025\/06\/Rebar-Stirrup-Bending-Machine-GF36.jpg","type":"image\/jpeg"}],"twitter_card":"summary_large_image","twitter_misc":{"Tahmini okuma s\u00fcresi":"2 dakika"},"schema":{"@context":"https:\/\/schema.org","@graph":[{"@type":"WebPage","@id":"https:\/\/www.hsymachinery.com\/product\/rebar-stirrup-bending-machine-gf36\/","url":"https:\/\/www.hsymachinery.com\/product\/rebar-stirrup-bending-machine-gf36\/","name":"Demir \u00dczengi B\u00fckme Makinas\u0131 GF36 - HSY \u0130n\u015faat Makinalar\u0131","isPartOf":{"@id":"https:\/\/www.hsymachinery.com\/#website"},"primaryImageOfPage":{"@id":"https:\/\/www.hsymachinery.com\/product\/rebar-stirrup-bending-machine-gf36\/#primaryimage"},"image":{"@id":"https:\/\/www.hsymachinery.com\/product\/rebar-stirrup-bending-machine-gf36\/#primaryimage"},"thumbnailUrl":"https:\/\/www.hsymachinery.com\/wp-content\/uploads\/2025\/06\/Rebar-Stirrup-Bending-Machine-GF36.jpg","datePublished":"2025-06-18T04:11:02+00:00","dateModified":"2025-06-27T11:28:55+00:00","description":"\u0130n\u015faat Demiri Etriye B\u00fckme Makinesi GF36, 6-32 mm \u00e7elik \u00e7ubuklar\u0131 verimli bir \u015fekilde b\u00fcker. \u0130n\u015faat ve prekast uygulamalar\u0131nda g\u00fcvenilir etriye \u015fekillendirme i\u00e7in sa\u011flam, ihracata haz\u0131r bir makine.","breadcrumb":{"@id":"https:\/\/www.hsymachinery.com\/product\/rebar-stirrup-bending-machine-gf36\/#breadcrumb"},"inLanguage":"tr","potentialAction":[{"@type":"ReadAction","target":["https:\/\/www.hsymachinery.com\/product\/rebar-stirrup-bending-machine-gf36\/"]}]},{"@type":"ImageObject","inLanguage":"tr","@id":"https:\/\/www.hsymachinery.com\/product\/rebar-stirrup-bending-machine-gf36\/#primaryimage","url":"https:\/\/www.hsymachinery.com\/wp-content\/uploads\/2025\/06\/Rebar-Stirrup-Bending-Machine-GF36.jpg","contentUrl":"https:\/\/www.hsymachinery.com\/wp-content\/uploads\/2025\/06\/Rebar-Stirrup-Bending-Machine-GF36.jpg","width":600,"height":600},{"@type":"BreadcrumbList","@id":"https:\/\/www.hsymachinery.com\/product\/rebar-stirrup-bending-machine-gf36\/#breadcrumb","itemListElement":[{"@type":"ListItem","position":1,"name":"home","item":"https:\/\/www.hsymachinery.com\/"},{"@type":"ListItem","position":2,"name":"products","item":"https:\/\/www.hsymachinery.com\/products\/"},{"@type":"ListItem","position":3,"name":"Rebar Stirrup Bending Machine GF36"}]},{"@type":"WebSite","@id":"https:\/\/www.hsymachinery.com\/#website","url":"https:\/\/www.hsymachinery.com\/","name":"HSY \u0130n\u015faat Makineleri","description":"HSY Machinery - \u00c7ok \u00e7e\u015fitli hafif in\u015faat ekipmanlar\u0131 sunan lider bir \u00c7in in\u015faat makineleri tedarik\u00e7isi. Ba\u015fl\u0131ca \u00fcr\u00fcnlerimiz aras\u0131nda Demir Kesme Makinesi, Demir B\u00fckme Makinesi, Demir \u00dczengi B\u00fckme Makinesi, Demir Ark B\u00fckme Makinesi, Demir Do\u011frultma Makinesi, Be\u015f Kafal\u0131 Demir \u00dczengi B\u00fckme Makinesi, S\u0131k\u0131\u015ft\u0131rma Tokma\u011f\u0131, Plaka Kompakt\u00f6r\u00fc, Beton Kesici, Elektrikli Mala ve di\u011fer in\u015faat makineleri bulunmaktad\u0131r. Geli\u015fmi\u015f CNC makineleri ile donat\u0131lm\u0131\u015ft\u0131r ve kapsaml\u0131 sat\u0131\u015f sonras\u0131 hizmet ile birlikte s\u0131k\u0131 kalite kontrol standartlar\u0131n\u0131 uyguluyoruz. \u00dcr\u00fcnlerimiz veya hizmetlerimizle ilgileniyorsan\u0131z, sorular\u0131n\u0131z\u0131 mesaj yoluyla s\u0131cak bir \u015fekilde kar\u015f\u0131l\u0131yoruz.","publisher":{"@id":"https:\/\/www.hsymachinery.com\/#organization"},"potentialAction":[{"@type":"SearchAction","target":{"@type":"EntryPoint","urlTemplate":"https:\/\/www.hsymachinery.com\/?s={search_term_string}"},"query-input":{"@type":"PropertyValueSpecification","valueRequired":true,"valueName":"search_term_string"}}],"inLanguage":"tr"},{"@type":"Organization","@id":"https:\/\/www.hsymachinery.com\/#organization","name":"HSY \u0130n\u015faat Makineleri","url":"https:\/\/www.hsymachinery.com\/","logo":{"@type":"ImageObject","inLanguage":"tr","@id":"https:\/\/www.hsymachinery.com\/#\/schema\/logo\/image\/","url":"https:\/\/www.hsymachinery.com\/wp-content\/uploads\/2025\/06\/cropped-HSY-machinery.png","contentUrl":"https:\/\/www.hsymachinery.com\/wp-content\/uploads\/2025\/06\/cropped-HSY-machinery.png","width":600,"height":240,"caption":"HSY Construction Machinery"},"image":{"@id":"https:\/\/www.hsymachinery.com\/#\/schema\/logo\/image\/"}}]}},"_links":{"self":[{"href":"https:\/\/www.hsymachinery.com\/tr\/wp-json\/wp\/v2\/product\/8971","targetHints":{"allow":["GET"]}}],"collection":[{"href":"https:\/\/www.hsymachinery.com\/tr\/wp-json\/wp\/v2\/product"}],"about":[{"href":"https:\/\/www.hsymachinery.com\/tr\/wp-json\/wp\/v2\/types\/product"}],"version-history":[{"count":3,"href":"https:\/\/www.hsymachinery.com\/tr\/wp-json\/wp\/v2\/product\/8971\/revisions"}],"predecessor-version":[{"id":9385,"href":"https:\/\/www.hsymachinery.com\/tr\/wp-json\/wp\/v2\/product\/8971\/revisions\/9385"}],"wp:featuredmedia":[{"embeddable":true,"href":"https:\/\/www.hsymachinery.com\/tr\/wp-json\/wp\/v2\/media\/8972"}],"wp:attachment":[{"href":"https:\/\/www.hsymachinery.com\/tr\/wp-json\/wp\/v2\/media?parent=8971"}],"wp:term":[{"taxonomy":"product_brand","embeddable":true,"href":"https:\/\/www.hsymachinery.com\/tr\/wp-json\/wp\/v2\/product_brand?post=8971"},{"taxonomy":"product_cat","embeddable":true,"href":"https:\/\/www.hsymachinery.com\/tr\/wp-json\/wp\/v2\/product_cat?post=8971"},{"taxonomy":"product_tag","embeddable":true,"href":"https:\/\/www.hsymachinery.com\/tr\/wp-json\/wp\/v2\/product_tag?post=8971"}],"curies":[{"name":"wp","href":"https:\/\/api.w.org\/{rel}","templated":true}]}}