{"id":8968,"date":"2025-06-18T12:10:02","date_gmt":"2025-06-18T04:10:02","guid":{"rendered":"https:\/\/www.hsymachinery.com\/?post_type=product&#038;p=8968"},"modified":"2025-06-27T19:29:41","modified_gmt":"2025-06-27T11:29:41","slug":"insaat-demiri-uzengi-bukme-makinesi-gf32","status":"publish","type":"product","link":"https:\/\/www.hsymachinery.com\/tr\/product\/insaat-demiri-uzengi-bukme-makinesi-gf32\/","title":{"rendered":"Demir \u00dczengi B\u00fckme Makinesi GF32"},"content":{"rendered":"<h2 data-start=\"100\" data-end=\"142\">Demir \u00dczengi B\u00fckme Makinesi GF32<\/h2>\n<h3 data-start=\"143\" data-end=\"266\">6-28mm \u00c7ubuklar i\u00e7in Otomatik \u00dczengi B\u00fckme Makinesi GF32 | Yap\u0131sal Demir \u0130\u015fleme i\u00e7in Verimli \u00c7elik \u00dczengi Olu\u015fturucu<\/h3>\n<h3 data-start=\"143\" data-end=\"266\">\u00dcr\u00fcne Genel Bak\u0131\u015f - B\u00fcy\u00fck \u00d6l\u00e7ekli \u0130n\u015faat Projeleri i\u00e7in Kolayla\u015ft\u0131r\u0131lm\u0131\u015f Etriye \u00dcretimi<\/h3>\n<p data-start=\"369\" data-end=\"650\">Bu <strong data-start=\"373\" data-end=\"411\"><a href=\"https:\/\/www.hsymachinery.com\/tr\/urunler\/insaat-demiri-uzengi-bukme-makinesi\/\" target=\"_blank\" rel=\"noopener\">Demir \u00dczengi B\u00fckme Makinas\u0131<\/a> GF32<\/strong> 6mm ila 28mm \u00e7elik \u00e7ubuklar\u0131 \u00e7e\u015fitli \u015fekillerde etriyeler halinde \u015fekillendirmek i\u00e7in tasarlanm\u0131\u015ft\u0131r. T\u00fcneller, k\u00f6pr\u00fcler, otoyollar ve y\u00fcksek b\u00fckme kapasitesi ve do\u011fruluk gerektiren di\u011fer altyap\u0131lar \u00fczerinde \u00e7al\u0131\u015fan in\u015faat profesyonellerine hizmet eder.<\/p>\n<p data-start=\"652\" data-end=\"834\">GF32, sa\u011flam yap\u0131s\u0131n\u0131 operat\u00f6r dostu kontrollerle birle\u015ftirerek hem mobil hem de sabit ortamlarda y\u00fcksek verimli etriye \u00fcretimi i\u00e7in ideal bir \u00e7\u00f6z\u00fcmd\u00fcr.<\/p>\n<h3 data-start=\"841\" data-end=\"896\">Yumu\u015fak A\u00e7\u0131 Ge\u00e7i\u015fleri ile Y\u00fcksek Tork \u00c7\u0131k\u0131\u015f\u0131<\/h3>\n<p data-start=\"898\" data-end=\"1169\">End\u00fcstriyel s\u0131n\u0131f motoru ve g\u00fc\u00e7lendirilmi\u015f b\u00fckme diski sayesinde GF32, a\u011f\u0131r i\u015f y\u00fckleri alt\u0131nda istikrarl\u0131 ve g\u00fc\u00e7l\u00fc bir performans sunar. Ayarlanabilir a\u00e7\u0131 s\u0131n\u0131rlay\u0131c\u0131lar\u0131, kullan\u0131c\u0131lar\u0131n her d\u00f6ng\u00fcden sonra yeniden kalibrasyon gerektirmeden \u00e7ubuklar\u0131 180 dereceye kadar b\u00fckmelerine olanak tan\u0131r.<\/p>\n<p data-start=\"1171\" data-end=\"1420\">\u00dcretkenli\u011fi desteklemek i\u00e7in makine minimum titre\u015fimle \u00e7al\u0131\u015f\u0131rken, s\u0131zd\u0131rmaz di\u015fli kutusu \u00e7ok az bak\u0131mla dayan\u0131kl\u0131l\u0131k sa\u011flar. Kullan\u0131c\u0131lar, \u00e7al\u0131\u015fma ko\u015fullar\u0131na ba\u011fl\u0131 olarak manuel mod veya ayak pedal\u0131yla \u00e7al\u0131\u015ft\u0131rma aras\u0131nda se\u00e7im yapabilir.<\/p>\n<h3 data-start=\"1427\" data-end=\"1480\">Uzun \u00d6m\u00fcrl\u00fcl\u00fck ve K\u00fcresel G\u00fc\u00e7 Standartlar\u0131 i\u00e7in \u00dcretildi<\/h3>\n<p data-start=\"1482\" data-end=\"1767\">Kaynakl\u0131 \u00e7elik g\u00f6vdesi ve titre\u015fim s\u00f6n\u00fcmleyici \u00e7er\u00e7evesi ile GF32, zorlu i\u015f sahas\u0131 kullan\u0131m\u0131na dayan\u0131r. A\u011f\u0131r hizmet tipi tekerlekler, yer de\u011fi\u015ftirmeyi h\u0131zl\u0131 ve basit hale getirir. En \u00f6nemlisi, 220V veya 380V g\u00fc\u00e7 sistemleriyle (50Hz\/60Hz) uyumlulu\u011fu onu ihracata haz\u0131r ve d\u00fcnya \u00e7ap\u0131nda kullan\u0131labilir hale getirir.<\/p>\n<p data-start=\"1769\" data-end=\"1894\">Hassasiyet ve g\u00fc\u00e7 dengesi, GF32'yi hem \u00e7elik at\u00f6lyelerinde hem de \u015fantiyelerde g\u00fcvenilir bir ara\u00e7 haline getirir.<\/p>\n<h3 data-start=\"1901\" data-end=\"1957\">Demir \u00dczengi B\u00fck\u00fcc\u00fc GF32'nin Temel \u00d6zellikleri<\/h3>\n<ul data-start=\"1959\" data-end=\"2179\">\n<li data-start=\"1959\" data-end=\"2018\">\n<p data-start=\"1961\" data-end=\"2018\">H\u0131zl\u0131 etriye \u00fcretimi i\u00e7in 6-28 mm \u00e7ubuk \u00e7ap\u0131n\u0131 i\u015fler<\/p>\n<\/li>\n<li data-start=\"2019\" data-end=\"2069\">\n<p data-start=\"2021\" data-end=\"2069\">Temiz, d\u00fczg\u00fcn b\u00fck\u00fcmlerle g\u00fc\u00e7l\u00fc tork \u00e7\u0131k\u0131\u015f\u0131<\/p>\n<\/li>\n<li data-start=\"2070\" data-end=\"2116\">\n<p data-start=\"2072\" data-end=\"2116\">\u00c7ift kontrol se\u00e7ene\u011fi ile basit kullan\u0131m<\/p>\n<\/li>\n<li data-start=\"2117\" data-end=\"2179\">\n<p data-start=\"2119\" data-end=\"2179\">K\u00fcresel pazarlar i\u00e7in uluslararas\u0131 voltaj gereksinimlerine uygundur<\/p>\n<\/li>\n<\/ul>\n<p><iframe title=\"2023\u5e748\u67086\u65e5\" width=\"720\" height=\"405\" src=\"https:\/\/www.youtube.com\/embed\/LeishYuXLvc?feature=oembed\" frameborder=\"0\" allow=\"accelerometer; autoplay; clipboard-write; encrypted-media; gyroscope; picture-in-picture; web-share\" referrerpolicy=\"strict-origin-when-cross-origin\" allowfullscreen><\/iframe><\/p>","protected":false},"excerpt":{"rendered":"<p>GF32 Demir \u00dczengi B\u00fckme Makinesi, 6-28 mm \u00e7ubuklar\u0131 do\u011fruluk ve torkla \u015fekillendirir. K\u00fcresel kullan\u0131m i\u00e7in tasarlanan bu makine, k\u00f6pr\u00fcler, t\u00fcneller ve y\u00fcksek katl\u0131 in\u015faatlarda g\u00fc\u00e7lendirme i\u00e7in idealdir.<\/p>","protected":false},"featured_media":8969,"template":"","meta":{"_kad_post_transparent":"default","_kad_post_title":"","_kad_post_layout":"default","_kad_post_sidebar_id":"","_kad_post_content_style":"default","_kad_post_vertical_padding":"default","_kad_post_feature":"","_kad_post_feature_position":"","_kad_post_header":false,"_kad_post_footer":false},"product_brand":[],"product_cat":[46],"product_tag":[1005,1006,1010,1008,1009,1013,1012,1014,1007,1011],"class_list":{"0":"post-8968","1":"product","2":"type-product","3":"status-publish","4":"has-post-thumbnail","6":"product_cat-rebar-stirrup-bending-machine","7":"product_tag-automatic-stirrup-bending-machine","8":"product_tag-cnc-rebar-stirrup-bender","9":"product_tag-hydraulic-stirrup-bender","10":"product_tag-rebar-stirrup-bender-machine","11":"product_tag-steel-stirrup-bending-machine","12":"product_tag-stirrup-bender-for-construction","13":"product_tag-stirrup-bending-equipment","14":"product_tag-stirrup-bending-machine-price","15":"product_tag-stirrup-making-machine","16":"product_tag-wire-stirrup-bending-machine","18":"first","19":"instock","20":"shipping-taxable","21":"product-type-simple","22":"entry","23":"content-bg","24":"loop-entry"},"yoast_head":"<!-- This site is optimized with the Yoast SEO plugin v25.3.1 - https:\/\/yoast.com\/wordpress\/plugins\/seo\/ -->\n<title>Rebar Stirrup Bending Machine GF32 - HSY Construction Machinery<\/title>\n<meta name=\"description\" content=\"Rebar Stirrup Bending Machine GF32 processes 6\u201328mm rebar into stirrups efficiently. Built for industrial construction and compatible with international voltage.\" \/>\n<meta name=\"robots\" content=\"index, follow, max-snippet:-1, max-image-preview:large, max-video-preview:-1\" \/>\n<link rel=\"canonical\" href=\"https:\/\/www.hsymachinery.com\/tr\/product\/insaat-demiri-uzengi-bukme-makinesi-gf32\/\" \/>\n<meta property=\"og:locale\" content=\"tr_TR\" \/>\n<meta property=\"og:type\" content=\"article\" \/>\n<meta property=\"og:title\" content=\"Rebar Stirrup Bending Machine GF32 - HSY Construction Machinery\" \/>\n<meta property=\"og:description\" content=\"Rebar Stirrup Bending Machine GF32 processes 6\u201328mm rebar into stirrups efficiently. Built for industrial construction and compatible with international voltage.\" \/>\n<meta property=\"og:url\" content=\"https:\/\/www.hsymachinery.com\/tr\/product\/insaat-demiri-uzengi-bukme-makinesi-gf32\/\" \/>\n<meta property=\"og:site_name\" content=\"HSY Construction Machinery\" \/>\n<meta property=\"article:modified_time\" content=\"2025-06-27T11:29:41+00:00\" \/>\n<meta property=\"og:image\" content=\"https:\/\/www.hsymachinery.com\/wp-content\/uploads\/2025\/06\/Rebar-Stirrup-Bending-Machine-GF32.jpg\" \/>\n\t<meta property=\"og:image:width\" content=\"600\" \/>\n\t<meta property=\"og:image:height\" content=\"600\" \/>\n\t<meta property=\"og:image:type\" content=\"image\/jpeg\" \/>\n<meta name=\"twitter:card\" content=\"summary_large_image\" \/>\n<meta name=\"twitter:label1\" content=\"Tahmini okuma s\u00fcresi\" \/>\n\t<meta name=\"twitter:data1\" content=\"2 dakika\" \/>\n<script type=\"application\/ld+json\" class=\"yoast-schema-graph\">{\"@context\":\"https:\/\/schema.org\",\"@graph\":[{\"@type\":\"WebPage\",\"@id\":\"https:\/\/www.hsymachinery.com\/product\/rebar-stirrup-bending-machine-gf32\/\",\"url\":\"https:\/\/www.hsymachinery.com\/product\/rebar-stirrup-bending-machine-gf32\/\",\"name\":\"Rebar Stirrup Bending Machine GF32 - HSY Construction Machinery\",\"isPartOf\":{\"@id\":\"https:\/\/www.hsymachinery.com\/#website\"},\"primaryImageOfPage\":{\"@id\":\"https:\/\/www.hsymachinery.com\/product\/rebar-stirrup-bending-machine-gf32\/#primaryimage\"},\"image\":{\"@id\":\"https:\/\/www.hsymachinery.com\/product\/rebar-stirrup-bending-machine-gf32\/#primaryimage\"},\"thumbnailUrl\":\"https:\/\/www.hsymachinery.com\/wp-content\/uploads\/2025\/06\/Rebar-Stirrup-Bending-Machine-GF32.jpg\",\"datePublished\":\"2025-06-18T04:10:02+00:00\",\"dateModified\":\"2025-06-27T11:29:41+00:00\",\"description\":\"Rebar Stirrup Bending Machine GF32 processes 6\u201328mm rebar into stirrups efficiently. Built for industrial construction and compatible with international voltage.\",\"breadcrumb\":{\"@id\":\"https:\/\/www.hsymachinery.com\/product\/rebar-stirrup-bending-machine-gf32\/#breadcrumb\"},\"inLanguage\":\"tr\",\"potentialAction\":[{\"@type\":\"ReadAction\",\"target\":[\"https:\/\/www.hsymachinery.com\/product\/rebar-stirrup-bending-machine-gf32\/\"]}]},{\"@type\":\"ImageObject\",\"inLanguage\":\"tr\",\"@id\":\"https:\/\/www.hsymachinery.com\/product\/rebar-stirrup-bending-machine-gf32\/#primaryimage\",\"url\":\"https:\/\/www.hsymachinery.com\/wp-content\/uploads\/2025\/06\/Rebar-Stirrup-Bending-Machine-GF32.jpg\",\"contentUrl\":\"https:\/\/www.hsymachinery.com\/wp-content\/uploads\/2025\/06\/Rebar-Stirrup-Bending-Machine-GF32.jpg\",\"width\":600,\"height\":600},{\"@type\":\"BreadcrumbList\",\"@id\":\"https:\/\/www.hsymachinery.com\/product\/rebar-stirrup-bending-machine-gf32\/#breadcrumb\",\"itemListElement\":[{\"@type\":\"ListItem\",\"position\":1,\"name\":\"home\",\"item\":\"https:\/\/www.hsymachinery.com\/\"},{\"@type\":\"ListItem\",\"position\":2,\"name\":\"products\",\"item\":\"https:\/\/www.hsymachinery.com\/products\/\"},{\"@type\":\"ListItem\",\"position\":3,\"name\":\"Rebar Stirrup Bending Machine GF32\"}]},{\"@type\":\"WebSite\",\"@id\":\"https:\/\/www.hsymachinery.com\/#website\",\"url\":\"https:\/\/www.hsymachinery.com\/\",\"name\":\"HSY Construction Machinery\",\"description\":\"HSY Machinery \u2013 A leading China construction machinery supplier, offering a wide range of light construction equipment. Our main products include Rebar Cutting Machine, Rebar Bending Machine, Rebar Stirrup Bending Machine, Rebar Arc Bending Machine, Rebar Straightening Machine, Five-Head Rebar Stirrup Bending Machine, Tamping Rammer, Plate Compactor, Concrete Cutter, Power Trowel, and other construction machinery. We are equipped with advanced CNC machines, and we enforce strict quality inspection standards along with comprehensive after-sales service. If you are interested in our products or services, we warmly welcome your inquiries via message.\",\"publisher\":{\"@id\":\"https:\/\/www.hsymachinery.com\/#organization\"},\"potentialAction\":[{\"@type\":\"SearchAction\",\"target\":{\"@type\":\"EntryPoint\",\"urlTemplate\":\"https:\/\/www.hsymachinery.com\/?s={search_term_string}\"},\"query-input\":{\"@type\":\"PropertyValueSpecification\",\"valueRequired\":true,\"valueName\":\"search_term_string\"}}],\"inLanguage\":\"tr\"},{\"@type\":\"Organization\",\"@id\":\"https:\/\/www.hsymachinery.com\/#organization\",\"name\":\"HSY Construction Machinery\",\"url\":\"https:\/\/www.hsymachinery.com\/\",\"logo\":{\"@type\":\"ImageObject\",\"inLanguage\":\"tr\",\"@id\":\"https:\/\/www.hsymachinery.com\/#\/schema\/logo\/image\/\",\"url\":\"https:\/\/www.hsymachinery.com\/wp-content\/uploads\/2025\/06\/cropped-HSY-machinery.png\",\"contentUrl\":\"https:\/\/www.hsymachinery.com\/wp-content\/uploads\/2025\/06\/cropped-HSY-machinery.png\",\"width\":600,\"height\":240,\"caption\":\"HSY Construction Machinery\"},\"image\":{\"@id\":\"https:\/\/www.hsymachinery.com\/#\/schema\/logo\/image\/\"}}]}<\/script>\n<!-- \/ Yoast SEO plugin. -->","yoast_head_json":{"title":"Demir \u00dczengi B\u00fckme Makinesi GF32 - HSY \u0130n\u015faat Makinalar\u0131","description":"\u0130n\u015faat Demiri Etriye B\u00fckme Makinesi GF32, 6-28 mm in\u015faat demirini verimli bir \u015fekilde etriye haline getirir. End\u00fcstriyel in\u015faat i\u00e7in \u00fcretilmi\u015ftir ve uluslararas\u0131 voltajla uyumludur.","robots":{"index":"index","follow":"follow","max-snippet":"max-snippet:-1","max-image-preview":"max-image-preview:large","max-video-preview":"max-video-preview:-1"},"canonical":"https:\/\/www.hsymachinery.com\/tr\/product\/insaat-demiri-uzengi-bukme-makinesi-gf32\/","og_locale":"tr_TR","og_type":"article","og_title":"Rebar Stirrup Bending Machine GF32 - HSY Construction Machinery","og_description":"Rebar Stirrup Bending Machine GF32 processes 6\u201328mm rebar into stirrups efficiently. Built for industrial construction and compatible with international voltage.","og_url":"https:\/\/www.hsymachinery.com\/tr\/product\/insaat-demiri-uzengi-bukme-makinesi-gf32\/","og_site_name":"HSY Construction Machinery","article_modified_time":"2025-06-27T11:29:41+00:00","og_image":[{"width":600,"height":600,"url":"https:\/\/www.hsymachinery.com\/wp-content\/uploads\/2025\/06\/Rebar-Stirrup-Bending-Machine-GF32.jpg","type":"image\/jpeg"}],"twitter_card":"summary_large_image","twitter_misc":{"Tahmini okuma s\u00fcresi":"2 dakika"},"schema":{"@context":"https:\/\/schema.org","@graph":[{"@type":"WebPage","@id":"https:\/\/www.hsymachinery.com\/product\/rebar-stirrup-bending-machine-gf32\/","url":"https:\/\/www.hsymachinery.com\/product\/rebar-stirrup-bending-machine-gf32\/","name":"Demir \u00dczengi B\u00fckme Makinesi GF32 - HSY \u0130n\u015faat Makinalar\u0131","isPartOf":{"@id":"https:\/\/www.hsymachinery.com\/#website"},"primaryImageOfPage":{"@id":"https:\/\/www.hsymachinery.com\/product\/rebar-stirrup-bending-machine-gf32\/#primaryimage"},"image":{"@id":"https:\/\/www.hsymachinery.com\/product\/rebar-stirrup-bending-machine-gf32\/#primaryimage"},"thumbnailUrl":"https:\/\/www.hsymachinery.com\/wp-content\/uploads\/2025\/06\/Rebar-Stirrup-Bending-Machine-GF32.jpg","datePublished":"2025-06-18T04:10:02+00:00","dateModified":"2025-06-27T11:29:41+00:00","description":"\u0130n\u015faat Demiri Etriye B\u00fckme Makinesi GF32, 6-28 mm in\u015faat demirini verimli bir \u015fekilde etriye haline getirir. End\u00fcstriyel in\u015faat i\u00e7in \u00fcretilmi\u015ftir ve uluslararas\u0131 voltajla uyumludur.","breadcrumb":{"@id":"https:\/\/www.hsymachinery.com\/product\/rebar-stirrup-bending-machine-gf32\/#breadcrumb"},"inLanguage":"tr","potentialAction":[{"@type":"ReadAction","target":["https:\/\/www.hsymachinery.com\/product\/rebar-stirrup-bending-machine-gf32\/"]}]},{"@type":"ImageObject","inLanguage":"tr","@id":"https:\/\/www.hsymachinery.com\/product\/rebar-stirrup-bending-machine-gf32\/#primaryimage","url":"https:\/\/www.hsymachinery.com\/wp-content\/uploads\/2025\/06\/Rebar-Stirrup-Bending-Machine-GF32.jpg","contentUrl":"https:\/\/www.hsymachinery.com\/wp-content\/uploads\/2025\/06\/Rebar-Stirrup-Bending-Machine-GF32.jpg","width":600,"height":600},{"@type":"BreadcrumbList","@id":"https:\/\/www.hsymachinery.com\/product\/rebar-stirrup-bending-machine-gf32\/#breadcrumb","itemListElement":[{"@type":"ListItem","position":1,"name":"home","item":"https:\/\/www.hsymachinery.com\/"},{"@type":"ListItem","position":2,"name":"products","item":"https:\/\/www.hsymachinery.com\/products\/"},{"@type":"ListItem","position":3,"name":"Rebar Stirrup Bending Machine GF32"}]},{"@type":"WebSite","@id":"https:\/\/www.hsymachinery.com\/#website","url":"https:\/\/www.hsymachinery.com\/","name":"HSY \u0130n\u015faat Makineleri","description":"HSY Machinery - \u00c7ok \u00e7e\u015fitli hafif in\u015faat ekipmanlar\u0131 sunan lider bir \u00c7in in\u015faat makineleri tedarik\u00e7isi. Ba\u015fl\u0131ca \u00fcr\u00fcnlerimiz aras\u0131nda Demir Kesme Makinesi, Demir B\u00fckme Makinesi, Demir \u00dczengi B\u00fckme Makinesi, Demir Ark B\u00fckme Makinesi, Demir Do\u011frultma Makinesi, Be\u015f Kafal\u0131 Demir \u00dczengi B\u00fckme Makinesi, S\u0131k\u0131\u015ft\u0131rma Tokma\u011f\u0131, Plaka Kompakt\u00f6r\u00fc, Beton Kesici, Elektrikli Mala ve di\u011fer in\u015faat makineleri bulunmaktad\u0131r. Geli\u015fmi\u015f CNC makineleri ile donat\u0131lm\u0131\u015ft\u0131r ve kapsaml\u0131 sat\u0131\u015f sonras\u0131 hizmet ile birlikte s\u0131k\u0131 kalite kontrol standartlar\u0131n\u0131 uyguluyoruz. \u00dcr\u00fcnlerimiz veya hizmetlerimizle ilgileniyorsan\u0131z, sorular\u0131n\u0131z\u0131 mesaj yoluyla s\u0131cak bir \u015fekilde kar\u015f\u0131l\u0131yoruz.","publisher":{"@id":"https:\/\/www.hsymachinery.com\/#organization"},"potentialAction":[{"@type":"SearchAction","target":{"@type":"EntryPoint","urlTemplate":"https:\/\/www.hsymachinery.com\/?s={search_term_string}"},"query-input":{"@type":"PropertyValueSpecification","valueRequired":true,"valueName":"search_term_string"}}],"inLanguage":"tr"},{"@type":"Organization","@id":"https:\/\/www.hsymachinery.com\/#organization","name":"HSY \u0130n\u015faat Makineleri","url":"https:\/\/www.hsymachinery.com\/","logo":{"@type":"ImageObject","inLanguage":"tr","@id":"https:\/\/www.hsymachinery.com\/#\/schema\/logo\/image\/","url":"https:\/\/www.hsymachinery.com\/wp-content\/uploads\/2025\/06\/cropped-HSY-machinery.png","contentUrl":"https:\/\/www.hsymachinery.com\/wp-content\/uploads\/2025\/06\/cropped-HSY-machinery.png","width":600,"height":240,"caption":"HSY Construction Machinery"},"image":{"@id":"https:\/\/www.hsymachinery.com\/#\/schema\/logo\/image\/"}}]}},"_links":{"self":[{"href":"https:\/\/www.hsymachinery.com\/tr\/wp-json\/wp\/v2\/product\/8968","targetHints":{"allow":["GET"]}}],"collection":[{"href":"https:\/\/www.hsymachinery.com\/tr\/wp-json\/wp\/v2\/product"}],"about":[{"href":"https:\/\/www.hsymachinery.com\/tr\/wp-json\/wp\/v2\/types\/product"}],"version-history":[{"count":4,"href":"https:\/\/www.hsymachinery.com\/tr\/wp-json\/wp\/v2\/product\/8968\/revisions"}],"predecessor-version":[{"id":9386,"href":"https:\/\/www.hsymachinery.com\/tr\/wp-json\/wp\/v2\/product\/8968\/revisions\/9386"}],"wp:featuredmedia":[{"embeddable":true,"href":"https:\/\/www.hsymachinery.com\/tr\/wp-json\/wp\/v2\/media\/8969"}],"wp:attachment":[{"href":"https:\/\/www.hsymachinery.com\/tr\/wp-json\/wp\/v2\/media?parent=8968"}],"wp:term":[{"taxonomy":"product_brand","embeddable":true,"href":"https:\/\/www.hsymachinery.com\/tr\/wp-json\/wp\/v2\/product_brand?post=8968"},{"taxonomy":"product_cat","embeddable":true,"href":"https:\/\/www.hsymachinery.com\/tr\/wp-json\/wp\/v2\/product_cat?post=8968"},{"taxonomy":"product_tag","embeddable":true,"href":"https:\/\/www.hsymachinery.com\/tr\/wp-json\/wp\/v2\/product_tag?post=8968"}],"curies":[{"name":"wp","href":"https:\/\/api.w.org\/{rel}","templated":true}]}}