{"id":8965,"date":"2025-06-18T12:09:00","date_gmt":"2025-06-18T04:09:00","guid":{"rendered":"https:\/\/www.hsymachinery.com\/?post_type=product&#038;p=8965"},"modified":"2025-06-27T17:54:45","modified_gmt":"2025-06-27T09:54:45","slug":"insaat-demiri-uzengi-bukme-makinesi-gf28","status":"publish","type":"product","link":"https:\/\/www.hsymachinery.com\/tr\/product\/insaat-demiri-uzengi-bukme-makinesi-gf28\/","title":{"rendered":"Demir \u00dczengi B\u00fckme Makinesi GF28"},"content":{"rendered":"<h2 data-start=\"100\" data-end=\"142\">Demir \u00dczengi B\u00fckme Makinesi GF28<\/h2>\n<h3 data-start=\"143\" data-end=\"263\">6-22mm Demir i\u00e7in A\u011f\u0131r Hizmet Tipi \u00dczengi B\u00fck\u00fcc\u00fc | Beton G\u00fc\u00e7lendirme i\u00e7in Hassas Demir \u00dczengi B\u00fckme Makinesi GF28<\/h3>\n<h3 data-start=\"270\" data-end=\"362\">\u00a0\u00dcr\u00fcne Genel Bak\u0131\u015f - Kiri\u015f ve D\u00f6\u015feme G\u00fc\u00e7lendirmesi i\u00e7in G\u00fcvenilir Etriye \u015eekillendirme Ekipman\u0131<\/h3>\n<p data-start=\"364\" data-end=\"678\">Bu <strong data-start=\"368\" data-end=\"406\"><a href=\"https:\/\/www.hsymachinery.com\/tr\/urunler\/insaat-demiri-uzengi-bukme-makinesi\/\" target=\"_blank\" rel=\"noopener\">Demir \u00dczengi B\u00fckme Makinas\u0131<\/a> GF28<\/strong> 6mm ila 25mm takviye \u00e7ubuklar\u0131n\u0131 etriye \u015fekillerine b\u00fckmek i\u00e7in h\u0131zl\u0131, g\u00fcvenilir ve tutarl\u0131 bir y\u00f6ntem sunar. A\u011f\u0131r i\u015f sahalar\u0131 i\u00e7in tasarlanan bu makine, altyap\u0131 in\u015faatlar\u0131nda, y\u00fcksek katl\u0131 projelerde ve prefabrik \u00e7elik i\u015flemede yayg\u0131n olarak kullan\u0131lmaktad\u0131r.<\/p>\n<p data-start=\"680\" data-end=\"826\">Sa\u011flam yap\u0131s\u0131, y\u00fcksek g\u00fc\u00e7l\u00fc motoru ve kolay kullan\u0131m\u0131 ile GF28, kiri\u015fler, kolonlar ve plakalar i\u00e7in gerekli etriyeleri \u00fcretmek i\u00e7in idealdir.<\/p>\n<h3 data-start=\"833\" data-end=\"876\">End\u00fcstriyel G\u00fc\u00e7 ile P\u00fcr\u00fczs\u00fcz B\u00fckme<\/h3>\n<p data-start=\"878\" data-end=\"1247\">Bu <strong data-start=\"882\" data-end=\"905\">GF28 \u00fczengi b\u00fck\u00fcc\u00fc<\/strong> y\u00fcksek hassasiyetli bir disk sistemine ve minimum \u00e7abayla do\u011fru \u00fczengi \u015fekilleri olu\u015fturmaya yard\u0131mc\u0131 olan \u00e7ift a\u00e7\u0131l\u0131 durduruculara sahiptir. Operat\u00f6rler kare, dikd\u00f6rtgen veya \u00e7okgen \u00fczengi olu\u015ftururken 180\u00b0'ye kadar tekrarlanabilir a\u00e7\u0131 kontrol\u00fc elde edebilirler. G\u00fc\u00e7l\u00fc bak\u0131r \u00e7ekirdekli motor, uzun s\u00fcreli \u00e7al\u0131\u015fma s\u0131ras\u0131nda sorunsuz ve kesintisiz tork sa\u011flar.<\/p>\n<p data-start=\"1249\" data-end=\"1414\">S\u0131zd\u0131rmaz, ya\u011fla ya\u011flanm\u0131\u015f di\u015fli kutusu g\u00fcr\u00fclt\u00fcy\u00fc azalt\u0131r ve dahili bile\u015fenleri korurken, manuel veya ayak pedal\u0131 kontrol\u00fc kullan\u0131c\u0131lara tam esneklik ve g\u00fcvenlik sa\u011flar.<\/p>\n<h3 data-start=\"1421\" data-end=\"1464\">K\u00fcresel \u0130\u015f Sahalar\u0131nda Performans G\u00f6stermek \u0130\u00e7in \u00dcretildi<\/h3>\n<p data-start=\"1466\" data-end=\"1782\">G\u00fc\u00e7lendirilmi\u015f \u00e7elikten \u00fcretilen GF28, titre\u015fime ve y\u00fcksek torklu bas\u0131nca kar\u015f\u0131 dayan\u0131kl\u0131d\u0131r. End\u00fcstriyel mobilite tekerlekleri \u00e7al\u0131\u015fma b\u00f6lgeleri aras\u0131nda yer de\u011fi\u015ftirmeyi destekler ve voltaj se\u00e7enekleri (220V\/380V, 50Hz\/60Hz) onu Asya, Orta Do\u011fu, Afrika ve G\u00fcney Amerika'daki g\u00fc\u00e7 standartlar\u0131yla uyumlu hale getirir.<\/p>\n<p data-start=\"1784\" data-end=\"1902\">Y\u00fcksek verimlili\u011fi ve kolay \u00f6\u011frenme e\u011frisi sayesinde GF28, \u00fcretkenli\u011fi art\u0131r\u0131rken i\u015fg\u00fcc\u00fc maliyetini d\u00fc\u015f\u00fcrmeye yard\u0131mc\u0131 olur.<\/p>\n<h3 data-start=\"1909\" data-end=\"1965\">Demir \u00dczengi B\u00fck\u00fcc\u00fc GF28'in Temel \u00d6zellikleri<\/h3>\n<ul data-start=\"1967\" data-end=\"2218\">\n<li data-start=\"1967\" data-end=\"2026\">\n<p data-start=\"1969\" data-end=\"2026\">6-25 mm \u00e7elik \u00e7ubuklar\u0131 temiz a\u00e7\u0131larla etriye haline getirir<\/p>\n<\/li>\n<li data-start=\"2027\" data-end=\"2095\">\n<p data-start=\"2029\" data-end=\"2095\">Dayan\u0131kl\u0131 di\u015fli kutusu, end\u00fcstriyel motor ve titre\u015fime dayan\u0131kl\u0131 \u00e7er\u00e7eve<\/p>\n<\/li>\n<li data-start=\"2096\" data-end=\"2152\">\n<p data-start=\"2098\" data-end=\"2152\">\u00c7ift kontrol sistemi: ayak pedal\u0131 ve manuel \u00e7al\u0131\u015ft\u0131rma<\/p>\n<\/li>\n<li data-start=\"2153\" data-end=\"2218\">\n<p data-start=\"2155\" data-end=\"2218\">\u0130hracat ve uluslararas\u0131 da\u011f\u0131t\u0131m i\u00e7in voltaj \u00f6zelle\u015ftirme<\/p>\n<\/li>\n<\/ul>\n<p><iframe title=\"#in\u015faat #in\u015faat i\u015f\u00e7isi #rebarmachine #rebarbender #rebarb\u00fckme\" width=\"720\" height=\"405\" src=\"https:\/\/www.youtube.com\/embed\/lK_ZDXYgtu0?feature=oembed\" frameborder=\"0\" allow=\"accelerometer; autoplay; clipboard-write; encrypted-media; gyroscope; picture-in-picture; web-share\" referrerpolicy=\"strict-origin-when-cross-origin\" allowfullscreen><\/iframe><\/p>","protected":false},"excerpt":{"rendered":"<p data-start=\"2258\" data-end=\"2438\">GF28 \u0130n\u015faat Demiri Etriye B\u00fckme Makinesi, 6-25 mm in\u015faat demirini in\u015faat kullan\u0131m\u0131 i\u00e7in etriye \u015feklinde b\u00fcker. G\u00fc\u00e7l\u00fc motoru ve sa\u011flam \u00e7er\u00e7evesi ile a\u011f\u0131r hizmet ortamlar\u0131nda g\u00fcvenilir bir performans sergiler.<\/p>","protected":false},"featured_media":8966,"template":"","meta":{"_kad_post_transparent":"default","_kad_post_title":"","_kad_post_layout":"default","_kad_post_sidebar_id":"","_kad_post_content_style":"default","_kad_post_vertical_padding":"default","_kad_post_feature":"","_kad_post_feature_position":"","_kad_post_header":false,"_kad_post_footer":false},"product_brand":[],"product_cat":[46],"product_tag":[1005,1006,1010,1008,1009,1013,1012,1014,1007,1011],"class_list":{"0":"post-8965","1":"product","2":"type-product","3":"status-publish","4":"has-post-thumbnail","6":"product_cat-rebar-stirrup-bending-machine","7":"product_tag-automatic-stirrup-bending-machine","8":"product_tag-cnc-rebar-stirrup-bender","9":"product_tag-hydraulic-stirrup-bender","10":"product_tag-rebar-stirrup-bender-machine","11":"product_tag-steel-stirrup-bending-machine","12":"product_tag-stirrup-bender-for-construction","13":"product_tag-stirrup-bending-equipment","14":"product_tag-stirrup-bending-machine-price","15":"product_tag-stirrup-making-machine","16":"product_tag-wire-stirrup-bending-machine","18":"first","19":"instock","20":"featured","21":"shipping-taxable","22":"product-type-simple","23":"entry","24":"content-bg","25":"loop-entry"},"yoast_head":"<!-- This site is optimized with the Yoast SEO plugin v25.3.1 - https:\/\/yoast.com\/wordpress\/plugins\/seo\/ -->\n<title>Rebar Stirrup Bending Machine GF28 - HSY Construction Machinery<\/title>\n<meta name=\"description\" content=\"Rebar Stirrup Bending Machine GF28 bends 6\u201325mm bars into stirrups with speed and precision. Heavy-duty, export-ready, and ideal for beam and slab reinforcement.\" \/>\n<meta name=\"robots\" content=\"index, follow, max-snippet:-1, max-image-preview:large, max-video-preview:-1\" \/>\n<link rel=\"canonical\" href=\"https:\/\/www.hsymachinery.com\/tr\/product\/insaat-demiri-uzengi-bukme-makinesi-gf28\/\" \/>\n<meta property=\"og:locale\" content=\"tr_TR\" \/>\n<meta property=\"og:type\" content=\"article\" \/>\n<meta property=\"og:title\" content=\"Rebar Stirrup Bending Machine GF28 - HSY Construction Machinery\" \/>\n<meta property=\"og:description\" content=\"Rebar Stirrup Bending Machine GF28 bends 6\u201325mm bars into stirrups with speed and precision. Heavy-duty, export-ready, and ideal for beam and slab reinforcement.\" \/>\n<meta property=\"og:url\" content=\"https:\/\/www.hsymachinery.com\/tr\/product\/insaat-demiri-uzengi-bukme-makinesi-gf28\/\" \/>\n<meta property=\"og:site_name\" content=\"HSY Construction Machinery\" \/>\n<meta property=\"article:modified_time\" content=\"2025-06-27T09:54:45+00:00\" \/>\n<meta property=\"og:image\" content=\"https:\/\/www.hsymachinery.com\/wp-content\/uploads\/2025\/06\/Rebar-Stirrup-Bending-Machine-GF28.jpg\" \/>\n\t<meta property=\"og:image:width\" content=\"600\" \/>\n\t<meta property=\"og:image:height\" content=\"600\" \/>\n\t<meta property=\"og:image:type\" content=\"image\/jpeg\" \/>\n<meta name=\"twitter:card\" content=\"summary_large_image\" \/>\n<meta name=\"twitter:label1\" content=\"Tahmini okuma s\u00fcresi\" \/>\n\t<meta name=\"twitter:data1\" content=\"2 dakika\" \/>\n<script type=\"application\/ld+json\" class=\"yoast-schema-graph\">{\"@context\":\"https:\/\/schema.org\",\"@graph\":[{\"@type\":\"WebPage\",\"@id\":\"https:\/\/www.hsymachinery.com\/product\/rebar-stirrup-bending-machine-gf28\/\",\"url\":\"https:\/\/www.hsymachinery.com\/product\/rebar-stirrup-bending-machine-gf28\/\",\"name\":\"Rebar Stirrup Bending Machine GF28 - HSY Construction Machinery\",\"isPartOf\":{\"@id\":\"https:\/\/www.hsymachinery.com\/#website\"},\"primaryImageOfPage\":{\"@id\":\"https:\/\/www.hsymachinery.com\/product\/rebar-stirrup-bending-machine-gf28\/#primaryimage\"},\"image\":{\"@id\":\"https:\/\/www.hsymachinery.com\/product\/rebar-stirrup-bending-machine-gf28\/#primaryimage\"},\"thumbnailUrl\":\"https:\/\/www.hsymachinery.com\/wp-content\/uploads\/2025\/06\/Rebar-Stirrup-Bending-Machine-GF28.jpg\",\"datePublished\":\"2025-06-18T04:09:00+00:00\",\"dateModified\":\"2025-06-27T09:54:45+00:00\",\"description\":\"Rebar Stirrup Bending Machine GF28 bends 6\u201325mm bars into stirrups with speed and precision. Heavy-duty, export-ready, and ideal for beam and slab reinforcement.\",\"breadcrumb\":{\"@id\":\"https:\/\/www.hsymachinery.com\/product\/rebar-stirrup-bending-machine-gf28\/#breadcrumb\"},\"inLanguage\":\"tr\",\"potentialAction\":[{\"@type\":\"ReadAction\",\"target\":[\"https:\/\/www.hsymachinery.com\/product\/rebar-stirrup-bending-machine-gf28\/\"]}]},{\"@type\":\"ImageObject\",\"inLanguage\":\"tr\",\"@id\":\"https:\/\/www.hsymachinery.com\/product\/rebar-stirrup-bending-machine-gf28\/#primaryimage\",\"url\":\"https:\/\/www.hsymachinery.com\/wp-content\/uploads\/2025\/06\/Rebar-Stirrup-Bending-Machine-GF28.jpg\",\"contentUrl\":\"https:\/\/www.hsymachinery.com\/wp-content\/uploads\/2025\/06\/Rebar-Stirrup-Bending-Machine-GF28.jpg\",\"width\":600,\"height\":600},{\"@type\":\"BreadcrumbList\",\"@id\":\"https:\/\/www.hsymachinery.com\/product\/rebar-stirrup-bending-machine-gf28\/#breadcrumb\",\"itemListElement\":[{\"@type\":\"ListItem\",\"position\":1,\"name\":\"home\",\"item\":\"https:\/\/www.hsymachinery.com\/\"},{\"@type\":\"ListItem\",\"position\":2,\"name\":\"products\",\"item\":\"https:\/\/www.hsymachinery.com\/products\/\"},{\"@type\":\"ListItem\",\"position\":3,\"name\":\"Rebar Stirrup Bending Machine GF28\"}]},{\"@type\":\"WebSite\",\"@id\":\"https:\/\/www.hsymachinery.com\/#website\",\"url\":\"https:\/\/www.hsymachinery.com\/\",\"name\":\"HSY Construction Machinery\",\"description\":\"HSY Machinery \u2013 A leading China construction machinery supplier, offering a wide range of light construction equipment. Our main products include Rebar Cutting Machine, Rebar Bending Machine, Rebar Stirrup Bending Machine, Rebar Arc Bending Machine, Rebar Straightening Machine, Five-Head Rebar Stirrup Bending Machine, Tamping Rammer, Plate Compactor, Concrete Cutter, Power Trowel, and other construction machinery. We are equipped with advanced CNC machines, and we enforce strict quality inspection standards along with comprehensive after-sales service. If you are interested in our products or services, we warmly welcome your inquiries via message.\",\"publisher\":{\"@id\":\"https:\/\/www.hsymachinery.com\/#organization\"},\"potentialAction\":[{\"@type\":\"SearchAction\",\"target\":{\"@type\":\"EntryPoint\",\"urlTemplate\":\"https:\/\/www.hsymachinery.com\/?s={search_term_string}\"},\"query-input\":{\"@type\":\"PropertyValueSpecification\",\"valueRequired\":true,\"valueName\":\"search_term_string\"}}],\"inLanguage\":\"tr\"},{\"@type\":\"Organization\",\"@id\":\"https:\/\/www.hsymachinery.com\/#organization\",\"name\":\"HSY Construction Machinery\",\"url\":\"https:\/\/www.hsymachinery.com\/\",\"logo\":{\"@type\":\"ImageObject\",\"inLanguage\":\"tr\",\"@id\":\"https:\/\/www.hsymachinery.com\/#\/schema\/logo\/image\/\",\"url\":\"https:\/\/www.hsymachinery.com\/wp-content\/uploads\/2025\/06\/cropped-HSY-machinery.png\",\"contentUrl\":\"https:\/\/www.hsymachinery.com\/wp-content\/uploads\/2025\/06\/cropped-HSY-machinery.png\",\"width\":600,\"height\":240,\"caption\":\"HSY Construction Machinery\"},\"image\":{\"@id\":\"https:\/\/www.hsymachinery.com\/#\/schema\/logo\/image\/\"}}]}<\/script>\n<!-- \/ Yoast SEO plugin. -->","yoast_head_json":{"title":"Demir \u00dczengi B\u00fckme Makinesi GF28 - HSY \u0130n\u015faat Makinalar\u0131","description":"\u0130n\u015faat Demiri Etriye B\u00fckme Makinesi GF28, 6-25 mm \u00e7ubuklar\u0131 h\u0131zl\u0131 ve hassas bir \u015fekilde etriye haline getirir. A\u011f\u0131r hizmet tipi, ihracata haz\u0131r ve kiri\u015f ve d\u00f6\u015feme takviyesi i\u00e7in idealdir.","robots":{"index":"index","follow":"follow","max-snippet":"max-snippet:-1","max-image-preview":"max-image-preview:large","max-video-preview":"max-video-preview:-1"},"canonical":"https:\/\/www.hsymachinery.com\/tr\/product\/insaat-demiri-uzengi-bukme-makinesi-gf28\/","og_locale":"tr_TR","og_type":"article","og_title":"Rebar Stirrup Bending Machine GF28 - HSY Construction Machinery","og_description":"Rebar Stirrup Bending Machine GF28 bends 6\u201325mm bars into stirrups with speed and precision. Heavy-duty, export-ready, and ideal for beam and slab reinforcement.","og_url":"https:\/\/www.hsymachinery.com\/tr\/product\/insaat-demiri-uzengi-bukme-makinesi-gf28\/","og_site_name":"HSY Construction Machinery","article_modified_time":"2025-06-27T09:54:45+00:00","og_image":[{"width":600,"height":600,"url":"https:\/\/www.hsymachinery.com\/wp-content\/uploads\/2025\/06\/Rebar-Stirrup-Bending-Machine-GF28.jpg","type":"image\/jpeg"}],"twitter_card":"summary_large_image","twitter_misc":{"Tahmini okuma s\u00fcresi":"2 dakika"},"schema":{"@context":"https:\/\/schema.org","@graph":[{"@type":"WebPage","@id":"https:\/\/www.hsymachinery.com\/product\/rebar-stirrup-bending-machine-gf28\/","url":"https:\/\/www.hsymachinery.com\/product\/rebar-stirrup-bending-machine-gf28\/","name":"Demir \u00dczengi B\u00fckme Makinesi GF28 - HSY \u0130n\u015faat Makinalar\u0131","isPartOf":{"@id":"https:\/\/www.hsymachinery.com\/#website"},"primaryImageOfPage":{"@id":"https:\/\/www.hsymachinery.com\/product\/rebar-stirrup-bending-machine-gf28\/#primaryimage"},"image":{"@id":"https:\/\/www.hsymachinery.com\/product\/rebar-stirrup-bending-machine-gf28\/#primaryimage"},"thumbnailUrl":"https:\/\/www.hsymachinery.com\/wp-content\/uploads\/2025\/06\/Rebar-Stirrup-Bending-Machine-GF28.jpg","datePublished":"2025-06-18T04:09:00+00:00","dateModified":"2025-06-27T09:54:45+00:00","description":"\u0130n\u015faat Demiri Etriye B\u00fckme Makinesi GF28, 6-25 mm \u00e7ubuklar\u0131 h\u0131zl\u0131 ve hassas bir \u015fekilde etriye haline getirir. A\u011f\u0131r hizmet tipi, ihracata haz\u0131r ve kiri\u015f ve d\u00f6\u015feme takviyesi i\u00e7in idealdir.","breadcrumb":{"@id":"https:\/\/www.hsymachinery.com\/product\/rebar-stirrup-bending-machine-gf28\/#breadcrumb"},"inLanguage":"tr","potentialAction":[{"@type":"ReadAction","target":["https:\/\/www.hsymachinery.com\/product\/rebar-stirrup-bending-machine-gf28\/"]}]},{"@type":"ImageObject","inLanguage":"tr","@id":"https:\/\/www.hsymachinery.com\/product\/rebar-stirrup-bending-machine-gf28\/#primaryimage","url":"https:\/\/www.hsymachinery.com\/wp-content\/uploads\/2025\/06\/Rebar-Stirrup-Bending-Machine-GF28.jpg","contentUrl":"https:\/\/www.hsymachinery.com\/wp-content\/uploads\/2025\/06\/Rebar-Stirrup-Bending-Machine-GF28.jpg","width":600,"height":600},{"@type":"BreadcrumbList","@id":"https:\/\/www.hsymachinery.com\/product\/rebar-stirrup-bending-machine-gf28\/#breadcrumb","itemListElement":[{"@type":"ListItem","position":1,"name":"home","item":"https:\/\/www.hsymachinery.com\/"},{"@type":"ListItem","position":2,"name":"products","item":"https:\/\/www.hsymachinery.com\/products\/"},{"@type":"ListItem","position":3,"name":"Rebar Stirrup Bending Machine GF28"}]},{"@type":"WebSite","@id":"https:\/\/www.hsymachinery.com\/#website","url":"https:\/\/www.hsymachinery.com\/","name":"HSY \u0130n\u015faat Makineleri","description":"HSY Machinery - \u00c7ok \u00e7e\u015fitli hafif in\u015faat ekipmanlar\u0131 sunan lider bir \u00c7in in\u015faat makineleri tedarik\u00e7isi. Ba\u015fl\u0131ca \u00fcr\u00fcnlerimiz aras\u0131nda Demir Kesme Makinesi, Demir B\u00fckme Makinesi, Demir \u00dczengi B\u00fckme Makinesi, Demir Ark B\u00fckme Makinesi, Demir Do\u011frultma Makinesi, Be\u015f Kafal\u0131 Demir \u00dczengi B\u00fckme Makinesi, S\u0131k\u0131\u015ft\u0131rma Tokma\u011f\u0131, Plaka Kompakt\u00f6r\u00fc, Beton Kesici, Elektrikli Mala ve di\u011fer in\u015faat makineleri bulunmaktad\u0131r. Geli\u015fmi\u015f CNC makineleri ile donat\u0131lm\u0131\u015ft\u0131r ve kapsaml\u0131 sat\u0131\u015f sonras\u0131 hizmet ile birlikte s\u0131k\u0131 kalite kontrol standartlar\u0131n\u0131 uyguluyoruz. \u00dcr\u00fcnlerimiz veya hizmetlerimizle ilgileniyorsan\u0131z, sorular\u0131n\u0131z\u0131 mesaj yoluyla s\u0131cak bir \u015fekilde kar\u015f\u0131l\u0131yoruz.","publisher":{"@id":"https:\/\/www.hsymachinery.com\/#organization"},"potentialAction":[{"@type":"SearchAction","target":{"@type":"EntryPoint","urlTemplate":"https:\/\/www.hsymachinery.com\/?s={search_term_string}"},"query-input":{"@type":"PropertyValueSpecification","valueRequired":true,"valueName":"search_term_string"}}],"inLanguage":"tr"},{"@type":"Organization","@id":"https:\/\/www.hsymachinery.com\/#organization","name":"HSY \u0130n\u015faat Makineleri","url":"https:\/\/www.hsymachinery.com\/","logo":{"@type":"ImageObject","inLanguage":"tr","@id":"https:\/\/www.hsymachinery.com\/#\/schema\/logo\/image\/","url":"https:\/\/www.hsymachinery.com\/wp-content\/uploads\/2025\/06\/cropped-HSY-machinery.png","contentUrl":"https:\/\/www.hsymachinery.com\/wp-content\/uploads\/2025\/06\/cropped-HSY-machinery.png","width":600,"height":240,"caption":"HSY Construction Machinery"},"image":{"@id":"https:\/\/www.hsymachinery.com\/#\/schema\/logo\/image\/"}}]}},"_links":{"self":[{"href":"https:\/\/www.hsymachinery.com\/tr\/wp-json\/wp\/v2\/product\/8965","targetHints":{"allow":["GET"]}}],"collection":[{"href":"https:\/\/www.hsymachinery.com\/tr\/wp-json\/wp\/v2\/product"}],"about":[{"href":"https:\/\/www.hsymachinery.com\/tr\/wp-json\/wp\/v2\/types\/product"}],"version-history":[{"count":3,"href":"https:\/\/www.hsymachinery.com\/tr\/wp-json\/wp\/v2\/product\/8965\/revisions"}],"predecessor-version":[{"id":9381,"href":"https:\/\/www.hsymachinery.com\/tr\/wp-json\/wp\/v2\/product\/8965\/revisions\/9381"}],"wp:featuredmedia":[{"embeddable":true,"href":"https:\/\/www.hsymachinery.com\/tr\/wp-json\/wp\/v2\/media\/8966"}],"wp:attachment":[{"href":"https:\/\/www.hsymachinery.com\/tr\/wp-json\/wp\/v2\/media?parent=8965"}],"wp:term":[{"taxonomy":"product_brand","embeddable":true,"href":"https:\/\/www.hsymachinery.com\/tr\/wp-json\/wp\/v2\/product_brand?post=8965"},{"taxonomy":"product_cat","embeddable":true,"href":"https:\/\/www.hsymachinery.com\/tr\/wp-json\/wp\/v2\/product_cat?post=8965"},{"taxonomy":"product_tag","embeddable":true,"href":"https:\/\/www.hsymachinery.com\/tr\/wp-json\/wp\/v2\/product_tag?post=8965"}],"curies":[{"name":"wp","href":"https:\/\/api.w.org\/{rel}","templated":true}]}}