{"id":8946,"date":"2025-06-18T12:01:02","date_gmt":"2025-06-18T04:01:02","guid":{"rendered":"https:\/\/www.hsymachinery.com\/?post_type=product&#038;p=8946"},"modified":"2025-06-25T23:19:27","modified_gmt":"2025-06-25T15:19:27","slug":"insaat-demiri-bukme-makinesi-gw50","status":"publish","type":"product","link":"https:\/\/www.hsymachinery.com\/tr\/product\/insaat-demiri-bukme-makinesi-gw50\/","title":{"rendered":"\u0130n\u015faat Demiri B\u00fckme Makinesi GW50"},"content":{"rendered":"<h3 data-start=\"211\" data-end=\"297\">6-40mm \u00c7elik \u00c7ubuklar i\u00e7in Y\u00fcksek Performansl\u0131 Demir B\u00fck\u00fcc\u00fc | End\u00fcstriyel \u00c7ubuk B\u00fckme Ekipmanlar\u0131<\/h3>\n<h3 data-start=\"211\" data-end=\"297\">\u00dcr\u00fcne Genel Bak\u0131\u015f - A\u011f\u0131r \u0130n\u015faat ve Prefabrik \u0130\u015fler i\u00e7in Demir B\u00fckme Makinesi<\/h3>\n<p data-start=\"299\" data-end=\"688\">Bu <strong data-start=\"303\" data-end=\"333\">\u0130n\u015faat Demiri B\u00fckme Makinesi GW50<\/strong> end\u00fcstriyel s\u0131n\u0131f b\u00fckme i\u00e7in \u00fcretilmi\u015ftir <strong data-start=\"375\" data-end=\"390\">6 mm ila 40 mm<\/strong> takviye \u00e7elik \u00e7ubuklar. Prefabrikasyon tesisleri, k\u00f6pr\u00fcler, y\u00fcksek binalar ve altyap\u0131 geli\u015ftirme gibi b\u00fcy\u00fck \u00f6l\u00e7ekli in\u015faat projeleri i\u00e7in ideal bir se\u00e7imdir. Y\u00fcksek torku ve ayarlanabilir a\u00e7\u0131 kontrol\u00fc ile bu makine, g\u00fcnl\u00fck \u00fcretim i\u00e7in h\u0131zl\u0131 ve do\u011fru b\u00fckme sa\u011flar.<\/p>\n<p data-start=\"690\" data-end=\"834\">Profesyoneller, zorlu ko\u015fullar alt\u0131nda stabilitesi, hassasiyeti ve s\u00fcrekli g\u00f6rev performans\u0131 i\u00e7in GW50 in\u015faat demiri b\u00fckme makinesine g\u00fcveniyor.<\/p>\n<h3 data-start=\"841\" data-end=\"888\">G\u00fc\u00e7l\u00fc Tork ve Do\u011fru A\u00e7\u0131 Kontrol\u00fc<\/h3>\n<p data-start=\"890\" data-end=\"1247\">Bu <strong data-start=\"894\" data-end=\"924\"><a href=\"https:\/\/www.hsymachinery.com\/tr\/urunler\/insaat-demiri-bukme-makinesi\/\" target=\"_blank\" rel=\"noopener\">\u0130n\u015faat Demiri B\u00fckme Makinesi<\/a> GW50<\/strong> 0\u00b0 ile 180\u00b0 aras\u0131nda g\u00fcvenilir b\u00fck\u00fcmler sa\u011flamak i\u00e7in \u00e7ift \u00f6n ayarl\u0131 durdurucularla e\u015fle\u015ftirilmi\u015f a\u011f\u0131r hizmet tipi bir \u00e7al\u0131\u015fma diski kullan\u0131r. Bu, operat\u00f6rlerin birden fazla in\u015faat demiri \u015feklini verimli bir \u015fekilde \u00fcretmesine olanak tan\u0131r. G\u00fc\u00e7lendirilmi\u015f di\u015fli kutusu ve bak\u0131r \u00e7ekirdekli motoru sayesinde makine, a\u015f\u0131r\u0131 \u0131s\u0131nma veya titre\u015fim olmadan tutarl\u0131 tork \u00e7\u0131k\u0131\u015f\u0131n\u0131 korur.<\/p>\n<p data-start=\"1249\" data-end=\"1389\">Ayr\u0131ca, s\u0131zd\u0131rmaz di\u015fli \u015fanz\u0131man\u0131 g\u00fcr\u00fclt\u00fcy\u00fc ve a\u015f\u0131nmay\u0131 azaltarak makinenin genel kullan\u0131m \u00f6mr\u00fcn\u00fc uzat\u0131r ve bak\u0131m\u0131 en aza indirir.<\/p>\n<h3 data-start=\"1396\" data-end=\"1455\">Uluslararas\u0131 Voltaj Deste\u011fi ile Dayan\u0131kl\u0131 Yap\u0131<\/h3>\n<p data-start=\"1457\" data-end=\"1743\">GW50'nin \u00e7er\u00e7evesi, titre\u015fime ve a\u011f\u0131r darbelere dayanacak \u015fekilde tasarlanm\u0131\u015f kal\u0131nla\u015ft\u0131r\u0131lm\u0131\u015f d\u00f6kme \u00e7elikten yap\u0131lm\u0131\u015ft\u0131r. Sahada kolay yer de\u011fi\u015ftirme i\u00e7in sa\u011flam mobilite tekerlekleriyle birlikte gelir. Makine hem manuel \u015falter hem de ayak pedal\u0131yla \u00e7al\u0131\u015fmay\u0131 destekleyerek esnek kullan\u0131c\u0131 kontrol\u00fc sa\u011flar.<\/p>\n<p data-start=\"1745\" data-end=\"1895\">220V\/380V (50Hz\/60Hz) voltaj se\u00e7enekleri ile GW50 in\u015faat demiri b\u00fckme makinesi, k\u00fcresel pazarlar ve ihracat gereksinimleri ile tamamen uyumludur.<\/p>\n<h3 data-start=\"1902\" data-end=\"1941\">Neden GW50 Demir B\u00fck\u00fcc\u00fcy\u00fc Se\u00e7melisiniz?<\/h3>\n<ul data-start=\"1943\" data-end=\"2164\">\n<li data-start=\"1943\" data-end=\"1988\">\n<p data-start=\"1945\" data-end=\"1988\">6-40 mm in\u015faat demirini do\u011fru ve h\u0131zl\u0131 bir \u015fekilde b\u00fcker<\/p>\n<\/li>\n<li data-start=\"1989\" data-end=\"2056\">\n<p data-start=\"1991\" data-end=\"2056\">Y\u00fcksek y\u00fck, s\u00fcrekli g\u00f6rev gerektiren end\u00fcstriyel uygulamalar i\u00e7in tasarlanm\u0131\u015ft\u0131r<\/p>\n<\/li>\n<li data-start=\"2057\" data-end=\"2098\">\n<p data-start=\"2059\" data-end=\"2098\">Kompakt, mobil ve bak\u0131m\u0131 kolay<\/p>\n<\/li>\n<li data-start=\"2099\" data-end=\"2164\">\n<p data-start=\"2101\" data-end=\"2164\">Esnek voltaj giri\u015fine sahip uluslararas\u0131 al\u0131c\u0131lar i\u00e7in uygundur<\/p>\n<\/li>\n<\/ul>\n<p><iframe title=\"#in\u015faat #in\u015faat i\u015f\u00e7isi #rebarmachine #rebarbender #rebarb\u00fckme\" width=\"720\" height=\"405\" src=\"https:\/\/www.youtube.com\/embed\/GX-U7SGMcVc?feature=oembed\" frameborder=\"0\" allow=\"accelerometer; autoplay; clipboard-write; encrypted-media; gyroscope; picture-in-picture; web-share\" referrerpolicy=\"strict-origin-when-cross-origin\" allowfullscreen><\/iframe><\/p>","protected":false},"excerpt":{"rendered":"<p>GW50 Demir B\u00fckme Makinesi, 6-40 mm \u00e7elik \u00e7ubuklar i\u00e7in g\u00fc\u00e7l\u00fc ve hassas b\u00fckme sunar. End\u00fcstriyel kullan\u0131m i\u00e7in \u00fcretilmi\u015ftir, k\u00fcresel voltaj standartlar\u0131n\u0131 ve y\u00fcksek hacimli \u00fcretimi destekler.<\/p>","protected":false},"featured_media":8947,"template":"","meta":{"_kad_post_transparent":"default","_kad_post_title":"","_kad_post_layout":"default","_kad_post_sidebar_id":"","_kad_post_content_style":"default","_kad_post_vertical_padding":"default","_kad_post_feature":"","_kad_post_feature_position":"","_kad_post_header":false,"_kad_post_footer":false},"product_brand":[],"product_cat":[28],"product_tag":[998,1004,996,1003,997,1000,1001,999,995,1002],"class_list":{"0":"post-8946","1":"product","2":"type-product","3":"status-publish","4":"has-post-thumbnail","6":"product_cat-rebar-bending-machine","7":"product_tag-automatic-rebar-bending-machine","8":"product_tag-bar-bending-machine-price","9":"product_tag-cnc-rebar-bending-machine","10":"product_tag-construction-rebar-bender","11":"product_tag-electric-rebar-bender","12":"product_tag-electric-rebar-bending-machine","13":"product_tag-hydraulic-rebar-bending-machine","14":"product_tag-portable-rebar-bender","15":"product_tag-rebar-bender","16":"product_tag-steel-bar-bender","18":"first","19":"instock","20":"shipping-taxable","21":"product-type-simple","22":"entry","23":"content-bg","24":"loop-entry"},"yoast_head":"<!-- This site is optimized with the Yoast SEO plugin v25.3.1 - https:\/\/yoast.com\/wordpress\/plugins\/seo\/ -->\n<title>Rebar Bending Machine GW50 - HSY Construction Machinery<\/title>\n<meta name=\"description\" content=\"Rebar Bending Machine GW50 bends 6\u201340mm steel bars with high precision. Suitable for prefab plants, construction sites, and export to international markets.\" \/>\n<meta name=\"robots\" content=\"index, follow, max-snippet:-1, max-image-preview:large, max-video-preview:-1\" \/>\n<link rel=\"canonical\" href=\"https:\/\/www.hsymachinery.com\/tr\/product\/insaat-demiri-bukme-makinesi-gw50\/\" \/>\n<meta property=\"og:locale\" content=\"tr_TR\" \/>\n<meta property=\"og:type\" content=\"article\" \/>\n<meta property=\"og:title\" content=\"Rebar Bending Machine GW50 - HSY Construction Machinery\" \/>\n<meta property=\"og:description\" content=\"Rebar Bending Machine GW50 bends 6\u201340mm steel bars with high precision. Suitable for prefab plants, construction sites, and export to international markets.\" \/>\n<meta property=\"og:url\" content=\"https:\/\/www.hsymachinery.com\/tr\/product\/insaat-demiri-bukme-makinesi-gw50\/\" \/>\n<meta property=\"og:site_name\" content=\"HSY Construction Machinery\" \/>\n<meta property=\"article:modified_time\" content=\"2025-06-25T15:19:27+00:00\" \/>\n<meta property=\"og:image\" content=\"https:\/\/www.hsymachinery.com\/wp-content\/uploads\/2025\/06\/Rebar-Bending-Machine-GW50.jpg\" \/>\n\t<meta property=\"og:image:width\" content=\"600\" \/>\n\t<meta property=\"og:image:height\" content=\"600\" \/>\n\t<meta property=\"og:image:type\" content=\"image\/jpeg\" \/>\n<meta name=\"twitter:card\" content=\"summary_large_image\" \/>\n<meta name=\"twitter:label1\" content=\"Tahmini okuma s\u00fcresi\" \/>\n\t<meta name=\"twitter:data1\" content=\"2 dakika\" \/>\n<script type=\"application\/ld+json\" class=\"yoast-schema-graph\">{\"@context\":\"https:\/\/schema.org\",\"@graph\":[{\"@type\":\"WebPage\",\"@id\":\"https:\/\/www.hsymachinery.com\/product\/rebar-bending-machine-gw50\/\",\"url\":\"https:\/\/www.hsymachinery.com\/product\/rebar-bending-machine-gw50\/\",\"name\":\"Rebar Bending Machine GW50 - HSY Construction Machinery\",\"isPartOf\":{\"@id\":\"https:\/\/www.hsymachinery.com\/#website\"},\"primaryImageOfPage\":{\"@id\":\"https:\/\/www.hsymachinery.com\/product\/rebar-bending-machine-gw50\/#primaryimage\"},\"image\":{\"@id\":\"https:\/\/www.hsymachinery.com\/product\/rebar-bending-machine-gw50\/#primaryimage\"},\"thumbnailUrl\":\"https:\/\/www.hsymachinery.com\/wp-content\/uploads\/2025\/06\/Rebar-Bending-Machine-GW50.jpg\",\"datePublished\":\"2025-06-18T04:01:02+00:00\",\"dateModified\":\"2025-06-25T15:19:27+00:00\",\"description\":\"Rebar Bending Machine GW50 bends 6\u201340mm steel bars with high precision. Suitable for prefab plants, construction sites, and export to international markets.\",\"breadcrumb\":{\"@id\":\"https:\/\/www.hsymachinery.com\/product\/rebar-bending-machine-gw50\/#breadcrumb\"},\"inLanguage\":\"tr\",\"potentialAction\":[{\"@type\":\"ReadAction\",\"target\":[\"https:\/\/www.hsymachinery.com\/product\/rebar-bending-machine-gw50\/\"]}]},{\"@type\":\"ImageObject\",\"inLanguage\":\"tr\",\"@id\":\"https:\/\/www.hsymachinery.com\/product\/rebar-bending-machine-gw50\/#primaryimage\",\"url\":\"https:\/\/www.hsymachinery.com\/wp-content\/uploads\/2025\/06\/Rebar-Bending-Machine-GW50.jpg\",\"contentUrl\":\"https:\/\/www.hsymachinery.com\/wp-content\/uploads\/2025\/06\/Rebar-Bending-Machine-GW50.jpg\",\"width\":600,\"height\":600},{\"@type\":\"BreadcrumbList\",\"@id\":\"https:\/\/www.hsymachinery.com\/product\/rebar-bending-machine-gw50\/#breadcrumb\",\"itemListElement\":[{\"@type\":\"ListItem\",\"position\":1,\"name\":\"home\",\"item\":\"https:\/\/www.hsymachinery.com\/\"},{\"@type\":\"ListItem\",\"position\":2,\"name\":\"products\",\"item\":\"https:\/\/www.hsymachinery.com\/products\/\"},{\"@type\":\"ListItem\",\"position\":3,\"name\":\"Rebar Bending Machine GW50\"}]},{\"@type\":\"WebSite\",\"@id\":\"https:\/\/www.hsymachinery.com\/#website\",\"url\":\"https:\/\/www.hsymachinery.com\/\",\"name\":\"HSY Construction Machinery\",\"description\":\"HSY Machinery \u2013 A leading China construction machinery supplier, offering a wide range of light construction equipment. Our main products include Rebar Cutting Machine, Rebar Bending Machine, Rebar Stirrup Bending Machine, Rebar Arc Bending Machine, Rebar Straightening Machine, Five-Head Rebar Stirrup Bending Machine, Tamping Rammer, Plate Compactor, Concrete Cutter, Power Trowel, and other construction machinery. We are equipped with advanced CNC machines, and we enforce strict quality inspection standards along with comprehensive after-sales service. If you are interested in our products or services, we warmly welcome your inquiries via message.\",\"publisher\":{\"@id\":\"https:\/\/www.hsymachinery.com\/#organization\"},\"potentialAction\":[{\"@type\":\"SearchAction\",\"target\":{\"@type\":\"EntryPoint\",\"urlTemplate\":\"https:\/\/www.hsymachinery.com\/?s={search_term_string}\"},\"query-input\":{\"@type\":\"PropertyValueSpecification\",\"valueRequired\":true,\"valueName\":\"search_term_string\"}}],\"inLanguage\":\"tr\"},{\"@type\":\"Organization\",\"@id\":\"https:\/\/www.hsymachinery.com\/#organization\",\"name\":\"HSY Construction Machinery\",\"url\":\"https:\/\/www.hsymachinery.com\/\",\"logo\":{\"@type\":\"ImageObject\",\"inLanguage\":\"tr\",\"@id\":\"https:\/\/www.hsymachinery.com\/#\/schema\/logo\/image\/\",\"url\":\"https:\/\/www.hsymachinery.com\/wp-content\/uploads\/2025\/06\/cropped-HSY-machinery.png\",\"contentUrl\":\"https:\/\/www.hsymachinery.com\/wp-content\/uploads\/2025\/06\/cropped-HSY-machinery.png\",\"width\":600,\"height\":240,\"caption\":\"HSY Construction Machinery\"},\"image\":{\"@id\":\"https:\/\/www.hsymachinery.com\/#\/schema\/logo\/image\/\"}}]}<\/script>\n<!-- \/ Yoast SEO plugin. -->","yoast_head_json":{"title":"Demir B\u00fckme Makinas\u0131 GW50 - HSY \u0130n\u015faat Makinalar\u0131","description":"\u0130n\u015faat Demiri B\u00fckme Makinesi GW50, 6-40 mm \u00e7elik \u00e7ubuklar\u0131 y\u00fcksek hassasiyetle b\u00fcker. Prefabrik tesisler, \u015fantiyeler ve uluslararas\u0131 pazarlara ihracat i\u00e7in uygundur.","robots":{"index":"index","follow":"follow","max-snippet":"max-snippet:-1","max-image-preview":"max-image-preview:large","max-video-preview":"max-video-preview:-1"},"canonical":"https:\/\/www.hsymachinery.com\/tr\/product\/insaat-demiri-bukme-makinesi-gw50\/","og_locale":"tr_TR","og_type":"article","og_title":"Rebar Bending Machine GW50 - HSY Construction Machinery","og_description":"Rebar Bending Machine GW50 bends 6\u201340mm steel bars with high precision. Suitable for prefab plants, construction sites, and export to international markets.","og_url":"https:\/\/www.hsymachinery.com\/tr\/product\/insaat-demiri-bukme-makinesi-gw50\/","og_site_name":"HSY Construction Machinery","article_modified_time":"2025-06-25T15:19:27+00:00","og_image":[{"width":600,"height":600,"url":"https:\/\/www.hsymachinery.com\/wp-content\/uploads\/2025\/06\/Rebar-Bending-Machine-GW50.jpg","type":"image\/jpeg"}],"twitter_card":"summary_large_image","twitter_misc":{"Tahmini okuma s\u00fcresi":"2 dakika"},"schema":{"@context":"https:\/\/schema.org","@graph":[{"@type":"WebPage","@id":"https:\/\/www.hsymachinery.com\/product\/rebar-bending-machine-gw50\/","url":"https:\/\/www.hsymachinery.com\/product\/rebar-bending-machine-gw50\/","name":"Demir B\u00fckme Makinas\u0131 GW50 - HSY \u0130n\u015faat Makinalar\u0131","isPartOf":{"@id":"https:\/\/www.hsymachinery.com\/#website"},"primaryImageOfPage":{"@id":"https:\/\/www.hsymachinery.com\/product\/rebar-bending-machine-gw50\/#primaryimage"},"image":{"@id":"https:\/\/www.hsymachinery.com\/product\/rebar-bending-machine-gw50\/#primaryimage"},"thumbnailUrl":"https:\/\/www.hsymachinery.com\/wp-content\/uploads\/2025\/06\/Rebar-Bending-Machine-GW50.jpg","datePublished":"2025-06-18T04:01:02+00:00","dateModified":"2025-06-25T15:19:27+00:00","description":"\u0130n\u015faat Demiri B\u00fckme Makinesi GW50, 6-40 mm \u00e7elik \u00e7ubuklar\u0131 y\u00fcksek hassasiyetle b\u00fcker. Prefabrik tesisler, \u015fantiyeler ve uluslararas\u0131 pazarlara ihracat i\u00e7in uygundur.","breadcrumb":{"@id":"https:\/\/www.hsymachinery.com\/product\/rebar-bending-machine-gw50\/#breadcrumb"},"inLanguage":"tr","potentialAction":[{"@type":"ReadAction","target":["https:\/\/www.hsymachinery.com\/product\/rebar-bending-machine-gw50\/"]}]},{"@type":"ImageObject","inLanguage":"tr","@id":"https:\/\/www.hsymachinery.com\/product\/rebar-bending-machine-gw50\/#primaryimage","url":"https:\/\/www.hsymachinery.com\/wp-content\/uploads\/2025\/06\/Rebar-Bending-Machine-GW50.jpg","contentUrl":"https:\/\/www.hsymachinery.com\/wp-content\/uploads\/2025\/06\/Rebar-Bending-Machine-GW50.jpg","width":600,"height":600},{"@type":"BreadcrumbList","@id":"https:\/\/www.hsymachinery.com\/product\/rebar-bending-machine-gw50\/#breadcrumb","itemListElement":[{"@type":"ListItem","position":1,"name":"home","item":"https:\/\/www.hsymachinery.com\/"},{"@type":"ListItem","position":2,"name":"products","item":"https:\/\/www.hsymachinery.com\/products\/"},{"@type":"ListItem","position":3,"name":"Rebar Bending Machine GW50"}]},{"@type":"WebSite","@id":"https:\/\/www.hsymachinery.com\/#website","url":"https:\/\/www.hsymachinery.com\/","name":"HSY \u0130n\u015faat Makineleri","description":"HSY Machinery - \u00c7ok \u00e7e\u015fitli hafif in\u015faat ekipmanlar\u0131 sunan lider bir \u00c7in in\u015faat makineleri tedarik\u00e7isi. Ba\u015fl\u0131ca \u00fcr\u00fcnlerimiz aras\u0131nda Demir Kesme Makinesi, Demir B\u00fckme Makinesi, Demir \u00dczengi B\u00fckme Makinesi, Demir Ark B\u00fckme Makinesi, Demir Do\u011frultma Makinesi, Be\u015f Kafal\u0131 Demir \u00dczengi B\u00fckme Makinesi, S\u0131k\u0131\u015ft\u0131rma Tokma\u011f\u0131, Plaka Kompakt\u00f6r\u00fc, Beton Kesici, Elektrikli Mala ve di\u011fer in\u015faat makineleri bulunmaktad\u0131r. Geli\u015fmi\u015f CNC makineleri ile donat\u0131lm\u0131\u015ft\u0131r ve kapsaml\u0131 sat\u0131\u015f sonras\u0131 hizmet ile birlikte s\u0131k\u0131 kalite kontrol standartlar\u0131n\u0131 uyguluyoruz. \u00dcr\u00fcnlerimiz veya hizmetlerimizle ilgileniyorsan\u0131z, sorular\u0131n\u0131z\u0131 mesaj yoluyla s\u0131cak bir \u015fekilde kar\u015f\u0131l\u0131yoruz.","publisher":{"@id":"https:\/\/www.hsymachinery.com\/#organization"},"potentialAction":[{"@type":"SearchAction","target":{"@type":"EntryPoint","urlTemplate":"https:\/\/www.hsymachinery.com\/?s={search_term_string}"},"query-input":{"@type":"PropertyValueSpecification","valueRequired":true,"valueName":"search_term_string"}}],"inLanguage":"tr"},{"@type":"Organization","@id":"https:\/\/www.hsymachinery.com\/#organization","name":"HSY \u0130n\u015faat Makineleri","url":"https:\/\/www.hsymachinery.com\/","logo":{"@type":"ImageObject","inLanguage":"tr","@id":"https:\/\/www.hsymachinery.com\/#\/schema\/logo\/image\/","url":"https:\/\/www.hsymachinery.com\/wp-content\/uploads\/2025\/06\/cropped-HSY-machinery.png","contentUrl":"https:\/\/www.hsymachinery.com\/wp-content\/uploads\/2025\/06\/cropped-HSY-machinery.png","width":600,"height":240,"caption":"HSY Construction Machinery"},"image":{"@id":"https:\/\/www.hsymachinery.com\/#\/schema\/logo\/image\/"}}]}},"_links":{"self":[{"href":"https:\/\/www.hsymachinery.com\/tr\/wp-json\/wp\/v2\/product\/8946","targetHints":{"allow":["GET"]}}],"collection":[{"href":"https:\/\/www.hsymachinery.com\/tr\/wp-json\/wp\/v2\/product"}],"about":[{"href":"https:\/\/www.hsymachinery.com\/tr\/wp-json\/wp\/v2\/types\/product"}],"version-history":[{"count":4,"href":"https:\/\/www.hsymachinery.com\/tr\/wp-json\/wp\/v2\/product\/8946\/revisions"}],"predecessor-version":[{"id":9355,"href":"https:\/\/www.hsymachinery.com\/tr\/wp-json\/wp\/v2\/product\/8946\/revisions\/9355"}],"wp:featuredmedia":[{"embeddable":true,"href":"https:\/\/www.hsymachinery.com\/tr\/wp-json\/wp\/v2\/media\/8947"}],"wp:attachment":[{"href":"https:\/\/www.hsymachinery.com\/tr\/wp-json\/wp\/v2\/media?parent=8946"}],"wp:term":[{"taxonomy":"product_brand","embeddable":true,"href":"https:\/\/www.hsymachinery.com\/tr\/wp-json\/wp\/v2\/product_brand?post=8946"},{"taxonomy":"product_cat","embeddable":true,"href":"https:\/\/www.hsymachinery.com\/tr\/wp-json\/wp\/v2\/product_cat?post=8946"},{"taxonomy":"product_tag","embeddable":true,"href":"https:\/\/www.hsymachinery.com\/tr\/wp-json\/wp\/v2\/product_tag?post=8946"}],"curies":[{"name":"wp","href":"https:\/\/api.w.org\/{rel}","templated":true}]}}