{"id":8933,"date":"2025-06-18T11:30:13","date_gmt":"2025-06-18T03:30:13","guid":{"rendered":"https:\/\/www.hsymachinery.com\/?post_type=product&#038;p=8933"},"modified":"2025-06-25T22:20:03","modified_gmt":"2025-06-25T14:20:03","slug":"insaat-demiri-kesme-makinesi-gq60-duz-bicak","status":"publish","type":"product","link":"https:\/\/www.hsymachinery.com\/tr\/product\/insaat-demiri-kesme-makinesi-gq60-duz-bicak\/","title":{"rendered":"\u0130n\u015faat Demiri Kesme Makinesi GQ60 (D\u00fcz b\u0131\u00e7ak)"},"content":{"rendered":"<h3 data-start=\"151\" data-end=\"233\">End\u00fcstriyel G\u00fc\u00e7lendirme Projeleri i\u00e7in Ekstra A\u011f\u0131r Hizmet Tipi D\u00fcz B\u0131\u00e7akl\u0131 \u0130n\u015faat Demiri Kesici<\/h3>\n<h3 data-start=\"240\" data-end=\"309\">\u00dcr\u00fcne Genel Bak\u0131\u015f - 6-50mm \u0130n\u015faat Demiri i\u00e7in D\u00fcz B\u0131\u00e7akl\u0131 \u00c7elik \u00c7ubuk Makas\u0131<\/h3>\n<p data-start=\"311\" data-end=\"784\">Bu <strong data-start=\"315\" data-end=\"358\"><a href=\"https:\/\/www.hsymachinery.com\/tr\/urunler\/insaat-demiri-kesme-makinesi\/\" target=\"_blank\" rel=\"noopener\">\u0130n\u015faat Demiri Kesme Makinesi<\/a> GQ60 (D\u00fcz B\u0131\u00e7ak)<\/strong> yo\u011fun in\u015faat ortamlar\u0131nda y\u00fcksek \u00e7apl\u0131 in\u015faat demirlerini kesmek i\u00e7in tasarlanm\u0131\u015ft\u0131r. Bu makine 6 mm'den 50 mm'ye kadar \u00e7elik \u00e7ubuklar\u0131 i\u015fleyebildi\u011finden baraj in\u015fas\u0131, otoyol \u00fcst ge\u00e7itleri, \u00e7elik yap\u0131 imalat\u0131 ve t\u00fcnel g\u00fc\u00e7lendirme i\u015fleri i\u00e7in ideal bir se\u00e7imdir. D\u00fcz b\u0131\u00e7ak sistemi, e\u015fit kesme bas\u0131nc\u0131 uygulayarak \u00e7ubu\u011fun b\u00fct\u00fcnl\u00fc\u011f\u00fcnden \u00f6d\u00fcn vermeden p\u00fcr\u00fczs\u00fcz, hassas kesme sa\u011flar.<\/p>\n<p data-start=\"786\" data-end=\"927\">Geli\u015ftirilmi\u015f tork, mekanik g\u00fc\u00e7 ve kesme aral\u0131\u011f\u0131 ile bu model, hem g\u00fcc\u00fcn hem de hassasiyetin tart\u0131\u015f\u0131lmaz oldu\u011fu i\u015fler i\u00e7in \u00fcretilmi\u015ftir.<\/p>\n<h3 data-start=\"934\" data-end=\"984\">Temiz Sonu\u00e7lar ile End\u00fcstriyel Kesme G\u00fcc\u00fc<\/h3>\n<p data-start=\"986\" data-end=\"1294\">GQ60 d\u00fcz b\u0131\u00e7ak tasar\u0131m\u0131, b\u0131\u00e7a\u011f\u0131n kesme s\u0131ras\u0131nda \u00e7elik \u00e7ubu\u011fun t\u00fcm y\u00fczeyine e\u015fit \u015fekilde temas etmesini sa\u011flar. Bu, kenar tala\u015f\u0131n\u0131 ve \u00e7ubuk deformasyonunu b\u00fcy\u00fck \u00f6l\u00e7\u00fcde azalt\u0131r. Ayr\u0131ca, g\u00fc\u00e7l\u00fc \u00e7elik b\u0131\u00e7ak, uzun saatler boyunca s\u00fcrekli \u00e7al\u0131\u015ft\u0131ktan sonra bile keskin ve sabit kalmas\u0131n\u0131 sa\u011flamak i\u00e7in \u0131s\u0131l i\u015flemden ge\u00e7irilmi\u015ftir.<\/p>\n<p data-start=\"1296\" data-end=\"1603\">Y\u00fcksek performansl\u0131 bak\u0131r \u00e7ekirdekli bir motorla tahrik edilen \u0130n\u015faat Demiri Kesme Makinesi GQ60 (D\u00fcz B\u0131\u00e7ak), boyut s\u0131n\u0131f\u0131 i\u00e7in benzersiz tork \u00e7\u0131k\u0131\u015f\u0131 sa\u011flar. D\u00fc\u015f\u00fck titre\u015fim ve minimum enerji kayb\u0131 \u00fcreterek istikrarl\u0131 bir \u015fekilde \u00e7al\u0131\u015f\u0131r. Di\u015fli kutusu ve tahrik tertibat\u0131, end\u00fcstriyel stres alt\u0131nda uzun \u00f6m\u00fcrl\u00fcl\u00fck i\u00e7in optimize edilmi\u015ftir.<\/p>\n<h3 data-start=\"1610\" data-end=\"1663\">G\u00fc\u00e7lendirilmi\u015f G\u00f6vde ve K\u00fcresel \u0130hracat Uyarlanabilirli\u011fi<\/h3>\n<p data-start=\"1665\" data-end=\"2042\">Bu makinenin g\u00f6vdesi, \u00fcst\u00fcn yap\u0131sal sa\u011flaml\u0131k sa\u011flayan y\u00fcksek mukavemetli sfero d\u00f6k\u00fcm demirden yap\u0131lm\u0131\u015ft\u0131r. Ayr\u0131ca zorlu arazilerde hareketlilik i\u00e7in a\u011f\u0131r hizmet tipi ta\u015f\u0131ma tekerleklerine sahiptir. Ergonomik manuel kol, her kesim \u00fczerinde duyarl\u0131 ve hassas kontrol sa\u011flar. \u00dcst\u00fc a\u00e7\u0131k eri\u015fim paneli ve kullan\u0131c\u0131 dostu b\u0131\u00e7ak yuvas\u0131 sayesinde bak\u0131m h\u0131zl\u0131 ve kolayd\u0131r.<\/p>\n<p data-start=\"2044\" data-end=\"2224\">GQ60, \u00f6zelle\u015ftirilebilir voltaj se\u00e7enekleriyle (220V\/380V, 50Hz\/60Hz) uluslararas\u0131 standartlar\u0131 destekleyerek Afrika, Asya, G\u00fcney Amerika ve \u00f6tesine ihracat i\u00e7in \u00e7ok uygundur.<\/p>\n<h3 data-start=\"2231\" data-end=\"2281\">GQ60 D\u00fcz B\u0131\u00e7akl\u0131 \u0130n\u015faat Demiri Kesicinin Temel Faydalar\u0131<\/h3>\n<ul data-start=\"2283\" data-end=\"2506\">\n<li data-start=\"2283\" data-end=\"2337\">\n<p data-start=\"2285\" data-end=\"2337\">6-50 mm in\u015faat demirini d\u00fcz, sabit kesme kuvveti ile keser<\/p>\n<\/li>\n<li data-start=\"2338\" data-end=\"2396\">\n<p data-start=\"2340\" data-end=\"2396\">Y\u00fcksek hacimli end\u00fcstriyel veya altyap\u0131 kullan\u0131m\u0131 i\u00e7in \u00fcretilmi\u015ftir<\/p>\n<\/li>\n<li data-start=\"2397\" data-end=\"2448\">\n<p data-start=\"2399\" data-end=\"2448\">G\u00fc\u00e7l\u00fc motor ve g\u00fcvenilir tork aktar\u0131m\u0131<\/p>\n<\/li>\n<li data-start=\"2449\" data-end=\"2506\">\n<p data-start=\"2451\" data-end=\"2506\">\u0130hracat i\u00e7in uluslararas\u0131 voltaj \u00f6zelle\u015ftirmesini destekler<\/p>\n<\/li>\n<\/ul>\n<p><iframe title=\"#in\u015faat #in\u015faat i\u015f\u00e7isi #rebar makinesi #rebarcutter #rebarcuttingmachine #rebar\" width=\"720\" height=\"405\" src=\"https:\/\/www.youtube.com\/embed\/tdc4TA5-zRc?feature=oembed\" frameborder=\"0\" allow=\"accelerometer; autoplay; clipboard-write; encrypted-media; gyroscope; picture-in-picture; web-share\" referrerpolicy=\"strict-origin-when-cross-origin\" allowfullscreen><\/iframe><\/p>","protected":false},"excerpt":{"rendered":"<p>GQ60 D\u00fcz B\u0131\u00e7akl\u0131 \u0130n\u015faat Demiri Kesici, 6-50 mm \u00e7ubuklar\u0131 tutarl\u0131 kuvvet ve y\u00fcksek dayan\u0131kl\u0131l\u0131kla i\u015fler. K\u00fcresel in\u015faat pazarlar\u0131nda altyap\u0131 \u00f6l\u00e7ekli in\u015faat demiri i\u015fleri i\u00e7in idealdir.<\/p>","protected":false},"featured_media":8934,"template":"","meta":{"_kad_post_transparent":"default","_kad_post_title":"","_kad_post_layout":"default","_kad_post_sidebar_id":"","_kad_post_content_style":"default","_kad_post_vertical_padding":"default","_kad_post_feature":"","_kad_post_feature_position":"","_kad_post_header":false,"_kad_post_footer":false},"product_brand":[],"product_cat":[51],"product_tag":[988,992,990,989,993,985,994,987,984,991,986],"class_list":{"0":"post-8933","1":"product","2":"type-product","3":"status-publish","4":"has-post-thumbnail","6":"product_cat-rebar-cutting-machine","7":"product_tag-automatic-rebar-cutter","8":"product_tag-construction-steel-bar-cutter","9":"product_tag-electric-rebar-cutting-tool","10":"product_tag-hydraulic-rebar-cutting-machine","11":"product_tag-portable-rebar-cutting-machine","12":"product_tag-rebar-cutter","13":"product_tag-rebar-cutting-machine","14":"product_tag-reinforcement-bar-cutter","15":"product_tag-steel-bar-cutting-machine","16":"product_tag-steel-rod-cutter-machine","17":"product_tag-tmt-bar-cutting-machine","19":"first","20":"instock","21":"shipping-taxable","22":"product-type-simple","23":"entry","24":"content-bg","25":"loop-entry"},"yoast_head":"<!-- This site is optimized with the Yoast SEO plugin v25.3.1 - https:\/\/yoast.com\/wordpress\/plugins\/seo\/ -->\n<title>Rebar Cutting Machine GQ60 (Flat knife) - HSY Construction Machinery<\/title>\n<meta name=\"description\" content=\"Rebar Cutting Machine GQ60 (Flat Knife) delivers strong, flat-blade shearing for 6\u201350mm rebar. Designed for heavy-duty construction and international export.\" \/>\n<meta name=\"robots\" content=\"index, follow, max-snippet:-1, max-image-preview:large, max-video-preview:-1\" \/>\n<link rel=\"canonical\" href=\"https:\/\/www.hsymachinery.com\/tr\/product\/insaat-demiri-kesme-makinesi-gq60-duz-bicak\/\" \/>\n<meta property=\"og:locale\" content=\"tr_TR\" \/>\n<meta property=\"og:type\" content=\"article\" \/>\n<meta property=\"og:title\" content=\"Rebar Cutting Machine GQ60 (Flat knife) - HSY Construction Machinery\" \/>\n<meta property=\"og:description\" content=\"Rebar Cutting Machine GQ60 (Flat Knife) delivers strong, flat-blade shearing for 6\u201350mm rebar. Designed for heavy-duty construction and international export.\" \/>\n<meta property=\"og:url\" content=\"https:\/\/www.hsymachinery.com\/tr\/product\/insaat-demiri-kesme-makinesi-gq60-duz-bicak\/\" \/>\n<meta property=\"og:site_name\" content=\"HSY Construction Machinery\" \/>\n<meta property=\"article:modified_time\" content=\"2025-06-25T14:20:03+00:00\" \/>\n<meta property=\"og:image\" content=\"https:\/\/www.hsymachinery.com\/wp-content\/uploads\/2025\/06\/Rebar-Cutting-Machine-GQ60-Flat-knife.jpg\" \/>\n\t<meta property=\"og:image:width\" content=\"600\" \/>\n\t<meta property=\"og:image:height\" content=\"600\" \/>\n\t<meta property=\"og:image:type\" content=\"image\/jpeg\" \/>\n<meta name=\"twitter:card\" content=\"summary_large_image\" \/>\n<meta name=\"twitter:label1\" content=\"Tahmini okuma s\u00fcresi\" \/>\n\t<meta name=\"twitter:data1\" content=\"2 dakika\" \/>\n<script type=\"application\/ld+json\" class=\"yoast-schema-graph\">{\"@context\":\"https:\/\/schema.org\",\"@graph\":[{\"@type\":\"WebPage\",\"@id\":\"https:\/\/www.hsymachinery.com\/product\/rebar-cutting-machine-gq60-flat-knife\/\",\"url\":\"https:\/\/www.hsymachinery.com\/product\/rebar-cutting-machine-gq60-flat-knife\/\",\"name\":\"Rebar Cutting Machine GQ60 (Flat knife) - HSY Construction Machinery\",\"isPartOf\":{\"@id\":\"https:\/\/www.hsymachinery.com\/#website\"},\"primaryImageOfPage\":{\"@id\":\"https:\/\/www.hsymachinery.com\/product\/rebar-cutting-machine-gq60-flat-knife\/#primaryimage\"},\"image\":{\"@id\":\"https:\/\/www.hsymachinery.com\/product\/rebar-cutting-machine-gq60-flat-knife\/#primaryimage\"},\"thumbnailUrl\":\"https:\/\/www.hsymachinery.com\/wp-content\/uploads\/2025\/06\/Rebar-Cutting-Machine-GQ60-Flat-knife.jpg\",\"datePublished\":\"2025-06-18T03:30:13+00:00\",\"dateModified\":\"2025-06-25T14:20:03+00:00\",\"description\":\"Rebar Cutting Machine GQ60 (Flat Knife) delivers strong, flat-blade shearing for 6\u201350mm rebar. Designed for heavy-duty construction and international export.\",\"breadcrumb\":{\"@id\":\"https:\/\/www.hsymachinery.com\/product\/rebar-cutting-machine-gq60-flat-knife\/#breadcrumb\"},\"inLanguage\":\"tr\",\"potentialAction\":[{\"@type\":\"ReadAction\",\"target\":[\"https:\/\/www.hsymachinery.com\/product\/rebar-cutting-machine-gq60-flat-knife\/\"]}]},{\"@type\":\"ImageObject\",\"inLanguage\":\"tr\",\"@id\":\"https:\/\/www.hsymachinery.com\/product\/rebar-cutting-machine-gq60-flat-knife\/#primaryimage\",\"url\":\"https:\/\/www.hsymachinery.com\/wp-content\/uploads\/2025\/06\/Rebar-Cutting-Machine-GQ60-Flat-knife.jpg\",\"contentUrl\":\"https:\/\/www.hsymachinery.com\/wp-content\/uploads\/2025\/06\/Rebar-Cutting-Machine-GQ60-Flat-knife.jpg\",\"width\":600,\"height\":600},{\"@type\":\"BreadcrumbList\",\"@id\":\"https:\/\/www.hsymachinery.com\/product\/rebar-cutting-machine-gq60-flat-knife\/#breadcrumb\",\"itemListElement\":[{\"@type\":\"ListItem\",\"position\":1,\"name\":\"home\",\"item\":\"https:\/\/www.hsymachinery.com\/\"},{\"@type\":\"ListItem\",\"position\":2,\"name\":\"products\",\"item\":\"https:\/\/www.hsymachinery.com\/products\/\"},{\"@type\":\"ListItem\",\"position\":3,\"name\":\"Rebar Cutting Machine GQ60 (Flat knife)\"}]},{\"@type\":\"WebSite\",\"@id\":\"https:\/\/www.hsymachinery.com\/#website\",\"url\":\"https:\/\/www.hsymachinery.com\/\",\"name\":\"HSY Construction Machinery\",\"description\":\"HSY Machinery \u2013 A leading China construction machinery supplier, offering a wide range of light construction equipment. Our main products include Rebar Cutting Machine, Rebar Bending Machine, Rebar Stirrup Bending Machine, Rebar Arc Bending Machine, Rebar Straightening Machine, Five-Head Rebar Stirrup Bending Machine, Tamping Rammer, Plate Compactor, Concrete Cutter, Power Trowel, and other construction machinery. We are equipped with advanced CNC machines, and we enforce strict quality inspection standards along with comprehensive after-sales service. If you are interested in our products or services, we warmly welcome your inquiries via message.\",\"publisher\":{\"@id\":\"https:\/\/www.hsymachinery.com\/#organization\"},\"potentialAction\":[{\"@type\":\"SearchAction\",\"target\":{\"@type\":\"EntryPoint\",\"urlTemplate\":\"https:\/\/www.hsymachinery.com\/?s={search_term_string}\"},\"query-input\":{\"@type\":\"PropertyValueSpecification\",\"valueRequired\":true,\"valueName\":\"search_term_string\"}}],\"inLanguage\":\"tr\"},{\"@type\":\"Organization\",\"@id\":\"https:\/\/www.hsymachinery.com\/#organization\",\"name\":\"HSY Construction Machinery\",\"url\":\"https:\/\/www.hsymachinery.com\/\",\"logo\":{\"@type\":\"ImageObject\",\"inLanguage\":\"tr\",\"@id\":\"https:\/\/www.hsymachinery.com\/#\/schema\/logo\/image\/\",\"url\":\"https:\/\/www.hsymachinery.com\/wp-content\/uploads\/2025\/06\/cropped-HSY-machinery.png\",\"contentUrl\":\"https:\/\/www.hsymachinery.com\/wp-content\/uploads\/2025\/06\/cropped-HSY-machinery.png\",\"width\":600,\"height\":240,\"caption\":\"HSY Construction Machinery\"},\"image\":{\"@id\":\"https:\/\/www.hsymachinery.com\/#\/schema\/logo\/image\/\"}}]}<\/script>\n<!-- \/ Yoast SEO plugin. -->","yoast_head_json":{"title":"\u0130n\u015faat Demiri Kesme Makinesi GQ60 (D\u00fcz b\u0131\u00e7ak) - HSY \u0130n\u015faat Makinalar\u0131","description":"\u0130n\u015faat Demiri Kesme Makinesi GQ60 (D\u00fcz B\u0131\u00e7ak), 6-50 mm in\u015faat demiri i\u00e7in g\u00fc\u00e7l\u00fc, d\u00fcz b\u0131\u00e7akl\u0131 kesme sa\u011flar. A\u011f\u0131r hizmet tipi in\u015faat ve uluslararas\u0131 ihracat i\u00e7in tasarlanm\u0131\u015ft\u0131r.","robots":{"index":"index","follow":"follow","max-snippet":"max-snippet:-1","max-image-preview":"max-image-preview:large","max-video-preview":"max-video-preview:-1"},"canonical":"https:\/\/www.hsymachinery.com\/tr\/product\/insaat-demiri-kesme-makinesi-gq60-duz-bicak\/","og_locale":"tr_TR","og_type":"article","og_title":"Rebar Cutting Machine GQ60 (Flat knife) - HSY Construction Machinery","og_description":"Rebar Cutting Machine GQ60 (Flat Knife) delivers strong, flat-blade shearing for 6\u201350mm rebar. Designed for heavy-duty construction and international export.","og_url":"https:\/\/www.hsymachinery.com\/tr\/product\/insaat-demiri-kesme-makinesi-gq60-duz-bicak\/","og_site_name":"HSY Construction Machinery","article_modified_time":"2025-06-25T14:20:03+00:00","og_image":[{"width":600,"height":600,"url":"https:\/\/www.hsymachinery.com\/wp-content\/uploads\/2025\/06\/Rebar-Cutting-Machine-GQ60-Flat-knife.jpg","type":"image\/jpeg"}],"twitter_card":"summary_large_image","twitter_misc":{"Tahmini okuma s\u00fcresi":"2 dakika"},"schema":{"@context":"https:\/\/schema.org","@graph":[{"@type":"WebPage","@id":"https:\/\/www.hsymachinery.com\/product\/rebar-cutting-machine-gq60-flat-knife\/","url":"https:\/\/www.hsymachinery.com\/product\/rebar-cutting-machine-gq60-flat-knife\/","name":"\u0130n\u015faat Demiri Kesme Makinesi GQ60 (D\u00fcz b\u0131\u00e7ak) - HSY \u0130n\u015faat Makinalar\u0131","isPartOf":{"@id":"https:\/\/www.hsymachinery.com\/#website"},"primaryImageOfPage":{"@id":"https:\/\/www.hsymachinery.com\/product\/rebar-cutting-machine-gq60-flat-knife\/#primaryimage"},"image":{"@id":"https:\/\/www.hsymachinery.com\/product\/rebar-cutting-machine-gq60-flat-knife\/#primaryimage"},"thumbnailUrl":"https:\/\/www.hsymachinery.com\/wp-content\/uploads\/2025\/06\/Rebar-Cutting-Machine-GQ60-Flat-knife.jpg","datePublished":"2025-06-18T03:30:13+00:00","dateModified":"2025-06-25T14:20:03+00:00","description":"\u0130n\u015faat Demiri Kesme Makinesi GQ60 (D\u00fcz B\u0131\u00e7ak), 6-50 mm in\u015faat demiri i\u00e7in g\u00fc\u00e7l\u00fc, d\u00fcz b\u0131\u00e7akl\u0131 kesme sa\u011flar. A\u011f\u0131r hizmet tipi in\u015faat ve uluslararas\u0131 ihracat i\u00e7in tasarlanm\u0131\u015ft\u0131r.","breadcrumb":{"@id":"https:\/\/www.hsymachinery.com\/product\/rebar-cutting-machine-gq60-flat-knife\/#breadcrumb"},"inLanguage":"tr","potentialAction":[{"@type":"ReadAction","target":["https:\/\/www.hsymachinery.com\/product\/rebar-cutting-machine-gq60-flat-knife\/"]}]},{"@type":"ImageObject","inLanguage":"tr","@id":"https:\/\/www.hsymachinery.com\/product\/rebar-cutting-machine-gq60-flat-knife\/#primaryimage","url":"https:\/\/www.hsymachinery.com\/wp-content\/uploads\/2025\/06\/Rebar-Cutting-Machine-GQ60-Flat-knife.jpg","contentUrl":"https:\/\/www.hsymachinery.com\/wp-content\/uploads\/2025\/06\/Rebar-Cutting-Machine-GQ60-Flat-knife.jpg","width":600,"height":600},{"@type":"BreadcrumbList","@id":"https:\/\/www.hsymachinery.com\/product\/rebar-cutting-machine-gq60-flat-knife\/#breadcrumb","itemListElement":[{"@type":"ListItem","position":1,"name":"home","item":"https:\/\/www.hsymachinery.com\/"},{"@type":"ListItem","position":2,"name":"products","item":"https:\/\/www.hsymachinery.com\/products\/"},{"@type":"ListItem","position":3,"name":"Rebar Cutting Machine GQ60 (Flat knife)"}]},{"@type":"WebSite","@id":"https:\/\/www.hsymachinery.com\/#website","url":"https:\/\/www.hsymachinery.com\/","name":"HSY \u0130n\u015faat Makineleri","description":"HSY Machinery - \u00c7ok \u00e7e\u015fitli hafif in\u015faat ekipmanlar\u0131 sunan lider bir \u00c7in in\u015faat makineleri tedarik\u00e7isi. Ba\u015fl\u0131ca \u00fcr\u00fcnlerimiz aras\u0131nda Demir Kesme Makinesi, Demir B\u00fckme Makinesi, Demir \u00dczengi B\u00fckme Makinesi, Demir Ark B\u00fckme Makinesi, Demir Do\u011frultma Makinesi, Be\u015f Kafal\u0131 Demir \u00dczengi B\u00fckme Makinesi, S\u0131k\u0131\u015ft\u0131rma Tokma\u011f\u0131, Plaka Kompakt\u00f6r\u00fc, Beton Kesici, Elektrikli Mala ve di\u011fer in\u015faat makineleri bulunmaktad\u0131r. Geli\u015fmi\u015f CNC makineleri ile donat\u0131lm\u0131\u015ft\u0131r ve kapsaml\u0131 sat\u0131\u015f sonras\u0131 hizmet ile birlikte s\u0131k\u0131 kalite kontrol standartlar\u0131n\u0131 uyguluyoruz. \u00dcr\u00fcnlerimiz veya hizmetlerimizle ilgileniyorsan\u0131z, sorular\u0131n\u0131z\u0131 mesaj yoluyla s\u0131cak bir \u015fekilde kar\u015f\u0131l\u0131yoruz.","publisher":{"@id":"https:\/\/www.hsymachinery.com\/#organization"},"potentialAction":[{"@type":"SearchAction","target":{"@type":"EntryPoint","urlTemplate":"https:\/\/www.hsymachinery.com\/?s={search_term_string}"},"query-input":{"@type":"PropertyValueSpecification","valueRequired":true,"valueName":"search_term_string"}}],"inLanguage":"tr"},{"@type":"Organization","@id":"https:\/\/www.hsymachinery.com\/#organization","name":"HSY \u0130n\u015faat Makineleri","url":"https:\/\/www.hsymachinery.com\/","logo":{"@type":"ImageObject","inLanguage":"tr","@id":"https:\/\/www.hsymachinery.com\/#\/schema\/logo\/image\/","url":"https:\/\/www.hsymachinery.com\/wp-content\/uploads\/2025\/06\/cropped-HSY-machinery.png","contentUrl":"https:\/\/www.hsymachinery.com\/wp-content\/uploads\/2025\/06\/cropped-HSY-machinery.png","width":600,"height":240,"caption":"HSY Construction Machinery"},"image":{"@id":"https:\/\/www.hsymachinery.com\/#\/schema\/logo\/image\/"}}]}},"_links":{"self":[{"href":"https:\/\/www.hsymachinery.com\/tr\/wp-json\/wp\/v2\/product\/8933","targetHints":{"allow":["GET"]}}],"collection":[{"href":"https:\/\/www.hsymachinery.com\/tr\/wp-json\/wp\/v2\/product"}],"about":[{"href":"https:\/\/www.hsymachinery.com\/tr\/wp-json\/wp\/v2\/types\/product"}],"version-history":[{"count":4,"href":"https:\/\/www.hsymachinery.com\/tr\/wp-json\/wp\/v2\/product\/8933\/revisions"}],"predecessor-version":[{"id":9338,"href":"https:\/\/www.hsymachinery.com\/tr\/wp-json\/wp\/v2\/product\/8933\/revisions\/9338"}],"wp:featuredmedia":[{"embeddable":true,"href":"https:\/\/www.hsymachinery.com\/tr\/wp-json\/wp\/v2\/media\/8934"}],"wp:attachment":[{"href":"https:\/\/www.hsymachinery.com\/tr\/wp-json\/wp\/v2\/media?parent=8933"}],"wp:term":[{"taxonomy":"product_brand","embeddable":true,"href":"https:\/\/www.hsymachinery.com\/tr\/wp-json\/wp\/v2\/product_brand?post=8933"},{"taxonomy":"product_cat","embeddable":true,"href":"https:\/\/www.hsymachinery.com\/tr\/wp-json\/wp\/v2\/product_cat?post=8933"},{"taxonomy":"product_tag","embeddable":true,"href":"https:\/\/www.hsymachinery.com\/tr\/wp-json\/wp\/v2\/product_tag?post=8933"}],"curies":[{"name":"wp","href":"https:\/\/api.w.org\/{rel}","templated":true}]}}