{"id":8930,"date":"2025-06-18T11:28:57","date_gmt":"2025-06-18T03:28:57","guid":{"rendered":"https:\/\/www.hsymachinery.com\/?post_type=product&#038;p=8930"},"modified":"2025-06-25T21:06:25","modified_gmt":"2025-06-25T13:06:25","slug":"insaat-demiri-kesme-makinesi-gq55-yuvarlak-bicak","status":"publish","type":"product","link":"https:\/\/www.hsymachinery.com\/tr\/product\/insaat-demiri-kesme-makinesi-gq55-yuvarlak-bicak\/","title":{"rendered":"\u0130n\u015faat Demiri Kesme Makinesi GQ55 (Yuvarlak b\u0131\u00e7ak)"},"content":{"rendered":"<h3 data-start=\"136\" data-end=\"210\">Y\u00fcksek Verimli \u00c7ubuk \u0130\u015fleme i\u00e7in G\u00fc\u00e7lendirilmi\u015f Yuvarlak B\u0131\u00e7akl\u0131 \u0130n\u015faat Demiri Kesici<\/h3>\n<h3 data-start=\"217\" data-end=\"286\">\u00dcr\u00fcne Genel Bak\u0131\u015f - 6-42mm \u0130n\u015faat Demiri i\u00e7in D\u00f6ner B\u0131\u00e7akl\u0131 \u00c7elik Kesici<\/h3>\n<p data-start=\"288\" data-end=\"741\">\u0130n\u015faat Demiri Kesme Makinesi GQ55 (Yuvarlak B\u0131\u00e7ak), b\u00fcy\u00fck \u00e7apl\u0131 \u00e7elik \u00e7ubuklar\u0131n kesilmesi i\u00e7in optimize edilmi\u015f profesyonel s\u0131n\u0131f bir in\u015faat demiri kesme \u00e7\u00f6z\u00fcm\u00fcd\u00fcr. D\u00fcz yuvarlak \u00e7elik, nerv\u00fcrl\u00fc \u00e7ubuklar ve karbon \u00e7elik \u00e7ubuklar dahil olmak \u00fczere 6 mm ila 42 mm aras\u0131nda de\u011fi\u015fen in\u015faat demirlerini verimli bir \u015fekilde i\u015fler. Yuvarlanan makasl\u0131 yuvarlak b\u0131\u00e7ak sistemi ile bu makine, kesim s\u0131ras\u0131nda s\u00fcrt\u00fcnmeyi \u00f6nemli \u00f6l\u00e7\u00fcde azaltarak daha h\u0131zl\u0131 sonu\u00e7lar, daha uzun b\u0131\u00e7ak \u00f6mr\u00fc ve daha sorunsuz \u00e7al\u0131\u015fma sa\u011flar.<\/p>\n<p data-start=\"743\" data-end=\"860\">Bu model, altyap\u0131 geli\u015ftirme, end\u00fcstriyel \u00e7elik i\u015fleme ve y\u00fcksek katl\u0131 temel i\u015flerinde yayg\u0131n olarak kullan\u0131lmaktad\u0131r.<\/p>\n<h3 data-start=\"867\" data-end=\"913\">Daha Az Diren\u00e7le D\u00fczg\u00fcn Yuvarlanan Kesim<\/h3>\n<p data-start=\"915\" data-end=\"1235\">Yuvarlak b\u0131\u00e7ak mekanizmas\u0131, kesme hareketi s\u0131ras\u0131nda hafif\u00e7e d\u00f6nerek do\u011frudan bir z\u0131mba yerine kayarak kesme etkisi yarat\u0131r. Bu sadece kesim hassasiyetini art\u0131rmakla kalmaz, ayn\u0131 zamanda motor y\u00fck\u00fcn\u00fc de azalt\u0131r. Sonu\u00e7 olarak, ekibiniz daha az g\u00fcr\u00fclt\u00fc, daha az titre\u015fim ve daha iyi enerji verimlili\u011fi ile vardiya ba\u015f\u0131na daha fazla \u00e7ubuk kesebilir.<\/p>\n<p data-start=\"1237\" data-end=\"1486\">Y\u00fcksek torklu bak\u0131r motordan g\u00fc\u00e7 alan Demir Kesme Makinesi GQ55 (Yuvarlak B\u0131\u00e7ak), zorlu \u015fantiye ko\u015fullar\u0131nda tutarl\u0131 bir \u015fekilde \u00e7al\u0131\u015f\u0131r. Dahili di\u015fli kutusu g\u00fc\u00e7lendirilmi\u015f ve \u0131s\u0131l i\u015fleme tabi tutularak uzun \u00f6m\u00fcrl\u00fc mekanik g\u00fcvenilirlik sa\u011flanm\u0131\u015ft\u0131r.<\/p>\n<h3 data-start=\"1493\" data-end=\"1543\">Zorlu \u015eantiye Ortamlar\u0131na Dayanacak \u015eekilde \u00dcretilmi\u015ftir<\/h3>\n<p data-start=\"1545\" data-end=\"1808\">Daha b\u00fcy\u00fck in\u015faat demirlerinin a\u011f\u0131rl\u0131\u011f\u0131n\u0131 ve uzun \u00e7al\u0131\u015fma d\u00f6ng\u00fclerini kald\u0131rabilmek i\u00e7in bu makine kal\u0131nla\u015ft\u0131r\u0131lm\u0131\u015f bir d\u00f6kme demir \u00e7er\u00e7eve ile \u00fcretilmi\u015ftir. Genel yap\u0131 deformasyona ve darbe gerilimine kar\u015f\u0131 diren\u00e7 g\u00f6sterirken, sa\u011flam ta\u015f\u0131ma tekerlekleri engebeli arazide bile kolay yer de\u011fi\u015ftirmeyi sa\u011flar.<\/p>\n<p data-start=\"1810\" data-end=\"2074\">Ayr\u0131ca, manuel kol operat\u00f6re her kesim \u00fczerinde tam kontrol sa\u011flarken, b\u0131\u00e7ak eri\u015fimi h\u0131zl\u0131 ve alet dostudur, bak\u0131m s\u0131ras\u0131nda ar\u0131za s\u00fcresini azaltmaya yard\u0131mc\u0131 olur. Uluslararas\u0131 g\u00fc\u00e7 uyarlanabilirli\u011fi (220V\/380V, 50Hz\/60Hz) k\u00fcresel kullan\u0131labilirli\u011fini daha da destekler.<\/p>\n<h3 data-start=\"2081\" data-end=\"2145\">Profesyoneller Neden GQ55 Yuvarlak B\u0131\u00e7akl\u0131 \u0130n\u015faat Demiri Kesiciyi Se\u00e7iyor?<\/h3>\n<ul data-start=\"2147\" data-end=\"2376\">\n<li data-start=\"2147\" data-end=\"2210\">\n<p data-start=\"2149\" data-end=\"2210\">Haddeleme makas\u0131 kullanarak 6-42 mm \u00e7elik \u00e7ubuklar\u0131 verimli bir \u015fekilde i\u015fler<\/p>\n<\/li>\n<li data-start=\"2211\" data-end=\"2259\">\n<p data-start=\"2213\" data-end=\"2259\">Daha az titre\u015fim ve daha uzun b\u0131\u00e7ak dayan\u0131kl\u0131l\u0131\u011f\u0131<\/p>\n<\/li>\n<li data-start=\"2260\" data-end=\"2328\">\n<p data-start=\"2262\" data-end=\"2328\">Zorlu end\u00fcstriyel ko\u015fullarda s\u00fcrekli \u00e7al\u0131\u015fma i\u00e7in uygundur<\/p>\n<\/li>\n<li data-start=\"2329\" data-end=\"2376\">\n<p data-start=\"2331\" data-end=\"2376\">\u00c7oklu voltaj deste\u011fi ile ihracat i\u00e7in ideal<\/p>\n<\/li>\n<\/ul>\n<p><iframe title=\"in\u015faat demiri kesicisi in\u015faat demiri kesme makinas\u0131 in\u015faat demiri makinas\u0131, \u00e7elik \u00e7ubuk kesme makinas\u0131, in\u015faat makinalar\u0131\" width=\"720\" height=\"405\" src=\"https:\/\/www.youtube.com\/embed\/cIrJPBezWsw?feature=oembed\" frameborder=\"0\" allow=\"accelerometer; autoplay; clipboard-write; encrypted-media; gyroscope; picture-in-picture; web-share\" referrerpolicy=\"strict-origin-when-cross-origin\" allowfullscreen><\/iframe><\/p>","protected":false},"excerpt":{"rendered":"<p>GQ55 Yuvarlak B\u0131\u00e7akl\u0131 \u0130n\u015faat Demiri Kesici, 6-42 mm \u00e7ubuklar i\u00e7in y\u00fcksek h\u0131zl\u0131, d\u00fc\u015f\u00fck diren\u00e7li kesim sa\u011flar. Yuvarlanan b\u0131\u00e7ak tasar\u0131m\u0131, uzun saatler s\u00fcren \u00e7al\u0131\u015fmalarda verimi art\u0131r\u0131r ve a\u015f\u0131nmay\u0131 en aza indirir.<\/p>","protected":false},"featured_media":8931,"template":"","meta":{"_kad_post_transparent":"default","_kad_post_title":"","_kad_post_layout":"default","_kad_post_sidebar_id":"","_kad_post_content_style":"default","_kad_post_vertical_padding":"default","_kad_post_feature":"","_kad_post_feature_position":"","_kad_post_header":false,"_kad_post_footer":false},"product_brand":[],"product_cat":[51],"product_tag":[988,992,990,989,993,985,994,987,984,991,986],"class_list":{"0":"post-8930","1":"product","2":"type-product","3":"status-publish","4":"has-post-thumbnail","6":"product_cat-rebar-cutting-machine","7":"product_tag-automatic-rebar-cutter","8":"product_tag-construction-steel-bar-cutter","9":"product_tag-electric-rebar-cutting-tool","10":"product_tag-hydraulic-rebar-cutting-machine","11":"product_tag-portable-rebar-cutting-machine","12":"product_tag-rebar-cutter","13":"product_tag-rebar-cutting-machine","14":"product_tag-reinforcement-bar-cutter","15":"product_tag-steel-bar-cutting-machine","16":"product_tag-steel-rod-cutter-machine","17":"product_tag-tmt-bar-cutting-machine","19":"first","20":"instock","21":"shipping-taxable","22":"product-type-simple","23":"entry","24":"content-bg","25":"loop-entry"},"yoast_head":"<!-- This site is optimized with the Yoast SEO plugin v25.3.1 - https:\/\/yoast.com\/wordpress\/plugins\/seo\/ -->\n<title>Rebar Cutting Machine GQ55 (Round knife) - HSY Construction Machinery<\/title>\n<meta name=\"description\" content=\"Rebar Cutting Machine GQ55 (Round Knife) processes 6\u201342mm rebar using rolling-shear action. Built for durability, smooth cuts, and global export needs.\" \/>\n<meta name=\"robots\" content=\"index, follow, max-snippet:-1, max-image-preview:large, max-video-preview:-1\" \/>\n<link rel=\"canonical\" href=\"https:\/\/www.hsymachinery.com\/tr\/product\/insaat-demiri-kesme-makinesi-gq55-yuvarlak-bicak\/\" \/>\n<meta property=\"og:locale\" content=\"tr_TR\" \/>\n<meta property=\"og:type\" content=\"article\" \/>\n<meta property=\"og:title\" content=\"Rebar Cutting Machine GQ55 (Round knife) - HSY Construction Machinery\" \/>\n<meta property=\"og:description\" content=\"Rebar Cutting Machine GQ55 (Round Knife) processes 6\u201342mm rebar using rolling-shear action. Built for durability, smooth cuts, and global export needs.\" \/>\n<meta property=\"og:url\" content=\"https:\/\/www.hsymachinery.com\/tr\/product\/insaat-demiri-kesme-makinesi-gq55-yuvarlak-bicak\/\" \/>\n<meta property=\"og:site_name\" content=\"HSY Construction Machinery\" \/>\n<meta property=\"article:modified_time\" content=\"2025-06-25T13:06:25+00:00\" \/>\n<meta property=\"og:image\" content=\"https:\/\/www.hsymachinery.com\/wp-content\/uploads\/2025\/06\/Rebar-Cutting-Machine-GQ55-Round-knife.jpg\" \/>\n\t<meta property=\"og:image:width\" content=\"600\" \/>\n\t<meta property=\"og:image:height\" content=\"600\" \/>\n\t<meta property=\"og:image:type\" content=\"image\/jpeg\" \/>\n<meta name=\"twitter:card\" content=\"summary_large_image\" \/>\n<meta name=\"twitter:label1\" content=\"Tahmini okuma s\u00fcresi\" \/>\n\t<meta name=\"twitter:data1\" content=\"2 dakika\" \/>\n<script type=\"application\/ld+json\" class=\"yoast-schema-graph\">{\"@context\":\"https:\/\/schema.org\",\"@graph\":[{\"@type\":\"WebPage\",\"@id\":\"https:\/\/www.hsymachinery.com\/product\/rebar-cutting-machine-gq55-round-knife\/\",\"url\":\"https:\/\/www.hsymachinery.com\/product\/rebar-cutting-machine-gq55-round-knife\/\",\"name\":\"Rebar Cutting Machine GQ55 (Round knife) - HSY Construction Machinery\",\"isPartOf\":{\"@id\":\"https:\/\/www.hsymachinery.com\/#website\"},\"primaryImageOfPage\":{\"@id\":\"https:\/\/www.hsymachinery.com\/product\/rebar-cutting-machine-gq55-round-knife\/#primaryimage\"},\"image\":{\"@id\":\"https:\/\/www.hsymachinery.com\/product\/rebar-cutting-machine-gq55-round-knife\/#primaryimage\"},\"thumbnailUrl\":\"https:\/\/www.hsymachinery.com\/wp-content\/uploads\/2025\/06\/Rebar-Cutting-Machine-GQ55-Round-knife.jpg\",\"datePublished\":\"2025-06-18T03:28:57+00:00\",\"dateModified\":\"2025-06-25T13:06:25+00:00\",\"description\":\"Rebar Cutting Machine GQ55 (Round Knife) processes 6\u201342mm rebar using rolling-shear action. Built for durability, smooth cuts, and global export needs.\",\"breadcrumb\":{\"@id\":\"https:\/\/www.hsymachinery.com\/product\/rebar-cutting-machine-gq55-round-knife\/#breadcrumb\"},\"inLanguage\":\"tr\",\"potentialAction\":[{\"@type\":\"ReadAction\",\"target\":[\"https:\/\/www.hsymachinery.com\/product\/rebar-cutting-machine-gq55-round-knife\/\"]}]},{\"@type\":\"ImageObject\",\"inLanguage\":\"tr\",\"@id\":\"https:\/\/www.hsymachinery.com\/product\/rebar-cutting-machine-gq55-round-knife\/#primaryimage\",\"url\":\"https:\/\/www.hsymachinery.com\/wp-content\/uploads\/2025\/06\/Rebar-Cutting-Machine-GQ55-Round-knife.jpg\",\"contentUrl\":\"https:\/\/www.hsymachinery.com\/wp-content\/uploads\/2025\/06\/Rebar-Cutting-Machine-GQ55-Round-knife.jpg\",\"width\":600,\"height\":600},{\"@type\":\"BreadcrumbList\",\"@id\":\"https:\/\/www.hsymachinery.com\/product\/rebar-cutting-machine-gq55-round-knife\/#breadcrumb\",\"itemListElement\":[{\"@type\":\"ListItem\",\"position\":1,\"name\":\"home\",\"item\":\"https:\/\/www.hsymachinery.com\/\"},{\"@type\":\"ListItem\",\"position\":2,\"name\":\"products\",\"item\":\"https:\/\/www.hsymachinery.com\/products\/\"},{\"@type\":\"ListItem\",\"position\":3,\"name\":\"Rebar Cutting Machine GQ55 (Round knife)\"}]},{\"@type\":\"WebSite\",\"@id\":\"https:\/\/www.hsymachinery.com\/#website\",\"url\":\"https:\/\/www.hsymachinery.com\/\",\"name\":\"HSY Construction Machinery\",\"description\":\"HSY Machinery \u2013 A leading China construction machinery supplier, offering a wide range of light construction equipment. Our main products include Rebar Cutting Machine, Rebar Bending Machine, Rebar Stirrup Bending Machine, Rebar Arc Bending Machine, Rebar Straightening Machine, Five-Head Rebar Stirrup Bending Machine, Tamping Rammer, Plate Compactor, Concrete Cutter, Power Trowel, and other construction machinery. We are equipped with advanced CNC machines, and we enforce strict quality inspection standards along with comprehensive after-sales service. If you are interested in our products or services, we warmly welcome your inquiries via message.\",\"publisher\":{\"@id\":\"https:\/\/www.hsymachinery.com\/#organization\"},\"potentialAction\":[{\"@type\":\"SearchAction\",\"target\":{\"@type\":\"EntryPoint\",\"urlTemplate\":\"https:\/\/www.hsymachinery.com\/?s={search_term_string}\"},\"query-input\":{\"@type\":\"PropertyValueSpecification\",\"valueRequired\":true,\"valueName\":\"search_term_string\"}}],\"inLanguage\":\"tr\"},{\"@type\":\"Organization\",\"@id\":\"https:\/\/www.hsymachinery.com\/#organization\",\"name\":\"HSY Construction Machinery\",\"url\":\"https:\/\/www.hsymachinery.com\/\",\"logo\":{\"@type\":\"ImageObject\",\"inLanguage\":\"tr\",\"@id\":\"https:\/\/www.hsymachinery.com\/#\/schema\/logo\/image\/\",\"url\":\"https:\/\/www.hsymachinery.com\/wp-content\/uploads\/2025\/06\/cropped-HSY-machinery.png\",\"contentUrl\":\"https:\/\/www.hsymachinery.com\/wp-content\/uploads\/2025\/06\/cropped-HSY-machinery.png\",\"width\":600,\"height\":240,\"caption\":\"HSY Construction Machinery\"},\"image\":{\"@id\":\"https:\/\/www.hsymachinery.com\/#\/schema\/logo\/image\/\"}}]}<\/script>\n<!-- \/ Yoast SEO plugin. -->","yoast_head_json":{"title":"\u0130n\u015faat Demiri Kesme Makinesi GQ55 (Yuvarlak b\u0131\u00e7ak) - HSY \u0130n\u015faat Makinalar\u0131","description":"\u0130n\u015faat Demiri Kesme Makinesi GQ55 (Yuvarlak B\u0131\u00e7ak), haddeleme-kesme i\u015flemi kullanarak 6-42 mm in\u015faat demirini i\u015fler. Dayan\u0131kl\u0131l\u0131k, p\u00fcr\u00fczs\u00fcz kesimler ve k\u00fcresel ihracat ihtiya\u00e7lar\u0131 i\u00e7in \u00fcretilmi\u015ftir.","robots":{"index":"index","follow":"follow","max-snippet":"max-snippet:-1","max-image-preview":"max-image-preview:large","max-video-preview":"max-video-preview:-1"},"canonical":"https:\/\/www.hsymachinery.com\/tr\/product\/insaat-demiri-kesme-makinesi-gq55-yuvarlak-bicak\/","og_locale":"tr_TR","og_type":"article","og_title":"Rebar Cutting Machine GQ55 (Round knife) - HSY Construction Machinery","og_description":"Rebar Cutting Machine GQ55 (Round Knife) processes 6\u201342mm rebar using rolling-shear action. Built for durability, smooth cuts, and global export needs.","og_url":"https:\/\/www.hsymachinery.com\/tr\/product\/insaat-demiri-kesme-makinesi-gq55-yuvarlak-bicak\/","og_site_name":"HSY Construction Machinery","article_modified_time":"2025-06-25T13:06:25+00:00","og_image":[{"width":600,"height":600,"url":"https:\/\/www.hsymachinery.com\/wp-content\/uploads\/2025\/06\/Rebar-Cutting-Machine-GQ55-Round-knife.jpg","type":"image\/jpeg"}],"twitter_card":"summary_large_image","twitter_misc":{"Tahmini okuma s\u00fcresi":"2 dakika"},"schema":{"@context":"https:\/\/schema.org","@graph":[{"@type":"WebPage","@id":"https:\/\/www.hsymachinery.com\/product\/rebar-cutting-machine-gq55-round-knife\/","url":"https:\/\/www.hsymachinery.com\/product\/rebar-cutting-machine-gq55-round-knife\/","name":"\u0130n\u015faat Demiri Kesme Makinesi GQ55 (Yuvarlak b\u0131\u00e7ak) - HSY \u0130n\u015faat Makinalar\u0131","isPartOf":{"@id":"https:\/\/www.hsymachinery.com\/#website"},"primaryImageOfPage":{"@id":"https:\/\/www.hsymachinery.com\/product\/rebar-cutting-machine-gq55-round-knife\/#primaryimage"},"image":{"@id":"https:\/\/www.hsymachinery.com\/product\/rebar-cutting-machine-gq55-round-knife\/#primaryimage"},"thumbnailUrl":"https:\/\/www.hsymachinery.com\/wp-content\/uploads\/2025\/06\/Rebar-Cutting-Machine-GQ55-Round-knife.jpg","datePublished":"2025-06-18T03:28:57+00:00","dateModified":"2025-06-25T13:06:25+00:00","description":"\u0130n\u015faat Demiri Kesme Makinesi GQ55 (Yuvarlak B\u0131\u00e7ak), haddeleme-kesme i\u015flemi kullanarak 6-42 mm in\u015faat demirini i\u015fler. Dayan\u0131kl\u0131l\u0131k, p\u00fcr\u00fczs\u00fcz kesimler ve k\u00fcresel ihracat ihtiya\u00e7lar\u0131 i\u00e7in \u00fcretilmi\u015ftir.","breadcrumb":{"@id":"https:\/\/www.hsymachinery.com\/product\/rebar-cutting-machine-gq55-round-knife\/#breadcrumb"},"inLanguage":"tr","potentialAction":[{"@type":"ReadAction","target":["https:\/\/www.hsymachinery.com\/product\/rebar-cutting-machine-gq55-round-knife\/"]}]},{"@type":"ImageObject","inLanguage":"tr","@id":"https:\/\/www.hsymachinery.com\/product\/rebar-cutting-machine-gq55-round-knife\/#primaryimage","url":"https:\/\/www.hsymachinery.com\/wp-content\/uploads\/2025\/06\/Rebar-Cutting-Machine-GQ55-Round-knife.jpg","contentUrl":"https:\/\/www.hsymachinery.com\/wp-content\/uploads\/2025\/06\/Rebar-Cutting-Machine-GQ55-Round-knife.jpg","width":600,"height":600},{"@type":"BreadcrumbList","@id":"https:\/\/www.hsymachinery.com\/product\/rebar-cutting-machine-gq55-round-knife\/#breadcrumb","itemListElement":[{"@type":"ListItem","position":1,"name":"home","item":"https:\/\/www.hsymachinery.com\/"},{"@type":"ListItem","position":2,"name":"products","item":"https:\/\/www.hsymachinery.com\/products\/"},{"@type":"ListItem","position":3,"name":"Rebar Cutting Machine GQ55 (Round knife)"}]},{"@type":"WebSite","@id":"https:\/\/www.hsymachinery.com\/#website","url":"https:\/\/www.hsymachinery.com\/","name":"HSY \u0130n\u015faat Makineleri","description":"HSY Machinery - \u00c7ok \u00e7e\u015fitli hafif in\u015faat ekipmanlar\u0131 sunan lider bir \u00c7in in\u015faat makineleri tedarik\u00e7isi. Ba\u015fl\u0131ca \u00fcr\u00fcnlerimiz aras\u0131nda Demir Kesme Makinesi, Demir B\u00fckme Makinesi, Demir \u00dczengi B\u00fckme Makinesi, Demir Ark B\u00fckme Makinesi, Demir Do\u011frultma Makinesi, Be\u015f Kafal\u0131 Demir \u00dczengi B\u00fckme Makinesi, S\u0131k\u0131\u015ft\u0131rma Tokma\u011f\u0131, Plaka Kompakt\u00f6r\u00fc, Beton Kesici, Elektrikli Mala ve di\u011fer in\u015faat makineleri bulunmaktad\u0131r. Geli\u015fmi\u015f CNC makineleri ile donat\u0131lm\u0131\u015ft\u0131r ve kapsaml\u0131 sat\u0131\u015f sonras\u0131 hizmet ile birlikte s\u0131k\u0131 kalite kontrol standartlar\u0131n\u0131 uyguluyoruz. \u00dcr\u00fcnlerimiz veya hizmetlerimizle ilgileniyorsan\u0131z, sorular\u0131n\u0131z\u0131 mesaj yoluyla s\u0131cak bir \u015fekilde kar\u015f\u0131l\u0131yoruz.","publisher":{"@id":"https:\/\/www.hsymachinery.com\/#organization"},"potentialAction":[{"@type":"SearchAction","target":{"@type":"EntryPoint","urlTemplate":"https:\/\/www.hsymachinery.com\/?s={search_term_string}"},"query-input":{"@type":"PropertyValueSpecification","valueRequired":true,"valueName":"search_term_string"}}],"inLanguage":"tr"},{"@type":"Organization","@id":"https:\/\/www.hsymachinery.com\/#organization","name":"HSY \u0130n\u015faat Makineleri","url":"https:\/\/www.hsymachinery.com\/","logo":{"@type":"ImageObject","inLanguage":"tr","@id":"https:\/\/www.hsymachinery.com\/#\/schema\/logo\/image\/","url":"https:\/\/www.hsymachinery.com\/wp-content\/uploads\/2025\/06\/cropped-HSY-machinery.png","contentUrl":"https:\/\/www.hsymachinery.com\/wp-content\/uploads\/2025\/06\/cropped-HSY-machinery.png","width":600,"height":240,"caption":"HSY Construction Machinery"},"image":{"@id":"https:\/\/www.hsymachinery.com\/#\/schema\/logo\/image\/"}}]}},"_links":{"self":[{"href":"https:\/\/www.hsymachinery.com\/tr\/wp-json\/wp\/v2\/product\/8930","targetHints":{"allow":["GET"]}}],"collection":[{"href":"https:\/\/www.hsymachinery.com\/tr\/wp-json\/wp\/v2\/product"}],"about":[{"href":"https:\/\/www.hsymachinery.com\/tr\/wp-json\/wp\/v2\/types\/product"}],"version-history":[{"count":3,"href":"https:\/\/www.hsymachinery.com\/tr\/wp-json\/wp\/v2\/product\/8930\/revisions"}],"predecessor-version":[{"id":9335,"href":"https:\/\/www.hsymachinery.com\/tr\/wp-json\/wp\/v2\/product\/8930\/revisions\/9335"}],"wp:featuredmedia":[{"embeddable":true,"href":"https:\/\/www.hsymachinery.com\/tr\/wp-json\/wp\/v2\/media\/8931"}],"wp:attachment":[{"href":"https:\/\/www.hsymachinery.com\/tr\/wp-json\/wp\/v2\/media?parent=8930"}],"wp:term":[{"taxonomy":"product_brand","embeddable":true,"href":"https:\/\/www.hsymachinery.com\/tr\/wp-json\/wp\/v2\/product_brand?post=8930"},{"taxonomy":"product_cat","embeddable":true,"href":"https:\/\/www.hsymachinery.com\/tr\/wp-json\/wp\/v2\/product_cat?post=8930"},{"taxonomy":"product_tag","embeddable":true,"href":"https:\/\/www.hsymachinery.com\/tr\/wp-json\/wp\/v2\/product_tag?post=8930"}],"curies":[{"name":"wp","href":"https:\/\/api.w.org\/{rel}","templated":true}]}}