{"id":8924,"date":"2025-06-18T11:25:48","date_gmt":"2025-06-18T03:25:48","guid":{"rendered":"https:\/\/www.hsymachinery.com\/?post_type=product&#038;p=8924"},"modified":"2025-06-25T20:59:05","modified_gmt":"2025-06-25T12:59:05","slug":"insaat-demiri-kesme-makinesi-gq50-yuvarlak-bicak","status":"publish","type":"product","link":"https:\/\/www.hsymachinery.com\/tr\/product\/insaat-demiri-kesme-makinesi-gq50-yuvarlak-bicak\/","title":{"rendered":"\u0130n\u015faat Demiri Kesme Makinesi GQ50 (Yuvarlak b\u0131\u00e7ak)"},"content":{"rendered":"<h3 data-start=\"232\" data-end=\"318\">\u00dcr\u00fcne Genel Bak\u0131\u015f - 6-40mm \u00c7elik \u00c7ubuklar i\u00e7in Y\u00fcksek Kapasiteli \u0130n\u015faat Demiri \u0130\u015fleme Makinesi<\/h3>\n<p data-start=\"320\" data-end=\"709\">Bu <strong data-start=\"324\" data-end=\"368\">\u0130n\u015faat Demiri Kesme Makinesi GQ50 (Yuvarlak B\u0131\u00e7ak)<\/strong> b\u00fcy\u00fck \u00f6l\u00e7ekli ve s\u00fcrekli \u00e7al\u0131\u015fma i\u00e7in tasarlanm\u0131\u015f g\u00fc\u00e7l\u00fc ve verimli bir \u00e7elik \u00e7ubuk kesme makinesidir. A\u015fa\u011f\u0131dakilerin kesilmesini destekler <strong data-start=\"497\" data-end=\"512\">6 mm ila 40 mm<\/strong> karbon \u00e7eli\u011fi, deforme \u00e7ubuklar ve yuvarlak in\u015faat demiri. Yuvarlak b\u0131\u00e7ak tasar\u0131m\u0131, geleneksel d\u00fcz b\u0131\u00e7aklara k\u0131yasla direnci ve b\u0131\u00e7ak a\u015f\u0131nmas\u0131n\u0131 b\u00fcy\u00fck \u00f6l\u00e7\u00fcde azaltan bir yuvarlanarak kesme i\u015flemi sunar.<\/p>\n<p data-start=\"711\" data-end=\"855\">Bu model, yol ve k\u00f6pr\u00fc in\u015faatlar\u0131nda, ticari binalarda, in\u015faat demiri prefabrikasyon at\u00f6lyelerinde ve altyap\u0131 geli\u015ftirmede yayg\u0131n olarak kullan\u0131lmaktad\u0131r.<\/p>\n<h3 data-start=\"862\" data-end=\"913\">Temiz, H\u0131zl\u0131 Kesimler i\u00e7in Yuvarlanan Kesme Mekanizmas\u0131<\/h3>\n<p data-start=\"915\" data-end=\"1212\">Yuvarlak b\u0131\u00e7ak sistemi, \u00e7elik \u00e7ubuk boyunca yuvarlanma bas\u0131nc\u0131 uygulayarak daha p\u00fcr\u00fczs\u00fcz bir kesme deneyimi yarat\u0131r. Sonu\u00e7 olarak, kesme y\u00fczeyi daha temiz, daha d\u00fczg\u00fcn ve deformasyona daha az meyillidir. Ayr\u0131ca tasar\u0131m, motor \u00fczerindeki gerilimi azalt\u0131r ve b\u0131\u00e7aklar\u0131n \u00f6mr\u00fcn\u00fc uzat\u0131r.<\/p>\n<p data-start=\"1214\" data-end=\"1524\">Bu <strong data-start=\"1218\" data-end=\"1262\"><a href=\"https:\/\/www.hsymachinery.com\/tr\/urunler\/insaat-demiri-kesme-makinesi\/\" target=\"_blank\" rel=\"noopener\">\u0130n\u015faat Demiri Kesme Makinesi<\/a> GQ50 (Yuvarlak B\u0131\u00e7ak)<\/strong> uzun \u00e7al\u0131\u015fma seanslar\u0131nda bile tutarl\u0131 tork \u00e7\u0131k\u0131\u015f\u0131 sa\u011flamak i\u00e7in birlikte \u00e7al\u0131\u015fan y\u00fcksek verimli bir bak\u0131r motor ve hassas di\u015fli kutusu ile donat\u0131lm\u0131\u015ft\u0131r. Motor minimum \u0131s\u0131 birikimi ve titre\u015fimle \u00e7al\u0131\u015farak g\u00fcvenli, sessiz ve istikrarl\u0131 bir \u00e7al\u0131\u015fma sa\u011flar.<\/p>\n<h3 data-start=\"1531\" data-end=\"1587\">K\u00fcresel Uyumluluk ile A\u011f\u0131r Hizmet Tipi Yap\u0131<\/h3>\n<p data-start=\"1589\" data-end=\"1844\">\u015easi, g\u00fc\u00e7lendirilmi\u015f d\u00f6kme demirden \u00fcretilmi\u015ftir ve m\u00fckemmel g\u00fc\u00e7 ve \u015fok direnci sa\u011flar. Makine, i\u015f sahalar\u0131nda kolay yer de\u011fi\u015ftirme i\u00e7in sa\u011flam tekerlekler i\u00e7erir ve manuel kontrol kolu operat\u00f6rlere her kesimde hassas kullan\u0131m sa\u011flar.<\/p>\n<p data-start=\"1846\" data-end=\"2037\">Ayr\u0131ca, a\u00e7\u0131k eri\u015fimli tasar\u0131m, b\u0131\u00e7ak de\u011fi\u015fimlerini ve dahili servis i\u015flemlerini h\u0131zl\u0131 ve basit hale getirir. \u0130le <strong data-start=\"1947\" data-end=\"1982\">220V\/380V ve 50Hz\/60Hz se\u00e7enekleri<\/strong>Bu makine uluslararas\u0131 ihracat i\u00e7in tamamen haz\u0131rd\u0131r.<\/p>\n<h3 data-start=\"2044\" data-end=\"2089\">Neden GQ50 Yuvarlak B\u0131\u00e7akl\u0131 Kesiciyi Se\u00e7melisiniz?<\/h3>\n<ul data-start=\"2091\" data-end=\"2296\">\n<li data-start=\"2091\" data-end=\"2149\">\n<p data-start=\"2093\" data-end=\"2149\">Yuvarlak b\u0131\u00e7akl\u0131 yuvarlama hareketi ile 6-40 mm \u00e7elik \u00e7ubuklar\u0131 keser<\/p>\n<\/li>\n<li data-start=\"2150\" data-end=\"2205\">\n<p data-start=\"2152\" data-end=\"2205\">Kesme direncini azalt\u0131r ve verimlili\u011fi art\u0131r\u0131r<\/p>\n<\/li>\n<li data-start=\"2206\" data-end=\"2254\">\n<p data-start=\"2208\" data-end=\"2254\">H\u0131zl\u0131 bak\u0131m eri\u015fimi ile dayan\u0131kl\u0131 tasar\u0131m<\/p>\n<\/li>\n<li data-start=\"2255\" data-end=\"2296\">\n<p data-start=\"2257\" data-end=\"2296\">A\u011f\u0131r hizmet ve ihracat pazarlar\u0131 i\u00e7in ideal<\/p>\n<\/li>\n<\/ul>\n<p data-start=\"2298\" data-end=\"2419\">Se\u00e7in <strong data-start=\"2309\" data-end=\"2353\">\u0130n\u015faat Demiri Kesme Makinesi GQ50 (Yuvarlak B\u0131\u00e7ak)<\/strong> \u00e7elik \u00e7ubuk i\u015flemenizi maksimum g\u00fcvenilirlikle kolayla\u015ft\u0131rmak i\u00e7in.<\/p>\n<p><iframe title=\"in\u015faat demiri kesicisi in\u015faat demiri kesme makinas\u0131 in\u015faat demiri makinas\u0131, \u00e7elik \u00e7ubuk kesme makinas\u0131, in\u015faat makinalar\u0131\" width=\"720\" height=\"405\" src=\"https:\/\/www.youtube.com\/embed\/cIrJPBezWsw?feature=oembed\" frameborder=\"0\" allow=\"accelerometer; autoplay; clipboard-write; encrypted-media; gyroscope; picture-in-picture; web-share\" referrerpolicy=\"strict-origin-when-cross-origin\" allowfullscreen><\/iframe><\/p>","protected":false},"excerpt":{"rendered":"<p>GQ50 Yuvarlak B\u0131\u00e7akl\u0131 Demir Kesme Makinesi, 6-40 mm \u00e7elik \u00e7ubuklar\u0131 yuvarlanan makasla verimli bir \u015fekilde i\u015fler, p\u00fcr\u00fczs\u00fcz kesimler, d\u00fc\u015f\u00fck diren\u00e7 ve s\u00fcrekli saha \u00e7al\u0131\u015fmas\u0131 i\u00e7in y\u00fcksek dayan\u0131kl\u0131l\u0131k sa\u011flar.<\/p>","protected":false},"featured_media":8925,"template":"","meta":{"_kad_post_transparent":"default","_kad_post_title":"","_kad_post_layout":"default","_kad_post_sidebar_id":"","_kad_post_content_style":"default","_kad_post_vertical_padding":"default","_kad_post_feature":"","_kad_post_feature_position":"","_kad_post_header":false,"_kad_post_footer":false},"product_brand":[],"product_cat":[51],"product_tag":[988,992,990,989,993,985,994,987,984,991,986],"class_list":{"0":"post-8924","1":"product","2":"type-product","3":"status-publish","4":"has-post-thumbnail","6":"product_cat-rebar-cutting-machine","7":"product_tag-automatic-rebar-cutter","8":"product_tag-construction-steel-bar-cutter","9":"product_tag-electric-rebar-cutting-tool","10":"product_tag-hydraulic-rebar-cutting-machine","11":"product_tag-portable-rebar-cutting-machine","12":"product_tag-rebar-cutter","13":"product_tag-rebar-cutting-machine","14":"product_tag-reinforcement-bar-cutter","15":"product_tag-steel-bar-cutting-machine","16":"product_tag-steel-rod-cutter-machine","17":"product_tag-tmt-bar-cutting-machine","19":"first","20":"instock","21":"shipping-taxable","22":"product-type-simple","23":"entry","24":"content-bg","25":"loop-entry"},"yoast_head":"<!-- This site is optimized with the Yoast SEO plugin v25.3.1 - https:\/\/yoast.com\/wordpress\/plugins\/seo\/ -->\n<title>Rebar Cutting Machine GQ50 (Round knife) - HSY Construction Machinery<\/title>\n<meta name=\"description\" content=\"Rebar Cutting Machine GQ50 (Round Knife) delivers fast, clean rolling-shear cuts for 6\u201340mm rebar. Built for high-output construction and international markets.\" \/>\n<meta name=\"robots\" content=\"index, follow, max-snippet:-1, max-image-preview:large, max-video-preview:-1\" \/>\n<link rel=\"canonical\" href=\"https:\/\/www.hsymachinery.com\/tr\/product\/insaat-demiri-kesme-makinesi-gq50-yuvarlak-bicak\/\" \/>\n<meta property=\"og:locale\" content=\"tr_TR\" \/>\n<meta property=\"og:type\" content=\"article\" \/>\n<meta property=\"og:title\" content=\"Rebar Cutting Machine GQ50 (Round knife) - HSY Construction Machinery\" \/>\n<meta property=\"og:description\" content=\"Rebar Cutting Machine GQ50 (Round Knife) delivers fast, clean rolling-shear cuts for 6\u201340mm rebar. Built for high-output construction and international markets.\" \/>\n<meta property=\"og:url\" content=\"https:\/\/www.hsymachinery.com\/tr\/product\/insaat-demiri-kesme-makinesi-gq50-yuvarlak-bicak\/\" \/>\n<meta property=\"og:site_name\" content=\"HSY Construction Machinery\" \/>\n<meta property=\"article:modified_time\" content=\"2025-06-25T12:59:05+00:00\" \/>\n<meta property=\"og:image\" content=\"https:\/\/www.hsymachinery.com\/wp-content\/uploads\/2025\/06\/Rebar-Cutting-Machine-GQ50-Round-knife.jpg\" \/>\n\t<meta property=\"og:image:width\" content=\"600\" \/>\n\t<meta property=\"og:image:height\" content=\"600\" \/>\n\t<meta property=\"og:image:type\" content=\"image\/jpeg\" \/>\n<meta name=\"twitter:card\" content=\"summary_large_image\" \/>\n<meta name=\"twitter:label1\" content=\"Tahmini okuma s\u00fcresi\" \/>\n\t<meta name=\"twitter:data1\" content=\"2 dakika\" \/>\n<script type=\"application\/ld+json\" class=\"yoast-schema-graph\">{\"@context\":\"https:\/\/schema.org\",\"@graph\":[{\"@type\":\"WebPage\",\"@id\":\"https:\/\/www.hsymachinery.com\/product\/rebar-cutting-machine-gq50-round-knife\/\",\"url\":\"https:\/\/www.hsymachinery.com\/product\/rebar-cutting-machine-gq50-round-knife\/\",\"name\":\"Rebar Cutting Machine GQ50 (Round knife) - HSY Construction Machinery\",\"isPartOf\":{\"@id\":\"https:\/\/www.hsymachinery.com\/#website\"},\"primaryImageOfPage\":{\"@id\":\"https:\/\/www.hsymachinery.com\/product\/rebar-cutting-machine-gq50-round-knife\/#primaryimage\"},\"image\":{\"@id\":\"https:\/\/www.hsymachinery.com\/product\/rebar-cutting-machine-gq50-round-knife\/#primaryimage\"},\"thumbnailUrl\":\"https:\/\/www.hsymachinery.com\/wp-content\/uploads\/2025\/06\/Rebar-Cutting-Machine-GQ50-Round-knife.jpg\",\"datePublished\":\"2025-06-18T03:25:48+00:00\",\"dateModified\":\"2025-06-25T12:59:05+00:00\",\"description\":\"Rebar Cutting Machine GQ50 (Round Knife) delivers fast, clean rolling-shear cuts for 6\u201340mm rebar. Built for high-output construction and international markets.\",\"breadcrumb\":{\"@id\":\"https:\/\/www.hsymachinery.com\/product\/rebar-cutting-machine-gq50-round-knife\/#breadcrumb\"},\"inLanguage\":\"tr\",\"potentialAction\":[{\"@type\":\"ReadAction\",\"target\":[\"https:\/\/www.hsymachinery.com\/product\/rebar-cutting-machine-gq50-round-knife\/\"]}]},{\"@type\":\"ImageObject\",\"inLanguage\":\"tr\",\"@id\":\"https:\/\/www.hsymachinery.com\/product\/rebar-cutting-machine-gq50-round-knife\/#primaryimage\",\"url\":\"https:\/\/www.hsymachinery.com\/wp-content\/uploads\/2025\/06\/Rebar-Cutting-Machine-GQ50-Round-knife.jpg\",\"contentUrl\":\"https:\/\/www.hsymachinery.com\/wp-content\/uploads\/2025\/06\/Rebar-Cutting-Machine-GQ50-Round-knife.jpg\",\"width\":600,\"height\":600},{\"@type\":\"BreadcrumbList\",\"@id\":\"https:\/\/www.hsymachinery.com\/product\/rebar-cutting-machine-gq50-round-knife\/#breadcrumb\",\"itemListElement\":[{\"@type\":\"ListItem\",\"position\":1,\"name\":\"home\",\"item\":\"https:\/\/www.hsymachinery.com\/\"},{\"@type\":\"ListItem\",\"position\":2,\"name\":\"products\",\"item\":\"https:\/\/www.hsymachinery.com\/products\/\"},{\"@type\":\"ListItem\",\"position\":3,\"name\":\"Rebar Cutting Machine GQ50 (Round knife)\"}]},{\"@type\":\"WebSite\",\"@id\":\"https:\/\/www.hsymachinery.com\/#website\",\"url\":\"https:\/\/www.hsymachinery.com\/\",\"name\":\"HSY Construction Machinery\",\"description\":\"HSY Machinery \u2013 A leading China construction machinery supplier, offering a wide range of light construction equipment. Our main products include Rebar Cutting Machine, Rebar Bending Machine, Rebar Stirrup Bending Machine, Rebar Arc Bending Machine, Rebar Straightening Machine, Five-Head Rebar Stirrup Bending Machine, Tamping Rammer, Plate Compactor, Concrete Cutter, Power Trowel, and other construction machinery. We are equipped with advanced CNC machines, and we enforce strict quality inspection standards along with comprehensive after-sales service. If you are interested in our products or services, we warmly welcome your inquiries via message.\",\"publisher\":{\"@id\":\"https:\/\/www.hsymachinery.com\/#organization\"},\"potentialAction\":[{\"@type\":\"SearchAction\",\"target\":{\"@type\":\"EntryPoint\",\"urlTemplate\":\"https:\/\/www.hsymachinery.com\/?s={search_term_string}\"},\"query-input\":{\"@type\":\"PropertyValueSpecification\",\"valueRequired\":true,\"valueName\":\"search_term_string\"}}],\"inLanguage\":\"tr\"},{\"@type\":\"Organization\",\"@id\":\"https:\/\/www.hsymachinery.com\/#organization\",\"name\":\"HSY Construction Machinery\",\"url\":\"https:\/\/www.hsymachinery.com\/\",\"logo\":{\"@type\":\"ImageObject\",\"inLanguage\":\"tr\",\"@id\":\"https:\/\/www.hsymachinery.com\/#\/schema\/logo\/image\/\",\"url\":\"https:\/\/www.hsymachinery.com\/wp-content\/uploads\/2025\/06\/cropped-HSY-machinery.png\",\"contentUrl\":\"https:\/\/www.hsymachinery.com\/wp-content\/uploads\/2025\/06\/cropped-HSY-machinery.png\",\"width\":600,\"height\":240,\"caption\":\"HSY Construction Machinery\"},\"image\":{\"@id\":\"https:\/\/www.hsymachinery.com\/#\/schema\/logo\/image\/\"}}]}<\/script>\n<!-- \/ Yoast SEO plugin. -->","yoast_head_json":{"title":"\u0130n\u015faat Demiri Kesme Makinesi GQ50 (Yuvarlak b\u0131\u00e7ak) - HSY \u0130n\u015faat Makinalar\u0131","description":"\u0130n\u015faat Demiri Kesme Makinesi GQ50 (Yuvarlak B\u0131\u00e7ak), 6-40 mm in\u015faat demiri i\u00e7in h\u0131zl\u0131, temiz haddeleme-kesme kesimleri sunar. Y\u00fcksek verimli in\u015faat ve uluslararas\u0131 pazarlar i\u00e7in \u00fcretilmi\u015ftir.","robots":{"index":"index","follow":"follow","max-snippet":"max-snippet:-1","max-image-preview":"max-image-preview:large","max-video-preview":"max-video-preview:-1"},"canonical":"https:\/\/www.hsymachinery.com\/tr\/product\/insaat-demiri-kesme-makinesi-gq50-yuvarlak-bicak\/","og_locale":"tr_TR","og_type":"article","og_title":"Rebar Cutting Machine GQ50 (Round knife) - HSY Construction Machinery","og_description":"Rebar Cutting Machine GQ50 (Round Knife) delivers fast, clean rolling-shear cuts for 6\u201340mm rebar. Built for high-output construction and international markets.","og_url":"https:\/\/www.hsymachinery.com\/tr\/product\/insaat-demiri-kesme-makinesi-gq50-yuvarlak-bicak\/","og_site_name":"HSY Construction Machinery","article_modified_time":"2025-06-25T12:59:05+00:00","og_image":[{"width":600,"height":600,"url":"https:\/\/www.hsymachinery.com\/wp-content\/uploads\/2025\/06\/Rebar-Cutting-Machine-GQ50-Round-knife.jpg","type":"image\/jpeg"}],"twitter_card":"summary_large_image","twitter_misc":{"Tahmini okuma s\u00fcresi":"2 dakika"},"schema":{"@context":"https:\/\/schema.org","@graph":[{"@type":"WebPage","@id":"https:\/\/www.hsymachinery.com\/product\/rebar-cutting-machine-gq50-round-knife\/","url":"https:\/\/www.hsymachinery.com\/product\/rebar-cutting-machine-gq50-round-knife\/","name":"\u0130n\u015faat Demiri Kesme Makinesi GQ50 (Yuvarlak b\u0131\u00e7ak) - HSY \u0130n\u015faat Makinalar\u0131","isPartOf":{"@id":"https:\/\/www.hsymachinery.com\/#website"},"primaryImageOfPage":{"@id":"https:\/\/www.hsymachinery.com\/product\/rebar-cutting-machine-gq50-round-knife\/#primaryimage"},"image":{"@id":"https:\/\/www.hsymachinery.com\/product\/rebar-cutting-machine-gq50-round-knife\/#primaryimage"},"thumbnailUrl":"https:\/\/www.hsymachinery.com\/wp-content\/uploads\/2025\/06\/Rebar-Cutting-Machine-GQ50-Round-knife.jpg","datePublished":"2025-06-18T03:25:48+00:00","dateModified":"2025-06-25T12:59:05+00:00","description":"\u0130n\u015faat Demiri Kesme Makinesi GQ50 (Yuvarlak B\u0131\u00e7ak), 6-40 mm in\u015faat demiri i\u00e7in h\u0131zl\u0131, temiz haddeleme-kesme kesimleri sunar. Y\u00fcksek verimli in\u015faat ve uluslararas\u0131 pazarlar i\u00e7in \u00fcretilmi\u015ftir.","breadcrumb":{"@id":"https:\/\/www.hsymachinery.com\/product\/rebar-cutting-machine-gq50-round-knife\/#breadcrumb"},"inLanguage":"tr","potentialAction":[{"@type":"ReadAction","target":["https:\/\/www.hsymachinery.com\/product\/rebar-cutting-machine-gq50-round-knife\/"]}]},{"@type":"ImageObject","inLanguage":"tr","@id":"https:\/\/www.hsymachinery.com\/product\/rebar-cutting-machine-gq50-round-knife\/#primaryimage","url":"https:\/\/www.hsymachinery.com\/wp-content\/uploads\/2025\/06\/Rebar-Cutting-Machine-GQ50-Round-knife.jpg","contentUrl":"https:\/\/www.hsymachinery.com\/wp-content\/uploads\/2025\/06\/Rebar-Cutting-Machine-GQ50-Round-knife.jpg","width":600,"height":600},{"@type":"BreadcrumbList","@id":"https:\/\/www.hsymachinery.com\/product\/rebar-cutting-machine-gq50-round-knife\/#breadcrumb","itemListElement":[{"@type":"ListItem","position":1,"name":"home","item":"https:\/\/www.hsymachinery.com\/"},{"@type":"ListItem","position":2,"name":"products","item":"https:\/\/www.hsymachinery.com\/products\/"},{"@type":"ListItem","position":3,"name":"Rebar Cutting Machine GQ50 (Round knife)"}]},{"@type":"WebSite","@id":"https:\/\/www.hsymachinery.com\/#website","url":"https:\/\/www.hsymachinery.com\/","name":"HSY \u0130n\u015faat Makineleri","description":"HSY Machinery - \u00c7ok \u00e7e\u015fitli hafif in\u015faat ekipmanlar\u0131 sunan lider bir \u00c7in in\u015faat makineleri tedarik\u00e7isi. Ba\u015fl\u0131ca \u00fcr\u00fcnlerimiz aras\u0131nda Demir Kesme Makinesi, Demir B\u00fckme Makinesi, Demir \u00dczengi B\u00fckme Makinesi, Demir Ark B\u00fckme Makinesi, Demir Do\u011frultma Makinesi, Be\u015f Kafal\u0131 Demir \u00dczengi B\u00fckme Makinesi, S\u0131k\u0131\u015ft\u0131rma Tokma\u011f\u0131, Plaka Kompakt\u00f6r\u00fc, Beton Kesici, Elektrikli Mala ve di\u011fer in\u015faat makineleri bulunmaktad\u0131r. Geli\u015fmi\u015f CNC makineleri ile donat\u0131lm\u0131\u015ft\u0131r ve kapsaml\u0131 sat\u0131\u015f sonras\u0131 hizmet ile birlikte s\u0131k\u0131 kalite kontrol standartlar\u0131n\u0131 uyguluyoruz. \u00dcr\u00fcnlerimiz veya hizmetlerimizle ilgileniyorsan\u0131z, sorular\u0131n\u0131z\u0131 mesaj yoluyla s\u0131cak bir \u015fekilde kar\u015f\u0131l\u0131yoruz.","publisher":{"@id":"https:\/\/www.hsymachinery.com\/#organization"},"potentialAction":[{"@type":"SearchAction","target":{"@type":"EntryPoint","urlTemplate":"https:\/\/www.hsymachinery.com\/?s={search_term_string}"},"query-input":{"@type":"PropertyValueSpecification","valueRequired":true,"valueName":"search_term_string"}}],"inLanguage":"tr"},{"@type":"Organization","@id":"https:\/\/www.hsymachinery.com\/#organization","name":"HSY \u0130n\u015faat Makineleri","url":"https:\/\/www.hsymachinery.com\/","logo":{"@type":"ImageObject","inLanguage":"tr","@id":"https:\/\/www.hsymachinery.com\/#\/schema\/logo\/image\/","url":"https:\/\/www.hsymachinery.com\/wp-content\/uploads\/2025\/06\/cropped-HSY-machinery.png","contentUrl":"https:\/\/www.hsymachinery.com\/wp-content\/uploads\/2025\/06\/cropped-HSY-machinery.png","width":600,"height":240,"caption":"HSY Construction Machinery"},"image":{"@id":"https:\/\/www.hsymachinery.com\/#\/schema\/logo\/image\/"}}]}},"_links":{"self":[{"href":"https:\/\/www.hsymachinery.com\/tr\/wp-json\/wp\/v2\/product\/8924","targetHints":{"allow":["GET"]}}],"collection":[{"href":"https:\/\/www.hsymachinery.com\/tr\/wp-json\/wp\/v2\/product"}],"about":[{"href":"https:\/\/www.hsymachinery.com\/tr\/wp-json\/wp\/v2\/types\/product"}],"version-history":[{"count":3,"href":"https:\/\/www.hsymachinery.com\/tr\/wp-json\/wp\/v2\/product\/8924\/revisions"}],"predecessor-version":[{"id":9331,"href":"https:\/\/www.hsymachinery.com\/tr\/wp-json\/wp\/v2\/product\/8924\/revisions\/9331"}],"wp:featuredmedia":[{"embeddable":true,"href":"https:\/\/www.hsymachinery.com\/tr\/wp-json\/wp\/v2\/media\/8925"}],"wp:attachment":[{"href":"https:\/\/www.hsymachinery.com\/tr\/wp-json\/wp\/v2\/media?parent=8924"}],"wp:term":[{"taxonomy":"product_brand","embeddable":true,"href":"https:\/\/www.hsymachinery.com\/tr\/wp-json\/wp\/v2\/product_brand?post=8924"},{"taxonomy":"product_cat","embeddable":true,"href":"https:\/\/www.hsymachinery.com\/tr\/wp-json\/wp\/v2\/product_cat?post=8924"},{"taxonomy":"product_tag","embeddable":true,"href":"https:\/\/www.hsymachinery.com\/tr\/wp-json\/wp\/v2\/product_tag?post=8924"}],"curies":[{"name":"wp","href":"https:\/\/api.w.org\/{rel}","templated":true}]}}