{"id":8918,"date":"2025-06-18T11:23:11","date_gmt":"2025-06-18T03:23:11","guid":{"rendered":"https:\/\/www.hsymachinery.com\/?post_type=product&#038;p=8918"},"modified":"2025-06-25T20:46:53","modified_gmt":"2025-06-25T12:46:53","slug":"insaat-demiri-kesme-makinesi-gq45-yuvarlak-bicak","status":"publish","type":"product","link":"https:\/\/www.hsymachinery.com\/tr\/product\/insaat-demiri-kesme-makinesi-gq45-yuvarlak-bicak\/","title":{"rendered":"\u0130n\u015faat Demiri Kesme Makinesi GQ45 (Yuvarlak b\u0131\u00e7ak)"},"content":{"rendered":"<h3 data-start=\"332\" data-end=\"408\">Y\u00fcksek Hacimli \u00c7elik \u0130\u015fleme i\u00e7in Haddeleme B\u0131\u00e7akl\u0131 Dayan\u0131kl\u0131 \u0130n\u015faat Demiri Kesici<\/h3>\n<h3 data-start=\"415\" data-end=\"493\">\u00a0\u00dcr\u00fcne Genel Bak\u0131\u015f - 6-36mm \u00c7ubuklar i\u00e7in Yuvarlak B\u0131\u00e7akl\u0131 \u0130n\u015faat Demiri \u0130\u015fleme Makinesi<\/h3>\n<p data-start=\"495\" data-end=\"891\">Bu <strong data-start=\"499\" data-end=\"543\">\u0130n\u015faat Demiri Kesme Makinesi GQ45 (Yuvarlak B\u0131\u00e7ak)<\/strong> in\u015faat ve end\u00fcstriyel ortamlarda y\u00fcksek verimli \u00e7elik \u00e7ubuk kesimi i\u00e7in tasarlanm\u0131\u015ft\u0131r. Bu model kesim i\u00e7in uygundur <strong data-start=\"674\" data-end=\"689\">6mm ila 36mm<\/strong> yuvarlak \u00e7elik, deforme \u00e7ubuklar ve karbon in\u015faat demiri. Bu sayede <strong data-start=\"750\" data-end=\"780\">yuvarlak b\u0131\u00e7ak kesim sistemi<\/strong>Makine, kesme direncini \u00f6nemli \u00f6l\u00e7\u00fcde azaltan ve h\u0131z\u0131 art\u0131ran bir yuvarlanma kesme hareketi uygular.<\/p>\n<h3 data-start=\"898\" data-end=\"948\">\u00a0Daha Az B\u0131\u00e7ak A\u015f\u0131nmas\u0131 ile P\u00fcr\u00fczs\u00fcz Kesme \u0130\u015flemi<\/h3>\n<p data-start=\"950\" data-end=\"1305\">D\u00fcz b\u0131\u00e7aklar\u0131n aksine, yuvarlak b\u0131\u00e7ak tasar\u0131m\u0131 daha d\u00fczg\u00fcn kesimler ve daha uzun b\u0131\u00e7ak \u00f6mr\u00fc sa\u011flayan dairesel bir kesme hareketi kullan\u0131r. Sonu\u00e7 olarak, operat\u00f6rler daha az titre\u015fim ya\u015far ve daha az yorulmayla saatte daha fazla \u00e7ubuk i\u015fleyebilir. Ayr\u0131ca <strong data-start=\"1196\" data-end=\"1238\">GQ45 yuvarlak b\u0131\u00e7ak in\u015faat demiri kesme makinesi<\/strong> her bir \u00e7ubu\u011fun deformasyon veya \u00e7apak olmadan temiz bir \u015fekilde kesilmesini sa\u011flar.<\/p>\n<p data-start=\"1307\" data-end=\"1538\">A <strong data-start=\"1309\" data-end=\"1330\">bak\u0131r \u00e7ekirdekli motor<\/strong> \u00fcniteye g\u00fc\u00e7 vererek uzun \u00e7al\u0131\u015fma d\u00f6ng\u00fcleri boyunca g\u00fcvenilir tork sa\u011flar. Di\u015fli kutusu, s\u00fcrt\u00fcnmeyi azaltan, verimlili\u011fi art\u0131ran ve makinenin hizmet \u00f6mr\u00fcn\u00fc uzatan hassas i\u015flenmi\u015f bile\u015fenlerden yap\u0131lm\u0131\u015ft\u0131r.<\/p>\n<h3 data-start=\"1545\" data-end=\"1588\">Sa\u011flam \u00c7er\u00e7eve ve \u0130hracata Haz\u0131r Tasar\u0131m<\/h3>\n<p data-start=\"1590\" data-end=\"1982\">ile in\u015fa edilmi\u015ftir. <strong data-start=\"1603\" data-end=\"1632\">a\u011f\u0131r hizmet tipi d\u00f6kme demir g\u00f6vde<\/strong>GQ45 (Yuvarlak B\u0131\u00e7ak) zorlu \u00e7al\u0131\u015fma ortamlar\u0131nda darbelere ve a\u015f\u0131nmaya kar\u015f\u0131 dayan\u0131kl\u0131d\u0131r. Ek olarak, makine \u015funlar\u0131 i\u00e7erir <strong data-start=\"1746\" data-end=\"1764\">dayan\u0131kl\u0131 tekerlekler<\/strong> sahada kolay yer de\u011fi\u015ftirme i\u00e7in. Operat\u00f6rler kesme stroklar\u0131n\u0131 bir <strong data-start=\"1840\" data-end=\"1857\">manuel tutamak<\/strong>g\u00fcvenlik ve hassasiyet sa\u011flar. A\u00e7\u0131labilir kapak ve aletsiz b\u0131\u00e7ak de\u011fi\u015fimi ile bak\u0131m h\u0131zl\u0131 ve kolayd\u0131r.<\/p>\n<p data-start=\"1984\" data-end=\"2218\">Bu model uluslararas\u0131 voltaj standartlar\u0131n\u0131 (220V\/380V, 50Hz\/60Hz) destekledi\u011finden ihracat pazarlar\u0131 i\u00e7in pratik bir se\u00e7imdir. D\u00fcnya \u00e7ap\u0131ndaki m\u00fcteahhitler <strong data-start=\"2143\" data-end=\"2187\">\u0130n\u015faat Demiri Kesme Makinesi GQ45 (Yuvarlak B\u0131\u00e7ak)<\/strong> g\u00fcnl\u00fck \u00e7elik kesme i\u015fleri i\u00e7in.<\/p>\n<h3 data-start=\"2225\" data-end=\"2269\">Neden GQ45 Yuvarlak B\u0131\u00e7ak Modelini Se\u00e7melisiniz?<\/h3>\n<ul data-start=\"2271\" data-end=\"2463\">\n<li data-start=\"2271\" data-end=\"2315\">\n<p data-start=\"2273\" data-end=\"2315\">6-36mm in\u015faat demiri i\u00e7in verimli haddeleme makas\u0131<\/p>\n<\/li>\n<li data-start=\"2316\" data-end=\"2353\">\n<p data-start=\"2318\" data-end=\"2353\">Daha az titre\u015fim, daha uzun b\u0131\u00e7ak \u00f6mr\u00fc<\/p>\n<\/li>\n<li data-start=\"2354\" data-end=\"2396\">\n<p data-start=\"2356\" data-end=\"2396\">H\u0131zl\u0131 kesim d\u00f6ng\u00fcs\u00fc, temiz kenar sonu\u00e7lar\u0131<\/p>\n<\/li>\n<li data-start=\"2397\" data-end=\"2463\">\n<p data-start=\"2399\" data-end=\"2463\">Zorlu \u015fantiyelerde s\u00fcrekli \u00e7al\u0131\u015fma i\u00e7in \u00fcretilmi\u015ftir<\/p>\n<\/li>\n<\/ul>\n<p><iframe title=\"#in\u015faat #in\u015faat i\u015f\u00e7isi #rebar makinesi #rebarcutter #rebarcuttingmachine #rebar\" width=\"720\" height=\"405\" src=\"https:\/\/www.youtube.com\/embed\/tdc4TA5-zRc?feature=oembed\" frameborder=\"0\" allow=\"accelerometer; autoplay; clipboard-write; encrypted-media; gyroscope; picture-in-picture; web-share\" referrerpolicy=\"strict-origin-when-cross-origin\" allowfullscreen><\/iframe><\/p>","protected":false},"excerpt":{"rendered":"<p>GQ45 Yuvarlak B\u0131\u00e7akl\u0131 Demir Kesme Makinesi, 6-36 mm \u00e7elik \u00e7ubuklar\u0131 yuvarlanarak kesme hassasiyetiyle keserek direnci azalt\u0131r, h\u0131z\u0131 ve b\u0131\u00e7ak \u00f6mr\u00fcn\u00fc art\u0131r\u0131r.<\/p>","protected":false},"featured_media":8919,"template":"","meta":{"_kad_post_transparent":"default","_kad_post_title":"","_kad_post_layout":"default","_kad_post_sidebar_id":"","_kad_post_content_style":"default","_kad_post_vertical_padding":"default","_kad_post_feature":"","_kad_post_feature_position":"","_kad_post_header":false,"_kad_post_footer":false},"product_brand":[],"product_cat":[51],"product_tag":[988,992,990,989,993,985,994,987,984,991,986],"class_list":{"0":"post-8918","1":"product","2":"type-product","3":"status-publish","4":"has-post-thumbnail","6":"product_cat-rebar-cutting-machine","7":"product_tag-automatic-rebar-cutter","8":"product_tag-construction-steel-bar-cutter","9":"product_tag-electric-rebar-cutting-tool","10":"product_tag-hydraulic-rebar-cutting-machine","11":"product_tag-portable-rebar-cutting-machine","12":"product_tag-rebar-cutter","13":"product_tag-rebar-cutting-machine","14":"product_tag-reinforcement-bar-cutter","15":"product_tag-steel-bar-cutting-machine","16":"product_tag-steel-rod-cutter-machine","17":"product_tag-tmt-bar-cutting-machine","19":"first","20":"instock","21":"shipping-taxable","22":"product-type-simple","23":"entry","24":"content-bg","25":"loop-entry"},"yoast_head":"<!-- This site is optimized with the Yoast SEO plugin v25.3.1 - https:\/\/yoast.com\/wordpress\/plugins\/seo\/ -->\n<title>Rebar Cutting Machine GQ45 (Round knife) - HSY Construction Machinery<\/title>\n<meta name=\"description\" content=\"Rebar Cutting Machine GQ45 (Round Knife) provides smooth, high-speed cutting of 6\u201336mm rebar. Ideal for construction and steel processing export markets.\" \/>\n<meta name=\"robots\" content=\"index, follow, max-snippet:-1, max-image-preview:large, max-video-preview:-1\" \/>\n<link rel=\"canonical\" href=\"https:\/\/www.hsymachinery.com\/tr\/product\/insaat-demiri-kesme-makinesi-gq45-yuvarlak-bicak\/\" \/>\n<meta property=\"og:locale\" content=\"tr_TR\" \/>\n<meta property=\"og:type\" content=\"article\" \/>\n<meta property=\"og:title\" content=\"Rebar Cutting Machine GQ45 (Round knife) - HSY Construction Machinery\" \/>\n<meta property=\"og:description\" content=\"Rebar Cutting Machine GQ45 (Round Knife) provides smooth, high-speed cutting of 6\u201336mm rebar. Ideal for construction and steel processing export markets.\" \/>\n<meta property=\"og:url\" content=\"https:\/\/www.hsymachinery.com\/tr\/product\/insaat-demiri-kesme-makinesi-gq45-yuvarlak-bicak\/\" \/>\n<meta property=\"og:site_name\" content=\"HSY Construction Machinery\" \/>\n<meta property=\"article:modified_time\" content=\"2025-06-25T12:46:53+00:00\" \/>\n<meta property=\"og:image\" content=\"https:\/\/www.hsymachinery.com\/wp-content\/uploads\/2025\/06\/Rebar-Cutting-Machine-GQ45-Round-knife.jpg\" \/>\n\t<meta property=\"og:image:width\" content=\"600\" \/>\n\t<meta property=\"og:image:height\" content=\"600\" \/>\n\t<meta property=\"og:image:type\" content=\"image\/jpeg\" \/>\n<meta name=\"twitter:card\" content=\"summary_large_image\" \/>\n<meta name=\"twitter:label1\" content=\"Tahmini okuma s\u00fcresi\" \/>\n\t<meta name=\"twitter:data1\" content=\"2 dakika\" \/>\n<script type=\"application\/ld+json\" class=\"yoast-schema-graph\">{\"@context\":\"https:\/\/schema.org\",\"@graph\":[{\"@type\":\"WebPage\",\"@id\":\"https:\/\/www.hsymachinery.com\/product\/rebar-cutting-machine-gq45-round-knife\/\",\"url\":\"https:\/\/www.hsymachinery.com\/product\/rebar-cutting-machine-gq45-round-knife\/\",\"name\":\"Rebar Cutting Machine GQ45 (Round knife) - HSY Construction Machinery\",\"isPartOf\":{\"@id\":\"https:\/\/www.hsymachinery.com\/#website\"},\"primaryImageOfPage\":{\"@id\":\"https:\/\/www.hsymachinery.com\/product\/rebar-cutting-machine-gq45-round-knife\/#primaryimage\"},\"image\":{\"@id\":\"https:\/\/www.hsymachinery.com\/product\/rebar-cutting-machine-gq45-round-knife\/#primaryimage\"},\"thumbnailUrl\":\"https:\/\/www.hsymachinery.com\/wp-content\/uploads\/2025\/06\/Rebar-Cutting-Machine-GQ45-Round-knife.jpg\",\"datePublished\":\"2025-06-18T03:23:11+00:00\",\"dateModified\":\"2025-06-25T12:46:53+00:00\",\"description\":\"Rebar Cutting Machine GQ45 (Round Knife) provides smooth, high-speed cutting of 6\u201336mm rebar. Ideal for construction and steel processing export markets.\",\"breadcrumb\":{\"@id\":\"https:\/\/www.hsymachinery.com\/product\/rebar-cutting-machine-gq45-round-knife\/#breadcrumb\"},\"inLanguage\":\"tr\",\"potentialAction\":[{\"@type\":\"ReadAction\",\"target\":[\"https:\/\/www.hsymachinery.com\/product\/rebar-cutting-machine-gq45-round-knife\/\"]}]},{\"@type\":\"ImageObject\",\"inLanguage\":\"tr\",\"@id\":\"https:\/\/www.hsymachinery.com\/product\/rebar-cutting-machine-gq45-round-knife\/#primaryimage\",\"url\":\"https:\/\/www.hsymachinery.com\/wp-content\/uploads\/2025\/06\/Rebar-Cutting-Machine-GQ45-Round-knife.jpg\",\"contentUrl\":\"https:\/\/www.hsymachinery.com\/wp-content\/uploads\/2025\/06\/Rebar-Cutting-Machine-GQ45-Round-knife.jpg\",\"width\":600,\"height\":600},{\"@type\":\"BreadcrumbList\",\"@id\":\"https:\/\/www.hsymachinery.com\/product\/rebar-cutting-machine-gq45-round-knife\/#breadcrumb\",\"itemListElement\":[{\"@type\":\"ListItem\",\"position\":1,\"name\":\"home\",\"item\":\"https:\/\/www.hsymachinery.com\/\"},{\"@type\":\"ListItem\",\"position\":2,\"name\":\"products\",\"item\":\"https:\/\/www.hsymachinery.com\/products\/\"},{\"@type\":\"ListItem\",\"position\":3,\"name\":\"Rebar Cutting Machine GQ45 (Round knife)\"}]},{\"@type\":\"WebSite\",\"@id\":\"https:\/\/www.hsymachinery.com\/#website\",\"url\":\"https:\/\/www.hsymachinery.com\/\",\"name\":\"HSY Construction Machinery\",\"description\":\"HSY Machinery \u2013 A leading China construction machinery supplier, offering a wide range of light construction equipment. Our main products include Rebar Cutting Machine, Rebar Bending Machine, Rebar Stirrup Bending Machine, Rebar Arc Bending Machine, Rebar Straightening Machine, Five-Head Rebar Stirrup Bending Machine, Tamping Rammer, Plate Compactor, Concrete Cutter, Power Trowel, and other construction machinery. We are equipped with advanced CNC machines, and we enforce strict quality inspection standards along with comprehensive after-sales service. If you are interested in our products or services, we warmly welcome your inquiries via message.\",\"publisher\":{\"@id\":\"https:\/\/www.hsymachinery.com\/#organization\"},\"potentialAction\":[{\"@type\":\"SearchAction\",\"target\":{\"@type\":\"EntryPoint\",\"urlTemplate\":\"https:\/\/www.hsymachinery.com\/?s={search_term_string}\"},\"query-input\":{\"@type\":\"PropertyValueSpecification\",\"valueRequired\":true,\"valueName\":\"search_term_string\"}}],\"inLanguage\":\"tr\"},{\"@type\":\"Organization\",\"@id\":\"https:\/\/www.hsymachinery.com\/#organization\",\"name\":\"HSY Construction Machinery\",\"url\":\"https:\/\/www.hsymachinery.com\/\",\"logo\":{\"@type\":\"ImageObject\",\"inLanguage\":\"tr\",\"@id\":\"https:\/\/www.hsymachinery.com\/#\/schema\/logo\/image\/\",\"url\":\"https:\/\/www.hsymachinery.com\/wp-content\/uploads\/2025\/06\/cropped-HSY-machinery.png\",\"contentUrl\":\"https:\/\/www.hsymachinery.com\/wp-content\/uploads\/2025\/06\/cropped-HSY-machinery.png\",\"width\":600,\"height\":240,\"caption\":\"HSY Construction Machinery\"},\"image\":{\"@id\":\"https:\/\/www.hsymachinery.com\/#\/schema\/logo\/image\/\"}}]}<\/script>\n<!-- \/ Yoast SEO plugin. -->","yoast_head_json":{"title":"\u0130n\u015faat Demiri Kesme Makinesi GQ45 (Yuvarlak b\u0131\u00e7ak) - HSY \u0130n\u015faat Makinalar\u0131","description":"\u0130n\u015faat Demiri Kesme Makinesi GQ45 (Yuvarlak B\u0131\u00e7ak), 6-36 mm in\u015faat demirinin d\u00fczg\u00fcn, y\u00fcksek h\u0131zda kesilmesini sa\u011flar. \u0130n\u015faat ve \u00e7elik i\u015fleme ihracat pazarlar\u0131 i\u00e7in idealdir.","robots":{"index":"index","follow":"follow","max-snippet":"max-snippet:-1","max-image-preview":"max-image-preview:large","max-video-preview":"max-video-preview:-1"},"canonical":"https:\/\/www.hsymachinery.com\/tr\/product\/insaat-demiri-kesme-makinesi-gq45-yuvarlak-bicak\/","og_locale":"tr_TR","og_type":"article","og_title":"Rebar Cutting Machine GQ45 (Round knife) - HSY Construction Machinery","og_description":"Rebar Cutting Machine GQ45 (Round Knife) provides smooth, high-speed cutting of 6\u201336mm rebar. Ideal for construction and steel processing export markets.","og_url":"https:\/\/www.hsymachinery.com\/tr\/product\/insaat-demiri-kesme-makinesi-gq45-yuvarlak-bicak\/","og_site_name":"HSY Construction Machinery","article_modified_time":"2025-06-25T12:46:53+00:00","og_image":[{"width":600,"height":600,"url":"https:\/\/www.hsymachinery.com\/wp-content\/uploads\/2025\/06\/Rebar-Cutting-Machine-GQ45-Round-knife.jpg","type":"image\/jpeg"}],"twitter_card":"summary_large_image","twitter_misc":{"Tahmini okuma s\u00fcresi":"2 dakika"},"schema":{"@context":"https:\/\/schema.org","@graph":[{"@type":"WebPage","@id":"https:\/\/www.hsymachinery.com\/product\/rebar-cutting-machine-gq45-round-knife\/","url":"https:\/\/www.hsymachinery.com\/product\/rebar-cutting-machine-gq45-round-knife\/","name":"\u0130n\u015faat Demiri Kesme Makinesi GQ45 (Yuvarlak b\u0131\u00e7ak) - HSY \u0130n\u015faat Makinalar\u0131","isPartOf":{"@id":"https:\/\/www.hsymachinery.com\/#website"},"primaryImageOfPage":{"@id":"https:\/\/www.hsymachinery.com\/product\/rebar-cutting-machine-gq45-round-knife\/#primaryimage"},"image":{"@id":"https:\/\/www.hsymachinery.com\/product\/rebar-cutting-machine-gq45-round-knife\/#primaryimage"},"thumbnailUrl":"https:\/\/www.hsymachinery.com\/wp-content\/uploads\/2025\/06\/Rebar-Cutting-Machine-GQ45-Round-knife.jpg","datePublished":"2025-06-18T03:23:11+00:00","dateModified":"2025-06-25T12:46:53+00:00","description":"\u0130n\u015faat Demiri Kesme Makinesi GQ45 (Yuvarlak B\u0131\u00e7ak), 6-36 mm in\u015faat demirinin d\u00fczg\u00fcn, y\u00fcksek h\u0131zda kesilmesini sa\u011flar. \u0130n\u015faat ve \u00e7elik i\u015fleme ihracat pazarlar\u0131 i\u00e7in idealdir.","breadcrumb":{"@id":"https:\/\/www.hsymachinery.com\/product\/rebar-cutting-machine-gq45-round-knife\/#breadcrumb"},"inLanguage":"tr","potentialAction":[{"@type":"ReadAction","target":["https:\/\/www.hsymachinery.com\/product\/rebar-cutting-machine-gq45-round-knife\/"]}]},{"@type":"ImageObject","inLanguage":"tr","@id":"https:\/\/www.hsymachinery.com\/product\/rebar-cutting-machine-gq45-round-knife\/#primaryimage","url":"https:\/\/www.hsymachinery.com\/wp-content\/uploads\/2025\/06\/Rebar-Cutting-Machine-GQ45-Round-knife.jpg","contentUrl":"https:\/\/www.hsymachinery.com\/wp-content\/uploads\/2025\/06\/Rebar-Cutting-Machine-GQ45-Round-knife.jpg","width":600,"height":600},{"@type":"BreadcrumbList","@id":"https:\/\/www.hsymachinery.com\/product\/rebar-cutting-machine-gq45-round-knife\/#breadcrumb","itemListElement":[{"@type":"ListItem","position":1,"name":"home","item":"https:\/\/www.hsymachinery.com\/"},{"@type":"ListItem","position":2,"name":"products","item":"https:\/\/www.hsymachinery.com\/products\/"},{"@type":"ListItem","position":3,"name":"Rebar Cutting Machine GQ45 (Round knife)"}]},{"@type":"WebSite","@id":"https:\/\/www.hsymachinery.com\/#website","url":"https:\/\/www.hsymachinery.com\/","name":"HSY \u0130n\u015faat Makineleri","description":"HSY Machinery - \u00c7ok \u00e7e\u015fitli hafif in\u015faat ekipmanlar\u0131 sunan lider bir \u00c7in in\u015faat makineleri tedarik\u00e7isi. Ba\u015fl\u0131ca \u00fcr\u00fcnlerimiz aras\u0131nda Demir Kesme Makinesi, Demir B\u00fckme Makinesi, Demir \u00dczengi B\u00fckme Makinesi, Demir Ark B\u00fckme Makinesi, Demir Do\u011frultma Makinesi, Be\u015f Kafal\u0131 Demir \u00dczengi B\u00fckme Makinesi, S\u0131k\u0131\u015ft\u0131rma Tokma\u011f\u0131, Plaka Kompakt\u00f6r\u00fc, Beton Kesici, Elektrikli Mala ve di\u011fer in\u015faat makineleri bulunmaktad\u0131r. Geli\u015fmi\u015f CNC makineleri ile donat\u0131lm\u0131\u015ft\u0131r ve kapsaml\u0131 sat\u0131\u015f sonras\u0131 hizmet ile birlikte s\u0131k\u0131 kalite kontrol standartlar\u0131n\u0131 uyguluyoruz. \u00dcr\u00fcnlerimiz veya hizmetlerimizle ilgileniyorsan\u0131z, sorular\u0131n\u0131z\u0131 mesaj yoluyla s\u0131cak bir \u015fekilde kar\u015f\u0131l\u0131yoruz.","publisher":{"@id":"https:\/\/www.hsymachinery.com\/#organization"},"potentialAction":[{"@type":"SearchAction","target":{"@type":"EntryPoint","urlTemplate":"https:\/\/www.hsymachinery.com\/?s={search_term_string}"},"query-input":{"@type":"PropertyValueSpecification","valueRequired":true,"valueName":"search_term_string"}}],"inLanguage":"tr"},{"@type":"Organization","@id":"https:\/\/www.hsymachinery.com\/#organization","name":"HSY \u0130n\u015faat Makineleri","url":"https:\/\/www.hsymachinery.com\/","logo":{"@type":"ImageObject","inLanguage":"tr","@id":"https:\/\/www.hsymachinery.com\/#\/schema\/logo\/image\/","url":"https:\/\/www.hsymachinery.com\/wp-content\/uploads\/2025\/06\/cropped-HSY-machinery.png","contentUrl":"https:\/\/www.hsymachinery.com\/wp-content\/uploads\/2025\/06\/cropped-HSY-machinery.png","width":600,"height":240,"caption":"HSY Construction Machinery"},"image":{"@id":"https:\/\/www.hsymachinery.com\/#\/schema\/logo\/image\/"}}]}},"_links":{"self":[{"href":"https:\/\/www.hsymachinery.com\/tr\/wp-json\/wp\/v2\/product\/8918","targetHints":{"allow":["GET"]}}],"collection":[{"href":"https:\/\/www.hsymachinery.com\/tr\/wp-json\/wp\/v2\/product"}],"about":[{"href":"https:\/\/www.hsymachinery.com\/tr\/wp-json\/wp\/v2\/types\/product"}],"version-history":[{"count":3,"href":"https:\/\/www.hsymachinery.com\/tr\/wp-json\/wp\/v2\/product\/8918\/revisions"}],"predecessor-version":[{"id":9327,"href":"https:\/\/www.hsymachinery.com\/tr\/wp-json\/wp\/v2\/product\/8918\/revisions\/9327"}],"wp:featuredmedia":[{"embeddable":true,"href":"https:\/\/www.hsymachinery.com\/tr\/wp-json\/wp\/v2\/media\/8919"}],"wp:attachment":[{"href":"https:\/\/www.hsymachinery.com\/tr\/wp-json\/wp\/v2\/media?parent=8918"}],"wp:term":[{"taxonomy":"product_brand","embeddable":true,"href":"https:\/\/www.hsymachinery.com\/tr\/wp-json\/wp\/v2\/product_brand?post=8918"},{"taxonomy":"product_cat","embeddable":true,"href":"https:\/\/www.hsymachinery.com\/tr\/wp-json\/wp\/v2\/product_cat?post=8918"},{"taxonomy":"product_tag","embeddable":true,"href":"https:\/\/www.hsymachinery.com\/tr\/wp-json\/wp\/v2\/product_tag?post=8918"}],"curies":[{"name":"wp","href":"https:\/\/api.w.org\/{rel}","templated":true}]}}