{"id":8909,"date":"2025-06-18T11:16:17","date_gmt":"2025-06-18T03:16:17","guid":{"rendered":"https:\/\/www.hsymachinery.com\/?post_type=product&#038;p=8909"},"modified":"2025-06-25T20:25:23","modified_gmt":"2025-06-25T12:25:23","slug":"insaat-demiri-kesme-makinesi-gq40a-duz-bicak","status":"publish","type":"product","link":"https:\/\/www.hsymachinery.com\/tr\/product\/insaat-demiri-kesme-makinesi-gq40a-duz-bicak\/","title":{"rendered":"\u0130n\u015faat Demiri Kesme Makinesi GQ40A (D\u00fcz b\u0131\u00e7ak)"},"content":{"rendered":"<h3 data-start=\"285\" data-end=\"362\">Zorlu \u0130n\u015faat Projeleri i\u00e7in Y\u00fcksek Hassasiyetli Demir Kesme \u00c7\u00f6z\u00fcm\u00fc<\/h3>\n<h3 data-start=\"369\" data-end=\"421\">\u00dcr\u00fcne Genel Bak\u0131\u015f: G\u00fcnl\u00fck Performans i\u00e7in \u00dcretildi<\/h3>\n<p data-start=\"423\" data-end=\"831\">Bu <strong data-start=\"427\" data-end=\"471\">\u0130n\u015faat Demiri Kesme Makinesi GQ40A (D\u00fcz B\u0131\u00e7ak)<\/strong> in\u015faat ve \u00e7elik imalat projelerinin g\u00fcnl\u00fck taleplerini kar\u015f\u0131lamak i\u00e7in tasarlanm\u0131\u015f profesyonel kalitede bir \u00e7elik \u00e7ubuk kesicidir. GQ40 modelinin geli\u015ftirilmi\u015f bir versiyonu olarak g\u00fc\u00e7l\u00fc performans, y\u00fcksek hassasiyet ve ola\u011fan\u00fcst\u00fc dayan\u0131kl\u0131l\u0131\u011f\u0131 bir araya getirir. D\u00fcnyan\u0131n d\u00f6rt bir yan\u0131ndaki m\u00fcteahhitler bu modeli yollar, k\u00f6pr\u00fcler, t\u00fcneller ve betonarme binalar gibi projelerde kullanmaktad\u0131r.<\/p>\n<h3 data-start=\"838\" data-end=\"885\">D\u00fcz B\u0131\u00e7ak Tasar\u0131m\u0131 ile Verimli Kesim<\/h3>\n<p data-start=\"887\" data-end=\"1302\">Bu makinenin \u00f6z\u00fcnde \u015fu \u00f6zellik yat\u0131yor <strong data-start=\"924\" data-end=\"953\">d\u00fcz b\u0131\u00e7ak kesim sistemi<\/strong>\u00e7elik \u00e7ubuklar i\u00e7in temiz ve p\u00fcr\u00fczs\u00fcz bir kesim sa\u011flar. Bu tasar\u0131m, her i\u015flem s\u0131ras\u0131nda e\u015fit bas\u0131n\u00e7 uygulayarak in\u015faat demiri deformasyonunu \u00f6nler ve malzeme kayb\u0131n\u0131 en aza indirir. Bu <strong data-start=\"1126\" data-end=\"1170\">\u0130n\u015faat Demiri Kesme Makinesi GQ40A (D\u00fcz B\u0131\u00e7ak)<\/strong> aras\u0131nda de\u011fi\u015fen \u00e7aplara sahip \u00e7elik \u00e7ubuklar\u0131 kolayca i\u015fleyebilir. <strong data-start=\"1228\" data-end=\"1243\">6mm ila 32mm<\/strong>yuvarlak \u00e7elik, nerv\u00fcrl\u00fc \u00e7ubuklar ve d\u00fc\u015f\u00fck karbonlu \u00e7elik dahil olmak \u00fczere.<\/p>\n<p data-start=\"1304\" data-end=\"1493\">Ayr\u0131ca, d\u00fcz b\u0131\u00e7a\u011f\u0131n bak\u0131m\u0131 ve de\u011fi\u015ftirilmesi kolayd\u0131r, bu da \u015fantiyelerde minimum ar\u0131za s\u00fcresi sa\u011flar. \u00dcst\u00fcn kesme performans\u0131 i\u015f verimlili\u011fini art\u0131r\u0131r ve operat\u00f6r yorgunlu\u011funu azalt\u0131r.<\/p>\n<h3 data-start=\"1500\" data-end=\"1549\">G\u00fc\u00e7l\u00fc Motor ve Sorunsuz Vites Aktar\u0131m\u0131<\/h3>\n<p data-start=\"1551\" data-end=\"1837\">Bu model bir <strong data-start=\"1569\" data-end=\"1602\">y\u00fcksek performansl\u0131 bak\u0131r motor<\/strong> D\u00fc\u015f\u00fck enerji t\u00fcketimi ile g\u00fc\u00e7l\u00fc tork sa\u011flar. Minimum g\u00fcr\u00fclt\u00fc ve titre\u015fimle sorunsuz \u00e7al\u0131\u015f\u0131r, bu da onu s\u00fcrekli kullan\u0131m i\u00e7in uygun hale getirir. Hassas i\u015flenmi\u015f di\u015fli kutusu, a\u011f\u0131r i\u015f y\u00fckleri alt\u0131nda bile dengeli aktar\u0131m sa\u011flar.<\/p>\n<p data-start=\"1839\" data-end=\"1979\">Sonu\u00e7 olarak, makine binlerce i\u015flem boyunca kesim hassasiyetini korur ve hem motorun hem de kesme b\u0131\u00e7aklar\u0131n\u0131n \u00f6mr\u00fcn\u00fc uzat\u0131r.<\/p>\n<h3 data-start=\"1986\" data-end=\"2036\">\u00a0G\u00fc\u00e7l\u00fc Yap\u0131 ve Kullan\u0131c\u0131 Dostu Mobilite<\/h3>\n<p data-start=\"2038\" data-end=\"2272\">Makine g\u00f6vdesi \u00f6zellikleri <strong data-start=\"2064\" data-end=\"2101\">y\u00fcksek kaliteli d\u00f6kme demir yap\u0131<\/strong>Bu da g\u00fc\u00e7 ve titre\u015fim direnci sa\u011flar. Ayr\u0131ca, kompakt tasar\u0131m ve <strong data-start=\"2188\" data-end=\"2207\">yerle\u015fik tekerlekler<\/strong> d\u00fcz olmayan y\u00fczeylerde bile ta\u015f\u0131nmas\u0131n\u0131 ve yerinin de\u011fi\u015ftirilmesini kolayla\u015ft\u0131r\u0131r.<\/p>\n<p data-start=\"2274\" data-end=\"2456\">A\u00e7\u0131labilir \u00fcst kapa\u011f\u0131, bak\u0131m ve b\u0131\u00e7ak de\u011fi\u015fimi i\u00e7in h\u0131zl\u0131 eri\u015fim sa\u011flar. Bu arada, manuel \u00e7al\u0131\u015ft\u0131rma kolu kullan\u0131c\u0131lar\u0131n her kesimi hassas ve g\u00fcvenli bir \u015fekilde kontrol etmesini sa\u011flar.<\/p>\n<h3 data-start=\"2463\" data-end=\"2493\">G\u00fcvenlik ve Uyarlanabilirlik<\/h3>\n<p data-start=\"2495\" data-end=\"2727\">Bu <strong data-start=\"2499\" data-end=\"2543\">\u0130n\u015faat Demiri Kesme Makinesi GQ40A (D\u00fcz B\u0131\u00e7ak)<\/strong> hareketli par\u00e7alarla kazara temas\u0131 \u00f6nlemek i\u00e7in yerle\u015fik g\u00fcvenlik kapaklar\u0131 i\u00e7erir. \u00c7al\u0131\u015ft\u0131rma mekanizmas\u0131 basittir, bu da onu hem vas\u0131fl\u0131 \u00e7al\u0131\u015fanlar hem de giri\u015f seviyesi operat\u00f6rler i\u00e7in ideal hale getirir.<\/p>\n<p data-start=\"2729\" data-end=\"2959\">Ayr\u0131ca, makine \u015funlar\u0131 destekler <strong data-start=\"2760\" data-end=\"2816\">\u00f6zel voltaj konfig\u00fcrasyonlar\u0131 (220V\/380V, 50Hz\/60Hz)<\/strong> K\u00fcresel g\u00fc\u00e7 standartlar\u0131yla uyumluluk i\u00e7in. Bu da onu uluslararas\u0131 al\u0131c\u0131lar ve in\u015faat ekipman\u0131 distrib\u00fct\u00f6rleri i\u00e7in son derece uygun hale getirir.<\/p>\n<h3 data-start=\"2966\" data-end=\"3013\">\u00a0Neden GQ40A D\u00fcz B\u0131\u00e7akl\u0131 \u0130n\u015faat Demiri Kesiciyi Se\u00e7melisiniz?<\/h3>\n<ul data-start=\"3015\" data-end=\"3260\">\n<li data-start=\"3015\" data-end=\"3067\">\n<p data-start=\"3017\" data-end=\"3067\">6-32 mm in\u015faat demiri i\u00e7in temiz ve tutarl\u0131 kesimler sa\u011flar<\/p>\n<\/li>\n<li data-start=\"3068\" data-end=\"3120\">\n<p data-start=\"3070\" data-end=\"3120\">G\u00fcvenilir tork ve verimlili\u011fe sahip g\u00fc\u00e7l\u00fc motor<\/p>\n<\/li>\n<li data-start=\"3121\" data-end=\"3169\">\n<p data-start=\"3123\" data-end=\"3169\">H\u0131zl\u0131 b\u0131\u00e7ak de\u011fi\u015fimi ile bak\u0131m\u0131 kolay<\/p>\n<\/li>\n<li data-start=\"3170\" data-end=\"3218\">\n<p data-start=\"3172\" data-end=\"3218\">\u0130\u015f sahas\u0131nda kullan\u0131m i\u00e7in mobil, kompakt ve sa\u011flam<\/p>\n<\/li>\n<li data-start=\"3219\" data-end=\"3260\">\n<p data-start=\"3221\" data-end=\"3260\">Voltaj \u00f6zelle\u015ftirmesi ile ihracata haz\u0131r<\/p>\n<\/li>\n<\/ul>\n<p data-start=\"3262\" data-end=\"3479\">\u0130ster b\u00fcy\u00fck \u00f6l\u00e7ekli altyap\u0131 ister rutin \u00e7elik i\u015fleme \u00fczerinde \u00e7al\u0131\u015f\u0131yor olun <strong data-start=\"3349\" data-end=\"3393\"><a href=\"https:\/\/www.hsymachinery.com\/tr\/urunler\/insaat-demiri-kesme-makinesi\/\" target=\"_blank\" rel=\"noopener\">\u0130n\u015faat Demiri Kesme Makinesi<\/a> GQ40A (D\u00fcz B\u0131\u00e7ak)<\/strong> size her projeye de\u011fer katan g\u00fcvenilir, y\u00fcksek h\u0131zl\u0131 bir kesim \u00e7\u00f6z\u00fcm\u00fc sunar.<\/p>\n<p><iframe title=\"#in\u015faat #in\u015faat i\u015f\u00e7isi #rebar makinesi #rebarcutter #rebarcuttingmachine #rebar\" width=\"720\" height=\"405\" src=\"https:\/\/www.youtube.com\/embed\/tdc4TA5-zRc?feature=oembed\" frameborder=\"0\" allow=\"accelerometer; autoplay; clipboard-write; encrypted-media; gyroscope; picture-in-picture; web-share\" referrerpolicy=\"strict-origin-when-cross-origin\" allowfullscreen><\/iframe><\/p>","protected":false},"excerpt":{"rendered":"<p>GQ40A D\u00fcz B\u0131\u00e7akl\u0131 \u0130n\u015faat Demiri Kesici, 6-32 mm \u00e7elik \u00e7ubuklar i\u00e7in h\u0131zl\u0131 ve p\u00fcr\u00fczs\u00fcz kesimler sunar. \u015eantiyelerde ve ihracat pazarlar\u0131nda g\u00fcnl\u00fck kullan\u0131m i\u00e7in idealdir.<\/p>","protected":false},"featured_media":8910,"template":"","meta":{"_kad_post_transparent":"default","_kad_post_title":"","_kad_post_layout":"default","_kad_post_sidebar_id":"","_kad_post_content_style":"default","_kad_post_vertical_padding":"default","_kad_post_feature":"","_kad_post_feature_position":"","_kad_post_header":false,"_kad_post_footer":false},"product_brand":[],"product_cat":[51],"product_tag":[988,992,990,989,993,985,994,987,984,991,986],"class_list":{"0":"post-8909","1":"product","2":"type-product","3":"status-publish","4":"has-post-thumbnail","6":"product_cat-rebar-cutting-machine","7":"product_tag-automatic-rebar-cutter","8":"product_tag-construction-steel-bar-cutter","9":"product_tag-electric-rebar-cutting-tool","10":"product_tag-hydraulic-rebar-cutting-machine","11":"product_tag-portable-rebar-cutting-machine","12":"product_tag-rebar-cutter","13":"product_tag-rebar-cutting-machine","14":"product_tag-reinforcement-bar-cutter","15":"product_tag-steel-bar-cutting-machine","16":"product_tag-steel-rod-cutter-machine","17":"product_tag-tmt-bar-cutting-machine","19":"first","20":"instock","21":"shipping-taxable","22":"product-type-simple","23":"entry","24":"content-bg","25":"loop-entry"},"yoast_head":"<!-- This site is optimized with the Yoast SEO plugin v25.3.1 - https:\/\/yoast.com\/wordpress\/plugins\/seo\/ -->\n<title>Rebar Cutting Machine GQ40A (Flat knife) - HSY Construction Machinery<\/title>\n<meta name=\"description\" content=\"The Rebar Cutting Machine GQ40A (Flat Knife) cuts 6\u201332mm rebar cleanly and efficiently. Designed for high-volume construction and global export.\" \/>\n<meta name=\"robots\" content=\"index, follow, max-snippet:-1, max-image-preview:large, max-video-preview:-1\" \/>\n<link rel=\"canonical\" href=\"https:\/\/www.hsymachinery.com\/tr\/product\/insaat-demiri-kesme-makinesi-gq40a-duz-bicak\/\" \/>\n<meta property=\"og:locale\" content=\"tr_TR\" \/>\n<meta property=\"og:type\" content=\"article\" \/>\n<meta property=\"og:title\" content=\"Rebar Cutting Machine GQ40A (Flat knife) - HSY Construction Machinery\" \/>\n<meta property=\"og:description\" content=\"The Rebar Cutting Machine GQ40A (Flat Knife) cuts 6\u201332mm rebar cleanly and efficiently. Designed for high-volume construction and global export.\" \/>\n<meta property=\"og:url\" content=\"https:\/\/www.hsymachinery.com\/tr\/product\/insaat-demiri-kesme-makinesi-gq40a-duz-bicak\/\" \/>\n<meta property=\"og:site_name\" content=\"HSY Construction Machinery\" \/>\n<meta property=\"article:modified_time\" content=\"2025-06-25T12:25:23+00:00\" \/>\n<meta property=\"og:image\" content=\"https:\/\/www.hsymachinery.com\/wp-content\/uploads\/2025\/06\/Rebar-Cutting-Machine-GQ40A-Flat-knife.jpg\" \/>\n\t<meta property=\"og:image:width\" content=\"600\" \/>\n\t<meta property=\"og:image:height\" content=\"600\" \/>\n\t<meta property=\"og:image:type\" content=\"image\/jpeg\" \/>\n<meta name=\"twitter:card\" content=\"summary_large_image\" \/>\n<meta name=\"twitter:label1\" content=\"Tahmini okuma s\u00fcresi\" \/>\n\t<meta name=\"twitter:data1\" content=\"3 dakika\" \/>\n<script type=\"application\/ld+json\" class=\"yoast-schema-graph\">{\"@context\":\"https:\/\/schema.org\",\"@graph\":[{\"@type\":\"WebPage\",\"@id\":\"https:\/\/www.hsymachinery.com\/product\/rebar-cutting-machine-gq40a-flat-knife\/\",\"url\":\"https:\/\/www.hsymachinery.com\/product\/rebar-cutting-machine-gq40a-flat-knife\/\",\"name\":\"Rebar Cutting Machine GQ40A (Flat knife) - HSY Construction Machinery\",\"isPartOf\":{\"@id\":\"https:\/\/www.hsymachinery.com\/#website\"},\"primaryImageOfPage\":{\"@id\":\"https:\/\/www.hsymachinery.com\/product\/rebar-cutting-machine-gq40a-flat-knife\/#primaryimage\"},\"image\":{\"@id\":\"https:\/\/www.hsymachinery.com\/product\/rebar-cutting-machine-gq40a-flat-knife\/#primaryimage\"},\"thumbnailUrl\":\"https:\/\/www.hsymachinery.com\/wp-content\/uploads\/2025\/06\/Rebar-Cutting-Machine-GQ40A-Flat-knife.jpg\",\"datePublished\":\"2025-06-18T03:16:17+00:00\",\"dateModified\":\"2025-06-25T12:25:23+00:00\",\"description\":\"The Rebar Cutting Machine GQ40A (Flat Knife) cuts 6\u201332mm rebar cleanly and efficiently. Designed for high-volume construction and global export.\",\"breadcrumb\":{\"@id\":\"https:\/\/www.hsymachinery.com\/product\/rebar-cutting-machine-gq40a-flat-knife\/#breadcrumb\"},\"inLanguage\":\"tr\",\"potentialAction\":[{\"@type\":\"ReadAction\",\"target\":[\"https:\/\/www.hsymachinery.com\/product\/rebar-cutting-machine-gq40a-flat-knife\/\"]}]},{\"@type\":\"ImageObject\",\"inLanguage\":\"tr\",\"@id\":\"https:\/\/www.hsymachinery.com\/product\/rebar-cutting-machine-gq40a-flat-knife\/#primaryimage\",\"url\":\"https:\/\/www.hsymachinery.com\/wp-content\/uploads\/2025\/06\/Rebar-Cutting-Machine-GQ40A-Flat-knife.jpg\",\"contentUrl\":\"https:\/\/www.hsymachinery.com\/wp-content\/uploads\/2025\/06\/Rebar-Cutting-Machine-GQ40A-Flat-knife.jpg\",\"width\":600,\"height\":600},{\"@type\":\"BreadcrumbList\",\"@id\":\"https:\/\/www.hsymachinery.com\/product\/rebar-cutting-machine-gq40a-flat-knife\/#breadcrumb\",\"itemListElement\":[{\"@type\":\"ListItem\",\"position\":1,\"name\":\"home\",\"item\":\"https:\/\/www.hsymachinery.com\/\"},{\"@type\":\"ListItem\",\"position\":2,\"name\":\"products\",\"item\":\"https:\/\/www.hsymachinery.com\/products\/\"},{\"@type\":\"ListItem\",\"position\":3,\"name\":\"Rebar Cutting Machine GQ40A (Flat knife)\"}]},{\"@type\":\"WebSite\",\"@id\":\"https:\/\/www.hsymachinery.com\/#website\",\"url\":\"https:\/\/www.hsymachinery.com\/\",\"name\":\"HSY Construction Machinery\",\"description\":\"HSY Machinery \u2013 A leading China construction machinery supplier, offering a wide range of light construction equipment. Our main products include Rebar Cutting Machine, Rebar Bending Machine, Rebar Stirrup Bending Machine, Rebar Arc Bending Machine, Rebar Straightening Machine, Five-Head Rebar Stirrup Bending Machine, Tamping Rammer, Plate Compactor, Concrete Cutter, Power Trowel, and other construction machinery. We are equipped with advanced CNC machines, and we enforce strict quality inspection standards along with comprehensive after-sales service. If you are interested in our products or services, we warmly welcome your inquiries via message.\",\"publisher\":{\"@id\":\"https:\/\/www.hsymachinery.com\/#organization\"},\"potentialAction\":[{\"@type\":\"SearchAction\",\"target\":{\"@type\":\"EntryPoint\",\"urlTemplate\":\"https:\/\/www.hsymachinery.com\/?s={search_term_string}\"},\"query-input\":{\"@type\":\"PropertyValueSpecification\",\"valueRequired\":true,\"valueName\":\"search_term_string\"}}],\"inLanguage\":\"tr\"},{\"@type\":\"Organization\",\"@id\":\"https:\/\/www.hsymachinery.com\/#organization\",\"name\":\"HSY Construction Machinery\",\"url\":\"https:\/\/www.hsymachinery.com\/\",\"logo\":{\"@type\":\"ImageObject\",\"inLanguage\":\"tr\",\"@id\":\"https:\/\/www.hsymachinery.com\/#\/schema\/logo\/image\/\",\"url\":\"https:\/\/www.hsymachinery.com\/wp-content\/uploads\/2025\/06\/cropped-HSY-machinery.png\",\"contentUrl\":\"https:\/\/www.hsymachinery.com\/wp-content\/uploads\/2025\/06\/cropped-HSY-machinery.png\",\"width\":600,\"height\":240,\"caption\":\"HSY Construction Machinery\"},\"image\":{\"@id\":\"https:\/\/www.hsymachinery.com\/#\/schema\/logo\/image\/\"}}]}<\/script>\n<!-- \/ Yoast SEO plugin. -->","yoast_head_json":{"title":"\u0130n\u015faat Demiri Kesme Makinesi GQ40A (D\u00fcz b\u0131\u00e7ak) - HSY \u0130n\u015faat Makinalar\u0131","description":"\u0130n\u015faat Demiri Kesme Makinesi GQ40A (D\u00fcz B\u0131\u00e7ak) 6-32 mm in\u015faat demirini temiz ve verimli bir \u015fekilde keser. Y\u00fcksek hacimli in\u015faat ve k\u00fcresel ihracat i\u00e7in tasarlanm\u0131\u015ft\u0131r.","robots":{"index":"index","follow":"follow","max-snippet":"max-snippet:-1","max-image-preview":"max-image-preview:large","max-video-preview":"max-video-preview:-1"},"canonical":"https:\/\/www.hsymachinery.com\/tr\/product\/insaat-demiri-kesme-makinesi-gq40a-duz-bicak\/","og_locale":"tr_TR","og_type":"article","og_title":"Rebar Cutting Machine GQ40A (Flat knife) - HSY Construction Machinery","og_description":"The Rebar Cutting Machine GQ40A (Flat Knife) cuts 6\u201332mm rebar cleanly and efficiently. Designed for high-volume construction and global export.","og_url":"https:\/\/www.hsymachinery.com\/tr\/product\/insaat-demiri-kesme-makinesi-gq40a-duz-bicak\/","og_site_name":"HSY Construction Machinery","article_modified_time":"2025-06-25T12:25:23+00:00","og_image":[{"width":600,"height":600,"url":"https:\/\/www.hsymachinery.com\/wp-content\/uploads\/2025\/06\/Rebar-Cutting-Machine-GQ40A-Flat-knife.jpg","type":"image\/jpeg"}],"twitter_card":"summary_large_image","twitter_misc":{"Tahmini okuma s\u00fcresi":"3 dakika"},"schema":{"@context":"https:\/\/schema.org","@graph":[{"@type":"WebPage","@id":"https:\/\/www.hsymachinery.com\/product\/rebar-cutting-machine-gq40a-flat-knife\/","url":"https:\/\/www.hsymachinery.com\/product\/rebar-cutting-machine-gq40a-flat-knife\/","name":"\u0130n\u015faat Demiri Kesme Makinesi GQ40A (D\u00fcz b\u0131\u00e7ak) - HSY \u0130n\u015faat Makinalar\u0131","isPartOf":{"@id":"https:\/\/www.hsymachinery.com\/#website"},"primaryImageOfPage":{"@id":"https:\/\/www.hsymachinery.com\/product\/rebar-cutting-machine-gq40a-flat-knife\/#primaryimage"},"image":{"@id":"https:\/\/www.hsymachinery.com\/product\/rebar-cutting-machine-gq40a-flat-knife\/#primaryimage"},"thumbnailUrl":"https:\/\/www.hsymachinery.com\/wp-content\/uploads\/2025\/06\/Rebar-Cutting-Machine-GQ40A-Flat-knife.jpg","datePublished":"2025-06-18T03:16:17+00:00","dateModified":"2025-06-25T12:25:23+00:00","description":"\u0130n\u015faat Demiri Kesme Makinesi GQ40A (D\u00fcz B\u0131\u00e7ak) 6-32 mm in\u015faat demirini temiz ve verimli bir \u015fekilde keser. Y\u00fcksek hacimli in\u015faat ve k\u00fcresel ihracat i\u00e7in tasarlanm\u0131\u015ft\u0131r.","breadcrumb":{"@id":"https:\/\/www.hsymachinery.com\/product\/rebar-cutting-machine-gq40a-flat-knife\/#breadcrumb"},"inLanguage":"tr","potentialAction":[{"@type":"ReadAction","target":["https:\/\/www.hsymachinery.com\/product\/rebar-cutting-machine-gq40a-flat-knife\/"]}]},{"@type":"ImageObject","inLanguage":"tr","@id":"https:\/\/www.hsymachinery.com\/product\/rebar-cutting-machine-gq40a-flat-knife\/#primaryimage","url":"https:\/\/www.hsymachinery.com\/wp-content\/uploads\/2025\/06\/Rebar-Cutting-Machine-GQ40A-Flat-knife.jpg","contentUrl":"https:\/\/www.hsymachinery.com\/wp-content\/uploads\/2025\/06\/Rebar-Cutting-Machine-GQ40A-Flat-knife.jpg","width":600,"height":600},{"@type":"BreadcrumbList","@id":"https:\/\/www.hsymachinery.com\/product\/rebar-cutting-machine-gq40a-flat-knife\/#breadcrumb","itemListElement":[{"@type":"ListItem","position":1,"name":"home","item":"https:\/\/www.hsymachinery.com\/"},{"@type":"ListItem","position":2,"name":"products","item":"https:\/\/www.hsymachinery.com\/products\/"},{"@type":"ListItem","position":3,"name":"Rebar Cutting Machine GQ40A (Flat knife)"}]},{"@type":"WebSite","@id":"https:\/\/www.hsymachinery.com\/#website","url":"https:\/\/www.hsymachinery.com\/","name":"HSY \u0130n\u015faat Makineleri","description":"HSY Machinery - \u00c7ok \u00e7e\u015fitli hafif in\u015faat ekipmanlar\u0131 sunan lider bir \u00c7in in\u015faat makineleri tedarik\u00e7isi. Ba\u015fl\u0131ca \u00fcr\u00fcnlerimiz aras\u0131nda Demir Kesme Makinesi, Demir B\u00fckme Makinesi, Demir \u00dczengi B\u00fckme Makinesi, Demir Ark B\u00fckme Makinesi, Demir Do\u011frultma Makinesi, Be\u015f Kafal\u0131 Demir \u00dczengi B\u00fckme Makinesi, S\u0131k\u0131\u015ft\u0131rma Tokma\u011f\u0131, Plaka Kompakt\u00f6r\u00fc, Beton Kesici, Elektrikli Mala ve di\u011fer in\u015faat makineleri bulunmaktad\u0131r. Geli\u015fmi\u015f CNC makineleri ile donat\u0131lm\u0131\u015ft\u0131r ve kapsaml\u0131 sat\u0131\u015f sonras\u0131 hizmet ile birlikte s\u0131k\u0131 kalite kontrol standartlar\u0131n\u0131 uyguluyoruz. \u00dcr\u00fcnlerimiz veya hizmetlerimizle ilgileniyorsan\u0131z, sorular\u0131n\u0131z\u0131 mesaj yoluyla s\u0131cak bir \u015fekilde kar\u015f\u0131l\u0131yoruz.","publisher":{"@id":"https:\/\/www.hsymachinery.com\/#organization"},"potentialAction":[{"@type":"SearchAction","target":{"@type":"EntryPoint","urlTemplate":"https:\/\/www.hsymachinery.com\/?s={search_term_string}"},"query-input":{"@type":"PropertyValueSpecification","valueRequired":true,"valueName":"search_term_string"}}],"inLanguage":"tr"},{"@type":"Organization","@id":"https:\/\/www.hsymachinery.com\/#organization","name":"HSY \u0130n\u015faat Makineleri","url":"https:\/\/www.hsymachinery.com\/","logo":{"@type":"ImageObject","inLanguage":"tr","@id":"https:\/\/www.hsymachinery.com\/#\/schema\/logo\/image\/","url":"https:\/\/www.hsymachinery.com\/wp-content\/uploads\/2025\/06\/cropped-HSY-machinery.png","contentUrl":"https:\/\/www.hsymachinery.com\/wp-content\/uploads\/2025\/06\/cropped-HSY-machinery.png","width":600,"height":240,"caption":"HSY Construction Machinery"},"image":{"@id":"https:\/\/www.hsymachinery.com\/#\/schema\/logo\/image\/"}}]}},"_links":{"self":[{"href":"https:\/\/www.hsymachinery.com\/tr\/wp-json\/wp\/v2\/product\/8909","targetHints":{"allow":["GET"]}}],"collection":[{"href":"https:\/\/www.hsymachinery.com\/tr\/wp-json\/wp\/v2\/product"}],"about":[{"href":"https:\/\/www.hsymachinery.com\/tr\/wp-json\/wp\/v2\/types\/product"}],"version-history":[{"count":4,"href":"https:\/\/www.hsymachinery.com\/tr\/wp-json\/wp\/v2\/product\/8909\/revisions"}],"predecessor-version":[{"id":9320,"href":"https:\/\/www.hsymachinery.com\/tr\/wp-json\/wp\/v2\/product\/8909\/revisions\/9320"}],"wp:featuredmedia":[{"embeddable":true,"href":"https:\/\/www.hsymachinery.com\/tr\/wp-json\/wp\/v2\/media\/8910"}],"wp:attachment":[{"href":"https:\/\/www.hsymachinery.com\/tr\/wp-json\/wp\/v2\/media?parent=8909"}],"wp:term":[{"taxonomy":"product_brand","embeddable":true,"href":"https:\/\/www.hsymachinery.com\/tr\/wp-json\/wp\/v2\/product_brand?post=8909"},{"taxonomy":"product_cat","embeddable":true,"href":"https:\/\/www.hsymachinery.com\/tr\/wp-json\/wp\/v2\/product_cat?post=8909"},{"taxonomy":"product_tag","embeddable":true,"href":"https:\/\/www.hsymachinery.com\/tr\/wp-json\/wp\/v2\/product_tag?post=8909"}],"curies":[{"name":"wp","href":"https:\/\/api.w.org\/{rel}","templated":true}]}}