{"id":9238,"date":"2025-06-18T21:21:50","date_gmt":"2025-06-18T13:21:50","guid":{"rendered":"https:\/\/www.hsymachinery.com\/?post_type=product&#038;p=9238"},"modified":"2025-06-29T00:02:34","modified_gmt":"2025-06-28T16:02:34","slug":"akbar-motorspackel-ptr-h100d","status":"publish","type":"product","link":"https:\/\/www.hsymachinery.com\/sv\/produkt\/akbar-motorspackel-ptr-h100d\/","title":{"rendered":"Ride-On motoriserad murslev PTR-H100D"},"content":{"rendered":"<h3 data-start=\"182\" data-end=\"304\">PTR-H100D dubbeldiskad \u00e5kbar betongspackel med Honda-motor | ultimat finish f\u00f6r stora betongprojekt<\/h3>\n<h3 data-start=\"311\" data-end=\"410\">Produktbeskrivning - \u00c5kbar murslev med dubbla rotorer och Honda-kraft f\u00f6r maximal effektivitet p\u00e5 plattor<a href=\"https:\/\/www.hsymachinery.com\/sv\/produkter\/akbar-motorspackel\/\" target=\"_blank\" rel=\"noopener\"><img fetchpriority=\"high\" decoding=\"async\" class=\"wp-image-9616 alignright\" src=\"https:\/\/www.hsymachinery.com\/wp-content\/uploads\/2025\/06\/Sitting-Type-Power-Trowel-209x300.jpg\" alt=\"\" width=\"451\" height=\"647\" srcset=\"https:\/\/www.hsymachinery.com\/wp-content\/uploads\/2025\/06\/Sitting-Type-Power-Trowel-209x300.jpg 209w, https:\/\/www.hsymachinery.com\/wp-content\/uploads\/2025\/06\/Sitting-Type-Power-Trowel-713x1024.jpg 713w, https:\/\/www.hsymachinery.com\/wp-content\/uploads\/2025\/06\/Sitting-Type-Power-Trowel-768x1103.jpg 768w, https:\/\/www.hsymachinery.com\/wp-content\/uploads\/2025\/06\/Sitting-Type-Power-Trowel-600x862.jpg 600w, https:\/\/www.hsymachinery.com\/wp-content\/uploads\/2025\/06\/Sitting-Type-Power-Trowel.jpg 800w\" sizes=\"(max-width: 451px) 100vw, 451px\" \/><\/a><\/h3>\n<p data-start=\"412\" data-end=\"789\">Den <strong data-start=\"416\" data-end=\"450\">PTR-H100D \u00c5kbar motorspackel<\/strong> kombinerar ett efterbehandlingssystem med dubbla skivor med en p\u00e5litlig Honda-bensinmotor f\u00f6r att ge h\u00f6g prestanda p\u00e5 expansiva betongplattor. Den h\u00e4r maskinen \u00e4r konstruerad f\u00f6r entrepren\u00f6rer som kr\u00e4ver hastighet, kraft och precision p\u00e5 kr\u00e4vande arbetsplatser som logistikhubbar, kommersiella golv och lagerbyggnader.<\/p>\n<p data-start=\"791\" data-end=\"1137\">Med sina tv\u00e5 synkroniserade spackelpannor ger PTR-H100D st\u00f6rre ytt\u00e4ckning p\u00e5 kortare tid. F\u00f6rarna njuter av \u00e5kkomforten, som g\u00f6r att de kan f\u00e4rdigst\u00e4lla stora ytor utan att bli tr\u00f6tta. Honda-motorn, som \u00e4r v\u00e4rldsk\u00e4nd f\u00f6r sin h\u00e5llbarhet och br\u00e4nsleeffektivitet, s\u00e4kerst\u00e4ller smidig drift och minimal stillest\u00e5ndstid under l\u00e5nga arbetspass.<\/p>\n<p data-start=\"1139\" data-end=\"1477\">Dessutom g\u00f6r den oberoende bladvinkeljusteringen det m\u00f6jligt f\u00f6r anv\u00e4ndaren att finjustera spackelinst\u00e4llningarna utifr\u00e5n projektets behov - fr\u00e5n flytande till h\u00f6gglansig finish. Den h\u00e4r modellen \u00e4r byggd med en kraftig st\u00e5lram, f\u00f6rst\u00e4rkt v\u00e4xell\u00e5da och st\u00f6td\u00e4mpande s\u00e4te f\u00f6r att klara kontinuerlig anv\u00e4ndning i kr\u00e4vande milj\u00f6er.<\/p>\n<p data-start=\"1479\" data-end=\"1643\">Oavsett om PTR-H100D anv\u00e4nds inomhus eller utomhus \u00e4r den en professionell maskin som \u00e4r utformad f\u00f6r att maximera effektiviteten och ge en j\u00e4mn kvalitet p\u00e5 betongytan.<\/p>\n<h3 data-start=\"1650\" data-end=\"1697\">Viktiga egenskaper f\u00f6r PTR-H100D \u00e5kbar murslev<\/h3>\n<ul data-start=\"1699\" data-end=\"2102\">\n<li data-start=\"1699\" data-end=\"1771\">\n<p data-start=\"1701\" data-end=\"1771\">Design med dubbla skivor \u00f6kar trowlingeffektiviteten och ytt\u00e4ckningen<\/p>\n<\/li>\n<li data-start=\"1772\" data-end=\"1828\">\n<p data-start=\"1774\" data-end=\"1828\">Utrustad med en h\u00f6gpresterande Honda-bensinmotor<\/p>\n<\/li>\n<li data-start=\"1829\" data-end=\"1898\">\n<p data-start=\"1831\" data-end=\"1898\">Operat\u00f6rsv\u00e4nlig \u00e5kgr\u00e4sklippare f\u00f6r \u00f6kad komfort och produktivitet<\/p>\n<\/li>\n<li data-start=\"1899\" data-end=\"1968\">\n<p data-start=\"1901\" data-end=\"1968\">Bladvinkeln kan justeras f\u00f6r b\u00e5da skivorna f\u00f6r att matcha ytf\u00f6rh\u00e5llandena<\/p>\n<\/li>\n<li data-start=\"1969\" data-end=\"2034\">\n<p data-start=\"1971\" data-end=\"2034\">H\u00e5llbar ram och kraft\u00f6verf\u00f6ringssystem f\u00f6r robusthet p\u00e5 arbetsplatsen<\/p>\n<\/li>\n<li data-start=\"2035\" data-end=\"2102\">\n<p data-start=\"2037\" data-end=\"2102\">Utm\u00e4rkt f\u00f6r ytbehandling av stora betongplattor i industriomr\u00e5den<\/p>\n<\/li>\n<\/ul>\n<h3 data-start=\"2109\" data-end=\"2194\">Anv\u00e4ndningsomr\u00e5den - Idealisk f\u00f6r flygplatser, logistiklager och stora fabriksgolv<\/h3>\n<p data-start=\"2196\" data-end=\"2341\">PTR-H100D \u00e4r byggd f\u00f6r entrepren\u00f6rer som beh\u00f6ver ut\u00f6kad r\u00e4ckvidd f\u00f6r spackling, h\u00f6g slitstyrka och p\u00e5litlig motor f\u00f6r varje projekt.<\/p>\n<p><iframe title=\"motorspackel,\u00e5kbar motorspackel,handdriven motorspackel,spackel,betong\" width=\"720\" height=\"405\" src=\"https:\/\/www.youtube.com\/embed\/f6bzSaqMaws?feature=oembed\" frameborder=\"0\" allow=\"accelerometer; autoplay; clipboard-write; encrypted-media; gyroscope; picture-in-picture; web-share\" referrerpolicy=\"strict-origin-when-cross-origin\" allowfullscreen><\/iframe><\/p>","protected":false},"excerpt":{"rendered":"<p>PTR-H100D \u00e5kbar gl\u00e4ttare med Honda-motor och dubbelskivig design ger snabb och effektiv efterbehandling av stora kommersiella och industriella betongplattor.<\/p>","protected":false},"featured_media":9239,"template":"","meta":{"_kad_post_transparent":"default","_kad_post_title":"","_kad_post_layout":"default","_kad_post_sidebar_id":"","_kad_post_content_style":"default","_kad_post_vertical_padding":"default","_kad_post_feature":"","_kad_post_feature_position":"","_kad_post_header":false,"_kad_post_footer":false},"product_brand":[],"product_cat":[58],"product_tag":[1093,1094,1098,1091,1096,1092,1097,1099,1095,1100],"class_list":{"0":"post-9238","1":"product","2":"type-product","3":"status-publish","4":"has-post-thumbnail","6":"product_cat-ride-on-power-trowel","7":"product_tag-concrete-ride-on-trowel","8":"product_tag-concrete-ride-on-trowel-machine","9":"product_tag-concrete-surface-finishing-trowel","10":"product_tag-double-disc-ride-on-power-trowel","11":"product_tag-double-rotor-power-trowel","12":"product_tag-gasoline-ride-on-power-trowel","13":"product_tag-heavy-duty-ride-on-trowel","14":"product_tag-hydraulic-ride-on-trowel","15":"product_tag-ride-on-concrete-finishing-machine","16":"product_tag-ride-on-floor-trowel","18":"first","19":"instock","20":"shipping-taxable","21":"product-type-simple","22":"entry","23":"content-bg","24":"loop-entry"},"yoast_head":"<!-- This site is optimized with the Yoast SEO plugin v25.3.1 - https:\/\/yoast.com\/wordpress\/plugins\/seo\/ -->\n<title>Ride-On Power Trowel PTR-H100D - HSY Construction Machinery<\/title>\n<meta name=\"description\" content=\"PTR-H100D ride-on concrete trowel features Honda engine and dual-disc design for efficient slab finishing in commercial, airport, and industrial floor projects.Ride-On Power Trowel PTR-H100D\" \/>\n<meta name=\"robots\" content=\"index, follow, max-snippet:-1, max-image-preview:large, max-video-preview:-1\" \/>\n<link rel=\"canonical\" href=\"https:\/\/www.hsymachinery.com\/sv\/produkt\/akbar-motorspackel-ptr-h100d\/\" \/>\n<meta property=\"og:locale\" content=\"sv_SE\" \/>\n<meta property=\"og:type\" content=\"article\" \/>\n<meta property=\"og:title\" content=\"Ride-On Power Trowel PTR-H100D - HSY Construction Machinery\" \/>\n<meta property=\"og:description\" content=\"PTR-H100D ride-on concrete trowel features Honda engine and dual-disc design for efficient slab finishing in commercial, airport, and industrial floor projects.Ride-On Power Trowel PTR-H100D\" \/>\n<meta property=\"og:url\" content=\"https:\/\/www.hsymachinery.com\/sv\/produkt\/akbar-motorspackel-ptr-h100d\/\" \/>\n<meta property=\"og:site_name\" content=\"HSY Construction Machinery\" \/>\n<meta property=\"article:modified_time\" content=\"2025-06-28T16:02:34+00:00\" \/>\n<meta property=\"og:image\" content=\"https:\/\/www.hsymachinery.com\/wp-content\/uploads\/2025\/06\/Ride-On-Power-Trowel-PTR-H100D.jpg\" \/>\n\t<meta property=\"og:image:width\" content=\"800\" \/>\n\t<meta property=\"og:image:height\" content=\"800\" \/>\n\t<meta property=\"og:image:type\" content=\"image\/jpeg\" \/>\n<meta name=\"twitter:card\" content=\"summary_large_image\" \/>\n<meta name=\"twitter:label1\" content=\"Ber\u00e4knad l\u00e4stid\" \/>\n\t<meta name=\"twitter:data1\" content=\"2 minuter\" \/>\n<script type=\"application\/ld+json\" class=\"yoast-schema-graph\">{\"@context\":\"https:\/\/schema.org\",\"@graph\":[{\"@type\":\"WebPage\",\"@id\":\"https:\/\/www.hsymachinery.com\/product\/ride-on-power-trowel-ptr-h100d\/\",\"url\":\"https:\/\/www.hsymachinery.com\/product\/ride-on-power-trowel-ptr-h100d\/\",\"name\":\"Ride-On Power Trowel PTR-H100D - HSY Construction Machinery\",\"isPartOf\":{\"@id\":\"https:\/\/www.hsymachinery.com\/#website\"},\"primaryImageOfPage\":{\"@id\":\"https:\/\/www.hsymachinery.com\/product\/ride-on-power-trowel-ptr-h100d\/#primaryimage\"},\"image\":{\"@id\":\"https:\/\/www.hsymachinery.com\/product\/ride-on-power-trowel-ptr-h100d\/#primaryimage\"},\"thumbnailUrl\":\"https:\/\/www.hsymachinery.com\/wp-content\/uploads\/2025\/06\/Ride-On-Power-Trowel-PTR-H100D.jpg\",\"datePublished\":\"2025-06-18T13:21:50+00:00\",\"dateModified\":\"2025-06-28T16:02:34+00:00\",\"description\":\"PTR-H100D ride-on concrete trowel features Honda engine and dual-disc design for efficient slab finishing in commercial, airport, and industrial floor projects.Ride-On Power Trowel PTR-H100D\",\"breadcrumb\":{\"@id\":\"https:\/\/www.hsymachinery.com\/product\/ride-on-power-trowel-ptr-h100d\/#breadcrumb\"},\"inLanguage\":\"sv-SE\",\"potentialAction\":[{\"@type\":\"ReadAction\",\"target\":[\"https:\/\/www.hsymachinery.com\/product\/ride-on-power-trowel-ptr-h100d\/\"]}]},{\"@type\":\"ImageObject\",\"inLanguage\":\"sv-SE\",\"@id\":\"https:\/\/www.hsymachinery.com\/product\/ride-on-power-trowel-ptr-h100d\/#primaryimage\",\"url\":\"https:\/\/www.hsymachinery.com\/wp-content\/uploads\/2025\/06\/Ride-On-Power-Trowel-PTR-H100D.jpg\",\"contentUrl\":\"https:\/\/www.hsymachinery.com\/wp-content\/uploads\/2025\/06\/Ride-On-Power-Trowel-PTR-H100D.jpg\",\"width\":800,\"height\":800},{\"@type\":\"BreadcrumbList\",\"@id\":\"https:\/\/www.hsymachinery.com\/product\/ride-on-power-trowel-ptr-h100d\/#breadcrumb\",\"itemListElement\":[{\"@type\":\"ListItem\",\"position\":1,\"name\":\"home\",\"item\":\"https:\/\/www.hsymachinery.com\/\"},{\"@type\":\"ListItem\",\"position\":2,\"name\":\"products\",\"item\":\"https:\/\/www.hsymachinery.com\/products\/\"},{\"@type\":\"ListItem\",\"position\":3,\"name\":\"Ride-On Power Trowel PTR-H100D\"}]},{\"@type\":\"WebSite\",\"@id\":\"https:\/\/www.hsymachinery.com\/#website\",\"url\":\"https:\/\/www.hsymachinery.com\/\",\"name\":\"HSY Construction Machinery\",\"description\":\"HSY Machinery \u2013 A leading China construction machinery supplier, offering a wide range of light construction equipment. Our main products include Rebar Cutting Machine, Rebar Bending Machine, Rebar Stirrup Bending Machine, Rebar Arc Bending Machine, Rebar Straightening Machine, Five-Head Rebar Stirrup Bending Machine, Tamping Rammer, Plate Compactor, Concrete Cutter, Power Trowel, and other construction machinery. We are equipped with advanced CNC machines, and we enforce strict quality inspection standards along with comprehensive after-sales service. If you are interested in our products or services, we warmly welcome your inquiries via message.\",\"publisher\":{\"@id\":\"https:\/\/www.hsymachinery.com\/#organization\"},\"potentialAction\":[{\"@type\":\"SearchAction\",\"target\":{\"@type\":\"EntryPoint\",\"urlTemplate\":\"https:\/\/www.hsymachinery.com\/?s={search_term_string}\"},\"query-input\":{\"@type\":\"PropertyValueSpecification\",\"valueRequired\":true,\"valueName\":\"search_term_string\"}}],\"inLanguage\":\"sv-SE\"},{\"@type\":\"Organization\",\"@id\":\"https:\/\/www.hsymachinery.com\/#organization\",\"name\":\"HSY Construction Machinery\",\"url\":\"https:\/\/www.hsymachinery.com\/\",\"logo\":{\"@type\":\"ImageObject\",\"inLanguage\":\"sv-SE\",\"@id\":\"https:\/\/www.hsymachinery.com\/#\/schema\/logo\/image\/\",\"url\":\"https:\/\/www.hsymachinery.com\/wp-content\/uploads\/2025\/06\/cropped-HSY-machinery.png\",\"contentUrl\":\"https:\/\/www.hsymachinery.com\/wp-content\/uploads\/2025\/06\/cropped-HSY-machinery.png\",\"width\":600,\"height\":240,\"caption\":\"HSY Construction Machinery\"},\"image\":{\"@id\":\"https:\/\/www.hsymachinery.com\/#\/schema\/logo\/image\/\"}}]}<\/script>\n<!-- \/ Yoast SEO plugin. -->","yoast_head_json":{"title":"\u00c5kbar motorspackel PTR-H100D - HSY Anl\u00e4ggningsmaskiner","description":"PTR-H100D \u00e5kbar betongspackel har Honda-motor och design med dubbla skivor f\u00f6r effektiv ytbehandling av plattor i kommersiella, flygplats- och industriella golvprojekt.\u00e5kbar motorspackel PTR-H100D","robots":{"index":"index","follow":"follow","max-snippet":"max-snippet:-1","max-image-preview":"max-image-preview:large","max-video-preview":"max-video-preview:-1"},"canonical":"https:\/\/www.hsymachinery.com\/sv\/produkt\/akbar-motorspackel-ptr-h100d\/","og_locale":"sv_SE","og_type":"article","og_title":"Ride-On Power Trowel PTR-H100D - HSY Construction Machinery","og_description":"PTR-H100D ride-on concrete trowel features Honda engine and dual-disc design for efficient slab finishing in commercial, airport, and industrial floor projects.Ride-On Power Trowel PTR-H100D","og_url":"https:\/\/www.hsymachinery.com\/sv\/produkt\/akbar-motorspackel-ptr-h100d\/","og_site_name":"HSY Construction Machinery","article_modified_time":"2025-06-28T16:02:34+00:00","og_image":[{"width":800,"height":800,"url":"https:\/\/www.hsymachinery.com\/wp-content\/uploads\/2025\/06\/Ride-On-Power-Trowel-PTR-H100D.jpg","type":"image\/jpeg"}],"twitter_card":"summary_large_image","twitter_misc":{"Ber\u00e4knad l\u00e4stid":"2 minuter"},"schema":{"@context":"https:\/\/schema.org","@graph":[{"@type":"WebPage","@id":"https:\/\/www.hsymachinery.com\/product\/ride-on-power-trowel-ptr-h100d\/","url":"https:\/\/www.hsymachinery.com\/product\/ride-on-power-trowel-ptr-h100d\/","name":"\u00c5kbar motorspackel PTR-H100D - HSY Anl\u00e4ggningsmaskiner","isPartOf":{"@id":"https:\/\/www.hsymachinery.com\/#website"},"primaryImageOfPage":{"@id":"https:\/\/www.hsymachinery.com\/product\/ride-on-power-trowel-ptr-h100d\/#primaryimage"},"image":{"@id":"https:\/\/www.hsymachinery.com\/product\/ride-on-power-trowel-ptr-h100d\/#primaryimage"},"thumbnailUrl":"https:\/\/www.hsymachinery.com\/wp-content\/uploads\/2025\/06\/Ride-On-Power-Trowel-PTR-H100D.jpg","datePublished":"2025-06-18T13:21:50+00:00","dateModified":"2025-06-28T16:02:34+00:00","description":"PTR-H100D \u00e5kbar betongspackel har Honda-motor och design med dubbla skivor f\u00f6r effektiv ytbehandling av plattor i kommersiella, flygplats- och industriella golvprojekt.\u00e5kbar motorspackel PTR-H100D","breadcrumb":{"@id":"https:\/\/www.hsymachinery.com\/product\/ride-on-power-trowel-ptr-h100d\/#breadcrumb"},"inLanguage":"sv-SE","potentialAction":[{"@type":"ReadAction","target":["https:\/\/www.hsymachinery.com\/product\/ride-on-power-trowel-ptr-h100d\/"]}]},{"@type":"ImageObject","inLanguage":"sv-SE","@id":"https:\/\/www.hsymachinery.com\/product\/ride-on-power-trowel-ptr-h100d\/#primaryimage","url":"https:\/\/www.hsymachinery.com\/wp-content\/uploads\/2025\/06\/Ride-On-Power-Trowel-PTR-H100D.jpg","contentUrl":"https:\/\/www.hsymachinery.com\/wp-content\/uploads\/2025\/06\/Ride-On-Power-Trowel-PTR-H100D.jpg","width":800,"height":800},{"@type":"BreadcrumbList","@id":"https:\/\/www.hsymachinery.com\/product\/ride-on-power-trowel-ptr-h100d\/#breadcrumb","itemListElement":[{"@type":"ListItem","position":1,"name":"home","item":"https:\/\/www.hsymachinery.com\/"},{"@type":"ListItem","position":2,"name":"products","item":"https:\/\/www.hsymachinery.com\/products\/"},{"@type":"ListItem","position":3,"name":"Ride-On Power Trowel PTR-H100D"}]},{"@type":"WebSite","@id":"https:\/\/www.hsymachinery.com\/#website","url":"https:\/\/www.hsymachinery.com\/","name":"HSY Anl\u00e4ggningsmaskiner","description":"HSY Machinery - En ledande leverant\u00f6r av byggmaskiner i Kina som erbjuder ett brett utbud av l\u00e4tt byggutrustning. V\u00e5ra huvudprodukter inkluderar sk\u00e4rmaskin f\u00f6r armering, bockningsmaskin f\u00f6r armering, bockningsmaskin f\u00f6r armeringsj\u00e4rn, bockningsmaskin f\u00f6r armeringsb\u00e5ge, bockningsmaskin f\u00f6r armering, bockningsmaskin f\u00f6r armeringsj\u00e4rn med fem huvuden, stampstamp, plattkomprimator, betongsk\u00e4rare, murspade och andra byggmaskiner. Vi \u00e4r utrustade med avancerade CNC-maskiner och vi till\u00e4mpar strikta kvalitetsinspektionsstandarder tillsammans med omfattande kundservice. Om du \u00e4r intresserad av v\u00e5ra produkter eller tj\u00e4nster, v\u00e4lkomnar vi varmt dina f\u00f6rfr\u00e5gningar via meddelande.","publisher":{"@id":"https:\/\/www.hsymachinery.com\/#organization"},"potentialAction":[{"@type":"SearchAction","target":{"@type":"EntryPoint","urlTemplate":"https:\/\/www.hsymachinery.com\/?s={search_term_string}"},"query-input":{"@type":"PropertyValueSpecification","valueRequired":true,"valueName":"search_term_string"}}],"inLanguage":"sv-SE"},{"@type":"Organization","@id":"https:\/\/www.hsymachinery.com\/#organization","name":"HSY Anl\u00e4ggningsmaskiner","url":"https:\/\/www.hsymachinery.com\/","logo":{"@type":"ImageObject","inLanguage":"sv-SE","@id":"https:\/\/www.hsymachinery.com\/#\/schema\/logo\/image\/","url":"https:\/\/www.hsymachinery.com\/wp-content\/uploads\/2025\/06\/cropped-HSY-machinery.png","contentUrl":"https:\/\/www.hsymachinery.com\/wp-content\/uploads\/2025\/06\/cropped-HSY-machinery.png","width":600,"height":240,"caption":"HSY Construction Machinery"},"image":{"@id":"https:\/\/www.hsymachinery.com\/#\/schema\/logo\/image\/"}}]}},"_links":{"self":[{"href":"https:\/\/www.hsymachinery.com\/sv\/wp-json\/wp\/v2\/product\/9238","targetHints":{"allow":["GET"]}}],"collection":[{"href":"https:\/\/www.hsymachinery.com\/sv\/wp-json\/wp\/v2\/product"}],"about":[{"href":"https:\/\/www.hsymachinery.com\/sv\/wp-json\/wp\/v2\/types\/product"}],"version-history":[{"count":3,"href":"https:\/\/www.hsymachinery.com\/sv\/wp-json\/wp\/v2\/product\/9238\/revisions"}],"predecessor-version":[{"id":9628,"href":"https:\/\/www.hsymachinery.com\/sv\/wp-json\/wp\/v2\/product\/9238\/revisions\/9628"}],"wp:featuredmedia":[{"embeddable":true,"href":"https:\/\/www.hsymachinery.com\/sv\/wp-json\/wp\/v2\/media\/9239"}],"wp:attachment":[{"href":"https:\/\/www.hsymachinery.com\/sv\/wp-json\/wp\/v2\/media?parent=9238"}],"wp:term":[{"taxonomy":"product_brand","embeddable":true,"href":"https:\/\/www.hsymachinery.com\/sv\/wp-json\/wp\/v2\/product_brand?post=9238"},{"taxonomy":"product_cat","embeddable":true,"href":"https:\/\/www.hsymachinery.com\/sv\/wp-json\/wp\/v2\/product_cat?post=9238"},{"taxonomy":"product_tag","embeddable":true,"href":"https:\/\/www.hsymachinery.com\/sv\/wp-json\/wp\/v2\/product_tag?post=9238"}],"curies":[{"name":"wp","href":"https:\/\/api.w.org\/{rel}","templated":true}]}}