{"id":9217,"date":"2025-06-18T20:40:26","date_gmt":"2025-06-18T12:40:26","guid":{"rendered":"https:\/\/www.hsymachinery.com\/?post_type=product&#038;p=9217"},"modified":"2025-06-28T23:21:44","modified_gmt":"2025-06-28T15:21:44","slug":"handhallen-motorspackel-pth-c100b","status":"publish","type":"product","link":"https:\/\/www.hsymachinery.com\/sv\/produkt\/handhallen-motorspackel-pth-c100b\/","title":{"rendered":"G\u00e5-bakom motorspackel PTH-C100B"},"content":{"rendered":"<h2 data-start=\"141\" data-end=\"183\">G\u00e5-bakom motorspackel PTH-C100B<\/h2>\n<h3 data-start=\"184\" data-end=\"278\">PTH-C100B Dieselbetongspackel - motor med h\u00f6gt vridmoment f\u00f6r h\u00e5llbar finish p\u00e5 stora plattor<\/h3>\n<h3 data-start=\"285\" data-end=\"398\">Produktbeskrivning - Dieseldriven motorspackel f\u00f6r l\u00e5ngvarig efterbehandling av kommersiella betonggolv<a href=\"https:\/\/www.hsymachinery.com\/sv\/produkter\/handdriven-murbrackare\/\" target=\"_blank\" rel=\"noopener\"><img fetchpriority=\"high\" decoding=\"async\" class=\"wp-image-9218 alignright\" src=\"https:\/\/www.hsymachinery.com\/wp-content\/uploads\/2025\/06\/Walk-Behind-Power-Trowel-PTH-C100B-244x300.jpg\" alt=\"\" width=\"454\" height=\"558\" srcset=\"https:\/\/www.hsymachinery.com\/wp-content\/uploads\/2025\/06\/Walk-Behind-Power-Trowel-PTH-C100B-244x300.jpg 244w, https:\/\/www.hsymachinery.com\/wp-content\/uploads\/2025\/06\/Walk-Behind-Power-Trowel-PTH-C100B.jpg 600w\" sizes=\"(max-width: 454px) 100vw, 454px\" \/><\/a><\/h3>\n<p data-start=\"400\" data-end=\"716\">Den <strong data-start=\"404\" data-end=\"442\">PTH-C100B G\u00e5ng-bakom motorspackel<\/strong> \u00e4r en dieseldriven betongfinishmaskin som \u00e4r byggd f\u00f6r styrka, effektivitet och l\u00e5ngvarig anv\u00e4ndning. Den h\u00e4r modellen \u00e4r utrustad med en h\u00e5llbar dieselmotor och \u00e4r perfekt f\u00f6r projekt d\u00e4r br\u00e4nsletillg\u00e5ng, motorns livsl\u00e4ngd och h\u00f6gt vridmoment \u00e4r viktiga faktorer.<\/p>\n<p data-start=\"718\" data-end=\"1104\">Med sin 100 cm stora spackeldiameter t\u00e4cker PTH-C100B en stor yta p\u00e5 kortare tid, vilket g\u00f6r den till en utm\u00e4rkt l\u00f6sning f\u00f6r stora betongplattor som parkeringsplatser, industrigolv och logistikcenter. Det justerbara bladdelningssystemet ger precisionskontroll \u00f6ver flyt- och poleringsstegen, vilket ger en j\u00e4mn och sl\u00e4t finish varje g\u00e5ng.<\/p>\n<p data-start=\"1106\" data-end=\"1406\">Dessutom ger dieselmotorn ett stabilt vridmoment och b\u00e4ttre br\u00e4nsleekonomi under tunga arbetsbelastningar, s\u00e4rskilt i regioner d\u00e4r diesel \u00e4r mer l\u00e4ttillg\u00e4ngligt. Den kraftiga v\u00e4xell\u00e5dan, de f\u00f6rst\u00e4rkta spindelarmarna och den skyddande s\u00e4kerhetsringen garanterar l\u00e5ng h\u00e5llbarhet, \u00e4ven vid daglig anv\u00e4ndning.<\/p>\n<p data-start=\"1408\" data-end=\"1576\">F\u00f6r extra bekv\u00e4mlighet minimerar det ergonomiska, vikbara handtaget vibrationer och minskar tr\u00f6tthet, samtidigt som designen g\u00f6r det enkelt att transportera och f\u00f6rvara maskinen mellan olika arbetsplatser.<\/p>\n<h3 data-start=\"1583\" data-end=\"1635\">Viktiga egenskaper hos PTH-C100B dieselmotordriven murslev<\/h3>\n<ul data-start=\"1637\" data-end=\"1999\">\n<li data-start=\"1637\" data-end=\"1699\">\n<p data-start=\"1639\" data-end=\"1699\">Dieselmotor ger starkt vridmoment och l\u00e5ng drifttid<\/p>\n<\/li>\n<li data-start=\"1700\" data-end=\"1756\">\n<p data-start=\"1702\" data-end=\"1756\">100 cm bladdiameter ger bred t\u00e4ckning vid efterbehandling<\/p>\n<\/li>\n<li data-start=\"1757\" data-end=\"1819\">\n<p data-start=\"1759\" data-end=\"1819\">Justerbart pitchsystem ger kontroll \u00f6ver ytfinishen<\/p>\n<\/li>\n<li data-start=\"1820\" data-end=\"1878\">\n<p data-start=\"1822\" data-end=\"1878\">Vibrationsd\u00e4mpande handtagsdesign f\u00f6rb\u00e4ttrar f\u00f6rarens komfort<\/p>\n<\/li>\n<li data-start=\"1879\" data-end=\"1937\">\n<p data-start=\"1881\" data-end=\"1937\">Robust ram och v\u00e4xell\u00e5da f\u00f6rb\u00e4ttrar konstruktionens h\u00e5llbarhet<\/p>\n<\/li>\n<li data-start=\"1938\" data-end=\"1999\">\n<p data-start=\"1940\" data-end=\"1999\">Idealisk f\u00f6r utomhusbruk, tunga eller l\u00e5ngvariga betongjobb<\/p>\n<\/li>\n<\/ul>\n<h3 data-start=\"2006\" data-end=\"2102\">Anv\u00e4ndningsomr\u00e5den - Idealisk f\u00f6r utomhusmilj\u00f6er, industrigolv och h\u00f6gbelastad betongfinish<\/h3>\n<p data-start=\"2104\" data-end=\"2400\">PTH-C100B \u00e4r utm\u00e4rkt f\u00f6r utomhusprojekt, byggarbetsplatser p\u00e5 landsbygden och storskaliga infrastrukturjobb. Tack vare sin m\u00e5ngsidighet n\u00e4r det g\u00e4ller br\u00e4nsle och sin mekaniska h\u00e5llbarhet v\u00e4ljer entrepren\u00f6rer ofta den h\u00e4r modellen f\u00f6r intensiv plattl\u00e4ggning d\u00e4r drifttid och tillf\u00f6rlitlighet \u00e4r avg\u00f6rande.<\/p>\n<p><iframe title=\"murbr\u00e4cka,handdriven murbr\u00e4cka,murbr\u00e4cka,betong 1TP10Murbr\u00e4cka 1TP10Murbr\u00e4cka#betong\" width=\"720\" height=\"405\" src=\"https:\/\/www.youtube.com\/embed\/pa6AuNhMrwI?feature=oembed\" frameborder=\"0\" allow=\"accelerometer; autoplay; clipboard-write; encrypted-media; gyroscope; picture-in-picture; web-share\" referrerpolicy=\"strict-origin-when-cross-origin\" allowfullscreen><\/iframe><\/p>","protected":false},"excerpt":{"rendered":"<p>Den dieseldrivna spackeln PTH-C100B har 100 cm t\u00e4ckning, robust h\u00e5llbarhet och effektiv ytbehandling av plattor f\u00f6r betongprojekt utomhus och inom industrin.<\/p>","protected":false},"featured_media":9218,"template":"","meta":{"_kad_post_transparent":"default","_kad_post_title":"","_kad_post_layout":"default","_kad_post_sidebar_id":"","_kad_post_content_style":"default","_kad_post_vertical_padding":"default","_kad_post_feature":"","_kad_post_feature_position":"","_kad_post_header":false,"_kad_post_footer":false},"product_brand":[],"product_cat":[55],"product_tag":[1084,1083,1087,1081,1086,1085,1089,1088,1090,1082],"class_list":{"0":"post-9217","1":"product","2":"type-product","3":"status-publish","4":"has-post-thumbnail","6":"product_cat-walk-behind-power-trowel","7":"product_tag-cement-power-trowel","8":"product_tag-concrete-finishing-trowel","9":"product_tag-concrete-floor-finishing-machine","10":"product_tag-concrete-power-trowel","11":"product_tag-electric-walk-behind-trowel","12":"product_tag-gasoline-power-trowel","13":"product_tag-hand-operated-power-trowel","14":"product_tag-manual-power-trowel","15":"product_tag-walk-behind-concrete-finishing-machine","16":"product_tag-walk-behind-trowel-machine","18":"first","19":"instock","20":"shipping-taxable","21":"product-type-simple","22":"entry","23":"content-bg","24":"loop-entry"},"yoast_head":"<!-- This site is optimized with the Yoast SEO plugin v25.3.1 - https:\/\/yoast.com\/wordpress\/plugins\/seo\/ -->\n<title>Walk-Behind Power Trowel PTH-C100B - HSY Construction Machinery<\/title>\n<meta name=\"description\" content=\"PTH-C100B diesel walk-behind trowel with 100cm diameter delivers durable and efficient finishing for concrete slabs in industrial and outdoor job sites.Walk-Behind Power Trowel PTH-C100B\" \/>\n<meta name=\"robots\" content=\"index, follow, max-snippet:-1, max-image-preview:large, max-video-preview:-1\" \/>\n<link rel=\"canonical\" href=\"https:\/\/www.hsymachinery.com\/sv\/produkt\/handhallen-motorspackel-pth-c100b\/\" \/>\n<meta property=\"og:locale\" content=\"sv_SE\" \/>\n<meta property=\"og:type\" content=\"article\" \/>\n<meta property=\"og:title\" content=\"Walk-Behind Power Trowel PTH-C100B - HSY Construction Machinery\" \/>\n<meta property=\"og:description\" content=\"PTH-C100B diesel walk-behind trowel with 100cm diameter delivers durable and efficient finishing for concrete slabs in industrial and outdoor job sites.Walk-Behind Power Trowel PTH-C100B\" \/>\n<meta property=\"og:url\" content=\"https:\/\/www.hsymachinery.com\/sv\/produkt\/handhallen-motorspackel-pth-c100b\/\" \/>\n<meta property=\"og:site_name\" content=\"HSY Construction Machinery\" \/>\n<meta property=\"article:modified_time\" content=\"2025-06-28T15:21:44+00:00\" \/>\n<meta property=\"og:image\" content=\"https:\/\/www.hsymachinery.com\/wp-content\/uploads\/2025\/06\/Walk-Behind-Power-Trowel-PTH-C100B.jpg\" \/>\n\t<meta property=\"og:image:width\" content=\"600\" \/>\n\t<meta property=\"og:image:height\" content=\"738\" \/>\n\t<meta property=\"og:image:type\" content=\"image\/jpeg\" \/>\n<meta name=\"twitter:card\" content=\"summary_large_image\" \/>\n<meta name=\"twitter:label1\" content=\"Ber\u00e4knad l\u00e4stid\" \/>\n\t<meta name=\"twitter:data1\" content=\"2 minuter\" \/>\n<script type=\"application\/ld+json\" class=\"yoast-schema-graph\">{\"@context\":\"https:\/\/schema.org\",\"@graph\":[{\"@type\":\"WebPage\",\"@id\":\"https:\/\/www.hsymachinery.com\/product\/walk-behind-power-trowel-pth-c100b\/\",\"url\":\"https:\/\/www.hsymachinery.com\/product\/walk-behind-power-trowel-pth-c100b\/\",\"name\":\"Walk-Behind Power Trowel PTH-C100B - HSY Construction Machinery\",\"isPartOf\":{\"@id\":\"https:\/\/www.hsymachinery.com\/#website\"},\"primaryImageOfPage\":{\"@id\":\"https:\/\/www.hsymachinery.com\/product\/walk-behind-power-trowel-pth-c100b\/#primaryimage\"},\"image\":{\"@id\":\"https:\/\/www.hsymachinery.com\/product\/walk-behind-power-trowel-pth-c100b\/#primaryimage\"},\"thumbnailUrl\":\"https:\/\/www.hsymachinery.com\/wp-content\/uploads\/2025\/06\/Walk-Behind-Power-Trowel-PTH-C100B.jpg\",\"datePublished\":\"2025-06-18T12:40:26+00:00\",\"dateModified\":\"2025-06-28T15:21:44+00:00\",\"description\":\"PTH-C100B diesel walk-behind trowel with 100cm diameter delivers durable and efficient finishing for concrete slabs in industrial and outdoor job sites.Walk-Behind Power Trowel PTH-C100B\",\"breadcrumb\":{\"@id\":\"https:\/\/www.hsymachinery.com\/product\/walk-behind-power-trowel-pth-c100b\/#breadcrumb\"},\"inLanguage\":\"sv-SE\",\"potentialAction\":[{\"@type\":\"ReadAction\",\"target\":[\"https:\/\/www.hsymachinery.com\/product\/walk-behind-power-trowel-pth-c100b\/\"]}]},{\"@type\":\"ImageObject\",\"inLanguage\":\"sv-SE\",\"@id\":\"https:\/\/www.hsymachinery.com\/product\/walk-behind-power-trowel-pth-c100b\/#primaryimage\",\"url\":\"https:\/\/www.hsymachinery.com\/wp-content\/uploads\/2025\/06\/Walk-Behind-Power-Trowel-PTH-C100B.jpg\",\"contentUrl\":\"https:\/\/www.hsymachinery.com\/wp-content\/uploads\/2025\/06\/Walk-Behind-Power-Trowel-PTH-C100B.jpg\",\"width\":600,\"height\":738},{\"@type\":\"BreadcrumbList\",\"@id\":\"https:\/\/www.hsymachinery.com\/product\/walk-behind-power-trowel-pth-c100b\/#breadcrumb\",\"itemListElement\":[{\"@type\":\"ListItem\",\"position\":1,\"name\":\"home\",\"item\":\"https:\/\/www.hsymachinery.com\/\"},{\"@type\":\"ListItem\",\"position\":2,\"name\":\"products\",\"item\":\"https:\/\/www.hsymachinery.com\/products\/\"},{\"@type\":\"ListItem\",\"position\":3,\"name\":\"Walk-Behind Power Trowel PTH-C100B\"}]},{\"@type\":\"WebSite\",\"@id\":\"https:\/\/www.hsymachinery.com\/#website\",\"url\":\"https:\/\/www.hsymachinery.com\/\",\"name\":\"HSY Construction Machinery\",\"description\":\"HSY Machinery \u2013 A leading China construction machinery supplier, offering a wide range of light construction equipment. Our main products include Rebar Cutting Machine, Rebar Bending Machine, Rebar Stirrup Bending Machine, Rebar Arc Bending Machine, Rebar Straightening Machine, Five-Head Rebar Stirrup Bending Machine, Tamping Rammer, Plate Compactor, Concrete Cutter, Power Trowel, and other construction machinery. We are equipped with advanced CNC machines, and we enforce strict quality inspection standards along with comprehensive after-sales service. If you are interested in our products or services, we warmly welcome your inquiries via message.\",\"publisher\":{\"@id\":\"https:\/\/www.hsymachinery.com\/#organization\"},\"potentialAction\":[{\"@type\":\"SearchAction\",\"target\":{\"@type\":\"EntryPoint\",\"urlTemplate\":\"https:\/\/www.hsymachinery.com\/?s={search_term_string}\"},\"query-input\":{\"@type\":\"PropertyValueSpecification\",\"valueRequired\":true,\"valueName\":\"search_term_string\"}}],\"inLanguage\":\"sv-SE\"},{\"@type\":\"Organization\",\"@id\":\"https:\/\/www.hsymachinery.com\/#organization\",\"name\":\"HSY Construction Machinery\",\"url\":\"https:\/\/www.hsymachinery.com\/\",\"logo\":{\"@type\":\"ImageObject\",\"inLanguage\":\"sv-SE\",\"@id\":\"https:\/\/www.hsymachinery.com\/#\/schema\/logo\/image\/\",\"url\":\"https:\/\/www.hsymachinery.com\/wp-content\/uploads\/2025\/06\/cropped-HSY-machinery.png\",\"contentUrl\":\"https:\/\/www.hsymachinery.com\/wp-content\/uploads\/2025\/06\/cropped-HSY-machinery.png\",\"width\":600,\"height\":240,\"caption\":\"HSY Construction Machinery\"},\"image\":{\"@id\":\"https:\/\/www.hsymachinery.com\/#\/schema\/logo\/image\/\"}}]}<\/script>\n<!-- \/ Yoast SEO plugin. -->","yoast_head_json":{"title":"G\u00e5ng-bakom motorspackel PTH-C100B - HSY Anl\u00e4ggningsmaskiner","description":"PTH-C100B dieselmotordrivna handspackel med 100 cm diameter ger h\u00e5llbar och effektiv ytbehandling av betongplattor p\u00e5 industri- och utomhusarbetsplatser.handmotordrivna handspackel PTH-C100B","robots":{"index":"index","follow":"follow","max-snippet":"max-snippet:-1","max-image-preview":"max-image-preview:large","max-video-preview":"max-video-preview:-1"},"canonical":"https:\/\/www.hsymachinery.com\/sv\/produkt\/handhallen-motorspackel-pth-c100b\/","og_locale":"sv_SE","og_type":"article","og_title":"Walk-Behind Power Trowel PTH-C100B - HSY Construction Machinery","og_description":"PTH-C100B diesel walk-behind trowel with 100cm diameter delivers durable and efficient finishing for concrete slabs in industrial and outdoor job sites.Walk-Behind Power Trowel PTH-C100B","og_url":"https:\/\/www.hsymachinery.com\/sv\/produkt\/handhallen-motorspackel-pth-c100b\/","og_site_name":"HSY Construction Machinery","article_modified_time":"2025-06-28T15:21:44+00:00","og_image":[{"width":600,"height":738,"url":"https:\/\/www.hsymachinery.com\/wp-content\/uploads\/2025\/06\/Walk-Behind-Power-Trowel-PTH-C100B.jpg","type":"image\/jpeg"}],"twitter_card":"summary_large_image","twitter_misc":{"Ber\u00e4knad l\u00e4stid":"2 minuter"},"schema":{"@context":"https:\/\/schema.org","@graph":[{"@type":"WebPage","@id":"https:\/\/www.hsymachinery.com\/product\/walk-behind-power-trowel-pth-c100b\/","url":"https:\/\/www.hsymachinery.com\/product\/walk-behind-power-trowel-pth-c100b\/","name":"G\u00e5ng-bakom motorspackel PTH-C100B - HSY Anl\u00e4ggningsmaskiner","isPartOf":{"@id":"https:\/\/www.hsymachinery.com\/#website"},"primaryImageOfPage":{"@id":"https:\/\/www.hsymachinery.com\/product\/walk-behind-power-trowel-pth-c100b\/#primaryimage"},"image":{"@id":"https:\/\/www.hsymachinery.com\/product\/walk-behind-power-trowel-pth-c100b\/#primaryimage"},"thumbnailUrl":"https:\/\/www.hsymachinery.com\/wp-content\/uploads\/2025\/06\/Walk-Behind-Power-Trowel-PTH-C100B.jpg","datePublished":"2025-06-18T12:40:26+00:00","dateModified":"2025-06-28T15:21:44+00:00","description":"PTH-C100B dieselmotordrivna handspackel med 100 cm diameter ger h\u00e5llbar och effektiv ytbehandling av betongplattor p\u00e5 industri- och utomhusarbetsplatser.handmotordrivna handspackel PTH-C100B","breadcrumb":{"@id":"https:\/\/www.hsymachinery.com\/product\/walk-behind-power-trowel-pth-c100b\/#breadcrumb"},"inLanguage":"sv-SE","potentialAction":[{"@type":"ReadAction","target":["https:\/\/www.hsymachinery.com\/product\/walk-behind-power-trowel-pth-c100b\/"]}]},{"@type":"ImageObject","inLanguage":"sv-SE","@id":"https:\/\/www.hsymachinery.com\/product\/walk-behind-power-trowel-pth-c100b\/#primaryimage","url":"https:\/\/www.hsymachinery.com\/wp-content\/uploads\/2025\/06\/Walk-Behind-Power-Trowel-PTH-C100B.jpg","contentUrl":"https:\/\/www.hsymachinery.com\/wp-content\/uploads\/2025\/06\/Walk-Behind-Power-Trowel-PTH-C100B.jpg","width":600,"height":738},{"@type":"BreadcrumbList","@id":"https:\/\/www.hsymachinery.com\/product\/walk-behind-power-trowel-pth-c100b\/#breadcrumb","itemListElement":[{"@type":"ListItem","position":1,"name":"home","item":"https:\/\/www.hsymachinery.com\/"},{"@type":"ListItem","position":2,"name":"products","item":"https:\/\/www.hsymachinery.com\/products\/"},{"@type":"ListItem","position":3,"name":"Walk-Behind Power Trowel PTH-C100B"}]},{"@type":"WebSite","@id":"https:\/\/www.hsymachinery.com\/#website","url":"https:\/\/www.hsymachinery.com\/","name":"HSY Anl\u00e4ggningsmaskiner","description":"HSY Machinery - En ledande leverant\u00f6r av byggmaskiner i Kina som erbjuder ett brett utbud av l\u00e4tt byggutrustning. V\u00e5ra huvudprodukter inkluderar sk\u00e4rmaskin f\u00f6r armering, bockningsmaskin f\u00f6r armering, bockningsmaskin f\u00f6r armeringsj\u00e4rn, bockningsmaskin f\u00f6r armeringsb\u00e5ge, bockningsmaskin f\u00f6r armering, bockningsmaskin f\u00f6r armeringsj\u00e4rn med fem huvuden, stampstamp, plattkomprimator, betongsk\u00e4rare, murspade och andra byggmaskiner. Vi \u00e4r utrustade med avancerade CNC-maskiner och vi till\u00e4mpar strikta kvalitetsinspektionsstandarder tillsammans med omfattande kundservice. Om du \u00e4r intresserad av v\u00e5ra produkter eller tj\u00e4nster, v\u00e4lkomnar vi varmt dina f\u00f6rfr\u00e5gningar via meddelande.","publisher":{"@id":"https:\/\/www.hsymachinery.com\/#organization"},"potentialAction":[{"@type":"SearchAction","target":{"@type":"EntryPoint","urlTemplate":"https:\/\/www.hsymachinery.com\/?s={search_term_string}"},"query-input":{"@type":"PropertyValueSpecification","valueRequired":true,"valueName":"search_term_string"}}],"inLanguage":"sv-SE"},{"@type":"Organization","@id":"https:\/\/www.hsymachinery.com\/#organization","name":"HSY Anl\u00e4ggningsmaskiner","url":"https:\/\/www.hsymachinery.com\/","logo":{"@type":"ImageObject","inLanguage":"sv-SE","@id":"https:\/\/www.hsymachinery.com\/#\/schema\/logo\/image\/","url":"https:\/\/www.hsymachinery.com\/wp-content\/uploads\/2025\/06\/cropped-HSY-machinery.png","contentUrl":"https:\/\/www.hsymachinery.com\/wp-content\/uploads\/2025\/06\/cropped-HSY-machinery.png","width":600,"height":240,"caption":"HSY Construction Machinery"},"image":{"@id":"https:\/\/www.hsymachinery.com\/#\/schema\/logo\/image\/"}}]}},"_links":{"self":[{"href":"https:\/\/www.hsymachinery.com\/sv\/wp-json\/wp\/v2\/product\/9217","targetHints":{"allow":["GET"]}}],"collection":[{"href":"https:\/\/www.hsymachinery.com\/sv\/wp-json\/wp\/v2\/product"}],"about":[{"href":"https:\/\/www.hsymachinery.com\/sv\/wp-json\/wp\/v2\/types\/product"}],"version-history":[{"count":3,"href":"https:\/\/www.hsymachinery.com\/sv\/wp-json\/wp\/v2\/product\/9217\/revisions"}],"predecessor-version":[{"id":9610,"href":"https:\/\/www.hsymachinery.com\/sv\/wp-json\/wp\/v2\/product\/9217\/revisions\/9610"}],"wp:featuredmedia":[{"embeddable":true,"href":"https:\/\/www.hsymachinery.com\/sv\/wp-json\/wp\/v2\/media\/9218"}],"wp:attachment":[{"href":"https:\/\/www.hsymachinery.com\/sv\/wp-json\/wp\/v2\/media?parent=9217"}],"wp:term":[{"taxonomy":"product_brand","embeddable":true,"href":"https:\/\/www.hsymachinery.com\/sv\/wp-json\/wp\/v2\/product_brand?post=9217"},{"taxonomy":"product_cat","embeddable":true,"href":"https:\/\/www.hsymachinery.com\/sv\/wp-json\/wp\/v2\/product_cat?post=9217"},{"taxonomy":"product_tag","embeddable":true,"href":"https:\/\/www.hsymachinery.com\/sv\/wp-json\/wp\/v2\/product_tag?post=9217"}],"curies":[{"name":"wp","href":"https:\/\/api.w.org\/{rel}","templated":true}]}}