{"id":9169,"date":"2025-06-18T18:27:56","date_gmt":"2025-06-18T10:27:56","guid":{"rendered":"https:\/\/www.hsymachinery.com\/?post_type=product&#038;p=9169"},"modified":"2025-06-28T21:58:31","modified_gmt":"2025-06-28T13:58:31","slug":"handhallen-motorspackel-pth-l80-90","status":"publish","type":"product","link":"https:\/\/www.hsymachinery.com\/sv\/produkt\/handhallen-motorspackel-pth-l80-90\/","title":{"rendered":"G\u00e5-bakom motorspackel PTH-L80\/90"},"content":{"rendered":"<h2 data-start=\"136\" data-end=\"179\">G\u00e5-bakom motorspackel PTH-L80\/90<\/h2>\n<h3 data-start=\"180\" data-end=\"290\">PTH-L80\/90 Bensinbetongspackel med Loncin-motor | Idealisk f\u00f6r medelstora till stora betongfinishjobb<\/h3>\n<h3 data-start=\"297\" data-end=\"396\">Produktbeskrivning - Kraftfull och effektiv betongfinishare f\u00f6r plana och h\u00e5llbara ytor<a href=\"https:\/\/www.hsymachinery.com\/sv\/produkter\/handdriven-murbrackare\/\" target=\"_blank\" rel=\"noopener\"><img fetchpriority=\"high\" decoding=\"async\" class=\"wp-image-9170 alignright\" src=\"https:\/\/www.hsymachinery.com\/wp-content\/uploads\/2025\/06\/Walk-Behind-Power-Trowel-PTH-L80-244x300.jpg\" alt=\"\" width=\"450\" height=\"553\" srcset=\"https:\/\/www.hsymachinery.com\/wp-content\/uploads\/2025\/06\/Walk-Behind-Power-Trowel-PTH-L80-244x300.jpg 244w, https:\/\/www.hsymachinery.com\/wp-content\/uploads\/2025\/06\/Walk-Behind-Power-Trowel-PTH-L80.jpg 600w\" sizes=\"(max-width: 450px) 100vw, 450px\" \/><\/a><\/h3>\n<p data-start=\"398\" data-end=\"764\">Den <strong data-start=\"402\" data-end=\"441\">PTH-L80\/90 handburen motorspackel<\/strong> \u00e4r konstruerad f\u00f6r medelstora till stora ytbehandlingsprojekt och drivs av en p\u00e5litlig Longxin (Loncin)-bensinmotor. Maskinen ger konsekvent prestanda, h\u00f6gt vridmoment och exakt kontroll \u00f6ver bladvinkeln, vilket g\u00f6r den till det perfekta verktyget f\u00f6r entrepren\u00f6rer som beh\u00f6ver en balans mellan kraft och man\u00f6vrerbarhet.<\/p>\n<p data-start=\"766\" data-end=\"1101\">Tack vare den st\u00f6rre arbetsdiametern \u00f6kar PTH-L80\/90 ytbehandlingens effektivitet och t\u00e4ckning, vilket hj\u00e4lper anv\u00e4ndarna att slutf\u00f6ra jobben snabbare utan att ge avkall p\u00e5 kvaliteten. Maskinens f\u00f6rst\u00e4rkta v\u00e4xell\u00e5da, justerbara handtag och kraftiga spindelenhet s\u00e4kerst\u00e4ller l\u00e5ngsiktig h\u00e5llbarhet \u00e4ven i tuffa byggmilj\u00f6er.<\/p>\n<p data-start=\"1103\" data-end=\"1236\">Den h\u00e4r bak\u00e5tg\u00e5ende spackeln \u00e4r utformad f\u00f6r proffs och \u00e4r en p\u00e5litlig tillg\u00e5ng f\u00f6r att skapa t\u00e4ta, sl\u00e4ta och j\u00e4mna betongytor.<\/p>\n<h3 data-start=\"1243\" data-end=\"1292\">Viktiga egenskaper hos PTH-L80\/90 Betongspackel<\/h3>\n<ul data-start=\"1294\" data-end=\"1616\">\n<li data-start=\"1294\" data-end=\"1346\">\n<p data-start=\"1296\" data-end=\"1346\">Utrustad med en kraftfull Longxin-bensinmotor<\/p>\n<\/li>\n<li data-start=\"1347\" data-end=\"1408\">\n<p data-start=\"1349\" data-end=\"1408\">80\/90 cm murslevdiameter f\u00f6r betongbearbetning p\u00e5 stora ytor<\/p>\n<\/li>\n<li data-start=\"1409\" data-end=\"1463\">\n<p data-start=\"1411\" data-end=\"1463\">Justerbar bladlutning f\u00f6r exakt ytkontroll<\/p>\n<\/li>\n<li data-start=\"1464\" data-end=\"1508\">\n<p data-start=\"1466\" data-end=\"1508\">Vikbart handtag med vibrationsd\u00e4mpande grepp<\/p>\n<\/li>\n<li data-start=\"1509\" data-end=\"1559\">\n<p data-start=\"1511\" data-end=\"1559\">Robust design med fullt skydd av s\u00e4kerhetsringen<\/p>\n<\/li>\n<li data-start=\"1560\" data-end=\"1616\">\n<p data-start=\"1562\" data-end=\"1616\">L\u00e4tt att underh\u00e5lla, br\u00e4nsleeffektiv och redo f\u00f6r arbetsplatsen<\/p>\n<\/li>\n<\/ul>\n<h3 data-start=\"1623\" data-end=\"1711\">Anv\u00e4ndningsomr\u00e5den - Utformad f\u00f6r plattor, fabriksgolv, parkeringsplatser och kommersiella jobb<\/h3>\n<p data-start=\"1713\" data-end=\"1984\">PTH-L80\/90 \u00e4r idealisk f\u00f6r st\u00f6rre betongytor, t.ex. industrigolv, parkeringsgarage, uppfarter och grundplattor. Den stabila basen och den stora spackelt\u00e4ckningen g\u00f6r den l\u00e4mplig f\u00f6r jobb som kr\u00e4ver h\u00f6g produktion och h\u00f6ga krav p\u00e5 planhet.<\/p>\n<p data-start=\"1986\" data-end=\"2140\">Entrepren\u00f6rer f\u00f6redrar den h\u00e4r modellen f\u00f6r dess f\u00f6rh\u00e5llande mellan kraft och storlek, enkla hantering och f\u00f6rm\u00e5ga att producera konsekventa professionella resultat vid varje gjutning.<\/p>\n<p><iframe title=\"murbr\u00e4cka,handdriven murbr\u00e4cka,murbr\u00e4cka,betong 1TP10Murbr\u00e4cka 1TP10Murbr\u00e4cka#betong\" width=\"720\" height=\"405\" src=\"https:\/\/www.youtube.com\/embed\/JeIeqDsn7vk?feature=oembed\" frameborder=\"0\" allow=\"accelerometer; autoplay; clipboard-write; encrypted-media; gyroscope; picture-in-picture; web-share\" referrerpolicy=\"strict-origin-when-cross-origin\" allowfullscreen><\/iframe><\/p>","protected":false},"excerpt":{"rendered":"<p>PTH-L80\/90 handburen gl\u00e4ttare med Longxin-motor \u00e4r perfekt f\u00f6r efterbehandling av stora betongplattor och ger j\u00e4mna och j\u00e4mna resultat med \u00f6kad effektivitet.<\/p>","protected":false},"featured_media":9170,"template":"","meta":{"_kad_post_transparent":"default","_kad_post_title":"","_kad_post_layout":"default","_kad_post_sidebar_id":"","_kad_post_content_style":"default","_kad_post_vertical_padding":"default","_kad_post_feature":"","_kad_post_feature_position":"","_kad_post_header":false,"_kad_post_footer":false},"product_brand":[],"product_cat":[55],"product_tag":[1084,1083,1087,1081,1086,1085,1089,1088,1090,1082],"class_list":{"0":"post-9169","1":"product","2":"type-product","3":"status-publish","4":"has-post-thumbnail","6":"product_cat-walk-behind-power-trowel","7":"product_tag-cement-power-trowel","8":"product_tag-concrete-finishing-trowel","9":"product_tag-concrete-floor-finishing-machine","10":"product_tag-concrete-power-trowel","11":"product_tag-electric-walk-behind-trowel","12":"product_tag-gasoline-power-trowel","13":"product_tag-hand-operated-power-trowel","14":"product_tag-manual-power-trowel","15":"product_tag-walk-behind-concrete-finishing-machine","16":"product_tag-walk-behind-trowel-machine","18":"first","19":"instock","20":"shipping-taxable","21":"product-type-simple","22":"entry","23":"content-bg","24":"loop-entry"},"yoast_head":"<!-- This site is optimized with the Yoast SEO plugin v25.3.1 - https:\/\/yoast.com\/wordpress\/plugins\/seo\/ -->\n<title>Walk-Behind Power Trowel PTH-L80\/90 - HSY Construction Machinery<\/title>\n<meta name=\"description\" content=\"Walk-Behind Power Trowel PTH-L80\/90 with Loncin gasoline engine delivers efficient surface finishing for large slabs, factory floors, and parking lots. Reliable and durable.\" \/>\n<meta name=\"robots\" content=\"index, follow, max-snippet:-1, max-image-preview:large, max-video-preview:-1\" \/>\n<link rel=\"canonical\" href=\"https:\/\/www.hsymachinery.com\/sv\/produkt\/handhallen-motorspackel-pth-l80-90\/\" \/>\n<meta property=\"og:locale\" content=\"sv_SE\" \/>\n<meta property=\"og:type\" content=\"article\" \/>\n<meta property=\"og:title\" content=\"Walk-Behind Power Trowel PTH-L80\/90 - HSY Construction Machinery\" \/>\n<meta property=\"og:description\" content=\"Walk-Behind Power Trowel PTH-L80\/90 with Loncin gasoline engine delivers efficient surface finishing for large slabs, factory floors, and parking lots. Reliable and durable.\" \/>\n<meta property=\"og:url\" content=\"https:\/\/www.hsymachinery.com\/sv\/produkt\/handhallen-motorspackel-pth-l80-90\/\" \/>\n<meta property=\"og:site_name\" content=\"HSY Construction Machinery\" \/>\n<meta property=\"article:modified_time\" content=\"2025-06-28T13:58:31+00:00\" \/>\n<meta property=\"og:image\" content=\"https:\/\/www.hsymachinery.com\/wp-content\/uploads\/2025\/06\/Walk-Behind-Power-Trowel-PTH-L80.jpg\" \/>\n\t<meta property=\"og:image:width\" content=\"600\" \/>\n\t<meta property=\"og:image:height\" content=\"738\" \/>\n\t<meta property=\"og:image:type\" content=\"image\/jpeg\" \/>\n<meta name=\"twitter:card\" content=\"summary_large_image\" \/>\n<meta name=\"twitter:label1\" content=\"Ber\u00e4knad l\u00e4stid\" \/>\n\t<meta name=\"twitter:data1\" content=\"2 minuter\" \/>\n<script type=\"application\/ld+json\" class=\"yoast-schema-graph\">{\"@context\":\"https:\/\/schema.org\",\"@graph\":[{\"@type\":\"WebPage\",\"@id\":\"https:\/\/www.hsymachinery.com\/product\/walk-behind-power-trowel-pth-l80-90\/\",\"url\":\"https:\/\/www.hsymachinery.com\/product\/walk-behind-power-trowel-pth-l80-90\/\",\"name\":\"Walk-Behind Power Trowel PTH-L80\/90 - HSY Construction Machinery\",\"isPartOf\":{\"@id\":\"https:\/\/www.hsymachinery.com\/#website\"},\"primaryImageOfPage\":{\"@id\":\"https:\/\/www.hsymachinery.com\/product\/walk-behind-power-trowel-pth-l80-90\/#primaryimage\"},\"image\":{\"@id\":\"https:\/\/www.hsymachinery.com\/product\/walk-behind-power-trowel-pth-l80-90\/#primaryimage\"},\"thumbnailUrl\":\"https:\/\/www.hsymachinery.com\/wp-content\/uploads\/2025\/06\/Walk-Behind-Power-Trowel-PTH-L80.jpg\",\"datePublished\":\"2025-06-18T10:27:56+00:00\",\"dateModified\":\"2025-06-28T13:58:31+00:00\",\"description\":\"Walk-Behind Power Trowel PTH-L80\/90 with Loncin gasoline engine delivers efficient surface finishing for large slabs, factory floors, and parking lots. Reliable and durable.\",\"breadcrumb\":{\"@id\":\"https:\/\/www.hsymachinery.com\/product\/walk-behind-power-trowel-pth-l80-90\/#breadcrumb\"},\"inLanguage\":\"sv-SE\",\"potentialAction\":[{\"@type\":\"ReadAction\",\"target\":[\"https:\/\/www.hsymachinery.com\/product\/walk-behind-power-trowel-pth-l80-90\/\"]}]},{\"@type\":\"ImageObject\",\"inLanguage\":\"sv-SE\",\"@id\":\"https:\/\/www.hsymachinery.com\/product\/walk-behind-power-trowel-pth-l80-90\/#primaryimage\",\"url\":\"https:\/\/www.hsymachinery.com\/wp-content\/uploads\/2025\/06\/Walk-Behind-Power-Trowel-PTH-L80.jpg\",\"contentUrl\":\"https:\/\/www.hsymachinery.com\/wp-content\/uploads\/2025\/06\/Walk-Behind-Power-Trowel-PTH-L80.jpg\",\"width\":600,\"height\":738},{\"@type\":\"BreadcrumbList\",\"@id\":\"https:\/\/www.hsymachinery.com\/product\/walk-behind-power-trowel-pth-l80-90\/#breadcrumb\",\"itemListElement\":[{\"@type\":\"ListItem\",\"position\":1,\"name\":\"home\",\"item\":\"https:\/\/www.hsymachinery.com\/\"},{\"@type\":\"ListItem\",\"position\":2,\"name\":\"products\",\"item\":\"https:\/\/www.hsymachinery.com\/products\/\"},{\"@type\":\"ListItem\",\"position\":3,\"name\":\"Walk-Behind Power Trowel PTH-L80\/90\"}]},{\"@type\":\"WebSite\",\"@id\":\"https:\/\/www.hsymachinery.com\/#website\",\"url\":\"https:\/\/www.hsymachinery.com\/\",\"name\":\"HSY Construction Machinery\",\"description\":\"HSY Machinery \u2013 A leading China construction machinery supplier, offering a wide range of light construction equipment. Our main products include Rebar Cutting Machine, Rebar Bending Machine, Rebar Stirrup Bending Machine, Rebar Arc Bending Machine, Rebar Straightening Machine, Five-Head Rebar Stirrup Bending Machine, Tamping Rammer, Plate Compactor, Concrete Cutter, Power Trowel, and other construction machinery. We are equipped with advanced CNC machines, and we enforce strict quality inspection standards along with comprehensive after-sales service. If you are interested in our products or services, we warmly welcome your inquiries via message.\",\"publisher\":{\"@id\":\"https:\/\/www.hsymachinery.com\/#organization\"},\"potentialAction\":[{\"@type\":\"SearchAction\",\"target\":{\"@type\":\"EntryPoint\",\"urlTemplate\":\"https:\/\/www.hsymachinery.com\/?s={search_term_string}\"},\"query-input\":{\"@type\":\"PropertyValueSpecification\",\"valueRequired\":true,\"valueName\":\"search_term_string\"}}],\"inLanguage\":\"sv-SE\"},{\"@type\":\"Organization\",\"@id\":\"https:\/\/www.hsymachinery.com\/#organization\",\"name\":\"HSY Construction Machinery\",\"url\":\"https:\/\/www.hsymachinery.com\/\",\"logo\":{\"@type\":\"ImageObject\",\"inLanguage\":\"sv-SE\",\"@id\":\"https:\/\/www.hsymachinery.com\/#\/schema\/logo\/image\/\",\"url\":\"https:\/\/www.hsymachinery.com\/wp-content\/uploads\/2025\/06\/cropped-HSY-machinery.png\",\"contentUrl\":\"https:\/\/www.hsymachinery.com\/wp-content\/uploads\/2025\/06\/cropped-HSY-machinery.png\",\"width\":600,\"height\":240,\"caption\":\"HSY Construction Machinery\"},\"image\":{\"@id\":\"https:\/\/www.hsymachinery.com\/#\/schema\/logo\/image\/\"}}]}<\/script>\n<!-- \/ Yoast SEO plugin. -->","yoast_head_json":{"title":"G\u00e5ng-bakom motorspackel PTH-L80\/90 - HSY Anl\u00e4ggningsmaskiner","description":"Walk-Behind Power Trowel PTH-L80\/90 med Loncin bensinmotor ger effektiv ytfinish f\u00f6r stora plattor, fabriksgolv och parkeringsplatser. P\u00e5litlig och h\u00e5llbar.","robots":{"index":"index","follow":"follow","max-snippet":"max-snippet:-1","max-image-preview":"max-image-preview:large","max-video-preview":"max-video-preview:-1"},"canonical":"https:\/\/www.hsymachinery.com\/sv\/produkt\/handhallen-motorspackel-pth-l80-90\/","og_locale":"sv_SE","og_type":"article","og_title":"Walk-Behind Power Trowel PTH-L80\/90 - HSY Construction Machinery","og_description":"Walk-Behind Power Trowel PTH-L80\/90 with Loncin gasoline engine delivers efficient surface finishing for large slabs, factory floors, and parking lots. Reliable and durable.","og_url":"https:\/\/www.hsymachinery.com\/sv\/produkt\/handhallen-motorspackel-pth-l80-90\/","og_site_name":"HSY Construction Machinery","article_modified_time":"2025-06-28T13:58:31+00:00","og_image":[{"width":600,"height":738,"url":"https:\/\/www.hsymachinery.com\/wp-content\/uploads\/2025\/06\/Walk-Behind-Power-Trowel-PTH-L80.jpg","type":"image\/jpeg"}],"twitter_card":"summary_large_image","twitter_misc":{"Ber\u00e4knad l\u00e4stid":"2 minuter"},"schema":{"@context":"https:\/\/schema.org","@graph":[{"@type":"WebPage","@id":"https:\/\/www.hsymachinery.com\/product\/walk-behind-power-trowel-pth-l80-90\/","url":"https:\/\/www.hsymachinery.com\/product\/walk-behind-power-trowel-pth-l80-90\/","name":"G\u00e5ng-bakom motorspackel PTH-L80\/90 - HSY Anl\u00e4ggningsmaskiner","isPartOf":{"@id":"https:\/\/www.hsymachinery.com\/#website"},"primaryImageOfPage":{"@id":"https:\/\/www.hsymachinery.com\/product\/walk-behind-power-trowel-pth-l80-90\/#primaryimage"},"image":{"@id":"https:\/\/www.hsymachinery.com\/product\/walk-behind-power-trowel-pth-l80-90\/#primaryimage"},"thumbnailUrl":"https:\/\/www.hsymachinery.com\/wp-content\/uploads\/2025\/06\/Walk-Behind-Power-Trowel-PTH-L80.jpg","datePublished":"2025-06-18T10:27:56+00:00","dateModified":"2025-06-28T13:58:31+00:00","description":"Walk-Behind Power Trowel PTH-L80\/90 med Loncin bensinmotor ger effektiv ytfinish f\u00f6r stora plattor, fabriksgolv och parkeringsplatser. P\u00e5litlig och h\u00e5llbar.","breadcrumb":{"@id":"https:\/\/www.hsymachinery.com\/product\/walk-behind-power-trowel-pth-l80-90\/#breadcrumb"},"inLanguage":"sv-SE","potentialAction":[{"@type":"ReadAction","target":["https:\/\/www.hsymachinery.com\/product\/walk-behind-power-trowel-pth-l80-90\/"]}]},{"@type":"ImageObject","inLanguage":"sv-SE","@id":"https:\/\/www.hsymachinery.com\/product\/walk-behind-power-trowel-pth-l80-90\/#primaryimage","url":"https:\/\/www.hsymachinery.com\/wp-content\/uploads\/2025\/06\/Walk-Behind-Power-Trowel-PTH-L80.jpg","contentUrl":"https:\/\/www.hsymachinery.com\/wp-content\/uploads\/2025\/06\/Walk-Behind-Power-Trowel-PTH-L80.jpg","width":600,"height":738},{"@type":"BreadcrumbList","@id":"https:\/\/www.hsymachinery.com\/product\/walk-behind-power-trowel-pth-l80-90\/#breadcrumb","itemListElement":[{"@type":"ListItem","position":1,"name":"home","item":"https:\/\/www.hsymachinery.com\/"},{"@type":"ListItem","position":2,"name":"products","item":"https:\/\/www.hsymachinery.com\/products\/"},{"@type":"ListItem","position":3,"name":"Walk-Behind Power Trowel PTH-L80\/90"}]},{"@type":"WebSite","@id":"https:\/\/www.hsymachinery.com\/#website","url":"https:\/\/www.hsymachinery.com\/","name":"HSY Anl\u00e4ggningsmaskiner","description":"HSY Machinery - En ledande leverant\u00f6r av byggmaskiner i Kina som erbjuder ett brett utbud av l\u00e4tt byggutrustning. V\u00e5ra huvudprodukter inkluderar sk\u00e4rmaskin f\u00f6r armering, bockningsmaskin f\u00f6r armering, bockningsmaskin f\u00f6r armeringsj\u00e4rn, bockningsmaskin f\u00f6r armeringsb\u00e5ge, bockningsmaskin f\u00f6r armering, bockningsmaskin f\u00f6r armeringsj\u00e4rn med fem huvuden, stampstamp, plattkomprimator, betongsk\u00e4rare, murspade och andra byggmaskiner. Vi \u00e4r utrustade med avancerade CNC-maskiner och vi till\u00e4mpar strikta kvalitetsinspektionsstandarder tillsammans med omfattande kundservice. Om du \u00e4r intresserad av v\u00e5ra produkter eller tj\u00e4nster, v\u00e4lkomnar vi varmt dina f\u00f6rfr\u00e5gningar via meddelande.","publisher":{"@id":"https:\/\/www.hsymachinery.com\/#organization"},"potentialAction":[{"@type":"SearchAction","target":{"@type":"EntryPoint","urlTemplate":"https:\/\/www.hsymachinery.com\/?s={search_term_string}"},"query-input":{"@type":"PropertyValueSpecification","valueRequired":true,"valueName":"search_term_string"}}],"inLanguage":"sv-SE"},{"@type":"Organization","@id":"https:\/\/www.hsymachinery.com\/#organization","name":"HSY Anl\u00e4ggningsmaskiner","url":"https:\/\/www.hsymachinery.com\/","logo":{"@type":"ImageObject","inLanguage":"sv-SE","@id":"https:\/\/www.hsymachinery.com\/#\/schema\/logo\/image\/","url":"https:\/\/www.hsymachinery.com\/wp-content\/uploads\/2025\/06\/cropped-HSY-machinery.png","contentUrl":"https:\/\/www.hsymachinery.com\/wp-content\/uploads\/2025\/06\/cropped-HSY-machinery.png","width":600,"height":240,"caption":"HSY Construction Machinery"},"image":{"@id":"https:\/\/www.hsymachinery.com\/#\/schema\/logo\/image\/"}}]}},"_links":{"self":[{"href":"https:\/\/www.hsymachinery.com\/sv\/wp-json\/wp\/v2\/product\/9169","targetHints":{"allow":["GET"]}}],"collection":[{"href":"https:\/\/www.hsymachinery.com\/sv\/wp-json\/wp\/v2\/product"}],"about":[{"href":"https:\/\/www.hsymachinery.com\/sv\/wp-json\/wp\/v2\/types\/product"}],"version-history":[{"count":3,"href":"https:\/\/www.hsymachinery.com\/sv\/wp-json\/wp\/v2\/product\/9169\/revisions"}],"predecessor-version":[{"id":9577,"href":"https:\/\/www.hsymachinery.com\/sv\/wp-json\/wp\/v2\/product\/9169\/revisions\/9577"}],"wp:featuredmedia":[{"embeddable":true,"href":"https:\/\/www.hsymachinery.com\/sv\/wp-json\/wp\/v2\/media\/9170"}],"wp:attachment":[{"href":"https:\/\/www.hsymachinery.com\/sv\/wp-json\/wp\/v2\/media?parent=9169"}],"wp:term":[{"taxonomy":"product_brand","embeddable":true,"href":"https:\/\/www.hsymachinery.com\/sv\/wp-json\/wp\/v2\/product_brand?post=9169"},{"taxonomy":"product_cat","embeddable":true,"href":"https:\/\/www.hsymachinery.com\/sv\/wp-json\/wp\/v2\/product_cat?post=9169"},{"taxonomy":"product_tag","embeddable":true,"href":"https:\/\/www.hsymachinery.com\/sv\/wp-json\/wp\/v2\/product_tag?post=9169"}],"curies":[{"name":"wp","href":"https:\/\/api.w.org\/{rel}","templated":true}]}}