{"id":9106,"date":"2025-06-18T16:51:52","date_gmt":"2025-06-18T08:51:52","guid":{"rendered":"https:\/\/www.hsymachinery.com\/?post_type=product&#038;p=9106"},"modified":"2025-06-28T19:43:49","modified_gmt":"2025-06-28T11:43:49","slug":"plattvibrator-ph-c90","status":"publish","type":"product","link":"https:\/\/www.hsymachinery.com\/sv\/produkt\/plattvibrator-ph-c90\/","title":{"rendered":"Plattkomprimator PH-C90"},"content":{"rendered":"<h2 data-start=\"95\" data-end=\"125\">Plattkomprimator PH-C90<\/h2>\n<h3 data-start=\"126\" data-end=\"239\">PH-C90 Diesel Plate Compactor - br\u00e4nsleeffektiv jordkomprimerare f\u00f6r trottoarer, fundament och tr\u00e5nga arbetsomr\u00e5den<\/h3>\n<h3 data-start=\"246\" data-end=\"321\">Produkt\u00f6versikt - Dieselprestanda med h\u00f6gt vridmoment i en kompakt ram<a href=\"https:\/\/www.hsymachinery.com\/sv\/produkter\/plattkomprimator\/\" target=\"_blank\" rel=\"noopener\"><img fetchpriority=\"high\" decoding=\"async\" class=\"wp-image-9111 alignright\" src=\"https:\/\/www.hsymachinery.com\/wp-content\/uploads\/2025\/06\/Plate-Compactor-PH-C90-e1750237307839-300x300.jpg\" alt=\"\" width=\"459\" height=\"459\" srcset=\"https:\/\/www.hsymachinery.com\/wp-content\/uploads\/2025\/06\/Plate-Compactor-PH-C90-e1750237307839-300x300.jpg 300w, https:\/\/www.hsymachinery.com\/wp-content\/uploads\/2025\/06\/Plate-Compactor-PH-C90-e1750237307839-150x150.jpg 150w, https:\/\/www.hsymachinery.com\/wp-content\/uploads\/2025\/06\/Plate-Compactor-PH-C90-e1750237307839-100x100.jpg 100w, https:\/\/www.hsymachinery.com\/wp-content\/uploads\/2025\/06\/Plate-Compactor-PH-C90-e1750237307839.jpg 600w\" sizes=\"(max-width: 459px) 100vw, 459px\" \/><\/a><\/h3>\n<p data-start=\"323\" data-end=\"610\">Den <strong data-start=\"327\" data-end=\"353\">PH-C90 Plattkomprimator<\/strong> drivs av en robust dieselmotor som ger en stark komprimeringskraft med utm\u00e4rkt br\u00e4nsleeffektivitet. Den \u00e4r idealisk f\u00f6r till\u00e4mpningar som f\u00f6rberedelse av uppfarter, reparation av trottoarer, utj\u00e4mning av stenl\u00e4ggning och komprimering av fundament.<\/p>\n<p data-start=\"612\" data-end=\"828\">Den h\u00e4r modellen \u00e4r utformad f\u00f6r entrepren\u00f6rer som beh\u00f6ver en tillf\u00f6rlitlig l\u00f6sning med l\u00e5gt underh\u00e5llsbehov i omr\u00e5den d\u00e4r bensin kan vara dyrt eller begr\u00e4nsat och utm\u00e4rker sig genom sin driftseffektivitet och tuffa prestanda p\u00e5 grov jord.<\/p>\n<h3 data-start=\"835\" data-end=\"898\">Tillf\u00f6rlitlig drift, l\u00e5ng drifttid och l\u00e5g driftskostnad<\/h3>\n<p data-start=\"900\" data-end=\"1176\">Tack vare dieseldrivlinan ger PH-C90 ett stabilt vridmoment, \u00e4ven vid arbete p\u00e5 t\u00e4t eller fuktig mark. Den tjocka packningsplattan i st\u00e5l ger en j\u00e4mn finish, medan det st\u00f6td\u00e4mpande handtaget f\u00f6rb\u00e4ttrar f\u00f6rarens komfort vid l\u00e5ngvarig anv\u00e4ndning.<\/p>\n<p data-start=\"1178\" data-end=\"1311\">Med l\u00e4gre br\u00e4nslef\u00f6rbrukning och l\u00e4ngre k\u00f6rtid per p\u00e5fyllning minskar PH-C90 stillest\u00e5ndstiden och st\u00f6der l\u00e5nga arbetsdagar under f\u00e4ltf\u00f6rh\u00e5llanden.<\/p>\n<h3 data-start=\"1318\" data-end=\"1371\">Byggd f\u00f6r avl\u00e4gsna projekt och tunga jordtyper<\/h3>\n<p data-start=\"1373\" data-end=\"1712\">Oavsett om du arbetar p\u00e5 v\u00e4gar p\u00e5 landsbygden, i zoner med h\u00e5rd jord eller i omr\u00e5den d\u00e4r det inte \u00e4r l\u00e4tt att komma \u00e5t bensin, presterar PH-C90 utan kompromisser. Den robusta konstruktionen, den vibrationst\u00e5liga strukturen och de minimala underh\u00e5llskraven g\u00f6r den till en idealisk tillg\u00e5ng f\u00f6r byggteam som arbetar p\u00e5 avl\u00e4gsna eller tuffa platser.<\/p>\n<h3 data-start=\"1719\" data-end=\"1770\">Viktiga egenskaper hos PH-C90 Diesel Plate Compactor<\/h3>\n<ul data-start=\"1772\" data-end=\"2084\">\n<li data-start=\"1772\" data-end=\"1837\">\n<p data-start=\"1774\" data-end=\"1837\">Drivs av en br\u00e4nslebesparande dieselmotor f\u00f6r l\u00e5ngvarig drift<\/p>\n<\/li>\n<li data-start=\"1838\" data-end=\"1902\">\n<p data-start=\"1840\" data-end=\"1902\">Ger kraftfull komprimering i smala och medelstora arbetszoner<\/p>\n<\/li>\n<li data-start=\"1903\" data-end=\"1972\">\n<p data-start=\"1905\" data-end=\"1972\">Idealisk f\u00f6r komprimering av underlag, reparation av bel\u00e4ggningar och utomhusarbeten<\/p>\n<\/li>\n<li data-start=\"1973\" data-end=\"2034\">\n<p data-start=\"1975\" data-end=\"2034\">Kraftig st\u00e5lplatta ger j\u00e4mn ytkvalitet<\/p>\n<\/li>\n<li data-start=\"2035\" data-end=\"2084\">\n<p data-start=\"2037\" data-end=\"2084\">Tillf\u00f6rlitlig prestanda med l\u00e5g daglig br\u00e4nslekostnad<\/p>\n<\/li>\n<\/ul>\n<p><iframe title=\"komprimator,stamper,stamper,plattkomprimator,byggvibration,komprimatormaskin.#tamping\" width=\"720\" height=\"405\" src=\"https:\/\/www.youtube.com\/embed\/kHw7Cpv12Zs?feature=oembed\" frameborder=\"0\" allow=\"accelerometer; autoplay; clipboard-write; encrypted-media; gyroscope; picture-in-picture; web-share\" referrerpolicy=\"strict-origin-when-cross-origin\" allowfullscreen><\/iframe><\/p>","protected":false},"excerpt":{"rendered":"<p>PH-C90 dieselplattkomprimator ger stark, br\u00e4nsleeffektiv jordkomprimering f\u00f6r trottoarer, g\u00e5ngv\u00e4gar och fundament. Byggd f\u00f6r tunga jordar och l\u00e5nga arbetsdagar.<\/p>","protected":false},"featured_media":9111,"template":"","meta":{"_kad_post_transparent":"default","_kad_post_title":"","_kad_post_layout":"default","_kad_post_sidebar_id":"","_kad_post_content_style":"default","_kad_post_vertical_padding":"default","_kad_post_feature":"","_kad_post_feature_position":"","_kad_post_header":false,"_kad_post_footer":false},"product_brand":[],"product_cat":[59],"product_tag":[1066,1062,1065,1070,1069,1063,1067,1064,1061,1068],"class_list":{"0":"post-9106","1":"product","2":"type-product","3":"status-publish","4":"has-post-thumbnail","6":"product_cat-plate-compactor","7":"product_tag-diesel-plate-compactor","8":"product_tag-forward-plate-compactor","9":"product_tag-gasoline-plate-compactor","10":"product_tag-heavy-duty-plate-compactor","11":"product_tag-plate-compactor-for-asphalt","12":"product_tag-reversible-plate-compactor","13":"product_tag-road-construction-compactor","14":"product_tag-soil-plate-compactor","15":"product_tag-vibratory-plate-compactor","16":"product_tag-walk-behind-plate-compactor","18":"first","19":"instock","20":"shipping-taxable","21":"product-type-simple","22":"entry","23":"content-bg","24":"loop-entry"},"yoast_head":"<!-- This site is optimized with the Yoast SEO plugin v25.3.1 - https:\/\/yoast.com\/wordpress\/plugins\/seo\/ -->\n<title>Plate Compactor PH-C90 - HSY Construction Machinery<\/title>\n<meta name=\"description\" content=\"PH-C90 Diesel Plate Compactor offers high-impact, low-cost soil compaction for construction, pavement repair, and hard soil preparation. Built for long runtime.\" \/>\n<meta name=\"robots\" content=\"index, follow, max-snippet:-1, max-image-preview:large, max-video-preview:-1\" \/>\n<link rel=\"canonical\" href=\"https:\/\/www.hsymachinery.com\/sv\/produkt\/plattvibrator-ph-c90\/\" \/>\n<meta property=\"og:locale\" content=\"sv_SE\" \/>\n<meta property=\"og:type\" content=\"article\" \/>\n<meta property=\"og:title\" content=\"Plate Compactor PH-C90 - HSY Construction Machinery\" \/>\n<meta property=\"og:description\" content=\"PH-C90 Diesel Plate Compactor offers high-impact, low-cost soil compaction for construction, pavement repair, and hard soil preparation. Built for long runtime.\" \/>\n<meta property=\"og:url\" content=\"https:\/\/www.hsymachinery.com\/sv\/produkt\/plattvibrator-ph-c90\/\" \/>\n<meta property=\"og:site_name\" content=\"HSY Construction Machinery\" \/>\n<meta property=\"article:modified_time\" content=\"2025-06-28T11:43:49+00:00\" \/>\n<meta property=\"og:image\" content=\"https:\/\/www.hsymachinery.com\/wp-content\/uploads\/2025\/06\/Plate-Compactor-PH-C90-e1750237307839.jpg\" \/>\n\t<meta property=\"og:image:width\" content=\"600\" \/>\n\t<meta property=\"og:image:height\" content=\"600\" \/>\n\t<meta property=\"og:image:type\" content=\"image\/jpeg\" \/>\n<meta name=\"twitter:card\" content=\"summary_large_image\" \/>\n<meta name=\"twitter:label1\" content=\"Ber\u00e4knad l\u00e4stid\" \/>\n\t<meta name=\"twitter:data1\" content=\"2 minuter\" \/>\n<script type=\"application\/ld+json\" class=\"yoast-schema-graph\">{\"@context\":\"https:\/\/schema.org\",\"@graph\":[{\"@type\":\"WebPage\",\"@id\":\"https:\/\/www.hsymachinery.com\/product\/plate-compactor-ph-c90\/\",\"url\":\"https:\/\/www.hsymachinery.com\/product\/plate-compactor-ph-c90\/\",\"name\":\"Plate Compactor PH-C90 - HSY Construction Machinery\",\"isPartOf\":{\"@id\":\"https:\/\/www.hsymachinery.com\/#website\"},\"primaryImageOfPage\":{\"@id\":\"https:\/\/www.hsymachinery.com\/product\/plate-compactor-ph-c90\/#primaryimage\"},\"image\":{\"@id\":\"https:\/\/www.hsymachinery.com\/product\/plate-compactor-ph-c90\/#primaryimage\"},\"thumbnailUrl\":\"https:\/\/www.hsymachinery.com\/wp-content\/uploads\/2025\/06\/Plate-Compactor-PH-C90-e1750237307839.jpg\",\"datePublished\":\"2025-06-18T08:51:52+00:00\",\"dateModified\":\"2025-06-28T11:43:49+00:00\",\"description\":\"PH-C90 Diesel Plate Compactor offers high-impact, low-cost soil compaction for construction, pavement repair, and hard soil preparation. Built for long runtime.\",\"breadcrumb\":{\"@id\":\"https:\/\/www.hsymachinery.com\/product\/plate-compactor-ph-c90\/#breadcrumb\"},\"inLanguage\":\"sv-SE\",\"potentialAction\":[{\"@type\":\"ReadAction\",\"target\":[\"https:\/\/www.hsymachinery.com\/product\/plate-compactor-ph-c90\/\"]}]},{\"@type\":\"ImageObject\",\"inLanguage\":\"sv-SE\",\"@id\":\"https:\/\/www.hsymachinery.com\/product\/plate-compactor-ph-c90\/#primaryimage\",\"url\":\"https:\/\/www.hsymachinery.com\/wp-content\/uploads\/2025\/06\/Plate-Compactor-PH-C90-e1750237307839.jpg\",\"contentUrl\":\"https:\/\/www.hsymachinery.com\/wp-content\/uploads\/2025\/06\/Plate-Compactor-PH-C90-e1750237307839.jpg\",\"width\":600,\"height\":600},{\"@type\":\"BreadcrumbList\",\"@id\":\"https:\/\/www.hsymachinery.com\/product\/plate-compactor-ph-c90\/#breadcrumb\",\"itemListElement\":[{\"@type\":\"ListItem\",\"position\":1,\"name\":\"home\",\"item\":\"https:\/\/www.hsymachinery.com\/\"},{\"@type\":\"ListItem\",\"position\":2,\"name\":\"products\",\"item\":\"https:\/\/www.hsymachinery.com\/products\/\"},{\"@type\":\"ListItem\",\"position\":3,\"name\":\"Plate Compactor PH-C90\"}]},{\"@type\":\"WebSite\",\"@id\":\"https:\/\/www.hsymachinery.com\/#website\",\"url\":\"https:\/\/www.hsymachinery.com\/\",\"name\":\"HSY Construction Machinery\",\"description\":\"HSY Machinery \u2013 A leading China construction machinery supplier, offering a wide range of light construction equipment. Our main products include Rebar Cutting Machine, Rebar Bending Machine, Rebar Stirrup Bending Machine, Rebar Arc Bending Machine, Rebar Straightening Machine, Five-Head Rebar Stirrup Bending Machine, Tamping Rammer, Plate Compactor, Concrete Cutter, Power Trowel, and other construction machinery. We are equipped with advanced CNC machines, and we enforce strict quality inspection standards along with comprehensive after-sales service. If you are interested in our products or services, we warmly welcome your inquiries via message.\",\"publisher\":{\"@id\":\"https:\/\/www.hsymachinery.com\/#organization\"},\"potentialAction\":[{\"@type\":\"SearchAction\",\"target\":{\"@type\":\"EntryPoint\",\"urlTemplate\":\"https:\/\/www.hsymachinery.com\/?s={search_term_string}\"},\"query-input\":{\"@type\":\"PropertyValueSpecification\",\"valueRequired\":true,\"valueName\":\"search_term_string\"}}],\"inLanguage\":\"sv-SE\"},{\"@type\":\"Organization\",\"@id\":\"https:\/\/www.hsymachinery.com\/#organization\",\"name\":\"HSY Construction Machinery\",\"url\":\"https:\/\/www.hsymachinery.com\/\",\"logo\":{\"@type\":\"ImageObject\",\"inLanguage\":\"sv-SE\",\"@id\":\"https:\/\/www.hsymachinery.com\/#\/schema\/logo\/image\/\",\"url\":\"https:\/\/www.hsymachinery.com\/wp-content\/uploads\/2025\/06\/cropped-HSY-machinery.png\",\"contentUrl\":\"https:\/\/www.hsymachinery.com\/wp-content\/uploads\/2025\/06\/cropped-HSY-machinery.png\",\"width\":600,\"height\":240,\"caption\":\"HSY Construction Machinery\"},\"image\":{\"@id\":\"https:\/\/www.hsymachinery.com\/#\/schema\/logo\/image\/\"}}]}<\/script>\n<!-- \/ Yoast SEO plugin. -->","yoast_head_json":{"title":"Plattkomprimator PH-C90 - HSY Anl\u00e4ggningsmaskiner","description":"PH-C90 Diesel Plate Compactor erbjuder effektiv och prisv\u00e4rd jordkomprimering f\u00f6r bygg- och anl\u00e4ggningsarbeten, reparation av trottoarer och h\u00e5rd markberedning. Byggd f\u00f6r l\u00e5ng drifttid.","robots":{"index":"index","follow":"follow","max-snippet":"max-snippet:-1","max-image-preview":"max-image-preview:large","max-video-preview":"max-video-preview:-1"},"canonical":"https:\/\/www.hsymachinery.com\/sv\/produkt\/plattvibrator-ph-c90\/","og_locale":"sv_SE","og_type":"article","og_title":"Plate Compactor PH-C90 - HSY Construction Machinery","og_description":"PH-C90 Diesel Plate Compactor offers high-impact, low-cost soil compaction for construction, pavement repair, and hard soil preparation. Built for long runtime.","og_url":"https:\/\/www.hsymachinery.com\/sv\/produkt\/plattvibrator-ph-c90\/","og_site_name":"HSY Construction Machinery","article_modified_time":"2025-06-28T11:43:49+00:00","og_image":[{"width":600,"height":600,"url":"https:\/\/www.hsymachinery.com\/wp-content\/uploads\/2025\/06\/Plate-Compactor-PH-C90-e1750237307839.jpg","type":"image\/jpeg"}],"twitter_card":"summary_large_image","twitter_misc":{"Ber\u00e4knad l\u00e4stid":"2 minuter"},"schema":{"@context":"https:\/\/schema.org","@graph":[{"@type":"WebPage","@id":"https:\/\/www.hsymachinery.com\/product\/plate-compactor-ph-c90\/","url":"https:\/\/www.hsymachinery.com\/product\/plate-compactor-ph-c90\/","name":"Plattkomprimator PH-C90 - HSY Anl\u00e4ggningsmaskiner","isPartOf":{"@id":"https:\/\/www.hsymachinery.com\/#website"},"primaryImageOfPage":{"@id":"https:\/\/www.hsymachinery.com\/product\/plate-compactor-ph-c90\/#primaryimage"},"image":{"@id":"https:\/\/www.hsymachinery.com\/product\/plate-compactor-ph-c90\/#primaryimage"},"thumbnailUrl":"https:\/\/www.hsymachinery.com\/wp-content\/uploads\/2025\/06\/Plate-Compactor-PH-C90-e1750237307839.jpg","datePublished":"2025-06-18T08:51:52+00:00","dateModified":"2025-06-28T11:43:49+00:00","description":"PH-C90 Diesel Plate Compactor erbjuder effektiv och prisv\u00e4rd jordkomprimering f\u00f6r bygg- och anl\u00e4ggningsarbeten, reparation av trottoarer och h\u00e5rd markberedning. Byggd f\u00f6r l\u00e5ng drifttid.","breadcrumb":{"@id":"https:\/\/www.hsymachinery.com\/product\/plate-compactor-ph-c90\/#breadcrumb"},"inLanguage":"sv-SE","potentialAction":[{"@type":"ReadAction","target":["https:\/\/www.hsymachinery.com\/product\/plate-compactor-ph-c90\/"]}]},{"@type":"ImageObject","inLanguage":"sv-SE","@id":"https:\/\/www.hsymachinery.com\/product\/plate-compactor-ph-c90\/#primaryimage","url":"https:\/\/www.hsymachinery.com\/wp-content\/uploads\/2025\/06\/Plate-Compactor-PH-C90-e1750237307839.jpg","contentUrl":"https:\/\/www.hsymachinery.com\/wp-content\/uploads\/2025\/06\/Plate-Compactor-PH-C90-e1750237307839.jpg","width":600,"height":600},{"@type":"BreadcrumbList","@id":"https:\/\/www.hsymachinery.com\/product\/plate-compactor-ph-c90\/#breadcrumb","itemListElement":[{"@type":"ListItem","position":1,"name":"home","item":"https:\/\/www.hsymachinery.com\/"},{"@type":"ListItem","position":2,"name":"products","item":"https:\/\/www.hsymachinery.com\/products\/"},{"@type":"ListItem","position":3,"name":"Plate Compactor PH-C90"}]},{"@type":"WebSite","@id":"https:\/\/www.hsymachinery.com\/#website","url":"https:\/\/www.hsymachinery.com\/","name":"HSY Anl\u00e4ggningsmaskiner","description":"HSY Machinery - En ledande leverant\u00f6r av byggmaskiner i Kina som erbjuder ett brett utbud av l\u00e4tt byggutrustning. V\u00e5ra huvudprodukter inkluderar sk\u00e4rmaskin f\u00f6r armering, bockningsmaskin f\u00f6r armering, bockningsmaskin f\u00f6r armeringsj\u00e4rn, bockningsmaskin f\u00f6r armeringsb\u00e5ge, bockningsmaskin f\u00f6r armering, bockningsmaskin f\u00f6r armeringsj\u00e4rn med fem huvuden, stampstamp, plattkomprimator, betongsk\u00e4rare, murspade och andra byggmaskiner. Vi \u00e4r utrustade med avancerade CNC-maskiner och vi till\u00e4mpar strikta kvalitetsinspektionsstandarder tillsammans med omfattande kundservice. Om du \u00e4r intresserad av v\u00e5ra produkter eller tj\u00e4nster, v\u00e4lkomnar vi varmt dina f\u00f6rfr\u00e5gningar via meddelande.","publisher":{"@id":"https:\/\/www.hsymachinery.com\/#organization"},"potentialAction":[{"@type":"SearchAction","target":{"@type":"EntryPoint","urlTemplate":"https:\/\/www.hsymachinery.com\/?s={search_term_string}"},"query-input":{"@type":"PropertyValueSpecification","valueRequired":true,"valueName":"search_term_string"}}],"inLanguage":"sv-SE"},{"@type":"Organization","@id":"https:\/\/www.hsymachinery.com\/#organization","name":"HSY Anl\u00e4ggningsmaskiner","url":"https:\/\/www.hsymachinery.com\/","logo":{"@type":"ImageObject","inLanguage":"sv-SE","@id":"https:\/\/www.hsymachinery.com\/#\/schema\/logo\/image\/","url":"https:\/\/www.hsymachinery.com\/wp-content\/uploads\/2025\/06\/cropped-HSY-machinery.png","contentUrl":"https:\/\/www.hsymachinery.com\/wp-content\/uploads\/2025\/06\/cropped-HSY-machinery.png","width":600,"height":240,"caption":"HSY Construction Machinery"},"image":{"@id":"https:\/\/www.hsymachinery.com\/#\/schema\/logo\/image\/"}}]}},"_links":{"self":[{"href":"https:\/\/www.hsymachinery.com\/sv\/wp-json\/wp\/v2\/product\/9106","targetHints":{"allow":["GET"]}}],"collection":[{"href":"https:\/\/www.hsymachinery.com\/sv\/wp-json\/wp\/v2\/product"}],"about":[{"href":"https:\/\/www.hsymachinery.com\/sv\/wp-json\/wp\/v2\/types\/product"}],"version-history":[{"count":3,"href":"https:\/\/www.hsymachinery.com\/sv\/wp-json\/wp\/v2\/product\/9106\/revisions"}],"predecessor-version":[{"id":9529,"href":"https:\/\/www.hsymachinery.com\/sv\/wp-json\/wp\/v2\/product\/9106\/revisions\/9529"}],"wp:featuredmedia":[{"embeddable":true,"href":"https:\/\/www.hsymachinery.com\/sv\/wp-json\/wp\/v2\/media\/9111"}],"wp:attachment":[{"href":"https:\/\/www.hsymachinery.com\/sv\/wp-json\/wp\/v2\/media?parent=9106"}],"wp:term":[{"taxonomy":"product_brand","embeddable":true,"href":"https:\/\/www.hsymachinery.com\/sv\/wp-json\/wp\/v2\/product_brand?post=9106"},{"taxonomy":"product_cat","embeddable":true,"href":"https:\/\/www.hsymachinery.com\/sv\/wp-json\/wp\/v2\/product_cat?post=9106"},{"taxonomy":"product_tag","embeddable":true,"href":"https:\/\/www.hsymachinery.com\/sv\/wp-json\/wp\/v2\/product_tag?post=9106"}],"curies":[{"name":"wp","href":"https:\/\/api.w.org\/{rel}","templated":true}]}}