{"id":9085,"date":"2025-06-18T16:29:44","date_gmt":"2025-06-18T08:29:44","guid":{"rendered":"https:\/\/www.hsymachinery.com\/?post_type=product&#038;p=9085"},"modified":"2025-06-28T15:39:22","modified_gmt":"2025-06-28T07:39:22","slug":"stampmaskin-ch-c110","status":"publish","type":"product","link":"https:\/\/www.hsymachinery.com\/sv\/produkt\/stampmaskin-ch-c110\/","title":{"rendered":"St\u00e4mpelst\u00e5ng CH-C110"},"content":{"rendered":"<h2 data-start=\"107\" data-end=\"137\">St\u00e4mpelst\u00e5ng CH-C110<\/h2>\n<h3 data-start=\"138\" data-end=\"251\">CH-C110 Dieselstamp - br\u00e4nsleeffektiv jordkompaktor f\u00f6r tunga grundl\u00e4ggnings- och v\u00e4garbetsprojekt<\/h3>\n<h3 data-start=\"258\" data-end=\"344\">Produkt\u00f6versikt - H\u00f6gpresterande dieselstamp f\u00f6r kr\u00e4vande komprimeringsjobb<img fetchpriority=\"high\" decoding=\"async\" class=\"wp-image-9086 alignright\" src=\"https:\/\/www.hsymachinery.com\/wp-content\/uploads\/2025\/06\/Tamping-Rammer-CH-C110-300x300.jpg\" alt=\"\" width=\"465\" height=\"465\" srcset=\"https:\/\/www.hsymachinery.com\/wp-content\/uploads\/2025\/06\/Tamping-Rammer-CH-C110-300x300.jpg 300w, https:\/\/www.hsymachinery.com\/wp-content\/uploads\/2025\/06\/Tamping-Rammer-CH-C110-150x150.jpg 150w, https:\/\/www.hsymachinery.com\/wp-content\/uploads\/2025\/06\/Tamping-Rammer-CH-C110-768x768.jpg 768w, https:\/\/www.hsymachinery.com\/wp-content\/uploads\/2025\/06\/Tamping-Rammer-CH-C110-600x600.jpg 600w, https:\/\/www.hsymachinery.com\/wp-content\/uploads\/2025\/06\/Tamping-Rammer-CH-C110-100x100.jpg 100w, https:\/\/www.hsymachinery.com\/wp-content\/uploads\/2025\/06\/Tamping-Rammer-CH-C110.jpg 800w\" sizes=\"(max-width: 465px) 100vw, 465px\" \/><\/h3>\n<p data-start=\"346\" data-end=\"686\">Den <strong data-start=\"350\" data-end=\"376\">CH-C110 St\u00e4mpelhammare<\/strong> \u00e4r en dieseldriven jordkompaktor som ger en stark slagkraft och l\u00e5ngvarig prestanda p\u00e5 f\u00e4ltet. Den l\u00e4mpar sig s\u00e4rskilt v\u00e4l f\u00f6r gr\u00e4vning av fundament, v\u00e4greparationer, installation av r\u00f6rledningar och lerarbeten med h\u00f6g kompaktering d\u00e4r h\u00e5llbarhet och br\u00e4nsleeffektivitet \u00e4r h\u00f6gsta prioritet.<\/p>\n<p data-start=\"688\" data-end=\"861\">Den h\u00e4r modellen \u00e4r ett smart val f\u00f6r entrepren\u00f6rer som arbetar p\u00e5 avl\u00e4gsna arbetsplatser eller i omr\u00e5den med l\u00e5g br\u00e4nslekvalitet, och erbjuder b\u00e5de kraft och motst\u00e5ndskraft under tuffa arbetsf\u00f6rh\u00e5llanden.<\/p>\n<h3 data-start=\"868\" data-end=\"932\">Dieselverkningsgrad, robust konstruktion och j\u00e4mn effekt<\/h3>\n<p data-start=\"934\" data-end=\"1215\">CH-C110 drivs av en t\u00e5lig dieselmotor och ger ett h\u00f6gt vridmoment och j\u00e4mn stampning \u00e4ven p\u00e5 sv\u00e5ra underlag. Den kraftiga stampskon, i kombination med ett st\u00f6tt\u00e5ligt monteringssystem, s\u00e4kerst\u00e4ller djup komprimering samtidigt som vibrations\u00f6verf\u00f6ringen till f\u00f6raren minskar.<\/p>\n<p data-start=\"1217\" data-end=\"1354\">Underh\u00e5llspunkterna \u00e4r l\u00e4ttillg\u00e4ngliga och motorn \u00e4r byggd f\u00f6r att klara extrema milj\u00f6er, vilket bidrar till att minska ov\u00e4ntade driftstopp p\u00e5 plats.<\/p>\n<h3 data-start=\"1361\" data-end=\"1409\">Byggd f\u00f6r utomhusdrift och drift utanf\u00f6r eln\u00e4tet<\/h3>\n<p data-start=\"1411\" data-end=\"1717\">Den h\u00e4r maskinen arbetar oberoende av extern str\u00f6mf\u00f6rs\u00f6rjning och fungerar bra i omr\u00e5den utan eln\u00e4t, i ol\u00e4ndig terr\u00e4ng eller i byggzoner utan el. Dess br\u00e4nsleekonomi och l\u00e5nga k\u00f6rtid per tank minimerar tankningsavbrott, vilket g\u00f6r den idealisk f\u00f6r daglig anv\u00e4ndning i infrastruktur och industriella milj\u00f6er.<\/p>\n<p data-start=\"1719\" data-end=\"1833\">Oavsett om det \u00e4r i varma, dammiga eller fuktiga klimat visar sig CH-C110 vara en p\u00e5litlig komprimeringsl\u00f6sning som kr\u00e4ver lite underh\u00e5ll.<\/p>\n<h3 data-start=\"1840\" data-end=\"1891\">Viktiga egenskaper f\u00f6r CH-C110 Dieselstamp<\/h3>\n<ul data-start=\"1893\" data-end=\"2196\">\n<li data-start=\"1893\" data-end=\"1951\">\n<p data-start=\"1895\" data-end=\"1951\">Dieselmotor med starkt vridmoment och l\u00e5ng drifttid<\/p>\n<\/li>\n<li data-start=\"1952\" data-end=\"2020\">\n<p data-start=\"1954\" data-end=\"2020\">L\u00e4mplig f\u00f6r jord med h\u00f6g densitet, v\u00e4gbanor och tung byggnation<\/p>\n<\/li>\n<li data-start=\"2021\" data-end=\"2086\">\n<p data-start=\"2023\" data-end=\"2086\">Br\u00e4nslesn\u00e5l och fungerar bra p\u00e5 avl\u00e4gsna platser utan eln\u00e4t<\/p>\n<\/li>\n<li data-start=\"2087\" data-end=\"2144\">\n<p data-start=\"2089\" data-end=\"2144\">Robust ram och st\u00e5lbotten f\u00f6r l\u00e5ngsiktig tillf\u00f6rlitlighet<\/p>\n<\/li>\n<li data-start=\"2145\" data-end=\"2196\">\n<p data-start=\"2147\" data-end=\"2196\">Enkel att serva och anv\u00e4nda under tuffa f\u00f6rh\u00e5llanden<\/p>\n<\/li>\n<\/ul>\n<p><iframe title=\"komprimator,stamper,stamper,plattkomprimator,byggvibration,komprimatormaskin.#tamping\" width=\"720\" height=\"540\" src=\"https:\/\/www.youtube.com\/embed\/j8Nod6Mcz9w?feature=oembed\" frameborder=\"0\" allow=\"accelerometer; autoplay; clipboard-write; encrypted-media; gyroscope; picture-in-picture; web-share\" referrerpolicy=\"strict-origin-when-cross-origin\" allowfullscreen><\/iframe><\/p>","protected":false},"excerpt":{"rendered":"<p>CH-C110 dieselstamp ger djup, j\u00e4mn packning med en motor med h\u00f6gt vridmoment. Robust och effektiv, idealisk f\u00f6r grundl\u00e4ggnings-, dikes- och v\u00e4gprojekt.<\/p>","protected":false},"featured_media":9086,"template":"","meta":{"_kad_post_transparent":"default","_kad_post_title":"","_kad_post_layout":"default","_kad_post_sidebar_id":"","_kad_post_content_style":"default","_kad_post_vertical_padding":"default","_kad_post_feature":"","_kad_post_feature_position":"","_kad_post_header":false,"_kad_post_footer":false},"product_brand":[],"product_cat":[83],"product_tag":[1060,1057,1058,1059,1051,1052,1056,1053,1055,1054],"class_list":{"0":"post-9085","1":"product","2":"type-product","3":"status-publish","4":"has-post-thumbnail","6":"product_cat-tamping-rammer","7":"product_tag-backfill-compactor-machine","8":"product_tag-diesel-tamping-rammer","9":"product_tag-earth-tamping-machine","10":"product_tag-handheld-tamping-rammer","11":"product_tag-impact-rammer","12":"product_tag-jumping-jack-compactor","13":"product_tag-petrol-tamping-rammer","14":"product_tag-plate-tamping-rammer","15":"product_tag-soil-compaction-rammer","16":"product_tag-vibratory-tamping-rammer","18":"first","19":"instock","20":"shipping-taxable","21":"product-type-simple","22":"entry","23":"content-bg","24":"loop-entry"},"yoast_head":"<!-- This site is optimized with the Yoast SEO plugin v25.3.1 - https:\/\/yoast.com\/wordpress\/plugins\/seo\/ -->\n<title>Tamping Rammer CH-C110 - HSY Construction Machinery<\/title>\n<meta name=\"description\" content=\"CH-C110 Diesel Tamping Rammer offers powerful soil compaction with fuel efficiency. Ideal for roadwork, trench backfilling, and off-grid construction work.\" \/>\n<meta name=\"robots\" content=\"index, follow, max-snippet:-1, max-image-preview:large, max-video-preview:-1\" \/>\n<link rel=\"canonical\" href=\"https:\/\/www.hsymachinery.com\/sv\/produkt\/stampmaskin-ch-c110\/\" \/>\n<meta property=\"og:locale\" content=\"sv_SE\" \/>\n<meta property=\"og:type\" content=\"article\" \/>\n<meta property=\"og:title\" content=\"Tamping Rammer CH-C110 - HSY Construction Machinery\" \/>\n<meta property=\"og:description\" content=\"CH-C110 Diesel Tamping Rammer offers powerful soil compaction with fuel efficiency. Ideal for roadwork, trench backfilling, and off-grid construction work.\" \/>\n<meta property=\"og:url\" content=\"https:\/\/www.hsymachinery.com\/sv\/produkt\/stampmaskin-ch-c110\/\" \/>\n<meta property=\"og:site_name\" content=\"HSY Construction Machinery\" \/>\n<meta property=\"article:modified_time\" content=\"2025-06-28T07:39:22+00:00\" \/>\n<meta property=\"og:image\" content=\"https:\/\/www.hsymachinery.com\/wp-content\/uploads\/2025\/06\/Tamping-Rammer-CH-C110.jpg\" \/>\n\t<meta property=\"og:image:width\" content=\"800\" \/>\n\t<meta property=\"og:image:height\" content=\"800\" \/>\n\t<meta property=\"og:image:type\" content=\"image\/jpeg\" \/>\n<meta name=\"twitter:card\" content=\"summary_large_image\" \/>\n<meta name=\"twitter:label1\" content=\"Ber\u00e4knad l\u00e4stid\" \/>\n\t<meta name=\"twitter:data1\" content=\"2 minuter\" \/>\n<script type=\"application\/ld+json\" class=\"yoast-schema-graph\">{\"@context\":\"https:\/\/schema.org\",\"@graph\":[{\"@type\":\"WebPage\",\"@id\":\"https:\/\/www.hsymachinery.com\/product\/tamping-rammer-ch-c110\/\",\"url\":\"https:\/\/www.hsymachinery.com\/product\/tamping-rammer-ch-c110\/\",\"name\":\"Tamping Rammer CH-C110 - HSY Construction Machinery\",\"isPartOf\":{\"@id\":\"https:\/\/www.hsymachinery.com\/#website\"},\"primaryImageOfPage\":{\"@id\":\"https:\/\/www.hsymachinery.com\/product\/tamping-rammer-ch-c110\/#primaryimage\"},\"image\":{\"@id\":\"https:\/\/www.hsymachinery.com\/product\/tamping-rammer-ch-c110\/#primaryimage\"},\"thumbnailUrl\":\"https:\/\/www.hsymachinery.com\/wp-content\/uploads\/2025\/06\/Tamping-Rammer-CH-C110.jpg\",\"datePublished\":\"2025-06-18T08:29:44+00:00\",\"dateModified\":\"2025-06-28T07:39:22+00:00\",\"description\":\"CH-C110 Diesel Tamping Rammer offers powerful soil compaction with fuel efficiency. Ideal for roadwork, trench backfilling, and off-grid construction work.\",\"breadcrumb\":{\"@id\":\"https:\/\/www.hsymachinery.com\/product\/tamping-rammer-ch-c110\/#breadcrumb\"},\"inLanguage\":\"sv-SE\",\"potentialAction\":[{\"@type\":\"ReadAction\",\"target\":[\"https:\/\/www.hsymachinery.com\/product\/tamping-rammer-ch-c110\/\"]}]},{\"@type\":\"ImageObject\",\"inLanguage\":\"sv-SE\",\"@id\":\"https:\/\/www.hsymachinery.com\/product\/tamping-rammer-ch-c110\/#primaryimage\",\"url\":\"https:\/\/www.hsymachinery.com\/wp-content\/uploads\/2025\/06\/Tamping-Rammer-CH-C110.jpg\",\"contentUrl\":\"https:\/\/www.hsymachinery.com\/wp-content\/uploads\/2025\/06\/Tamping-Rammer-CH-C110.jpg\",\"width\":800,\"height\":800},{\"@type\":\"BreadcrumbList\",\"@id\":\"https:\/\/www.hsymachinery.com\/product\/tamping-rammer-ch-c110\/#breadcrumb\",\"itemListElement\":[{\"@type\":\"ListItem\",\"position\":1,\"name\":\"home\",\"item\":\"https:\/\/www.hsymachinery.com\/\"},{\"@type\":\"ListItem\",\"position\":2,\"name\":\"products\",\"item\":\"https:\/\/www.hsymachinery.com\/products\/\"},{\"@type\":\"ListItem\",\"position\":3,\"name\":\"Tamping Rammer CH-C110\"}]},{\"@type\":\"WebSite\",\"@id\":\"https:\/\/www.hsymachinery.com\/#website\",\"url\":\"https:\/\/www.hsymachinery.com\/\",\"name\":\"HSY Construction Machinery\",\"description\":\"HSY Machinery \u2013 A leading China construction machinery supplier, offering a wide range of light construction equipment. Our main products include Rebar Cutting Machine, Rebar Bending Machine, Rebar Stirrup Bending Machine, Rebar Arc Bending Machine, Rebar Straightening Machine, Five-Head Rebar Stirrup Bending Machine, Tamping Rammer, Plate Compactor, Concrete Cutter, Power Trowel, and other construction machinery. We are equipped with advanced CNC machines, and we enforce strict quality inspection standards along with comprehensive after-sales service. If you are interested in our products or services, we warmly welcome your inquiries via message.\",\"publisher\":{\"@id\":\"https:\/\/www.hsymachinery.com\/#organization\"},\"potentialAction\":[{\"@type\":\"SearchAction\",\"target\":{\"@type\":\"EntryPoint\",\"urlTemplate\":\"https:\/\/www.hsymachinery.com\/?s={search_term_string}\"},\"query-input\":{\"@type\":\"PropertyValueSpecification\",\"valueRequired\":true,\"valueName\":\"search_term_string\"}}],\"inLanguage\":\"sv-SE\"},{\"@type\":\"Organization\",\"@id\":\"https:\/\/www.hsymachinery.com\/#organization\",\"name\":\"HSY Construction Machinery\",\"url\":\"https:\/\/www.hsymachinery.com\/\",\"logo\":{\"@type\":\"ImageObject\",\"inLanguage\":\"sv-SE\",\"@id\":\"https:\/\/www.hsymachinery.com\/#\/schema\/logo\/image\/\",\"url\":\"https:\/\/www.hsymachinery.com\/wp-content\/uploads\/2025\/06\/cropped-HSY-machinery.png\",\"contentUrl\":\"https:\/\/www.hsymachinery.com\/wp-content\/uploads\/2025\/06\/cropped-HSY-machinery.png\",\"width\":600,\"height\":240,\"caption\":\"HSY Construction Machinery\"},\"image\":{\"@id\":\"https:\/\/www.hsymachinery.com\/#\/schema\/logo\/image\/\"}}]}<\/script>\n<!-- \/ Yoast SEO plugin. -->","yoast_head_json":{"title":"Stampst\u00e5ng CH-C110 - HSY Anl\u00e4ggningsmaskiner","description":"CH-C110 Dieselstamp erbjuder kraftfull markkompaktering med br\u00e4nsleeffektivitet. Idealisk f\u00f6r v\u00e4garbeten, \u00e5terfyllning av diken och anl\u00e4ggningsarbeten utanf\u00f6r eln\u00e4tet.","robots":{"index":"index","follow":"follow","max-snippet":"max-snippet:-1","max-image-preview":"max-image-preview:large","max-video-preview":"max-video-preview:-1"},"canonical":"https:\/\/www.hsymachinery.com\/sv\/produkt\/stampmaskin-ch-c110\/","og_locale":"sv_SE","og_type":"article","og_title":"Tamping Rammer CH-C110 - HSY Construction Machinery","og_description":"CH-C110 Diesel Tamping Rammer offers powerful soil compaction with fuel efficiency. Ideal for roadwork, trench backfilling, and off-grid construction work.","og_url":"https:\/\/www.hsymachinery.com\/sv\/produkt\/stampmaskin-ch-c110\/","og_site_name":"HSY Construction Machinery","article_modified_time":"2025-06-28T07:39:22+00:00","og_image":[{"width":800,"height":800,"url":"https:\/\/www.hsymachinery.com\/wp-content\/uploads\/2025\/06\/Tamping-Rammer-CH-C110.jpg","type":"image\/jpeg"}],"twitter_card":"summary_large_image","twitter_misc":{"Ber\u00e4knad l\u00e4stid":"2 minuter"},"schema":{"@context":"https:\/\/schema.org","@graph":[{"@type":"WebPage","@id":"https:\/\/www.hsymachinery.com\/product\/tamping-rammer-ch-c110\/","url":"https:\/\/www.hsymachinery.com\/product\/tamping-rammer-ch-c110\/","name":"Stampst\u00e5ng CH-C110 - HSY Anl\u00e4ggningsmaskiner","isPartOf":{"@id":"https:\/\/www.hsymachinery.com\/#website"},"primaryImageOfPage":{"@id":"https:\/\/www.hsymachinery.com\/product\/tamping-rammer-ch-c110\/#primaryimage"},"image":{"@id":"https:\/\/www.hsymachinery.com\/product\/tamping-rammer-ch-c110\/#primaryimage"},"thumbnailUrl":"https:\/\/www.hsymachinery.com\/wp-content\/uploads\/2025\/06\/Tamping-Rammer-CH-C110.jpg","datePublished":"2025-06-18T08:29:44+00:00","dateModified":"2025-06-28T07:39:22+00:00","description":"CH-C110 Dieselstamp erbjuder kraftfull markkompaktering med br\u00e4nsleeffektivitet. Idealisk f\u00f6r v\u00e4garbeten, \u00e5terfyllning av diken och anl\u00e4ggningsarbeten utanf\u00f6r eln\u00e4tet.","breadcrumb":{"@id":"https:\/\/www.hsymachinery.com\/product\/tamping-rammer-ch-c110\/#breadcrumb"},"inLanguage":"sv-SE","potentialAction":[{"@type":"ReadAction","target":["https:\/\/www.hsymachinery.com\/product\/tamping-rammer-ch-c110\/"]}]},{"@type":"ImageObject","inLanguage":"sv-SE","@id":"https:\/\/www.hsymachinery.com\/product\/tamping-rammer-ch-c110\/#primaryimage","url":"https:\/\/www.hsymachinery.com\/wp-content\/uploads\/2025\/06\/Tamping-Rammer-CH-C110.jpg","contentUrl":"https:\/\/www.hsymachinery.com\/wp-content\/uploads\/2025\/06\/Tamping-Rammer-CH-C110.jpg","width":800,"height":800},{"@type":"BreadcrumbList","@id":"https:\/\/www.hsymachinery.com\/product\/tamping-rammer-ch-c110\/#breadcrumb","itemListElement":[{"@type":"ListItem","position":1,"name":"home","item":"https:\/\/www.hsymachinery.com\/"},{"@type":"ListItem","position":2,"name":"products","item":"https:\/\/www.hsymachinery.com\/products\/"},{"@type":"ListItem","position":3,"name":"Tamping Rammer CH-C110"}]},{"@type":"WebSite","@id":"https:\/\/www.hsymachinery.com\/#website","url":"https:\/\/www.hsymachinery.com\/","name":"HSY Anl\u00e4ggningsmaskiner","description":"HSY Machinery - En ledande leverant\u00f6r av byggmaskiner i Kina som erbjuder ett brett utbud av l\u00e4tt byggutrustning. V\u00e5ra huvudprodukter inkluderar sk\u00e4rmaskin f\u00f6r armering, bockningsmaskin f\u00f6r armering, bockningsmaskin f\u00f6r armeringsj\u00e4rn, bockningsmaskin f\u00f6r armeringsb\u00e5ge, bockningsmaskin f\u00f6r armering, bockningsmaskin f\u00f6r armeringsj\u00e4rn med fem huvuden, stampstamp, plattkomprimator, betongsk\u00e4rare, murspade och andra byggmaskiner. Vi \u00e4r utrustade med avancerade CNC-maskiner och vi till\u00e4mpar strikta kvalitetsinspektionsstandarder tillsammans med omfattande kundservice. Om du \u00e4r intresserad av v\u00e5ra produkter eller tj\u00e4nster, v\u00e4lkomnar vi varmt dina f\u00f6rfr\u00e5gningar via meddelande.","publisher":{"@id":"https:\/\/www.hsymachinery.com\/#organization"},"potentialAction":[{"@type":"SearchAction","target":{"@type":"EntryPoint","urlTemplate":"https:\/\/www.hsymachinery.com\/?s={search_term_string}"},"query-input":{"@type":"PropertyValueSpecification","valueRequired":true,"valueName":"search_term_string"}}],"inLanguage":"sv-SE"},{"@type":"Organization","@id":"https:\/\/www.hsymachinery.com\/#organization","name":"HSY Anl\u00e4ggningsmaskiner","url":"https:\/\/www.hsymachinery.com\/","logo":{"@type":"ImageObject","inLanguage":"sv-SE","@id":"https:\/\/www.hsymachinery.com\/#\/schema\/logo\/image\/","url":"https:\/\/www.hsymachinery.com\/wp-content\/uploads\/2025\/06\/cropped-HSY-machinery.png","contentUrl":"https:\/\/www.hsymachinery.com\/wp-content\/uploads\/2025\/06\/cropped-HSY-machinery.png","width":600,"height":240,"caption":"HSY Construction Machinery"},"image":{"@id":"https:\/\/www.hsymachinery.com\/#\/schema\/logo\/image\/"}}]}},"_links":{"self":[{"href":"https:\/\/www.hsymachinery.com\/sv\/wp-json\/wp\/v2\/product\/9085","targetHints":{"allow":["GET"]}}],"collection":[{"href":"https:\/\/www.hsymachinery.com\/sv\/wp-json\/wp\/v2\/product"}],"about":[{"href":"https:\/\/www.hsymachinery.com\/sv\/wp-json\/wp\/v2\/types\/product"}],"version-history":[{"count":3,"href":"https:\/\/www.hsymachinery.com\/sv\/wp-json\/wp\/v2\/product\/9085\/revisions"}],"predecessor-version":[{"id":9509,"href":"https:\/\/www.hsymachinery.com\/sv\/wp-json\/wp\/v2\/product\/9085\/revisions\/9509"}],"wp:featuredmedia":[{"embeddable":true,"href":"https:\/\/www.hsymachinery.com\/sv\/wp-json\/wp\/v2\/media\/9086"}],"wp:attachment":[{"href":"https:\/\/www.hsymachinery.com\/sv\/wp-json\/wp\/v2\/media?parent=9085"}],"wp:term":[{"taxonomy":"product_brand","embeddable":true,"href":"https:\/\/www.hsymachinery.com\/sv\/wp-json\/wp\/v2\/product_brand?post=9085"},{"taxonomy":"product_cat","embeddable":true,"href":"https:\/\/www.hsymachinery.com\/sv\/wp-json\/wp\/v2\/product_cat?post=9085"},{"taxonomy":"product_tag","embeddable":true,"href":"https:\/\/www.hsymachinery.com\/sv\/wp-json\/wp\/v2\/product_tag?post=9085"}],"curies":[{"name":"wp","href":"https:\/\/api.w.org\/{rel}","templated":true}]}}