{"id":9082,"date":"2025-06-18T16:28:16","date_gmt":"2025-06-18T08:28:16","guid":{"rendered":"https:\/\/www.hsymachinery.com\/?post_type=product&#038;p=9082"},"modified":"2025-06-28T15:36:07","modified_gmt":"2025-06-28T07:36:07","slug":"stampmaskin-ch-h110","status":"publish","type":"product","link":"https:\/\/www.hsymachinery.com\/sv\/produkt\/stampmaskin-ch-h110\/","title":{"rendered":"Stampst\u00e5ng CH-H110"},"content":{"rendered":"<h2 data-start=\"99\" data-end=\"129\">Stampst\u00e5ng CH-H110<\/h2>\n<h3 data-start=\"130\" data-end=\"238\">CH-H110 Honda Gasoline Tamping Rammer | Kompakt och p\u00e5litlig jordkompaktor f\u00f6r kr\u00e4vande urbana arbetsplatser<\/h3>\n<h3 data-start=\"245\" data-end=\"317\">Produkt\u00f6versikt - byggd f\u00f6r h\u00e5llbarhet, betrodd av proffs<a href=\"https:\/\/www.hsymachinery.com\/sv\/produkter\/stamp-for-stampning\/\" target=\"_blank\" rel=\"noopener\"><img fetchpriority=\"high\" decoding=\"async\" class=\"wp-image-9083 alignright\" src=\"https:\/\/www.hsymachinery.com\/wp-content\/uploads\/2025\/06\/Tamping-Rammer-CH-H110-300x300.jpg\" alt=\"\" width=\"470\" height=\"470\" srcset=\"https:\/\/www.hsymachinery.com\/wp-content\/uploads\/2025\/06\/Tamping-Rammer-CH-H110-300x300.jpg 300w, https:\/\/www.hsymachinery.com\/wp-content\/uploads\/2025\/06\/Tamping-Rammer-CH-H110-150x150.jpg 150w, https:\/\/www.hsymachinery.com\/wp-content\/uploads\/2025\/06\/Tamping-Rammer-CH-H110-768x768.jpg 768w, https:\/\/www.hsymachinery.com\/wp-content\/uploads\/2025\/06\/Tamping-Rammer-CH-H110-600x600.jpg 600w, https:\/\/www.hsymachinery.com\/wp-content\/uploads\/2025\/06\/Tamping-Rammer-CH-H110-100x100.jpg 100w, https:\/\/www.hsymachinery.com\/wp-content\/uploads\/2025\/06\/Tamping-Rammer-CH-H110.jpg 800w\" sizes=\"(max-width: 470px) 100vw, 470px\" \/><\/a><\/h3>\n<p data-start=\"319\" data-end=\"672\">Den <strong data-start=\"323\" data-end=\"349\">CH-H110 St\u00e4mpelhammare<\/strong> kombinerar den kompakta storleken hos en stamper i mellanklassen med den exceptionella tillf\u00f6rlitligheten hos en Honda GX160 4-taktsmotor. Denna modell \u00e4r konstruerad f\u00f6r stadsbyggnad, dikesunderh\u00e5ll, grundkomprimering och \u00e5terst\u00e4llning av trottoarer och ger konsekvent prestanda i tr\u00e5nga utrymmen eller milj\u00f6er d\u00e4r den anv\u00e4nds dagligen.<\/p>\n<p data-start=\"674\" data-end=\"846\">Den ger en stabil stampkraft, en tyst driftprofil och l\u00e5ng livsl\u00e4ngd f\u00f6r motorn, vilket g\u00f6r den till det perfekta verktyget f\u00f6r entrepren\u00f6rer som beh\u00f6ver b\u00e5de r\u00f6rlighet och kraft.<\/p>\n<h3 data-start=\"853\" data-end=\"904\">Smidig start, h\u00f6g effekt och enkel hantering<\/h3>\n<p data-start=\"906\" data-end=\"1160\">Med sin Honda GX160-motor startar CH-H110 utan anstr\u00e4ngning och h\u00e5ller ett j\u00e4mnt varvtal som garanterar en j\u00e4mn komprimering. Det st\u00f6td\u00e4mpande handtagssystemet och den f\u00f6rst\u00e4rkta st\u00e5lplattan minimerar rekylen och maximerar samtidigt djupet per tr\u00e4ff.<\/p>\n<p data-start=\"1162\" data-end=\"1288\">Operat\u00f6rerna drar nytta av minskade vibrationer och enkel man\u00f6vrerbarhet, \u00e4ven under l\u00e5ngvarig drift i grov eller oj\u00e4mn terr\u00e4ng.<\/p>\n<h3 data-start=\"1295\" data-end=\"1351\">Tillf\u00f6rlitlig f\u00f6r uppgifter i st\u00e4der, bost\u00e4der och p\u00e5 distans<\/h3>\n<p data-start=\"1353\" data-end=\"1632\">CH-H110 trivs p\u00e5 platser med mycket trafik och begr\u00e4nsat utrymme tack vare den smala ramen och den balanserade vikten. Oavsett om du kompakterar trottoarer i st\u00e4der, tr\u00e5nga diken eller uppgraderar infrastruktur ger den h\u00e4r modellen konsekventa resultat samtidigt som br\u00e4nslef\u00f6rbrukningen h\u00e5lls l\u00e5g.<\/p>\n<p data-start=\"1634\" data-end=\"1730\">Dessutom \u00e4r Honda-motorn globalt erk\u00e4nd f\u00f6r sin tillf\u00f6rlitlighet och sitt l\u00e5ga underh\u00e5llsbehov.<\/p>\n<h3 data-start=\"1737\" data-end=\"1790\">Viktiga egenskaper f\u00f6r CH-H110 Bensindriven slaghammare<\/h3>\n<ul data-start=\"1792\" data-end=\"2096\">\n<li data-start=\"1792\" data-end=\"1852\">\n<p data-start=\"1794\" data-end=\"1852\">Honda GX160-motor ger l\u00e5ng livsl\u00e4ngd och h\u00f6g effektivitet<\/p>\n<\/li>\n<li data-start=\"1853\" data-end=\"1921\">\n<p data-start=\"1855\" data-end=\"1921\">Idealisk f\u00f6r tr\u00e5nga diken, trottoarer och projekt inomhus\/utomhus<\/p>\n<\/li>\n<li data-start=\"1922\" data-end=\"1981\">\n<p data-start=\"1924\" data-end=\"1981\">Kompakt, ergonomisk design med reducerat vibrationssystem<\/p>\n<\/li>\n<li data-start=\"1982\" data-end=\"2040\">\n<p data-start=\"1984\" data-end=\"2040\">Slitstark sabotageplatta i st\u00e5l f\u00f6r konsekventa, djupa st\u00f6tar<\/p>\n<\/li>\n<li data-start=\"2041\" data-end=\"2096\">\n<p data-start=\"2043\" data-end=\"2096\">Perfekt f\u00f6r professionella och kommunala till\u00e4mpningar<\/p>\n<\/li>\n<\/ul>","protected":false},"excerpt":{"rendered":"<p>CH-H110 har en Honda GX160-motor och en kompakt stomme f\u00f6r packning av diken, trottoarer och fundament i st\u00e4der. Stark, tyst och mycket tillf\u00f6rlitlig.<\/p>","protected":false},"featured_media":9083,"template":"","meta":{"_kad_post_transparent":"default","_kad_post_title":"","_kad_post_layout":"default","_kad_post_sidebar_id":"","_kad_post_content_style":"default","_kad_post_vertical_padding":"default","_kad_post_feature":"","_kad_post_feature_position":"","_kad_post_header":false,"_kad_post_footer":false},"product_brand":[],"product_cat":[83],"product_tag":[1060,1057,1058,1059,1051,1052,1056,1053,1055,1054],"class_list":{"0":"post-9082","1":"product","2":"type-product","3":"status-publish","4":"has-post-thumbnail","6":"product_cat-tamping-rammer","7":"product_tag-backfill-compactor-machine","8":"product_tag-diesel-tamping-rammer","9":"product_tag-earth-tamping-machine","10":"product_tag-handheld-tamping-rammer","11":"product_tag-impact-rammer","12":"product_tag-jumping-jack-compactor","13":"product_tag-petrol-tamping-rammer","14":"product_tag-plate-tamping-rammer","15":"product_tag-soil-compaction-rammer","16":"product_tag-vibratory-tamping-rammer","18":"first","19":"instock","20":"shipping-taxable","21":"product-type-simple","22":"entry","23":"content-bg","24":"loop-entry"},"yoast_head":"<!-- This site is optimized with the Yoast SEO plugin v25.3.1 - https:\/\/yoast.com\/wordpress\/plugins\/seo\/ -->\n<title>Tamping Rammer CH-H110 - HSY Construction Machinery<\/title>\n<meta name=\"description\" content=\"CH-H110 Tamping Rammer runs on a Honda GX160 engine, offering strong soil compaction in compact spaces. Ideal for city jobsites, trenches, and pavement repairs.\" \/>\n<meta name=\"robots\" content=\"index, follow, max-snippet:-1, max-image-preview:large, max-video-preview:-1\" \/>\n<link rel=\"canonical\" href=\"https:\/\/www.hsymachinery.com\/sv\/produkt\/stampmaskin-ch-h110\/\" \/>\n<meta property=\"og:locale\" content=\"sv_SE\" \/>\n<meta property=\"og:type\" content=\"article\" \/>\n<meta property=\"og:title\" content=\"Tamping Rammer CH-H110 - HSY Construction Machinery\" \/>\n<meta property=\"og:description\" content=\"CH-H110 Tamping Rammer runs on a Honda GX160 engine, offering strong soil compaction in compact spaces. Ideal for city jobsites, trenches, and pavement repairs.\" \/>\n<meta property=\"og:url\" content=\"https:\/\/www.hsymachinery.com\/sv\/produkt\/stampmaskin-ch-h110\/\" \/>\n<meta property=\"og:site_name\" content=\"HSY Construction Machinery\" \/>\n<meta property=\"article:modified_time\" content=\"2025-06-28T07:36:07+00:00\" \/>\n<meta property=\"og:image\" content=\"https:\/\/www.hsymachinery.com\/wp-content\/uploads\/2025\/06\/Tamping-Rammer-CH-H110.jpg\" \/>\n\t<meta property=\"og:image:width\" content=\"800\" \/>\n\t<meta property=\"og:image:height\" content=\"800\" \/>\n\t<meta property=\"og:image:type\" content=\"image\/jpeg\" \/>\n<meta name=\"twitter:card\" content=\"summary_large_image\" \/>\n<meta name=\"twitter:label1\" content=\"Ber\u00e4knad l\u00e4stid\" \/>\n\t<meta name=\"twitter:data1\" content=\"2 minuter\" \/>\n<script type=\"application\/ld+json\" class=\"yoast-schema-graph\">{\"@context\":\"https:\/\/schema.org\",\"@graph\":[{\"@type\":\"WebPage\",\"@id\":\"https:\/\/www.hsymachinery.com\/product\/tamping-rammer-ch-h110\/\",\"url\":\"https:\/\/www.hsymachinery.com\/product\/tamping-rammer-ch-h110\/\",\"name\":\"Tamping Rammer CH-H110 - HSY Construction Machinery\",\"isPartOf\":{\"@id\":\"https:\/\/www.hsymachinery.com\/#website\"},\"primaryImageOfPage\":{\"@id\":\"https:\/\/www.hsymachinery.com\/product\/tamping-rammer-ch-h110\/#primaryimage\"},\"image\":{\"@id\":\"https:\/\/www.hsymachinery.com\/product\/tamping-rammer-ch-h110\/#primaryimage\"},\"thumbnailUrl\":\"https:\/\/www.hsymachinery.com\/wp-content\/uploads\/2025\/06\/Tamping-Rammer-CH-H110.jpg\",\"datePublished\":\"2025-06-18T08:28:16+00:00\",\"dateModified\":\"2025-06-28T07:36:07+00:00\",\"description\":\"CH-H110 Tamping Rammer runs on a Honda GX160 engine, offering strong soil compaction in compact spaces. Ideal for city jobsites, trenches, and pavement repairs.\",\"breadcrumb\":{\"@id\":\"https:\/\/www.hsymachinery.com\/product\/tamping-rammer-ch-h110\/#breadcrumb\"},\"inLanguage\":\"sv-SE\",\"potentialAction\":[{\"@type\":\"ReadAction\",\"target\":[\"https:\/\/www.hsymachinery.com\/product\/tamping-rammer-ch-h110\/\"]}]},{\"@type\":\"ImageObject\",\"inLanguage\":\"sv-SE\",\"@id\":\"https:\/\/www.hsymachinery.com\/product\/tamping-rammer-ch-h110\/#primaryimage\",\"url\":\"https:\/\/www.hsymachinery.com\/wp-content\/uploads\/2025\/06\/Tamping-Rammer-CH-H110.jpg\",\"contentUrl\":\"https:\/\/www.hsymachinery.com\/wp-content\/uploads\/2025\/06\/Tamping-Rammer-CH-H110.jpg\",\"width\":800,\"height\":800},{\"@type\":\"BreadcrumbList\",\"@id\":\"https:\/\/www.hsymachinery.com\/product\/tamping-rammer-ch-h110\/#breadcrumb\",\"itemListElement\":[{\"@type\":\"ListItem\",\"position\":1,\"name\":\"home\",\"item\":\"https:\/\/www.hsymachinery.com\/\"},{\"@type\":\"ListItem\",\"position\":2,\"name\":\"products\",\"item\":\"https:\/\/www.hsymachinery.com\/products\/\"},{\"@type\":\"ListItem\",\"position\":3,\"name\":\"Tamping Rammer CH-H110\"}]},{\"@type\":\"WebSite\",\"@id\":\"https:\/\/www.hsymachinery.com\/#website\",\"url\":\"https:\/\/www.hsymachinery.com\/\",\"name\":\"HSY Construction Machinery\",\"description\":\"HSY Machinery \u2013 A leading China construction machinery supplier, offering a wide range of light construction equipment. Our main products include Rebar Cutting Machine, Rebar Bending Machine, Rebar Stirrup Bending Machine, Rebar Arc Bending Machine, Rebar Straightening Machine, Five-Head Rebar Stirrup Bending Machine, Tamping Rammer, Plate Compactor, Concrete Cutter, Power Trowel, and other construction machinery. We are equipped with advanced CNC machines, and we enforce strict quality inspection standards along with comprehensive after-sales service. If you are interested in our products or services, we warmly welcome your inquiries via message.\",\"publisher\":{\"@id\":\"https:\/\/www.hsymachinery.com\/#organization\"},\"potentialAction\":[{\"@type\":\"SearchAction\",\"target\":{\"@type\":\"EntryPoint\",\"urlTemplate\":\"https:\/\/www.hsymachinery.com\/?s={search_term_string}\"},\"query-input\":{\"@type\":\"PropertyValueSpecification\",\"valueRequired\":true,\"valueName\":\"search_term_string\"}}],\"inLanguage\":\"sv-SE\"},{\"@type\":\"Organization\",\"@id\":\"https:\/\/www.hsymachinery.com\/#organization\",\"name\":\"HSY Construction Machinery\",\"url\":\"https:\/\/www.hsymachinery.com\/\",\"logo\":{\"@type\":\"ImageObject\",\"inLanguage\":\"sv-SE\",\"@id\":\"https:\/\/www.hsymachinery.com\/#\/schema\/logo\/image\/\",\"url\":\"https:\/\/www.hsymachinery.com\/wp-content\/uploads\/2025\/06\/cropped-HSY-machinery.png\",\"contentUrl\":\"https:\/\/www.hsymachinery.com\/wp-content\/uploads\/2025\/06\/cropped-HSY-machinery.png\",\"width\":600,\"height\":240,\"caption\":\"HSY Construction Machinery\"},\"image\":{\"@id\":\"https:\/\/www.hsymachinery.com\/#\/schema\/logo\/image\/\"}}]}<\/script>\n<!-- \/ Yoast SEO plugin. -->","yoast_head_json":{"title":"Stampst\u00e5ng CH-H110 - HSY Anl\u00e4ggningsmaskiner","description":"CH-H110 Tamping Rammer drivs av en Honda GX160-motor och ger kraftig markpackning i kompakta utrymmen. Idealisk f\u00f6r kommunala byggarbetsplatser, diken och bel\u00e4ggningsreparationer.","robots":{"index":"index","follow":"follow","max-snippet":"max-snippet:-1","max-image-preview":"max-image-preview:large","max-video-preview":"max-video-preview:-1"},"canonical":"https:\/\/www.hsymachinery.com\/sv\/produkt\/stampmaskin-ch-h110\/","og_locale":"sv_SE","og_type":"article","og_title":"Tamping Rammer CH-H110 - HSY Construction Machinery","og_description":"CH-H110 Tamping Rammer runs on a Honda GX160 engine, offering strong soil compaction in compact spaces. Ideal for city jobsites, trenches, and pavement repairs.","og_url":"https:\/\/www.hsymachinery.com\/sv\/produkt\/stampmaskin-ch-h110\/","og_site_name":"HSY Construction Machinery","article_modified_time":"2025-06-28T07:36:07+00:00","og_image":[{"width":800,"height":800,"url":"https:\/\/www.hsymachinery.com\/wp-content\/uploads\/2025\/06\/Tamping-Rammer-CH-H110.jpg","type":"image\/jpeg"}],"twitter_card":"summary_large_image","twitter_misc":{"Ber\u00e4knad l\u00e4stid":"2 minuter"},"schema":{"@context":"https:\/\/schema.org","@graph":[{"@type":"WebPage","@id":"https:\/\/www.hsymachinery.com\/product\/tamping-rammer-ch-h110\/","url":"https:\/\/www.hsymachinery.com\/product\/tamping-rammer-ch-h110\/","name":"Stampst\u00e5ng CH-H110 - HSY Anl\u00e4ggningsmaskiner","isPartOf":{"@id":"https:\/\/www.hsymachinery.com\/#website"},"primaryImageOfPage":{"@id":"https:\/\/www.hsymachinery.com\/product\/tamping-rammer-ch-h110\/#primaryimage"},"image":{"@id":"https:\/\/www.hsymachinery.com\/product\/tamping-rammer-ch-h110\/#primaryimage"},"thumbnailUrl":"https:\/\/www.hsymachinery.com\/wp-content\/uploads\/2025\/06\/Tamping-Rammer-CH-H110.jpg","datePublished":"2025-06-18T08:28:16+00:00","dateModified":"2025-06-28T07:36:07+00:00","description":"CH-H110 Tamping Rammer drivs av en Honda GX160-motor och ger kraftig markpackning i kompakta utrymmen. Idealisk f\u00f6r kommunala byggarbetsplatser, diken och bel\u00e4ggningsreparationer.","breadcrumb":{"@id":"https:\/\/www.hsymachinery.com\/product\/tamping-rammer-ch-h110\/#breadcrumb"},"inLanguage":"sv-SE","potentialAction":[{"@type":"ReadAction","target":["https:\/\/www.hsymachinery.com\/product\/tamping-rammer-ch-h110\/"]}]},{"@type":"ImageObject","inLanguage":"sv-SE","@id":"https:\/\/www.hsymachinery.com\/product\/tamping-rammer-ch-h110\/#primaryimage","url":"https:\/\/www.hsymachinery.com\/wp-content\/uploads\/2025\/06\/Tamping-Rammer-CH-H110.jpg","contentUrl":"https:\/\/www.hsymachinery.com\/wp-content\/uploads\/2025\/06\/Tamping-Rammer-CH-H110.jpg","width":800,"height":800},{"@type":"BreadcrumbList","@id":"https:\/\/www.hsymachinery.com\/product\/tamping-rammer-ch-h110\/#breadcrumb","itemListElement":[{"@type":"ListItem","position":1,"name":"home","item":"https:\/\/www.hsymachinery.com\/"},{"@type":"ListItem","position":2,"name":"products","item":"https:\/\/www.hsymachinery.com\/products\/"},{"@type":"ListItem","position":3,"name":"Tamping Rammer CH-H110"}]},{"@type":"WebSite","@id":"https:\/\/www.hsymachinery.com\/#website","url":"https:\/\/www.hsymachinery.com\/","name":"HSY Anl\u00e4ggningsmaskiner","description":"HSY Machinery - En ledande leverant\u00f6r av byggmaskiner i Kina som erbjuder ett brett utbud av l\u00e4tt byggutrustning. V\u00e5ra huvudprodukter inkluderar sk\u00e4rmaskin f\u00f6r armering, bockningsmaskin f\u00f6r armering, bockningsmaskin f\u00f6r armeringsj\u00e4rn, bockningsmaskin f\u00f6r armeringsb\u00e5ge, bockningsmaskin f\u00f6r armering, bockningsmaskin f\u00f6r armeringsj\u00e4rn med fem huvuden, stampstamp, plattkomprimator, betongsk\u00e4rare, murspade och andra byggmaskiner. Vi \u00e4r utrustade med avancerade CNC-maskiner och vi till\u00e4mpar strikta kvalitetsinspektionsstandarder tillsammans med omfattande kundservice. Om du \u00e4r intresserad av v\u00e5ra produkter eller tj\u00e4nster, v\u00e4lkomnar vi varmt dina f\u00f6rfr\u00e5gningar via meddelande.","publisher":{"@id":"https:\/\/www.hsymachinery.com\/#organization"},"potentialAction":[{"@type":"SearchAction","target":{"@type":"EntryPoint","urlTemplate":"https:\/\/www.hsymachinery.com\/?s={search_term_string}"},"query-input":{"@type":"PropertyValueSpecification","valueRequired":true,"valueName":"search_term_string"}}],"inLanguage":"sv-SE"},{"@type":"Organization","@id":"https:\/\/www.hsymachinery.com\/#organization","name":"HSY Anl\u00e4ggningsmaskiner","url":"https:\/\/www.hsymachinery.com\/","logo":{"@type":"ImageObject","inLanguage":"sv-SE","@id":"https:\/\/www.hsymachinery.com\/#\/schema\/logo\/image\/","url":"https:\/\/www.hsymachinery.com\/wp-content\/uploads\/2025\/06\/cropped-HSY-machinery.png","contentUrl":"https:\/\/www.hsymachinery.com\/wp-content\/uploads\/2025\/06\/cropped-HSY-machinery.png","width":600,"height":240,"caption":"HSY Construction Machinery"},"image":{"@id":"https:\/\/www.hsymachinery.com\/#\/schema\/logo\/image\/"}}]}},"_links":{"self":[{"href":"https:\/\/www.hsymachinery.com\/sv\/wp-json\/wp\/v2\/product\/9082","targetHints":{"allow":["GET"]}}],"collection":[{"href":"https:\/\/www.hsymachinery.com\/sv\/wp-json\/wp\/v2\/product"}],"about":[{"href":"https:\/\/www.hsymachinery.com\/sv\/wp-json\/wp\/v2\/types\/product"}],"version-history":[{"count":3,"href":"https:\/\/www.hsymachinery.com\/sv\/wp-json\/wp\/v2\/product\/9082\/revisions"}],"predecessor-version":[{"id":9507,"href":"https:\/\/www.hsymachinery.com\/sv\/wp-json\/wp\/v2\/product\/9082\/revisions\/9507"}],"wp:featuredmedia":[{"embeddable":true,"href":"https:\/\/www.hsymachinery.com\/sv\/wp-json\/wp\/v2\/media\/9083"}],"wp:attachment":[{"href":"https:\/\/www.hsymachinery.com\/sv\/wp-json\/wp\/v2\/media?parent=9082"}],"wp:term":[{"taxonomy":"product_brand","embeddable":true,"href":"https:\/\/www.hsymachinery.com\/sv\/wp-json\/wp\/v2\/product_brand?post=9082"},{"taxonomy":"product_cat","embeddable":true,"href":"https:\/\/www.hsymachinery.com\/sv\/wp-json\/wp\/v2\/product_cat?post=9082"},{"taxonomy":"product_tag","embeddable":true,"href":"https:\/\/www.hsymachinery.com\/sv\/wp-json\/wp\/v2\/product_tag?post=9082"}],"curies":[{"name":"wp","href":"https:\/\/api.w.org\/{rel}","templated":true}]}}