{"id":9070,"date":"2025-06-18T16:21:44","date_gmt":"2025-06-18T08:21:44","guid":{"rendered":"https:\/\/www.hsymachinery.com\/?post_type=product&#038;p=9070"},"modified":"2025-06-28T15:15:50","modified_gmt":"2025-06-28T07:15:50","slug":"stampstamp-ch-l100","status":"publish","type":"product","link":"https:\/\/www.hsymachinery.com\/sv\/produkt\/stampstamp-ch-l100\/","title":{"rendered":"Stampst\u00e5ng CH-L100"},"content":{"rendered":"<h3 data-start=\"148\" data-end=\"250\">CH-L100 Loncin bensindriven stamp - robust och portabel jordkompaktor f\u00f6r byggarbetsplatser<\/h3>\n<h3 data-start=\"257\" data-end=\"333\">Produkt\u00f6versikt - Kompakt bensindriven stamp f\u00f6r vardagliga behov p\u00e5 arbetsplatsen<a href=\"https:\/\/www.hsymachinery.com\/sv\/produkter\/stamp-for-stampning\/\" target=\"_blank\" rel=\"noopener\"><img fetchpriority=\"high\" decoding=\"async\" class=\"wp-image-9071 alignright\" src=\"https:\/\/www.hsymachinery.com\/wp-content\/uploads\/2025\/06\/Tamping-Rammer-CH-L100-300x300.jpg\" alt=\"\" width=\"470\" height=\"470\" srcset=\"https:\/\/www.hsymachinery.com\/wp-content\/uploads\/2025\/06\/Tamping-Rammer-CH-L100-300x300.jpg 300w, https:\/\/www.hsymachinery.com\/wp-content\/uploads\/2025\/06\/Tamping-Rammer-CH-L100-150x150.jpg 150w, https:\/\/www.hsymachinery.com\/wp-content\/uploads\/2025\/06\/Tamping-Rammer-CH-L100-768x768.jpg 768w, https:\/\/www.hsymachinery.com\/wp-content\/uploads\/2025\/06\/Tamping-Rammer-CH-L100-600x600.jpg 600w, https:\/\/www.hsymachinery.com\/wp-content\/uploads\/2025\/06\/Tamping-Rammer-CH-L100-100x100.jpg 100w, https:\/\/www.hsymachinery.com\/wp-content\/uploads\/2025\/06\/Tamping-Rammer-CH-L100.jpg 800w\" sizes=\"(max-width: 470px) 100vw, 470px\" \/><\/a><\/h3>\n<p data-start=\"335\" data-end=\"674\">Den <strong data-start=\"339\" data-end=\"365\">CH-L100 St\u00e4mpelhammare<\/strong> drivs av en p\u00e5litlig Loncin 4-takts bensinmotor och erbjuder stark komprimeringskraft och utm\u00e4rkt b\u00e4rbarhet. Den h\u00e4r modellen \u00e4r utformad f\u00f6r sm\u00e5 till medelstora byggprojekt och \u00e4r idealisk f\u00f6r dikesarbete, f\u00f6rberedelse av fundament och v\u00e4glagning, s\u00e4rskilt i omr\u00e5den utan tillg\u00e5ng till el.<\/p>\n<p data-start=\"676\" data-end=\"816\">Den l\u00e4tta ramen och det balanserade stampsystemet g\u00f6r den enkel att hantera samtidigt som den levererar tillr\u00e4cklig kraft f\u00f6r att komprimera lera, jord eller sand.<\/p>\n<h3 data-start=\"823\" data-end=\"878\">Br\u00e4nsleeffektiv prestanda med enkel anv\u00e4ndning<\/h3>\n<p data-start=\"880\" data-end=\"1107\">Tack vare den luftkylda Loncin-motorn startar CH-L100 snabbt och g\u00e5r smidigt, \u00e4ven under dammiga eller fuktiga f\u00f6rh\u00e5llanden. Den f\u00f6rbrukar minimalt med br\u00e4nsle per timme samtidigt som den ger en j\u00e4mn slagkraft \u00f6ver flera ytor.<\/p>\n<p data-start=\"1109\" data-end=\"1252\">Skoplattan \u00e4r slitstark och det dubbla fj\u00e4dersystemet s\u00e4kerst\u00e4ller stabil packning samtidigt som vibrationerna minskas f\u00f6r att skydda f\u00f6raren.<\/p>\n<h3 data-start=\"1259\" data-end=\"1305\">Redo f\u00f6r utomhusarbete och avl\u00e4gsna platser<\/h3>\n<p data-start=\"1307\" data-end=\"1557\">Oavsett om du arbetar vid en avl\u00e4gsen v\u00e4gkant, i ett bostadsomr\u00e5de eller i ett ledningsdike f\u00e5r CH-L100 jobbet gjort. Med sitt frist\u00e5ende br\u00e4nslesystem beh\u00f6vs ingen extern str\u00f6mk\u00e4lla, vilket ger dig full flexibilitet p\u00e5 f\u00e4ltet.<\/p>\n<p data-start=\"1559\" data-end=\"1662\">Underh\u00e5llet \u00e4r enkelt och l\u00e4ttillg\u00e4ngligt, och reservdelar till Loncin-motorer finns i stor utstr\u00e4ckning tillg\u00e4ngliga globalt.<\/p>\n<h3 data-start=\"1669\" data-end=\"1722\">Viktiga egenskaper f\u00f6r CH-L100 bensindriven stamp<\/h3>\n<ul data-start=\"1724\" data-end=\"2011\">\n<li data-start=\"1724\" data-end=\"1772\">\n<p data-start=\"1726\" data-end=\"1772\">Drivs av en 4-takts Loncin-bensinmotor<\/p>\n<\/li>\n<li data-start=\"1773\" data-end=\"1842\">\n<p data-start=\"1775\" data-end=\"1842\">H\u00f6g b\u00e4rbarhet och anpassningsbarhet f\u00f6r byggarbetsplatser utanf\u00f6r eln\u00e4tet<\/p>\n<\/li>\n<li data-start=\"1843\" data-end=\"1915\">\n<p data-start=\"1845\" data-end=\"1915\">Ger effektiv komprimering f\u00f6r dikes-, grundl\u00e4ggnings- och reparationsarbeten<\/p>\n<\/li>\n<li data-start=\"1916\" data-end=\"1969\">\n<p data-start=\"1918\" data-end=\"1969\">L\u00e5g br\u00e4nslef\u00f6rbrukning med minimalt driftsbuller<\/p>\n<\/li>\n<li data-start=\"1970\" data-end=\"2011\">\n<p data-start=\"1972\" data-end=\"2011\">Slitstark design f\u00f6r l\u00e5ngvarig daglig anv\u00e4ndning<\/p>\n<\/li>\n<\/ul>\n<p><iframe title=\"komprimator,stamper,stamper,plattkomprimator,byggvibration,komprimatormaskin.#tamping\" width=\"720\" height=\"540\" src=\"https:\/\/www.youtube.com\/embed\/j8Nod6Mcz9w?feature=oembed\" frameborder=\"0\" allow=\"accelerometer; autoplay; clipboard-write; encrypted-media; gyroscope; picture-in-picture; web-share\" referrerpolicy=\"strict-origin-when-cross-origin\" allowfullscreen><\/iframe><\/p>","protected":false},"excerpt":{"rendered":"<p>CH-L100 bensindriven stamp anv\u00e4nder en Loncin-motor f\u00f6r att effektivt komprimera jorden p\u00e5 arbetsplatser utomhus. B\u00e4rbar, h\u00e5llbar och perfekt f\u00f6r dikes- och grundl\u00e4ggningsarbeten.<\/p>","protected":false},"featured_media":9071,"template":"","meta":{"_kad_post_transparent":"default","_kad_post_title":"","_kad_post_layout":"default","_kad_post_sidebar_id":"","_kad_post_content_style":"default","_kad_post_vertical_padding":"default","_kad_post_feature":"","_kad_post_feature_position":"","_kad_post_header":false,"_kad_post_footer":false},"product_brand":[],"product_cat":[83],"product_tag":[1060,1057,1058,1059,1051,1052,1056,1053,1055,1054],"class_list":{"0":"post-9070","1":"product","2":"type-product","3":"status-publish","4":"has-post-thumbnail","6":"product_cat-tamping-rammer","7":"product_tag-backfill-compactor-machine","8":"product_tag-diesel-tamping-rammer","9":"product_tag-earth-tamping-machine","10":"product_tag-handheld-tamping-rammer","11":"product_tag-impact-rammer","12":"product_tag-jumping-jack-compactor","13":"product_tag-petrol-tamping-rammer","14":"product_tag-plate-tamping-rammer","15":"product_tag-soil-compaction-rammer","16":"product_tag-vibratory-tamping-rammer","18":"first","19":"instock","20":"shipping-taxable","21":"product-type-simple","22":"entry","23":"content-bg","24":"loop-entry"},"yoast_head":"<!-- This site is optimized with the Yoast SEO plugin v25.3.1 - https:\/\/yoast.com\/wordpress\/plugins\/seo\/ -->\n<title>Tamping Rammer CH-L100 - HSY Construction Machinery<\/title>\n<meta name=\"description\" content=\"CH-L100 Tamping Rammer runs on a Loncin gasoline engine for soil compaction. Ideal for trench, foundation, and roadwork in off-grid construction areas.\" \/>\n<meta name=\"robots\" content=\"index, follow, max-snippet:-1, max-image-preview:large, max-video-preview:-1\" \/>\n<link rel=\"canonical\" href=\"https:\/\/www.hsymachinery.com\/sv\/produkt\/stampstamp-ch-l100\/\" \/>\n<meta property=\"og:locale\" content=\"sv_SE\" \/>\n<meta property=\"og:type\" content=\"article\" \/>\n<meta property=\"og:title\" content=\"Tamping Rammer CH-L100 - HSY Construction Machinery\" \/>\n<meta property=\"og:description\" content=\"CH-L100 Tamping Rammer runs on a Loncin gasoline engine for soil compaction. Ideal for trench, foundation, and roadwork in off-grid construction areas.\" \/>\n<meta property=\"og:url\" content=\"https:\/\/www.hsymachinery.com\/sv\/produkt\/stampstamp-ch-l100\/\" \/>\n<meta property=\"og:site_name\" content=\"HSY Construction Machinery\" \/>\n<meta property=\"article:modified_time\" content=\"2025-06-28T07:15:50+00:00\" \/>\n<meta property=\"og:image\" content=\"https:\/\/www.hsymachinery.com\/wp-content\/uploads\/2025\/06\/Tamping-Rammer-CH-L100.jpg\" \/>\n\t<meta property=\"og:image:width\" content=\"800\" \/>\n\t<meta property=\"og:image:height\" content=\"800\" \/>\n\t<meta property=\"og:image:type\" content=\"image\/jpeg\" \/>\n<meta name=\"twitter:card\" content=\"summary_large_image\" \/>\n<meta name=\"twitter:label1\" content=\"Ber\u00e4knad l\u00e4stid\" \/>\n\t<meta name=\"twitter:data1\" content=\"2 minuter\" \/>\n<script type=\"application\/ld+json\" class=\"yoast-schema-graph\">{\"@context\":\"https:\/\/schema.org\",\"@graph\":[{\"@type\":\"WebPage\",\"@id\":\"https:\/\/www.hsymachinery.com\/product\/tamping-rammer-ch-l100\/\",\"url\":\"https:\/\/www.hsymachinery.com\/product\/tamping-rammer-ch-l100\/\",\"name\":\"Tamping Rammer CH-L100 - HSY Construction Machinery\",\"isPartOf\":{\"@id\":\"https:\/\/www.hsymachinery.com\/#website\"},\"primaryImageOfPage\":{\"@id\":\"https:\/\/www.hsymachinery.com\/product\/tamping-rammer-ch-l100\/#primaryimage\"},\"image\":{\"@id\":\"https:\/\/www.hsymachinery.com\/product\/tamping-rammer-ch-l100\/#primaryimage\"},\"thumbnailUrl\":\"https:\/\/www.hsymachinery.com\/wp-content\/uploads\/2025\/06\/Tamping-Rammer-CH-L100.jpg\",\"datePublished\":\"2025-06-18T08:21:44+00:00\",\"dateModified\":\"2025-06-28T07:15:50+00:00\",\"description\":\"CH-L100 Tamping Rammer runs on a Loncin gasoline engine for soil compaction. Ideal for trench, foundation, and roadwork in off-grid construction areas.\",\"breadcrumb\":{\"@id\":\"https:\/\/www.hsymachinery.com\/product\/tamping-rammer-ch-l100\/#breadcrumb\"},\"inLanguage\":\"sv-SE\",\"potentialAction\":[{\"@type\":\"ReadAction\",\"target\":[\"https:\/\/www.hsymachinery.com\/product\/tamping-rammer-ch-l100\/\"]}]},{\"@type\":\"ImageObject\",\"inLanguage\":\"sv-SE\",\"@id\":\"https:\/\/www.hsymachinery.com\/product\/tamping-rammer-ch-l100\/#primaryimage\",\"url\":\"https:\/\/www.hsymachinery.com\/wp-content\/uploads\/2025\/06\/Tamping-Rammer-CH-L100.jpg\",\"contentUrl\":\"https:\/\/www.hsymachinery.com\/wp-content\/uploads\/2025\/06\/Tamping-Rammer-CH-L100.jpg\",\"width\":800,\"height\":800},{\"@type\":\"BreadcrumbList\",\"@id\":\"https:\/\/www.hsymachinery.com\/product\/tamping-rammer-ch-l100\/#breadcrumb\",\"itemListElement\":[{\"@type\":\"ListItem\",\"position\":1,\"name\":\"home\",\"item\":\"https:\/\/www.hsymachinery.com\/\"},{\"@type\":\"ListItem\",\"position\":2,\"name\":\"products\",\"item\":\"https:\/\/www.hsymachinery.com\/products\/\"},{\"@type\":\"ListItem\",\"position\":3,\"name\":\"Tamping Rammer CH-L100\"}]},{\"@type\":\"WebSite\",\"@id\":\"https:\/\/www.hsymachinery.com\/#website\",\"url\":\"https:\/\/www.hsymachinery.com\/\",\"name\":\"HSY Construction Machinery\",\"description\":\"HSY Machinery \u2013 A leading China construction machinery supplier, offering a wide range of light construction equipment. Our main products include Rebar Cutting Machine, Rebar Bending Machine, Rebar Stirrup Bending Machine, Rebar Arc Bending Machine, Rebar Straightening Machine, Five-Head Rebar Stirrup Bending Machine, Tamping Rammer, Plate Compactor, Concrete Cutter, Power Trowel, and other construction machinery. We are equipped with advanced CNC machines, and we enforce strict quality inspection standards along with comprehensive after-sales service. If you are interested in our products or services, we warmly welcome your inquiries via message.\",\"publisher\":{\"@id\":\"https:\/\/www.hsymachinery.com\/#organization\"},\"potentialAction\":[{\"@type\":\"SearchAction\",\"target\":{\"@type\":\"EntryPoint\",\"urlTemplate\":\"https:\/\/www.hsymachinery.com\/?s={search_term_string}\"},\"query-input\":{\"@type\":\"PropertyValueSpecification\",\"valueRequired\":true,\"valueName\":\"search_term_string\"}}],\"inLanguage\":\"sv-SE\"},{\"@type\":\"Organization\",\"@id\":\"https:\/\/www.hsymachinery.com\/#organization\",\"name\":\"HSY Construction Machinery\",\"url\":\"https:\/\/www.hsymachinery.com\/\",\"logo\":{\"@type\":\"ImageObject\",\"inLanguage\":\"sv-SE\",\"@id\":\"https:\/\/www.hsymachinery.com\/#\/schema\/logo\/image\/\",\"url\":\"https:\/\/www.hsymachinery.com\/wp-content\/uploads\/2025\/06\/cropped-HSY-machinery.png\",\"contentUrl\":\"https:\/\/www.hsymachinery.com\/wp-content\/uploads\/2025\/06\/cropped-HSY-machinery.png\",\"width\":600,\"height\":240,\"caption\":\"HSY Construction Machinery\"},\"image\":{\"@id\":\"https:\/\/www.hsymachinery.com\/#\/schema\/logo\/image\/\"}}]}<\/script>\n<!-- \/ Yoast SEO plugin. -->","yoast_head_json":{"title":"Stampst\u00e5ng CH-L100 - HSY Anl\u00e4ggningsmaskiner","description":"CH-L100 stampmaskin drivs av en Loncin-bensinmotor f\u00f6r markkomprimering. Idealisk f\u00f6r dikes-, grundl\u00e4ggnings- och v\u00e4garbeten i byggomr\u00e5den utanf\u00f6r eln\u00e4tet.","robots":{"index":"index","follow":"follow","max-snippet":"max-snippet:-1","max-image-preview":"max-image-preview:large","max-video-preview":"max-video-preview:-1"},"canonical":"https:\/\/www.hsymachinery.com\/sv\/produkt\/stampstamp-ch-l100\/","og_locale":"sv_SE","og_type":"article","og_title":"Tamping Rammer CH-L100 - HSY Construction Machinery","og_description":"CH-L100 Tamping Rammer runs on a Loncin gasoline engine for soil compaction. Ideal for trench, foundation, and roadwork in off-grid construction areas.","og_url":"https:\/\/www.hsymachinery.com\/sv\/produkt\/stampstamp-ch-l100\/","og_site_name":"HSY Construction Machinery","article_modified_time":"2025-06-28T07:15:50+00:00","og_image":[{"width":800,"height":800,"url":"https:\/\/www.hsymachinery.com\/wp-content\/uploads\/2025\/06\/Tamping-Rammer-CH-L100.jpg","type":"image\/jpeg"}],"twitter_card":"summary_large_image","twitter_misc":{"Ber\u00e4knad l\u00e4stid":"2 minuter"},"schema":{"@context":"https:\/\/schema.org","@graph":[{"@type":"WebPage","@id":"https:\/\/www.hsymachinery.com\/product\/tamping-rammer-ch-l100\/","url":"https:\/\/www.hsymachinery.com\/product\/tamping-rammer-ch-l100\/","name":"Stampst\u00e5ng CH-L100 - HSY Anl\u00e4ggningsmaskiner","isPartOf":{"@id":"https:\/\/www.hsymachinery.com\/#website"},"primaryImageOfPage":{"@id":"https:\/\/www.hsymachinery.com\/product\/tamping-rammer-ch-l100\/#primaryimage"},"image":{"@id":"https:\/\/www.hsymachinery.com\/product\/tamping-rammer-ch-l100\/#primaryimage"},"thumbnailUrl":"https:\/\/www.hsymachinery.com\/wp-content\/uploads\/2025\/06\/Tamping-Rammer-CH-L100.jpg","datePublished":"2025-06-18T08:21:44+00:00","dateModified":"2025-06-28T07:15:50+00:00","description":"CH-L100 stampmaskin drivs av en Loncin-bensinmotor f\u00f6r markkomprimering. Idealisk f\u00f6r dikes-, grundl\u00e4ggnings- och v\u00e4garbeten i byggomr\u00e5den utanf\u00f6r eln\u00e4tet.","breadcrumb":{"@id":"https:\/\/www.hsymachinery.com\/product\/tamping-rammer-ch-l100\/#breadcrumb"},"inLanguage":"sv-SE","potentialAction":[{"@type":"ReadAction","target":["https:\/\/www.hsymachinery.com\/product\/tamping-rammer-ch-l100\/"]}]},{"@type":"ImageObject","inLanguage":"sv-SE","@id":"https:\/\/www.hsymachinery.com\/product\/tamping-rammer-ch-l100\/#primaryimage","url":"https:\/\/www.hsymachinery.com\/wp-content\/uploads\/2025\/06\/Tamping-Rammer-CH-L100.jpg","contentUrl":"https:\/\/www.hsymachinery.com\/wp-content\/uploads\/2025\/06\/Tamping-Rammer-CH-L100.jpg","width":800,"height":800},{"@type":"BreadcrumbList","@id":"https:\/\/www.hsymachinery.com\/product\/tamping-rammer-ch-l100\/#breadcrumb","itemListElement":[{"@type":"ListItem","position":1,"name":"home","item":"https:\/\/www.hsymachinery.com\/"},{"@type":"ListItem","position":2,"name":"products","item":"https:\/\/www.hsymachinery.com\/products\/"},{"@type":"ListItem","position":3,"name":"Tamping Rammer CH-L100"}]},{"@type":"WebSite","@id":"https:\/\/www.hsymachinery.com\/#website","url":"https:\/\/www.hsymachinery.com\/","name":"HSY Anl\u00e4ggningsmaskiner","description":"HSY Machinery - En ledande leverant\u00f6r av byggmaskiner i Kina som erbjuder ett brett utbud av l\u00e4tt byggutrustning. V\u00e5ra huvudprodukter inkluderar sk\u00e4rmaskin f\u00f6r armering, bockningsmaskin f\u00f6r armering, bockningsmaskin f\u00f6r armeringsj\u00e4rn, bockningsmaskin f\u00f6r armeringsb\u00e5ge, bockningsmaskin f\u00f6r armering, bockningsmaskin f\u00f6r armeringsj\u00e4rn med fem huvuden, stampstamp, plattkomprimator, betongsk\u00e4rare, murspade och andra byggmaskiner. Vi \u00e4r utrustade med avancerade CNC-maskiner och vi till\u00e4mpar strikta kvalitetsinspektionsstandarder tillsammans med omfattande kundservice. Om du \u00e4r intresserad av v\u00e5ra produkter eller tj\u00e4nster, v\u00e4lkomnar vi varmt dina f\u00f6rfr\u00e5gningar via meddelande.","publisher":{"@id":"https:\/\/www.hsymachinery.com\/#organization"},"potentialAction":[{"@type":"SearchAction","target":{"@type":"EntryPoint","urlTemplate":"https:\/\/www.hsymachinery.com\/?s={search_term_string}"},"query-input":{"@type":"PropertyValueSpecification","valueRequired":true,"valueName":"search_term_string"}}],"inLanguage":"sv-SE"},{"@type":"Organization","@id":"https:\/\/www.hsymachinery.com\/#organization","name":"HSY Anl\u00e4ggningsmaskiner","url":"https:\/\/www.hsymachinery.com\/","logo":{"@type":"ImageObject","inLanguage":"sv-SE","@id":"https:\/\/www.hsymachinery.com\/#\/schema\/logo\/image\/","url":"https:\/\/www.hsymachinery.com\/wp-content\/uploads\/2025\/06\/cropped-HSY-machinery.png","contentUrl":"https:\/\/www.hsymachinery.com\/wp-content\/uploads\/2025\/06\/cropped-HSY-machinery.png","width":600,"height":240,"caption":"HSY Construction Machinery"},"image":{"@id":"https:\/\/www.hsymachinery.com\/#\/schema\/logo\/image\/"}}]}},"_links":{"self":[{"href":"https:\/\/www.hsymachinery.com\/sv\/wp-json\/wp\/v2\/product\/9070","targetHints":{"allow":["GET"]}}],"collection":[{"href":"https:\/\/www.hsymachinery.com\/sv\/wp-json\/wp\/v2\/product"}],"about":[{"href":"https:\/\/www.hsymachinery.com\/sv\/wp-json\/wp\/v2\/types\/product"}],"version-history":[{"count":3,"href":"https:\/\/www.hsymachinery.com\/sv\/wp-json\/wp\/v2\/product\/9070\/revisions"}],"predecessor-version":[{"id":9497,"href":"https:\/\/www.hsymachinery.com\/sv\/wp-json\/wp\/v2\/product\/9070\/revisions\/9497"}],"wp:featuredmedia":[{"embeddable":true,"href":"https:\/\/www.hsymachinery.com\/sv\/wp-json\/wp\/v2\/media\/9071"}],"wp:attachment":[{"href":"https:\/\/www.hsymachinery.com\/sv\/wp-json\/wp\/v2\/media?parent=9070"}],"wp:term":[{"taxonomy":"product_brand","embeddable":true,"href":"https:\/\/www.hsymachinery.com\/sv\/wp-json\/wp\/v2\/product_brand?post=9070"},{"taxonomy":"product_cat","embeddable":true,"href":"https:\/\/www.hsymachinery.com\/sv\/wp-json\/wp\/v2\/product_cat?post=9070"},{"taxonomy":"product_tag","embeddable":true,"href":"https:\/\/www.hsymachinery.com\/sv\/wp-json\/wp\/v2\/product_tag?post=9070"}],"curies":[{"name":"wp","href":"https:\/\/api.w.org\/{rel}","templated":true}]}}