{"id":9046,"date":"2025-06-18T15:34:18","date_gmt":"2025-06-18T07:34:18","guid":{"rendered":"https:\/\/www.hsymachinery.com\/?post_type=product&#038;p=9046"},"modified":"2025-06-28T13:40:23","modified_gmt":"2025-06-28T05:40:23","slug":"automatisk-stigbygelbockningsmaskin-stwq4-14a","status":"publish","type":"product","link":"https:\/\/www.hsymachinery.com\/sv\/produkt\/automatisk-stigbygelbockningsmaskin-stwq4-14a\/","title":{"rendered":"Automatisk bockningsmaskin f\u00f6r bygel STWQ4-14A"},"content":{"rendered":"<h2 data-start=\"114\" data-end=\"165\">Automatisk bockningsmaskin f\u00f6r bygel STWQ4-14A<\/h2>\n<h3 data-start=\"166\" data-end=\"276\">STWQ4-14A CNC Coil Rebar Stirrup Bender | Automatiskt st\u00e5lst\u00e5ngsb\u00f6jningssystem f\u00f6r 4-12 mm armeringsj\u00e4rn<\/h3>\n<h3 data-start=\"283\" data-end=\"357\">Produkt\u00f6versikt - H\u00f6gpresterande bygelformning fr\u00e5n armeringsrullar<a href=\"https:\/\/www.hsymachinery.com\/sv\/produkter\/automatisk-stigbygelbockningsmaskin\/\" target=\"_blank\" rel=\"noopener\"><img fetchpriority=\"high\" decoding=\"async\" class=\"wp-image-9047 alignright\" src=\"https:\/\/www.hsymachinery.com\/wp-content\/uploads\/2025\/06\/Automatic-Stirrup-Bending-Machine-STWQ4-14A-parameter-300x300.jpg\" alt=\"\" width=\"498\" height=\"498\" srcset=\"https:\/\/www.hsymachinery.com\/wp-content\/uploads\/2025\/06\/Automatic-Stirrup-Bending-Machine-STWQ4-14A-parameter-300x300.jpg 300w, https:\/\/www.hsymachinery.com\/wp-content\/uploads\/2025\/06\/Automatic-Stirrup-Bending-Machine-STWQ4-14A-parameter-150x150.jpg 150w, https:\/\/www.hsymachinery.com\/wp-content\/uploads\/2025\/06\/Automatic-Stirrup-Bending-Machine-STWQ4-14A-parameter-100x100.jpg 100w, https:\/\/www.hsymachinery.com\/wp-content\/uploads\/2025\/06\/Automatic-Stirrup-Bending-Machine-STWQ4-14A-parameter.jpg 600w\" sizes=\"(max-width: 498px) 100vw, 498px\" \/><\/a><\/h3>\n<p data-start=\"359\" data-end=\"760\">Den <strong data-start=\"363\" data-end=\"410\">Automatisk bockningsmaskin f\u00f6r bygel STWQ4-14A<\/strong> \u00e4r en kraftfull, CNC-styrd maskin som \u00e4r konstruerad f\u00f6r att bearbeta 4 mm till 12 mm lindat armeringsj\u00e4rn till olika bygelformer med exceptionell noggrannhet. Den h\u00e4r modellen \u00e4r idealisk f\u00f6r prefabricerade betongfabriker, motorv\u00e4gs- och brobyggen och h\u00f6gkapacitetscenter f\u00f6r tillverkning av armeringsj\u00e4rn som kr\u00e4ver kontinuerlig, automatiserad produktion med minimal arbetsinsats.<\/p>\n<p data-start=\"762\" data-end=\"901\">Med sitt ut\u00f6kade bearbetningsomr\u00e5de och intelligenta automatisering hanterar den effektivt stora arbetsbelastningar samtidigt som den h\u00e5ller j\u00e4mn kvalitet.<\/p>\n<h3 data-start=\"908\" data-end=\"966\">Ut\u00f6kad diameterkapacitet med smart CNC-styrning<\/h3>\n<p data-start=\"968\" data-end=\"1298\">STWQ4-14A \u00e4r utrustad med ett servomotordrivet system och ett programmerbart CNC-gr\u00e4nssnitt som g\u00f6r det m\u00f6jligt f\u00f6r anv\u00e4ndaren att mata in komplexa geometrier f\u00f6r stigbyglar med enkla peksk\u00e4rmsoperationer. Maskinen utf\u00f6r automatisk matning, r\u00e4tning, kapning och flervinkelbockning, vilket effektiviserar hela processen fr\u00e5n b\u00f6rjan till slut.<\/p>\n<p data-start=\"1300\" data-end=\"1469\">Den integrerade rullriktningsmekanismen s\u00e4kerst\u00e4ller exakt uppriktning, medan precisionsbockningssystemet ger skarpa, rena vinklar \u00e4ven p\u00e5 tjockare st\u00e5lst\u00e4nger.<\/p>\n<h3 data-start=\"1476\" data-end=\"1525\">Robust struktur med exportmogen sp\u00e4nning<\/h3>\n<p data-start=\"1527\" data-end=\"1851\">STWQ4-14A \u00e4r byggd f\u00f6r att klara tunga cykler och \u00e4r inrymd i en f\u00f6rst\u00e4rkt st\u00e5lram av industriell kvalitet som \u00e4r utformad f\u00f6r att motst\u00e5 mekanisk belastning under h\u00f6ghastighetsdrift. Den har ett centralt sm\u00f6rjsystem, fellarm och drivs p\u00e5 380V\/50Hz, med m\u00f6jlighet till anpassning f\u00f6r internationella kunder.<\/p>\n<p data-start=\"1853\" data-end=\"1963\">Den h\u00e4r maskinen har en kompakt design men h\u00f6g kapacitet och kan enkelt anpassas till fabrikslayouter och exportkrav.<\/p>\n<h3 data-start=\"1970\" data-end=\"2022\">Viktiga egenskaper hos STWQ4-14A Bender f\u00f6r armeringsj\u00e4rn<\/h3>\n<ul data-start=\"2024\" data-end=\"2329\">\n<li data-start=\"2024\" data-end=\"2085\">\n<p data-start=\"2026\" data-end=\"2085\">Bearbetar automatiskt 4-12 mm lindad armeringsst\u00e5ng till stigbyglar<\/p>\n<\/li>\n<li data-start=\"2086\" data-end=\"2144\">\n<p data-start=\"2088\" data-end=\"2144\">Med CNC-peksk\u00e4rmskontroll f\u00f6r programmering av form<\/p>\n<\/li>\n<li data-start=\"2145\" data-end=\"2206\">\n<p data-start=\"2147\" data-end=\"2206\">Servodrivet system ger snabb och exakt prestanda<\/p>\n<\/li>\n<li data-start=\"2207\" data-end=\"2270\">\n<p data-start=\"2209\" data-end=\"2270\">Slitstark ram med centraliserad sm\u00f6rjning och feldiagnostik<\/p>\n<\/li>\n<li data-start=\"2271\" data-end=\"2329\">\n<p data-start=\"2273\" data-end=\"2329\">Exportkompatibel sp\u00e4nning f\u00f6r internationell drifts\u00e4ttning<\/p>\n<\/li>\n<\/ul>\n<p><iframe title=\"Stirrup bockningsmaskin, rebar bockningsmaskin, rebar stirrup bockare, st\u00e5lst\u00e5ng bockningsmaskin\" width=\"720\" height=\"405\" src=\"https:\/\/www.youtube.com\/embed\/nJ3TTscPlaE?feature=oembed\" frameborder=\"0\" allow=\"accelerometer; autoplay; clipboard-write; encrypted-media; gyroscope; picture-in-picture; web-share\" referrerpolicy=\"strict-origin-when-cross-origin\" allowfullscreen><\/iframe><\/p>","protected":false},"excerpt":{"rendered":"<p>STWQ4-14A bockar 4-12 mm armeringsj\u00e4rn till exakta stigbyglar med hj\u00e4lp av CNC-automatisering. H\u00f6g kapacitet, l\u00e5gt underh\u00e5llsbehov och idealisk f\u00f6r prefabricerade konstruktioner.<\/p>","protected":false},"featured_media":9048,"template":"","meta":{"_kad_post_transparent":"default","_kad_post_title":"","_kad_post_layout":"default","_kad_post_sidebar_id":"","_kad_post_content_style":"default","_kad_post_vertical_padding":"default","_kad_post_feature":"","_kad_post_feature_position":"","_kad_post_header":false,"_kad_post_footer":false},"product_brand":[],"product_cat":[61],"product_tag":[998,1043,1042,1044,1046,1048,1045,1050,1047,1049],"class_list":{"0":"post-9046","1":"product","2":"type-product","3":"status-publish","4":"has-post-thumbnail","6":"product_cat-automatic-stirrup-bending-machine","7":"product_tag-automatic-rebar-bending-machine","8":"product_tag-automatic-rebar-stirrup-bending-and-cutting-machine","9":"product_tag-cnc-automatic-stirrup-bending-and-cutting-machine","10":"product_tag-cnc-stirrup-bending-machine","11":"product_tag-rebar-stirrup-making-machine","12":"product_tag-reinforcement-bar-stirrup-bender","13":"product_tag-steel-bar-stirrup-bender","14":"product_tag-stirrup-bender-for-construction-steel","15":"product_tag-stirrup-forming-machine","16":"product_tag-wire-stirrup-bending-equipment","18":"first","19":"instock","20":"shipping-taxable","21":"product-type-simple","22":"entry","23":"content-bg","24":"loop-entry"},"yoast_head":"<!-- This site is optimized with the Yoast SEO plugin v25.3.1 - https:\/\/yoast.com\/wordpress\/plugins\/seo\/ -->\n<title>Automatic Stirrup Bending Machine STWQ4-14A - HSY Construction Machinery<\/title>\n<meta name=\"description\" content=\"Automatic Stirrup Bending Machine STWQ4-14A bends 4\u201312mm coiled steel bars into stirrups. Fast, accurate, and built for industrial and export applications.\" \/>\n<meta name=\"robots\" content=\"index, follow, max-snippet:-1, max-image-preview:large, max-video-preview:-1\" \/>\n<link rel=\"canonical\" href=\"https:\/\/www.hsymachinery.com\/sv\/produkt\/automatisk-stigbygelbockningsmaskin-stwq4-14a\/\" \/>\n<meta property=\"og:locale\" content=\"sv_SE\" \/>\n<meta property=\"og:type\" content=\"article\" \/>\n<meta property=\"og:title\" content=\"Automatic Stirrup Bending Machine STWQ4-14A - HSY Construction Machinery\" \/>\n<meta property=\"og:description\" content=\"Automatic Stirrup Bending Machine STWQ4-14A bends 4\u201312mm coiled steel bars into stirrups. Fast, accurate, and built for industrial and export applications.\" \/>\n<meta property=\"og:url\" content=\"https:\/\/www.hsymachinery.com\/sv\/produkt\/automatisk-stigbygelbockningsmaskin-stwq4-14a\/\" \/>\n<meta property=\"og:site_name\" content=\"HSY Construction Machinery\" \/>\n<meta property=\"article:modified_time\" content=\"2025-06-28T05:40:23+00:00\" \/>\n<meta property=\"og:image\" content=\"https:\/\/www.hsymachinery.com\/wp-content\/uploads\/2025\/06\/Automatic-Stirrup-Bending-Machine-STWQ4-14A.jpg\" \/>\n\t<meta property=\"og:image:width\" content=\"600\" \/>\n\t<meta property=\"og:image:height\" content=\"600\" \/>\n\t<meta property=\"og:image:type\" content=\"image\/jpeg\" \/>\n<meta name=\"twitter:card\" content=\"summary_large_image\" \/>\n<meta name=\"twitter:label1\" content=\"Ber\u00e4knad l\u00e4stid\" \/>\n\t<meta name=\"twitter:data1\" content=\"2 minuter\" \/>\n<script type=\"application\/ld+json\" class=\"yoast-schema-graph\">{\"@context\":\"https:\/\/schema.org\",\"@graph\":[{\"@type\":\"WebPage\",\"@id\":\"https:\/\/www.hsymachinery.com\/product\/automatic-stirrup-bending-machine-stwq4-14a\/\",\"url\":\"https:\/\/www.hsymachinery.com\/product\/automatic-stirrup-bending-machine-stwq4-14a\/\",\"name\":\"Automatic Stirrup Bending Machine STWQ4-14A - HSY Construction Machinery\",\"isPartOf\":{\"@id\":\"https:\/\/www.hsymachinery.com\/#website\"},\"primaryImageOfPage\":{\"@id\":\"https:\/\/www.hsymachinery.com\/product\/automatic-stirrup-bending-machine-stwq4-14a\/#primaryimage\"},\"image\":{\"@id\":\"https:\/\/www.hsymachinery.com\/product\/automatic-stirrup-bending-machine-stwq4-14a\/#primaryimage\"},\"thumbnailUrl\":\"https:\/\/www.hsymachinery.com\/wp-content\/uploads\/2025\/06\/Automatic-Stirrup-Bending-Machine-STWQ4-14A.jpg\",\"datePublished\":\"2025-06-18T07:34:18+00:00\",\"dateModified\":\"2025-06-28T05:40:23+00:00\",\"description\":\"Automatic Stirrup Bending Machine STWQ4-14A bends 4\u201312mm coiled steel bars into stirrups. Fast, accurate, and built for industrial and export applications.\",\"breadcrumb\":{\"@id\":\"https:\/\/www.hsymachinery.com\/product\/automatic-stirrup-bending-machine-stwq4-14a\/#breadcrumb\"},\"inLanguage\":\"sv-SE\",\"potentialAction\":[{\"@type\":\"ReadAction\",\"target\":[\"https:\/\/www.hsymachinery.com\/product\/automatic-stirrup-bending-machine-stwq4-14a\/\"]}]},{\"@type\":\"ImageObject\",\"inLanguage\":\"sv-SE\",\"@id\":\"https:\/\/www.hsymachinery.com\/product\/automatic-stirrup-bending-machine-stwq4-14a\/#primaryimage\",\"url\":\"https:\/\/www.hsymachinery.com\/wp-content\/uploads\/2025\/06\/Automatic-Stirrup-Bending-Machine-STWQ4-14A.jpg\",\"contentUrl\":\"https:\/\/www.hsymachinery.com\/wp-content\/uploads\/2025\/06\/Automatic-Stirrup-Bending-Machine-STWQ4-14A.jpg\",\"width\":600,\"height\":600},{\"@type\":\"BreadcrumbList\",\"@id\":\"https:\/\/www.hsymachinery.com\/product\/automatic-stirrup-bending-machine-stwq4-14a\/#breadcrumb\",\"itemListElement\":[{\"@type\":\"ListItem\",\"position\":1,\"name\":\"home\",\"item\":\"https:\/\/www.hsymachinery.com\/\"},{\"@type\":\"ListItem\",\"position\":2,\"name\":\"products\",\"item\":\"https:\/\/www.hsymachinery.com\/products\/\"},{\"@type\":\"ListItem\",\"position\":3,\"name\":\"Automatic Stirrup Bending Machine STWQ4-14A\"}]},{\"@type\":\"WebSite\",\"@id\":\"https:\/\/www.hsymachinery.com\/#website\",\"url\":\"https:\/\/www.hsymachinery.com\/\",\"name\":\"HSY Construction Machinery\",\"description\":\"HSY Machinery \u2013 A leading China construction machinery supplier, offering a wide range of light construction equipment. Our main products include Rebar Cutting Machine, Rebar Bending Machine, Rebar Stirrup Bending Machine, Rebar Arc Bending Machine, Rebar Straightening Machine, Five-Head Rebar Stirrup Bending Machine, Tamping Rammer, Plate Compactor, Concrete Cutter, Power Trowel, and other construction machinery. We are equipped with advanced CNC machines, and we enforce strict quality inspection standards along with comprehensive after-sales service. If you are interested in our products or services, we warmly welcome your inquiries via message.\",\"publisher\":{\"@id\":\"https:\/\/www.hsymachinery.com\/#organization\"},\"potentialAction\":[{\"@type\":\"SearchAction\",\"target\":{\"@type\":\"EntryPoint\",\"urlTemplate\":\"https:\/\/www.hsymachinery.com\/?s={search_term_string}\"},\"query-input\":{\"@type\":\"PropertyValueSpecification\",\"valueRequired\":true,\"valueName\":\"search_term_string\"}}],\"inLanguage\":\"sv-SE\"},{\"@type\":\"Organization\",\"@id\":\"https:\/\/www.hsymachinery.com\/#organization\",\"name\":\"HSY Construction Machinery\",\"url\":\"https:\/\/www.hsymachinery.com\/\",\"logo\":{\"@type\":\"ImageObject\",\"inLanguage\":\"sv-SE\",\"@id\":\"https:\/\/www.hsymachinery.com\/#\/schema\/logo\/image\/\",\"url\":\"https:\/\/www.hsymachinery.com\/wp-content\/uploads\/2025\/06\/cropped-HSY-machinery.png\",\"contentUrl\":\"https:\/\/www.hsymachinery.com\/wp-content\/uploads\/2025\/06\/cropped-HSY-machinery.png\",\"width\":600,\"height\":240,\"caption\":\"HSY Construction Machinery\"},\"image\":{\"@id\":\"https:\/\/www.hsymachinery.com\/#\/schema\/logo\/image\/\"}}]}<\/script>\n<!-- \/ Yoast SEO plugin. -->","yoast_head_json":{"title":"Automatisk bockningsmaskin f\u00f6r stigbyglar STWQ4-14A - HSY Construction Machinery","description":"Den automatiska bygelbockningsmaskinen STWQ4-14A bockar 4-12 mm upprullade st\u00e5lst\u00e4nger till byglar. Snabb, exakt och byggd f\u00f6r industri- och exporttill\u00e4mpningar.","robots":{"index":"index","follow":"follow","max-snippet":"max-snippet:-1","max-image-preview":"max-image-preview:large","max-video-preview":"max-video-preview:-1"},"canonical":"https:\/\/www.hsymachinery.com\/sv\/produkt\/automatisk-stigbygelbockningsmaskin-stwq4-14a\/","og_locale":"sv_SE","og_type":"article","og_title":"Automatic Stirrup Bending Machine STWQ4-14A - HSY Construction Machinery","og_description":"Automatic Stirrup Bending Machine STWQ4-14A bends 4\u201312mm coiled steel bars into stirrups. Fast, accurate, and built for industrial and export applications.","og_url":"https:\/\/www.hsymachinery.com\/sv\/produkt\/automatisk-stigbygelbockningsmaskin-stwq4-14a\/","og_site_name":"HSY Construction Machinery","article_modified_time":"2025-06-28T05:40:23+00:00","og_image":[{"width":600,"height":600,"url":"https:\/\/www.hsymachinery.com\/wp-content\/uploads\/2025\/06\/Automatic-Stirrup-Bending-Machine-STWQ4-14A.jpg","type":"image\/jpeg"}],"twitter_card":"summary_large_image","twitter_misc":{"Ber\u00e4knad l\u00e4stid":"2 minuter"},"schema":{"@context":"https:\/\/schema.org","@graph":[{"@type":"WebPage","@id":"https:\/\/www.hsymachinery.com\/product\/automatic-stirrup-bending-machine-stwq4-14a\/","url":"https:\/\/www.hsymachinery.com\/product\/automatic-stirrup-bending-machine-stwq4-14a\/","name":"Automatisk bockningsmaskin f\u00f6r stigbyglar STWQ4-14A - HSY Construction Machinery","isPartOf":{"@id":"https:\/\/www.hsymachinery.com\/#website"},"primaryImageOfPage":{"@id":"https:\/\/www.hsymachinery.com\/product\/automatic-stirrup-bending-machine-stwq4-14a\/#primaryimage"},"image":{"@id":"https:\/\/www.hsymachinery.com\/product\/automatic-stirrup-bending-machine-stwq4-14a\/#primaryimage"},"thumbnailUrl":"https:\/\/www.hsymachinery.com\/wp-content\/uploads\/2025\/06\/Automatic-Stirrup-Bending-Machine-STWQ4-14A.jpg","datePublished":"2025-06-18T07:34:18+00:00","dateModified":"2025-06-28T05:40:23+00:00","description":"Den automatiska bygelbockningsmaskinen STWQ4-14A bockar 4-12 mm upprullade st\u00e5lst\u00e4nger till byglar. Snabb, exakt och byggd f\u00f6r industri- och exporttill\u00e4mpningar.","breadcrumb":{"@id":"https:\/\/www.hsymachinery.com\/product\/automatic-stirrup-bending-machine-stwq4-14a\/#breadcrumb"},"inLanguage":"sv-SE","potentialAction":[{"@type":"ReadAction","target":["https:\/\/www.hsymachinery.com\/product\/automatic-stirrup-bending-machine-stwq4-14a\/"]}]},{"@type":"ImageObject","inLanguage":"sv-SE","@id":"https:\/\/www.hsymachinery.com\/product\/automatic-stirrup-bending-machine-stwq4-14a\/#primaryimage","url":"https:\/\/www.hsymachinery.com\/wp-content\/uploads\/2025\/06\/Automatic-Stirrup-Bending-Machine-STWQ4-14A.jpg","contentUrl":"https:\/\/www.hsymachinery.com\/wp-content\/uploads\/2025\/06\/Automatic-Stirrup-Bending-Machine-STWQ4-14A.jpg","width":600,"height":600},{"@type":"BreadcrumbList","@id":"https:\/\/www.hsymachinery.com\/product\/automatic-stirrup-bending-machine-stwq4-14a\/#breadcrumb","itemListElement":[{"@type":"ListItem","position":1,"name":"home","item":"https:\/\/www.hsymachinery.com\/"},{"@type":"ListItem","position":2,"name":"products","item":"https:\/\/www.hsymachinery.com\/products\/"},{"@type":"ListItem","position":3,"name":"Automatic Stirrup Bending Machine STWQ4-14A"}]},{"@type":"WebSite","@id":"https:\/\/www.hsymachinery.com\/#website","url":"https:\/\/www.hsymachinery.com\/","name":"HSY Anl\u00e4ggningsmaskiner","description":"HSY Machinery - En ledande leverant\u00f6r av byggmaskiner i Kina som erbjuder ett brett utbud av l\u00e4tt byggutrustning. V\u00e5ra huvudprodukter inkluderar sk\u00e4rmaskin f\u00f6r armering, bockningsmaskin f\u00f6r armering, bockningsmaskin f\u00f6r armeringsj\u00e4rn, bockningsmaskin f\u00f6r armeringsb\u00e5ge, bockningsmaskin f\u00f6r armering, bockningsmaskin f\u00f6r armeringsj\u00e4rn med fem huvuden, stampstamp, plattkomprimator, betongsk\u00e4rare, murspade och andra byggmaskiner. Vi \u00e4r utrustade med avancerade CNC-maskiner och vi till\u00e4mpar strikta kvalitetsinspektionsstandarder tillsammans med omfattande kundservice. Om du \u00e4r intresserad av v\u00e5ra produkter eller tj\u00e4nster, v\u00e4lkomnar vi varmt dina f\u00f6rfr\u00e5gningar via meddelande.","publisher":{"@id":"https:\/\/www.hsymachinery.com\/#organization"},"potentialAction":[{"@type":"SearchAction","target":{"@type":"EntryPoint","urlTemplate":"https:\/\/www.hsymachinery.com\/?s={search_term_string}"},"query-input":{"@type":"PropertyValueSpecification","valueRequired":true,"valueName":"search_term_string"}}],"inLanguage":"sv-SE"},{"@type":"Organization","@id":"https:\/\/www.hsymachinery.com\/#organization","name":"HSY Anl\u00e4ggningsmaskiner","url":"https:\/\/www.hsymachinery.com\/","logo":{"@type":"ImageObject","inLanguage":"sv-SE","@id":"https:\/\/www.hsymachinery.com\/#\/schema\/logo\/image\/","url":"https:\/\/www.hsymachinery.com\/wp-content\/uploads\/2025\/06\/cropped-HSY-machinery.png","contentUrl":"https:\/\/www.hsymachinery.com\/wp-content\/uploads\/2025\/06\/cropped-HSY-machinery.png","width":600,"height":240,"caption":"HSY Construction Machinery"},"image":{"@id":"https:\/\/www.hsymachinery.com\/#\/schema\/logo\/image\/"}}]}},"_links":{"self":[{"href":"https:\/\/www.hsymachinery.com\/sv\/wp-json\/wp\/v2\/product\/9046","targetHints":{"allow":["GET"]}}],"collection":[{"href":"https:\/\/www.hsymachinery.com\/sv\/wp-json\/wp\/v2\/product"}],"about":[{"href":"https:\/\/www.hsymachinery.com\/sv\/wp-json\/wp\/v2\/types\/product"}],"version-history":[{"count":4,"href":"https:\/\/www.hsymachinery.com\/sv\/wp-json\/wp\/v2\/product\/9046\/revisions"}],"predecessor-version":[{"id":9480,"href":"https:\/\/www.hsymachinery.com\/sv\/wp-json\/wp\/v2\/product\/9046\/revisions\/9480"}],"wp:featuredmedia":[{"embeddable":true,"href":"https:\/\/www.hsymachinery.com\/sv\/wp-json\/wp\/v2\/media\/9048"}],"wp:attachment":[{"href":"https:\/\/www.hsymachinery.com\/sv\/wp-json\/wp\/v2\/media?parent=9046"}],"wp:term":[{"taxonomy":"product_brand","embeddable":true,"href":"https:\/\/www.hsymachinery.com\/sv\/wp-json\/wp\/v2\/product_brand?post=9046"},{"taxonomy":"product_cat","embeddable":true,"href":"https:\/\/www.hsymachinery.com\/sv\/wp-json\/wp\/v2\/product_cat?post=9046"},{"taxonomy":"product_tag","embeddable":true,"href":"https:\/\/www.hsymachinery.com\/sv\/wp-json\/wp\/v2\/product_tag?post=9046"}],"curies":[{"name":"wp","href":"https:\/\/api.w.org\/{rel}","templated":true}]}}