{"id":9001,"date":"2025-06-18T12:40:00","date_gmt":"2025-06-18T04:40:00","guid":{"rendered":"https:\/\/www.hsymachinery.com\/?post_type=product&#038;p=9001"},"modified":"2025-06-27T23:44:12","modified_gmt":"2025-06-27T15:44:12","slug":"maskin-for-riktning-av-armeringsjarn-gtd4-10a","status":"publish","type":"product","link":"https:\/\/www.hsymachinery.com\/sv\/produkt\/maskin-for-riktning-av-armeringsjarn-gtd4-10a\/","title":{"rendered":"Riktmaskin f\u00f6r armeringsj\u00e4rn GTD4-10A"},"content":{"rendered":"<h2 data-start=\"120\" data-end=\"164\">Riktmaskin f\u00f6r armeringsj\u00e4rn GTD4-10A<\/h2>\n<h3 data-start=\"165\" data-end=\"294\">GTD4-10A Automatisk armeringsriktare f\u00f6r 4-10 mm st\u00e5lst\u00e4nger | H\u00f6ghastighetsriktmaskin f\u00f6r st\u00e5lst\u00e4nger f\u00f6r byggnadsbruk<\/h3>\n<h3 data-start=\"301\" data-end=\"401\">Produkt\u00f6versikt - Snabb och exakt riktning av armeringsj\u00e4rn f\u00f6r byggarbetsplatser och tillverkningsanl\u00e4ggningar<\/h3>\n<p data-start=\"403\" data-end=\"699\">Den <strong data-start=\"407\" data-end=\"447\"><a href=\"https:\/\/www.hsymachinery.com\/sv\/produkter\/maskin-for-ratning-av-armeringsjarn\/\" target=\"_blank\" rel=\"noopener\">Maskin f\u00f6r r\u00e4tning av armeringsj\u00e4rn<\/a> GTD4-10A<\/strong> \u00e4r byggd f\u00f6r att r\u00e4ta ut <strong data-start=\"471\" data-end=\"506\">St\u00e5lst\u00e4nger med diameter 4 mm till 10 mm<\/strong> med snabbhet och noggrannhet. Oavsett om du arbetar i en anl\u00e4ggning f\u00f6r tillverkning av armeringsj\u00e4rn eller p\u00e5 en byggarbetsplats hj\u00e4lper den h\u00e4r maskinen dig att effektivisera processen f\u00f6r beredning av armeringsj\u00e4rn och f\u00f6rb\u00e4ttra materialets konsistens.<\/p>\n<p data-start=\"701\" data-end=\"834\">Den avl\u00e4gsnar deformation, spolminne och b\u00f6jningar fr\u00e5n kallvalsad eller varmvalsad armeringsj\u00e4rn och f\u00f6rbereder den f\u00f6r kapning, svetsning eller placering.<\/p>\n<h3 data-start=\"841\" data-end=\"895\">J\u00e4mn riktning med justerbar matningshastighet<\/h3>\n<p data-start=\"897\" data-end=\"1163\">Du kan justera r\u00e4tvalsarna s\u00e5 att de passar olika storlekar p\u00e5 st\u00e5lst\u00e4ngerna, vilket ger flexibel anv\u00e4ndning f\u00f6r alla typer av armeringsj\u00e4rn. Den elektriska motorn med koppark\u00e4rna genererar en j\u00e4mn dragkraft, vilket s\u00e4kerst\u00e4ller att st\u00e5ngen kommer ut helt rak utan kvarvarande b\u00f6jning.<\/p>\n<p data-start=\"1165\" data-end=\"1380\">GTD4-10A har ocks\u00e5 ett slitstarkt dragkraftssystem och justerbar hastighetskontroll, vilket ger dig full kontroll \u00f6ver bearbetningstakten. Detta resulterar i rakare st\u00e4nger med minimal arbetsinsats och h\u00f6gre produktion.<\/p>\n<h3 data-start=\"1387\" data-end=\"1432\">Kompakt, t\u00e5lig och redo f\u00f6r export<\/h3>\n<p data-start=\"1434\" data-end=\"1761\">Maskinen \u00e4r byggd med ett f\u00f6rst\u00e4rkt st\u00e5lchassi som motst\u00e5r vibrationer och slitage under kontinuerlig drift. Det kompakta fotavtrycket g\u00f6r att den passar in i sm\u00e5 verkst\u00e4der eller enkelt kan transporteras till arbetsplatser. Den st\u00f6der sp\u00e4nning p\u00e5 220V eller 380V (50Hz\/60Hz), vilket uppfyller str\u00f6mkraven f\u00f6r b\u00e5de lokala och internationella anv\u00e4ndare.<\/p>\n<p data-start=\"1763\" data-end=\"1876\">GTD4-10A ger tillf\u00f6rlitliga resultat om du snabbt och exakt vill rikta upp lindade st\u00e5lst\u00e4nger.<\/p>\n<h3 data-start=\"1883\" data-end=\"1941\">Viktiga egenskaper f\u00f6r Armeringst\u00e5ng GTD4-10A<\/h3>\n<ul data-start=\"1943\" data-end=\"2184\">\n<li data-start=\"1943\" data-end=\"2005\">\n<p data-start=\"1945\" data-end=\"2005\">R\u00e4tar ut 4-10 mm rund armeringsst\u00e5ng fr\u00e5n coil eller f\u00f6rbockat material<\/p>\n<\/li>\n<li data-start=\"2006\" data-end=\"2069\">\n<p data-start=\"2008\" data-end=\"2069\">Idealisk f\u00f6r byggarbetsplatser, armeringsvarv och prefabricerade verkst\u00e4der<\/p>\n<\/li>\n<li data-start=\"2070\" data-end=\"2124\">\n<p data-start=\"2072\" data-end=\"2124\">Justerbara riktvalsar och hastighetsreglering<\/p>\n<\/li>\n<li data-start=\"2125\" data-end=\"2184\">\n<p data-start=\"2127\" data-end=\"2184\">Exportv\u00e4nlig sp\u00e4nning och kompakt design f\u00f6r mobilitet<\/p>\n<\/li>\n<\/ul>\n<p><iframe title=\"#konstruktion #rebarmaskin #rebarb\u00f6jning #rebarsk\u00e4rning #rebarsk\u00e4rningsmaskin\" width=\"720\" height=\"405\" src=\"https:\/\/www.youtube.com\/embed\/YnqPtwSEoVw?feature=oembed\" frameborder=\"0\" allow=\"accelerometer; autoplay; clipboard-write; encrypted-media; gyroscope; picture-in-picture; web-share\" referrerpolicy=\"strict-origin-when-cross-origin\" allowfullscreen><\/iframe><\/p>","protected":false},"excerpt":{"rendered":"<p>Rebar Straightening Machine GTD4-10A r\u00e4tar effektivt 4-10 mm st\u00e5lst\u00e4nger. Den har justerbar hastighet, h\u00f6g noggrannhet och en kompakt ram f\u00f6r anv\u00e4ndning p\u00e5 arbetsplatsen eller i verkstaden.<\/p>","protected":false},"featured_media":9002,"template":"","meta":{"_kad_post_transparent":"default","_kad_post_title":"","_kad_post_layout":"default","_kad_post_sidebar_id":"","_kad_post_content_style":"default","_kad_post_vertical_padding":"default","_kad_post_feature":"","_kad_post_feature_position":"","_kad_post_header":false,"_kad_post_footer":false},"product_brand":[],"product_cat":[62],"product_tag":[1026,1028,1030,1031,1034,1027,1032,1025,1029,1033],"class_list":{"0":"post-9001","1":"product","2":"type-product","3":"status-publish","4":"has-post-thumbnail","6":"product_cat-rebar-straightening-machine","7":"product_tag-automatic-rebar-straightener","8":"product_tag-cnc-rebar-straightening-equipment","9":"product_tag-coiled-rebar-straightening-machine","10":"product_tag-construction-bar-straightening-machine","11":"product_tag-high-speed-rebar-straightening-tool","12":"product_tag-hydraulic-rebar-straightening-machine","13":"product_tag-rebar-leveling-and-cutting-machine","14":"product_tag-steel-bar-straightening-machine","15":"product_tag-steel-wire-straightener-and-cutter","16":"product_tag-straightening-machine-for-steel-rods","18":"first","19":"instock","20":"shipping-taxable","21":"product-type-simple","22":"entry","23":"content-bg","24":"loop-entry"},"yoast_head":"<!-- This site is optimized with the Yoast SEO plugin v25.3.1 - https:\/\/yoast.com\/wordpress\/plugins\/seo\/ -->\n<title>Rebar Straightening Machine GTD4-10A - HSY Construction Machinery<\/title>\n<meta name=\"description\" content=\"Rebar Straightening Machine GTD4-10A straightens 4\u201310mm steel bars with speed and precision. Compact, durable, and export-ready for construction projects.\" \/>\n<meta name=\"robots\" content=\"index, follow, max-snippet:-1, max-image-preview:large, max-video-preview:-1\" \/>\n<link rel=\"canonical\" href=\"https:\/\/www.hsymachinery.com\/sv\/produkt\/maskin-for-riktning-av-armeringsjarn-gtd4-10a\/\" \/>\n<meta property=\"og:locale\" content=\"sv_SE\" \/>\n<meta property=\"og:type\" content=\"article\" \/>\n<meta property=\"og:title\" content=\"Rebar Straightening Machine GTD4-10A - HSY Construction Machinery\" \/>\n<meta property=\"og:description\" content=\"Rebar Straightening Machine GTD4-10A straightens 4\u201310mm steel bars with speed and precision. Compact, durable, and export-ready for construction projects.\" \/>\n<meta property=\"og:url\" content=\"https:\/\/www.hsymachinery.com\/sv\/produkt\/maskin-for-riktning-av-armeringsjarn-gtd4-10a\/\" \/>\n<meta property=\"og:site_name\" content=\"HSY Construction Machinery\" \/>\n<meta property=\"article:modified_time\" content=\"2025-06-27T15:44:12+00:00\" \/>\n<meta property=\"og:image\" content=\"https:\/\/www.hsymachinery.com\/wp-content\/uploads\/2025\/06\/Rebar-Straightening-Machine-GTD4-10A.jpg\" \/>\n\t<meta property=\"og:image:width\" content=\"600\" \/>\n\t<meta property=\"og:image:height\" content=\"600\" \/>\n\t<meta property=\"og:image:type\" content=\"image\/jpeg\" \/>\n<meta name=\"twitter:card\" content=\"summary_large_image\" \/>\n<meta name=\"twitter:label1\" content=\"Ber\u00e4knad l\u00e4stid\" \/>\n\t<meta name=\"twitter:data1\" content=\"2 minuter\" \/>\n<script type=\"application\/ld+json\" class=\"yoast-schema-graph\">{\"@context\":\"https:\/\/schema.org\",\"@graph\":[{\"@type\":\"WebPage\",\"@id\":\"https:\/\/www.hsymachinery.com\/product\/rebar-straightening-machine-gtd4-10a\/\",\"url\":\"https:\/\/www.hsymachinery.com\/product\/rebar-straightening-machine-gtd4-10a\/\",\"name\":\"Rebar Straightening Machine GTD4-10A - HSY Construction Machinery\",\"isPartOf\":{\"@id\":\"https:\/\/www.hsymachinery.com\/#website\"},\"primaryImageOfPage\":{\"@id\":\"https:\/\/www.hsymachinery.com\/product\/rebar-straightening-machine-gtd4-10a\/#primaryimage\"},\"image\":{\"@id\":\"https:\/\/www.hsymachinery.com\/product\/rebar-straightening-machine-gtd4-10a\/#primaryimage\"},\"thumbnailUrl\":\"https:\/\/www.hsymachinery.com\/wp-content\/uploads\/2025\/06\/Rebar-Straightening-Machine-GTD4-10A.jpg\",\"datePublished\":\"2025-06-18T04:40:00+00:00\",\"dateModified\":\"2025-06-27T15:44:12+00:00\",\"description\":\"Rebar Straightening Machine GTD4-10A straightens 4\u201310mm steel bars with speed and precision. Compact, durable, and export-ready for construction projects.\",\"breadcrumb\":{\"@id\":\"https:\/\/www.hsymachinery.com\/product\/rebar-straightening-machine-gtd4-10a\/#breadcrumb\"},\"inLanguage\":\"sv-SE\",\"potentialAction\":[{\"@type\":\"ReadAction\",\"target\":[\"https:\/\/www.hsymachinery.com\/product\/rebar-straightening-machine-gtd4-10a\/\"]}]},{\"@type\":\"ImageObject\",\"inLanguage\":\"sv-SE\",\"@id\":\"https:\/\/www.hsymachinery.com\/product\/rebar-straightening-machine-gtd4-10a\/#primaryimage\",\"url\":\"https:\/\/www.hsymachinery.com\/wp-content\/uploads\/2025\/06\/Rebar-Straightening-Machine-GTD4-10A.jpg\",\"contentUrl\":\"https:\/\/www.hsymachinery.com\/wp-content\/uploads\/2025\/06\/Rebar-Straightening-Machine-GTD4-10A.jpg\",\"width\":600,\"height\":600},{\"@type\":\"BreadcrumbList\",\"@id\":\"https:\/\/www.hsymachinery.com\/product\/rebar-straightening-machine-gtd4-10a\/#breadcrumb\",\"itemListElement\":[{\"@type\":\"ListItem\",\"position\":1,\"name\":\"home\",\"item\":\"https:\/\/www.hsymachinery.com\/\"},{\"@type\":\"ListItem\",\"position\":2,\"name\":\"products\",\"item\":\"https:\/\/www.hsymachinery.com\/products\/\"},{\"@type\":\"ListItem\",\"position\":3,\"name\":\"Rebar Straightening Machine GTD4-10A\"}]},{\"@type\":\"WebSite\",\"@id\":\"https:\/\/www.hsymachinery.com\/#website\",\"url\":\"https:\/\/www.hsymachinery.com\/\",\"name\":\"HSY Construction Machinery\",\"description\":\"HSY Machinery \u2013 A leading China construction machinery supplier, offering a wide range of light construction equipment. Our main products include Rebar Cutting Machine, Rebar Bending Machine, Rebar Stirrup Bending Machine, Rebar Arc Bending Machine, Rebar Straightening Machine, Five-Head Rebar Stirrup Bending Machine, Tamping Rammer, Plate Compactor, Concrete Cutter, Power Trowel, and other construction machinery. We are equipped with advanced CNC machines, and we enforce strict quality inspection standards along with comprehensive after-sales service. If you are interested in our products or services, we warmly welcome your inquiries via message.\",\"publisher\":{\"@id\":\"https:\/\/www.hsymachinery.com\/#organization\"},\"potentialAction\":[{\"@type\":\"SearchAction\",\"target\":{\"@type\":\"EntryPoint\",\"urlTemplate\":\"https:\/\/www.hsymachinery.com\/?s={search_term_string}\"},\"query-input\":{\"@type\":\"PropertyValueSpecification\",\"valueRequired\":true,\"valueName\":\"search_term_string\"}}],\"inLanguage\":\"sv-SE\"},{\"@type\":\"Organization\",\"@id\":\"https:\/\/www.hsymachinery.com\/#organization\",\"name\":\"HSY Construction Machinery\",\"url\":\"https:\/\/www.hsymachinery.com\/\",\"logo\":{\"@type\":\"ImageObject\",\"inLanguage\":\"sv-SE\",\"@id\":\"https:\/\/www.hsymachinery.com\/#\/schema\/logo\/image\/\",\"url\":\"https:\/\/www.hsymachinery.com\/wp-content\/uploads\/2025\/06\/cropped-HSY-machinery.png\",\"contentUrl\":\"https:\/\/www.hsymachinery.com\/wp-content\/uploads\/2025\/06\/cropped-HSY-machinery.png\",\"width\":600,\"height\":240,\"caption\":\"HSY Construction Machinery\"},\"image\":{\"@id\":\"https:\/\/www.hsymachinery.com\/#\/schema\/logo\/image\/\"}}]}<\/script>\n<!-- \/ Yoast SEO plugin. -->","yoast_head_json":{"title":"Riktmaskin f\u00f6r armeringsj\u00e4rn GTD4-10A - HSY Anl\u00e4ggningsmaskiner","description":"Armeringsriktmaskinen GTD4-10A r\u00e4tar 4-10 mm st\u00e5lst\u00e4nger med snabbhet och precision. Kompakt, h\u00e5llbar och exportklar f\u00f6r byggprojekt.","robots":{"index":"index","follow":"follow","max-snippet":"max-snippet:-1","max-image-preview":"max-image-preview:large","max-video-preview":"max-video-preview:-1"},"canonical":"https:\/\/www.hsymachinery.com\/sv\/produkt\/maskin-for-riktning-av-armeringsjarn-gtd4-10a\/","og_locale":"sv_SE","og_type":"article","og_title":"Rebar Straightening Machine GTD4-10A - HSY Construction Machinery","og_description":"Rebar Straightening Machine GTD4-10A straightens 4\u201310mm steel bars with speed and precision. Compact, durable, and export-ready for construction projects.","og_url":"https:\/\/www.hsymachinery.com\/sv\/produkt\/maskin-for-riktning-av-armeringsjarn-gtd4-10a\/","og_site_name":"HSY Construction Machinery","article_modified_time":"2025-06-27T15:44:12+00:00","og_image":[{"width":600,"height":600,"url":"https:\/\/www.hsymachinery.com\/wp-content\/uploads\/2025\/06\/Rebar-Straightening-Machine-GTD4-10A.jpg","type":"image\/jpeg"}],"twitter_card":"summary_large_image","twitter_misc":{"Ber\u00e4knad l\u00e4stid":"2 minuter"},"schema":{"@context":"https:\/\/schema.org","@graph":[{"@type":"WebPage","@id":"https:\/\/www.hsymachinery.com\/product\/rebar-straightening-machine-gtd4-10a\/","url":"https:\/\/www.hsymachinery.com\/product\/rebar-straightening-machine-gtd4-10a\/","name":"Riktmaskin f\u00f6r armeringsj\u00e4rn GTD4-10A - HSY Anl\u00e4ggningsmaskiner","isPartOf":{"@id":"https:\/\/www.hsymachinery.com\/#website"},"primaryImageOfPage":{"@id":"https:\/\/www.hsymachinery.com\/product\/rebar-straightening-machine-gtd4-10a\/#primaryimage"},"image":{"@id":"https:\/\/www.hsymachinery.com\/product\/rebar-straightening-machine-gtd4-10a\/#primaryimage"},"thumbnailUrl":"https:\/\/www.hsymachinery.com\/wp-content\/uploads\/2025\/06\/Rebar-Straightening-Machine-GTD4-10A.jpg","datePublished":"2025-06-18T04:40:00+00:00","dateModified":"2025-06-27T15:44:12+00:00","description":"Armeringsriktmaskinen GTD4-10A r\u00e4tar 4-10 mm st\u00e5lst\u00e4nger med snabbhet och precision. Kompakt, h\u00e5llbar och exportklar f\u00f6r byggprojekt.","breadcrumb":{"@id":"https:\/\/www.hsymachinery.com\/product\/rebar-straightening-machine-gtd4-10a\/#breadcrumb"},"inLanguage":"sv-SE","potentialAction":[{"@type":"ReadAction","target":["https:\/\/www.hsymachinery.com\/product\/rebar-straightening-machine-gtd4-10a\/"]}]},{"@type":"ImageObject","inLanguage":"sv-SE","@id":"https:\/\/www.hsymachinery.com\/product\/rebar-straightening-machine-gtd4-10a\/#primaryimage","url":"https:\/\/www.hsymachinery.com\/wp-content\/uploads\/2025\/06\/Rebar-Straightening-Machine-GTD4-10A.jpg","contentUrl":"https:\/\/www.hsymachinery.com\/wp-content\/uploads\/2025\/06\/Rebar-Straightening-Machine-GTD4-10A.jpg","width":600,"height":600},{"@type":"BreadcrumbList","@id":"https:\/\/www.hsymachinery.com\/product\/rebar-straightening-machine-gtd4-10a\/#breadcrumb","itemListElement":[{"@type":"ListItem","position":1,"name":"home","item":"https:\/\/www.hsymachinery.com\/"},{"@type":"ListItem","position":2,"name":"products","item":"https:\/\/www.hsymachinery.com\/products\/"},{"@type":"ListItem","position":3,"name":"Rebar Straightening Machine GTD4-10A"}]},{"@type":"WebSite","@id":"https:\/\/www.hsymachinery.com\/#website","url":"https:\/\/www.hsymachinery.com\/","name":"HSY Anl\u00e4ggningsmaskiner","description":"HSY Machinery - En ledande leverant\u00f6r av byggmaskiner i Kina som erbjuder ett brett utbud av l\u00e4tt byggutrustning. V\u00e5ra huvudprodukter inkluderar sk\u00e4rmaskin f\u00f6r armering, bockningsmaskin f\u00f6r armering, bockningsmaskin f\u00f6r armeringsj\u00e4rn, bockningsmaskin f\u00f6r armeringsb\u00e5ge, bockningsmaskin f\u00f6r armering, bockningsmaskin f\u00f6r armeringsj\u00e4rn med fem huvuden, stampstamp, plattkomprimator, betongsk\u00e4rare, murspade och andra byggmaskiner. Vi \u00e4r utrustade med avancerade CNC-maskiner och vi till\u00e4mpar strikta kvalitetsinspektionsstandarder tillsammans med omfattande kundservice. Om du \u00e4r intresserad av v\u00e5ra produkter eller tj\u00e4nster, v\u00e4lkomnar vi varmt dina f\u00f6rfr\u00e5gningar via meddelande.","publisher":{"@id":"https:\/\/www.hsymachinery.com\/#organization"},"potentialAction":[{"@type":"SearchAction","target":{"@type":"EntryPoint","urlTemplate":"https:\/\/www.hsymachinery.com\/?s={search_term_string}"},"query-input":{"@type":"PropertyValueSpecification","valueRequired":true,"valueName":"search_term_string"}}],"inLanguage":"sv-SE"},{"@type":"Organization","@id":"https:\/\/www.hsymachinery.com\/#organization","name":"HSY Anl\u00e4ggningsmaskiner","url":"https:\/\/www.hsymachinery.com\/","logo":{"@type":"ImageObject","inLanguage":"sv-SE","@id":"https:\/\/www.hsymachinery.com\/#\/schema\/logo\/image\/","url":"https:\/\/www.hsymachinery.com\/wp-content\/uploads\/2025\/06\/cropped-HSY-machinery.png","contentUrl":"https:\/\/www.hsymachinery.com\/wp-content\/uploads\/2025\/06\/cropped-HSY-machinery.png","width":600,"height":240,"caption":"HSY Construction Machinery"},"image":{"@id":"https:\/\/www.hsymachinery.com\/#\/schema\/logo\/image\/"}}]}},"_links":{"self":[{"href":"https:\/\/www.hsymachinery.com\/sv\/wp-json\/wp\/v2\/product\/9001","targetHints":{"allow":["GET"]}}],"collection":[{"href":"https:\/\/www.hsymachinery.com\/sv\/wp-json\/wp\/v2\/product"}],"about":[{"href":"https:\/\/www.hsymachinery.com\/sv\/wp-json\/wp\/v2\/types\/product"}],"version-history":[{"count":3,"href":"https:\/\/www.hsymachinery.com\/sv\/wp-json\/wp\/v2\/product\/9001\/revisions"}],"predecessor-version":[{"id":9424,"href":"https:\/\/www.hsymachinery.com\/sv\/wp-json\/wp\/v2\/product\/9001\/revisions\/9424"}],"wp:featuredmedia":[{"embeddable":true,"href":"https:\/\/www.hsymachinery.com\/sv\/wp-json\/wp\/v2\/media\/9002"}],"wp:attachment":[{"href":"https:\/\/www.hsymachinery.com\/sv\/wp-json\/wp\/v2\/media?parent=9001"}],"wp:term":[{"taxonomy":"product_brand","embeddable":true,"href":"https:\/\/www.hsymachinery.com\/sv\/wp-json\/wp\/v2\/product_brand?post=9001"},{"taxonomy":"product_cat","embeddable":true,"href":"https:\/\/www.hsymachinery.com\/sv\/wp-json\/wp\/v2\/product_cat?post=9001"},{"taxonomy":"product_tag","embeddable":true,"href":"https:\/\/www.hsymachinery.com\/sv\/wp-json\/wp\/v2\/product_tag?post=9001"}],"curies":[{"name":"wp","href":"https:\/\/api.w.org\/{rel}","templated":true}]}}