{"id":8998,"date":"2025-06-18T12:30:41","date_gmt":"2025-06-18T04:30:41","guid":{"rendered":"https:\/\/www.hsymachinery.com\/?post_type=product&#038;p=8998"},"modified":"2025-06-27T23:01:42","modified_gmt":"2025-06-27T15:01:42","slug":"bockningsmaskin-for-armeringsjarn-gwh50","status":"publish","type":"product","link":"https:\/\/www.hsymachinery.com\/sv\/produkt\/bockningsmaskin-for-armeringsjarn-gwh50\/","title":{"rendered":"Bockningsmaskin f\u00f6r armeringsj\u00e4rn GWH50"},"content":{"rendered":"<h2 data-start=\"105\" data-end=\"144\">Bockningsmaskin f\u00f6r armeringsj\u00e4rn GWH50<\/h2>\n<h3 data-start=\"145\" data-end=\"265\">GWH50 b\u00e5gbockningsmaskin f\u00f6r 20-50 mm armeringsj\u00e4rn | Utrustning f\u00f6r bockning av extremt tungt armeringsj\u00e4rn f\u00f6r broar och kraftinfrastruktur<\/h3>\n<h3 data-start=\"272\" data-end=\"345\">Produkt\u00f6versikt - Maximal bockningskapacitet f\u00f6r kr\u00e4vande projekt<\/h3>\n<p data-start=\"347\" data-end=\"646\">Den <strong data-start=\"351\" data-end=\"386\"><a href=\"https:\/\/www.hsymachinery.com\/sv\/produkter\/bagbockningsmaskin-for-armeringsjarn\/\" target=\"_blank\" rel=\"noopener\">Maskin f\u00f6r b\u00e5gbockning av armeringsj\u00e4rn<\/a> GWH50<\/strong> ger f\u00f6rstklassig prestanda vid bockning av 20 mm till 50 mm armeringsst\u00e4nger. Den h\u00e4r maskinen \u00e4r konstruerad f\u00f6r kraftverk, marina strukturer, industriella fundament och broar med l\u00e5nga spann och hanterar de tjockaste st\u00e4ngerna som anv\u00e4nds i dagens infrastrukturbyggen.<\/p>\n<p data-start=\"648\" data-end=\"794\">Den kraftfulla motorn, det f\u00f6rb\u00e4ttrade vridmomentsystemet och de anv\u00e4ndaranpassade kontrollerna hj\u00e4lper dig att skapa perfekta b\u00e5gar - \u00e4ven under de mest utmanande arbetsf\u00f6rh\u00e5llandena.<\/p>\n<h3 data-start=\"801\" data-end=\"849\">H\u00f6geffektsb\u00f6jning med precisionsstyrning<\/h3>\n<p data-start=\"851\" data-end=\"1116\">Du kan enkelt finjustera bockningsradien med hj\u00e4lp av GWH50:s kraftiga rullsystem och styrinst\u00e4llningar. Koppark\u00e4rnmotorn med h\u00f6gt vridmoment pressar j\u00e4mn kraft genom st\u00e4nger med stor diameter, vilket ger mjuka kurvor utan buckling eller oj\u00e4mn sp\u00e4nning.<\/p>\n<p data-start=\"1118\" data-end=\"1318\">Operat\u00f6rer kan b\u00f6ja st\u00e4nger med hj\u00e4lp av h\u00e4varmen f\u00f6r manuell precision eller v\u00e4xla till fotpedalsl\u00e4ge f\u00f6r snabbare och s\u00e4krare repetition. Oavsett vilket ger GWH50 dig full kontroll \u00f6ver varje b\u00e5ge du formar.<\/p>\n<h3 data-start=\"1325\" data-end=\"1384\">Utformad f\u00f6r h\u00e5llbarhet, export och tung drift<\/h3>\n<p data-start=\"1386\" data-end=\"1721\">GWH50 \u00e4r byggd med en f\u00f6rst\u00e4rkt st\u00e5lram och en \u00f6verdimensionerad bockningsplattform och f\u00f6rblir stabil \u00e4ven under extrema vridmoment. Du kan rulla den \u00f6ver verkstadsgolvet eller p\u00e5 arbetsplatsen med dess industriella hjul. Med st\u00f6d f\u00f6r b\u00e5de 220V och 380V vid 50Hz\/60Hz \u00e4r den h\u00e4r modellen perfekt l\u00e4mpad f\u00f6r exportmarknader och global anv\u00e4ndning.<\/p>\n<p data-start=\"1723\" data-end=\"1827\">Om ditt projekt kr\u00e4ver ljusb\u00e5gsformning med h\u00f6g kapacitet \u00e4r GWH50 den mest kapabla l\u00f6sningen i sin klass.<\/p>\n<h3 data-start=\"1834\" data-end=\"1887\">Viktiga egenskaper hos Armeringsb\u00e5ge f\u00f6r armering GWH50<\/h3>\n<ul data-start=\"1889\" data-end=\"2141\">\n<li data-start=\"1889\" data-end=\"1940\">\n<p data-start=\"1891\" data-end=\"1940\">Formar b\u00e5gar fr\u00e5n 20-50 mm armeringsj\u00e4rn av st\u00e5l<\/p>\n<\/li>\n<li data-start=\"1941\" data-end=\"2014\">\n<p data-start=\"1943\" data-end=\"2014\">Utformad f\u00f6r broar, fundament, energiprojekt och prefabricerade verk<\/p>\n<\/li>\n<li data-start=\"2015\" data-end=\"2082\">\n<p data-start=\"2017\" data-end=\"2082\">F\u00f6rst\u00e4rkt motor- och rullplattform f\u00f6r bockning av stora diametrar<\/p>\n<\/li>\n<li data-start=\"2083\" data-end=\"2141\">\n<p data-start=\"2085\" data-end=\"2141\">Internationella sp\u00e4nningsalternativ f\u00f6r global kompatibilitet<\/p>\n<\/li>\n<\/ul>\n<p><iframe title=\"#konstruktion #konstruktionsarbetare #rebarmaskin #rebarbockning #rebarbockning\" width=\"720\" height=\"405\" src=\"https:\/\/www.youtube.com\/embed\/kZFU0Z3IPgM?feature=oembed\" frameborder=\"0\" allow=\"accelerometer; autoplay; clipboard-write; encrypted-media; gyroscope; picture-in-picture; web-share\" referrerpolicy=\"strict-origin-when-cross-origin\" allowfullscreen><\/iframe><\/p>","protected":false},"excerpt":{"rendered":"<p>GWH50 b\u00e5gbockningsmaskin f\u00f6r armeringsj\u00e4rn bockar 20-50 mm st\u00e4nger f\u00f6r strukturell anv\u00e4ndning med h\u00f6g belastning. Den \u00e4r idealisk f\u00f6r storskalig infrastruktur, med starkt vridmoment och global kraftkompatibilitet.<\/p>","protected":false},"featured_media":8999,"template":"","meta":{"_kad_post_transparent":"default","_kad_post_title":"","_kad_post_layout":"default","_kad_post_sidebar_id":"","_kad_post_content_style":"default","_kad_post_vertical_padding":"default","_kad_post_feature":"","_kad_post_feature_position":"","_kad_post_header":false,"_kad_post_footer":false},"product_brand":[],"product_cat":[54],"product_tag":[1022,1016,1024,1018,1023,1017,1019,1021,1020,1015],"class_list":{"0":"post-8998","1":"product","2":"type-product","3":"status-publish","4":"has-post-thumbnail","6":"product_cat-rebar-arc-bending-machine","7":"product_tag-arc-shape-bending-machine-for-rebar","8":"product_tag-automatic-rebar-arc-bender","9":"product_tag-bar-arc-bending-machine-for-construction","10":"product_tag-cnc-rebar-arc-bending-equipment","11":"product_tag-curved-rebar-bending-tool","12":"product_tag-hydraulic-arc-bending-machine","13":"product_tag-rebar-circular-bending-machine","14":"product_tag-rebar-radius-bending-machine","15":"product_tag-round-bending-machine-for-steel-bars","16":"product_tag-steel-arc-bending-machine","18":"first","19":"instock","20":"shipping-taxable","21":"product-type-simple","22":"entry","23":"content-bg","24":"loop-entry"},"yoast_head":"<!-- This site is optimized with the Yoast SEO plugin v25.3.1 - https:\/\/yoast.com\/wordpress\/plugins\/seo\/ -->\n<title>Rebar Arc Bending Machine GWH50 - HSY Construction Machinery<\/title>\n<meta name=\"description\" content=\"Rebar Arc Bending Machine GWH50 bends 20\u201350mm steel bars into arcs. Designed for high-demand jobs with export-ready voltage and industrial performance.\" \/>\n<meta name=\"robots\" content=\"index, follow, max-snippet:-1, max-image-preview:large, max-video-preview:-1\" \/>\n<link rel=\"canonical\" href=\"https:\/\/www.hsymachinery.com\/sv\/produkt\/bockningsmaskin-for-armeringsjarn-gwh50\/\" \/>\n<meta property=\"og:locale\" content=\"sv_SE\" \/>\n<meta property=\"og:type\" content=\"article\" \/>\n<meta property=\"og:title\" content=\"Rebar Arc Bending Machine GWH50 - HSY Construction Machinery\" \/>\n<meta property=\"og:description\" content=\"Rebar Arc Bending Machine GWH50 bends 20\u201350mm steel bars into arcs. Designed for high-demand jobs with export-ready voltage and industrial performance.\" \/>\n<meta property=\"og:url\" content=\"https:\/\/www.hsymachinery.com\/sv\/produkt\/bockningsmaskin-for-armeringsjarn-gwh50\/\" \/>\n<meta property=\"og:site_name\" content=\"HSY Construction Machinery\" \/>\n<meta property=\"article:modified_time\" content=\"2025-06-27T15:01:42+00:00\" \/>\n<meta property=\"og:image\" content=\"https:\/\/www.hsymachinery.com\/wp-content\/uploads\/2025\/06\/Rebar-Arc-Bending-Machine-GWH50.jpg\" \/>\n\t<meta property=\"og:image:width\" content=\"600\" \/>\n\t<meta property=\"og:image:height\" content=\"600\" \/>\n\t<meta property=\"og:image:type\" content=\"image\/jpeg\" \/>\n<meta name=\"twitter:card\" content=\"summary_large_image\" \/>\n<meta name=\"twitter:label1\" content=\"Ber\u00e4knad l\u00e4stid\" \/>\n\t<meta name=\"twitter:data1\" content=\"2 minuter\" \/>\n<script type=\"application\/ld+json\" class=\"yoast-schema-graph\">{\"@context\":\"https:\/\/schema.org\",\"@graph\":[{\"@type\":\"WebPage\",\"@id\":\"https:\/\/www.hsymachinery.com\/product\/rebar-arc-bending-machine-gwh50\/\",\"url\":\"https:\/\/www.hsymachinery.com\/product\/rebar-arc-bending-machine-gwh50\/\",\"name\":\"Rebar Arc Bending Machine GWH50 - HSY Construction Machinery\",\"isPartOf\":{\"@id\":\"https:\/\/www.hsymachinery.com\/#website\"},\"primaryImageOfPage\":{\"@id\":\"https:\/\/www.hsymachinery.com\/product\/rebar-arc-bending-machine-gwh50\/#primaryimage\"},\"image\":{\"@id\":\"https:\/\/www.hsymachinery.com\/product\/rebar-arc-bending-machine-gwh50\/#primaryimage\"},\"thumbnailUrl\":\"https:\/\/www.hsymachinery.com\/wp-content\/uploads\/2025\/06\/Rebar-Arc-Bending-Machine-GWH50.jpg\",\"datePublished\":\"2025-06-18T04:30:41+00:00\",\"dateModified\":\"2025-06-27T15:01:42+00:00\",\"description\":\"Rebar Arc Bending Machine GWH50 bends 20\u201350mm steel bars into arcs. Designed for high-demand jobs with export-ready voltage and industrial performance.\",\"breadcrumb\":{\"@id\":\"https:\/\/www.hsymachinery.com\/product\/rebar-arc-bending-machine-gwh50\/#breadcrumb\"},\"inLanguage\":\"sv-SE\",\"potentialAction\":[{\"@type\":\"ReadAction\",\"target\":[\"https:\/\/www.hsymachinery.com\/product\/rebar-arc-bending-machine-gwh50\/\"]}]},{\"@type\":\"ImageObject\",\"inLanguage\":\"sv-SE\",\"@id\":\"https:\/\/www.hsymachinery.com\/product\/rebar-arc-bending-machine-gwh50\/#primaryimage\",\"url\":\"https:\/\/www.hsymachinery.com\/wp-content\/uploads\/2025\/06\/Rebar-Arc-Bending-Machine-GWH50.jpg\",\"contentUrl\":\"https:\/\/www.hsymachinery.com\/wp-content\/uploads\/2025\/06\/Rebar-Arc-Bending-Machine-GWH50.jpg\",\"width\":600,\"height\":600},{\"@type\":\"BreadcrumbList\",\"@id\":\"https:\/\/www.hsymachinery.com\/product\/rebar-arc-bending-machine-gwh50\/#breadcrumb\",\"itemListElement\":[{\"@type\":\"ListItem\",\"position\":1,\"name\":\"home\",\"item\":\"https:\/\/www.hsymachinery.com\/\"},{\"@type\":\"ListItem\",\"position\":2,\"name\":\"products\",\"item\":\"https:\/\/www.hsymachinery.com\/products\/\"},{\"@type\":\"ListItem\",\"position\":3,\"name\":\"Rebar Arc Bending Machine GWH50\"}]},{\"@type\":\"WebSite\",\"@id\":\"https:\/\/www.hsymachinery.com\/#website\",\"url\":\"https:\/\/www.hsymachinery.com\/\",\"name\":\"HSY Construction Machinery\",\"description\":\"HSY Machinery \u2013 A leading China construction machinery supplier, offering a wide range of light construction equipment. Our main products include Rebar Cutting Machine, Rebar Bending Machine, Rebar Stirrup Bending Machine, Rebar Arc Bending Machine, Rebar Straightening Machine, Five-Head Rebar Stirrup Bending Machine, Tamping Rammer, Plate Compactor, Concrete Cutter, Power Trowel, and other construction machinery. We are equipped with advanced CNC machines, and we enforce strict quality inspection standards along with comprehensive after-sales service. If you are interested in our products or services, we warmly welcome your inquiries via message.\",\"publisher\":{\"@id\":\"https:\/\/www.hsymachinery.com\/#organization\"},\"potentialAction\":[{\"@type\":\"SearchAction\",\"target\":{\"@type\":\"EntryPoint\",\"urlTemplate\":\"https:\/\/www.hsymachinery.com\/?s={search_term_string}\"},\"query-input\":{\"@type\":\"PropertyValueSpecification\",\"valueRequired\":true,\"valueName\":\"search_term_string\"}}],\"inLanguage\":\"sv-SE\"},{\"@type\":\"Organization\",\"@id\":\"https:\/\/www.hsymachinery.com\/#organization\",\"name\":\"HSY Construction Machinery\",\"url\":\"https:\/\/www.hsymachinery.com\/\",\"logo\":{\"@type\":\"ImageObject\",\"inLanguage\":\"sv-SE\",\"@id\":\"https:\/\/www.hsymachinery.com\/#\/schema\/logo\/image\/\",\"url\":\"https:\/\/www.hsymachinery.com\/wp-content\/uploads\/2025\/06\/cropped-HSY-machinery.png\",\"contentUrl\":\"https:\/\/www.hsymachinery.com\/wp-content\/uploads\/2025\/06\/cropped-HSY-machinery.png\",\"width\":600,\"height\":240,\"caption\":\"HSY Construction Machinery\"},\"image\":{\"@id\":\"https:\/\/www.hsymachinery.com\/#\/schema\/logo\/image\/\"}}]}<\/script>\n<!-- \/ Yoast SEO plugin. -->","yoast_head_json":{"title":"Armeringsb\u00e5gsbockningsmaskin GWH50 - HSY Anl\u00e4ggningsmaskiner","description":"Armeringsb\u00e5gsbockningsmaskin GWH50 bockar 20-50 mm st\u00e5lst\u00e4nger till b\u00e5gar. Utformad f\u00f6r kr\u00e4vande jobb med exportklar sp\u00e4nning och industriell prestanda.","robots":{"index":"index","follow":"follow","max-snippet":"max-snippet:-1","max-image-preview":"max-image-preview:large","max-video-preview":"max-video-preview:-1"},"canonical":"https:\/\/www.hsymachinery.com\/sv\/produkt\/bockningsmaskin-for-armeringsjarn-gwh50\/","og_locale":"sv_SE","og_type":"article","og_title":"Rebar Arc Bending Machine GWH50 - HSY Construction Machinery","og_description":"Rebar Arc Bending Machine GWH50 bends 20\u201350mm steel bars into arcs. Designed for high-demand jobs with export-ready voltage and industrial performance.","og_url":"https:\/\/www.hsymachinery.com\/sv\/produkt\/bockningsmaskin-for-armeringsjarn-gwh50\/","og_site_name":"HSY Construction Machinery","article_modified_time":"2025-06-27T15:01:42+00:00","og_image":[{"width":600,"height":600,"url":"https:\/\/www.hsymachinery.com\/wp-content\/uploads\/2025\/06\/Rebar-Arc-Bending-Machine-GWH50.jpg","type":"image\/jpeg"}],"twitter_card":"summary_large_image","twitter_misc":{"Ber\u00e4knad l\u00e4stid":"2 minuter"},"schema":{"@context":"https:\/\/schema.org","@graph":[{"@type":"WebPage","@id":"https:\/\/www.hsymachinery.com\/product\/rebar-arc-bending-machine-gwh50\/","url":"https:\/\/www.hsymachinery.com\/product\/rebar-arc-bending-machine-gwh50\/","name":"Armeringsb\u00e5gsbockningsmaskin GWH50 - HSY Anl\u00e4ggningsmaskiner","isPartOf":{"@id":"https:\/\/www.hsymachinery.com\/#website"},"primaryImageOfPage":{"@id":"https:\/\/www.hsymachinery.com\/product\/rebar-arc-bending-machine-gwh50\/#primaryimage"},"image":{"@id":"https:\/\/www.hsymachinery.com\/product\/rebar-arc-bending-machine-gwh50\/#primaryimage"},"thumbnailUrl":"https:\/\/www.hsymachinery.com\/wp-content\/uploads\/2025\/06\/Rebar-Arc-Bending-Machine-GWH50.jpg","datePublished":"2025-06-18T04:30:41+00:00","dateModified":"2025-06-27T15:01:42+00:00","description":"Armeringsb\u00e5gsbockningsmaskin GWH50 bockar 20-50 mm st\u00e5lst\u00e4nger till b\u00e5gar. Utformad f\u00f6r kr\u00e4vande jobb med exportklar sp\u00e4nning och industriell prestanda.","breadcrumb":{"@id":"https:\/\/www.hsymachinery.com\/product\/rebar-arc-bending-machine-gwh50\/#breadcrumb"},"inLanguage":"sv-SE","potentialAction":[{"@type":"ReadAction","target":["https:\/\/www.hsymachinery.com\/product\/rebar-arc-bending-machine-gwh50\/"]}]},{"@type":"ImageObject","inLanguage":"sv-SE","@id":"https:\/\/www.hsymachinery.com\/product\/rebar-arc-bending-machine-gwh50\/#primaryimage","url":"https:\/\/www.hsymachinery.com\/wp-content\/uploads\/2025\/06\/Rebar-Arc-Bending-Machine-GWH50.jpg","contentUrl":"https:\/\/www.hsymachinery.com\/wp-content\/uploads\/2025\/06\/Rebar-Arc-Bending-Machine-GWH50.jpg","width":600,"height":600},{"@type":"BreadcrumbList","@id":"https:\/\/www.hsymachinery.com\/product\/rebar-arc-bending-machine-gwh50\/#breadcrumb","itemListElement":[{"@type":"ListItem","position":1,"name":"home","item":"https:\/\/www.hsymachinery.com\/"},{"@type":"ListItem","position":2,"name":"products","item":"https:\/\/www.hsymachinery.com\/products\/"},{"@type":"ListItem","position":3,"name":"Rebar Arc Bending Machine GWH50"}]},{"@type":"WebSite","@id":"https:\/\/www.hsymachinery.com\/#website","url":"https:\/\/www.hsymachinery.com\/","name":"HSY Anl\u00e4ggningsmaskiner","description":"HSY Machinery - En ledande leverant\u00f6r av byggmaskiner i Kina som erbjuder ett brett utbud av l\u00e4tt byggutrustning. V\u00e5ra huvudprodukter inkluderar sk\u00e4rmaskin f\u00f6r armering, bockningsmaskin f\u00f6r armering, bockningsmaskin f\u00f6r armeringsj\u00e4rn, bockningsmaskin f\u00f6r armeringsb\u00e5ge, bockningsmaskin f\u00f6r armering, bockningsmaskin f\u00f6r armeringsj\u00e4rn med fem huvuden, stampstamp, plattkomprimator, betongsk\u00e4rare, murspade och andra byggmaskiner. Vi \u00e4r utrustade med avancerade CNC-maskiner och vi till\u00e4mpar strikta kvalitetsinspektionsstandarder tillsammans med omfattande kundservice. Om du \u00e4r intresserad av v\u00e5ra produkter eller tj\u00e4nster, v\u00e4lkomnar vi varmt dina f\u00f6rfr\u00e5gningar via meddelande.","publisher":{"@id":"https:\/\/www.hsymachinery.com\/#organization"},"potentialAction":[{"@type":"SearchAction","target":{"@type":"EntryPoint","urlTemplate":"https:\/\/www.hsymachinery.com\/?s={search_term_string}"},"query-input":{"@type":"PropertyValueSpecification","valueRequired":true,"valueName":"search_term_string"}}],"inLanguage":"sv-SE"},{"@type":"Organization","@id":"https:\/\/www.hsymachinery.com\/#organization","name":"HSY Anl\u00e4ggningsmaskiner","url":"https:\/\/www.hsymachinery.com\/","logo":{"@type":"ImageObject","inLanguage":"sv-SE","@id":"https:\/\/www.hsymachinery.com\/#\/schema\/logo\/image\/","url":"https:\/\/www.hsymachinery.com\/wp-content\/uploads\/2025\/06\/cropped-HSY-machinery.png","contentUrl":"https:\/\/www.hsymachinery.com\/wp-content\/uploads\/2025\/06\/cropped-HSY-machinery.png","width":600,"height":240,"caption":"HSY Construction Machinery"},"image":{"@id":"https:\/\/www.hsymachinery.com\/#\/schema\/logo\/image\/"}}]}},"_links":{"self":[{"href":"https:\/\/www.hsymachinery.com\/sv\/wp-json\/wp\/v2\/product\/8998","targetHints":{"allow":["GET"]}}],"collection":[{"href":"https:\/\/www.hsymachinery.com\/sv\/wp-json\/wp\/v2\/product"}],"about":[{"href":"https:\/\/www.hsymachinery.com\/sv\/wp-json\/wp\/v2\/types\/product"}],"version-history":[{"count":3,"href":"https:\/\/www.hsymachinery.com\/sv\/wp-json\/wp\/v2\/product\/8998\/revisions"}],"predecessor-version":[{"id":9415,"href":"https:\/\/www.hsymachinery.com\/sv\/wp-json\/wp\/v2\/product\/8998\/revisions\/9415"}],"wp:featuredmedia":[{"embeddable":true,"href":"https:\/\/www.hsymachinery.com\/sv\/wp-json\/wp\/v2\/media\/8999"}],"wp:attachment":[{"href":"https:\/\/www.hsymachinery.com\/sv\/wp-json\/wp\/v2\/media?parent=8998"}],"wp:term":[{"taxonomy":"product_brand","embeddable":true,"href":"https:\/\/www.hsymachinery.com\/sv\/wp-json\/wp\/v2\/product_brand?post=8998"},{"taxonomy":"product_cat","embeddable":true,"href":"https:\/\/www.hsymachinery.com\/sv\/wp-json\/wp\/v2\/product_cat?post=8998"},{"taxonomy":"product_tag","embeddable":true,"href":"https:\/\/www.hsymachinery.com\/sv\/wp-json\/wp\/v2\/product_tag?post=8998"}],"curies":[{"name":"wp","href":"https:\/\/api.w.org\/{rel}","templated":true}]}}