{"id":8995,"date":"2025-06-18T12:28:44","date_gmt":"2025-06-18T04:28:44","guid":{"rendered":"https:\/\/www.hsymachinery.com\/?post_type=product&#038;p=8995"},"modified":"2025-06-27T22:55:02","modified_gmt":"2025-06-27T14:55:02","slug":"bockningsmaskin-for-armeringsjarn-gwh45","status":"publish","type":"product","link":"https:\/\/www.hsymachinery.com\/sv\/produkt\/bockningsmaskin-for-armeringsjarn-gwh45\/","title":{"rendered":"Bockningsmaskin f\u00f6r armeringsj\u00e4rn GWH45"},"content":{"rendered":"<h2 data-start=\"115\" data-end=\"154\">Bockningsmaskin f\u00f6r armeringsj\u00e4rn GWH45<\/h2>\n<h3 data-start=\"155\" data-end=\"274\">GWH45 Heavy Rebar Arc Bender f\u00f6r 20-45 mm st\u00e5lst\u00e4nger | Precisionskurvbockningsmaskin f\u00f6r anl\u00e4ggningsprojekt<\/h3>\n<h3 data-start=\"281\" data-end=\"362\">Produkt\u00f6versikt - Hantera st\u00e5ngb\u00e5gar med stor diameter med snabbhet och precision<\/h3>\n<p data-start=\"364\" data-end=\"696\">Den <strong data-start=\"368\" data-end=\"403\"><a href=\"https:\/\/www.hsymachinery.com\/sv\/produkter\/bagbockningsmaskin-for-armeringsjarn\/\" target=\"_blank\" rel=\"noopener\">Maskin f\u00f6r b\u00e5gbockning av armeringsj\u00e4rn<\/a> GWH45<\/strong> bockar effektivt 20 mm till 45 mm armeringsj\u00e4rn till b\u00e5gar, halvcirklar och anpassade kr\u00f6kta former. Den st\u00f6der kr\u00e4vande uppgifter inom civil infrastruktur, prefabricerad komponentproduktion och tunnelinfodringssegment, d\u00e4r tjocka armeringsj\u00e4rn m\u00e5ste formas konsekvent och exakt.<\/p>\n<p data-start=\"698\" data-end=\"802\">Du kan lita p\u00e5 att den h\u00e4r maskinen levererar b\u00e5de r\u00e5 kraft och b\u00f6jprecision i ett p\u00e5litligt paket.<\/p>\n<h3 data-start=\"809\" data-end=\"866\">Justerbar b\u00f6jningsradie och h\u00f6gt vridmoment<\/h3>\n<p data-start=\"868\" data-end=\"1112\">Du kan \u00e4ndra rullgapet och b\u00e5gpositionen p\u00e5 GWH45 f\u00f6r att matcha dina \u00f6nskade radieinst\u00e4llningar. Den f\u00f6rst\u00e4rkta motorn och v\u00e4xell\u00e5dan med h\u00f6g belastning ger ett j\u00e4mnt och starkt vridmoment, vilket m\u00f6jligg\u00f6r rena bockningar p\u00e5 stora st\u00e4nger utan sprickbildning eller tillplattning.<\/p>\n<p data-start=\"1114\" data-end=\"1346\">Du kan v\u00e4lja mellan manuellt handtag eller fotpedal, beroende p\u00e5 hur ditt team \u00e4r uppbyggt. Den stabila konstruktionen s\u00e4kerst\u00e4ller att maskinen h\u00e5lls stadigt p\u00e5 plats under drift, \u00e4ven vid hantering av de tyngsta st\u00e5ngstorlekarna.<\/p>\n<h3 data-start=\"1353\" data-end=\"1398\">Robust konstruktion f\u00f6r internationella projekt<\/h3>\n<p data-start=\"1400\" data-end=\"1677\">GWH45 har ett helt\u00e4ckande st\u00e5lh\u00f6lje som \u00e4r utformat f\u00f6r att motst\u00e5 utmattning under kontinuerliga arbetsf\u00f6rh\u00e5llanden. Du kan flytta den p\u00e5 plats med hj\u00e4lp av de kraftiga l\u00e4nkhjulen, och den dubbla sp\u00e4nningen (220V\/380V, 50\/60Hz) m\u00f6jligg\u00f6r s\u00f6ml\u00f6s integrering i kraftsystem \u00f6ver hela v\u00e4rlden.<\/p>\n<p data-start=\"1679\" data-end=\"1800\">Om du beh\u00f6ver tillverka exakta kr\u00f6kta armeringsj\u00e4rn i stora volymer \u00e4r GWH45 redo f\u00f6r jobbet - var som helst i v\u00e4rlden.<\/p>\n<h3 data-start=\"1807\" data-end=\"1860\">Viktiga egenskaper hos Armeringsb\u00e5ge f\u00f6r armering GWH45<\/h3>\n<ul data-start=\"1862\" data-end=\"2125\">\n<li data-start=\"1862\" data-end=\"1911\">\n<p data-start=\"1864\" data-end=\"1911\">Bockar 20-45 mm armeringsj\u00e4rn till b\u00e5gar och kr\u00f6kta former<\/p>\n<\/li>\n<li data-start=\"1912\" data-end=\"1990\">\n<p data-start=\"1914\" data-end=\"1990\">Idealisk f\u00f6r tunga anl\u00e4ggningsprojekt som tunnlar, tunnelbanor och prefabricerade fabriker<\/p>\n<\/li>\n<li data-start=\"1991\" data-end=\"2061\">\n<p data-start=\"1993\" data-end=\"2061\">Stark motor och stabil ram f\u00f6r tillf\u00f6rlitlig och repeterbar prestanda<\/p>\n<\/li>\n<li data-start=\"2062\" data-end=\"2125\">\n<p data-start=\"2064\" data-end=\"2125\">Dubbla kontrollalternativ och exportf\u00e4rdig sp\u00e4nningskonfiguration<\/p>\n<\/li>\n<\/ul>\n<p><iframe title=\"#konstruktion #konstruktionsarbetare #rebarmaskin #rebarbockning #rebarbockning\" width=\"720\" height=\"405\" src=\"https:\/\/www.youtube.com\/embed\/kZFU0Z3IPgM?feature=oembed\" frameborder=\"0\" allow=\"accelerometer; autoplay; clipboard-write; encrypted-media; gyroscope; picture-in-picture; web-share\" referrerpolicy=\"strict-origin-when-cross-origin\" allowfullscreen><\/iframe><\/p>","protected":false},"excerpt":{"rendered":"<p>GWH45 Rebar Arc Bending Machine bockar 20-45 mm st\u00e5lst\u00e4nger med l\u00e4tthet. Den \u00e4r utformad f\u00f6r tunnel- och infrastrukturarbeten och erbjuder h\u00f6gt vridmoment, exakt bockning och st\u00f6d f\u00f6r global sp\u00e4nning.<\/p>","protected":false},"featured_media":8996,"template":"","meta":{"_kad_post_transparent":"default","_kad_post_title":"","_kad_post_layout":"default","_kad_post_sidebar_id":"","_kad_post_content_style":"default","_kad_post_vertical_padding":"default","_kad_post_feature":"","_kad_post_feature_position":"","_kad_post_header":false,"_kad_post_footer":false},"product_brand":[],"product_cat":[54],"product_tag":[1022,1016,1024,1018,1023,1017,1019,1021,1020,1015],"class_list":{"0":"post-8995","1":"product","2":"type-product","3":"status-publish","4":"has-post-thumbnail","6":"product_cat-rebar-arc-bending-machine","7":"product_tag-arc-shape-bending-machine-for-rebar","8":"product_tag-automatic-rebar-arc-bender","9":"product_tag-bar-arc-bending-machine-for-construction","10":"product_tag-cnc-rebar-arc-bending-equipment","11":"product_tag-curved-rebar-bending-tool","12":"product_tag-hydraulic-arc-bending-machine","13":"product_tag-rebar-circular-bending-machine","14":"product_tag-rebar-radius-bending-machine","15":"product_tag-round-bending-machine-for-steel-bars","16":"product_tag-steel-arc-bending-machine","18":"first","19":"instock","20":"shipping-taxable","21":"product-type-simple","22":"entry","23":"content-bg","24":"loop-entry"},"yoast_head":"<!-- This site is optimized with the Yoast SEO plugin v25.3.1 - https:\/\/yoast.com\/wordpress\/plugins\/seo\/ -->\n<title>Rebar Arc Bending Machine GWH45 - HSY Construction Machinery<\/title>\n<meta name=\"description\" content=\"Rebar Arc Bending Machine GWH45 bends 20\u201345mm rebar into arcs. Perfect for civil projects and exports, with strong torque and high bending accuracy.\" \/>\n<meta name=\"robots\" content=\"index, follow, max-snippet:-1, max-image-preview:large, max-video-preview:-1\" \/>\n<link rel=\"canonical\" href=\"https:\/\/www.hsymachinery.com\/sv\/produkt\/bockningsmaskin-for-armeringsjarn-gwh45\/\" \/>\n<meta property=\"og:locale\" content=\"sv_SE\" \/>\n<meta property=\"og:type\" content=\"article\" \/>\n<meta property=\"og:title\" content=\"Rebar Arc Bending Machine GWH45 - HSY Construction Machinery\" \/>\n<meta property=\"og:description\" content=\"Rebar Arc Bending Machine GWH45 bends 20\u201345mm rebar into arcs. Perfect for civil projects and exports, with strong torque and high bending accuracy.\" \/>\n<meta property=\"og:url\" content=\"https:\/\/www.hsymachinery.com\/sv\/produkt\/bockningsmaskin-for-armeringsjarn-gwh45\/\" \/>\n<meta property=\"og:site_name\" content=\"HSY Construction Machinery\" \/>\n<meta property=\"article:modified_time\" content=\"2025-06-27T14:55:02+00:00\" \/>\n<meta property=\"og:image\" content=\"https:\/\/www.hsymachinery.com\/wp-content\/uploads\/2025\/06\/Rebar-Arc-Bending-Machine-GWH45.jpg\" \/>\n\t<meta property=\"og:image:width\" content=\"600\" \/>\n\t<meta property=\"og:image:height\" content=\"600\" \/>\n\t<meta property=\"og:image:type\" content=\"image\/jpeg\" \/>\n<meta name=\"twitter:card\" content=\"summary_large_image\" \/>\n<meta name=\"twitter:label1\" content=\"Ber\u00e4knad l\u00e4stid\" \/>\n\t<meta name=\"twitter:data1\" content=\"2 minuter\" \/>\n<script type=\"application\/ld+json\" class=\"yoast-schema-graph\">{\"@context\":\"https:\/\/schema.org\",\"@graph\":[{\"@type\":\"WebPage\",\"@id\":\"https:\/\/www.hsymachinery.com\/product\/rebar-arc-bending-machine-gwh45\/\",\"url\":\"https:\/\/www.hsymachinery.com\/product\/rebar-arc-bending-machine-gwh45\/\",\"name\":\"Rebar Arc Bending Machine GWH45 - HSY Construction Machinery\",\"isPartOf\":{\"@id\":\"https:\/\/www.hsymachinery.com\/#website\"},\"primaryImageOfPage\":{\"@id\":\"https:\/\/www.hsymachinery.com\/product\/rebar-arc-bending-machine-gwh45\/#primaryimage\"},\"image\":{\"@id\":\"https:\/\/www.hsymachinery.com\/product\/rebar-arc-bending-machine-gwh45\/#primaryimage\"},\"thumbnailUrl\":\"https:\/\/www.hsymachinery.com\/wp-content\/uploads\/2025\/06\/Rebar-Arc-Bending-Machine-GWH45.jpg\",\"datePublished\":\"2025-06-18T04:28:44+00:00\",\"dateModified\":\"2025-06-27T14:55:02+00:00\",\"description\":\"Rebar Arc Bending Machine GWH45 bends 20\u201345mm rebar into arcs. Perfect for civil projects and exports, with strong torque and high bending accuracy.\",\"breadcrumb\":{\"@id\":\"https:\/\/www.hsymachinery.com\/product\/rebar-arc-bending-machine-gwh45\/#breadcrumb\"},\"inLanguage\":\"sv-SE\",\"potentialAction\":[{\"@type\":\"ReadAction\",\"target\":[\"https:\/\/www.hsymachinery.com\/product\/rebar-arc-bending-machine-gwh45\/\"]}]},{\"@type\":\"ImageObject\",\"inLanguage\":\"sv-SE\",\"@id\":\"https:\/\/www.hsymachinery.com\/product\/rebar-arc-bending-machine-gwh45\/#primaryimage\",\"url\":\"https:\/\/www.hsymachinery.com\/wp-content\/uploads\/2025\/06\/Rebar-Arc-Bending-Machine-GWH45.jpg\",\"contentUrl\":\"https:\/\/www.hsymachinery.com\/wp-content\/uploads\/2025\/06\/Rebar-Arc-Bending-Machine-GWH45.jpg\",\"width\":600,\"height\":600},{\"@type\":\"BreadcrumbList\",\"@id\":\"https:\/\/www.hsymachinery.com\/product\/rebar-arc-bending-machine-gwh45\/#breadcrumb\",\"itemListElement\":[{\"@type\":\"ListItem\",\"position\":1,\"name\":\"home\",\"item\":\"https:\/\/www.hsymachinery.com\/\"},{\"@type\":\"ListItem\",\"position\":2,\"name\":\"products\",\"item\":\"https:\/\/www.hsymachinery.com\/products\/\"},{\"@type\":\"ListItem\",\"position\":3,\"name\":\"Rebar Arc Bending Machine GWH45\"}]},{\"@type\":\"WebSite\",\"@id\":\"https:\/\/www.hsymachinery.com\/#website\",\"url\":\"https:\/\/www.hsymachinery.com\/\",\"name\":\"HSY Construction Machinery\",\"description\":\"HSY Machinery \u2013 A leading China construction machinery supplier, offering a wide range of light construction equipment. Our main products include Rebar Cutting Machine, Rebar Bending Machine, Rebar Stirrup Bending Machine, Rebar Arc Bending Machine, Rebar Straightening Machine, Five-Head Rebar Stirrup Bending Machine, Tamping Rammer, Plate Compactor, Concrete Cutter, Power Trowel, and other construction machinery. We are equipped with advanced CNC machines, and we enforce strict quality inspection standards along with comprehensive after-sales service. If you are interested in our products or services, we warmly welcome your inquiries via message.\",\"publisher\":{\"@id\":\"https:\/\/www.hsymachinery.com\/#organization\"},\"potentialAction\":[{\"@type\":\"SearchAction\",\"target\":{\"@type\":\"EntryPoint\",\"urlTemplate\":\"https:\/\/www.hsymachinery.com\/?s={search_term_string}\"},\"query-input\":{\"@type\":\"PropertyValueSpecification\",\"valueRequired\":true,\"valueName\":\"search_term_string\"}}],\"inLanguage\":\"sv-SE\"},{\"@type\":\"Organization\",\"@id\":\"https:\/\/www.hsymachinery.com\/#organization\",\"name\":\"HSY Construction Machinery\",\"url\":\"https:\/\/www.hsymachinery.com\/\",\"logo\":{\"@type\":\"ImageObject\",\"inLanguage\":\"sv-SE\",\"@id\":\"https:\/\/www.hsymachinery.com\/#\/schema\/logo\/image\/\",\"url\":\"https:\/\/www.hsymachinery.com\/wp-content\/uploads\/2025\/06\/cropped-HSY-machinery.png\",\"contentUrl\":\"https:\/\/www.hsymachinery.com\/wp-content\/uploads\/2025\/06\/cropped-HSY-machinery.png\",\"width\":600,\"height\":240,\"caption\":\"HSY Construction Machinery\"},\"image\":{\"@id\":\"https:\/\/www.hsymachinery.com\/#\/schema\/logo\/image\/\"}}]}<\/script>\n<!-- \/ Yoast SEO plugin. -->","yoast_head_json":{"title":"Bockningsmaskin f\u00f6r armeringsj\u00e4rn GWH45 - HSY Anl\u00e4ggningsmaskiner","description":"Armeringsb\u00e5gsbockningsmaskin GWH45 bockar 20-45 mm armeringsj\u00e4rn till b\u00e5gar. Perfekt f\u00f6r civila projekt och export, med starkt vridmoment och h\u00f6g bockningsnoggrannhet.","robots":{"index":"index","follow":"follow","max-snippet":"max-snippet:-1","max-image-preview":"max-image-preview:large","max-video-preview":"max-video-preview:-1"},"canonical":"https:\/\/www.hsymachinery.com\/sv\/produkt\/bockningsmaskin-for-armeringsjarn-gwh45\/","og_locale":"sv_SE","og_type":"article","og_title":"Rebar Arc Bending Machine GWH45 - HSY Construction Machinery","og_description":"Rebar Arc Bending Machine GWH45 bends 20\u201345mm rebar into arcs. Perfect for civil projects and exports, with strong torque and high bending accuracy.","og_url":"https:\/\/www.hsymachinery.com\/sv\/produkt\/bockningsmaskin-for-armeringsjarn-gwh45\/","og_site_name":"HSY Construction Machinery","article_modified_time":"2025-06-27T14:55:02+00:00","og_image":[{"width":600,"height":600,"url":"https:\/\/www.hsymachinery.com\/wp-content\/uploads\/2025\/06\/Rebar-Arc-Bending-Machine-GWH45.jpg","type":"image\/jpeg"}],"twitter_card":"summary_large_image","twitter_misc":{"Ber\u00e4knad l\u00e4stid":"2 minuter"},"schema":{"@context":"https:\/\/schema.org","@graph":[{"@type":"WebPage","@id":"https:\/\/www.hsymachinery.com\/product\/rebar-arc-bending-machine-gwh45\/","url":"https:\/\/www.hsymachinery.com\/product\/rebar-arc-bending-machine-gwh45\/","name":"Bockningsmaskin f\u00f6r armeringsj\u00e4rn GWH45 - HSY Anl\u00e4ggningsmaskiner","isPartOf":{"@id":"https:\/\/www.hsymachinery.com\/#website"},"primaryImageOfPage":{"@id":"https:\/\/www.hsymachinery.com\/product\/rebar-arc-bending-machine-gwh45\/#primaryimage"},"image":{"@id":"https:\/\/www.hsymachinery.com\/product\/rebar-arc-bending-machine-gwh45\/#primaryimage"},"thumbnailUrl":"https:\/\/www.hsymachinery.com\/wp-content\/uploads\/2025\/06\/Rebar-Arc-Bending-Machine-GWH45.jpg","datePublished":"2025-06-18T04:28:44+00:00","dateModified":"2025-06-27T14:55:02+00:00","description":"Armeringsb\u00e5gsbockningsmaskin GWH45 bockar 20-45 mm armeringsj\u00e4rn till b\u00e5gar. Perfekt f\u00f6r civila projekt och export, med starkt vridmoment och h\u00f6g bockningsnoggrannhet.","breadcrumb":{"@id":"https:\/\/www.hsymachinery.com\/product\/rebar-arc-bending-machine-gwh45\/#breadcrumb"},"inLanguage":"sv-SE","potentialAction":[{"@type":"ReadAction","target":["https:\/\/www.hsymachinery.com\/product\/rebar-arc-bending-machine-gwh45\/"]}]},{"@type":"ImageObject","inLanguage":"sv-SE","@id":"https:\/\/www.hsymachinery.com\/product\/rebar-arc-bending-machine-gwh45\/#primaryimage","url":"https:\/\/www.hsymachinery.com\/wp-content\/uploads\/2025\/06\/Rebar-Arc-Bending-Machine-GWH45.jpg","contentUrl":"https:\/\/www.hsymachinery.com\/wp-content\/uploads\/2025\/06\/Rebar-Arc-Bending-Machine-GWH45.jpg","width":600,"height":600},{"@type":"BreadcrumbList","@id":"https:\/\/www.hsymachinery.com\/product\/rebar-arc-bending-machine-gwh45\/#breadcrumb","itemListElement":[{"@type":"ListItem","position":1,"name":"home","item":"https:\/\/www.hsymachinery.com\/"},{"@type":"ListItem","position":2,"name":"products","item":"https:\/\/www.hsymachinery.com\/products\/"},{"@type":"ListItem","position":3,"name":"Rebar Arc Bending Machine GWH45"}]},{"@type":"WebSite","@id":"https:\/\/www.hsymachinery.com\/#website","url":"https:\/\/www.hsymachinery.com\/","name":"HSY Anl\u00e4ggningsmaskiner","description":"HSY Machinery - En ledande leverant\u00f6r av byggmaskiner i Kina som erbjuder ett brett utbud av l\u00e4tt byggutrustning. V\u00e5ra huvudprodukter inkluderar sk\u00e4rmaskin f\u00f6r armering, bockningsmaskin f\u00f6r armering, bockningsmaskin f\u00f6r armeringsj\u00e4rn, bockningsmaskin f\u00f6r armeringsb\u00e5ge, bockningsmaskin f\u00f6r armering, bockningsmaskin f\u00f6r armeringsj\u00e4rn med fem huvuden, stampstamp, plattkomprimator, betongsk\u00e4rare, murspade och andra byggmaskiner. Vi \u00e4r utrustade med avancerade CNC-maskiner och vi till\u00e4mpar strikta kvalitetsinspektionsstandarder tillsammans med omfattande kundservice. Om du \u00e4r intresserad av v\u00e5ra produkter eller tj\u00e4nster, v\u00e4lkomnar vi varmt dina f\u00f6rfr\u00e5gningar via meddelande.","publisher":{"@id":"https:\/\/www.hsymachinery.com\/#organization"},"potentialAction":[{"@type":"SearchAction","target":{"@type":"EntryPoint","urlTemplate":"https:\/\/www.hsymachinery.com\/?s={search_term_string}"},"query-input":{"@type":"PropertyValueSpecification","valueRequired":true,"valueName":"search_term_string"}}],"inLanguage":"sv-SE"},{"@type":"Organization","@id":"https:\/\/www.hsymachinery.com\/#organization","name":"HSY Anl\u00e4ggningsmaskiner","url":"https:\/\/www.hsymachinery.com\/","logo":{"@type":"ImageObject","inLanguage":"sv-SE","@id":"https:\/\/www.hsymachinery.com\/#\/schema\/logo\/image\/","url":"https:\/\/www.hsymachinery.com\/wp-content\/uploads\/2025\/06\/cropped-HSY-machinery.png","contentUrl":"https:\/\/www.hsymachinery.com\/wp-content\/uploads\/2025\/06\/cropped-HSY-machinery.png","width":600,"height":240,"caption":"HSY Construction Machinery"},"image":{"@id":"https:\/\/www.hsymachinery.com\/#\/schema\/logo\/image\/"}}]}},"_links":{"self":[{"href":"https:\/\/www.hsymachinery.com\/sv\/wp-json\/wp\/v2\/product\/8995","targetHints":{"allow":["GET"]}}],"collection":[{"href":"https:\/\/www.hsymachinery.com\/sv\/wp-json\/wp\/v2\/product"}],"about":[{"href":"https:\/\/www.hsymachinery.com\/sv\/wp-json\/wp\/v2\/types\/product"}],"version-history":[{"count":3,"href":"https:\/\/www.hsymachinery.com\/sv\/wp-json\/wp\/v2\/product\/8995\/revisions"}],"predecessor-version":[{"id":9413,"href":"https:\/\/www.hsymachinery.com\/sv\/wp-json\/wp\/v2\/product\/8995\/revisions\/9413"}],"wp:featuredmedia":[{"embeddable":true,"href":"https:\/\/www.hsymachinery.com\/sv\/wp-json\/wp\/v2\/media\/8996"}],"wp:attachment":[{"href":"https:\/\/www.hsymachinery.com\/sv\/wp-json\/wp\/v2\/media?parent=8995"}],"wp:term":[{"taxonomy":"product_brand","embeddable":true,"href":"https:\/\/www.hsymachinery.com\/sv\/wp-json\/wp\/v2\/product_brand?post=8995"},{"taxonomy":"product_cat","embeddable":true,"href":"https:\/\/www.hsymachinery.com\/sv\/wp-json\/wp\/v2\/product_cat?post=8995"},{"taxonomy":"product_tag","embeddable":true,"href":"https:\/\/www.hsymachinery.com\/sv\/wp-json\/wp\/v2\/product_tag?post=8995"}],"curies":[{"name":"wp","href":"https:\/\/api.w.org\/{rel}","templated":true}]}}