{"id":8989,"date":"2025-06-18T12:26:12","date_gmt":"2025-06-18T04:26:12","guid":{"rendered":"https:\/\/www.hsymachinery.com\/?post_type=product&#038;p=8989"},"modified":"2025-06-27T22:44:18","modified_gmt":"2025-06-27T14:44:18","slug":"bockningsmaskin-for-armeringsjarn-gwh36","status":"publish","type":"product","link":"https:\/\/www.hsymachinery.com\/sv\/produkt\/bockningsmaskin-for-armeringsjarn-gwh36\/","title":{"rendered":"Bockningsmaskin f\u00f6r armeringsj\u00e4rn GWH36"},"content":{"rendered":"<h2 data-start=\"99\" data-end=\"138\">Bockningsmaskin f\u00f6r armeringsj\u00e4rn GWH36<\/h2>\n<h3 data-start=\"139\" data-end=\"257\">GWH36 b\u00e5gbockningsmaskin f\u00f6r st\u00e5lst\u00e4nger 16-36 mm armeringsj\u00e4rn | Bockningsmaskin med h\u00f6gt vridmoment f\u00f6r stora infrastrukturprojekt<\/h3>\n<h3 data-start=\"264\" data-end=\"334\">Produkt\u00f6versikt - Konstruerad f\u00f6r styrka och kurvad precision<\/h3>\n<p data-start=\"336\" data-end=\"618\">Den <strong data-start=\"340\" data-end=\"375\"><a href=\"https:\/\/www.hsymachinery.com\/sv\/produkter\/bagbockningsmaskin-for-armeringsjarn\/\" target=\"_blank\" rel=\"noopener\">Maskin f\u00f6r b\u00e5gbockning av armeringsj\u00e4rn<\/a> GWH36<\/strong> b\u00f6jer 16 mm till 36 mm armeringsj\u00e4rn till konsekventa b\u00e5gar och \u00f6glor. Byggproffs f\u00f6rlitar sig p\u00e5 denna modell f\u00f6r motorv\u00e4gstunnlar, stadsj\u00e4rnv\u00e4gar, flygplatsbanor och andra infrastrukturprojekt d\u00e4r kr\u00f6kt armering spelar en nyckelroll.<\/p>\n<p data-start=\"620\" data-end=\"754\">Med sin robusta konstruktion och sina precisionsreglage hj\u00e4lper GWH36 team att spara tid och minska materialspillet p\u00e5 plats eller i fabriken.<\/p>\n<h3 data-start=\"761\" data-end=\"809\">Ta full kontroll \u00f6ver radie och b\u00e5gform<\/h3>\n<p data-start=\"811\" data-end=\"1166\">Du kan enkelt justera b\u00e5gradiusen genom att flytta rullarna och st\u00e4lla in exakta vinkelstopp. Den industriklassade motorn ger ett starkt och j\u00e4mnt vridmoment s\u00e5 att du kan forma rena armeringsj\u00e4rnsb\u00f6jar - \u00e4ven vid stora diametrar. GWH36:s styrsystem g\u00f6r det m\u00f6jligt att v\u00e4xla mellan handspak och fotpedal, vilket ger full flexibilitet i driften.<\/p>\n<p data-start=\"1168\" data-end=\"1260\">Dess bockningsplattform st\u00f6der smidig matning och konsekvent formning, \u00e4ven vid upprepade uppgifter.<\/p>\n<h3 data-start=\"1267\" data-end=\"1316\">Byggd f\u00f6r h\u00e5llbarhet och exportdistribution<\/h3>\n<p data-start=\"1318\" data-end=\"1641\">GWH36 har en vibrationsresistent st\u00e5lram som h\u00e5ller f\u00f6r kontinuerlig tung anv\u00e4ndning. Du kan flytta maskinen med hj\u00e4lp av dess l\u00e4nkhjul och robusta ramhandtag. Tack vare sin kompatibilitet med dubbla sp\u00e4nningar (220V eller 380V, 50Hz\/60Hz) kan maskinen enkelt anpassas till b\u00e5de lokala och internationella kraftsystem.<\/p>\n<p data-start=\"1643\" data-end=\"1795\">Dess byggkvalitet och prestanda g\u00f6r den till ett f\u00f6rstahandsalternativ f\u00f6r entrepren\u00f6rer och armeringstillverkare som arbetar med storskaliga krav p\u00e5 kr\u00f6kt st\u00e5l.<\/p>\n<h3 data-start=\"1802\" data-end=\"1855\">Viktiga egenskaper hos Armeringsb\u00e5ge f\u00f6r armering GWH36<\/h3>\n<ul data-start=\"1857\" data-end=\"2103\">\n<li data-start=\"1857\" data-end=\"1914\">\n<p data-start=\"1859\" data-end=\"1914\">Bockar 16-36 mm st\u00e4nger till b\u00e5gar och cirklar med precision<\/p>\n<\/li>\n<li data-start=\"1915\" data-end=\"1991\">\n<p data-start=\"1917\" data-end=\"1991\">Perfekt f\u00f6r infrastruktur som t.ex. tunnelbanor, broar och st\u00f6dmurar<\/p>\n<\/li>\n<li data-start=\"1992\" data-end=\"2047\">\n<p data-start=\"1994\" data-end=\"2047\">Motor med h\u00f6gt vridmoment hanterar tuffa st\u00e4nger med stabilitet<\/p>\n<\/li>\n<li data-start=\"2048\" data-end=\"2103\">\n<p data-start=\"2050\" data-end=\"2103\">Flexibla kontroller och exportberedskap med dubbla sp\u00e4nningar<\/p>\n<\/li>\n<\/ul>\n<p><iframe title=\"#konstruktion #konstruktionsarbetare #rebarmaskin #rebarbockning #rebarbockning\" width=\"720\" height=\"405\" src=\"https:\/\/www.youtube.com\/embed\/kZFU0Z3IPgM?feature=oembed\" frameborder=\"0\" allow=\"accelerometer; autoplay; clipboard-write; encrypted-media; gyroscope; picture-in-picture; web-share\" referrerpolicy=\"strict-origin-when-cross-origin\" allowfullscreen><\/iframe><\/p>","protected":false},"excerpt":{"rendered":"<p>GWH36 Armeringsb\u00e5gsbockningsmaskin f\u00f6r armeringsj\u00e4rn bockar 16-36 mm armeringsj\u00e4rn till j\u00e4mna b\u00e5gar. Den \u00e4r byggd f\u00f6r stora jobb inom infrastruktur och st\u00f6der globala kraftsystem och l\u00e5ngvarig tung anv\u00e4ndning.<\/p>","protected":false},"featured_media":8990,"template":"","meta":{"_kad_post_transparent":"default","_kad_post_title":"","_kad_post_layout":"default","_kad_post_sidebar_id":"","_kad_post_content_style":"default","_kad_post_vertical_padding":"default","_kad_post_feature":"","_kad_post_feature_position":"","_kad_post_header":false,"_kad_post_footer":false},"product_brand":[],"product_cat":[54],"product_tag":[1022,1016,1024,1018,1023,1017,1019,1021,1020,1015],"class_list":{"0":"post-8989","1":"product","2":"type-product","3":"status-publish","4":"has-post-thumbnail","6":"product_cat-rebar-arc-bending-machine","7":"product_tag-arc-shape-bending-machine-for-rebar","8":"product_tag-automatic-rebar-arc-bender","9":"product_tag-bar-arc-bending-machine-for-construction","10":"product_tag-cnc-rebar-arc-bending-equipment","11":"product_tag-curved-rebar-bending-tool","12":"product_tag-hydraulic-arc-bending-machine","13":"product_tag-rebar-circular-bending-machine","14":"product_tag-rebar-radius-bending-machine","15":"product_tag-round-bending-machine-for-steel-bars","16":"product_tag-steel-arc-bending-machine","18":"first","19":"instock","20":"featured","21":"shipping-taxable","22":"product-type-simple","23":"entry","24":"content-bg","25":"loop-entry"},"yoast_head":"<!-- This site is optimized with the Yoast SEO plugin v25.3.1 - https:\/\/yoast.com\/wordpress\/plugins\/seo\/ -->\n<title>Rebar Arc Bending Machine GWH36 - HSY Construction Machinery<\/title>\n<meta name=\"description\" content=\"Rebar Arc Bending Machine GWH36 bends 16\u201336mm steel bars into smooth curves. Ideal for tunnels, highways, and export construction use.\" \/>\n<meta name=\"robots\" content=\"index, follow, max-snippet:-1, max-image-preview:large, max-video-preview:-1\" \/>\n<link rel=\"canonical\" href=\"https:\/\/www.hsymachinery.com\/sv\/produkt\/bockningsmaskin-for-armeringsjarn-gwh36\/\" \/>\n<meta property=\"og:locale\" content=\"sv_SE\" \/>\n<meta property=\"og:type\" content=\"article\" \/>\n<meta property=\"og:title\" content=\"Rebar Arc Bending Machine GWH36 - HSY Construction Machinery\" \/>\n<meta property=\"og:description\" content=\"Rebar Arc Bending Machine GWH36 bends 16\u201336mm steel bars into smooth curves. Ideal for tunnels, highways, and export construction use.\" \/>\n<meta property=\"og:url\" content=\"https:\/\/www.hsymachinery.com\/sv\/produkt\/bockningsmaskin-for-armeringsjarn-gwh36\/\" \/>\n<meta property=\"og:site_name\" content=\"HSY Construction Machinery\" \/>\n<meta property=\"article:modified_time\" content=\"2025-06-27T14:44:18+00:00\" \/>\n<meta property=\"og:image\" content=\"https:\/\/www.hsymachinery.com\/wp-content\/uploads\/2025\/06\/Rebar-Arc-Bending-Machine-GWH36.jpg\" \/>\n\t<meta property=\"og:image:width\" content=\"600\" \/>\n\t<meta property=\"og:image:height\" content=\"600\" \/>\n\t<meta property=\"og:image:type\" content=\"image\/jpeg\" \/>\n<meta name=\"twitter:card\" content=\"summary_large_image\" \/>\n<meta name=\"twitter:label1\" content=\"Ber\u00e4knad l\u00e4stid\" \/>\n\t<meta name=\"twitter:data1\" content=\"2 minuter\" \/>\n<script type=\"application\/ld+json\" class=\"yoast-schema-graph\">{\"@context\":\"https:\/\/schema.org\",\"@graph\":[{\"@type\":\"WebPage\",\"@id\":\"https:\/\/www.hsymachinery.com\/product\/rebar-arc-bending-machine-gwh36\/\",\"url\":\"https:\/\/www.hsymachinery.com\/product\/rebar-arc-bending-machine-gwh36\/\",\"name\":\"Rebar Arc Bending Machine GWH36 - HSY Construction Machinery\",\"isPartOf\":{\"@id\":\"https:\/\/www.hsymachinery.com\/#website\"},\"primaryImageOfPage\":{\"@id\":\"https:\/\/www.hsymachinery.com\/product\/rebar-arc-bending-machine-gwh36\/#primaryimage\"},\"image\":{\"@id\":\"https:\/\/www.hsymachinery.com\/product\/rebar-arc-bending-machine-gwh36\/#primaryimage\"},\"thumbnailUrl\":\"https:\/\/www.hsymachinery.com\/wp-content\/uploads\/2025\/06\/Rebar-Arc-Bending-Machine-GWH36.jpg\",\"datePublished\":\"2025-06-18T04:26:12+00:00\",\"dateModified\":\"2025-06-27T14:44:18+00:00\",\"description\":\"Rebar Arc Bending Machine GWH36 bends 16\u201336mm steel bars into smooth curves. Ideal for tunnels, highways, and export construction use.\",\"breadcrumb\":{\"@id\":\"https:\/\/www.hsymachinery.com\/product\/rebar-arc-bending-machine-gwh36\/#breadcrumb\"},\"inLanguage\":\"sv-SE\",\"potentialAction\":[{\"@type\":\"ReadAction\",\"target\":[\"https:\/\/www.hsymachinery.com\/product\/rebar-arc-bending-machine-gwh36\/\"]}]},{\"@type\":\"ImageObject\",\"inLanguage\":\"sv-SE\",\"@id\":\"https:\/\/www.hsymachinery.com\/product\/rebar-arc-bending-machine-gwh36\/#primaryimage\",\"url\":\"https:\/\/www.hsymachinery.com\/wp-content\/uploads\/2025\/06\/Rebar-Arc-Bending-Machine-GWH36.jpg\",\"contentUrl\":\"https:\/\/www.hsymachinery.com\/wp-content\/uploads\/2025\/06\/Rebar-Arc-Bending-Machine-GWH36.jpg\",\"width\":600,\"height\":600},{\"@type\":\"BreadcrumbList\",\"@id\":\"https:\/\/www.hsymachinery.com\/product\/rebar-arc-bending-machine-gwh36\/#breadcrumb\",\"itemListElement\":[{\"@type\":\"ListItem\",\"position\":1,\"name\":\"home\",\"item\":\"https:\/\/www.hsymachinery.com\/\"},{\"@type\":\"ListItem\",\"position\":2,\"name\":\"products\",\"item\":\"https:\/\/www.hsymachinery.com\/products\/\"},{\"@type\":\"ListItem\",\"position\":3,\"name\":\"Rebar Arc Bending Machine GWH36\"}]},{\"@type\":\"WebSite\",\"@id\":\"https:\/\/www.hsymachinery.com\/#website\",\"url\":\"https:\/\/www.hsymachinery.com\/\",\"name\":\"HSY Construction Machinery\",\"description\":\"HSY Machinery \u2013 A leading China construction machinery supplier, offering a wide range of light construction equipment. Our main products include Rebar Cutting Machine, Rebar Bending Machine, Rebar Stirrup Bending Machine, Rebar Arc Bending Machine, Rebar Straightening Machine, Five-Head Rebar Stirrup Bending Machine, Tamping Rammer, Plate Compactor, Concrete Cutter, Power Trowel, and other construction machinery. We are equipped with advanced CNC machines, and we enforce strict quality inspection standards along with comprehensive after-sales service. If you are interested in our products or services, we warmly welcome your inquiries via message.\",\"publisher\":{\"@id\":\"https:\/\/www.hsymachinery.com\/#organization\"},\"potentialAction\":[{\"@type\":\"SearchAction\",\"target\":{\"@type\":\"EntryPoint\",\"urlTemplate\":\"https:\/\/www.hsymachinery.com\/?s={search_term_string}\"},\"query-input\":{\"@type\":\"PropertyValueSpecification\",\"valueRequired\":true,\"valueName\":\"search_term_string\"}}],\"inLanguage\":\"sv-SE\"},{\"@type\":\"Organization\",\"@id\":\"https:\/\/www.hsymachinery.com\/#organization\",\"name\":\"HSY Construction Machinery\",\"url\":\"https:\/\/www.hsymachinery.com\/\",\"logo\":{\"@type\":\"ImageObject\",\"inLanguage\":\"sv-SE\",\"@id\":\"https:\/\/www.hsymachinery.com\/#\/schema\/logo\/image\/\",\"url\":\"https:\/\/www.hsymachinery.com\/wp-content\/uploads\/2025\/06\/cropped-HSY-machinery.png\",\"contentUrl\":\"https:\/\/www.hsymachinery.com\/wp-content\/uploads\/2025\/06\/cropped-HSY-machinery.png\",\"width\":600,\"height\":240,\"caption\":\"HSY Construction Machinery\"},\"image\":{\"@id\":\"https:\/\/www.hsymachinery.com\/#\/schema\/logo\/image\/\"}}]}<\/script>\n<!-- \/ Yoast SEO plugin. -->","yoast_head_json":{"title":"Armeringsb\u00e5gsbockningsmaskin GWH36 - HSY Anl\u00e4ggningsmaskiner","description":"Armeringsb\u00e5gsbockningsmaskin GWH36 bockar 16-36 mm st\u00e5lst\u00e4nger till mjuka kurvor. Idealisk f\u00f6r tunnlar, motorv\u00e4gar och exportkonstruktioner.","robots":{"index":"index","follow":"follow","max-snippet":"max-snippet:-1","max-image-preview":"max-image-preview:large","max-video-preview":"max-video-preview:-1"},"canonical":"https:\/\/www.hsymachinery.com\/sv\/produkt\/bockningsmaskin-for-armeringsjarn-gwh36\/","og_locale":"sv_SE","og_type":"article","og_title":"Rebar Arc Bending Machine GWH36 - HSY Construction Machinery","og_description":"Rebar Arc Bending Machine GWH36 bends 16\u201336mm steel bars into smooth curves. Ideal for tunnels, highways, and export construction use.","og_url":"https:\/\/www.hsymachinery.com\/sv\/produkt\/bockningsmaskin-for-armeringsjarn-gwh36\/","og_site_name":"HSY Construction Machinery","article_modified_time":"2025-06-27T14:44:18+00:00","og_image":[{"width":600,"height":600,"url":"https:\/\/www.hsymachinery.com\/wp-content\/uploads\/2025\/06\/Rebar-Arc-Bending-Machine-GWH36.jpg","type":"image\/jpeg"}],"twitter_card":"summary_large_image","twitter_misc":{"Ber\u00e4knad l\u00e4stid":"2 minuter"},"schema":{"@context":"https:\/\/schema.org","@graph":[{"@type":"WebPage","@id":"https:\/\/www.hsymachinery.com\/product\/rebar-arc-bending-machine-gwh36\/","url":"https:\/\/www.hsymachinery.com\/product\/rebar-arc-bending-machine-gwh36\/","name":"Armeringsb\u00e5gsbockningsmaskin GWH36 - HSY Anl\u00e4ggningsmaskiner","isPartOf":{"@id":"https:\/\/www.hsymachinery.com\/#website"},"primaryImageOfPage":{"@id":"https:\/\/www.hsymachinery.com\/product\/rebar-arc-bending-machine-gwh36\/#primaryimage"},"image":{"@id":"https:\/\/www.hsymachinery.com\/product\/rebar-arc-bending-machine-gwh36\/#primaryimage"},"thumbnailUrl":"https:\/\/www.hsymachinery.com\/wp-content\/uploads\/2025\/06\/Rebar-Arc-Bending-Machine-GWH36.jpg","datePublished":"2025-06-18T04:26:12+00:00","dateModified":"2025-06-27T14:44:18+00:00","description":"Armeringsb\u00e5gsbockningsmaskin GWH36 bockar 16-36 mm st\u00e5lst\u00e4nger till mjuka kurvor. Idealisk f\u00f6r tunnlar, motorv\u00e4gar och exportkonstruktioner.","breadcrumb":{"@id":"https:\/\/www.hsymachinery.com\/product\/rebar-arc-bending-machine-gwh36\/#breadcrumb"},"inLanguage":"sv-SE","potentialAction":[{"@type":"ReadAction","target":["https:\/\/www.hsymachinery.com\/product\/rebar-arc-bending-machine-gwh36\/"]}]},{"@type":"ImageObject","inLanguage":"sv-SE","@id":"https:\/\/www.hsymachinery.com\/product\/rebar-arc-bending-machine-gwh36\/#primaryimage","url":"https:\/\/www.hsymachinery.com\/wp-content\/uploads\/2025\/06\/Rebar-Arc-Bending-Machine-GWH36.jpg","contentUrl":"https:\/\/www.hsymachinery.com\/wp-content\/uploads\/2025\/06\/Rebar-Arc-Bending-Machine-GWH36.jpg","width":600,"height":600},{"@type":"BreadcrumbList","@id":"https:\/\/www.hsymachinery.com\/product\/rebar-arc-bending-machine-gwh36\/#breadcrumb","itemListElement":[{"@type":"ListItem","position":1,"name":"home","item":"https:\/\/www.hsymachinery.com\/"},{"@type":"ListItem","position":2,"name":"products","item":"https:\/\/www.hsymachinery.com\/products\/"},{"@type":"ListItem","position":3,"name":"Rebar Arc Bending Machine GWH36"}]},{"@type":"WebSite","@id":"https:\/\/www.hsymachinery.com\/#website","url":"https:\/\/www.hsymachinery.com\/","name":"HSY Anl\u00e4ggningsmaskiner","description":"HSY Machinery - En ledande leverant\u00f6r av byggmaskiner i Kina som erbjuder ett brett utbud av l\u00e4tt byggutrustning. V\u00e5ra huvudprodukter inkluderar sk\u00e4rmaskin f\u00f6r armering, bockningsmaskin f\u00f6r armering, bockningsmaskin f\u00f6r armeringsj\u00e4rn, bockningsmaskin f\u00f6r armeringsb\u00e5ge, bockningsmaskin f\u00f6r armering, bockningsmaskin f\u00f6r armeringsj\u00e4rn med fem huvuden, stampstamp, plattkomprimator, betongsk\u00e4rare, murspade och andra byggmaskiner. Vi \u00e4r utrustade med avancerade CNC-maskiner och vi till\u00e4mpar strikta kvalitetsinspektionsstandarder tillsammans med omfattande kundservice. Om du \u00e4r intresserad av v\u00e5ra produkter eller tj\u00e4nster, v\u00e4lkomnar vi varmt dina f\u00f6rfr\u00e5gningar via meddelande.","publisher":{"@id":"https:\/\/www.hsymachinery.com\/#organization"},"potentialAction":[{"@type":"SearchAction","target":{"@type":"EntryPoint","urlTemplate":"https:\/\/www.hsymachinery.com\/?s={search_term_string}"},"query-input":{"@type":"PropertyValueSpecification","valueRequired":true,"valueName":"search_term_string"}}],"inLanguage":"sv-SE"},{"@type":"Organization","@id":"https:\/\/www.hsymachinery.com\/#organization","name":"HSY Anl\u00e4ggningsmaskiner","url":"https:\/\/www.hsymachinery.com\/","logo":{"@type":"ImageObject","inLanguage":"sv-SE","@id":"https:\/\/www.hsymachinery.com\/#\/schema\/logo\/image\/","url":"https:\/\/www.hsymachinery.com\/wp-content\/uploads\/2025\/06\/cropped-HSY-machinery.png","contentUrl":"https:\/\/www.hsymachinery.com\/wp-content\/uploads\/2025\/06\/cropped-HSY-machinery.png","width":600,"height":240,"caption":"HSY Construction Machinery"},"image":{"@id":"https:\/\/www.hsymachinery.com\/#\/schema\/logo\/image\/"}}]}},"_links":{"self":[{"href":"https:\/\/www.hsymachinery.com\/sv\/wp-json\/wp\/v2\/product\/8989","targetHints":{"allow":["GET"]}}],"collection":[{"href":"https:\/\/www.hsymachinery.com\/sv\/wp-json\/wp\/v2\/product"}],"about":[{"href":"https:\/\/www.hsymachinery.com\/sv\/wp-json\/wp\/v2\/types\/product"}],"version-history":[{"count":4,"href":"https:\/\/www.hsymachinery.com\/sv\/wp-json\/wp\/v2\/product\/8989\/revisions"}],"predecessor-version":[{"id":9409,"href":"https:\/\/www.hsymachinery.com\/sv\/wp-json\/wp\/v2\/product\/8989\/revisions\/9409"}],"wp:featuredmedia":[{"embeddable":true,"href":"https:\/\/www.hsymachinery.com\/sv\/wp-json\/wp\/v2\/media\/8990"}],"wp:attachment":[{"href":"https:\/\/www.hsymachinery.com\/sv\/wp-json\/wp\/v2\/media?parent=8989"}],"wp:term":[{"taxonomy":"product_brand","embeddable":true,"href":"https:\/\/www.hsymachinery.com\/sv\/wp-json\/wp\/v2\/product_brand?post=8989"},{"taxonomy":"product_cat","embeddable":true,"href":"https:\/\/www.hsymachinery.com\/sv\/wp-json\/wp\/v2\/product_cat?post=8989"},{"taxonomy":"product_tag","embeddable":true,"href":"https:\/\/www.hsymachinery.com\/sv\/wp-json\/wp\/v2\/product_tag?post=8989"}],"curies":[{"name":"wp","href":"https:\/\/api.w.org\/{rel}","templated":true}]}}