{"id":8952,"date":"2025-06-18T12:03:03","date_gmt":"2025-06-18T04:03:03","guid":{"rendered":"https:\/\/www.hsymachinery.com\/?post_type=product&#038;p=8952"},"modified":"2025-06-25T23:33:40","modified_gmt":"2025-06-25T15:33:40","slug":"maskin-for-bockning-av-armeringsjarn-gw60","status":"publish","type":"product","link":"https:\/\/www.hsymachinery.com\/sv\/produkt\/maskin-for-bockning-av-armeringsjarn-gw60\/","title":{"rendered":"Maskin f\u00f6r bockning av armeringsj\u00e4rn GW60"},"content":{"rendered":"<h3 data-start=\"435\" data-end=\"546\">Kraftig armeringsbockningsmaskin GW60 f\u00f6r 6-45 mm st\u00e5l | Industriell st\u00e5lbockningsmaskin f\u00f6r armeringsprojekt<\/h3>\n<h3 data-start=\"553\" data-end=\"644\">\u00a0Produkt\u00f6versikt - Avancerad st\u00e5ngformningsmaskin f\u00f6r konstruktion f\u00f6r bockning av tjockt st\u00e5l<\/h3>\n<p data-start=\"646\" data-end=\"973\">Den <strong data-start=\"650\" data-end=\"680\"><a href=\"https:\/\/www.hsymachinery.com\/sv\/produkter\/maskin-for-bockning-av-armeringsjarn\/\" target=\"_blank\" rel=\"noopener\">Maskin f\u00f6r bockning av armeringsj\u00e4rn<\/a> GW60<\/strong> \u00e4r konstruerad f\u00f6r att hantera st\u00e5lst\u00e4nger fr\u00e5n 6 mm till 45 mm och erbjuder tillf\u00f6rlitlig bockningsprestanda f\u00f6r stora bygg- och prefabriceringsprojekt. Fr\u00e5n motorv\u00e4gsbroar till industrikolonner - detta robusta verktyg f\u00f6r formning av armeringsj\u00e4rn ger konsekvent vinkelkontroll och h\u00f6g produktionseffektivitet.<\/p>\n<p data-start=\"975\" data-end=\"1107\">Entrepren\u00f6rer v\u00e4ljer GW60 n\u00e4r de beh\u00f6ver mer vridmoment, starkare struktur och st\u00f6rre arbetskapacitet \u00e4n med vanliga armeringsj\u00e4rnbockare.<\/p>\n<h3 data-start=\"1114\" data-end=\"1165\">Kraftfull motor med ut\u00f6kad bockningsyta<\/h3>\n<p data-start=\"1167\" data-end=\"1500\">Maskinen har en bockningsskiva med stor diameter, f\u00f6rst\u00e4rkta bockningsstift och dubbla justerbara stoppare f\u00f6r exakta vinkelinst\u00e4llningar. Anv\u00e4ndarna kan snabbt och tillf\u00f6rlitligt v\u00e4lja en vinkel p\u00e5 upp till 180\u00b0. Den industriella kopparmotorn ger ett h\u00f6gt vridmoment, medan den f\u00f6rseglade v\u00e4xell\u00e5dan s\u00e4kerst\u00e4ller tyst och stabil prestanda \u00f6ver tid.<\/p>\n<p data-start=\"1502\" data-end=\"1677\">GW60 har dessutom en n\u00f6dstoppsbrytare och erbjuder b\u00e5de manuella och fotpedalstyrda l\u00e4gen, vilket \u00f6kar f\u00f6rarens flexibilitet och s\u00e4kerheten p\u00e5 arbetsplatsen.<\/p>\n<h3 data-start=\"1684\" data-end=\"1727\">Robust ram och exportt\u00e5lig design<\/h3>\n<p data-start=\"1729\" data-end=\"2091\">Den f\u00f6rtjockade st\u00e5lramen och det st\u00f6tt\u00e5liga h\u00f6ljet g\u00f6r att GW60 fungerar tillf\u00f6rlitligt i tuffa milj\u00f6er. Enheten \u00e4r monterad p\u00e5 solida hjul f\u00f6r enkel transport mellan stationer. Med anpassningsbar ing\u00e5ngssp\u00e4nning (220V\/380V, 50Hz\/60Hz) \u00e4r den h\u00e4r modellen helt l\u00e4mplig f\u00f6r internationell export, inklusive Afrika, Sydostasien och Latinamerika.<\/p>\n<p data-start=\"2093\" data-end=\"2193\">Den v\u00e4derskyddade kontrollpanelen g\u00f6r att maskinen kan anv\u00e4ndas p\u00e5 delvis utsatta arbetsplatser.<\/p>\n<h3 data-start=\"2200\" data-end=\"2241\">Viktiga f\u00f6rdelar med GW60 Rebar Bender<\/h3>\n<ul data-start=\"2243\" data-end=\"2494\">\n<li data-start=\"2243\" data-end=\"2306\">\n<p data-start=\"2245\" data-end=\"2306\">Bockar effektivt 6-45 mm st\u00e5lst\u00e4nger med h\u00f6g repeterbarhet<\/p>\n<\/li>\n<li data-start=\"2307\" data-end=\"2378\">\n<p data-start=\"2309\" data-end=\"2378\">Idealisk f\u00f6r broar, prefabricerade byggnader, tunnelarmering och mycket mer<\/p>\n<\/li>\n<li data-start=\"2379\" data-end=\"2433\">\n<p data-start=\"2381\" data-end=\"2433\">Stor bockningsplatta ger \u00f6kad precision och styrka<\/p>\n<\/li>\n<li data-start=\"2434\" data-end=\"2494\">\n<p data-start=\"2436\" data-end=\"2494\">St\u00f6d f\u00f6r flera sp\u00e4nningar f\u00f6r global byggverksamhet<\/p>\n<\/li>\n<\/ul>\n<p><iframe title=\"#konstruktion #konstruktionsarbetare #rebarmaskin #rebarbockning #rebarbockning\" width=\"720\" height=\"405\" src=\"https:\/\/www.youtube.com\/embed\/GX-U7SGMcVc?feature=oembed\" frameborder=\"0\" allow=\"accelerometer; autoplay; clipboard-write; encrypted-media; gyroscope; picture-in-picture; web-share\" referrerpolicy=\"strict-origin-when-cross-origin\" allowfullscreen><\/iframe><\/p>","protected":false},"excerpt":{"rendered":"<p>Armeringsbockningsmaskin GW60 hanterar 6-45 mm st\u00e5lst\u00e4nger med h\u00f6gt vridmoment, exakta vinklar och en robust ram. Idealisk f\u00f6r industrianl\u00e4ggningar och redo f\u00f6r export \u00f6ver hela v\u00e4rlden.<\/p>","protected":false},"featured_media":8953,"template":"","meta":{"_kad_post_transparent":"default","_kad_post_title":"","_kad_post_layout":"default","_kad_post_sidebar_id":"","_kad_post_content_style":"default","_kad_post_vertical_padding":"default","_kad_post_feature":"","_kad_post_feature_position":"","_kad_post_header":false,"_kad_post_footer":false},"product_brand":[],"product_cat":[28],"product_tag":[998,1004,996,1003,997,1000,1001,999,995,1002],"class_list":{"0":"post-8952","1":"product","2":"type-product","3":"status-publish","4":"has-post-thumbnail","6":"product_cat-rebar-bending-machine","7":"product_tag-automatic-rebar-bending-machine","8":"product_tag-bar-bending-machine-price","9":"product_tag-cnc-rebar-bending-machine","10":"product_tag-construction-rebar-bender","11":"product_tag-electric-rebar-bender","12":"product_tag-electric-rebar-bending-machine","13":"product_tag-hydraulic-rebar-bending-machine","14":"product_tag-portable-rebar-bender","15":"product_tag-rebar-bender","16":"product_tag-steel-bar-bender","18":"first","19":"instock","20":"shipping-taxable","21":"product-type-simple","22":"entry","23":"content-bg","24":"loop-entry"},"yoast_head":"<!-- This site is optimized with the Yoast SEO plugin v25.3.1 - https:\/\/yoast.com\/wordpress\/plugins\/seo\/ -->\n<title>Rebar Bending Machine GW60 - HSY Construction Machinery<\/title>\n<meta name=\"description\" content=\"Rebar Bending Machine GW60 offers reliable bending for 6\u201345mm steel bars. This industrial-grade bar forming machine is ideal for heavy construction and global export projects.\" \/>\n<meta name=\"robots\" content=\"index, follow, max-snippet:-1, max-image-preview:large, max-video-preview:-1\" \/>\n<link rel=\"canonical\" href=\"https:\/\/www.hsymachinery.com\/sv\/produkt\/maskin-for-bockning-av-armeringsjarn-gw60\/\" \/>\n<meta property=\"og:locale\" content=\"sv_SE\" \/>\n<meta property=\"og:type\" content=\"article\" \/>\n<meta property=\"og:title\" content=\"Rebar Bending Machine GW60 - HSY Construction Machinery\" \/>\n<meta property=\"og:description\" content=\"Rebar Bending Machine GW60 offers reliable bending for 6\u201345mm steel bars. This industrial-grade bar forming machine is ideal for heavy construction and global export projects.\" \/>\n<meta property=\"og:url\" content=\"https:\/\/www.hsymachinery.com\/sv\/produkt\/maskin-for-bockning-av-armeringsjarn-gw60\/\" \/>\n<meta property=\"og:site_name\" content=\"HSY Construction Machinery\" \/>\n<meta property=\"article:modified_time\" content=\"2025-06-25T15:33:40+00:00\" \/>\n<meta property=\"og:image\" content=\"https:\/\/www.hsymachinery.com\/wp-content\/uploads\/2025\/06\/Rebar-Bending-Machine-GW60.jpg\" \/>\n\t<meta property=\"og:image:width\" content=\"600\" \/>\n\t<meta property=\"og:image:height\" content=\"600\" \/>\n\t<meta property=\"og:image:type\" content=\"image\/jpeg\" \/>\n<meta name=\"twitter:card\" content=\"summary_large_image\" \/>\n<meta name=\"twitter:label1\" content=\"Ber\u00e4knad l\u00e4stid\" \/>\n\t<meta name=\"twitter:data1\" content=\"2 minuter\" \/>\n<script type=\"application\/ld+json\" class=\"yoast-schema-graph\">{\"@context\":\"https:\/\/schema.org\",\"@graph\":[{\"@type\":\"WebPage\",\"@id\":\"https:\/\/www.hsymachinery.com\/product\/rebar-bending-machine-gw60\/\",\"url\":\"https:\/\/www.hsymachinery.com\/product\/rebar-bending-machine-gw60\/\",\"name\":\"Rebar Bending Machine GW60 - HSY Construction Machinery\",\"isPartOf\":{\"@id\":\"https:\/\/www.hsymachinery.com\/#website\"},\"primaryImageOfPage\":{\"@id\":\"https:\/\/www.hsymachinery.com\/product\/rebar-bending-machine-gw60\/#primaryimage\"},\"image\":{\"@id\":\"https:\/\/www.hsymachinery.com\/product\/rebar-bending-machine-gw60\/#primaryimage\"},\"thumbnailUrl\":\"https:\/\/www.hsymachinery.com\/wp-content\/uploads\/2025\/06\/Rebar-Bending-Machine-GW60.jpg\",\"datePublished\":\"2025-06-18T04:03:03+00:00\",\"dateModified\":\"2025-06-25T15:33:40+00:00\",\"description\":\"Rebar Bending Machine GW60 offers reliable bending for 6\u201345mm steel bars. This industrial-grade bar forming machine is ideal for heavy construction and global export projects.\",\"breadcrumb\":{\"@id\":\"https:\/\/www.hsymachinery.com\/product\/rebar-bending-machine-gw60\/#breadcrumb\"},\"inLanguage\":\"sv-SE\",\"potentialAction\":[{\"@type\":\"ReadAction\",\"target\":[\"https:\/\/www.hsymachinery.com\/product\/rebar-bending-machine-gw60\/\"]}]},{\"@type\":\"ImageObject\",\"inLanguage\":\"sv-SE\",\"@id\":\"https:\/\/www.hsymachinery.com\/product\/rebar-bending-machine-gw60\/#primaryimage\",\"url\":\"https:\/\/www.hsymachinery.com\/wp-content\/uploads\/2025\/06\/Rebar-Bending-Machine-GW60.jpg\",\"contentUrl\":\"https:\/\/www.hsymachinery.com\/wp-content\/uploads\/2025\/06\/Rebar-Bending-Machine-GW60.jpg\",\"width\":600,\"height\":600},{\"@type\":\"BreadcrumbList\",\"@id\":\"https:\/\/www.hsymachinery.com\/product\/rebar-bending-machine-gw60\/#breadcrumb\",\"itemListElement\":[{\"@type\":\"ListItem\",\"position\":1,\"name\":\"home\",\"item\":\"https:\/\/www.hsymachinery.com\/\"},{\"@type\":\"ListItem\",\"position\":2,\"name\":\"products\",\"item\":\"https:\/\/www.hsymachinery.com\/products\/\"},{\"@type\":\"ListItem\",\"position\":3,\"name\":\"Rebar Bending Machine GW60\"}]},{\"@type\":\"WebSite\",\"@id\":\"https:\/\/www.hsymachinery.com\/#website\",\"url\":\"https:\/\/www.hsymachinery.com\/\",\"name\":\"HSY Construction Machinery\",\"description\":\"HSY Machinery \u2013 A leading China construction machinery supplier, offering a wide range of light construction equipment. Our main products include Rebar Cutting Machine, Rebar Bending Machine, Rebar Stirrup Bending Machine, Rebar Arc Bending Machine, Rebar Straightening Machine, Five-Head Rebar Stirrup Bending Machine, Tamping Rammer, Plate Compactor, Concrete Cutter, Power Trowel, and other construction machinery. We are equipped with advanced CNC machines, and we enforce strict quality inspection standards along with comprehensive after-sales service. If you are interested in our products or services, we warmly welcome your inquiries via message.\",\"publisher\":{\"@id\":\"https:\/\/www.hsymachinery.com\/#organization\"},\"potentialAction\":[{\"@type\":\"SearchAction\",\"target\":{\"@type\":\"EntryPoint\",\"urlTemplate\":\"https:\/\/www.hsymachinery.com\/?s={search_term_string}\"},\"query-input\":{\"@type\":\"PropertyValueSpecification\",\"valueRequired\":true,\"valueName\":\"search_term_string\"}}],\"inLanguage\":\"sv-SE\"},{\"@type\":\"Organization\",\"@id\":\"https:\/\/www.hsymachinery.com\/#organization\",\"name\":\"HSY Construction Machinery\",\"url\":\"https:\/\/www.hsymachinery.com\/\",\"logo\":{\"@type\":\"ImageObject\",\"inLanguage\":\"sv-SE\",\"@id\":\"https:\/\/www.hsymachinery.com\/#\/schema\/logo\/image\/\",\"url\":\"https:\/\/www.hsymachinery.com\/wp-content\/uploads\/2025\/06\/cropped-HSY-machinery.png\",\"contentUrl\":\"https:\/\/www.hsymachinery.com\/wp-content\/uploads\/2025\/06\/cropped-HSY-machinery.png\",\"width\":600,\"height\":240,\"caption\":\"HSY Construction Machinery\"},\"image\":{\"@id\":\"https:\/\/www.hsymachinery.com\/#\/schema\/logo\/image\/\"}}]}<\/script>\n<!-- \/ Yoast SEO plugin. -->","yoast_head_json":{"title":"Armeringsbockningsmaskin GW60 - HSY Anl\u00e4ggningsmaskiner","description":"Armeringsbockningsmaskin GW60 erbjuder tillf\u00f6rlitlig bockning f\u00f6r 6-45 mm st\u00e5lst\u00e4nger. Denna st\u00e5ngformningsmaskin av industriell kvalitet \u00e4r idealisk f\u00f6r tunga bygg- och globala exportprojekt.","robots":{"index":"index","follow":"follow","max-snippet":"max-snippet:-1","max-image-preview":"max-image-preview:large","max-video-preview":"max-video-preview:-1"},"canonical":"https:\/\/www.hsymachinery.com\/sv\/produkt\/maskin-for-bockning-av-armeringsjarn-gw60\/","og_locale":"sv_SE","og_type":"article","og_title":"Rebar Bending Machine GW60 - HSY Construction Machinery","og_description":"Rebar Bending Machine GW60 offers reliable bending for 6\u201345mm steel bars. This industrial-grade bar forming machine is ideal for heavy construction and global export projects.","og_url":"https:\/\/www.hsymachinery.com\/sv\/produkt\/maskin-for-bockning-av-armeringsjarn-gw60\/","og_site_name":"HSY Construction Machinery","article_modified_time":"2025-06-25T15:33:40+00:00","og_image":[{"width":600,"height":600,"url":"https:\/\/www.hsymachinery.com\/wp-content\/uploads\/2025\/06\/Rebar-Bending-Machine-GW60.jpg","type":"image\/jpeg"}],"twitter_card":"summary_large_image","twitter_misc":{"Ber\u00e4knad l\u00e4stid":"2 minuter"},"schema":{"@context":"https:\/\/schema.org","@graph":[{"@type":"WebPage","@id":"https:\/\/www.hsymachinery.com\/product\/rebar-bending-machine-gw60\/","url":"https:\/\/www.hsymachinery.com\/product\/rebar-bending-machine-gw60\/","name":"Armeringsbockningsmaskin GW60 - HSY Anl\u00e4ggningsmaskiner","isPartOf":{"@id":"https:\/\/www.hsymachinery.com\/#website"},"primaryImageOfPage":{"@id":"https:\/\/www.hsymachinery.com\/product\/rebar-bending-machine-gw60\/#primaryimage"},"image":{"@id":"https:\/\/www.hsymachinery.com\/product\/rebar-bending-machine-gw60\/#primaryimage"},"thumbnailUrl":"https:\/\/www.hsymachinery.com\/wp-content\/uploads\/2025\/06\/Rebar-Bending-Machine-GW60.jpg","datePublished":"2025-06-18T04:03:03+00:00","dateModified":"2025-06-25T15:33:40+00:00","description":"Armeringsbockningsmaskin GW60 erbjuder tillf\u00f6rlitlig bockning f\u00f6r 6-45 mm st\u00e5lst\u00e4nger. Denna st\u00e5ngformningsmaskin av industriell kvalitet \u00e4r idealisk f\u00f6r tunga bygg- och globala exportprojekt.","breadcrumb":{"@id":"https:\/\/www.hsymachinery.com\/product\/rebar-bending-machine-gw60\/#breadcrumb"},"inLanguage":"sv-SE","potentialAction":[{"@type":"ReadAction","target":["https:\/\/www.hsymachinery.com\/product\/rebar-bending-machine-gw60\/"]}]},{"@type":"ImageObject","inLanguage":"sv-SE","@id":"https:\/\/www.hsymachinery.com\/product\/rebar-bending-machine-gw60\/#primaryimage","url":"https:\/\/www.hsymachinery.com\/wp-content\/uploads\/2025\/06\/Rebar-Bending-Machine-GW60.jpg","contentUrl":"https:\/\/www.hsymachinery.com\/wp-content\/uploads\/2025\/06\/Rebar-Bending-Machine-GW60.jpg","width":600,"height":600},{"@type":"BreadcrumbList","@id":"https:\/\/www.hsymachinery.com\/product\/rebar-bending-machine-gw60\/#breadcrumb","itemListElement":[{"@type":"ListItem","position":1,"name":"home","item":"https:\/\/www.hsymachinery.com\/"},{"@type":"ListItem","position":2,"name":"products","item":"https:\/\/www.hsymachinery.com\/products\/"},{"@type":"ListItem","position":3,"name":"Rebar Bending Machine GW60"}]},{"@type":"WebSite","@id":"https:\/\/www.hsymachinery.com\/#website","url":"https:\/\/www.hsymachinery.com\/","name":"HSY Anl\u00e4ggningsmaskiner","description":"HSY Machinery - En ledande leverant\u00f6r av byggmaskiner i Kina som erbjuder ett brett utbud av l\u00e4tt byggutrustning. V\u00e5ra huvudprodukter inkluderar sk\u00e4rmaskin f\u00f6r armering, bockningsmaskin f\u00f6r armering, bockningsmaskin f\u00f6r armeringsj\u00e4rn, bockningsmaskin f\u00f6r armeringsb\u00e5ge, bockningsmaskin f\u00f6r armering, bockningsmaskin f\u00f6r armeringsj\u00e4rn med fem huvuden, stampstamp, plattkomprimator, betongsk\u00e4rare, murspade och andra byggmaskiner. Vi \u00e4r utrustade med avancerade CNC-maskiner och vi till\u00e4mpar strikta kvalitetsinspektionsstandarder tillsammans med omfattande kundservice. Om du \u00e4r intresserad av v\u00e5ra produkter eller tj\u00e4nster, v\u00e4lkomnar vi varmt dina f\u00f6rfr\u00e5gningar via meddelande.","publisher":{"@id":"https:\/\/www.hsymachinery.com\/#organization"},"potentialAction":[{"@type":"SearchAction","target":{"@type":"EntryPoint","urlTemplate":"https:\/\/www.hsymachinery.com\/?s={search_term_string}"},"query-input":{"@type":"PropertyValueSpecification","valueRequired":true,"valueName":"search_term_string"}}],"inLanguage":"sv-SE"},{"@type":"Organization","@id":"https:\/\/www.hsymachinery.com\/#organization","name":"HSY Anl\u00e4ggningsmaskiner","url":"https:\/\/www.hsymachinery.com\/","logo":{"@type":"ImageObject","inLanguage":"sv-SE","@id":"https:\/\/www.hsymachinery.com\/#\/schema\/logo\/image\/","url":"https:\/\/www.hsymachinery.com\/wp-content\/uploads\/2025\/06\/cropped-HSY-machinery.png","contentUrl":"https:\/\/www.hsymachinery.com\/wp-content\/uploads\/2025\/06\/cropped-HSY-machinery.png","width":600,"height":240,"caption":"HSY Construction Machinery"},"image":{"@id":"https:\/\/www.hsymachinery.com\/#\/schema\/logo\/image\/"}}]}},"_links":{"self":[{"href":"https:\/\/www.hsymachinery.com\/sv\/wp-json\/wp\/v2\/product\/8952","targetHints":{"allow":["GET"]}}],"collection":[{"href":"https:\/\/www.hsymachinery.com\/sv\/wp-json\/wp\/v2\/product"}],"about":[{"href":"https:\/\/www.hsymachinery.com\/sv\/wp-json\/wp\/v2\/types\/product"}],"version-history":[{"count":3,"href":"https:\/\/www.hsymachinery.com\/sv\/wp-json\/wp\/v2\/product\/8952\/revisions"}],"predecessor-version":[{"id":9359,"href":"https:\/\/www.hsymachinery.com\/sv\/wp-json\/wp\/v2\/product\/8952\/revisions\/9359"}],"wp:featuredmedia":[{"embeddable":true,"href":"https:\/\/www.hsymachinery.com\/sv\/wp-json\/wp\/v2\/media\/8953"}],"wp:attachment":[{"href":"https:\/\/www.hsymachinery.com\/sv\/wp-json\/wp\/v2\/media?parent=8952"}],"wp:term":[{"taxonomy":"product_brand","embeddable":true,"href":"https:\/\/www.hsymachinery.com\/sv\/wp-json\/wp\/v2\/product_brand?post=8952"},{"taxonomy":"product_cat","embeddable":true,"href":"https:\/\/www.hsymachinery.com\/sv\/wp-json\/wp\/v2\/product_cat?post=8952"},{"taxonomy":"product_tag","embeddable":true,"href":"https:\/\/www.hsymachinery.com\/sv\/wp-json\/wp\/v2\/product_tag?post=8952"}],"curies":[{"name":"wp","href":"https:\/\/api.w.org\/{rel}","templated":true}]}}