{"id":8915,"date":"2025-06-18T11:20:51","date_gmt":"2025-06-18T03:20:51","guid":{"rendered":"https:\/\/www.hsymachinery.com\/?post_type=product&#038;p=8915"},"modified":"2025-06-25T20:44:22","modified_gmt":"2025-06-25T12:44:22","slug":"maskin-for-skarning-av-armeringsjarn-gq45-platt-kniv","status":"publish","type":"product","link":"https:\/\/www.hsymachinery.com\/sv\/produkt\/maskin-for-skarning-av-armeringsjarn-gq45-platt-kniv\/","title":{"rendered":"Armeringssk\u00e4rningsmaskin GQ45 (platt kniv)"},"content":{"rendered":"<h3 data-start=\"349\" data-end=\"433\">Mellanstor utrustning f\u00f6r armeringssk\u00e4rning f\u00f6r bygg- och st\u00e5ltillverkningsprojekt<\/h3>\n<h3 data-start=\"440\" data-end=\"510\">Produkt\u00f6versikt - St\u00e5ngkap med platt blad f\u00f6r 6-36 mm armeringsj\u00e4rn<\/h3>\n<p data-start=\"512\" data-end=\"969\">Den <strong data-start=\"516\" data-end=\"559\">Armeringssk\u00e4rningsmaskin GQ45 (platt kniv)<\/strong> \u00e4r en st\u00e5lsk\u00e4rmaskin av professionell kvalitet som \u00e4r utformad f\u00f6r medelstora till storskaliga byggprojekt. Med sin starka sk\u00e4rkapacitet \u00e4r denna maskin f\u00f6r bearbetning av armeringsj\u00e4rn idealisk f\u00f6r att sk\u00e4ra kolst\u00e5l, deformerade st\u00e4nger och runda st\u00e4nger fr\u00e5n <strong data-start=\"798\" data-end=\"813\">6 mm till 36 mm<\/strong> i diameter. J\u00e4mf\u00f6rt med tidigare modeller har GQ45 f\u00f6rb\u00e4ttrad styrka, h\u00e5llbarhet och kapningseffektivitet, vilket g\u00f6r den perfekt f\u00f6r kr\u00e4vande anl\u00e4ggningsarbeten.<\/p>\n<h3 data-start=\"976\" data-end=\"1044\">\u00a0H\u00f6gpresterande armeringssk\u00e4rare med platt kniv och j\u00e4mn klippning<\/h3>\n<p data-start=\"1046\" data-end=\"1335\">Maskinen har ett sk\u00e4rsystem med plana knivar som ger rena, gradfria snitt samtidigt som deformationen av st\u00e5ngen minimeras. Detta s\u00e4kerst\u00e4ller h\u00f6gkvalitativa resultat och minskar materialspillet. Dessutom kan knivarna bytas ut snabbt och enkelt, vilket f\u00f6rb\u00e4ttrar driftseffektiviteten.<\/p>\n<p data-start=\"1337\" data-end=\"1634\">En kraftfull kopparmotor driver enheten och ger ett j\u00e4mnt vridmoment under l\u00e5nga arbetspass. Precisionsv\u00e4xell\u00e5dan och de h\u00e4rdade kugghjulen ger en j\u00e4mn kraft\u00f6verf\u00f6ring och minskat slitage. Som ett resultat av detta <a href=\"https:\/\/www.hsymachinery.com\/sv\/produkter\/maskin-for-skarning-av-armeringsjarn\/\" target=\"_blank\" rel=\"noopener\">Maskin f\u00f6r sk\u00e4rning av armeringsj\u00e4rn<\/a> GQ45 (Flat Knife) fungerar tillf\u00f6rlitligt under tuffa f\u00f6rh\u00e5llanden p\u00e5 arbetsplatsen.<\/p>\n<h3 data-start=\"1641\" data-end=\"1720\">H\u00e5llbar kaputrustning f\u00f6r byggbranschen med mobilitets- och s\u00e4kerhetsfunktioner<\/h3>\n<p data-start=\"1722\" data-end=\"2072\">Den h\u00e4r maskinen \u00e4r konstruerad med en f\u00f6rst\u00e4rkt gjutj\u00e4rnsram som motst\u00e5r st\u00f6tar, deformation och l\u00e5ngvarig utmattning. Dessutom levereras den med kraftiga hjul som g\u00f6r den l\u00e4tt att flytta \u00f6ver betong eller oj\u00e4mn mark. Det manuella handtaget ger b\u00e4ttre kontroll, medan s\u00e4kerhetsskydden och det \u00f6ppningsbara locket g\u00f6r underh\u00e5llet snabbt och s\u00e4kert.<\/p>\n<p data-start=\"2074\" data-end=\"2350\">GQ45 har st\u00f6d f\u00f6r flera olika sp\u00e4nningskonfigurationer, inklusive <strong data-start=\"2135\" data-end=\"2162\">220V\/380V och 50Hz\/60Hz<\/strong>vilket g\u00f6r den redo f\u00f6r internationell frakt och anv\u00e4ndning i olika l\u00e4nder. Byggproffs v\u00e4ljer den h\u00e4r maskinen f\u00f6r dess balans mellan sk\u00e4rkraft, r\u00f6rlighet och s\u00e4kerhet.<\/p>\n<h3 data-start=\"2357\" data-end=\"2416\">Varf\u00f6r v\u00e4lja GQ45 Flat Knife st\u00e5lsk\u00e4rmaskin?<\/h3>\n<ul data-start=\"2418\" data-end=\"2635\">\n<li data-start=\"2418\" data-end=\"2469\">\n<p data-start=\"2420\" data-end=\"2469\">Kapar armeringsj\u00e4rn fr\u00e5n 6 mm till 36 mm med h\u00f6g precision<\/p>\n<\/li>\n<li data-start=\"2470\" data-end=\"2532\">\n<p data-start=\"2472\" data-end=\"2532\">Idealisk f\u00f6r bygg- och anl\u00e4ggningsarbeten, broarbeten och st\u00e5lvarvsverksamhet<\/p>\n<\/li>\n<li data-start=\"2533\" data-end=\"2589\">\n<p data-start=\"2535\" data-end=\"2589\">Enkel drift, l\u00e5gt underh\u00e5ll, l\u00e5ng livsl\u00e4ngd<\/p>\n<\/li>\n<li data-start=\"2590\" data-end=\"2635\">\n<p data-start=\"2592\" data-end=\"2635\">Exportv\u00e4nlig med st\u00f6d f\u00f6r global sp\u00e4nning<\/p>\n<\/li>\n<\/ul>\n<p data-start=\"2637\" data-end=\"2778\">V\u00e4lj den <strong data-start=\"2648\" data-end=\"2691\">Armeringssk\u00e4rningsmaskin GQ45 (platt kniv)<\/strong> om du beh\u00f6ver en p\u00e5litlig, medelstor st\u00e5lfr\u00e4s som presterar varje dag under press.<\/p>\n<p><iframe title=\"#konstruktion #konstruktionsarbetare #rebar maskin #rebar sk\u00e4rmaskin #rebar sk\u00e4rmaskin #rebar sk\u00e4rmaskin #rebar\" width=\"720\" height=\"405\" src=\"https:\/\/www.youtube.com\/embed\/tdc4TA5-zRc?feature=oembed\" frameborder=\"0\" allow=\"accelerometer; autoplay; clipboard-write; encrypted-media; gyroscope; picture-in-picture; web-share\" referrerpolicy=\"strict-origin-when-cross-origin\" allowfullscreen><\/iframe><\/p>","protected":false},"excerpt":{"rendered":"<p>GQ45 Flat Knife Rebar Cutter bearbetar 6-36 mm st\u00e4nger med precision och styrka. Byggd f\u00f6r daglig anv\u00e4ndning p\u00e5 professionella byggarbetsplatser.<\/p>","protected":false},"featured_media":8916,"template":"","meta":{"_kad_post_transparent":"default","_kad_post_title":"","_kad_post_layout":"default","_kad_post_sidebar_id":"","_kad_post_content_style":"default","_kad_post_vertical_padding":"default","_kad_post_feature":"","_kad_post_feature_position":"","_kad_post_header":false,"_kad_post_footer":false},"product_brand":[],"product_cat":[51],"product_tag":[988,992,990,989,993,985,994,987,984,991,986],"class_list":{"0":"post-8915","1":"product","2":"type-product","3":"status-publish","4":"has-post-thumbnail","6":"product_cat-rebar-cutting-machine","7":"product_tag-automatic-rebar-cutter","8":"product_tag-construction-steel-bar-cutter","9":"product_tag-electric-rebar-cutting-tool","10":"product_tag-hydraulic-rebar-cutting-machine","11":"product_tag-portable-rebar-cutting-machine","12":"product_tag-rebar-cutter","13":"product_tag-rebar-cutting-machine","14":"product_tag-reinforcement-bar-cutter","15":"product_tag-steel-bar-cutting-machine","16":"product_tag-steel-rod-cutter-machine","17":"product_tag-tmt-bar-cutting-machine","19":"first","20":"instock","21":"featured","22":"shipping-taxable","23":"product-type-simple","24":"entry","25":"content-bg","26":"loop-entry"},"yoast_head":"<!-- This site is optimized with the Yoast SEO plugin v25.3.1 - https:\/\/yoast.com\/wordpress\/plugins\/seo\/ -->\n<title>Rebar Cutting Machine GQ45 (Flat knife) - HSY Construction Machinery<\/title>\n<meta name=\"description\" content=\"Rebar Cutting Machine GQ45 (Flat Knife) cuts 6\u201336mm steel bars cleanly and efficiently. Ideal for construction sites and export use.\" \/>\n<meta name=\"robots\" content=\"index, follow, max-snippet:-1, max-image-preview:large, max-video-preview:-1\" \/>\n<link rel=\"canonical\" href=\"https:\/\/www.hsymachinery.com\/sv\/produkt\/maskin-for-skarning-av-armeringsjarn-gq45-platt-kniv\/\" \/>\n<meta property=\"og:locale\" content=\"sv_SE\" \/>\n<meta property=\"og:type\" content=\"article\" \/>\n<meta property=\"og:title\" content=\"Rebar Cutting Machine GQ45 (Flat knife) - HSY Construction Machinery\" \/>\n<meta property=\"og:description\" content=\"Rebar Cutting Machine GQ45 (Flat Knife) cuts 6\u201336mm steel bars cleanly and efficiently. Ideal for construction sites and export use.\" \/>\n<meta property=\"og:url\" content=\"https:\/\/www.hsymachinery.com\/sv\/produkt\/maskin-for-skarning-av-armeringsjarn-gq45-platt-kniv\/\" \/>\n<meta property=\"og:site_name\" content=\"HSY Construction Machinery\" \/>\n<meta property=\"article:modified_time\" content=\"2025-06-25T12:44:22+00:00\" \/>\n<meta property=\"og:image\" content=\"https:\/\/www.hsymachinery.com\/wp-content\/uploads\/2025\/06\/Rebar-Cutting-Machine-GQ45-Flat-knife.jpg\" \/>\n\t<meta property=\"og:image:width\" content=\"600\" \/>\n\t<meta property=\"og:image:height\" content=\"600\" \/>\n\t<meta property=\"og:image:type\" content=\"image\/jpeg\" \/>\n<meta name=\"twitter:card\" content=\"summary_large_image\" \/>\n<meta name=\"twitter:label1\" content=\"Ber\u00e4knad l\u00e4stid\" \/>\n\t<meta name=\"twitter:data1\" content=\"2 minuter\" \/>\n<script type=\"application\/ld+json\" class=\"yoast-schema-graph\">{\"@context\":\"https:\/\/schema.org\",\"@graph\":[{\"@type\":\"WebPage\",\"@id\":\"https:\/\/www.hsymachinery.com\/product\/rebar-cutting-machine-gq45-flat-knife\/\",\"url\":\"https:\/\/www.hsymachinery.com\/product\/rebar-cutting-machine-gq45-flat-knife\/\",\"name\":\"Rebar Cutting Machine GQ45 (Flat knife) - HSY Construction Machinery\",\"isPartOf\":{\"@id\":\"https:\/\/www.hsymachinery.com\/#website\"},\"primaryImageOfPage\":{\"@id\":\"https:\/\/www.hsymachinery.com\/product\/rebar-cutting-machine-gq45-flat-knife\/#primaryimage\"},\"image\":{\"@id\":\"https:\/\/www.hsymachinery.com\/product\/rebar-cutting-machine-gq45-flat-knife\/#primaryimage\"},\"thumbnailUrl\":\"https:\/\/www.hsymachinery.com\/wp-content\/uploads\/2025\/06\/Rebar-Cutting-Machine-GQ45-Flat-knife.jpg\",\"datePublished\":\"2025-06-18T03:20:51+00:00\",\"dateModified\":\"2025-06-25T12:44:22+00:00\",\"description\":\"Rebar Cutting Machine GQ45 (Flat Knife) cuts 6\u201336mm steel bars cleanly and efficiently. Ideal for construction sites and export use.\",\"breadcrumb\":{\"@id\":\"https:\/\/www.hsymachinery.com\/product\/rebar-cutting-machine-gq45-flat-knife\/#breadcrumb\"},\"inLanguage\":\"sv-SE\",\"potentialAction\":[{\"@type\":\"ReadAction\",\"target\":[\"https:\/\/www.hsymachinery.com\/product\/rebar-cutting-machine-gq45-flat-knife\/\"]}]},{\"@type\":\"ImageObject\",\"inLanguage\":\"sv-SE\",\"@id\":\"https:\/\/www.hsymachinery.com\/product\/rebar-cutting-machine-gq45-flat-knife\/#primaryimage\",\"url\":\"https:\/\/www.hsymachinery.com\/wp-content\/uploads\/2025\/06\/Rebar-Cutting-Machine-GQ45-Flat-knife.jpg\",\"contentUrl\":\"https:\/\/www.hsymachinery.com\/wp-content\/uploads\/2025\/06\/Rebar-Cutting-Machine-GQ45-Flat-knife.jpg\",\"width\":600,\"height\":600},{\"@type\":\"BreadcrumbList\",\"@id\":\"https:\/\/www.hsymachinery.com\/product\/rebar-cutting-machine-gq45-flat-knife\/#breadcrumb\",\"itemListElement\":[{\"@type\":\"ListItem\",\"position\":1,\"name\":\"home\",\"item\":\"https:\/\/www.hsymachinery.com\/\"},{\"@type\":\"ListItem\",\"position\":2,\"name\":\"products\",\"item\":\"https:\/\/www.hsymachinery.com\/products\/\"},{\"@type\":\"ListItem\",\"position\":3,\"name\":\"Rebar Cutting Machine GQ45 (Flat knife)\"}]},{\"@type\":\"WebSite\",\"@id\":\"https:\/\/www.hsymachinery.com\/#website\",\"url\":\"https:\/\/www.hsymachinery.com\/\",\"name\":\"HSY Construction Machinery\",\"description\":\"HSY Machinery \u2013 A leading China construction machinery supplier, offering a wide range of light construction equipment. Our main products include Rebar Cutting Machine, Rebar Bending Machine, Rebar Stirrup Bending Machine, Rebar Arc Bending Machine, Rebar Straightening Machine, Five-Head Rebar Stirrup Bending Machine, Tamping Rammer, Plate Compactor, Concrete Cutter, Power Trowel, and other construction machinery. We are equipped with advanced CNC machines, and we enforce strict quality inspection standards along with comprehensive after-sales service. If you are interested in our products or services, we warmly welcome your inquiries via message.\",\"publisher\":{\"@id\":\"https:\/\/www.hsymachinery.com\/#organization\"},\"potentialAction\":[{\"@type\":\"SearchAction\",\"target\":{\"@type\":\"EntryPoint\",\"urlTemplate\":\"https:\/\/www.hsymachinery.com\/?s={search_term_string}\"},\"query-input\":{\"@type\":\"PropertyValueSpecification\",\"valueRequired\":true,\"valueName\":\"search_term_string\"}}],\"inLanguage\":\"sv-SE\"},{\"@type\":\"Organization\",\"@id\":\"https:\/\/www.hsymachinery.com\/#organization\",\"name\":\"HSY Construction Machinery\",\"url\":\"https:\/\/www.hsymachinery.com\/\",\"logo\":{\"@type\":\"ImageObject\",\"inLanguage\":\"sv-SE\",\"@id\":\"https:\/\/www.hsymachinery.com\/#\/schema\/logo\/image\/\",\"url\":\"https:\/\/www.hsymachinery.com\/wp-content\/uploads\/2025\/06\/cropped-HSY-machinery.png\",\"contentUrl\":\"https:\/\/www.hsymachinery.com\/wp-content\/uploads\/2025\/06\/cropped-HSY-machinery.png\",\"width\":600,\"height\":240,\"caption\":\"HSY Construction Machinery\"},\"image\":{\"@id\":\"https:\/\/www.hsymachinery.com\/#\/schema\/logo\/image\/\"}}]}<\/script>\n<!-- \/ Yoast SEO plugin. -->","yoast_head_json":{"title":"Armeringssk\u00e4rningsmaskin GQ45 (platt kniv) - HSY Anl\u00e4ggningsmaskiner","description":"Armeringssk\u00e4rmaskin GQ45 (platt kniv) kapar 6-36 mm st\u00e5lst\u00e4nger rent och effektivt. Idealisk f\u00f6r byggarbetsplatser och export.","robots":{"index":"index","follow":"follow","max-snippet":"max-snippet:-1","max-image-preview":"max-image-preview:large","max-video-preview":"max-video-preview:-1"},"canonical":"https:\/\/www.hsymachinery.com\/sv\/produkt\/maskin-for-skarning-av-armeringsjarn-gq45-platt-kniv\/","og_locale":"sv_SE","og_type":"article","og_title":"Rebar Cutting Machine GQ45 (Flat knife) - HSY Construction Machinery","og_description":"Rebar Cutting Machine GQ45 (Flat Knife) cuts 6\u201336mm steel bars cleanly and efficiently. Ideal for construction sites and export use.","og_url":"https:\/\/www.hsymachinery.com\/sv\/produkt\/maskin-for-skarning-av-armeringsjarn-gq45-platt-kniv\/","og_site_name":"HSY Construction Machinery","article_modified_time":"2025-06-25T12:44:22+00:00","og_image":[{"width":600,"height":600,"url":"https:\/\/www.hsymachinery.com\/wp-content\/uploads\/2025\/06\/Rebar-Cutting-Machine-GQ45-Flat-knife.jpg","type":"image\/jpeg"}],"twitter_card":"summary_large_image","twitter_misc":{"Ber\u00e4knad l\u00e4stid":"2 minuter"},"schema":{"@context":"https:\/\/schema.org","@graph":[{"@type":"WebPage","@id":"https:\/\/www.hsymachinery.com\/product\/rebar-cutting-machine-gq45-flat-knife\/","url":"https:\/\/www.hsymachinery.com\/product\/rebar-cutting-machine-gq45-flat-knife\/","name":"Armeringssk\u00e4rningsmaskin GQ45 (platt kniv) - HSY Anl\u00e4ggningsmaskiner","isPartOf":{"@id":"https:\/\/www.hsymachinery.com\/#website"},"primaryImageOfPage":{"@id":"https:\/\/www.hsymachinery.com\/product\/rebar-cutting-machine-gq45-flat-knife\/#primaryimage"},"image":{"@id":"https:\/\/www.hsymachinery.com\/product\/rebar-cutting-machine-gq45-flat-knife\/#primaryimage"},"thumbnailUrl":"https:\/\/www.hsymachinery.com\/wp-content\/uploads\/2025\/06\/Rebar-Cutting-Machine-GQ45-Flat-knife.jpg","datePublished":"2025-06-18T03:20:51+00:00","dateModified":"2025-06-25T12:44:22+00:00","description":"Armeringssk\u00e4rmaskin GQ45 (platt kniv) kapar 6-36 mm st\u00e5lst\u00e4nger rent och effektivt. Idealisk f\u00f6r byggarbetsplatser och export.","breadcrumb":{"@id":"https:\/\/www.hsymachinery.com\/product\/rebar-cutting-machine-gq45-flat-knife\/#breadcrumb"},"inLanguage":"sv-SE","potentialAction":[{"@type":"ReadAction","target":["https:\/\/www.hsymachinery.com\/product\/rebar-cutting-machine-gq45-flat-knife\/"]}]},{"@type":"ImageObject","inLanguage":"sv-SE","@id":"https:\/\/www.hsymachinery.com\/product\/rebar-cutting-machine-gq45-flat-knife\/#primaryimage","url":"https:\/\/www.hsymachinery.com\/wp-content\/uploads\/2025\/06\/Rebar-Cutting-Machine-GQ45-Flat-knife.jpg","contentUrl":"https:\/\/www.hsymachinery.com\/wp-content\/uploads\/2025\/06\/Rebar-Cutting-Machine-GQ45-Flat-knife.jpg","width":600,"height":600},{"@type":"BreadcrumbList","@id":"https:\/\/www.hsymachinery.com\/product\/rebar-cutting-machine-gq45-flat-knife\/#breadcrumb","itemListElement":[{"@type":"ListItem","position":1,"name":"home","item":"https:\/\/www.hsymachinery.com\/"},{"@type":"ListItem","position":2,"name":"products","item":"https:\/\/www.hsymachinery.com\/products\/"},{"@type":"ListItem","position":3,"name":"Rebar Cutting Machine GQ45 (Flat knife)"}]},{"@type":"WebSite","@id":"https:\/\/www.hsymachinery.com\/#website","url":"https:\/\/www.hsymachinery.com\/","name":"HSY Anl\u00e4ggningsmaskiner","description":"HSY Machinery - En ledande leverant\u00f6r av byggmaskiner i Kina som erbjuder ett brett utbud av l\u00e4tt byggutrustning. V\u00e5ra huvudprodukter inkluderar sk\u00e4rmaskin f\u00f6r armering, bockningsmaskin f\u00f6r armering, bockningsmaskin f\u00f6r armeringsj\u00e4rn, bockningsmaskin f\u00f6r armeringsb\u00e5ge, bockningsmaskin f\u00f6r armering, bockningsmaskin f\u00f6r armeringsj\u00e4rn med fem huvuden, stampstamp, plattkomprimator, betongsk\u00e4rare, murspade och andra byggmaskiner. Vi \u00e4r utrustade med avancerade CNC-maskiner och vi till\u00e4mpar strikta kvalitetsinspektionsstandarder tillsammans med omfattande kundservice. Om du \u00e4r intresserad av v\u00e5ra produkter eller tj\u00e4nster, v\u00e4lkomnar vi varmt dina f\u00f6rfr\u00e5gningar via meddelande.","publisher":{"@id":"https:\/\/www.hsymachinery.com\/#organization"},"potentialAction":[{"@type":"SearchAction","target":{"@type":"EntryPoint","urlTemplate":"https:\/\/www.hsymachinery.com\/?s={search_term_string}"},"query-input":{"@type":"PropertyValueSpecification","valueRequired":true,"valueName":"search_term_string"}}],"inLanguage":"sv-SE"},{"@type":"Organization","@id":"https:\/\/www.hsymachinery.com\/#organization","name":"HSY Anl\u00e4ggningsmaskiner","url":"https:\/\/www.hsymachinery.com\/","logo":{"@type":"ImageObject","inLanguage":"sv-SE","@id":"https:\/\/www.hsymachinery.com\/#\/schema\/logo\/image\/","url":"https:\/\/www.hsymachinery.com\/wp-content\/uploads\/2025\/06\/cropped-HSY-machinery.png","contentUrl":"https:\/\/www.hsymachinery.com\/wp-content\/uploads\/2025\/06\/cropped-HSY-machinery.png","width":600,"height":240,"caption":"HSY Construction Machinery"},"image":{"@id":"https:\/\/www.hsymachinery.com\/#\/schema\/logo\/image\/"}}]}},"_links":{"self":[{"href":"https:\/\/www.hsymachinery.com\/sv\/wp-json\/wp\/v2\/product\/8915","targetHints":{"allow":["GET"]}}],"collection":[{"href":"https:\/\/www.hsymachinery.com\/sv\/wp-json\/wp\/v2\/product"}],"about":[{"href":"https:\/\/www.hsymachinery.com\/sv\/wp-json\/wp\/v2\/types\/product"}],"version-history":[{"count":4,"href":"https:\/\/www.hsymachinery.com\/sv\/wp-json\/wp\/v2\/product\/8915\/revisions"}],"predecessor-version":[{"id":9325,"href":"https:\/\/www.hsymachinery.com\/sv\/wp-json\/wp\/v2\/product\/8915\/revisions\/9325"}],"wp:featuredmedia":[{"embeddable":true,"href":"https:\/\/www.hsymachinery.com\/sv\/wp-json\/wp\/v2\/media\/8916"}],"wp:attachment":[{"href":"https:\/\/www.hsymachinery.com\/sv\/wp-json\/wp\/v2\/media?parent=8915"}],"wp:term":[{"taxonomy":"product_brand","embeddable":true,"href":"https:\/\/www.hsymachinery.com\/sv\/wp-json\/wp\/v2\/product_brand?post=8915"},{"taxonomy":"product_cat","embeddable":true,"href":"https:\/\/www.hsymachinery.com\/sv\/wp-json\/wp\/v2\/product_cat?post=8915"},{"taxonomy":"product_tag","embeddable":true,"href":"https:\/\/www.hsymachinery.com\/sv\/wp-json\/wp\/v2\/product_tag?post=8915"}],"curies":[{"name":"wp","href":"https:\/\/api.w.org\/{rel}","templated":true}]}}